{"id":13267,"date":"2021-12-15T12:20:40","date_gmt":"2021-12-15T12:20:40","guid":{"rendered":"https:\/\/comprarseguidores.io\/politica-de-privacidad\/"},"modified":"2025-04-06T18:22:29","modified_gmt":"2025-04-06T18:22:29","slug":"politica-de-privacidad","status":"publish","type":"page","link":"https:\/\/comprarseguidores.io\/es\/politica-de-privacidad\/","title":{"rendered":"<font style=\"vertical-align: inherit;\"><font style=\"vertical-align: inherit;\">Pol\u00edtica de privacidad<\/font><\/font>"},"content":{"rendered":"\n<h1 class=\"wp-block-heading\">Pol\u00edtica de privacidad de SocialKings<\/h1>\n\n<p>En Comprar Sequidores, accesible a trav\u00e9s de comprarseguidores.io, la privacidad de nuestros visitantes es una de nuestras principales prioridades. Esta pol\u00edtica de privacidad describe los tipos de informaci\u00f3n que recoge y registra Comprar Sequidores. <\/p>\n\n<p>Si tienes m\u00e1s preguntas o necesitas m\u00e1s informaci\u00f3n sobre nuestra pol\u00edtica de privacidad, no dudes en ponerte en contacto con nosotros.<\/p>\n\n<p>Esta pol\u00edtica de privacidad s\u00f3lo se aplica a nuestras actividades en l\u00ednea y es v\u00e1lida para los visitantes de nuestro sitio web en lo que respecta a la informaci\u00f3n que han compartido y\/o recopilado en Follower Kaufen. Esta pol\u00edtica no se aplica a la informaci\u00f3n recogida fuera de l\u00ednea o a trav\u00e9s de canales distintos de este sitio web. Nuestra pol\u00edtica de privacidad fue creada con la ayuda del <a href=\"https:\/\/www.generateprivacypolicy.com\/\">Generador gratuito de pol\u00edticas de privacidad<\/a>.  <\/p>\n\n<h2 class=\"wp-block-heading\">Consentimiento<\/h2>\n\n<p>Al utilizar nuestro sitio web, aceptas nuestra pol\u00edtica de privacidad y sus condiciones.<\/p>\n\n<h2 class=\"wp-block-heading\">Informaci\u00f3n que recogemos<\/h2>\n\n<p>Los datos personales que se te piden y las razones por las que se te piden se aclarar\u00e1n en el momento en que te pidamos que facilites tus datos personales.<\/p>\n\n<p>Si te pones en contacto con nosotros directamente, podemos recibir informaci\u00f3n adicional sobre ti, como tu nombre, direcci\u00f3n de correo electr\u00f3nico, n\u00famero de tel\u00e9fono, el contenido del mensaje y\/o los archivos adjuntos que nos env\u00edes y cualquier otra informaci\u00f3n que decidas facilitarnos.<\/p>\n\n<p>Cuando te registras en una Cuenta, podemos pedirte tu informaci\u00f3n de contacto, incluyendo elementos como nombre, nombre de la empresa, direcci\u00f3n, direcci\u00f3n de correo electr\u00f3nico y n\u00famero de tel\u00e9fono.<\/p>\n\n<h2 class=\"wp-block-heading\">C\u00f3mo utilizamos tu informaci\u00f3n<\/h2>\n\n<p>Utilizamos la informaci\u00f3n que recopilamos de varias formas, entre ellas para:<\/p>\n\n<ul class=\"wp-block-list\">\n<li>Proporcionar, operar y mantener nuestro sitio web.<\/li>\n\n\n\n<li>Mejorar, personalizar y ampliar nuestro sitio web.<\/li>\n\n\n\n<li>Para comprender y analizar c\u00f3mo utilizas nuestro sitio web.<\/li>\n\n\n\n<li>Desarrollar nuevos productos, servicios, recursos y funcionalidades.<\/li>\n\n\n\n<li>Comunicarnos contigo, ya sea directamente o a trav\u00e9s de uno de nuestros socios, incluso para el servicio de atenci\u00f3n al cliente, para proporcionar actualizaciones y otra informaci\u00f3n relacionada con el sitio web y con fines de marketing y promoci\u00f3n.<\/li>\n\n\n\n<li>Procesar tus transacciones y gestionar tus solicitudes.<\/li>\n\n\n\n<li>Env\u00eda correos electr\u00f3nicos.<\/li>\n\n\n\n<li>Encontrar y prevenir el fraude.<\/li>\n<\/ul>\n\n<h2 class=\"wp-block-heading\">Archivos de registro<\/h2>\n\n<p>Comprar Seguidores sigue un procedimiento est\u00e1ndar para el uso de archivos de registro. Estos archivos registran a los visitantes cuando visitan los sitios web. Todas las empresas de alojamiento lo hacen y forma parte del an\u00e1lisis de los servicios de alojamiento. La informaci\u00f3n recogida por los archivos de registro incluye direcciones de protocolo de Internet (IP), tipo de navegador, proveedor de servicios de Internet (ISP), fecha y hora, p\u00e1ginas de referencia\/salida y posiblemente el n\u00famero de clics. Esta informaci\u00f3n no est\u00e1 vinculada a ning\u00fan dato personal identificable. La finalidad de la informaci\u00f3n es analizar tendencias, administrar el sitio, seguir los movimientos de los usuarios por el sitio y recopilar informaci\u00f3n demogr\u00e1fica.     <\/p>\n\n<h2 class=\"wp-block-heading\">Cookies y balizas web<\/h2>\n\n<p>Como cualquier otro sitio web, Comprar Segudiores utiliza &#8216;cookies&#8217;. Estas cookies se utilizan para almacenar informaci\u00f3n, incluidas las preferencias de los visitantes y las p\u00e1ginas del sitio web a las que el visitante ha accedido o visitado. La informaci\u00f3n se utiliza para optimizar la experiencia del usuario personalizando el contenido de nuestras p\u00e1ginas web en funci\u00f3n del tipo de navegador del visitante y\/u otra informaci\u00f3n.  <\/p>\n\n<h3 class=\"wp-block-heading\">Cookie DART de DoubleClick de Google<\/h3>\n\n<p>Google es uno de los proveedores externos de nuestro sitio web. Tambi\u00e9n utiliza cookies, conocidas como cookies DART, para ofrecer anuncios a los visitantes de nuestro sitio web basados en su visita a <a href=\"http:\/\/www.website.com\/\">www.website.com<\/a> y a otros sitios de Internet. Sin embargo, los visitantes pueden inhabilitar el uso de cookies DART visitando la Pol\u00edtica de Privacidad de la Red de Publicidad y Contenido de Google en la siguiente URL: <a>https:\/\/policies.google.com\/technologies\/ads.<\/a>  <\/p>\n\n<h2 class=\"wp-block-heading\">Pol\u00edticas de privacidad de los socios publicitarios<\/h2>\n\n<p>publicidad Comprar Seguidores.<\/p>\n\n<p>Los servidores o redes publicitarias de terceros utilizan tecnolog\u00edas como cookies, JavaScript o Web Beacons que se emplean en sus respectivos anuncios y enlaces que aparecen en Comprar Seguidores, y que se env\u00edan directamente a los navegadores de los usuarios. Cuando esto ocurre, reciben autom\u00e1ticamente tu direcci\u00f3n IP. Estas tecnolog\u00edas se utilizan para medir la eficacia de sus campa\u00f1as publicitarias y\/o para personalizar el contenido publicitario que ves en los sitios web que visitas.  <\/p>\n\n<p>Ten en cuenta que Comprar Seguidores no tiene acceso ni control sobre las cookies utilizadas por terceros anunciantes.<\/p>\n\n<h2 class=\"wp-block-heading\">Pol\u00edticas de privacidad de terceros<\/h2>\n\n<p>La pol\u00edtica de privacidad de Comprar Seguidores no se aplica a otros anunciantes o sitios web. Por lo tanto, te recomendamos que consultes las respectivas pol\u00edticas de privacidad de estos servidores de anuncios de terceros para obtener informaci\u00f3n m\u00e1s detallada. Puede incluir sus pr\u00e1cticas e instrucciones sobre c\u00f3mo desactivar determinadas opciones.  <\/p>\n\n<p>Puedes desactivar las cookies a trav\u00e9s de las opciones individuales de tu navegador. Para obtener informaci\u00f3n m\u00e1s detallada sobre la gesti\u00f3n de cookies con navegadores espec\u00edficos, consulta los sitios web respectivos de los navegadores. <\/p>\n\n<h2 class=\"wp-block-heading\">Derechos de privacidad de la CCPA (No vender mis datos personales)<\/h2>\n\n<p>Seg\u00fan la CCPA, los consumidores de California tienen, entre otros, los siguientes derechos:<\/p>\n\n<ul class=\"wp-block-list\">\n<li>Solicitar que una empresa que recopila datos personales de un consumidor revele las categor\u00edas y los datos personales espec\u00edficos que la empresa ha recopilado sobre los consumidores.<\/li>\n\n\n\n<li>Solicitar que una empresa elimine cualquier dato personal sobre el consumidor que la empresa haya recopilado.<\/li>\n\n\n\n<li>Solicitar que una empresa que vende los datos personales de un consumidor no venda los datos personales del consumidor.<\/li>\n<\/ul>\n\n<p>Si presentas una solicitud, tenemos un mes para responderte. Si deseas ejercer alguno de estos derechos, ponte en contacto con nosotros. <\/p>\n\n<h2 class=\"wp-block-heading\">Derechos de protecci\u00f3n de datos GDPR<\/h2>\n\n<p>Queremos asegurarnos de que eres plenamente consciente de todos tus derechos en materia de protecci\u00f3n de datos. Todo usuario tiene derecho a lo siguiente: <\/p>\n\n<ul class=\"wp-block-list\">\n<li><strong>Derecho de acceso<\/strong> &#8211; Tienes derecho a solicitar copias de tus datos personales. Podemos cobrar una peque\u00f1a tarifa por este servicio. <\/li>\n\n\n\n<li><strong>Derecho de rectificaci\u00f3n<\/strong> &#8211; Tienes derecho a solicitar que corrijamos cualquier informaci\u00f3n que consideres incorrecta. Tambi\u00e9n tienes derecho a solicitar que completemos la informaci\u00f3n que consideres incompleta. <\/li>\n\n\n\n<li><strong>Derecho de supresi\u00f3n<\/strong> &#8211; Tienes derecho a solicitar que borremos tus datos personales, en determinadas condiciones.<\/li>\n\n\n\n<li><strong>Derecho a la restricci\u00f3n del tratamiento<\/strong> &#8211; Tienes derecho a solicitar que restrinjamos el tratamiento de tus datos personales, en determinadas condiciones.<\/li>\n\n\n\n<li><strong>Derecho a oponerte<\/strong> al tratamiento &#8211; Tienes derecho a oponerte al tratamiento de tus datos personales, en determinadas condiciones.<\/li>\n\n\n\n<li><strong>Derecho a la portabilidad de los datos<\/strong> &#8211; Tienes derecho a solicitar que transfiramos los datos que recopilamos a otra organizaci\u00f3n, o directamente a ti, en determinadas condiciones.<\/li>\n<\/ul>\n\n<p>Si presentas una solicitud, tenemos un mes para responderte. Si deseas ejercer alguno de estos derechos, ponte en contacto con nosotros. <\/p>\n\n<h2 class=\"wp-block-heading\">Informaci\u00f3n para ni\u00f1os<\/h2>\n\n<p>Otra parte de nuestra prioridad es a\u00f1adir protecci\u00f3n para los menores mientras utilizan Internet. Animamos a los padres y cuidadores a que observen, participen y\/o controlen y gu\u00eden sus actividades en l\u00ednea. <\/p>\n\n<p>Buy Followers no recopila conscientemente ninguna Informaci\u00f3n Personal Identificable de ni\u00f1os menores de 13 a\u00f1os. Si crees que tu hijo ha proporcionado este tipo de informaci\u00f3n en nuestro sitio, te recomendamos encarecidamente que te pongas en contacto con nosotros inmediatamente y haremos todo lo posible para eliminar r\u00e1pidamente dicha informaci\u00f3n de nuestros registros. <\/p>\n","protected":false},"excerpt":{"rendered":"<p>Pol\u00edtica de privacidad de SocialKings En Comprar Sequidores, accesible a trav\u00e9s de comprarseguidores.io, la privacidad de nuestros visitantes es una de nuestras principales prioridades. Esta pol\u00edtica de privacidad describe los tipos de informaci\u00f3n que recoge y registra Comprar Sequidores. Si tienes m\u00e1s preguntas o necesitas m\u00e1s informaci\u00f3n sobre nuestra pol\u00edtica de privacidad, no dudes en [&hellip;]<\/p>\n","protected":false},"author":1,"featured_media":0,"parent":0,"menu_order":0,"comment_status":"closed","ping_status":"open","template":"","meta":{"footnotes":""},"class_list":["post-13267","page","type-page","status-publish","hentry"],"aioseo_notices":[],"_links":{"self":[{"href":"https:\/\/comprarseguidores.io\/es\/wp-json\/wp\/v2\/pages\/13267","targetHints":{"allow":["GET"]}}],"collection":[{"href":"https:\/\/comprarseguidores.io\/es\/wp-json\/wp\/v2\/pages"}],"about":[{"href":"https:\/\/comprarseguidores.io\/es\/wp-json\/wp\/v2\/types\/page"}],"author":[{"embeddable":true,"href":"https:\/\/comprarseguidores.io\/es\/wp-json\/wp\/v2\/users\/1"}],"replies":[{"embeddable":true,"href":"https:\/\/comprarseguidores.io\/es\/wp-json\/wp\/v2\/comments?post=13267"}],"version-history":[{"count":1,"href":"https:\/\/comprarseguidores.io\/es\/wp-json\/wp\/v2\/pages\/13267\/revisions"}],"predecessor-version":[{"id":13269,"href":"https:\/\/comprarseguidores.io\/es\/wp-json\/wp\/v2\/pages\/13267\/revisions\/13269"}],"wp:attachment":[{"href":"https:\/\/comprarseguidores.io\/es\/wp-json\/wp\/v2\/media?parent=13267"}],"curies":[{"name":"wp","href":"https:\/\/api.w.org\/{rel}","templated":true}]}}