{"id":12196,"date":"2023-08-09T18:26:36","date_gmt":"2023-08-09T18:26:36","guid":{"rendered":"https:\/\/comprarseguidores.io\/product\/comprar-vistas-de-snapchat\/"},"modified":"2025-04-06T12:03:57","modified_gmt":"2025-04-06T12:03:57","slug":"comprar-vistas-de-snapchat","status":"publish","type":"product","link":"https:\/\/comprarseguidores.io\/es\/product\/comprar-vistas-de-snapchat\/","title":{"rendered":"Comprar vistas de Snapchat"},"content":{"rendered":"\n<h2 class=\"wp-block-heading\">Comprar vistas de Snapchat<\/h2>\n\n<p>\u00bfSue\u00f1as con maximizar tu presencia en Snapchat? \u00a1D\u00e9janos ayudarte! Ofrecemos tres tipos especializados de vistas de Snapchat que garantizan que tu contenido reciba la atenci\u00f3n que merece. \u2728\ud83d\ude80   <\/p>\n\n<ol class=\"wp-block-list\">\n<li>Visualizaciones <strong>de Historias<\/strong>: Imagina que cada una de tus Historias recibe al instante 100 visualizaciones reales de usuarios alemanes. Esto puede aumentar significativamente tu credibilidad y alcance, permiti\u00e9ndote llegar exactamente al p\u00fablico adecuado. <\/li>\n\n\n\n<li>Vistas de Spotlight <strong>desde Europa<\/strong>: Snapchat Spotlight es la puerta de entrada a un nuevo mundo de entretenimiento: un espacio donde brillan los mejores v\u00eddeos de 60 segundos de los usuarios. \u00bfY si te dij\u00e9ramos que estas visualizaciones no s\u00f3lo aumentan tu presencia, sino que tambi\u00e9n pueden generar beneficios? \n<ul class=\"wp-block-list\">\n<li>S\u00f3lo tienes que introducir tu nombre de usuario, sin el s\u00edmbolo @.<\/li>\n\n\n\n<li>Las visualizaciones en la plataforma Spotlight pueden generar beneficios econ\u00f3micos.<\/li>\n\n\n\n<li>Adem\u00e1s, recibes un porcentaje extra + un porcentaje por las suscripciones a tu perfil.<\/li>\n<\/ul>\n<\/li>\n\n\n\n<li>Me <strong>gusta y visualizaciones en Spotlight<\/strong>: \u00a1Aumenta no s\u00f3lo el n\u00famero de visualizaciones, sino tambi\u00e9n los me gusta que reciben tus v\u00eddeos! Nuestro servicio garantiza que tus v\u00eddeos no s\u00f3lo se vean, sino que tambi\u00e9n gusten, fomentando una comunidad comprometida en torno a tu contenido. <\/li>\n<\/ol>\n\n<p>\u00a1Llevemos juntos tu presencia en Snapchat al siguiente nivel! \u2764\ufe0f\ud83c\udf20\ud83d\udc4f <\/p>\n\n<p><strong>Mantener un equilibrio entre Snaps, visualizaciones de Historias, seguidores, amigos y Spotlight Explore puede mejorar tus estad\u00edsticas en Snapchat y aumentar tu visibilidad en la plataforma.<\/strong><\/p>\n\n<figure class=\"wp-block-image\"><img decoding=\"async\" src=\"https:\/\/follower-kaufen.io\/wp-content\/uploads\/2024\/07\/Snapchat-views-kaufen.png\" alt=\"Comprar vistas de Snapchat\" class=\"wp-image-8475\"\/><figcaption class=\"wp-element-caption\">Comprar vistas de Snapchat<\/figcaption><\/figure>\n\n<h2 class=\"wp-block-heading\"><strong>\u00bfQu\u00e9 son las vistas en Snapchat?<\/strong><\/h2>\n\n<p>Las visualizaciones en Snapchat representan el n\u00famero de veces que tu <a href=\"https:\/\/www.lifewire.com\/what-is-a-snapchat-story-3486000\">Snaphistoria<\/a> o v\u00eddeo ha sido visto por otros usuarios. Cada vista cuenta y refleja el inter\u00e9s y la atenci\u00f3n que est\u00e1 recibiendo tu contenido en esta popular plataforma. Un mayor n\u00famero de visualizaciones no s\u00f3lo significa un mayor alcance, sino que tambi\u00e9n indica que tu contenido es atractivo y cautivador.  <\/p>\n\n<h2 class=\"wp-block-heading\"><strong>\u00bfQu\u00e9 es Snapchat Spotlight?<\/strong><\/h2>\n\n<p>Snapchat Spotlight es una funci\u00f3n similar a TikTok, que destaca los v\u00eddeos m\u00e1s divertidos de 60 segundos de los usuarios en una zona especial de la aplicaci\u00f3n. Act\u00faa como un escenario para que los creadores muestren sus mejores momentos y se conviertan en el centro de atenci\u00f3n. Spotlight es ideal para quienes quieren exponer su contenido a un p\u00fablico m\u00e1s amplio y explorar su lado creativo.  <\/p>\n\n<h2 class=\"wp-block-heading\"><strong>\u00bfC\u00f3mo ganar dinero con Snapchat?<\/strong><\/h2>\n\n<p>\u00a1Ganar dinero con Snapchat es totalmente posible! Gracias a la funci\u00f3n <a href=\"https:\/\/help.snapchat.com\/hc\/en-us\/articles\/7012271311892-What-is-Spotlight\">Spotlight<\/a>, ahora los usuarios pueden ser recompensados por su contenido viral. Si tu v\u00eddeo se hace popular en Spotlight, puedes ganar una parte de m\u00e1s de un mill\u00f3n de d\u00f3lares al d\u00eda, una cantidad distribuida por Snapchat entre los creadores de m\u00e1s \u00e9xito. Adem\u00e1s, los influencers pueden beneficiarse de asociaciones con marcas, contenido patrocinado y acuerdos publicitarios.   <\/p>\n\n<h2 class=\"wp-block-heading\"><strong>\u00bfC\u00f3mo puedes aumentar tu presencia en Snapchat?<\/strong><\/h2>\n\n<p>Mejorar tu presencia en Snapchat puede hacerse de varias maneras. En primer lugar: s\u00e9 coherente y comparte contenido de alta calidad con regularidad. Segundo: interact\u00faa con tu comunidad, responde a los comentarios y crea conexiones. Tercero: considera invertir en anuncios de Snapchat o adquirir servicios de visitas y seguidores para que tu perfil sea m\u00e1s visible y crezca m\u00e1s r\u00e1pido. Combinando estas estrategias, \u00a1ver\u00e1s c\u00f3mo tu comunidad de Snapchat crece y se involucra m\u00e1s en poco tiempo!    <\/p>\n\n<h2 class=\"wp-block-heading\">PREGUNTAS FRECUENTES<\/h2>\n\n<div data-schema-only=\"false\" class=\"wp-block-aioseo-faq\"><h3 class=\"aioseo-faq-block-question\">Quais benef\u00edcios posso esperar ao comprar visualiza\u00e7\u00f5es no Snapchat?<\/h3><div class=\"aioseo-faq-block-answer\">\n<p>Comprar visualizaciones en Snapchat puede aumentar r\u00e1pidamente la visibilidad y credibilidad de tu canal, atraer m\u00e1s participaci\u00f3n org\u00e1nica y posibles anunciantes. Esta estrategia puede acelerar el crecimiento de tu audiencia y hacer que tu perfil sea m\u00e1s atractivo para nuevos seguidores y socios comerciales. <\/p>\n<\/div><\/div>\n\n<div data-schema-only=\"false\" class=\"wp-block-aioseo-faq\"><h3 class=\"aioseo-faq-block-question\">Essas visualiza\u00e7\u00f5es no Snapchat s\u00e3o reais?<\/h3><div class=\"aioseo-faq-block-answer\">\n<p>S\u00ed, son opiniones reales en Snapchat, de cuentas activas y aut\u00e9nticas.<\/p>\n<\/div><\/div>\n\n<div data-schema-only=\"false\" class=\"wp-block-aioseo-faq\"><h3 class=\"aioseo-faq-block-question\">A compra de visualiza\u00e7\u00f5es no Snapchat \u00e9 uma pr\u00e1tica comum?<\/h3><div class=\"aioseo-faq-block-answer\">\n<p>S\u00ed, comprar visitas en Snapchat es una pr\u00e1ctica com\u00fan entre algunos usuarios y empresas que quieren aumentar r\u00e1pidamente su visibilidad y participaci\u00f3n. Sin embargo, puede no ser recomendable debido a posibles violaciones de las directrices de la plataforma y a preocupaciones sobre la autenticidad. <\/p>\n<\/div><\/div>\n\n<div data-schema-only=\"false\" class=\"wp-block-aioseo-faq\"><h3 class=\"aioseo-faq-block-question\">Quantas visualiza\u00e7\u00f5es no Snapchat devo comprar?<\/h3><div class=\"aioseo-faq-block-answer\">\n<p>El n\u00famero de visitas que debes comprar depende de tus objetivos. Si quieres un aumento r\u00e1pido de la visibilidad, compra m\u00e1s; si buscas un crecimiento gradual, compra una cantidad menor. Alinea tu compra con tu estrategia global de marketing.  <\/p>\n<\/div><\/div>\n\n<div data-schema-only=\"false\" class=\"wp-block-aioseo-faq\"><h3 class=\"aioseo-faq-block-question\">\u00c9 poss\u00edvel ser banido por comprar visualiza\u00e7\u00f5es no Snapchat?<\/h3><div class=\"aioseo-faq-block-answer\">\n<p>Comprar vistas en Snapchat a trav\u00e9s de fuentes fiables que sigan las normas de la plataforma es seguro y mantiene tu cuenta a salvo. Elige proveedores fiables para asegurarte de que recibes visitas reales y activas. <\/p>\n<\/div><\/div>\n\n<div data-schema-only=\"false\" class=\"wp-block-aioseo-faq\"><h3 class=\"aioseo-faq-block-question\">Um alto n\u00famero de visualiza\u00e7\u00f5es pode aumentar o engajamento org\u00e2nico?<\/h3><div class=\"aioseo-faq-block-answer\">\n<p>S\u00ed, en Snapchat, un elevado n\u00famero de visualizaciones puede aumentar significativamente el compromiso org\u00e1nico. Cuando tu contenido parece popular, atrae autom\u00e1ticamente a m\u00e1s espectadores, ya que la gente tiende a interactuar con contenidos que otros ya consideran interesantes. Esta mayor visibilidad puede generar m\u00e1s interacciones genuinas de los usuarios, como me gusta, comentarios y comparticiones, mejorando tu compromiso general en la plataforma.  <\/p>\n<\/div><\/div>\n\n<div data-schema-only=\"false\" class=\"wp-block-aioseo-faq\"><h3 class=\"aioseo-faq-block-question\">Por que comprar visualiza\u00e7\u00f5es no Snapchat?<\/h3><div class=\"aioseo-faq-block-answer\">\n<p>Comprar visualizaciones en Snapchat puede aumentar significativamente la visibilidad y credibilidad de tu canal, lo que se traduce en m\u00e1s participaci\u00f3n org\u00e1nica y anunciantes potenciales. Esta estrategia es especialmente ventajosa para los nuevos canales que quieren ampliar su audiencia r\u00e1pidamente. <\/p>\n<\/div><\/div>\n\n<div data-schema-only=\"false\" class=\"wp-block-aioseo-faq\"><h3 class=\"aioseo-faq-block-question\">Quanto tempo leva para ver os resultados?<\/h3><div class=\"aioseo-faq-block-answer\">\n<p>Ver\u00e1s los resultados casi inmediatamente despu\u00e9s de que se haya procesado tu pedido, normalmente en unas pocas horas.<\/p>\n<\/div><\/div>\n\n<div data-schema-only=\"false\" class=\"wp-block-aioseo-faq\"><h3 class=\"aioseo-faq-block-question\">O que fazer se meu pedido n\u00e3o for entregue?<\/h3><div class=\"aioseo-faq-block-answer\">\n<p>Si tu pedido no se entrega, comprueba la confirmaci\u00f3n del pedido y los detalles del pago para asegurarte de que todo es correcto. A continuaci\u00f3n, ponte en contacto con el servicio de atenci\u00f3n al cliente con la informaci\u00f3n de tu pedido para resolver el problema. Deber\u00edan poder ayudarte y ofrecerte una soluci\u00f3n.  <\/p>\n<\/div><\/div>\n\n<div data-schema-only=\"false\" class=\"wp-block-aioseo-faq\"><h3 class=\"aioseo-faq-block-question\">Quais m\u00e9todos de pagamento voc\u00eas oferecem?<\/h3><div class=\"aioseo-faq-block-answer\">\n<p>Ofrecemos diversos m\u00e9todos de pago, como tarjetas de cr\u00e9dito, PayPal y, en algunos casos, criptomonedas. Esta diversidad te permite elegir la opci\u00f3n m\u00e1s conveniente para tus transacciones. <\/p>\n<\/div><\/div>\n","protected":false},"excerpt":{"rendered":"<p>\ud83d\ude80 <strong>Mayor visibilidad<\/strong>: Tus historias destacan y llegan a un p\u00fablico m\u00e1s amplio.<br \/>\n\ud83d\udca1 <strong>Autenticidad<\/strong>: Aumenta la confianza y credibilidad de tu perfil.<br \/>\n\ud83c\udf31 <strong>Crecimiento org\u00e1nico<\/strong>: M\u00e1s visualizaciones atraen a nuevos seguidores e impulsan el crecimiento natural.<br \/>\n\ud83d\udcca <strong>Mayor tasa de compromiso<\/strong>: M\u00e1s interacciones significan una conexi\u00f3n m\u00e1s fuerte con tu p\u00fablico objetivo.<br \/>\n\ud83c\udfaf <strong>Alcance estrat\u00e9gico<\/strong>: Conecta de forma eficiente y eficaz con tu audiencia deseada.<br \/>\n\u2764\ufe0f <strong>Comunidad fuerte<\/strong>: Construye una comunidad apasionada y comprometida.<\/p>\n<p>Las visualizaciones en la plataforma Spotlight pueden generar beneficios.<\/p>\n<p>Adem\u00e1s, recibes un porcentaje extra + un porcentaje por las suscripciones a tu perfil.<\/p>\n<p>Las vistas en alem\u00e1n s\u00f3lo se pueden comprar en paquetes de 100. \u00bfQu\u00e9 ventajas puedo esperar de comprar vistas en Snapchat?<\/p>\n","protected":false},"featured_media":7403,"comment_status":"closed","ping_status":"closed","template":"","meta":[],"product_brand":[],"product_cat":[106],"product_tag":[],"class_list":{"0":"post-12196","1":"product","2":"type-product","3":"status-publish","4":"has-post-thumbnail","6":"product_cat-sin-categoria","8":"first","9":"instock","10":"shipping-taxable","11":"purchasable","12":"product-type-variable"},"aioseo_notices":[],"_links":{"self":[{"href":"https:\/\/comprarseguidores.io\/es\/wp-json\/wp\/v2\/product\/12196","targetHints":{"allow":["GET"]}}],"collection":[{"href":"https:\/\/comprarseguidores.io\/es\/wp-json\/wp\/v2\/product"}],"about":[{"href":"https:\/\/comprarseguidores.io\/es\/wp-json\/wp\/v2\/types\/product"}],"replies":[{"embeddable":true,"href":"https:\/\/comprarseguidores.io\/es\/wp-json\/wp\/v2\/comments?post=12196"}],"version-history":[{"count":1,"href":"https:\/\/comprarseguidores.io\/es\/wp-json\/wp\/v2\/product\/12196\/revisions"}],"predecessor-version":[{"id":12198,"href":"https:\/\/comprarseguidores.io\/es\/wp-json\/wp\/v2\/product\/12196\/revisions\/12198"}],"wp:featuredmedia":[{"embeddable":true,"href":"https:\/\/comprarseguidores.io\/es\/wp-json\/wp\/v2\/media\/7403"}],"wp:attachment":[{"href":"https:\/\/comprarseguidores.io\/es\/wp-json\/wp\/v2\/media?parent=12196"}],"wp:term":[{"taxonomy":"product_brand","embeddable":true,"href":"https:\/\/comprarseguidores.io\/es\/wp-json\/wp\/v2\/product_brand?post=12196"},{"taxonomy":"product_cat","embeddable":true,"href":"https:\/\/comprarseguidores.io\/es\/wp-json\/wp\/v2\/product_cat?post=12196"},{"taxonomy":"product_tag","embeddable":true,"href":"https:\/\/comprarseguidores.io\/es\/wp-json\/wp\/v2\/product_tag?post=12196"}],"curies":[{"name":"wp","href":"https:\/\/api.w.org\/{rel}","templated":true}]}}