{"id":12199,"date":"2023-08-08T19:36:48","date_gmt":"2023-08-08T19:36:48","guid":{"rendered":"https:\/\/comprarseguidores.io\/product\/comprar-discord-server-boost\/"},"modified":"2025-04-06T12:03:59","modified_gmt":"2025-04-06T12:03:59","slug":"comprar-discord-server-boost","status":"publish","type":"product","link":"https:\/\/comprarseguidores.io\/es\/product\/comprar-discord-server-boost\/","title":{"rendered":"Comprar Discord Server Boost"},"content":{"rendered":"\n<h2 class=\"wp-block-heading\">Comprar Discord Server Boost: multiplica por 14 en s\u00f3lo 1 mes hasta el nivel 3 \ud83d\ude80<\/h2>\n\n<p>\u00a1Dale a tu servidor Discord un tremendo impulso y disfruta de ventajas exclusivas con nuestros Server Boosts!<\/p>\n\n<p>Nuestro paquete ofrece 14 potenciadores de servidor en un mes, catapultando tu servidor Discord directamente al Nivel 3. Descubre todo un nuevo mundo de funciones y privilegios que mejoran y personalizan la experiencia de tu comunidad. <\/p>\n\n<h3 class=\"wp-block-heading\">Ventajas de alcanzar el Nivel 3 a trav\u00e9s de nuestros Potenciadores de Servidor:<\/h3>\n\n<p>\ud83c\udfa7 Calidad de audio mejorada en los canales de voz.<br\/>\ud83c\udfa8 M\u00e1s opciones de personalizaci\u00f3n, incluidos fondos personalizados e iconos animados del servidor.<br\/>\ud83d\udcbc El l\u00edmite de subida ha aumentado para todos los miembros.<br\/>\ud83c\udf10 URL \u00fanica para identificar y promocionar tu servidor.<br\/>\ud83d\udc8e Emojis y pegatinas exclusivos que encantar\u00e1n a tu comunidad.<\/p>\n\n<h2 class=\"wp-block-heading\">\u00bfPor qu\u00e9 comprarnos?<\/h2>\n\n<ul class=\"wp-block-list\">\n<li>\ud83d\ude80 Entrega r\u00e1pida: Obtienes 14 potenciadores en s\u00f3lo un mes.<\/li>\n\n\n\n<li>\ud83d\udca1 Simplicidad: Hacemos el trabajo por ti. No necesitas introducir datos manualmente. <\/li>\n\n\n\n<li>\ud83d\udee1 Seguridad: Tus datos y tu servidor permanecen 100% seguros.<\/li>\n\n\n\n<li>\ud83d\udcb0 Econ\u00f3mico: Un paquete que ofrece la mejor relaci\u00f3n calidad-precio.<\/li>\n<\/ul>\n\n<p>Con nuestras 14 ampliaciones de servidor en s\u00f3lo un mes, podr\u00e1s mejorar tu experiencia en Discord y ofrecer a tu comunidad las mejores funciones y ventajas. Invierte en calidad, eficacia y satisfacci\u00f3n de tus miembros. \u00a1Tu servidor se merece el Nivel 3!  <\/p>\n\n<p><strong>Puedes mejorar la visibilidad y las estad\u00edsticas de tu perfil de Discord equilibrando el n\u00famero de mensajes, solicitudes de amistad, miembros del servidor, potenciadores del servidor y reacciones emoji.<\/strong><\/p>\n\n<h2 class=\"wp-block-heading\">\u00bfQu\u00e9 son los potenciadores de servidor en Discord?<\/h2>\n\n<p>Los Impulsos de Servidor en Discord son una funci\u00f3n premium que permite a los miembros apoyar a sus servidores favoritos. Al potenciar un servidor, \u00e9ste recibe ventajas especiales y caracter\u00edsticas adicionales que benefician a todos los miembros del servidor. Cada impulso ayuda a acercar al servidor al siguiente nivel de impulso, desbloqueando m\u00e1s ventajas.  <\/p>\n\n<figure class=\"wp-block-image size-full\"><img fetchpriority=\"high\" decoding=\"async\" width=\"800\" height=\"600\" src=\"https:\/\/comprarseguidores.io\/wp-content\/uploads\/2024\/06\/Comprar-Discord-Server-Boost.png\" alt=\"Comprar Discord Server Boost\" class=\"wp-image-8575\" srcset=\"https:\/\/comprarseguidores.io\/wp-content\/uploads\/2024\/06\/Comprar-Discord-Server-Boost.png 800w, https:\/\/comprarseguidores.io\/wp-content\/uploads\/2024\/06\/Comprar-Discord-Server-Boost-300x225.png 300w, https:\/\/comprarseguidores.io\/wp-content\/uploads\/2024\/06\/Comprar-Discord-Server-Boost-768x576.png 768w, https:\/\/comprarseguidores.io\/wp-content\/uploads\/2024\/06\/Comprar-Discord-Server-Boost-441x331.png 441w, https:\/\/comprarseguidores.io\/wp-content\/uploads\/2024\/06\/Comprar-Discord-Server-Boost-150x113.png 150w\" sizes=\"(max-width: 800px) 100vw, 800px\" \/><figcaption class=\"wp-element-caption\">Comprar Discord Server Boost<\/figcaption><\/figure>\n\n<h2 class=\"wp-block-heading\">\u00bfQu\u00e9 significa un nivel de Discordia?<\/h2>\n\n<p>El Nivel de Discordia indica cu\u00e1ntas veces se ha potenciado un servidor y qu\u00e9 caracter\u00edsticas y ventajas adicionales se han desbloqueado como resultado. Hay tres niveles en total, y cada nivel requiere un determinado n\u00famero de potenciadores. Cada nivel superior ofrece funciones mejoradas y ventajas exclusivas, que van desde una mejor calidad de audio en los canales de voz hasta fondos personalizados para el servidor.  <\/p>\n\n<h2 class=\"wp-block-heading\">\u00bfC\u00f3mo puede alguien subir de nivel en Discordia?<\/h2>\n\n<p>Avanzar de rango en Discord suele referirse a dos cosas: los niveles de experiencia individual y los niveles de impulso del servidor. Los individuos pueden acumular puntos de experiencia enviando mensajes y participando en conversaciones, con lo que avanzan de rango. Para los servidores, avanzar de nivel depende del n\u00famero de potenciadores que hayan recibido. Cuantos m\u00e1s miembros potencien un servidor, mayor ser\u00e1 su nivel y m\u00e1s ventajas se desbloquear\u00e1n.   <\/p>\n\n<h2 class=\"wp-block-heading\">\u00bfC\u00f3mo puede ayudarte subir de nivel?<\/h2>\n\n<p>A medida que subes de nivel en Discord, puedes desbloquear recursos y ventajas adicionales para ti o para tu servidor, y esto tambi\u00e9n indica actividad y compromiso. Individualmente, alcanzar niveles de experiencia m\u00e1s altos puede conducir a insignias especiales y reconocimiento dentro de la comunidad. Para los servidores, un mayor nivel de aumento suele significar una membres\u00eda m\u00e1s comprometida y activa, ya que todos pueden disfrutar de los beneficios adicionales.  <\/p>\n\n<h2 class=\"wp-block-heading\">\u00bfC\u00f3mo puede ayudarte potenciar tu servidor?<\/h2>\n\n<p>Potenciar tu servidor puede ayudar de varias maneras. En primer lugar, proporciona beneficios directos en forma de funciones desbloqueadas, desde una calidad de audio superior a opciones de personalizaci\u00f3n m\u00e1s personalizadas. Un servidor potenciado tambi\u00e9n tiende a atraer a m\u00e1s miembros, ya que se percibe como m\u00e1s activo y comprometido. Por \u00faltimo, es una se\u00f1al de reconocimiento y apoyo por parte de los miembros, lo que ayuda a crear una comunidad m\u00e1s fuerte y unida.   <\/p>\n\n<h2 class=\"wp-block-heading\">\u00bfQu\u00e9 es un impulso en el servidor Discord?<\/h2>\n\n<p>El aumento de servidor en Discord es una funci\u00f3n de pago que permite a los miembros mejorar su servidor con ventajas y beneficios adicionales. Al potenciar un servidor, los usuarios pueden desbloquear niveles superiores de rendimiento del servidor, incluida una mejor calidad de audio, m\u00e1s espacios para emojis y mayores l\u00edmites de carga de archivos. Las opciones de personalizaci\u00f3n adicionales, como los iconos animados del servidor y los banners personalizados del servidor, est\u00e1n disponibles a medida que se aplican m\u00e1s potenciadores, lo que mejora la experiencia general de la comunidad. Los potenciadores de servidor son una forma de apoyar a tus servidores favoritos y mejorar su funcionalidad y atractivo.   <\/p>\n\n<h2 class=\"wp-block-heading\">\u00bfCu\u00e1nto cuesta 1 Refuerzo en Discordia?<\/h2>\n\n<p>Para alcanzar el nivel 3 en tu servidor de Discord en un mes, puedes optar por un paquete que incluye 14 potenciadores de servidor por 29,99 $. Este paquete especial te permite actualizar r\u00e1pidamente tu servidor al Nivel 3, desbloqueando las m\u00e1ximas ventajas, como mejor calidad de audio, m\u00e1s espacios para emojis, mayores l\u00edmites de subida de archivos y mejores opciones de personalizaci\u00f3n del servidor. <\/p>\n\n<h2 class=\"wp-block-heading\">\u00bfCu\u00e1nto dura un aumento de servidor?<\/h2>\n\n<p>Un aumento de servidor en Discord dura tanto como la suscripci\u00f3n que lo soporta. Si compras un boost mensual, durar\u00e1 un mes y tendr\u00e1s que renovarlo manualmente o mediante una suscripci\u00f3n mensual autom\u00e1tica. Del mismo modo, si tienes una suscripci\u00f3n anual que incluye potenciadores de servidor, cada potenciador durar\u00e1 todo el a\u00f1o como parte de esa suscripci\u00f3n. El refuerzo permanecer\u00e1 activo hasta que caduque o se cancele la suscripci\u00f3n.   <\/p>\n\n<h2 class=\"wp-block-heading\">\u00bfCu\u00e1ntos aumentos de servidor obtienes con Nitro?<\/h2>\n\n<p>Con una suscripci\u00f3n Discord Nitro, obtienes dos potenciadores de servidor gratuitos. Adem\u00e1s, como suscriptor Nitro, tienes derecho a un descuento del 30% en cualquier ampliaci\u00f3n de servidor adicional que decidas comprar. Esta ventaja forma parte de las ventajas m\u00e1s amplias proporcionadas por Nitro, que mejoran tu experiencia en Discord ofreciendo diversas opciones de personalizaci\u00f3n y mayores capacidades de servidor.  <\/p>\n\n<h2 class=\"wp-block-heading\">\u00bfCuesta dinero potenciar un servidor?<\/h2>\n\n<p>S\u00ed, mejorar un servidor de Discord cuesta dinero. Los boosts suelen adquirirse mediante una suscripci\u00f3n o como pagos \u00fanicos, lo que permite a los usuarios mejorar su servidor con funciones adicionales y mayores capacidades. Estos boosts proporcionan diversas ventajas, como mejor calidad de audio, m\u00e1s espacios para emojis y otras mejoras que aumentan la funcionalidad y el aspecto del servidor.  <\/p>\n\n<h2 class=\"wp-block-heading\">\u00bfQu\u00e9 hace un servidor boost?<\/h2>\n\n<p>Un \"boost\" de servidor de Discord mejora un servidor con funciones y ventajas adicionales. Cada boost mejora las capacidades del servidor, incluyendo canales de voz de mayor calidad, m\u00e1s espacios para emojis, mejor calidad de audio para las retransmisiones en directo y mayores l\u00edmites de subida de archivos. Los aumentos tambi\u00e9n desbloquean ventajas a nivel de servidor, como funciones personalizadas y banners de servidor. M\u00faltiples aumentos pueden elevar el servidor a niveles superiores, cada uno de los cuales a\u00f1ade m\u00e1s funciones y aumenta el prestigio y la funcionalidad del servidor para todos sus miembros.   <\/p>\n\n<h2 class=\"wp-block-heading\">\u00bfCu\u00e1ntos aumentos de servidor a nivel 3?<\/h2>\n\n<p>Para alcanzar el Nivel 3 en un servidor de Discord, necesitas un total de 30 potenciadores de servidor. Cada nivel proporciona ventajas y mejoras adicionales al servidor, siendo el Nivel 3 el que ofrece m\u00e1s ventajas, como el aumento de <a href=\"https:\/\/www.howtogeek.com\/discord-file-upload-size-limit-workarounds\/#:~:text=Let's%20find%20out.-,What%20Is%20Discord's%20Size%20Limit%20for%20Uploaded%20Files%3F,greeted%20with%20an%20error%20message.\">los l\u00edmites de subida<\/a> para todos los miembros, mejor calidad para las retransmisiones en directo (Go Live) y m\u00e1s opciones de personalizaci\u00f3n para el propio servidor. <\/p>\n\n<h2 class=\"wp-block-heading\">\u00bfPuedes eliminar una actualizaci\u00f3n del servidor?<\/h2>\n\n<p>S\u00ed, puedes eliminar un boost de servidor en Discord. Si has dado un boost a un servidor y decides eliminarlo, puedes ir a la configuraci\u00f3n del servidor donde aplicaste originalmente el boost y seleccionar la opci\u00f3n de eliminarlo. Esta acci\u00f3n eliminar\u00e1 el boost del servidor, y cualquier beneficio asociado a ese boost se perder\u00e1, a menos que sean reemplazados por boosts de otros usuarios.  <\/p>\n\n<h2 class=\"wp-block-heading\">\u00bfPuedo potenciar un servidor Discord dos veces?<\/h2>\n\n<p>S\u00ed, puedes potenciar un servidor de Discord m\u00e1s de una vez. Si tienes Discord Nitro, puedes aplicar varios potenciadores al mismo servidor. Cada boost aumenta el nivel del servidor, desbloqueando m\u00e1s ventajas y mejoras para el servidor y sus miembros. Es una forma de apoyar a\u00fan m\u00e1s a la comunidad de Discord y de mejorar las caracter\u00edsticas y capacidades del servidor.   <\/p>\n\n<h2 class=\"wp-block-heading\">\u00bfMerece la pena el refuerzo Discord Nitro?<\/h2>\n\n<p>Que el refuerzo Nitro de Discord merezca la pena depende de tu uso y del valor que atribuyas a las ventajas que ofrece. Los potenciadores Nitro mejoran las capacidades del servidor, proporcionando ventajas como canales de voz de mayor calidad, m\u00e1s espacios para emojis y l\u00edmites de subida mejorados. Si eres activo en comunidades que se benefician de estas caracter\u00edsticas, o si te gusta contribuir a la mejora de tus servidores favoritos, entonces un aumento Nitro podr\u00eda ser una valiosa adici\u00f3n. Considera tu nivel de compromiso y las ventajas espec\u00edficas que ofrece cada nivel de servidor antes de decidirte.   <\/p>\n\n<h2 class=\"wp-block-heading\">\u00bfC\u00f3mo gana dinero Discord?<\/h2>\n\n<p>Discord genera ingresos principalmente a trav\u00e9s de sus servicios de suscripci\u00f3n, Discord Nitro y Discord Nitro Classic, que ofrecen a los usuarios funciones mejoradas, como v\u00eddeos de alta calidad, m\u00e1s opciones de emoji, mayores cargas de archivos y potenciaci\u00f3n del servidor.<\/p>\n\n<p>Adem\u00e1s, Discord gana dinero a trav\u00e9s de los potenciadores de servidor que compran los usuarios para mejorar sus servidores favoritos con ventajas adicionales. Estas suscripciones y mejoras proporcionan el apoyo financiero necesario para mantener y desarrollar la plataforma. <\/p>\n\n<h1 class=\"wp-block-heading\">PREGUNTAS FRECUENTES<\/h1>\n\n<div data-schema-only=\"false\" class=\"wp-block-aioseo-faq\"><h3 class=\"aioseo-faq-block-question\">S\u00e3o esses impulsionamentos de servidor do Discord reais?<\/h3><div class=\"aioseo-faq-block-answer\">\n<p>S\u00ed, son aumentos de servidor de Discord de cuentas activas y aut\u00e9nticas.<\/p>\n<\/div><\/div>\n\n<div data-schema-only=\"false\" class=\"wp-block-aioseo-faq\"><h3 class=\"aioseo-faq-block-question\">Esses impulsionamentos de servidor do Discord permanecer\u00e3o para sempre?<\/h3><div class=\"aioseo-faq-block-answer\">\n<p>Los potenciadores de servidor de Discordia no permanecen en tu perfil para siempre. Duran mientras est\u00e9 activa la suscripci\u00f3n al boost. Si un usuario cancela su suscripci\u00f3n o traslada su boost a otro servidor, el boost dejar\u00e1 de aplicarse, y el servidor perder\u00e1 los beneficios asociados, a menos que sean sustituidos por boosts de otros miembros.  <\/p>\n<\/div><\/div>\n\n<div data-schema-only=\"false\" class=\"wp-block-aioseo-faq\"><h3 class=\"aioseo-faq-block-question\">Quais benef\u00edcios posso esperar ao comprar um impulsionamento de servidor no Discord?<\/h3><div class=\"aioseo-faq-block-answer\">\n<p>Comprar potenciadores de servidor en Discord puede ampliar eficazmente tu red al mejorar la apariencia de un perfil activo y popular. Esta mayor visibilidad puede atraer a m\u00e1s usuarios genuinos, mejorando el compromiso y fomentando las interacciones de la comunidad dentro de tu servidor. <\/p>\n<\/div><\/div>\n\n<div data-schema-only=\"false\" class=\"wp-block-aioseo-faq\"><h3 class=\"aioseo-faq-block-question\">\u00c9 poss\u00edvel enfrentar uma proibi\u00e7\u00e3o por comprar um impulsionamento de servidor no Discord?<\/h3><div class=\"aioseo-faq-block-answer\">\n<p>Comprar refuerzos de servidor a sitios que siguen las directrices de Discord puede ser seguro, ya que estos proveedores garantizan que sus servicios cumplen las normas de la plataforma. Este cumplimiento ayuda a que la participaci\u00f3n sea leg\u00edtima, minimizando el riesgo de sanciones o bloqueos en tu cuenta. <\/p>\n<\/div><\/div>\n\n<div data-schema-only=\"false\" class=\"wp-block-aioseo-faq\"><h3 class=\"aioseo-faq-block-question\">Quanto tempo levar\u00e1 at\u00e9 eu ver resultados?<\/h3><div class=\"aioseo-faq-block-answer\">\n<p>Ver\u00e1s los resultados casi inmediatamente despu\u00e9s de que se haya procesado tu pedido, normalmente en unas pocas horas.<\/p>\n<\/div><\/div>\n\n<div data-schema-only=\"false\" class=\"wp-block-aioseo-faq\"><h3 class=\"aioseo-faq-block-question\">Um grande n\u00famero de impulsionamentos de servidor pode levar a um aumento no engajamento org\u00e2nico?<\/h3><div class=\"aioseo-faq-block-answer\">\n<p>S\u00ed, un gran n\u00famero de server boosts en Discord puede aumentar el compromiso org\u00e1nico al mejorar las caracter\u00edsticas del servidor, haci\u00e9ndolo m\u00e1s atractivo y agradable para los miembros. Esta experiencia mejorada puede atraer a nuevos usuarios y fomentar una participaci\u00f3n m\u00e1s activa entre los miembros existentes. <\/p>\n<\/div><\/div>\n\n<div data-schema-only=\"false\" class=\"wp-block-aioseo-faq\"><h3 class=\"aioseo-faq-block-question\">Quantos impulsionamentos de servidor do Discord devo comprar?<\/h3><div class=\"aioseo-faq-block-answer\">\n<p>El n\u00famero de aumentos de servidor de Discord que debes comprar depende de las ventajas espec\u00edficas que quieras para tu servidor. Cada nivel de boost de servidor desbloquea ventajas adicionales, as\u00ed que considera qu\u00e9 caracter\u00edsticas son m\u00e1s valiosas para ti y tu comunidad. Por ejemplo, para alcanzar el Nivel 1, necesitas 2 potenciadores, el Nivel 2 requiere 15 potenciadores y el Nivel 3 requiere 30 potenciadores. Eval\u00faa tu presupuesto y el nivel de mejora que deseas para tu servidor para decidir el n\u00famero adecuado de potenciadores.   <\/p>\n<\/div><\/div>\n\n<div data-schema-only=\"false\" class=\"wp-block-aioseo-faq\"><h3 class=\"aioseo-faq-block-question\">O que fazer se meu pedido n\u00e3o for entregue?<\/h3><div class=\"aioseo-faq-block-answer\">\n<p>Si tu pedido no se entrega, comprueba la confirmaci\u00f3n del pedido y los detalles del pago para asegurarte de que todo es correcto. A continuaci\u00f3n, ponte en contacto con el servicio de atenci\u00f3n al cliente con la informaci\u00f3n de tu pedido para resolver el problema. Deber\u00edan poder ayudarte y ofrecerte una soluci\u00f3n.  <\/p>\n<\/div><\/div>\n\n<div data-schema-only=\"false\" class=\"wp-block-aioseo-faq\"><h3 class=\"aioseo-faq-block-question\">Quais m\u00e9todos de pagamento voc\u00ea oferece?<\/h3><div class=\"aioseo-faq-block-answer\">\n<p>Ofrecemos diversos m\u00e9todos de pago, como tarjetas de cr\u00e9dito, PayPal y, en algunos casos, criptomonedas. Esta variedad te permite elegir la opci\u00f3n m\u00e1s conveniente para tus transacciones. <\/p>\n<\/div><\/div>\n\n<div data-schema-only=\"false\" class=\"wp-block-aioseo-faq\"><h3 class=\"aioseo-faq-block-question\">Por que voc\u00ea deve comprar impulsionamento de servidor do Discord?<\/h3><div class=\"aioseo-faq-block-answer\">\n<p>Comprar boosts para servidores Discord mejora las caracter\u00edsticas del servidor, como la calidad del audio, los l\u00edmites de subida y los emojis personalizados, lo que mejora la experiencia general del usuario. Los boosts tambi\u00e9n pueden aumentar la visibilidad del servidor y atraer a m\u00e1s miembros, fomentando una atm\u00f3sfera comunitaria vibrante. <\/p>\n<\/div><\/div>\n\n<p><\/p>\n\n<div data-schema-only=\"false\" class=\"wp-block-aioseo-faq\"><h3 class=\"aioseo-faq-block-question\"><\/h3><div class=\"aioseo-faq-block-answer\">\n<p><\/p>\n<\/div><\/div>\n","protected":false},"excerpt":{"rendered":"<p>\ud83d\udd17 Tienes que introducir el enlace de conexi\u00f3n del servidor.<br \/>\ud83d\udcac Ejemplo de enlace: https:\/\/discord.gg\/xxxxxx<br \/>\u2705 Se a\u00f1adir\u00e1n miembros a tu servidor y se realizar\u00e1 un boost.<br \/>\u2757 Si los miembros que iniciaron el impulso son eliminados del servidor, el impulso se cancelar\u00e1.<br \/>\ud83d\udd13 El servidor no debe tener \"Verificaci\u00f3n de miembros bot\" ni \"Bloqueador de spam bot\".<br \/>\ud83d\udd13 El nivel de verificaci\u00f3n debe estar desactivado.<br \/>\u2757 No hay reembolsos\/reemplazos por eliminaci\u00f3n de invitaciones o l\u00edmites de invitaciones.<\/p>\n","protected":false},"featured_media":7401,"comment_status":"closed","ping_status":"closed","template":"","meta":[],"product_brand":[],"product_cat":[107],"product_tag":[],"class_list":{"0":"post-12199","1":"product","2":"type-product","3":"status-publish","4":"has-post-thumbnail","6":"product_cat-discordia","8":"first","9":"instock","10":"shipping-taxable","11":"purchasable","12":"product-type-variable"},"aioseo_notices":[],"_links":{"self":[{"href":"https:\/\/comprarseguidores.io\/es\/wp-json\/wp\/v2\/product\/12199","targetHints":{"allow":["GET"]}}],"collection":[{"href":"https:\/\/comprarseguidores.io\/es\/wp-json\/wp\/v2\/product"}],"about":[{"href":"https:\/\/comprarseguidores.io\/es\/wp-json\/wp\/v2\/types\/product"}],"replies":[{"embeddable":true,"href":"https:\/\/comprarseguidores.io\/es\/wp-json\/wp\/v2\/comments?post=12199"}],"version-history":[{"count":1,"href":"https:\/\/comprarseguidores.io\/es\/wp-json\/wp\/v2\/product\/12199\/revisions"}],"predecessor-version":[{"id":12211,"href":"https:\/\/comprarseguidores.io\/es\/wp-json\/wp\/v2\/product\/12199\/revisions\/12211"}],"wp:featuredmedia":[{"embeddable":true,"href":"https:\/\/comprarseguidores.io\/es\/wp-json\/wp\/v2\/media\/7401"}],"wp:attachment":[{"href":"https:\/\/comprarseguidores.io\/es\/wp-json\/wp\/v2\/media?parent=12199"}],"wp:term":[{"taxonomy":"product_brand","embeddable":true,"href":"https:\/\/comprarseguidores.io\/es\/wp-json\/wp\/v2\/product_brand?post=12199"},{"taxonomy":"product_cat","embeddable":true,"href":"https:\/\/comprarseguidores.io\/es\/wp-json\/wp\/v2\/product_cat?post=12199"},{"taxonomy":"product_tag","embeddable":true,"href":"https:\/\/comprarseguidores.io\/es\/wp-json\/wp\/v2\/product_tag?post=12199"}],"curies":[{"name":"wp","href":"https:\/\/api.w.org\/{rel}","templated":true}]}}