{"id":12200,"date":"2023-08-11T20:14:22","date_gmt":"2023-08-11T20:14:22","guid":{"rendered":"https:\/\/comprarseguidores.io\/product\/comprar-likes-en-linkedin\/"},"modified":"2025-04-06T12:04:00","modified_gmt":"2025-04-06T12:04:00","slug":"comprar-likes-en-linkedin","status":"publish","type":"product","link":"https:\/\/comprarseguidores.io\/es\/product\/comprar-likes-en-linkedin\/","title":{"rendered":"Comprar likes en Linkedin"},"content":{"rendered":"\n<p><strong>Comprar me gusta en LinkedIn: \u00a1aumenta tu visibilidad!<\/strong><\/p>\n\n<p>Con nuestros Me gusta de LinkedIn de alta calidad, puedes dar a tus publicaciones el protagonismo que se merecen, aumentando tu visibilidad y credibilidad en la plataforma. Haz que cada uno de tus contenidos destaque y atraiga la atenci\u00f3n de un p\u00fablico m\u00e1s activo y amplio. <\/p>\n\n<h3 class=\"wp-block-heading\">Ventajas:<\/h3>\n\n<ul class=\"wp-block-list\">\n<li>\ud83d\ude80<strong> Aumento instant\u00e1neo de la visibilidad:<\/strong> Con m\u00e1s Me gusta, tus publicaciones ganan relevancia y se muestran m\u00e1s a menudo.<\/li>\n\n\n\n<li>\ud83c\udfaf<strong> Interacci\u00f3n dirigida:<\/strong> Nuestros \"Me gusta\" proceden de usuarios reales y activos de LinkedIn.<\/li>\n\n\n\n<li>\ud83c\udf1f<strong> Generar confianza:<\/strong> Un gran n\u00famero de \"me gusta\" hace que tu contenido sea m\u00e1s digno de confianza y aut\u00e9ntico.<\/li>\n\n\n\n<li>\ud83d\udcc8<strong> Fomentar la participaci\u00f3n: <\/strong>Cuanta m\u00e1s interacci\u00f3n reciban tus publicaciones, m\u00e1s probable ser\u00e1 que otros usuarios tambi\u00e9n interact\u00faen.<\/li>\n<\/ul>\n\n<h2 class=\"wp-block-heading\"><strong>\u00bfQu\u00e9 son los \"Me gusta\" de LinkedIn?<\/strong><\/h2>\n\n<p><br\/>Los Me gusta en LinkedIn son signos de reconocimiento y acuerdo con una publicaci\u00f3n, art\u00edculo o comentario. Un me gusta muestra que alguien valora el contenido y est\u00e1 de acuerdo con lo que se presenta. <\/p>\n\n<figure class=\"wp-block-image size-full\"><img fetchpriority=\"high\" decoding=\"async\" width=\"800\" height=\"600\" src=\"https:\/\/comprarseguidores.io\/wp-content\/uploads\/2024\/06\/Compre-curtidas-no-Linkedin.png\" alt=\"Comprar likes en Linkedin\" class=\"wp-image-8530\" srcset=\"https:\/\/comprarseguidores.io\/wp-content\/uploads\/2024\/06\/Compre-curtidas-no-Linkedin.png 800w, https:\/\/comprarseguidores.io\/wp-content\/uploads\/2024\/06\/Compre-curtidas-no-Linkedin-300x225.png 300w, https:\/\/comprarseguidores.io\/wp-content\/uploads\/2024\/06\/Compre-curtidas-no-Linkedin-768x576.png 768w, https:\/\/comprarseguidores.io\/wp-content\/uploads\/2024\/06\/Compre-curtidas-no-Linkedin-441x331.png 441w, https:\/\/comprarseguidores.io\/wp-content\/uploads\/2024\/06\/Compre-curtidas-no-Linkedin-150x113.png 150w\" sizes=\"(max-width: 800px) 100vw, 800px\" \/><\/figure>\n\n<p><\/p>\n\n<h2 class=\"wp-block-heading\"><strong>\u00bfPuedo comprar \"Me gusta\" para LinkedIn?<\/strong><\/h2>\n\n<p>S\u00ed, puedes comprar \"Me gusta\" para LinkedIn. Esto puede ayudarte a aumentar la visibilidad y relevancia de tu contenido en la plataforma. <\/p>\n\n<h2 class=\"wp-block-heading\"><strong>\u00bfC\u00f3mo consigo muchos <strong>me gusta <\/strong>en LinkedIn de forma org\u00e1nica?<\/strong><\/h2>\n\n<p>Para conseguir likes org\u00e1nicos en LinkedIn, necesitas crear contenido de alta calidad, interactuar regularmente con tu audiencia y establecer relaciones con personas influyentes y l\u00edderes del sector. Tambi\u00e9n es importante abordar temas de actualidad y tendencias que interesen a tu comunidad. <\/p>\n\n<p>Para conseguir muchos \"me gusta\" org\u00e1nicos en LinkedIn, c\u00e9ntrate en estrategias que mejoren la calidad y visibilidad de tu contenido:<\/p>\n\n<ol class=\"wp-block-list\">\n<li><strong>Publica contenido valioso<\/strong>: Comparte publicaciones perspicaces, informativas o atractivas que sean relevantes para tu sector. Esto puede incluir art\u00edculos, noticias del sector, art\u00edculos de liderazgo intelectual o consejos pr\u00e1cticos. <\/li>\n\n\n\n<li><strong>Optimiza las horas de publicaci\u00f3n<\/strong>: Comparte tus contenidos cuando tu audiencia est\u00e9 m\u00e1s activa en LinkedIn. Normalmente, las horas laborables de los d\u00edas laborables son las de mayor participaci\u00f3n. <\/li>\n\n\n\n<li>Interact\u00faa <strong>con tu red<\/strong>: Interact\u00faa activamente con las publicaciones de otros usuarios d\u00e1ndoles a me gusta, coment\u00e1ndolas y comparti\u00e9ndolas. El compromiso rec\u00edproco suele animar a otros a interactuar con tu contenido. <\/li>\n\n\n\n<li><strong>Utiliza hashtags:<\/strong> Incluye hashtags relevantes para que tus publicaciones sean m\u00e1s descubribles por los interesados en temas espec\u00edficos.<\/li>\n\n\n\n<li><strong>Incluye elementos visuales:<\/strong> Las publicaciones con im\u00e1genes, v\u00eddeos o infograf\u00edas suelen atraer m\u00e1s likes y comentarios. Aseg\u00farate de que los elementos visuales sean profesionales y relevantes. <\/li>\n\n\n\n<li><strong>Haz preguntas:<\/strong> Fomenta la interacci\u00f3n terminando las publicaciones con una pregunta o llamada a la acci\u00f3n que invite a responder.<\/li>\n\n\n\n<li><strong>Etiqueta a las conexiones:<\/strong> De vez en cuando etiqueta a conexiones relevantes o personas influyentes que puedan a\u00f1adir valor al debate. Esto puede ampliar el alcance de tus publicaciones. <\/li>\n\n\n\n<li><strong>Promociona el contenido en otros lugares<\/strong>: Comparte tus publicaciones de LinkedIn en otras plataformas de redes sociales o incluye enlaces en correos electr\u00f3nicos para aumentar la visibilidad.<\/li>\n<\/ol>\n\n<h2 class=\"wp-block-heading\"><strong>\u00bfC\u00f3mo puede ayudarme comprar likes?<\/strong><\/h2>\n\n<p>Comprar likes puede aumentar la visibilidad inicial de tus publicaciones, lo que a su vez hace que m\u00e1s usuarios las vean y reaccionen a ellas. Tambi\u00e9n puede mejorar la confianza y credibilidad en tu marca o estatus profesional, mostrando que tu contenido es valorado por los dem\u00e1s. <\/p>\n\n<h2 class=\"wp-block-heading\">\u00bfC\u00f3mo puedo comprar \"Me gusta\" en LinkedIn?<\/h2>\n\n<p>Los \"Me gusta\" para LinkedIn se pueden comprar a trav\u00e9s de varios proveedores de servicios online. Es importante elegir un proveedor fiable que proporcione \"Me gusta\" aut\u00e9nticos y genuinos para garantizar que tu perfil no se vea afectado negativamente. <\/p>\n\n<h2 class=\"wp-block-heading\">\u00bfPor qu\u00e9 comprarseguidores.io es el mejor sitio para comprar likes de LinkedIn?<\/h2>\n\n<p>Follower-kaufen.io marca la pauta cuando se trata de comprar Me Gusta en LinkedIn. Aqu\u00ed tienes algunas razones por las que la plataforma destaca sobre las dem\u00e1s: <\/p>\n\n<ol class=\"wp-block-list\">\n<li><strong>Interacciones reales:<\/strong> En comprarseguidores.io, los clientes no reciben likes artificiales o gen\u00e9ricos. Ofrecen exclusivamente interacciones reales de perfiles aut\u00e9nticos de LinkedIn. <\/li>\n\n\n\n<li><strong>La seguridad es lo primero<\/strong>: La seguridad del perfil del cliente es una prioridad. El equipo utiliza m\u00e9todos probados para garantizar que tu cuenta de LinkedIn est\u00e9 protegida con cada compra. <\/li>\n\n\n\n<li><strong>Entrega r\u00e1pida: <\/strong>A nadie le gusta esperar. Follower-kaufen.io lo entiende y entrega likes en un tiempo r\u00e9cord. <\/li>\n\n\n\n<li><strong>Servicio transparente<\/strong>: En cada fase del proceso de compra, sabes exactamente lo que obtienes. No hay gastos ocultos ni sorpresas. <\/li>\n\n\n\n<li><strong>Excelente servicio de atenci\u00f3n al cliente:<\/strong> Si tienes alguna pregunta o duda, tienes a tu disposici\u00f3n un equipo de asistencia especializado, con el objetivo de proporcionar a cada cliente una experiencia de compra de primera clase.<\/li>\n<\/ol>\n\n<p>En resumen, comprarseguidores.io no es s\u00f3lo otra plataforma para comprar LinkedIn Likes: es la mejor opci\u00f3n por su calidad, seguridad y fiabilidad.<\/p>\n\n<h1 class=\"wp-block-heading\">PREGUNTAS FRECUENTES<\/h1>\n\n<div data-schema-only=\"false\" class=\"wp-block-aioseo-faq\"><h3 class=\"aioseo-faq-block-question\">A compra de curtidas \u00e9 uma a\u00e7\u00e3o frequentemente praticada?<\/h3><div class=\"aioseo-faq-block-answer\">\n<p>S\u00ed, comprar \"Me gusta\" es una pr\u00e1ctica que algunas personas y empresas llevan a cabo en LinkedIn para aumentar r\u00e1pidamente la popularidad percibida y la participaci\u00f3n de su contenido. Este enfoque se utiliza para crear una impresi\u00f3n de mayor credibilidad y, potencialmente, activar los algoritmos de la plataforma para favorecer su contenido, aunque generalmente no se recomienda debido a las preocupaciones sobre la autenticidad y las posibles violaciones de las condiciones de servicio de LinkedIn. <\/p>\n<\/div><\/div>\n\n<div data-schema-only=\"false\" class=\"wp-block-aioseo-faq\"><h3 class=\"aioseo-faq-block-question\">Um grande n\u00famero de curtidas pode levar a um aumento no engajamento org\u00e2nico?<\/h3><div class=\"aioseo-faq-block-answer\">\n<p>S\u00ed, un gran n\u00famero de \"Me gusta\" en LinkedIn puede impulsar la participaci\u00f3n org\u00e1nica. Los Me gusta aumentan la visibilidad en los feeds, atrayendo m\u00e1s visitas, comentarios y comparticiones, ampliando as\u00ed tu alcance en la plataforma. <\/p>\n<\/div><\/div>\n\n<div data-schema-only=\"false\" class=\"wp-block-aioseo-faq\"><h3 class=\"aioseo-faq-block-question\">Quais benef\u00edcios posso esperar ao comprar curtidas no LinkedIn?<\/h3><div class=\"aioseo-faq-block-answer\">\n<p>Comprar \"Me gusta\" en LinkedIn puede aumentar la visibilidad y credibilidad de tu contenido, ya que las publicaciones con m\u00e1s \"Me gusta\" suelen aparecer de forma m\u00e1s destacada en los feeds y atraer m\u00e1s participaci\u00f3n. Este r\u00e1pido impulso puede ayudar a alcanzar r\u00e1pidamente los objetivos de crecimiento, aunque la participaci\u00f3n genuina sigue siendo crucial para un \u00e9xito sostenido. <\/p>\n<\/div><\/div>\n\n<div data-schema-only=\"false\" class=\"wp-block-aioseo-faq\"><h3 class=\"aioseo-faq-block-question\">Em quanto tempo verei resultados?<\/h3><div class=\"aioseo-faq-block-answer\">\n<p>Ver\u00e1s los resultados casi inmediatamente despu\u00e9s de que se haya procesado tu pedido, normalmente en unas pocas horas.<\/p>\n<\/div><\/div>\n\n<div data-schema-only=\"false\" class=\"wp-block-aioseo-faq\"><h3 class=\"aioseo-faq-block-question\">Por que devo comprar curtidas no LinkedIn?<\/h3><div class=\"aioseo-faq-block-answer\">\n<p>Comprar Me gusta en LinkedIn puede aumentar la visibilidad y credibilidad de tu perfil, lo que se traduce en m\u00e1s interacciones y seguidores. Este mayor compromiso mejora el rendimiento de tu contenido en los algoritmos de LinkedIn, facilitando el crecimiento de tu perfil. <\/p>\n<\/div><\/div>\n\n<div data-schema-only=\"false\" class=\"wp-block-aioseo-faq\"><h3 class=\"aioseo-faq-block-question\">Essas s\u00e3o curtidas reais do LinkedIn?<\/h3><div class=\"aioseo-faq-block-answer\">\n<p>S\u00ed, son \"Me gusta\" reales de LinkedIn de cuentas activas y aut\u00e9nticas.<\/p>\n<\/div><\/div>\n\n<div data-schema-only=\"false\" class=\"wp-block-aioseo-faq\"><h3 class=\"aioseo-faq-block-question\">\u00c9 poss\u00edvel enfrentar uma proibi\u00e7\u00e3o por comprar curtidas no LinkedIn?<\/h3><div class=\"aioseo-faq-block-answer\">\n<p>Comprar \"Me gusta\" de LinkedIn a proveedores de confianza suele ser seguro, ya que siguen las directrices de LinkedIn. Estos proveedores ofrecen un compromiso aut\u00e9ntico, minimizan el riesgo de sanciones o suspensiones y ayudan a mantener la integridad de tu perfil. <\/p>\n<\/div><\/div>\n\n<div data-schema-only=\"false\" class=\"wp-block-aioseo-faq\"><h3 class=\"aioseo-faq-block-question\">Quantas curtidas do LinkedIn devo comprar?<\/h3><div class=\"aioseo-faq-block-answer\">\n<p>Empieza comprando un peque\u00f1o n\u00famero de \"Me gusta\" de LinkedIn para evaluar su efecto sobre la participaci\u00f3n y el crecimiento. Si tienes \u00e9xito, incrementa tu compra para aumentar la visibilidad y atraer seguidores org\u00e1nicos. Perfecciona continuamente tu estrategia en funci\u00f3n de tus objetivos y de los comentarios del p\u00fablico.  <\/p>\n<\/div><\/div>\n\n<div data-schema-only=\"false\" class=\"wp-block-aioseo-faq\"><h3 class=\"aioseo-faq-block-question\">O que fazer se meu pedido n\u00e3o for entregue?<\/h3><div class=\"aioseo-faq-block-answer\">\n<p>Si tu pedido no se entrega, comprueba la confirmaci\u00f3n del pedido y los detalles del pago para asegurarte de que todo es correcto. A continuaci\u00f3n, ponte en contacto con el servicio de atenci\u00f3n al cliente con la informaci\u00f3n de tu pedido para resolver el problema. Deber\u00edan poder ayudarte y ofrecerte una soluci\u00f3n.  <\/p>\n<\/div><\/div>\n\n<div data-schema-only=\"false\" class=\"wp-block-aioseo-faq\"><h3 class=\"aioseo-faq-block-question\">Quais m\u00e9todos de pagamento voc\u00ea oferece?<\/h3><div class=\"aioseo-faq-block-answer\">\n<p>Ofrecemos diversos m\u00e9todos de pago, como tarjetas de cr\u00e9dito, PayPal y, en algunos casos, criptomonedas. Esta variedad te permite elegir la opci\u00f3n m\u00e1s conveniente para tus transacciones. <\/p>\n<\/div><\/div>\n","protected":false},"excerpt":{"rendered":"<p>Compra Me Gusta en LinkedIn y destaca!<\/p>\n<p>Aumenta la relevancia de tus publicaciones con Me Gusta reales y posici\u00f3nate como experto del sector.<\/p>\n<p><strong>Beneficios<\/strong>:<\/p>\n<p>\ud83d\ude80 Aumento inmediato de la visibilidad<br \/>\ud83c\udfaf Interacciones reales<br \/>\ud83c\udf1f Creaci\u00f3n de confianza a trav\u00e9s de la calidad<br \/>\ud83d\udcc8 Aumento del compromiso de los usuarios<\/p>\n","protected":false},"featured_media":7510,"comment_status":"closed","ping_status":"closed","template":"","meta":[],"product_brand":[],"product_cat":[108],"product_tag":[],"class_list":{"0":"post-12200","1":"product","2":"type-product","3":"status-publish","4":"has-post-thumbnail","6":"product_cat-linkedin-es","8":"first","9":"instock","10":"shipping-taxable","11":"purchasable","12":"product-type-variable"},"aioseo_notices":[],"_links":{"self":[{"href":"https:\/\/comprarseguidores.io\/es\/wp-json\/wp\/v2\/product\/12200","targetHints":{"allow":["GET"]}}],"collection":[{"href":"https:\/\/comprarseguidores.io\/es\/wp-json\/wp\/v2\/product"}],"about":[{"href":"https:\/\/comprarseguidores.io\/es\/wp-json\/wp\/v2\/types\/product"}],"replies":[{"embeddable":true,"href":"https:\/\/comprarseguidores.io\/es\/wp-json\/wp\/v2\/comments?post=12200"}],"version-history":[{"count":1,"href":"https:\/\/comprarseguidores.io\/es\/wp-json\/wp\/v2\/product\/12200\/revisions"}],"predecessor-version":[{"id":12216,"href":"https:\/\/comprarseguidores.io\/es\/wp-json\/wp\/v2\/product\/12200\/revisions\/12216"}],"wp:featuredmedia":[{"embeddable":true,"href":"https:\/\/comprarseguidores.io\/es\/wp-json\/wp\/v2\/media\/7510"}],"wp:attachment":[{"href":"https:\/\/comprarseguidores.io\/es\/wp-json\/wp\/v2\/media?parent=12200"}],"wp:term":[{"taxonomy":"product_brand","embeddable":true,"href":"https:\/\/comprarseguidores.io\/es\/wp-json\/wp\/v2\/product_brand?post=12200"},{"taxonomy":"product_cat","embeddable":true,"href":"https:\/\/comprarseguidores.io\/es\/wp-json\/wp\/v2\/product_cat?post=12200"},{"taxonomy":"product_tag","embeddable":true,"href":"https:\/\/comprarseguidores.io\/es\/wp-json\/wp\/v2\/product_tag?post=12200"}],"curies":[{"name":"wp","href":"https:\/\/api.w.org\/{rel}","templated":true}]}}