{"id":12210,"date":"2023-08-12T06:13:56","date_gmt":"2023-08-12T06:13:56","guid":{"rendered":"https:\/\/comprarseguidores.io\/product\/comprar-comentarios-de-linkedin\/"},"modified":"2025-04-06T12:04:01","modified_gmt":"2025-04-06T12:04:01","slug":"comprar-comentarios-de-linkedin","status":"publish","type":"product","link":"https:\/\/comprarseguidores.io\/es\/product\/comprar-comentarios-de-linkedin\/","title":{"rendered":"Comprar comentarios de LinkedIn"},"content":{"rendered":"\n<h2 class=\"wp-block-heading\">Comprar comentarios en LinkedIn<\/h2>\n\n<p>\u00bfQuieres aumentar la credibilidad y visibilidad de tus publicaciones en LinkedIn? Con nuestros comentarios aut\u00e9nticos de LinkedIn, \u00a1podr\u00e1s conseguirlo! Aumenta la interacci\u00f3n e inicia debates que pongan tu marca en el punto de mira.  <\/p>\n\n<p><em>Ventajas:<\/em><\/p>\n\n<ul class=\"wp-block-list\">\n<li><strong>Autenticidad:<\/strong> Cada comentario procede de un perfil real de LinkedIn, lo que aumenta la credibilidad de tus publicaciones.<\/li>\n\n\n\n<li><strong>Impulso a los debates:<\/strong> M\u00e1s comentarios fomentan m\u00e1s debates, aumentando la visibilidad y el alcance de tus publicaciones.<\/li>\n\n\n\n<li><strong>Personalizaci\u00f3n:<\/strong> Los comentarios pueden adaptarse a tu contenido para promover interacciones naturales.<\/li>\n\n\n\n<li><strong>Sencillo proceso de compra:<\/strong> Con s\u00f3lo unos clics, puedes pedir el n\u00famero deseado de comentarios y aumentar el engagement en LinkedIn.<\/li>\n\n\n\n<li><strong>Transacciones seguras:<\/strong> La privacidad y la seguridad de tu cuenta son nuestras principales prioridades.<\/li>\n<\/ul>\n\n<p>Invierte en comentarios aut\u00e9nticos en LinkedIn y posici\u00f3nate como l\u00edder de opini\u00f3n en tu sector.<\/p>\n\n<p>En el mundo digital actual, LinkedIn desempe\u00f1a un papel central en la creaci\u00f3n de redes profesionales y en el sector <a href=\"https:\/\/www.investopedia.com\/terms\/b\/btob.asp\">B2B<\/a>. La interacci\u00f3n y el compromiso con tu contenido son clave para determinar tu visibilidad e influencia en la plataforma. Uno de los principales factores para aumentar este compromiso son los comentarios, que no s\u00f3lo promueven la interacci\u00f3n, sino que tambi\u00e9n aumentan la credibilidad y el alcance de tus publicaciones.  <\/p>\n\n<h2 class=\"wp-block-heading\">Comprar comentarios reales en LinkedIn<\/h2>\n\n<p>Mejora el compromiso de tus publicaciones en LinkedIn con nuestro paquete de comentarios reales. Recibe comentarios aut\u00e9nticos de usuarios activos de LinkedIn, que aumentan la credibilidad y fomentan interacciones m\u00e1s significativas. Esto ayuda a que tus publicaciones ganen m\u00e1s visibilidad y promueve debates profesionales relevantes.  <\/p>\n\n<h2 class=\"wp-block-heading\">Comprar opiniones reales de LinkedIn &#8211; Perfiles de EE.UU.<\/h2>\n\n<p>Llega a tu p\u00fablico objetivo de forma m\u00e1s eficaz con nuestro paquete de comentarios reales en LinkedIn &#8211; Perfiles de EE.UU. Recibe comentarios de usuarios activos en Estados Unidos para aumentar la relevancia y el atractivo de tu contenido para un p\u00fablico estadounidense. Esta participaci\u00f3n espec\u00edfica puede reforzar tu presencia profesional y mejorar tus oportunidades de establecer contactos en EE.UU.  <\/p>\n\n<h2 class=\"wp-block-heading\">Comprar comentarios personalizados en LinkedIn &#8211; Perfiles de EE.UU.<\/h2>\n\n<p>Maximiza el impacto de tus publicaciones en LinkedIn con nuestro paquete de comentarios personalizados &#8211; Perfiles de EEUU. Recibe comentarios adaptados a tu contenido de usuarios reales de Estados Unidos, asegur\u00e1ndote de que los comentarios son relevantes y a\u00f1aden valor a tus publicaciones. Este compromiso personalizado refuerza tu credibilidad y mejora tus conexiones con el p\u00fablico estadounidense.  <\/p>\n\n<p>Mantener un equilibrio saludable entre seguidores de la p\u00e1gina de empresa, conexiones, me gusta, comentarios, recomendaciones, empleados e interacciones en LinkedIn puede mejorar tus estad\u00edsticas y aumentar tu visibilidad en la plataforma.<\/p>\n\n<h2 class=\"wp-block-heading\"><strong>\u00bfPor qu\u00e9 comprar comentarios de LinkedIn en Comprarseguidores.io?<\/strong><\/h2>\n\n<ol class=\"wp-block-list\">\n<li><strong>Comentarios personalizados:<\/strong> Nuestros comentarios no son frases gen\u00e9ricas. Cada uno est\u00e1 dise\u00f1ado espec\u00edficamente para tu publicaci\u00f3n en LinkedIn, lo que garantiza su relevancia y autenticidad. <\/li>\n\n\n\n<li><strong>Alta calidad y profesionalidad:<\/strong> Comprarseguidores.io valora la calidad. Nuestros comentarios proceden de perfiles de LinkedIn reales y activos, formados por profesionales cualificados. <\/li>\n\n\n\n<li><strong>Mayor participaci\u00f3n:<\/strong> Una publicaci\u00f3n con muchos comentarios de calidad atrae m\u00e1s atenci\u00f3n y anima a otros usuarios a interactuar. Esto puede crear un efecto cascada que refuerce tu visibilidad e influencia en la plataforma. <\/li>\n\n\n\n<li><strong>Proveedor de confianza:<\/strong> Comprarseguidores.io es la mejor plataforma de servicios de promoci\u00f3n en LinkedIn. Con a\u00f1os de experiencia y miles de clientes satisfechos, somos el socio ideal para comprar comentarios en LinkedIn. <\/li>\n\n\n\n<li><strong>Entrega r\u00e1pida y fiable:<\/strong> Una vez que hayas realizado tu compra, no tendr\u00e1s que esperar mucho. Nuestros procesos son eficaces y garantizan una entrega r\u00e1pida de tus comentarios personalizados. <\/li>\n<\/ol>\n\n<p>En un escenario en el que la calidad triunfa sobre la cantidad, Comprarseguidores.io te ofrece exactamente lo que necesitas para destacar en LinkedIn. Nuestros comentarios personalizados no son s\u00f3lo una compra, sino una inversi\u00f3n en tu crecimiento profesional y tu presencia digital en esta plataforma esencial. <\/p>\n\n<h2 class=\"wp-block-heading\">\u00bfQu\u00e9 son los comentarios en LinkedIn?<\/h2>\n\n<p>Los comentarios de LinkedIn son respuestas o reacciones que los usuarios dejan en los contenidos compartidos en la plataforma, como <a href=\"https:\/\/www.linkedin.com\/help\/linkedin\/answer\/a522427\">art\u00edculos<\/a>, publicaciones o actualizaciones. Estos comentarios permiten a los usuarios interactuar directamente con el contenido, iniciar debates, compartir comentarios o expresar sus opiniones. Esta interacci\u00f3n no s\u00f3lo aumenta la visibilidad de las publicaciones a trav\u00e9s del algoritmo de LinkedIn, sino que tambi\u00e9n ayuda a establecer relaciones profesionales y a ampliar las redes de contactos.  <\/p>\n\n<figure class=\"wp-block-image\"><img decoding=\"async\" src=\"https:\/\/follower-kaufen.io\/wp-content\/uploads\/2024\/07\/Compre-comentarios-do-LinkedIn.png\" alt=\"Comprar comentarios en LinkedIn\" class=\"wp-image-8440\"\/><figcaption class=\"wp-element-caption\">Comprar comentarios en LinkedIn<\/figcaption><\/figure>\n\n<h2 class=\"wp-block-heading\">Comprarseguidores.io ofrece los siguientes paquetes de comentarios activos en LinkedIn<\/h2>\n\n<ul class=\"wp-block-list\">\n<li>5 Comentarios sobre LinkedIn<\/li>\n\n\n\n<li>10 Comentarios sobre LinkedIn<\/li>\n\n\n\n<li>15 Comentarios sobre LinkedIn<\/li>\n\n\n\n<li>20 Comentarios sobre LinkedIn<\/li>\n\n\n\n<li>25 Comentarios sobre LinkedIn<\/li>\n\n\n\n<li>50 Comentarios sobre LinkedIn<\/li>\n\n\n\n<li>100 Comentarios en LinkedIn<\/li>\n<\/ul>\n\n<h2 class=\"wp-block-heading\">PREGUNTAS FRECUENTES<\/h2>\n\n<div data-schema-only=\"false\" class=\"wp-block-aioseo-faq\"><h3 class=\"aioseo-faq-block-question\">Um alto n\u00famero de coment\u00e1rios pode levar a um aumento no engajamento org\u00e2nico?<\/h3><div class=\"aioseo-faq-block-answer\">\n<p>S\u00ed, un gran n\u00famero de comentarios en tus publicaciones de LinkedIn puede aumentar significativamente el compromiso org\u00e1nico. Los comentarios aumentan la visibilidad y el compromiso, lo que hace que el algoritmo de LinkedIn mantenga tu contenido en los feeds durante m\u00e1s tiempo y lo muestre a un p\u00fablico m\u00e1s amplio. Esto aumentar\u00e1 tu alcance y compromiso en la plataforma.  <\/p>\n<\/div><\/div>\n\n<div data-schema-only=\"false\" class=\"wp-block-aioseo-faq\"><h3 class=\"aioseo-faq-block-question\">Quais benef\u00edcios posso esperar ao comprar coment\u00e1rios no LinkedIn?<\/h3><div class=\"aioseo-faq-block-answer\">\n<p>Comprar comentarios en LinkedIn puede aumentar temporalmente el compromiso y la visibilidad de una publicaci\u00f3n, lo que puede hacer que el contenido parezca m\u00e1s fiable y aumentar su alcance debido al algoritmo de LinkedIn, que favorece las interacciones activas. Sin embargo, estos beneficios suelen ser ef\u00edmeros y pueden da\u00f1ar tu reputaci\u00f3n si se sospecha de una actividad falsa. <\/p>\n<\/div><\/div>\n\n<div data-schema-only=\"false\" class=\"wp-block-aioseo-faq\"><h3 class=\"aioseo-faq-block-question\">Quanto tempo demora para ver resultados?<\/h3><div class=\"aioseo-faq-block-answer\">\n<p>Ver\u00e1s los resultados casi inmediatamente despu\u00e9s de que se haya procesado tu pedido, normalmente en unas pocas horas.<\/p>\n<\/div><\/div>\n\n<div data-schema-only=\"false\" class=\"wp-block-aioseo-faq\"><h3 class=\"aioseo-faq-block-question\">Por que voc\u00ea deve comprar coment\u00e1rios no LinkedIn?<\/h3><div class=\"aioseo-faq-block-answer\">\n<p>Comprar comentarios en LinkedIn puede aumentar la visibilidad y la credibilidad percibida de tu perfil, lo que puede conducir a m\u00e1s interacciones y seguidores. Este mayor compromiso puede mejorar a\u00fan m\u00e1s el rendimiento de tu contenido en los algoritmos de LinkedIn y acelerar el crecimiento de tu perfil. <\/p>\n<\/div><\/div>\n\n<div data-schema-only=\"false\" class=\"wp-block-aioseo-faq\"><h3 class=\"aioseo-faq-block-question\">Comprar coment\u00e1rios \u00e9 uma pr\u00e1tica comum?<\/h3><div class=\"aioseo-faq-block-answer\">\n<p>S\u00ed, hay quien compra comentarios en LinkedIn para aumentar artificialmente la participaci\u00f3n en las publicaciones e influir en la visibilidad. Sin embargo, esto no es recomendable, ya que puede poner en peligro la autenticidad e infringir las condiciones de uso de LinkedIn. <\/p>\n<\/div><\/div>\n\n<div data-schema-only=\"false\" class=\"wp-block-aioseo-faq\"><h3 class=\"aioseo-faq-block-question\">Esses coment\u00e1rios do LinkedIn s\u00e3o reais?<\/h3><div class=\"aioseo-faq-block-answer\">\n<p>S\u00ed, son comentarios reales de LinkedIn de cuentas activas y aut\u00e9nticas.<\/p>\n<\/div><\/div>\n\n<div data-schema-only=\"false\" class=\"wp-block-aioseo-faq\"><h3 class=\"aioseo-faq-block-question\">\u00c9 poss\u00edvel ser banido por comprar coment\u00e1rios no LinkedIn?<\/h3><div class=\"aioseo-faq-block-answer\">\n<p>Comprar comentarios de LinkedIn a proveedores de confianza suele ser seguro porque siguen las normas de LinkedIn y ofrecen un compromiso aut\u00e9ntico, minimizando el riesgo de sanciones o suspensi\u00f3n de la cuenta y manteniendo la integridad de tu perfil.<\/p>\n<\/div><\/div>\n\n<div data-schema-only=\"false\" class=\"wp-block-aioseo-faq\"><h3 class=\"aioseo-faq-block-question\">Quantos coment\u00e1rios do LinkedIn devo comprar?<\/h3><div class=\"aioseo-faq-block-answer\">\n<p>Empieza comprando unos cuantos comentarios en LinkedIn para evaluar su impacto en la participaci\u00f3n. Si esto tiene \u00e9xito, compra gradualmente m\u00e1s para aumentar la visibilidad y ganar seguidores org\u00e1nicos. Perfecciona continuamente tu estrategia en funci\u00f3n de tus objetivos y de los comentarios de tu p\u00fablico objetivo.  <\/p>\n<\/div><\/div>\n\n<div data-schema-only=\"false\" class=\"wp-block-aioseo-faq\"><h3 class=\"aioseo-faq-block-question\">O que devo fazer se meu pedido n\u00e3o for entregue?<\/h3><div class=\"aioseo-faq-block-answer\">\n<p>Si tu pedido no se entrega, comprueba la confirmaci\u00f3n del pedido y los detalles del pago para asegurarte de que todo es correcto. A continuaci\u00f3n, ponte en contacto con el servicio de atenci\u00f3n al cliente con la informaci\u00f3n de tu pedido para resolver el problema. Deber\u00edan poder ayudarte y ofrecerte una soluci\u00f3n.  <\/p>\n<\/div><\/div>\n\n<div data-schema-only=\"false\" class=\"wp-block-aioseo-faq\"><h3 class=\"aioseo-faq-block-question\">Quais m\u00e9todos de pagamento voc\u00eas oferecem?<\/h3><div class=\"aioseo-faq-block-answer\">\n<p>Ofrecemos varios m\u00e9todos de pago, como tarjetas de cr\u00e9dito, PayPal y, en algunos casos, criptomonedas. Esta selecci\u00f3n te permite elegir la opci\u00f3n m\u00e1s conveniente para tus transacciones. <\/p>\n<\/div><\/div>\n","protected":false},"excerpt":{"rendered":"<p>Aumenta la credibilidad de tus publicaciones con comentarios aut\u00e9nticos y de calidad. Presenta tu marca con eficacia. <\/p>\n<ul>\n<li><strong>Perfiles aut\u00e9nticos<\/strong>: interacciones reales en LinkedIn.<\/li>\n<li><strong>Estimular los debates<\/strong>: Mayor visibilidad a trav\u00e9s del compromiso.<\/li>\n<li><strong>Personalizaci\u00f3n<\/strong>: Comentarios que coinciden con tu contenido.<\/li>\n<li><strong>Sencillo y<\/strong> seguro: proceso de compra r\u00e1pido y protecci\u00f3n de datos segura.<\/li>\n<\/ul>\n","protected":false},"featured_media":7510,"comment_status":"closed","ping_status":"closed","template":"","meta":[],"product_brand":[],"product_cat":[106],"product_tag":[],"class_list":{"0":"post-12210","1":"product","2":"type-product","3":"status-publish","4":"has-post-thumbnail","6":"product_cat-sin-categoria","8":"first","9":"instock","10":"shipping-taxable","11":"purchasable","12":"product-type-variable"},"aioseo_notices":[],"_links":{"self":[{"href":"https:\/\/comprarseguidores.io\/es\/wp-json\/wp\/v2\/product\/12210","targetHints":{"allow":["GET"]}}],"collection":[{"href":"https:\/\/comprarseguidores.io\/es\/wp-json\/wp\/v2\/product"}],"about":[{"href":"https:\/\/comprarseguidores.io\/es\/wp-json\/wp\/v2\/types\/product"}],"replies":[{"embeddable":true,"href":"https:\/\/comprarseguidores.io\/es\/wp-json\/wp\/v2\/comments?post=12210"}],"version-history":[{"count":1,"href":"https:\/\/comprarseguidores.io\/es\/wp-json\/wp\/v2\/product\/12210\/revisions"}],"predecessor-version":[{"id":12220,"href":"https:\/\/comprarseguidores.io\/es\/wp-json\/wp\/v2\/product\/12210\/revisions\/12220"}],"wp:featuredmedia":[{"embeddable":true,"href":"https:\/\/comprarseguidores.io\/es\/wp-json\/wp\/v2\/media\/7510"}],"wp:attachment":[{"href":"https:\/\/comprarseguidores.io\/es\/wp-json\/wp\/v2\/media?parent=12210"}],"wp:term":[{"taxonomy":"product_brand","embeddable":true,"href":"https:\/\/comprarseguidores.io\/es\/wp-json\/wp\/v2\/product_brand?post=12210"},{"taxonomy":"product_cat","embeddable":true,"href":"https:\/\/comprarseguidores.io\/es\/wp-json\/wp\/v2\/product_cat?post=12210"},{"taxonomy":"product_tag","embeddable":true,"href":"https:\/\/comprarseguidores.io\/es\/wp-json\/wp\/v2\/product_tag?post=12210"}],"curies":[{"name":"wp","href":"https:\/\/api.w.org\/{rel}","templated":true}]}}