{"id":12245,"date":"2023-08-15T19:12:42","date_gmt":"2023-08-15T19:12:42","guid":{"rendered":"https:\/\/comprarseguidores.io\/product\/comprar-recomendaciones-de-linkedin\/"},"modified":"2025-04-06T12:04:11","modified_gmt":"2025-04-06T12:04:11","slug":"comprar-recomendaciones-de-linkedin","status":"publish","type":"product","link":"https:\/\/comprarseguidores.io\/es\/product\/comprar-recomendaciones-de-linkedin\/","title":{"rendered":"Comprar recomendaciones de LinkedIn"},"content":{"rendered":"\n<h2 class=\"wp-block-heading\"><strong>Compra recomendaciones de LinkedIn: demuestra tu profesionalidad<\/strong><\/h2>\n\n<p>\u00bfQuieres que tu perfil de LinkedIn destaque y aumente tu credibilidad? Nuestras recomendaciones de LinkedIn ofrecen precisamente eso. Ofrecemos recomendaciones aut\u00e9nticas y de alta calidad adaptadas espec\u00edficamente a tu perfil y habilidades. Cada recomendaci\u00f3n procede de usuarios reales de LinkedIn y refleja sus habilidades y experiencia.   <\/p>\n\n<h2 class=\"wp-block-heading\"><strong>Ventajas de nuestras recomendaciones de LinkedIn:<\/strong><\/h2>\n\n<ul class=\"wp-block-list\">\n<li><strong>Autenticidad<\/strong>: Todas nuestras recomendaciones proceden de perfiles aut\u00e9nticos de LinkedIn.<\/li>\n\n\n\n<li><strong>Relevancia<\/strong>: Las recomendaciones son individuales y est\u00e1n directamente relacionadas con tus habilidades y experiencia.<\/li>\n\n\n\n<li><strong>Credibilidad<\/strong>: Aumenta tu profesionalidad y g\u00e1nate la confianza de posibles empleadores o socios comerciales.<\/li>\n\n\n\n<li><strong>Implementaci\u00f3n r\u00e1pida<\/strong>: Una vez que has realizado tu pedido, hacemos todo lo posible para que las recomendaciones aparezcan r\u00e1pidamente en tu perfil.<\/li>\n<\/ul>\n\n<p>Conf\u00eda en nuestra experiencia y haz que tu <a href=\"https:\/\/www.linkedin.com\/\">perfil de LinkedIn<\/a> brille con recomendaciones reales y relevantes.<\/p>\n\n<h2 class=\"wp-block-heading\"><strong>\u00bfQu\u00e9 son las recomendaciones en LinkedIn?<\/strong><\/h2>\n\n<p>Las recomendaciones en LinkedIn son testimonios personales escritos por colegas, supervisores o socios comerciales. Reflejan las experiencias y habilidades que has adquirido a lo largo de tu carrera profesional y refuerzan tu credibilidad y reputaci\u00f3n en la plataforma. <\/p>\n\n<figure class=\"wp-block-image size-full\"><img fetchpriority=\"high\" decoding=\"async\" width=\"800\" height=\"600\" src=\"https:\/\/comprarseguidores.io\/wp-content\/uploads\/2024\/06\/Compre-recomendacoes-do-LinkedIn.png\" alt=\"Comprar recomendaciones de LinkedIn\" class=\"wp-image-8519\" srcset=\"https:\/\/comprarseguidores.io\/wp-content\/uploads\/2024\/06\/Compre-recomendacoes-do-LinkedIn.png 800w, https:\/\/comprarseguidores.io\/wp-content\/uploads\/2024\/06\/Compre-recomendacoes-do-LinkedIn-300x225.png 300w, https:\/\/comprarseguidores.io\/wp-content\/uploads\/2024\/06\/Compre-recomendacoes-do-LinkedIn-768x576.png 768w, https:\/\/comprarseguidores.io\/wp-content\/uploads\/2024\/06\/Compre-recomendacoes-do-LinkedIn-441x331.png 441w, https:\/\/comprarseguidores.io\/wp-content\/uploads\/2024\/06\/Compre-recomendacoes-do-LinkedIn-150x113.png 150w\" sizes=\"(max-width: 800px) 100vw, 800px\" \/><\/figure>\n\n<h2 class=\"wp-block-heading\"><strong>5 formas de conseguir m\u00e1s recomendaciones en LinkedIn<\/strong><\/h2>\n\n<ol class=\"wp-block-list\">\n<li><strong>Presenta tu solicitud en persona<\/strong>: La v\u00eda directa suele ser la mejor. Pregunta en persona a compa\u00f1eros o supervisores si estar\u00edan dispuestos a escribir una recomendaci\u00f3n para ti. <\/li>\n\n\n\n<li><strong>Calidad antes que cantidad<\/strong>: Aseg\u00farate de que tu perfil es significativo y completo. Un perfil bien mantenido motiva a otros a recomendarte. <\/li>\n\n\n\n<li><strong>Dar y recibir<\/strong>: Ofr\u00e9cete a escribir recomendaciones para tus contactos. A menudo, esto puede fomentar el intercambio de recomendaciones. <\/li>\n\n\n\n<li><strong>Trabaja tu red<\/strong>: Cuanto m\u00e1s activo seas en LinkedIn, m\u00e1s probabilidades tendr\u00e1s de recibir recomendaciones. Interact\u00faa con tu red y participa en debates. <\/li>\n\n\n\n<li>Feedback <strong>directo<\/strong>: Despu\u00e9s de proyectos o conclusiones exitosas, pide feedback y pregunta si se podr\u00eda dar en forma de recomendaci\u00f3n en LinkedIn.<\/li>\n<\/ol>\n\n<h2 class=\"wp-block-heading\"><strong>\u00bfC\u00f3mo solicito recomendaciones a LinkedIn?<\/strong><\/h2>\n\n<p>Comprar recomendaciones para LinkedIn es un proceso sencillo. S\u00f3lo tienes que introducir la URL de tu perfil de LinkedIn en el campo designado en el sitio web del proveedor de servicios, seleccionar el n\u00famero deseado de recomendaciones y completar tu pedido. El proceso suele iniciarse en pocas horas y puedes empezar a ver los efectos casi de inmediato. Este m\u00e9todo r\u00e1pido y sencillo est\u00e1 pensado para quienes buscan aumentar r\u00e1pidamente la visibilidad y credibilidad de su perfil.   <\/p>\n\n<ol class=\"wp-block-list\">\n<li>Introduce la URL de tu perfil de LinkedIn en el campo indicado.<\/li>\n\n\n\n<li>Elige el n\u00famero de recomendaciones que quieres comprar.<\/li>\n\n\n\n<li>Finaliza la transacci\u00f3n y env\u00eda tu pedido.<\/li>\n\n\n\n<li>El servicio suele empezar en pocas horas.<\/li>\n\n\n\n<li>Observa el aumento de las recomendaciones y la mejora del perfil poco despu\u00e9s de iniciar el proceso.<\/li>\n<\/ol>\n\n<h2 class=\"wp-block-heading\"><strong>\u00bfPor qu\u00e9 son tan importantes las recomendaciones de LinkedIn?<\/strong><\/h2>\n\n<p>Las Empfehlungen en LinkedIn no son simples palabras. Son una muestra de tu profesionalidad, experiencia y del valor que aportas a un equipo o empresa. No s\u00f3lo refuerzan tu marca personal, sino que tambi\u00e9n pueden abrirte las puertas a nuevas oportunidades profesionales. Un perfil con recomendaciones de alta calidad destaca y atrae m\u00e1s atenci\u00f3n positiva.   <\/p>\n\n<h2 class=\"wp-block-heading\"><strong>\u00bfC\u00f3mo puedo escribir una recomendaci\u00f3n en LinkedIn?<\/strong><\/h2>\n\n<p>Escribir una recomendaci\u00f3n en LinkedIn es un valioso regalo que puedes hacer a un colega, socio o empleado. No s\u00f3lo demuestra tu aprecio por su trabajo y habilidades, sino que tambi\u00e9n refuerza tu propia red y presencia. Aqu\u00ed tienes una gu\u00eda paso a paso para escribir una recomendaci\u00f3n convincente en LinkedIn:  <\/p>\n\n<ol class=\"wp-block-list\">\n<li><strong>Navega hasta el perfil:<\/strong> Visita el perfil de LinkedIn de la persona para la que quieres escribir una recomendaci\u00f3n.<\/li>\n\n\n\n<li><strong>Haz clic en la pesta\u00f1a \"M\u00e1s\": <\/strong>Busca el bot\u00f3n \"M\u00e1s\" en la parte superior del perfil, junto al nombre de la persona.<\/li>\n\n\n\n<li><strong>Selecciona \"Recomendar\": <\/strong>En el men\u00fa desplegable, haz clic en \"Recomendar\".<\/li>\n\n\n\n<li><strong>Aclara la relaci\u00f3n: <\/strong>Se te pedir\u00e1 que indiques qu\u00e9 relaci\u00f3n ten\u00edas con esa persona y qu\u00e9 cargo ocupaba en ese momento.<\/li>\n\n\n\n<li><strong>Escribe la recomendaci\u00f3n:<\/strong> Escribe una recomendaci\u00f3n honesta, positiva y espec\u00edfica. Destaca las habilidades o experiencias espec\u00edficas que hacen \u00fanica a esta persona. Intenta incluir ejemplos o experiencias concretas que respalden tu recomendaci\u00f3n.  <\/li>\n\n\n\n<li><strong>Corrige y env\u00eda: Corrige <\/strong>tu recomendaci\u00f3n en busca de errores ortogr\u00e1ficos y gramaticales y, si est\u00e1s satisfecho, haz clic en \"Enviar\".<\/li>\n<\/ol>\n\n<p>Una recomendaci\u00f3n bien redactada puede marcar una gran diferencia en el perfil del destinatario. As\u00ed que t\u00f3mate un momento para ser cuidadoso y sincero. \u00a1Tu recomendaci\u00f3n puede tener un impacto real!  <\/p>\n\n<h1 class=\"wp-block-heading\">PREGUNTAS FRECUENTES<\/h1>\n\n<div data-schema-only=\"false\" class=\"wp-block-aioseo-faq\"><h3 class=\"aioseo-faq-block-question\">Comprar recomenda\u00e7\u00f5es no LinkedIn \u00e9 uma pr\u00e1tica frequentemente adotada?<\/h3><div class=\"aioseo-faq-block-answer\">\n<p>S\u00ed, algunos practican la compra de recomendaciones en LinkedIn para aumentar r\u00e1pidamente la credibilidad de sus perfiles. Sin embargo, esta pr\u00e1ctica controvertida puede socavar la autenticidad y LinkedIn la considera poco \u00e9tica, y puede da\u00f1ar la confianza si se descubre. <\/p>\n<\/div><\/div>\n\n<div data-schema-only=\"false\" class=\"wp-block-aioseo-faq\"><h3 class=\"aioseo-faq-block-question\">Um grande n\u00famero de recomenda\u00e7\u00f5es pode aumentar o engajamento org\u00e2nico?<\/h3><div class=\"aioseo-faq-block-answer\">\n<p>S\u00ed, un gran n\u00famero de recomendaciones en LinkedIn puede impulsar el compromiso org\u00e1nico. Estos testimonios aumentan la credibilidad de tu perfil y atraen m\u00e1s visitas, conexiones e interacciones, ya que los usuarios suelen interactuar m\u00e1s con perfiles que demuestran una experiencia demostrada y avales positivos. <\/p>\n<\/div><\/div>\n\n<div data-schema-only=\"false\" class=\"wp-block-aioseo-faq\"><h3 class=\"aioseo-faq-block-question\">Por que devo comprar recomenda\u00e7\u00f5es no LinkedIn?<\/h3><div class=\"aioseo-faq-block-answer\">\n<p>Comprar recomendaciones en LinkedIn puede considerarse una estrategia para aumentar el atractivo y la credibilidad de tu perfil en la plataforma. Este enfoque puede conducir a m\u00e1s oportunidades profesionales al hacer que tu perfil sea m\u00e1s visible para posibles empleadores y conexiones, aumentando as\u00ed tu visibilidad y experiencia percibida dentro de tu sector. <\/p>\n<\/div><\/div>\n\n<div data-schema-only=\"false\" class=\"wp-block-aioseo-faq\"><h3 class=\"aioseo-faq-block-question\">Quantas recomenda\u00e7\u00f5es no LinkedIn devo comprar?<\/h3><div class=\"aioseo-faq-block-answer\">\n<p>Empieza comprando un peque\u00f1o n\u00famero de recomendaciones en LinkedIn para evaluar su impacto en el compromiso. Si son eficaces, aumenta gradualmente su compra para aumentar la visibilidad y atraer seguidores org\u00e1nicos. Ajusta regularmente tu estrategia en funci\u00f3n de tus objetivos y de los comentarios de tu audiencia.  <\/p>\n<\/div><\/div>\n\n<div data-schema-only=\"false\" class=\"wp-block-aioseo-faq\"><h3 class=\"aioseo-faq-block-question\">\u00c9 poss\u00edvel ser banido por comprar recomenda\u00e7\u00f5es no LinkedIn?<\/h3><div class=\"aioseo-faq-block-answer\">\n<p>Comprar recomendaciones en LinkedIn a proveedores de confianza suele ser seguro porque cumplen las pol\u00edticas de LinkedIn, garantizando un compromiso aut\u00e9ntico. Este enfoque reduce el riesgo de sanciones o problemas con la cuenta, ayudando a preservar la integridad de tu perfil. <\/p>\n<\/div><\/div>\n\n<div data-schema-only=\"false\" class=\"wp-block-aioseo-faq\"><h3 class=\"aioseo-faq-block-question\">Quais benef\u00edcios posso esperar ao comprar recomenda\u00e7\u00f5es no LinkedIn?<\/h3><div class=\"aioseo-faq-block-answer\">\n<p>Adquirir recomendaciones en LinkedIn puede aumentar la credibilidad y visibilidad de tu perfil, atrayendo potencialmente m\u00e1s ofertas de trabajo y oportunidades de establecer contactos.<\/p>\n<\/div><\/div>\n\n<div data-schema-only=\"false\" class=\"wp-block-aioseo-faq\"><h3 class=\"aioseo-faq-block-question\">Quanto tempo leva para ver resultados?<\/h3><div class=\"aioseo-faq-block-answer\">\n<p>Ver\u00e1s los resultados casi inmediatamente despu\u00e9s de que se haya procesado tu pedido, normalmente en unas pocas horas.<\/p>\n<\/div><\/div>\n\n<div data-schema-only=\"false\" class=\"wp-block-aioseo-faq\"><h3 class=\"aioseo-faq-block-question\">Essas s\u00e3o recomenda\u00e7\u00f5es reais do LinkedIn?<\/h3><div class=\"aioseo-faq-block-answer\">\n<p>S\u00ed, son recomendaciones reales de LinkedIn de cuentas activas y aut\u00e9nticas.<\/p>\n<\/div><\/div>\n\n<div data-schema-only=\"false\" class=\"wp-block-aioseo-faq\"><h3 class=\"aioseo-faq-block-question\">O que fazer se meu pedido n\u00e3o for entregue?<\/h3><div class=\"aioseo-faq-block-answer\">\n<p>Si tu pedido no se entrega, comprueba la confirmaci\u00f3n del pedido y los detalles del pago para asegurarte de que todo es correcto. A continuaci\u00f3n, ponte en contacto con el servicio de atenci\u00f3n al cliente con la informaci\u00f3n de tu pedido para resolver el problema. Deber\u00edan poder ayudarte y ofrecerte una soluci\u00f3n.  <\/p>\n<\/div><\/div>\n\n<div data-schema-only=\"false\" class=\"wp-block-aioseo-faq\"><h3 class=\"aioseo-faq-block-question\">Quais m\u00e9todos de pagamento voc\u00ea oferece?<\/h3><div class=\"aioseo-faq-block-answer\">\n<p>Ofrecemos diversos m\u00e9todos de pago, como tarjetas de cr\u00e9dito, PayPal y, en algunos casos, criptomonedas. Esta variedad te permite elegir la opci\u00f3n m\u00e1s conveniente para tus transacciones. <\/p>\n<\/div><\/div>\n","protected":false},"excerpt":{"rendered":"<p>\u00a1Eleva tu perfil de LinkedIn con recomendaciones aut\u00e9nticas! Muestra tu mejor cara e impresiona con referencias de alta calidad. <\/p>\n<p><strong>\ud83d\udd25 Resumen de ventajas:<br \/><\/strong><br \/> \ud83c\uddfa\ud83c\uddf8 Perfiles de EE.UU.: Recomendaciones genuinas de usuarios aut\u00e9nticos de EE.UU.<br \/>\ud83d\udcbc Impulso profesional: Aumenta tu credibilidad y tu presencia en el mercado.<br \/>\ud83d\ude80 Entrega r\u00e1pida: Las recomendaciones aparecen r\u00e1pidamente en tu perfil.<br \/>\u2705 Alta calidad: Recomendaciones claras, profesionales y significativas.<\/p>\n<p>\u00a1Da el siguiente paso en tu carrera profesional con nuestras inmejorables recomendaciones de LinkedIn! \ud83c\udf10<\/p>\n","protected":false},"featured_media":7510,"comment_status":"closed","ping_status":"closed","template":"","meta":[],"product_brand":[],"product_cat":[108],"product_tag":[],"class_list":{"0":"post-12245","1":"product","2":"type-product","3":"status-publish","4":"has-post-thumbnail","6":"product_cat-linkedin-es","8":"first","9":"instock","10":"shipping-taxable","11":"purchasable","12":"product-type-variable"},"aioseo_notices":[],"_links":{"self":[{"href":"https:\/\/comprarseguidores.io\/es\/wp-json\/wp\/v2\/product\/12245","targetHints":{"allow":["GET"]}}],"collection":[{"href":"https:\/\/comprarseguidores.io\/es\/wp-json\/wp\/v2\/product"}],"about":[{"href":"https:\/\/comprarseguidores.io\/es\/wp-json\/wp\/v2\/types\/product"}],"replies":[{"embeddable":true,"href":"https:\/\/comprarseguidores.io\/es\/wp-json\/wp\/v2\/comments?post=12245"}],"version-history":[{"count":1,"href":"https:\/\/comprarseguidores.io\/es\/wp-json\/wp\/v2\/product\/12245\/revisions"}],"predecessor-version":[{"id":12253,"href":"https:\/\/comprarseguidores.io\/es\/wp-json\/wp\/v2\/product\/12245\/revisions\/12253"}],"wp:featuredmedia":[{"embeddable":true,"href":"https:\/\/comprarseguidores.io\/es\/wp-json\/wp\/v2\/media\/7510"}],"wp:attachment":[{"href":"https:\/\/comprarseguidores.io\/es\/wp-json\/wp\/v2\/media?parent=12245"}],"wp:term":[{"taxonomy":"product_brand","embeddable":true,"href":"https:\/\/comprarseguidores.io\/es\/wp-json\/wp\/v2\/product_brand?post=12245"},{"taxonomy":"product_cat","embeddable":true,"href":"https:\/\/comprarseguidores.io\/es\/wp-json\/wp\/v2\/product_cat?post=12245"},{"taxonomy":"product_tag","embeddable":true,"href":"https:\/\/comprarseguidores.io\/es\/wp-json\/wp\/v2\/product_tag?post=12245"}],"curies":[{"name":"wp","href":"https:\/\/api.w.org\/{rel}","templated":true}]}}