{"id":12301,"date":"2024-06-11T09:33:03","date_gmt":"2024-06-11T09:33:03","guid":{"rendered":"https:\/\/comprarseguidores.io\/product\/comprar-x-retweets\/"},"modified":"2025-04-06T12:04:21","modified_gmt":"2025-04-06T12:04:21","slug":"comprar-x-retweets","status":"publish","type":"product","link":"https:\/\/comprarseguidores.io\/es\/product\/comprar-x-retweets\/","title":{"rendered":"Comprar X Retweets"},"content":{"rendered":"\n<h2 class=\"wp-block-heading\">Comprar Retweets de X<\/h2>\n\n<p>Comprar Retweets de X puede mejorar significativamente el alcance y el impacto de tus publicaciones en la plataforma. Una de las principales ventajas es la mayor visibilidad que proporcionan los retweets: cuando tu contenido es retwitteado, aparece no s\u00f3lo en el feed de tus seguidores, sino tambi\u00e9n en el feed de los seguidores de la persona que retwitte\u00f3 tu publicaci\u00f3n. Esto ampl\u00eda exponencialmente tu p\u00fablico objetivo.  <\/p>\n\n<p>Esto puede dar lugar a m\u00e1s interacciones org\u00e1nicas, ya que los retweets suelen atraer la atenci\u00f3n de usuarios que de otro modo no habr\u00edan visto tu contenido. Adem\u00e1s, un mayor n\u00famero de retweets puede aumentar tu credibilidad e influencia en la plataforma, ya que los usuarios tienden a percibir las publicaciones con m\u00e1s retweets como m\u00e1s valiosas o autorizadas. Este valor percibido puede atraer a nuevos seguidores y ampliar a\u00fan m\u00e1s tu alcance e impacto en X.  <\/p>\n\n<p><strong>Puedes aumentar a\u00fan m\u00e1s la visibilidad y la interacci\u00f3n en tu perfil X manteniendo una buena mezcla de seguidores, me gusta, retweets, votos en encuestas, oyentes y comentarios ocasionales.<\/strong><\/p>\n\n<h2 class=\"wp-block-heading\">\u00bfCu\u00e1les son las ventajas de comprar Retweets de X?<\/h2>\n\n<p>Comprar Retweets de X puede mejorar tu presencia en las redes sociales a trav\u00e9s de varios beneficios:<\/p>\n\n<ol class=\"wp-block-list\">\n<li><strong>Mayor alcance<\/strong><br\/>Los Retweets ampl\u00edan tu audiencia m\u00e1s all\u00e1 de tus seguidores directos para incluir las redes de quienes retuitean tu publicaci\u00f3n, multiplicando tu visibilidad.<\/li>\n\n\n\n<li><strong>Mayor autoridad<\/strong><br\/>El contenido que recibe un gran n\u00famero de retweets suele percibirse como m\u00e1s autorizado, atrayendo m\u00e1s atenci\u00f3n y confianza de los usuarios.<\/li>\n\n\n\n<li><strong>Mayor interacci\u00f3n<\/strong><br\/>A medida que tus publicaciones llegan a un p\u00fablico m\u00e1s amplio, suelen recibir m\u00e1s interacci\u00f3n, como me gusta, comentarios y nuevos retweets, lo que estimula a\u00fan m\u00e1s la interacci\u00f3n.<\/li>\n\n\n\n<li><strong>Potencial de viralizaci\u00f3n<\/strong><br\/>Los Retweets son esenciales para hacerse virales; pueden difundir tu contenido a trav\u00e9s de X y aumentar significativamente la visibilidad de tu perfil y el n\u00famero de seguidores.<\/li>\n\n\n\n<li><strong>Beneficios SEO<\/strong><br\/>El aumento de la actividad social a trav\u00e9s de los retweets puede mejorar indirectamente tu SEO al atraer m\u00e1s tr\u00e1fico de X al contenido o sitio enlazado.<\/li>\n\n\n\n<li><strong>Aumenta tu audiencia<\/strong><br\/>El uso eficaz de los retweets ayuda a atraer y ampliar tu audiencia, ya que tu contenido circula entre usuarios con intereses similares.<\/li>\n<\/ol>\n\n<p>Estos beneficios demuestran c\u00f3mo comprar Retweets de X puede ser una medida estrat\u00e9gica para aumentar tu alcance y consolidar tu influencia en la plataforma.<\/p>\n\n<h2 class=\"wp-block-heading\">\u00bfEs seguro comprar Retweets de X?<\/h2>\n\n<p>S\u00ed, comprar Retweets de X puede ser seguro si los compras en sitios aut\u00e9nticos y de buena reputaci\u00f3n. Estos proveedores garantizan que los retweets proceden de usuarios reales, lo que asegura el cumplimiento de <a href=\"https:\/\/help.twitter.com\/en\/rules-and-policies\/x-rules\">las directrices de X<\/a> y reduce el riesgo de impactos negativos en tu cuenta. Elige siempre servicios que prioricen las pr\u00e1cticas \u00e9ticas y la transparencia para proteger la integridad de tu cuenta y promover su crecimiento de forma eficaz.  <\/p>\n\n<figure class=\"wp-block-image\"><img decoding=\"async\" src=\"https:\/\/follower-kaufen.io\/wp-content\/uploads\/2024\/07\/X-Retweets-kaufen.png\" alt=\"Comprar Retweets de X\" class=\"wp-image-9153\"\/><figcaption class=\"wp-element-caption\">Comprar Retweets de X<\/figcaption><\/figure>\n\n<h2 class=\"wp-block-heading\">\u00bfC\u00f3mo comprar Retweets de X?<\/h2>\n\n<p>Para comprar Retweets de X, el proceso es sencillo y f\u00e1cil de usar. Empieza introduciendo la URL de la publicaci\u00f3n de X que quieres potenciar en el campo correspondiente del sitio web del proveedor. A continuaci\u00f3n, elige el n\u00famero de retweets que deseas, seg\u00fan tus necesidades y presupuesto. Tras finalizar la compra, tu pedido se procesar\u00e1 en unas horas. Ver\u00e1s r\u00e1pidamente un aumento de los retweets, lo que mejora la visibilidad y la interacci\u00f3n de tu publicaci\u00f3n casi de inmediato. Con este m\u00e9todo sencillo, puedes aumentar eficazmente el alcance de tu contenido en X.     <\/p>\n\n<ol class=\"wp-block-list\">\n<li>Introduce la URL de tu publicaci\u00f3n X en el campo designado para el proveedor.<\/li>\n\n\n\n<li>Elige el n\u00famero de retweets que deseas.<\/li>\n\n\n\n<li>Finaliza tu pedido y realiza el pago.<\/li>\n\n\n\n<li>El servicio comenzar\u00e1 dentro de unas horas.<\/li>\n\n\n\n<li>Notar\u00e1s un aumento de retweets poco despu\u00e9s.<\/li>\n<\/ol>\n\n<h2 class=\"wp-block-heading\">\u00bfCu\u00e1nto cuestan 1000 Retweets de X?<\/h2>\n\n<p>El precio de comprar 1000 Retweets de X puede variar mucho, dependiendo de la calidad de los retweets y de la autenticidad del sitio que ofrece el servicio. Los retweets de mayor calidad, que generalmente proceden de usuarios reales y activos, suelen ser m\u00e1s caros que los de fuentes menos reputadas, que pueden utilizar bots automatizados. Es importante elegir proveedores fiables para asegurarse de que los servicios cumplen las directrices X y ofrecen valor por tu inversi\u00f3n. Comprueba siempre la legitimidad del sitio y lee las opiniones de los clientes para asegurarte de que obtienes interacciones aut\u00e9nticas.   <\/p>\n\n<h2 class=\"wp-block-heading\">\u00bfC\u00f3mo puedo conseguir m\u00e1s Retweets de X?<\/h2>\n\n<p>Para aumentar el n\u00famero de retweets en X (antes Twitter), debes crear contenidos atractivos y utilizar pr\u00e1cticas estrat\u00e9gicas. Aqu\u00ed tienes algunas estrategias eficaces para conseguir m\u00e1s Retweets de X: <\/p>\n\n<ol class=\"wp-block-list\">\n<li><strong>Publica contenido de alta calidad<br\/><\/strong>Comparte contenido que sea interesante, informativo o entretenido para tu audiencia. El contenido de calidad tiende a ser retuiteado m\u00e1s a menudo. <\/li>\n\n\n\n<li><strong>Participa en temas de actualidad<br\/><\/strong>Participa en debates de actualidad que sean relevantes para tu p\u00fablico objetivo. Las publicaciones sobre temas de actualidad tienen mayor visibilidad y es m\u00e1s probable que se retuiteen. <\/li>\n\n\n\n<li><strong>Utiliza elementos visuales<br\/><\/strong>Incorpora im\u00e1genes, v\u00eddeos o infograf\u00edas a tus publicaciones. El contenido visual atrae m\u00e1s participaci\u00f3n y tiende a ser retuiteado. <\/li>\n\n\n\n<li><strong>Tuitea en el mejor momento<br\/><\/strong>Publica tus posts en los momentos en que tu audiencia est\u00e1 m\u00e1s activa. Analizar la actividad de tus seguidores puede ayudarte a determinar las mejores horas para publicar. <\/li>\n\n\n\n<li><strong>Utiliza hashtags<br\/><\/strong>Utiliza hashtags relevantes para aumentar la visibilidad de tus publicaciones. Los hashtags bien elegidos pueden hacer que tus tweets sean accesibles a un p\u00fablico m\u00e1s amplio y espec\u00edfico. <\/li>\n\n\n\n<li><strong>Pide retuits<br\/><\/strong>De vez en cuando, pide a tus seguidores que retuiteen tu contenido. Una simple llamada a la acci\u00f3n como \"Por favor, retuitea\" puede aumentar significativamente la tasa de retuits. <\/li>\n\n\n\n<li>Interact\u00faa <strong>con tus seguidores<br\/><\/strong>Interact\u00faa respondiendo a los comentarios, mencionando a los usuarios y dando \"me gusta\" a su contenido. Establecer relaciones puede animar a tus seguidores a retuitear tus publicaciones. <\/li>\n\n\n\n<li>Colabora <strong>con otros<br\/><\/strong>Colabora con influencers u otros usuarios con grandes audiencias. Tus retweets pueden hacer que tu contenido sea accesible a un p\u00fablico m\u00e1s amplio. <\/li>\n<\/ol>\n\n<p>Aplica estas estrategias para conseguir m\u00e1s retweets de forma org\u00e1nica en X y aumentar tu visibilidad y participaci\u00f3n en la plataforma.<\/p>\n\n<h2 class=\"wp-block-heading\">\u00bfPor qu\u00e9 Comprarseguidores.io es el mejor sitio para comprar Retweets de X?<\/h2>\n\n<p>Comprarseguidores.io destaca como la mejor opci\u00f3n para comprar Retweets de X debido a su compromiso con la autenticidad y el cumplimiento de las directrices de la plataforma, garantizando que todos los retweets proceden de usuarios reales y activos. Este compromiso mejora significativamente la eficacia y credibilidad de tus interacciones en las redes sociales. El sitio tiene una excelente reputaci\u00f3n, respaldada por altos \u00edndices de satisfacci\u00f3n de los clientes y numerosos testimonios positivos de usuarios que han visto mejoras significativas en su rendimiento en las redes sociales. Adem\u00e1s, Comprarseguidores.io ofrece un excelente servicio de atenci\u00f3n al cliente con un equipo de soporte receptivo que est\u00e1 disponible en todo momento para responder a las preguntas y garantizar una transacci\u00f3n sin problemas.   <\/p>\n\n<p>La estructura de precios es transparente y competitiva, sin cargos ocultos, lo que facilita que los clientes entiendan lo que est\u00e1n pagando. Adem\u00e1s, la entrega r\u00e1pida y fiable de retweets permite a los usuarios alcanzar sus objetivos de participaci\u00f3n de forma eficaz. El uso de m\u00e9todos de pago seguros y un fuerte enfoque en la privacidad garantizan un entorno de transacci\u00f3n seguro. Estas caracter\u00edsticas hacen de Comprarseguidores.io la opci\u00f3n ideal para cualquiera que desee aumentar su presencia en X de forma eficaz.   <\/p>\n\n<h2 class=\"wp-block-heading\">Comprarseguidores.io ofrece los siguientes paquetes activos de X Retweets:<\/h2>\n\n<ul class=\"wp-block-list\">\n<li>25 X Retweets Me gusta<\/li>\n\n\n\n<li>50 X Retweets Me gusta<\/li>\n\n\n\n<li>100 X Retweets Me gusta<\/li>\n\n\n\n<li>250 X Retweets Me gusta<\/li>\n\n\n\n<li>500 X Retweets Me gusta<\/li>\n\n\n\n<li>1000 X Retweets Me gusta<\/li>\n\n\n\n<li>2500 X Retweets Me gusta<\/li>\n<\/ul>\n\n<h2 class=\"wp-block-heading\">\u00bfC\u00f3mo reenviar en X?<\/h2>\n\n<p>Volver a publicar en X (antes Twitter), conocido como Retweet, es una forma sencilla de compartir la publicaci\u00f3n de otro usuario de X con tus seguidores. Funciona as\u00ed: <\/p>\n\n<ol class=\"wp-block-list\">\n<li><strong>Encuentra la publicaci\u00f3n:<\/strong> Ve a la publicaci\u00f3n X que quieres compartir con tus seguidores.<\/li>\n\n\n\n<li><strong>Bot\u00f3n Retweet:<\/strong> Busca el s\u00edmbolo de Retweet, que suele parecerse a dos flechas formando un cuadrado. Este bot\u00f3n suele estar debajo de la publicaci\u00f3n. <\/li>\n\n\n\n<li><strong>Elige c\u00f3mo quieres retuitear:<\/strong> Despu\u00e9s de hacer clic en el bot\u00f3n Retuitear, generalmente tendr\u00e1s dos opciones:\n<ul class=\"wp-block-list\">\n<li><strong>Retuitear:<\/strong> Comparte la publicaci\u00f3n original directamente en tu perfil.<\/li>\n\n\n\n<li><strong>Tweet Cita:<\/strong> Esto te permite a\u00f1adir un comentario o tus propios pensamientos sobre la publicaci\u00f3n original antes de compartirla. Si eliges esta opci\u00f3n, aparecer\u00e1 un cuadro de texto donde puedes escribir tu mensaje. <\/li>\n<\/ul>\n<\/li>\n\n\n\n<li><strong>Publica tu Retweet o Cita de Tweet:<\/strong> Tras elegir una de las opciones, haz clic en el bot\u00f3n Retuitear o Twittear Cita para compartir el contenido. Si has elegido Twittear Cita, aseg\u00farate de escribir tus comentarios en el cuadro de texto proporcionado. <\/li>\n<\/ol>\n\n<p>Tras completar estos pasos, el Repost (Retweet o Cita de Tweet) aparecer\u00e1 en tu perfil X, permitiendo a tus seguidores ver el contenido e interactuar con \u00e9l. Es una forma estupenda de interactuar con la comunidad X y compartir descubrimientos interesantes con tu audiencia. <\/p>\n\n<h2 class=\"wp-block-heading\">\u00bfCu\u00e1l es la diferencia entre Cita X y Repost?<\/h2>\n\n<p>En X (antes Twitter), los t\u00e9rminos \"Citar\" y \"Repostar\" se refieren a diferentes formas de compartir contenidos:<\/p>\n\n<ul class=\"wp-block-list\">\n<li><strong>X Citar (Citar -Tweet):<\/strong> Cuando citas un Tweet, b\u00e1sicamente creas un nuevo Tweet que contiene el Tweet original incrustado. Esto te permite a\u00f1adir tus propios comentarios o contexto sobre el Tweet original. Es una forma de interactuar con el contenido, presentando tu perspectiva, que se hace visible junto al Tweet original para tus seguidores.  <\/li>\n\n\n\n<li><strong>Repost (Retweet):<\/strong> Un Repost, o Retweet, es compartir el Tweet de otra persona en tu perfil exactamente como se public\u00f3 originalmente. Esta acci\u00f3n no permite comentarios ni modificaciones: simplemente duplica el Tweet y lo muestra a tus seguidores, dejando claro que se trata de un Retweet de otro usuario. <\/li>\n<\/ul>\n\n<p>B\u00e1sicamente, la Cita te permite a\u00f1adir tu punto de vista sobre el contenido original, mientras que el Repost comparte el contenido tal cual. Ambas acciones pretenden aumentar el alcance y la visibilidad de la publicaci\u00f3n original. <\/p>\n\n<h2 class=\"wp-block-heading\">\u00bfC\u00f3mo se llaman los puestos X?<\/h2>\n\n<p>En X, que antes se conoc\u00eda como Twitter, las publicaciones se denominan com\u00fanmente \"Tweets\". Esta terminolog\u00eda se ha mantenido incluso despu\u00e9s de que la plataforma pasara a llamarse X. Los usuarios siguen utilizando el t\u00e9rmino \"Tweets\" para describir sus publicaciones, manteniendo una conexi\u00f3n con el origen de la plataforma y el significado ic\u00f3nico del t\u00e9rmino en el contexto de la comunicaci\u00f3n digital. <\/p>\n\n<h2 class=\"wp-block-heading\">\u00bfC\u00f3mo activar Repost?<\/h2>\n\n<p>En X (antes Twitter), la posibilidad de Volver a publicar, o Retweet, est\u00e1 activada por defecto para todas las cuentas p\u00fablicas. Si quieres asegurarte de que otros puedan volver a publicar tus Tweets o si quieres volver a publicar el Tweet de otra persona, sigue estos pasos: <\/p>\n\n<h3 class=\"wp-block-heading\">Para permitir que otros reenv\u00eden tus Tweets:<\/h3>\n\n<ol class=\"wp-block-list\">\n<li><strong>Hazlo p\u00fablico:<\/strong> Aseg\u00farate de que tu cuenta X es p\u00fablica. Los tweets privados no pueden ser reenviados por otros. Para comprobar o cambiar tu configuraci\u00f3n de privacidad:  \n<ul class=\"wp-block-list\">\n<li>Ve a \"Configuraci\u00f3n y Privacidad\".<\/li>\n\n\n\n<li>Haz clic en \"Privacidad y seguridad\".<\/li>\n\n\n\n<li>Aseg\u00farate de que la opci\u00f3n \"Proteger tus Tweets\" est\u00e1 desactivada.<\/li>\n<\/ul>\n<\/li>\n<\/ol>\n\n<h3 class=\"wp-block-heading\"><strong>Volver a publicar (Retweet) un Tweet de otra persona:<\/strong><\/h3>\n\n<ol class=\"wp-block-list\">\n<li><strong>Encuentra el Tweet:<\/strong> Navega hasta el Tweet que quieres reenviar.<\/li>\n\n\n\n<li><strong>Volver a publicar:<\/strong> Haz clic en el s\u00edmbolo de Retweet (dos flechas formando un cuadrado). Esto reenviar\u00e1 inmediatamente el Tweet a tu perfil. <\/li>\n\n\n\n<li><strong>Confirmar:<\/strong> Algunas interfaces pueden pedirte que confirmes el Repost haciendo clic en \"Retweet\" en un cuadro de confirmaci\u00f3n.<\/li>\n<\/ol>\n\n<h3 class=\"wp-block-heading\">Opciones adicionales:<\/h3>\n\n<ul class=\"wp-block-list\">\n<li><strong>Cita del Tweet:<\/strong> Si quieres a\u00f1adir un comentario al Tweet que est\u00e1s reenviando, selecciona \"Cita de Tweet\" despu\u00e9s de hacer clic en el s\u00edmbolo de Retweet. Escribe tu comentario y publ\u00edcalo. Esto te permite compartir el Tweet original con tu comentario adicional.  <\/li>\n<\/ul>\n\n<h2 class=\"wp-block-heading\">\u00bfC\u00f3mo elimino Retweets antiguos?<\/h2>\n\n<p>Para eliminar Retweets antiguos en X (antes Twitter), sigue estos sencillos pasos:<\/p>\n\n<ol class=\"wp-block-list\">\n<li><strong>Accede a tu cuenta:<\/strong> Abre X e inicia sesi\u00f3n con tus credenciales.<\/li>\n\n\n\n<li><strong>Ir a tu perfil:<\/strong> Haz clic en el icono de tu perfil o en tu nombre para acceder a tu p\u00e1gina de perfil, donde se muestran tus Tweets y Retweets.<\/li>\n\n\n\n<li><strong>Encuentra el Retweet:<\/strong> Despl\u00e1zate por tus Tweets para encontrar el Retweet que deseas eliminar. Tambi\u00e9n puedes utilizar la barra de b\u00fasqueda situada en la parte superior de la p\u00e1gina de tu perfil para encontrar Tweets concretos, incluidas las palabras del Tweet original o el nombre de usuario del autor original. <\/li>\n\n\n\n<li><strong>Elimina el Retweet:<\/strong> Pasa el rat\u00f3n por encima del Retweet y busca el s\u00edmbolo de Retweet (dos flechas formando un cuadrado), que puede estar resaltado o en un color diferente porque lo has retuiteado. Pulsa sobre este s\u00edmbolo y aparecer\u00e1 un mensaje pregunt\u00e1ndote si quieres deshacer el Retweet. <\/li>\n\n\n\n<li><strong>Confirma la eliminaci\u00f3n:<\/strong> Haz clic en \"Deshacer Retweet\" o en \"S\u00ed\" en la pregunta, dependiendo de la interfaz. Esta acci\u00f3n elimina el Retweet de tu perfil. <\/li>\n<\/ol>\n\n<p>Recuerda que eliminar un Retweet s\u00f3lo lo elimina de tu cronolog\u00eda; el Tweet original seguir\u00e1 existiendo en la p\u00e1gina del autor original a menos que decida eliminarlo.<\/p>\n\n<h2 class=\"wp-block-heading\">\u00bfPuedo ver mis Retweets antiguos?<\/h2>\n\n<p>S\u00ed, puedes ver tus antiguos Retweets en X (antes Twitter) siguiendo estos pasos:<\/p>\n\n<ol class=\"wp-block-list\">\n<li><strong>Accede a tu cuenta:<\/strong> Abre X e inicia sesi\u00f3n en tu cuenta.<\/li>\n\n\n\n<li><strong>Ir a tu perfil:<\/strong> Haz clic en el icono de tu perfil para acceder a tu p\u00e1gina de perfil, donde se muestran todos tus Tweets y Retweets.<\/li>\n\n\n\n<li><strong>Ver tus Tweets y Retweets:<\/strong> Despl\u00e1zate por tu cronolog\u00eda en la p\u00e1gina de perfil para ver tanto tus propios Tweets como las publicaciones que has Retwiteado. Tus Retweets est\u00e1n marcados con el s\u00edmbolo de Retweet y normalmente muestran el nombre de usuario del autor original en la parte superior del Tweet. <\/li>\n\n\n\n<li><strong>Utiliza la funci\u00f3n de b\u00fasqueda:<\/strong> Si buscas un Retweet concreto, puedes utilizar la funci\u00f3n de b\u00fasqueda de X. Escribe <code>from:seunomeusuario filter:nativeretweets<\/code> en la barra de b\u00fasqueda y sustituye <code>seunomeusuario<\/code> por tu nombre de usuario real en X. Esta b\u00fasqueda filtra tus actividades para mostrar s\u00f3lo Retweets.<\/li>\n<\/ol>\n\n<p>Siguiendo estos pasos, puedes acceder y revisar f\u00e1cilmente tus Retweets antiguos realizados en tu cuenta.<\/p>\n\n<h2 class=\"wp-block-heading\">\u00bfDesaparecen los Retweets?<\/h2>\n\n<p>Los Retweets generalmente permanecen visibles en tu perfil X a menos que se eliminen. Pueden desaparecer si <\/p>\n\n<ol class=\"wp-block-list\">\n<li><strong>Borra el Retweet.<\/strong><\/li>\n\n\n\n<li><strong>El Tweet original se borra.<\/strong><\/li>\n\n\n\n<li><strong>La cuenta del autor original se hace privada o se elimina.<\/strong><\/li>\n\n\n\n<li><strong>La cuenta del autor original est\u00e1 bloqueada.<\/strong><\/li>\n<\/ol>\n\n<p>Estas acciones har\u00e1n que los Retweets dejen de ser visibles en tu perfil.<\/p>\n\n<h2 class=\"wp-block-heading\">PREGUNTAS FRECUENTES<\/h2>\n\n<div data-schema-only=\"false\" class=\"wp-block-aioseo-faq\"><h3 class=\"aioseo-faq-block-question\">Por que devo considerar comprar X Retweets?<\/h3><div class=\"aioseo-faq-block-answer\">\n<p>Comprar X Retweets es un movimiento estrat\u00e9gico que puede aumentar significativamente tu visibilidad y credibilidad online. Una base s\u00f3lida de seguidores puede aumentar tus niveles de compromiso, abrir nuevas oportunidades de negocio y establecerte como una autoridad en tu campo. <\/p>\n<\/div><\/div>\n\n<div data-schema-only=\"false\" class=\"wp-block-aioseo-faq\"><h3 class=\"aioseo-faq-block-question\">Quanto tempo demora para ver resultados?<\/h3><div class=\"aioseo-faq-block-answer\">\n<p>Ver\u00e1s resultados inmediatos en cuanto se procese tu pedido.<\/p>\n<\/div><\/div>\n\n<div data-schema-only=\"false\" class=\"wp-block-aioseo-faq\"><h3 class=\"aioseo-faq-block-question\">Qu\u00e3o seguro \u00e9 o processo de compra de Retweets?<\/h3><div class=\"aioseo-faq-block-answer\">\n<p>Tu seguridad y satisfacci\u00f3n son nuestra m\u00e1xima prioridad. Nuestro servicio utiliza m\u00e9todos 100% seguros que no comprometer\u00e1n tus datos ni tu perfil X. <\/p>\n<\/div><\/div>\n\n<div data-schema-only=\"false\" class=\"wp-block-aioseo-faq\"><h3 class=\"aioseo-faq-block-question\">Os Retweets permanecem permanentemente na minha conta?<\/h3><div class=\"aioseo-faq-block-answer\">\n<p>S\u00ed, los Retweets que proporcionamos est\u00e1n dise\u00f1ados para ser permanentes. Nos esforzamos por lograr un crecimiento sostenible mediante servicios fiables y de alta calidad para garantizar resultados a largo plazo. <\/p>\n<\/div><\/div>\n\n<div data-schema-only=\"false\" class=\"wp-block-aioseo-faq\"><h3 class=\"aioseo-faq-block-question\">Existe alguma garantia de que os Retweets aumentar\u00e3o?<\/h3><div class=\"aioseo-faq-block-answer\">\n<p>\u00a1Por supuesto! Garantizamos un aumento de Retweets seg\u00fan tu solicitud. Adem\u00e1s, nuestro equipo de soporte especializado est\u00e1 disponible para responder a cualquier pregunta o problema que puedas tener.  <\/p>\n<\/div><\/div>\n\n<div data-schema-only=\"false\" class=\"wp-block-aioseo-faq\"><h3 class=\"aioseo-faq-block-question\">Quais benef\u00edcios posso esperar se comprar X Retweets?<\/h3><div class=\"aioseo-faq-block-answer\">\n<p>Comprar X Retweets puede aumentar significativamente la visibilidad y credibilidad de tu contenido, fomentar la participaci\u00f3n y aumentar las posibilidades de que tus publicaciones se vuelvan virales. Este mayor alcance tambi\u00e9n puede facilitar las oportunidades de establecer contactos con personas influyentes y posibles socios colaboradores, reforzando tu posici\u00f3n general en la plataforma. <\/p>\n<\/div><\/div>\n\n<div data-schema-only=\"false\" class=\"wp-block-aioseo-faq\"><h3 class=\"aioseo-faq-block-question\">\u00c9 poss\u00edvel ser banido por comprar X Retweets?<\/h3><div class=\"aioseo-faq-block-answer\">\n<p>Comprar X Retweets a proveedores de confianza que siguen las pol\u00edticas de la plataforma no suele suponer ning\u00fan riesgo de prohibici\u00f3n. Elegir fuentes fiables minimiza los riesgos asociados a cuentas fraudulentas o bots y garantiza que sus pr\u00e1cticas cumplen las normas y reglas \u00e9ticas de la plataforma. <\/p>\n<\/div><\/div>\n\n<div data-schema-only=\"false\" class=\"wp-block-aioseo-faq\"><h3 class=\"aioseo-faq-block-question\">Comprar Retweets \u00e9 uma pr\u00e1tica comum?<\/h3><div class=\"aioseo-faq-block-answer\">\n<p>S\u00ed, comprar Retweets es una pr\u00e1ctica habitual en plataformas como X, a menudo utilizada por particulares y empresas para aumentar r\u00e1pidamente la visibilidad y el compromiso de sus publicaciones. Este m\u00e9todo ayuda a aumentar la popularidad percibida y a ampliar el alcance y la influencia del usuario. <\/p>\n<\/div><\/div>\n\n<div data-schema-only=\"false\" class=\"wp-block-aioseo-faq\"><h3 class=\"aioseo-faq-block-question\">Qual \u00e9 o n\u00famero ideal de X Retweets para comprar?<\/h3><div class=\"aioseo-faq-block-answer\">\n<p>El n\u00famero ideal de X Retweets a comprar depende de tus objetivos espec\u00edficos. Es aconsejable empezar con una cantidad peque\u00f1a para evaluar los efectos y la eficacia. En funci\u00f3n de los resultados iniciales, puedes aumentar gradualmente la cantidad para escalar tu engagement y lograr eficazmente los resultados deseados.  <\/p>\n<\/div><\/div>\n\n<div data-schema-only=\"false\" class=\"wp-block-aioseo-faq\"><h3 class=\"aioseo-faq-block-question\">Quais m\u00e9todos de pagamento voc\u00eas oferecem?<\/h3><div class=\"aioseo-faq-block-answer\">\n<p>Ofrecemos diversos m\u00e9todos de pago, como tarjetas de cr\u00e9dito, PayPal y, en algunos casos, criptomonedas. Esta selecci\u00f3n te permite elegir la opci\u00f3n m\u00e1s conveniente para tus transacciones. <\/p>\n<\/div><\/div>\n","protected":false},"excerpt":{"rendered":"<p><strong>Mejora tu perfil X comprando retweets de alta calidad que aumenten tu visibilidad y establezcan tu autoridad.<\/strong><\/p>\n<p>\ud83c\udf1f 100% retweets X reales  Velocidad = 200-500 al d\u00eda  Sin riesgo  Tiempo de inicio = 0-1 hora  Atenci\u00f3n al cliente 24\/7<br \/>\n\ud83d\ude80<br \/>\n\ud83d\udd12<br \/>\n\ud83c\udfc1<br \/>\n\ud83d\udcde <\/p>\n","protected":false},"featured_media":7406,"comment_status":"closed","ping_status":"closed","template":"","meta":[],"product_brand":[],"product_cat":[106],"product_tag":[],"class_list":{"0":"post-12301","1":"product","2":"type-product","3":"status-publish","4":"has-post-thumbnail","6":"product_cat-sin-categoria","8":"first","9":"instock","10":"shipping-taxable","11":"purchasable","12":"product-type-variable"},"aioseo_notices":[],"_links":{"self":[{"href":"https:\/\/comprarseguidores.io\/es\/wp-json\/wp\/v2\/product\/12301","targetHints":{"allow":["GET"]}}],"collection":[{"href":"https:\/\/comprarseguidores.io\/es\/wp-json\/wp\/v2\/product"}],"about":[{"href":"https:\/\/comprarseguidores.io\/es\/wp-json\/wp\/v2\/types\/product"}],"replies":[{"embeddable":true,"href":"https:\/\/comprarseguidores.io\/es\/wp-json\/wp\/v2\/comments?post=12301"}],"version-history":[{"count":1,"href":"https:\/\/comprarseguidores.io\/es\/wp-json\/wp\/v2\/product\/12301\/revisions"}],"predecessor-version":[{"id":12324,"href":"https:\/\/comprarseguidores.io\/es\/wp-json\/wp\/v2\/product\/12301\/revisions\/12324"}],"wp:featuredmedia":[{"embeddable":true,"href":"https:\/\/comprarseguidores.io\/es\/wp-json\/wp\/v2\/media\/7406"}],"wp:attachment":[{"href":"https:\/\/comprarseguidores.io\/es\/wp-json\/wp\/v2\/media?parent=12301"}],"wp:term":[{"taxonomy":"product_brand","embeddable":true,"href":"https:\/\/comprarseguidores.io\/es\/wp-json\/wp\/v2\/product_brand?post=12301"},{"taxonomy":"product_cat","embeddable":true,"href":"https:\/\/comprarseguidores.io\/es\/wp-json\/wp\/v2\/product_cat?post=12301"},{"taxonomy":"product_tag","embeddable":true,"href":"https:\/\/comprarseguidores.io\/es\/wp-json\/wp\/v2\/product_tag?post=12301"}],"curies":[{"name":"wp","href":"https:\/\/api.w.org\/{rel}","templated":true}]}}