{"id":12340,"date":"2024-06-11T10:06:27","date_gmt":"2024-06-11T10:06:27","guid":{"rendered":"https:\/\/comprarseguidores.io\/product\/comprar-x-reproducciones-de-video\/"},"modified":"2025-04-06T12:06:03","modified_gmt":"2025-04-06T12:06:03","slug":"comprar-x-reproducciones-de-video","status":"publish","type":"product","link":"https:\/\/comprarseguidores.io\/es\/product\/comprar-x-reproducciones-de-video\/","title":{"rendered":"Comprar X reproducciones de v\u00eddeo"},"content":{"rendered":"\n<h2 class=\"wp-block-heading\">Comprar X reproducciones de v\u00eddeo<\/h2>\n\n<p>Comprar visualizaciones de v\u00eddeos X ofrece importantes ventajas para mejorar tu presencia e impacto en la plataforma. En primer lugar, aumenta la visibilidad de tus v\u00eddeos, haci\u00e9ndolos m\u00e1s populares y atractivos para otros usuarios, lo que puede dar lugar a un aumento de la participaci\u00f3n org\u00e1nica, como \"me gusta\", \"compartir\" y \"comentarios\". Este aumento de la participaci\u00f3n tambi\u00e9n puede hacer que tu contenido ascienda en el <a href=\"https:\/\/metricool.com\/how-the-twitter-x-algorithm-works-in-2023\/\">algoritmo de X<\/a>, lo que se traduce en una mayor exposici\u00f3n y, potencialmente, en la atracci\u00f3n de nuevos seguidores.<br\/>Adem\u00e1s, un mayor n\u00famero de visualizaciones confiere credibilidad y autoridad a tu contenido, haciendo que tu perfil sea m\u00e1s atractivo para posibles colaboradores o anunciantes. En general, comprar visualizaciones de v\u00eddeo en X puede ser una herramienta estrat\u00e9gica para acelerar el crecimiento en las redes sociales, mejorar tus m\u00e9tricas de v\u00eddeo y reforzar tu reputaci\u00f3n digital.   <\/p>\n\n<h2 class=\"wp-block-heading\">Comprar X reproducciones de v\u00eddeo + impresiones<\/h2>\n\n<p>Maximiza el potencial de tu v\u00eddeo en X con nuestro paquete combinado de visualizaciones e impresiones de v\u00eddeo. Este doble enfoque no s\u00f3lo aumenta el n\u00famero de personas que ven tu v\u00eddeo, sino que tambi\u00e9n potencia el n\u00famero total de veces que tu v\u00eddeo aparece en los feeds de los usuarios, independientemente de si se ve o no. Ideal para ampliar el alcance y aumentar el compromiso, este paquete ayuda a mejorar las estad\u00edsticas y la visibilidad de tu v\u00eddeo, estimulando una mayor interacci\u00f3n e inter\u00e9s en tu contenido.  <\/p>\n\n<p><strong>Puedes aumentar la visibilidad y el compromiso en tu perfil X manteniendo una buena mezcla de seguidores, me gusta, retweets, votos en encuestas, oyentes en espacios y comentarios aleatorios.<\/strong><\/p>\n\n<h2 class=\"wp-block-heading\">\u00bfCu\u00e1les son las ventajas de comprar X reproducciones de v\u00eddeo?<\/h2>\n\n<p>Comprar visualizaciones de v\u00eddeo en X ofrece varias ventajas que pueden aumentar significativamente el impacto y el alcance de tu perfil:<\/p>\n\n<ol class=\"wp-block-list\">\n<li>Mayor <strong>visibilidad<br\/><\/strong>Aumentar las visualizaciones de tu v\u00eddeo ayuda a que tu contenido sea m\u00e1s popular al atraer a m\u00e1s espectadores org\u00e1nicos que se sienten atra\u00eddos por los v\u00eddeos de moda.<br\/><\/li>\n\n\n\n<li><strong>Mayor credibilidad<br\/><\/strong>Los v\u00eddeos con un elevado n\u00famero de visualizaciones suelen considerarse m\u00e1s autorizados y fiables, lo que aumenta su reputaci\u00f3n entre los espectadores.<br\/><\/li>\n\n\n\n<li>Aumento de <strong>la participaci\u00f3n<br\/><\/strong>A medida que m\u00e1s personas descubren tus v\u00eddeos debido al aumento de las visualizaciones, es probable que veas un aumento de las interacciones org\u00e1nicas, como me gusta, compartir y comentarios.<br\/><\/li>\n\n\n\n<li><strong>Beneficios del algoritmo<br\/><\/strong>Muchas plataformas de redes sociales utilizan m\u00e9tricas como las visualizaciones para clasificar los contenidos. Un mayor n\u00famero de visitas puede mejorar tu visibilidad en los feeds de los usuarios, ampliando a\u00fan m\u00e1s tu alcance. <br\/><\/li>\n\n\n\n<li><strong>Oportunidades de monetizaci\u00f3n<br\/><\/strong>Atraer a m\u00e1s espectadores tambi\u00e9n puede hacer que tu canal sea m\u00e1s atractivo para los anunciantes, abriendo posibles fuentes de ingresos a trav\u00e9s de contenidos patrocinados o anuncios.<br\/><\/li>\n\n\n\n<li><strong>Validaci\u00f3n social<br\/><\/strong>Un elevado n\u00famero de visualizaciones act\u00faa como una forma de prueba social, sugiriendo que tu contenido es atractivo y que merece la pena verlo, lo que puede animar a m\u00e1s gente a seguir tu canal.<\/li>\n<\/ol>\n\n<p>Estas ventajas ponen de relieve c\u00f3mo la compra de visualizaciones de v\u00eddeo en X puede ser una herramienta estrat\u00e9gica para ampliar tu influencia y \u00e9xito en la plataforma.<\/p>\n\n<h2 class=\"wp-block-heading\">\u00bfEs seguro comprar X reproducciones de v\u00eddeo?<\/h2>\n\n<p>S\u00ed, comprar visualizaciones de v\u00eddeo en X puede ser seguro si las compras en sitios aut\u00e9nticos y de buena reputaci\u00f3n. Estas fuentes cre\u00edbles garantizan que las visualizaciones son generadas por usuarios reales, cumpliendo <a href=\"https:\/\/help.twitter.com\/en\/rules-and-policies\/x-rules\">las directrices de<\/a> la plataforma y reduciendo el riesgo de cualquier consecuencia negativa para tu cuenta. Es crucial seleccionar proveedores que prioricen las pr\u00e1cticas \u00e9ticas y la transparencia, para proteger la integridad de tu cuenta y maximizar la eficacia de tu inversi\u00f3n.  <\/p>\n\n<figure class=\"wp-block-image size-full\"><img fetchpriority=\"high\" decoding=\"async\" width=\"800\" height=\"600\" src=\"https:\/\/comprarseguidores.io\/wp-content\/uploads\/2024\/06\/Compre-X-visualizacoes-de-video.png\" alt=\"Comprar X reproducciones de v&#xED;deo\" class=\"wp-image-8685\" srcset=\"https:\/\/comprarseguidores.io\/wp-content\/uploads\/2024\/06\/Compre-X-visualizacoes-de-video.png 800w, https:\/\/comprarseguidores.io\/wp-content\/uploads\/2024\/06\/Compre-X-visualizacoes-de-video-300x225.png 300w, https:\/\/comprarseguidores.io\/wp-content\/uploads\/2024\/06\/Compre-X-visualizacoes-de-video-768x576.png 768w, https:\/\/comprarseguidores.io\/wp-content\/uploads\/2024\/06\/Compre-X-visualizacoes-de-video-441x331.png 441w, https:\/\/comprarseguidores.io\/wp-content\/uploads\/2024\/06\/Compre-X-visualizacoes-de-video-150x113.png 150w\" sizes=\"(max-width: 800px) 100vw, 800px\" \/><\/figure>\n\n<h2 class=\"wp-block-heading\">\u00bfC\u00f3mo comprar X reproducciones de v\u00eddeo?<\/h2>\n\n<p>Comprar visualizaciones de v\u00eddeo en X es un proceso sencillo y c\u00f3modo. Para empezar, s\u00f3lo tienes que introducir la URL del v\u00eddeo que quieres promocionar en el campo de URL designado en el sitio web del proveedor de servicios. A continuaci\u00f3n, selecciona el n\u00famero deseado de visualizaciones en funci\u00f3n de tus necesidades y presupuesto.  <\/p>\n\n<p>Una vez que hayas completado tu pedido y finalizado el pago, el proceso de aumentar las visualizaciones de tu v\u00eddeo comenzar\u00e1 en pocas horas. Empezar\u00e1s a ver los resultados casi de inmediato, ya que el n\u00famero de visualizaciones de tu v\u00eddeo empezar\u00e1 a aumentar, mejorando tu visibilidad e impacto en la plataforma de forma r\u00e1pida y eficaz. <\/p>\n\n<ol class=\"wp-block-list\">\n<li>Introduce la URL del v\u00eddeo X que quieres potenciar en el campo correspondiente.<\/li>\n\n\n\n<li>Elige el n\u00famero de vistas que quieres comprar.<\/li>\n\n\n\n<li>Finaliza tu pedido y realiza el pago.<\/li>\n\n\n\n<li>El servicio comienza a procesarse a las pocas horas de la compra.<\/li>\n\n\n\n<li>Observa c\u00f3mo el n\u00famero de visualizaciones de tu v\u00eddeo aumenta casi inmediatamente.<\/li>\n<\/ol>\n\n<h2 class=\"wp-block-heading\">\u00bfCu\u00e1nto cuestan 1000 X reproducciones de v\u00eddeo?<\/h2>\n\n<p>El coste de 1000 visualizaciones de v\u00eddeo en X puede variar significativamente en funci\u00f3n de la calidad de las visualizaciones y de la autenticidad del sitio que ofrece el servicio. Las visualizaciones de mayor calidad, que suelen proceder de usuarios reales y activos, suelen costar m\u00e1s que las de fuentes menos fiables que pueden utilizar m\u00e9todos automatizados. Es crucial seleccionar un proveedor cre\u00edble para asegurarte de que obtienes visualizaciones aut\u00e9nticas que cumplen las directrices de la plataforma y contribuyen eficazmente a la participaci\u00f3n de tu v\u00eddeo. Eval\u00faa siempre la reputaci\u00f3n del proveedor y lee los comentarios de los clientes para asegurarte de que eliges un servicio que ofrece una buena relaci\u00f3n calidad-precio y fiabilidad.   <\/p>\n\n<h2 class=\"wp-block-heading\">\u00bfC\u00f3mo puedo conseguir m\u00e1s visualizaciones de v\u00eddeos X?<\/h2>\n\n<p>Para aumentar las visualizaciones de tus v\u00eddeos en X de forma org\u00e1nica y eficaz, puedes aplicar varias pr\u00e1cticas estrat\u00e9gicas:<\/p>\n\n<ol class=\"wp-block-list\">\n<li><strong>Publica contenido de alta calidad<br\/><\/strong>Crea v\u00eddeos atractivos, informativos o entretenidos que atraigan a tu p\u00fablico objetivo. El contenido de alta calidad tiene m\u00e1s probabilidades de ser visto y compartido. <br\/><\/li>\n\n\n\n<li><strong>Optimiza los t\u00edtulos y descripciones de los v\u00eddeos<br\/><\/strong>Utiliza t\u00edtulos y descripciones claros y convincentes. Incorpora palabras clave relevantes para mejorar el descubrimiento en las b\u00fasquedas. <br\/><\/li>\n\n\n\n<li><strong>Utiliza hashtags<br\/><\/strong>Incluye hashtags relevantes para aumentar la visibilidad de tus v\u00eddeos. Los hashtags ayudan a categorizar el contenido, facilitando que los usuarios interesados en esos temas encuentren tus v\u00eddeos. <br\/><\/li>\n\n\n\n<li><strong>Interact\u00faa con los espectadores<br\/><\/strong>Responde a los comentarios de tus v\u00eddeos para fomentar una comunidad. La participaci\u00f3n puede animar a los espectadores a ver m\u00e1s de tu contenido. <br\/><\/li>\n\n\n\n<li><strong>Promoci\u00f3n en<\/strong>redes sociales <strong><br\/> Comparte tus v\u00eddeos en otras plataformas de redes sociales e incr\u00fastalos en blogs o sitios web para llegar a un p\u00fablico m\u00e1s amplio.<\/strong><br\/><\/li>\n\n\n\n<li><strong>Publica en horas de m\u00e1xima audiencia<br\/><\/strong>Publica tus v\u00eddeos cuando tu audiencia est\u00e9 m\u00e1s activa. Comprueba tus anal\u00edticas para ver cu\u00e1ndo est\u00e1n conectados tus espectadores. <br\/><\/li>\n\n\n\n<li><strong>Colabora con otros creadores<br\/><\/strong>As\u00f3ciate con otros creadores de contenidos para acceder a sus audiencias. Esto puede presentar tu canal a espectadores que pueden estar interesados en tu contenido. <br\/><\/li>\n\n\n\n<li><strong>Realiza promociones de pago<br\/><\/strong>Considera la posibilidad de utilizar opciones de publicidad de pago en X para aumentar las visualizaciones de los v\u00eddeos. Los anuncios dirigidos pueden ayudar a llegar a grupos demogr\u00e1ficos espec\u00edficos y aumentar la exposici\u00f3n. <br\/><\/li>\n\n\n\n<li><strong>Crea listas de reproducci\u00f3n<br\/><\/strong>Agrupa tus v\u00eddeos en listas de reproducci\u00f3n para fomentar sesiones de visualizaci\u00f3n m\u00e1s largas. Las listas de reproducci\u00f3n pueden ayudar a que la gente siga tu canal durante m\u00e1s tiempo. <br\/><\/li>\n\n\n\n<li><strong>Anima a compartir y a suscribirse<br\/><\/strong>Al final de tus v\u00eddeos, recuerda a los espectadores que compartan tu contenido y se suscriban a tu canal para estar al d\u00eda de las nuevas subidas.<\/li>\n<\/ol>\n\n<h2 class=\"wp-block-heading\">\u00bfPor qu\u00e9 Comprarseguidores.io es el mejor sitio para comprar X reproducciones de v\u00eddeo?<\/h2>\n\n<p>Comprarseguidores.io est\u00e1 muy bien considerado como el mejor sitio para comprar visualizaciones de v\u00eddeos en X, debido a su reconocido estatus y compromiso con la prestaci\u00f3n de servicios de alta calidad. Es aclamado por ofrecer visionados de usuarios activos y comprometidos, en lugar de cuentas inactivas o bots, lo que garantiza un compromiso genuino. El sitio tambi\u00e9n es conocido por su excepcional servicio de atenci\u00f3n al cliente, dispuesto a resolver cualquier duda o pregunta.  <\/p>\n\n<p>Con estrictas medidas de seguridad, protege la informaci\u00f3n y las transacciones de los usuarios, al tiempo que cumple estrictamente las condiciones de servicio de X para proteger tu cuenta de cualquier riesgo potencial. Adem\u00e1s, Comprarseguidores.io ofrece precios transparentes sin cargos ocultos, proporcionando una variedad de paquetes que se adaptan a diferentes presupuestos y necesidades. La r\u00e1pida entrega de los servicios garantiza que los clientes puedan ver los efectos de sus compras casi de inmediato. Adem\u00e1s, la garant\u00eda de satisfacci\u00f3n o la pol\u00edtica de reembolso del sitio proporcionan una garant\u00eda adicional, lo que lo convierte en una opci\u00f3n fiable para mejorar tu presencia en X.   <\/p>\n\n<h2 class=\"wp-block-heading\">Comprarseguidores.io ofrece los siguientes paquetes de visualizaci\u00f3n de v\u00eddeo Active X<\/h2>\n\n<p>100 visualizaciones en X<br\/>250 visualizaciones en X<br\/>500 visualizaciones en X<br\/>1000 visualizaciones en X<br\/>5000 visualizaciones en X<br\/>10.000 visualizaciones en X<\/p>\n\n<h1 class=\"wp-block-heading\">PREGUNTAS FRECUENTES<\/h1>\n\n<div data-schema-only=\"false\" class=\"wp-block-aioseo-faq\"><h3 class=\"aioseo-faq-block-question\">Quais benef\u00edcios posso esperar ao comprar visualiza\u00e7\u00f5es de v\u00eddeo no X?<\/h3><div class=\"aioseo-faq-block-answer\">\n<p>Comprar reproducciones de v\u00eddeo en X puede aumentar significativamente la visibilidad y credibilidad de tu contenido, haciendo que tus v\u00eddeos parezcan m\u00e1s populares y atrayendo participaci\u00f3n org\u00e1nica.<\/p>\n<\/div><\/div>\n\n<div data-schema-only=\"false\" class=\"wp-block-aioseo-faq\"><h3 class=\"aioseo-faq-block-question\">\u00c9 poss\u00edvel ser banido por comprar visualiza\u00e7\u00f5es de v\u00eddeo no X?<\/h3><div class=\"aioseo-faq-block-answer\">\n<p>No, comprar visualizaciones de v\u00eddeo en X a fuentes cre\u00edbles que cumplan las pol\u00edticas de la plataforma no suele dar lugar a una prohibici\u00f3n. Elegir proveedores fiables ayuda a evitar problemas como cuentas falsas o bots, garantizando que tus acciones se ajustan a las normas \u00e9ticas y reguladoras de X. <\/p>\n<\/div><\/div>\n\n<div data-schema-only=\"false\" class=\"wp-block-aioseo-faq\"><h3 class=\"aioseo-faq-block-question\">Por que devo comprar visualiza\u00e7\u00f5es de v\u00eddeo no X?<\/h3><div class=\"aioseo-faq-block-answer\">\n<p>Deber\u00edas comprar visualizaciones de v\u00eddeo en X porque esto aumenta la visibilidad y credibilidad de tu perfil, lo que puede conducir a un aumento de la participaci\u00f3n org\u00e1nica de los espectadores.<\/p>\n<\/div><\/div>\n\n<div data-schema-only=\"false\" class=\"wp-block-aioseo-faq\"><h3 class=\"aioseo-faq-block-question\">Quanto tempo leva para ver resultados?<\/h3><div class=\"aioseo-faq-block-answer\">\n<p>Ver\u00e1s los resultados casi inmediatamente despu\u00e9s de que se haya procesado tu pedido, normalmente en unas pocas horas.<\/p>\n<\/div><\/div>\n\n<div data-schema-only=\"false\" class=\"wp-block-aioseo-faq\"><h3 class=\"aioseo-faq-block-question\">Comprar visualiza\u00e7\u00f5es de v\u00eddeo \u00e9 uma pr\u00e1tica frequente?<\/h3><div class=\"aioseo-faq-block-answer\">\n<p>S\u00ed, comprar visualizaciones de v\u00eddeos es una pr\u00e1ctica habitual en las plataformas de redes sociales, incluida X (antes conocida como Twitter). Muchos creadores de contenidos, empresas y personas influyentes compran visualizaciones para aumentar r\u00e1pidamente la visibilidad y aparente popularidad de sus v\u00eddeos. Esta estrategia se utiliza a menudo para impulsar la participaci\u00f3n org\u00e1nica y ampliar el alcance del contenido a un p\u00fablico m\u00e1s amplio.  <\/p>\n<\/div><\/div>\n\n<div data-schema-only=\"false\" class=\"wp-block-aioseo-faq\"><h3 class=\"aioseo-faq-block-question\">Quantas visualiza\u00e7\u00f5es de v\u00eddeo no X devo comprar?<\/h3><div class=\"aioseo-faq-block-answer\">\n<p>El n\u00famero de visualizaciones de v\u00eddeo X que debes comprar depende de tus objetivos espec\u00edficos. Si quieres aumentar la visibilidad de un nuevo lanzamiento o ganar tracci\u00f3n en un \u00e1rea competitiva, un mayor n\u00famero de visualizaciones puede ser beneficioso. Alternativamente, si est\u00e1s probando el impacto de una mayor visibilidad en el compromiso, empezar con una cantidad menor puede ayudarte a evaluar el efecto antes de comprometerte con una compra mayor.  <\/p>\n<\/div><\/div>\n\n<div data-schema-only=\"false\" class=\"wp-block-aioseo-faq\"><h3 class=\"aioseo-faq-block-question\">Essas s\u00e3o visualiza\u00e7\u00f5es reais de v\u00eddeo no X?<\/h3><div class=\"aioseo-faq-block-answer\">\n<p>S\u00ed, se trata de visionados de v\u00eddeos reales en X de cuentas activas y aut\u00e9nticas.<\/p>\n<\/div><\/div>\n\n<div data-schema-only=\"false\" class=\"wp-block-aioseo-faq\"><h3 class=\"aioseo-faq-block-question\">Um alto n\u00famero de visualiza\u00e7\u00f5es de v\u00eddeo pode levar a um aumento no engajamento org\u00e2nico?<\/h3><div class=\"aioseo-faq-block-answer\">\n<p>S\u00ed, un elevado n\u00famero de visualizaciones de un v\u00eddeo puede aumentar la participaci\u00f3n org\u00e1nica. Los v\u00eddeos con m\u00e1s visualizaciones parecen m\u00e1s cre\u00edbles y las plataformas les dan prioridad en sus feeds y recomendaciones, lo que fomenta m\u00e1s \"me gusta\", comentarios y comparticiones por parte de los espectadores. <\/p>\n<\/div><\/div>\n\n<div data-schema-only=\"false\" class=\"wp-block-aioseo-faq\"><h3 class=\"aioseo-faq-block-question\">O que fazer se meu pedido n\u00e3o for entregue?<\/h3><div class=\"aioseo-faq-block-answer\">\n<p>Si tu pedido no se entrega, comprueba la confirmaci\u00f3n del pedido y los detalles del pago para asegurarte de que todo es correcto. A continuaci\u00f3n, ponte en contacto con el servicio de atenci\u00f3n al cliente con la informaci\u00f3n de tu pedido para resolver el problema. Deber\u00edan poder ayudarte y ofrecerte una soluci\u00f3n.  <\/p>\n<\/div><\/div>\n\n<div data-schema-only=\"false\" class=\"wp-block-aioseo-faq\"><h3 class=\"aioseo-faq-block-question\">Quais m\u00e9todos de pagamento voc\u00eas oferecem?<\/h3><div class=\"aioseo-faq-block-answer\">\n<p>Ofrecemos diversos m\u00e9todos de pago, como tarjetas de cr\u00e9dito, PayPal y, en algunos casos, criptomonedas. Esta variedad te permite elegir la opci\u00f3n m\u00e1s conveniente para tus transacciones. <\/p>\n<\/div><\/div>\n","protected":false},"excerpt":{"rendered":"<p>Impulsa tu perfil X invirtiendo en visionados de v\u00eddeo de alta calidad para aumentar tu visibilidad y credibilidad en Internet:<\/p>\n<p>\ud83c\udf1f Autenticidad: <br \/>\u2713 V\u00eddeos 100% reales vistos en X<\/p>\n<p>\ud83d\ude80 Velocidad de entrega: <br \/>\u2713 200-500 visitas al d\u00eda<\/p>\n<p>\ud83d\udd12 Seguridad: <br \/>\u2713 Completamente libre de riesgos<\/p>\n<p>\ud83c\udfc1 Inicio r\u00e1pido: <br \/>\u2713 Comienza en 0-1 hora tras la compra<\/p>\n<p>\ud83d\udcc8 Mayor compromiso: <br \/>\u2713 Ayuda a aumentar las m\u00e9tricas generales de compromiso<\/p>\n<p>\ud83d\udcca An\u00e1lisis mejorados: <br \/>\u2713 Contribuye a mejorar los datos de rendimiento<\/p>\n","protected":false},"featured_media":7406,"comment_status":"closed","ping_status":"closed","template":"","meta":[],"product_brand":[],"product_cat":[110],"product_tag":[],"class_list":{"0":"post-12340","1":"product","2":"type-product","3":"status-publish","4":"has-post-thumbnail","6":"product_cat-x-es","8":"first","9":"instock","10":"shipping-taxable","11":"purchasable","12":"product-type-variable"},"aioseo_notices":[],"_links":{"self":[{"href":"https:\/\/comprarseguidores.io\/es\/wp-json\/wp\/v2\/product\/12340","targetHints":{"allow":["GET"]}}],"collection":[{"href":"https:\/\/comprarseguidores.io\/es\/wp-json\/wp\/v2\/product"}],"about":[{"href":"https:\/\/comprarseguidores.io\/es\/wp-json\/wp\/v2\/types\/product"}],"replies":[{"embeddable":true,"href":"https:\/\/comprarseguidores.io\/es\/wp-json\/wp\/v2\/comments?post=12340"}],"version-history":[{"count":1,"href":"https:\/\/comprarseguidores.io\/es\/wp-json\/wp\/v2\/product\/12340\/revisions"}],"predecessor-version":[{"id":12348,"href":"https:\/\/comprarseguidores.io\/es\/wp-json\/wp\/v2\/product\/12340\/revisions\/12348"}],"wp:featuredmedia":[{"embeddable":true,"href":"https:\/\/comprarseguidores.io\/es\/wp-json\/wp\/v2\/media\/7406"}],"wp:attachment":[{"href":"https:\/\/comprarseguidores.io\/es\/wp-json\/wp\/v2\/media?parent=12340"}],"wp:term":[{"taxonomy":"product_brand","embeddable":true,"href":"https:\/\/comprarseguidores.io\/es\/wp-json\/wp\/v2\/product_brand?post=12340"},{"taxonomy":"product_cat","embeddable":true,"href":"https:\/\/comprarseguidores.io\/es\/wp-json\/wp\/v2\/product_cat?post=12340"},{"taxonomy":"product_tag","embeddable":true,"href":"https:\/\/comprarseguidores.io\/es\/wp-json\/wp\/v2\/product_tag?post=12340"}],"curies":[{"name":"wp","href":"https:\/\/api.w.org\/{rel}","templated":true}]}}