{"id":12347,"date":"2024-06-11T11:53:09","date_gmt":"2024-06-11T11:53:09","guid":{"rendered":"https:\/\/comprarseguidores.io\/product\/comprar-x-clics\/"},"modified":"2025-04-06T12:06:04","modified_gmt":"2025-04-06T12:06:04","slug":"comprar-x-clics","status":"publish","type":"product","link":"https:\/\/comprarseguidores.io\/es\/product\/comprar-x-clics\/","title":{"rendered":"Comprar X clics"},"content":{"rendered":"\n<h2 class=\"wp-block-heading\">Comprar X clics<\/h2>\n\n<p>Comprar X-clics puede mejorar significativamente la eficacia de tus esfuerzos de marketing digital al dirigir m\u00e1s tr\u00e1fico a tus contenidos o p\u00e1ginas de destino. Esta estrategia aumenta tu visibilidad llamando la atenci\u00f3n sobre tus ofertas o informaci\u00f3n. Los clics adicionales pueden conducir a mayores tasas de participaci\u00f3n, ya que un mayor tr\u00e1fico a menudo se traduce en m\u00e1s interacciones, como me gusta, compartir y comentar.  <\/p>\n\n<p>Este aumento del compromiso no s\u00f3lo refuerza tu presencia online, sino que tambi\u00e9n mejora el potencial de conversiones, ya sea en ventas, registros u otras acciones dirigidas. Es m\u00e1s, el aumento de la actividad puede influir positivamente en las clasificaciones de los algoritmos de X, haciendo que tu contenido tenga m\u00e1s probabilidades de aparecer en los feeds sugeridos, ampliando a\u00fan m\u00e1s tu alcance. <\/p>\n\n<h2 class=\"wp-block-heading\">Comprar Clics detallados en X<\/h2>\n\n<p>Invierte en Clics X-Detallados para dirigir el tr\u00e1fico directamente a los detalles espec\u00edficos de tus productos o servicios. Esta opci\u00f3n es perfecta para destacar capas m\u00e1s profundas de contenido y aumentar la participaci\u00f3n de los usuarios con tus ofertas m\u00e1s detalladas, lo que conduce a espectadores m\u00e1s informados y comprometidos. <\/p>\n\n<h2 class=\"wp-block-heading\">Comprar Perfil Clicks X<\/h2>\n\n<p>Aumenta la visibilidad de tu perfil y atrae m\u00e1s tr\u00e1fico con Perfil X Clics. Este servicio aumenta las visitas a tu perfil, ayudando a ampliar tu audiencia y a mejorar las tasas de interacci\u00f3n general. Es ideal para usuarios que quieren ampliar su alcance y reforzar su presencia personal o de marca en X. <\/p>\n\n<h2 class=\"wp-block-heading\">Comprar Link Clicks X<\/h2>\n\n<p>Mejora la eficacia de tus enlaces externos con Clics X-Link. Este servicio dirige el tr\u00e1fico a p\u00e1ginas enlazadas fuera de X, perfecto para aumentar las visitas al sitio, impulsar las tasas de conversi\u00f3n y generar respuestas espec\u00edficas a las llamadas a la acci\u00f3n. Es una herramienta estrat\u00e9gica para quienes buscan convertir el tr\u00e1fico de X en resultados procesables. <\/p>\n\n<h2 class=\"wp-block-heading\">Comprar Clics en Hashtag X<\/h2>\n\n<p>Aumenta tu compromiso dentro de las comunidades de nicho comprando Hashtag X Clics. Este servicio aumenta la visibilidad y el compromiso de las publicaciones etiquetadas con hashtags espec\u00edficos, conect\u00e1ndote m\u00e1s eficazmente con grupos objetivo interesados en temas relevantes. Es ideal para campa\u00f1as destinadas a ganar protagonismo en mercados o conversaciones especializados. <\/p>\n\n<p><strong>Puedes aumentar la visibilidad y el compromiso en tu perfil X manteniendo una buena mezcla de seguidores, me gusta, retweets, votos en encuestas, oyentes en espacios y comentarios aleatorios.<\/strong><\/p>\n\n<h2 class=\"wp-block-heading\">\u00bfCu\u00e1les son las ventajas de comprar X clics?<\/h2>\n\n<p>Comprar clics en X ofrece varias ventajas que pueden mejorar significativamente tus esfuerzos de marketing online:<\/p>\n\n<ol class=\"wp-block-list\">\n<li><strong>Aumento del tr\u00e1fico<br\/><\/strong>Comprar clics en X aumenta directamente el tr\u00e1fico hacia el contenido que elijas, ya sea tu perfil, publicaciones espec\u00edficas, enlaces externos o contenido relacionado con hashtags. Esta mayor visibilidad ayuda a aumentar la participaci\u00f3n de los usuarios. <br\/><\/li>\n\n\n\n<li><strong>Mayor compromiso<br\/><\/strong>M\u00e1s clics suelen traducirse en mayores \u00edndices de compromiso. A medida que m\u00e1s usuarios interact\u00faan con tu contenido, es m\u00e1s probable que reciba m\u00e1s \"me gusta\", \"compartir\", \"comentarios\" y \"seguidores\". <br\/><\/li>\n\n\n\n<li><strong>Alcance dirigido<br\/><\/strong>Comprar clics en X te permite dirigirte a aspectos concretos de tu presencia en Internet, como perfiles o hashtags espec\u00edficos. Este enfoque espec\u00edfico te ayuda a llegar a audiencias m\u00e1s relevantes interesadas en tu contenido. <br\/><\/li>\n\n\n\n<li><strong>Mejorar las conversiones<br\/><\/strong>Al dirigir los clics a acciones espec\u00edficas, como visitar un enlace o interactuar con una campa\u00f1a, puedes mejorar significativamente los \u00edndices de conversi\u00f3n, convirtiendo a los visitantes en clientes potenciales o clientes.<br\/><\/li>\n\n\n\n<li><strong>Impulso del algoritmo<br\/><\/strong>El aumento de la actividad de los clics comprados puede influir positivamente en los algoritmos de la plataforma, haciendo que tu contenido tenga m\u00e1s probabilidades de aparecer en feeds y recomendaciones, aumentando a\u00fan m\u00e1s tu alcance org\u00e1nico.<br\/><\/li>\n\n\n\n<li><strong>Resultados r\u00e1pidos<br\/><\/strong>Comprar clics en X proporciona resultados inmediatos, por lo que es una forma r\u00e1pida de aumentar el impacto de tus contenidos y alcanzar r\u00e1pidamente objetivos de marketing espec\u00edficos.<\/li>\n<\/ol>\n\n<h2 class=\"wp-block-heading\">\u00bfEs seguro comprar X clics?<\/h2>\n\n<p>S\u00ed, comprar clics en X puede ser seguro si eliges proveedores aut\u00e9nticos y reputados. Es importante seleccionar servicios que ofrezcan clics aut\u00e9nticos de usuarios reales, cumplan <a href=\"https:\/\/help.twitter.com\/en\/rules-and-policies\/x-rules\">las directrices de<\/a> la plataforma y no utilicen m\u00e9todos fraudulentos como bots o software de clics autom\u00e1ticos. Esto garantiza que tus pr\u00e1cticas se ajustan a las normas y reglas \u00e9ticas de la plataforma, minimizando el riesgo de sanciones o da\u00f1os a tu reputaci\u00f3n. Realiza siempre una investigaci\u00f3n exhaustiva, comprueba las opiniones y confirma la credibilidad del proveedor antes de realizar una compra para garantizar una transacci\u00f3n segura y beneficiosa.   <\/p>\n\n<figure class=\"wp-block-image size-full\"><img fetchpriority=\"high\" decoding=\"async\" width=\"800\" height=\"600\" src=\"https:\/\/comprarseguidores.io\/wp-content\/uploads\/2024\/06\/Compre-X-cliques.png\" alt=\"Comprar X clics\" class=\"wp-image-8697\" srcset=\"https:\/\/comprarseguidores.io\/wp-content\/uploads\/2024\/06\/Compre-X-cliques.png 800w, https:\/\/comprarseguidores.io\/wp-content\/uploads\/2024\/06\/Compre-X-cliques-300x225.png 300w, https:\/\/comprarseguidores.io\/wp-content\/uploads\/2024\/06\/Compre-X-cliques-768x576.png 768w, https:\/\/comprarseguidores.io\/wp-content\/uploads\/2024\/06\/Compre-X-cliques-441x331.png 441w, https:\/\/comprarseguidores.io\/wp-content\/uploads\/2024\/06\/Compre-X-cliques-150x113.png 150w\" sizes=\"(max-width: 800px) 100vw, 800px\" \/><\/figure>\n\n<h2 class=\"wp-block-heading\">\u00bfC\u00f3mo comprar X clics?<\/h2>\n\n<p>Comprar clics en X es un proceso sencillo y eficaz. Para empezar, s\u00f3lo tienes que introducir la URL del contenido que quieres promocionar en el campo designado del sitio web del proveedor de servicios. A continuaci\u00f3n, selecciona el n\u00famero de clics adecuado a tus necesidades y presupuesto. Una vez que finalices la compra y completes el pedido, el servicio suele comenzar en pocas horas.   <\/p>\n\n<p>R\u00e1pidamente empezar\u00e1s a ver resultados, ya que el aumento de clics mejora la visibilidad y el compromiso de tu contenido casi de inmediato. Este m\u00e9todo sin complicaciones es una forma eficaz de impulsar tu presencia en Internet y alcanzar r\u00e1pidamente los objetivos deseados. <\/p>\n\n<ol class=\"wp-block-list\">\n<li>Introduce la URL de tu contenido en el campo especificado.<\/li>\n\n\n\n<li>Elige cu\u00e1ntos clics quieres comprar.<\/li>\n\n\n\n<li>Finaliza tu pedido y realiza el pago.<\/li>\n\n\n\n<li>El servicio suele empezar en pocas horas.<\/li>\n\n\n\n<li>Observa un aumento de los clics y de la participaci\u00f3n casi de inmediato.<\/li>\n<\/ol>\n\n<h2 class=\"wp-block-heading\">\u00bfCu\u00e1nto cuestan 1000 clics X?<\/h2>\n\n<p>El coste de 1000 clics en X puede variar mucho en funci\u00f3n del proveedor y de la calidad de los clics ofrecidos. Generalmente, los clics de alta calidad de usuarios reales y comprometidos suelen costar m\u00e1s que los de fuentes menos fiables que pueden utilizar m\u00e9todos automatizados. Es importante elegir un proveedor cre\u00edble para asegurarse de que los clics son aut\u00e9nticos y eficaces, as\u00ed como para evitar cualquier problema potencial con el cumplimiento de la plataforma. Compara siempre los precios y lee las opiniones de los clientes para obtener el mejor valor por tu inversi\u00f3n en clics X.   <\/p>\n\n<h2 class=\"wp-block-heading\">\u00bfC\u00f3mo puedo conseguir X clics m\u00e1s?<\/h2>\n\n<p>Para aumentar org\u00e1nicamente el n\u00famero de clics en tu contenido X, considera aplicar estas estrategias:<\/p>\n\n<ol class=\"wp-block-list\">\n<li><strong>Crea contenidos atractivos<br\/><\/strong>Los contenidos de alta calidad, atractivos y relevantes tienen m\u00e1s probabilidades de atraer clics. Aseg\u00farate de que tus publicaciones est\u00e1n bien elaboradas y resuenan entre tu p\u00fablico objetivo. <br\/><\/li>\n\n\n\n<li><strong>Utiliza llamadas a la acci\u00f3n (CTA) contundentes<br\/><\/strong>Anima a tu p\u00fablico a hacer clic con CTA claras y persuasivas. Frases como \"M\u00e1s informaci\u00f3n\", \"Haz clic aqu\u00ed\" o \"Lee m\u00e1s\" pueden promover eficazmente la acci\u00f3n. <br\/><\/li>\n\n\n\n<li><strong>Optimiza el momento de las publicaciones<br\/><\/strong>Comparte tus contenidos cuando tu audiencia est\u00e9 m\u00e1s activa. Analiza tus an\u00e1lisis X para determinar las mejores horas para publicar y maximizar la visibilidad y la participaci\u00f3n. <br\/><\/li>\n\n\n\n<li><strong>Utiliza hashtags<br\/><\/strong>Utiliza hashtags relevantes para aumentar la capacidad de descubrimiento de tus publicaciones. Las publicaciones correctamente etiquetadas pueden llegar a un p\u00fablico m\u00e1s amplio y generar m\u00e1s clics. <br\/><\/li>\n\n\n\n<li><strong>Interact\u00faa con tus seguidores<br\/><\/strong>Interact\u00faa con tus seguidores respondiendo a sus comentarios, d\u00e1ndoles a me gusta y comentando sus publicaciones. El compromiso puede crear relaciones y fomentar m\u00e1s clics de los seguidores fieles. <br\/><\/li>\n\n\n\n<li><strong>Promoci\u00f3n cruzada en otras plataformas<br\/><\/strong>Comparte tus publicaciones X en otras plataformas de redes sociales y canales digitales para atraer tr\u00e1fico adicional.<br\/><\/li>\n\n\n\n<li><strong>Utiliza elementos visuales<br\/><\/strong>Las publicaciones con im\u00e1genes, v\u00eddeos o infograf\u00edas suelen atraer m\u00e1s la atenci\u00f3n y los clics que el contenido s\u00f3lo de texto.<\/li>\n\n\n\n<li><strong>Ejecuta campa\u00f1as de anuncios de pago<br\/><\/strong>Considera la posibilidad de invertir en publicidad de pago en X para aumentar la visibilidad de los posts y los clics. Los anuncios dirigidos pueden llegar a grupos demogr\u00e1ficos espec\u00edficos con mayor eficacia. <\/li>\n<\/ol>\n\n<p>Utilizando estas estrategias, puedes aumentar significativamente los clics en tu contenido X, mejorando el compromiso general y alcanzando tus objetivos de marketing.<\/p>\n\n<h2 class=\"wp-block-heading\">\u00bfPor qu\u00e9 Comprarseguidores.io es el mejor sitio para comprar X clics?<\/h2>\n\n<p>Comprarseguidores.io est\u00e1 considerado el mejor sitio para comprar clics en X debido a su combinaci\u00f3n de fiabilidad, calidad y atenci\u00f3n al cliente. Destaca por proporcionar clics aut\u00e9nticos de usuarios reales, lo que no s\u00f3lo ayuda a conseguir un mayor compromiso, sino que tambi\u00e9n garantiza el cumplimiento de las directrices de la plataforma, minimizando el riesgo de sanciones. El sitio es reconocido por su pol\u00edtica de precios transparente, sin cargos ocultos, lo que permite a los clientes entender exactamente lo que est\u00e1n pagando.  <\/p>\n\n<p>Adem\u00e1s, Comprarseguidores.io ofrece un excelente servicio de atenci\u00f3n al cliente, con un equipo de soporte receptivo disponible 24 horas al d\u00eda, 7 d\u00edas a la semana, para responder a cualquier pregunta o duda. Esta dedicaci\u00f3n a la calidad y a la satisfacci\u00f3n del cliente hace que sea la opci\u00f3n preferida de empresas y particulares que desean aumentar su presencia en Internet de forma eficaz y segura. <\/p>\n\n<h2 class=\"wp-block-heading\">Comprar seguidores.io Ofrece los siguientes paquetes de Clics Active X<\/h2>\n\n<p>10 Clics en X<br\/>15 Clics en X<br\/>20 Clics en X<br\/>50 Clics en X<br\/>100 Clics en X<br\/>250 Clics en X<br\/>1000 Clics en X<br\/>5000 Clics en X<\/p>\n\n<h1 class=\"wp-block-heading\">PREGUNTAS FRECUENTES<\/h1>\n\n<div data-schema-only=\"false\" class=\"wp-block-aioseo-faq\"><h3 class=\"aioseo-faq-block-question\">Quais benef\u00edcios posso esperar ao comprar cliques no X?<\/h3><div class=\"aioseo-faq-block-answer\">\n<p>Comprar X-clicks puede aumentar significativamente la visibilidad y el compromiso de tus contenidos, impulsando un tr\u00e1fico segmentado que incremente las interacciones y las tasas de conversi\u00f3n. Esta estrategia proporciona aumentos r\u00e1pidos y cuantificables de tr\u00e1fico y credibilidad, acelerando tus objetivos de marketing y ampliando tu presencia online de forma eficaz. <\/p>\n<\/div><\/div>\n\n<div data-schema-only=\"false\" class=\"wp-block-aioseo-faq\"><h3 class=\"aioseo-faq-block-question\">\u00c9 poss\u00edvel enfrentar uma proibi\u00e7\u00e3o por comprar cliques no X?<\/h3><div class=\"aioseo-faq-block-answer\">\n<p>No, comprar clics en X a proveedores de confianza que cumplan las directrices de la plataforma no suele conllevar una prohibici\u00f3n. Optar por fuentes de confianza minimiza los riesgos asociados a bots automatizados o cuentas fraudulentas, garantizando que tus actividades se mantienen en l\u00ednea con las normas \u00e9ticas y legales de X. <\/p>\n<\/div><\/div>\n\n<div data-schema-only=\"false\" class=\"wp-block-aioseo-faq\"><h3 class=\"aioseo-faq-block-question\">Por que devo comprar cliques no X?<\/h3><div class=\"aioseo-faq-block-answer\">\n<p>Comprar clics en X es beneficioso, ya que aumenta la visibilidad y credibilidad de tu perfil, incrementando potencialmente el compromiso org\u00e1nico de tu audiencia.<\/p>\n<\/div><\/div>\n\n<div data-schema-only=\"false\" class=\"wp-block-aioseo-faq\"><h3 class=\"aioseo-faq-block-question\">Quanto tempo leva para ver resultados?<\/h3><div class=\"aioseo-faq-block-answer\">\n<p>Ver\u00e1s los resultados casi inmediatamente despu\u00e9s de que se haya procesado tu pedido, normalmente en unas pocas horas.<\/p>\n<\/div><\/div>\n\n<div data-schema-only=\"false\" class=\"wp-block-aioseo-faq\"><h3 class=\"aioseo-faq-block-question\">Comprar cliques \u00e9 uma a\u00e7\u00e3o frequentemente praticada?<\/h3><div class=\"aioseo-faq-block-answer\">\n<p>S\u00ed, comprar clics es una pr\u00e1ctica habitual en las plataformas de redes sociales, incluida X. Muchas empresas y particulares compran clics para aumentar r\u00e1pidamente la visibilidad y la participaci\u00f3n de sus contenidos. Esta t\u00e1ctica se utiliza a menudo para impulsar la presencia online, generar tr\u00e1fico y mejorar las m\u00e9tricas de rendimiento, como las tasas de participaci\u00f3n y conversi\u00f3n. <\/p>\n<\/div><\/div>\n\n<div data-schema-only=\"false\" class=\"wp-block-aioseo-faq\"><h3 class=\"aioseo-faq-block-question\">Quantos cliques no X devo comprar?<\/h3><div class=\"aioseo-faq-block-answer\">\n<p>El n\u00famero de clics en la X que compres debe estar en consonancia con tus objetivos espec\u00edficos. Por ejemplo, si tu objetivo es aumentar la exposici\u00f3n de un nuevo lanzamiento o destacar en un \u00e1mbito competitivo, invertir en un lote mayor de clics puede ser ventajoso. Por otra parte, si est\u00e1s evaluando c\u00f3mo afecta el aumento de la visibilidad al compromiso, es prudente empezar con un lote m\u00e1s peque\u00f1o para evaluar el impacto antes de aumentar tu inversi\u00f3n.  <\/p>\n<\/div><\/div>\n\n<div data-schema-only=\"false\" class=\"wp-block-aioseo-faq\"><h3 class=\"aioseo-faq-block-question\">Esses s\u00e3o cliques reais no X?<\/h3><div class=\"aioseo-faq-block-answer\">\n<p>S\u00ed, son clics X reales de cuentas activas y aut\u00e9nticas.<\/p>\n<\/div><\/div>\n\n<div data-schema-only=\"false\" class=\"wp-block-aioseo-faq\"><h3 class=\"aioseo-faq-block-question\">Um alto n\u00famero de cliques pode levar a um aumento no engajamento org\u00e2nico?<\/h3><div class=\"aioseo-faq-block-answer\">\n<p>S\u00ed, un gran n\u00famero de clics puede aumentar la participaci\u00f3n org\u00e1nica. Cuando el contenido recibe muchos clics, aparece con m\u00e1s frecuencia en los feeds debido a las preferencias algor\u00edtmicas, lo que aumenta la visibilidad y la probabilidad de obtener \"me gusta\", comentarios y comparticiones de un p\u00fablico m\u00e1s amplio. <\/p>\n<\/div><\/div>\n\n<div data-schema-only=\"false\" class=\"wp-block-aioseo-faq\"><h3 class=\"aioseo-faq-block-question\">O que fazer se meu pedido n\u00e3o for entregue?<\/h3><div class=\"aioseo-faq-block-answer\">\n<p>Si tu pedido no se entrega, comprueba la confirmaci\u00f3n del pedido y los detalles del pago para asegurarte de que todo es correcto. A continuaci\u00f3n, ponte en contacto con el servicio de atenci\u00f3n al cliente con la informaci\u00f3n de tu pedido para resolver el problema. Deber\u00edan poder ayudarte y ofrecerte una soluci\u00f3n.  <\/p>\n<\/div><\/div>\n\n<div data-schema-only=\"false\" class=\"wp-block-aioseo-faq\"><h3 class=\"aioseo-faq-block-question\">Quais m\u00e9todos de pagamento voc\u00ea oferece?<\/h3><div class=\"aioseo-faq-block-answer\">\n<p>Ofrecemos diversos m\u00e9todos de pago, como tarjetas de cr\u00e9dito, PayPal y, en algunos casos, criptomonedas. Esta variedad te permite elegir la opci\u00f3n m\u00e1s conveniente para tus transacciones. <\/p>\n<\/div><\/div>\n","protected":false},"excerpt":{"rendered":"<p>Mejora tu visibilidad y credibilidad:<\/p>\n<ul>\n<li>\ud83c\udf1f Clics X 100% Real<\/li>\n<li>\ud83d\udcc8 Mayor compromiso<\/li>\n<li>\ud83d\udcca Mejorar los an\u00e1lisis<\/li>\n<li>\ud83d\udd12 Sin riesgo<\/li>\n<\/ul>\n","protected":false},"featured_media":7406,"comment_status":"closed","ping_status":"closed","template":"","meta":[],"product_brand":[],"product_cat":[110],"product_tag":[],"class_list":{"0":"post-12347","1":"product","2":"type-product","3":"status-publish","4":"has-post-thumbnail","6":"product_cat-x-es","8":"first","9":"instock","10":"shipping-taxable","11":"purchasable","12":"product-type-variable"},"aioseo_notices":[],"_links":{"self":[{"href":"https:\/\/comprarseguidores.io\/es\/wp-json\/wp\/v2\/product\/12347","targetHints":{"allow":["GET"]}}],"collection":[{"href":"https:\/\/comprarseguidores.io\/es\/wp-json\/wp\/v2\/product"}],"about":[{"href":"https:\/\/comprarseguidores.io\/es\/wp-json\/wp\/v2\/types\/product"}],"replies":[{"embeddable":true,"href":"https:\/\/comprarseguidores.io\/es\/wp-json\/wp\/v2\/comments?post=12347"}],"version-history":[{"count":1,"href":"https:\/\/comprarseguidores.io\/es\/wp-json\/wp\/v2\/product\/12347\/revisions"}],"predecessor-version":[{"id":12365,"href":"https:\/\/comprarseguidores.io\/es\/wp-json\/wp\/v2\/product\/12347\/revisions\/12365"}],"wp:featuredmedia":[{"embeddable":true,"href":"https:\/\/comprarseguidores.io\/es\/wp-json\/wp\/v2\/media\/7406"}],"wp:attachment":[{"href":"https:\/\/comprarseguidores.io\/es\/wp-json\/wp\/v2\/media?parent=12347"}],"wp:term":[{"taxonomy":"product_brand","embeddable":true,"href":"https:\/\/comprarseguidores.io\/es\/wp-json\/wp\/v2\/product_brand?post=12347"},{"taxonomy":"product_cat","embeddable":true,"href":"https:\/\/comprarseguidores.io\/es\/wp-json\/wp\/v2\/product_cat?post=12347"},{"taxonomy":"product_tag","embeddable":true,"href":"https:\/\/comprarseguidores.io\/es\/wp-json\/wp\/v2\/product_tag?post=12347"}],"curies":[{"name":"wp","href":"https:\/\/api.w.org\/{rel}","templated":true}]}}