{"id":12357,"date":"2024-06-11T12:23:39","date_gmt":"2024-06-11T12:23:39","guid":{"rendered":"https:\/\/comprarseguidores.io\/product\/compra-de-votos-en-x-encuestas\/"},"modified":"2025-04-06T12:06:04","modified_gmt":"2025-04-06T12:06:04","slug":"compra-de-votos-en-x-encuestas","status":"publish","type":"product","link":"https:\/\/comprarseguidores.io\/es\/product\/compra-de-votos-en-x-encuestas\/","title":{"rendered":"Compra de votos en X encuestas"},"content":{"rendered":"\n<h2 class=\"wp-block-heading\">Comprar X votos de encuesta<\/h2>\n\n<p>Comprar votos de encuestas X ofrece varias ventajas que pueden mejorar significativamente tu estrategia en las redes sociales. En primer lugar, aumenta la visibilidad y la popularidad percibida de tu encuesta, atrayendo m\u00e1s atenci\u00f3n y participaci\u00f3n de usuarios reales. Esto puede conducir a un mayor compromiso con tu contenido, ya que los usuarios a menudo tienden a participar en encuestas que parecen activas y populares.  <\/p>\n\n<p>Adem\u00e1s, comprar votos de encuestas puede ayudar a influir en los resultados a tu favor, lo que puede ser especialmente \u00fatil en situaciones en las que el resultado es importante para las <a href=\"https:\/\/caasa.ca\/archives\/events\/using-public-opinion-polls-within-your-marketing-strategy\">estrategias de marketing u opini\u00f3n<\/a>. En \u00faltima instancia, esta estrategia no s\u00f3lo aumenta la actividad de tu encuesta, sino que tambi\u00e9n mejora la credibilidad y la autoridad de tu contenido, ya que los \u00edndices de participaci\u00f3n m\u00e1s elevados suelen considerarse signos de relevancia e inter\u00e9s en la comunidad. <\/p>\n\n<p><strong>Puedes aumentar la visibilidad y la participaci\u00f3n en tu perfil X manteniendo una buena mezcla de <a href=\"https:\/\/follower-kaufen.io\/product\/x-followers-kaufen\/\">seguidores<\/a>, me gusta, retweets, votos en encuestas, oyentes de Space y comentarios aleatorios.<\/strong><\/p>\n\n<h2 class=\"wp-block-heading\">\u00bfCu\u00e1les son las ventajas de comprar votos de la encuesta X?<\/h2>\n\n<p>Comprar votos en encuestas X puede ofrecer importantes beneficios para mejorar tu presencia en Internet y tus resultados estrat\u00e9gicos:<\/p>\n\n<ol class=\"wp-block-list\">\n<li><strong>Mayor participaci\u00f3n en la encuesta<\/strong><br\/>Comprar votos puede hacer que tu encuesta parezca m\u00e1s atractiva y popular, atrayendo naturalmente m\u00e1s participaci\u00f3n org\u00e1nica de los espectadores.<\/li>\n\n\n\n<li><strong>Influencia en los resultados<\/strong><br\/>Aumentando los votos a tu favor, puedes influir en el resultado de la encuesta. Esto es especialmente \u00fatil en campa\u00f1as en las que es importante mostrar un fuerte apoyo. <\/li>\n\n\n\n<li><strong>Mayor credibilidad<\/strong><br\/>Una encuesta con un mayor n\u00famero de votos puede parecer m\u00e1s cre\u00edble y autorizada, lo que puede aumentar el valor percibido de tu contenido o marca.<\/li>\n\n\n\n<li><strong>Mayor visibilidad<\/strong><br\/>Las encuestas que reciben mucha participaci\u00f3n suelen tener mayor visibilidad en las plataformas. Esta mayor visibilidad puede dar lugar a m\u00e1s interacciones y compromiso con otros contenidos. <\/li>\n\n\n\n<li><strong>Ventajas estrat\u00e9gicas<\/strong><br\/>Para las empresas y las personas influyentes, los resultados manipulados de las encuestas pueden dirigir la opini\u00f3n p\u00fablica o los estudios de mercado, moldeando estrategias y decisiones en funci\u00f3n del resultado deseado.<\/li>\n<\/ol>\n\n<p>Estas ventajas demuestran c\u00f3mo la compra de votos de X encuestas puede ser una herramienta poderosa en una estrategia m\u00e1s amplia de medios sociales para lograr objetivos espec\u00edficos y mejorar las m\u00e9tricas de participaci\u00f3n.<\/p>\n\n<h2 class=\"wp-block-heading\">\u00bfEs seguro comprar votos de la encuesta X?<\/h2>\n\n<p>Comprar votos de encuestas X puede ser seguro si lo haces a proveedores fiables y reputados. Estos proveedores garantizan que los votos proceden de usuarios reales y cumplen las directrices de la plataforma, minimizando el riesgo de infringir las condiciones del servicio y exponerse a sanciones como el bloqueo de la cuenta. <\/p>\n\n<p>Es importante investigar detenidamente al proveedor, comprobar las opiniones de los clientes y observar el cumplimiento de las pr\u00e1cticas \u00e9ticas. Opta siempre por servicios que ofrezcan transparencia en la generaci\u00f3n de votos para asegurarte de que tus acciones no ponen en peligro la integridad de tu cuenta o la legitimidad de los resultados de la encuesta. <\/p>\n\n<figure class=\"wp-block-image\"><img decoding=\"async\" src=\"https:\/\/follower-kaufen.io\/wp-content\/uploads\/2024\/07\/X-Poll-Stimmen-kaufen.png\" alt=\"Compra X votos en la encuesta\" class=\"wp-image-9218\"\/><figcaption class=\"wp-element-caption\">Compra X votos en la encuesta<\/figcaption><\/figure>\n\n<h2 class=\"wp-block-heading\">\u00bfC\u00f3mo comprar X votos de la encuesta?<\/h2>\n\n<p>Comprar votos de encuesta a X es un proceso sencillo dise\u00f1ado para facilitar su uso. Para empezar, s\u00f3lo tienes que introducir la URL de la encuesta en la que quieres aumentar los votos en el campo correspondiente del sitio web del proveedor. A continuaci\u00f3n, elige el n\u00famero de votos que corresponda a tus objetivos.  <\/p>\n\n<p>Tras finalizar tu pedido y realizar el pago, el proceso de a\u00f1adir votos comenzar\u00e1 en pocas horas. Ver\u00e1s r\u00e1pidamente los resultados, ya que el n\u00famero de votos de tu encuesta aumentar\u00e1 casi de inmediato, incrementando la visibilidad y el impacto de la encuesta sin esfuerzo. Este sencillo m\u00e9todo te permite aumentar la participaci\u00f3n de forma eficaz e influir en el resultado de tu encuesta.  <\/p>\n\n<ol class=\"wp-block-list\">\n<li>Introduce la URL de tu encuesta en el campo correspondiente.<\/li>\n\n\n\n<li>Elige el n\u00famero de votos que quieres comprar.<\/li>\n\n\n\n<li>Finaliza tu transacci\u00f3n con el pago.<\/li>\n\n\n\n<li>El servicio suele empezar a las pocas horas de la compra.<\/li>\n\n\n\n<li>Observa el aumento casi inmediato de votos en tu encuesta.<\/li>\n<\/ol>\n\n<h2 class=\"wp-block-heading\">\u00bfCu\u00e1nto cuestan 1000 votos de la encuesta X?<\/h2>\n\n<p>Los costes de 1000 X votos de encuesta pueden variar mucho en funci\u00f3n del proveedor, la calidad de los votos y el alcance del servicio. Los precios pueden depender de si los votos proceden de usuarios reales o de sistemas automatizados, as\u00ed como del cumplimiento de <a href=\"https:\/\/help.twitter.com\/en\/rules-and-policies\/x-rules\">las directrices de<\/a> la plataforma para evitar posibles problemas. <\/p>\n\n<p>Para obtener precios exactos, lo ideal es consultar las opciones de proveedores fiables que ofrezcan transparencia sobre sus m\u00e9todos y el cumplimiento de pr\u00e1cticas \u00e9ticas. Compara siempre los servicios para encontrar la mejor relaci\u00f3n calidad-precio, teniendo en cuenta las opiniones y la reputaci\u00f3n del proveedor. <\/p>\n\n<h2 class=\"wp-block-heading\">\u00bfC\u00f3mo puedo conseguir m\u00e1s votos en la encuesta X?<\/h2>\n\n<p>Para conseguir m\u00e1s votos de la encuesta X de forma org\u00e1nica, puedes aplicar varias estrategias eficaces:<\/p>\n\n<ol class=\"wp-block-list\">\n<li><strong>Publicita la encuesta<\/strong><br\/>Comparte tu encuesta en tus redes sociales y anima a tus seguidores a participar. Cuanta m\u00e1s visibilidad tenga tu encuesta, m\u00e1s votos obtendr\u00e1. <\/li>\n\n\n\n<li>Involucra a <strong>tu audiencia<\/strong><br\/>Involucra a tu audiencia haciendo preguntas o iniciando debates sobre el tema de la encuesta. Esto puede aumentar el inter\u00e9s y motivar a la gente a votar. <\/li>\n\n\n\n<li><strong>Utiliza hashtags<\/strong><br\/>Utiliza hashtags relevantes para aumentar la visibilidad de tu encuesta m\u00e1s all\u00e1 de tus seguidores inmediatos. Los hashtags pueden atraer a personas interesadas en el tema y motivarlas a participar en tu encuesta. <\/li>\n\n\n\n<li><strong>Colabora con influencers<\/strong><br\/>Colabora con influencers u otros usuarios con una gran base de seguidores. Su apoyo puede dirigir a sus seguidores a tu encuesta y aumentar significativamente el n\u00famero de votos. <\/li>\n\n\n\n<li><strong>Ofrece incentivos<\/strong><br\/>A veces, ofrecer un peque\u00f1o incentivo, como entrar en un sorteo para los que voten, puede aumentar el \u00edndice de participaci\u00f3n.<\/li>\n\n\n\n<li><strong>El momento adecuado<\/strong><br\/>Publica tu encuesta cuando tu audiencia est\u00e9 m\u00e1s activa. Comprueba tus an\u00e1lisis de redes sociales para encontrar los mejores momentos para la participaci\u00f3n. <\/li>\n\n\n\n<li><strong>Recuerda a tu audiencia<\/strong><br\/>Recuerda a tu audiencia que vote cuando se acerque el final de la encuesta. La gente suele necesitar un recordatorio para participar. <\/li>\n<\/ol>\n\n<p>Combinando estas t\u00e1cticas, puedes aumentar significativamente el n\u00famero de votos que recibe tu encuesta X, mejorando su eficacia y la exhaustividad de las opiniones o datos recogidos.<\/p>\n\n<h2 class=\"wp-block-heading\">\u00bfPor qu\u00e9 comprarseguidores.io es el mejor sitio para comprar votos de X encuestas?<\/h2>\n\n<p>comprarseguidores.io suele considerarse el mejor sitio para comprar votos de encuestas X debido a sus servicios fiables y transparentes. Destaca por ofrecer votos aut\u00e9nticos de usuarios reales y garantizar que todas las transacciones cumplen las directrices de la plataforma sin riesgo de sanci\u00f3n. El sitio es conocido por su excelente servicio de atenci\u00f3n al cliente, dispuesto a ayudar con cualquier pregunta o problema.  <\/p>\n\n<p>Adem\u00e1s, comprarseguidores.io ofrece precios competitivos y entrega r\u00e1pida, lo que te permite ver r\u00e1pidamente los efectos de tu compra. Centrado en la satisfacci\u00f3n del cliente y las pr\u00e1cticas \u00e9ticas, el sitio mantiene un alto nivel de confianza y fiabilidad, lo que lo convierte en la opci\u00f3n preferida para cualquiera que desee influir en los resultados de las encuestas de forma eficaz y segura. <\/p>\n\n<h2 class=\"wp-block-heading\">Comprarseguidores.io ofrece los siguientes paquetes de votaci\u00f3n activa de encuestas X:<\/h2>\n\n<ul class=\"wp-block-list\">\n<li>10 votos de la encuesta X<\/li>\n\n\n\n<li>15 votos de la encuesta X<\/li>\n\n\n\n<li>20 votos de la encuesta X<\/li>\n\n\n\n<li>50 votos de la encuesta X<\/li>\n\n\n\n<li>100 votos de la encuesta X<\/li>\n\n\n\n<li>250 votos de la encuesta X<\/li>\n\n\n\n<li>1000 votos de la encuesta X<\/li>\n\n\n\n<li>5000 X votos en la encuesta<\/li>\n<\/ul>\n\n<h2 class=\"wp-block-heading\">PREGUNTAS FRECUENTES<\/h2>\n\n<div data-schema-only=\"false\" class=\"wp-block-aioseo-faq\"><h3 class=\"aioseo-faq-block-question\">Quais benef\u00edcios posso esperar se comprar X votos na enquete?<\/h3><div class=\"aioseo-faq-block-answer\">\n<p>Comprar votos X en las encuestas puede aumentar significativamente la participaci\u00f3n e influir en el resultado de las encuestas, haciendo que tu contenido parezca m\u00e1s popular y digno de confianza. Este enfoque estrat\u00e9gico no s\u00f3lo atrae m\u00e1s participaci\u00f3n org\u00e1nica, sino que tambi\u00e9n aumenta la visibilidad de tu encuesta, ayudando a dar forma a la opini\u00f3n p\u00fablica y a apoyar eficazmente tus objetivos de marketing o investigaci\u00f3n. <\/p>\n<\/div><\/div>\n\n<div data-schema-only=\"false\" class=\"wp-block-aioseo-faq\"><h3 class=\"aioseo-faq-block-question\">\u00c9 poss\u00edvel ser banido por comprar X votos na enquete?<\/h3><div class=\"aioseo-faq-block-answer\">\n<p>No, comprar votos X a fuentes fiables que cumplan las pol\u00edticas de la plataforma no suele conllevar una prohibici\u00f3n. Al elegir proveedores fiables, evitas las trampas de las cuentas falsas o los bots y te aseguras de que tus pr\u00e1cticas se ajustan a los requisitos \u00e9ticos y normativos de X. <\/p>\n<\/div><\/div>\n\n<div data-schema-only=\"false\" class=\"wp-block-aioseo-faq\"><h3 class=\"aioseo-faq-block-question\">Por que voc\u00ea deve comprar votos na X Poll?<\/h3><div class=\"aioseo-faq-block-answer\">\n<p>Debes comprar X votos para aumentar eficazmente la visibilidad y el compromiso de tus encuestas. Esta estrategia aumenta la popularidad y credibilidad percibidas de tu contenido y fomenta un mayor compromiso org\u00e1nico. Al influir en los resultados de las encuestas, puedes posicionar mejor tus iniciativas y puntos de vista, causar una impresi\u00f3n m\u00e1s fuerte en tu audiencia e impulsar tus objetivos estrat\u00e9gicos.  <\/p>\n<\/div><\/div>\n\n<div data-schema-only=\"false\" class=\"wp-block-aioseo-faq\"><h3 class=\"aioseo-faq-block-question\">Quanto tempo demora para ver resultados?<\/h3><div class=\"aioseo-faq-block-answer\">\n<p>Ver\u00e1s los resultados casi inmediatamente despu\u00e9s de que se haya procesado tu pedido, normalmente en unas pocas horas.<\/p>\n<\/div><\/div>\n\n<div data-schema-only=\"false\" class=\"wp-block-aioseo-faq\"><h3 class=\"aioseo-faq-block-question\">Comprar votos eleitorais \u00e9 uma pr\u00e1tica comum?<\/h3><div class=\"aioseo-faq-block-answer\">\n<p>S\u00ed, comprar votos en las encuestas electorales es una pr\u00e1ctica habitual en X y otras plataformas de medios sociales. Muchos usuarios, especialmente vendedores, figuras p\u00fablicas y empresas, utilizan esta pr\u00e1ctica para aumentar la popularidad percibida y el compromiso de sus encuestas. Esta t\u00e1ctica se utiliza a menudo para influir en la opini\u00f3n p\u00fablica, dar forma a las estrategias de marketing o recabar un apoyo m\u00e1s visible para una idea o campa\u00f1a.  <\/p>\n<\/div><\/div>\n\n<div data-schema-only=\"false\" class=\"wp-block-aioseo-faq\"><h3 class=\"aioseo-faq-block-question\">Quantos votos X devo comprar?<\/h3><div class=\"aioseo-faq-block-answer\">\n<p>El n\u00famero de votos X que compres debe corresponder a tus objetivos. Para un mayor alcance o para competir eficazmente, considera un n\u00famero mayor. Si quieres probar el impacto de la visibilidad en el compromiso, empieza con un conjunto m\u00e1s peque\u00f1o y aj\u00fastalo en funci\u00f3n de los resultados.  <\/p>\n<\/div><\/div>\n\n<div data-schema-only=\"false\" class=\"wp-block-aioseo-faq\"><h3 class=\"aioseo-faq-block-question\">Esses votos da X Poll s\u00e3o reais?<\/h3><div class=\"aioseo-faq-block-answer\">\n<p>S\u00ed, esos votos de la encuesta X proceden de cuentas reales y activas.<\/p>\n<\/div><\/div>\n\n<div data-schema-only=\"false\" class=\"wp-block-aioseo-faq\"><h3 class=\"aioseo-faq-block-question\">Um alto n\u00famero de votos em pesquisas pode levar a um aumento no engajamento org\u00e2nico?<\/h3><div class=\"aioseo-faq-block-answer\">\n<p>S\u00ed, un elevado n\u00famero de votos en las encuestas puede aumentar el compromiso org\u00e1nico. Las encuestas activas atraen a m\u00e1s espectadores, lo que conduce a una mayor interacci\u00f3n y compromiso con tu contenido en la plataforma. <\/p>\n<\/div><\/div>\n\n<div data-schema-only=\"false\" class=\"wp-block-aioseo-faq\"><h3 class=\"aioseo-faq-block-question\">O que devo fazer se meu pedido n\u00e3o for entregue?<\/h3><div class=\"aioseo-faq-block-answer\">\n<p>Si tu pedido no se entrega, comprueba la confirmaci\u00f3n del pedido y los detalles del pago para asegurarte de que todo es correcto. A continuaci\u00f3n, ponte en contacto con el servicio de atenci\u00f3n al cliente con la informaci\u00f3n de tu pedido para resolver el problema. Deber\u00edan poder ayudarte y ofrecerte una soluci\u00f3n.  <\/p>\n<\/div><\/div>\n\n<div data-schema-only=\"false\" class=\"wp-block-aioseo-faq\"><h3 class=\"aioseo-faq-block-question\">Quais m\u00e9todos de pagamento voc\u00eas oferecem?<\/h3><div class=\"aioseo-faq-block-answer\">\n<p>Ofrecemos diversos m\u00e9todos de pago, como tarjetas de cr\u00e9dito, PayPal y, en algunos casos, criptomonedas. Esta selecci\u00f3n te permite elegir la opci\u00f3n m\u00e1s conveniente para tus transacciones. <\/p>\n<\/div><\/div>\n","protected":false},"excerpt":{"rendered":"<p><strong>\u2705 100% de votos reales en la encuesta X<\/strong><br \/>\n<strong>\u2b06\ufe0f Aumenta el<\/strong> compromiso<br \/>\n<strong>\ud83c\udfc6 Influye en los resultados de la encuesta<\/strong><br \/>\n<strong>\ud83d\udee1\ufe0f Compra sin riesgo<\/strong><\/p>\n<p>\u00a1Este producto garantiza que tu encuesta recibe un compromiso aut\u00e9ntico e influye eficazmente en los resultados! \ud83d\udcaa<\/p>\n","protected":false},"featured_media":7406,"comment_status":"closed","ping_status":"closed","template":"","meta":[],"product_brand":[],"product_cat":[106],"product_tag":[],"class_list":{"0":"post-12357","1":"product","2":"type-product","3":"status-publish","4":"has-post-thumbnail","6":"product_cat-sin-categoria","8":"first","9":"instock","10":"shipping-taxable","11":"purchasable","12":"product-type-variable"},"aioseo_notices":[],"_links":{"self":[{"href":"https:\/\/comprarseguidores.io\/es\/wp-json\/wp\/v2\/product\/12357","targetHints":{"allow":["GET"]}}],"collection":[{"href":"https:\/\/comprarseguidores.io\/es\/wp-json\/wp\/v2\/product"}],"about":[{"href":"https:\/\/comprarseguidores.io\/es\/wp-json\/wp\/v2\/types\/product"}],"replies":[{"embeddable":true,"href":"https:\/\/comprarseguidores.io\/es\/wp-json\/wp\/v2\/comments?post=12357"}],"version-history":[{"count":1,"href":"https:\/\/comprarseguidores.io\/es\/wp-json\/wp\/v2\/product\/12357\/revisions"}],"predecessor-version":[{"id":12367,"href":"https:\/\/comprarseguidores.io\/es\/wp-json\/wp\/v2\/product\/12357\/revisions\/12367"}],"wp:featuredmedia":[{"embeddable":true,"href":"https:\/\/comprarseguidores.io\/es\/wp-json\/wp\/v2\/media\/7406"}],"wp:attachment":[{"href":"https:\/\/comprarseguidores.io\/es\/wp-json\/wp\/v2\/media?parent=12357"}],"wp:term":[{"taxonomy":"product_brand","embeddable":true,"href":"https:\/\/comprarseguidores.io\/es\/wp-json\/wp\/v2\/product_brand?post=12357"},{"taxonomy":"product_cat","embeddable":true,"href":"https:\/\/comprarseguidores.io\/es\/wp-json\/wp\/v2\/product_cat?post=12357"},{"taxonomy":"product_tag","embeddable":true,"href":"https:\/\/comprarseguidores.io\/es\/wp-json\/wp\/v2\/product_tag?post=12357"}],"curies":[{"name":"wp","href":"https:\/\/api.w.org\/{rel}","templated":true}]}}