{"id":12379,"date":"2024-06-13T11:24:25","date_gmt":"2024-06-13T11:24:25","guid":{"rendered":"https:\/\/comprarseguidores.io\/product\/comprar-copias-x\/"},"modified":"2025-04-06T12:06:08","modified_gmt":"2025-04-06T12:06:08","slug":"comprar-copias-x","status":"publish","type":"product","link":"https:\/\/comprarseguidores.io\/es\/product\/comprar-copias-x\/","title":{"rendered":"Comprar copias X"},"content":{"rendered":"\n<h2 class=\"wp-block-heading\">Comprar impresiones en X<\/h2>\n\n<p>Comprar impresiones en X ofrece varias ventajas esenciales para aumentar tu presencia en Internet. En primer lugar, aumenta la visibilidad de tu contenido, por lo que es m\u00e1s probable que lo vea un p\u00fablico m\u00e1s amplio. Esta mayor exposici\u00f3n puede atraer m\u00e1s visitas org\u00e1nicas, \"me gusta\" y \"compartir\", lo que aumenta tus m\u00e9tricas de participaci\u00f3n.  <\/p>\n\n<p>Adem\u00e1s, un mayor n\u00famero de impresiones puede mejorar el posicionamiento de tu contenido en los algoritmos de b\u00fasqueda, lo que conlleva un alcance y una visibilidad a\u00fan mayores. Esta estrategia tambi\u00e9n puede mejorar tu credibilidad, ya que el contenido con alta interacci\u00f3n se percibe como m\u00e1s autorizado y digno de confianza. En resumen, comprar impresiones en X es una forma eficaz de acelerar el crecimiento, aumentar el compromiso y construir una presencia online m\u00e1s influyente.  <\/p>\n\n<h2 class=\"wp-block-heading\">Comprar Impresiones Monetizables\/Org\u00e1nicas en X<\/h2>\n\n<p>Aumenta el alcance y la rentabilidad de tus contenidos con nuestro paquete de impresiones monetizables\/org\u00e1nicas en X. Aumenta la visibilidad de tus publicaciones con impresiones aut\u00e9nticas y org\u00e1nicas que atraen un mayor compromiso genuino. Esto no s\u00f3lo mejora la credibilidad de tu contenido, sino tambi\u00e9n su posicionamiento en los algoritmos de b\u00fasqueda, lo que aumenta el potencial de monetizaci\u00f3n y refuerza tu presencia online. <\/p>\n\n<p><strong>Puedes aumentar la visibilidad y el compromiso en tu perfil X manteniendo una buena mezcla de <a href=\"https:\/\/follower-kaufen.io\/product\/x-followers-kaufen\/\">seguidores<\/a>, me gusta, retweets, votos en encuestas, oyentes de Spaces y comentarios aleatorios.<\/strong><\/p>\n\n<h2 class=\"wp-block-heading\">\u00bfCu\u00e1les son las ventajas de comprar Impresiones en X?<\/h2>\n\n<p>Comprar copias en X ofrece varias ventajas:<\/p>\n\n<ol class=\"wp-block-list\">\n<li><strong>Mayor visibilidad<\/strong>: Comprar impresiones garantiza que tu contenido sea visto por un p\u00fablico m\u00e1s amplio, lo que aumenta tu exposici\u00f3n en la plataforma.<\/li>\n\n\n\n<li><strong>Mayor compromiso:<\/strong> Con m\u00e1s impresiones, es probable que tu contenido atraiga m\u00e1s visitas org\u00e1nicas, me gusta y compartidos, lo que conduce a mayores tasas de compromiso.<\/li>\n\n\n\n<li><strong>Mejor posicionamiento en los buscadores:<\/strong> Un mayor n\u00famero de impresiones puede mejorar la posici\u00f3n de tu contenido en los resultados de b\u00fasqueda y en las recomendaciones, facilitando su descubrimiento por parte de los usuarios.<\/li>\n\n\n\n<li><strong>Mayor credibilidad:<\/strong> El contenido con alta interacci\u00f3n parece m\u00e1s autorizado y digno de confianza, lo que aumenta la credibilidad de tu perfil y atrae a m\u00e1s seguidores.<\/li>\n\n\n\n<li><strong>Crecimiento m\u00e1s r\u00e1pido:<\/strong> Comprar impresiones es una forma r\u00e1pida y eficaz de acelerar tu presencia e influencia en Internet, alcanzando tus objetivos de crecimiento de forma m\u00e1s eficiente.<\/li>\n\n\n\n<li><strong>Mayor potencial de<\/strong> <a href=\"https:\/\/help.x.com\/en\/rules-and-policies\/content-monetization-standards\">monetizaci\u00f3n<\/a><strong>:<\/strong> Con una mayor visibilidad e implicaci\u00f3n, tu contenido resulta m\u00e1s atractivo para anunciantes y patrocinadores, lo que puede aumentar tus oportunidades de monetizaci\u00f3n.<\/li>\n\n\n\n<li><strong>Mayor conciencia de marca:<\/strong> M\u00e1s impresiones ayudan a construir y fortalecer tu conciencia de marca, haciendo que tus contenidos y mensajes sean m\u00e1s memorables para tu audiencia.<\/li>\n<\/ol>\n\n<p>En resumen, comprar impresiones en X es una inversi\u00f3n estrat\u00e9gica que puede mejorar significativamente el rendimiento de tu contenido y de tu presencia online en su conjunto.<\/p>\n\n<h2 class=\"wp-block-heading\">\u00bfEs seguro comprar Impressions en X?<\/h2>\n\n<p>S\u00ed, es seguro comprar copias en X, siempre que las compres en sitios fiables y aut\u00e9nticos. Los proveedores de confianza garantizan que las copias proceden de cuentas reales y activas y que cumplen las directrices de la plataforma, lo que minimiza el riesgo de penalizaciones o problemas con tu cuenta. Los servicios de confianza utilizan m\u00e9todos seguros para garantizar la protecci\u00f3n de tu cuenta y a menudo ofrecen atenci\u00f3n al cliente para cualquier duda. Esto te permite aumentar tu visibilidad y participaci\u00f3n con confianza.   <\/p>\n\n<figure class=\"wp-block-image\"><img decoding=\"async\" src=\"https:\/\/follower-kaufen.io\/wp-content\/uploads\/2024\/07\/X-Impressions-kaufen.png\" alt=\"Comprar impresiones en X\" class=\"wp-image-9293\"\/><figcaption class=\"wp-element-caption\">Comprar impresiones en X<\/figcaption><\/figure>\n\n<h2 class=\"wp-block-heading\">\u00bfC\u00f3mo compro Impresiones en X?<\/h2>\n\n<p>Comprar copias en X es incre\u00edblemente sencillo y directo. S\u00f3lo tienes que introducir tu URL en el campo correspondiente, elegir la cantidad de copias que deseas y finalizar el pedido. Todo el proceso s\u00f3lo lleva unos minutos, y una vez que has hecho el pedido, normalmente se empieza a procesar en unas horas.  <\/p>\n\n<p>Ver\u00e1s los resultados casi de inmediato, ya que el aumento de impresiones potencia la visibilidad y el compromiso de tus contenidos de forma sencilla. Este m\u00e9todo f\u00e1cil y eficaz te permite mejorar r\u00e1pidamente tu presencia en Internet: <\/p>\n\n<ol class=\"wp-block-list\">\n<li>Introduce tu URL en el campo correspondiente.<\/li>\n\n\n\n<li>Elige el n\u00famero de copias que deseas.<\/li>\n\n\n\n<li>Finaliza tu pedido.<\/li>\n\n\n\n<li>Tu pedido se procesar\u00e1 en unas horas.<\/li>\n\n\n\n<li>Observa resultados inmediatos con un aumento de las impresiones, que incrementan la visibilidad y el compromiso de tu contenido.<\/li>\n<\/ol>\n\n<h2 class=\"wp-block-heading\">\u00bfCu\u00e1nto cuestan 1000 Impresiones en X?<\/h2>\n\n<p>El precio de 1.000 impresiones en X suele rondar los 3 $, aunque el precio puede variar seg\u00fan la calidad y el paquete que ofrezca el proveedor. Las impresiones de cuenta activa de mayor calidad pueden costar m\u00e1s, mientras que los paquetes est\u00e1ndar pueden ser m\u00e1s asequibles. Esta flexibilidad de precios te permite elegir la opci\u00f3n que mejor se adapte a tus necesidades y presupuesto, garantizando el mayor valor y eficacia para tu inversi\u00f3n en aumentar la visibilidad y el compromiso de tu contenido.  <\/p>\n\n<h2 class=\"wp-block-heading\">\u00bfC\u00f3mo puedo conseguir m\u00e1s Impresiones en X?<\/h2>\n\n<p>Para conseguir m\u00e1s impresiones en X, considera las siguientes estrategias:<\/p>\n\n<ol class=\"wp-block-list\">\n<li><strong>Crea contenido de calidad:<\/strong> Produce contenido atractivo y valioso que resuene con tu audiencia, anim\u00e1ndola a interactuar y compartir.<\/li>\n\n\n\n<li><strong>Optimiza para SEO:<\/strong> Utiliza palabras clave, etiquetas y descripciones relevantes para mejorar la localizaci\u00f3n de tus contenidos en los resultados de b\u00fasqueda.<\/li>\n\n\n\n<li><strong>Corre la voz en las redes sociales:<\/strong> Comparte tu contenido en varias plataformas sociales para llegar a un p\u00fablico m\u00e1s amplio y generar m\u00e1s impresiones.<\/li>\n\n\n\n<li><strong>Colabora con personas infl<\/strong> uyentes<strong>:<\/strong> Colabora con personas influyentes de tu nicho para aprovechar su audiencia y aumentar la visibilidad de tu contenido.<\/li>\n\n\n\n<li><strong>Utiliza anuncios de pago:<\/strong> Invierte en anuncios de pago para dirigirte a p\u00fablicos espec\u00edficos y aumentar el alcance de tus contenidos.<\/li>\n\n\n\n<li><strong>Interact\u00faa con tu audiencia:<\/strong> Responde a los comentarios y mensajes para construir una comunidad fiel que interact\u00fae regularmente con tu contenido.<\/li>\n\n\n\n<li><strong>Publica con regularidad:<\/strong> Mant\u00e9n un calendario regular de publicaciones para atraer a tu audiencia y hacer que vuelva.<\/li>\n\n\n\n<li><strong>Utiliza miniaturas atractivas:<\/strong> Crea miniaturas llamativas que atraigan la atenci\u00f3n de los espectadores y les animen a hacer clic.<\/li>\n\n\n\n<li><strong>Utiliza el marketing por correo electr\u00f3nico:<\/strong> Env\u00eda tu contenido a los suscriptores a trav\u00e9s de boletines para generar m\u00e1s impresiones de un p\u00fablico espec\u00edfico.<\/li>\n\n\n\n<li><strong>Analiza y ajusta:<\/strong> Comprueba regularmente tus m\u00e9tricas de rendimiento y ajusta tu estrategia en funci\u00f3n de lo que est\u00e9 funcionando mejor para aumentar las impresiones.<\/li>\n<\/ol>\n\n<p>Aplicando estas estrategias, puedes aumentar eficazmente el n\u00famero de impresiones X de tu contenido.<\/p>\n\n<h2 class=\"wp-block-heading\">\u00bfPor qu\u00e9 comprarseguidores.io es el mejor sitio para comprar Impresiones en X?<\/h2>\n\n<p>comprarseguidores.io es el mejor sitio para comprar impresiones en X por su compromiso con la calidad, la fiabilidad y la satisfacci\u00f3n del cliente. Ofrecen impresiones de cuentas reales y activas, lo que hace que tu compromiso sea aut\u00e9ntico y fiable. El proceso de pedido es sencillo y f\u00e1cil de usar, con tiempos de procesamiento r\u00e1pidos, por lo que ver\u00e1s resultados casi de inmediato. comprarseguidores.io sigue las directrices de la plataforma para minimizar el riesgo de penalizaciones y garantizar la seguridad de tu cuenta.   <\/p>\n\n<p>Las opciones de precios competitivos te permiten elegir paquetes que se ajusten a tu presupuesto sin comprometer la calidad. Adem\u00e1s, el excelente servicio de atenci\u00f3n al cliente est\u00e1 disponible en todo momento para ayudarte con tus preguntas o dudas. Con numerosas opiniones positivas de clientes satisfechos, comprarseguidores.io es una opci\u00f3n fiable para aumentar tus impresiones X de forma eficaz y segura.  <\/p>\n\n<h2 class=\"wp-block-heading\">comprarseguidores.io ofrece los siguientes paquetes de Impresiones activas en X:<\/h2>\n\n<ul class=\"wp-block-list\">\n<li>500 impresiones en X<\/li>\n\n\n\n<li>1.000 impresiones en X<\/li>\n\n\n\n<li>10.000 impresiones en X<\/li>\n\n\n\n<li>25.000 impresiones en X<\/li>\n\n\n\n<li>50.000 impresiones en X<\/li>\n\n\n\n<li>100.000 impresiones en X<\/li>\n\n\n\n<li>500.000 impresiones en X<\/li>\n\n\n\n<li>1 mill\u00f3n de impresiones en X<\/li>\n<\/ul>\n\n<h2 class=\"wp-block-heading\">PREGUNTAS FRECUENTES<\/h2>\n\n<div data-schema-only=\"false\" class=\"wp-block-aioseo-faq\"><h3 class=\"aioseo-faq-block-question\">Essas s\u00e3o impress\u00f5es X reais?<\/h3><div class=\"aioseo-faq-block-answer\">\n<p>S\u00ed, este sitio ofrece impresiones X reales de cuentas X activas y aut\u00e9nticas.<\/p>\n<\/div><\/div>\n\n<div data-schema-only=\"false\" class=\"wp-block-aioseo-faq\"><h3 class=\"aioseo-faq-block-question\">Quantas impress\u00f5es X devo comprar?<\/h3><div class=\"aioseo-faq-block-answer\">\n<p>El n\u00famero de impresiones X que debes comprar depende de tus objetivos. Una cantidad menor puede ser suficiente para la visibilidad inicial. Para un mayor impacto y compromiso, piensa en mayor cantidad. Ajusta la cantidad en funci\u00f3n de tus objetivos espec\u00edficos para obtener los mejores resultados.   <\/p>\n<\/div><\/div>\n\n<div data-schema-only=\"false\" class=\"wp-block-aioseo-faq\"><h3 class=\"aioseo-faq-block-question\">O que devo fazer se meu pedido n\u00e3o for entregue?<\/h3><div class=\"aioseo-faq-block-answer\">\n<p>Si tu pedido de X Impressions no se entrega, comprueba los detalles de la transacci\u00f3n y ponte en contacto con el servicio de atenci\u00f3n al cliente del proveedor con la informaci\u00f3n de tu pedido para obtener ayuda.<\/p>\n<\/div><\/div>\n\n<div data-schema-only=\"false\" class=\"wp-block-aioseo-faq\"><h3 class=\"aioseo-faq-block-question\">Voc\u00eas aceitam pagamentos com criptomoedas?<\/h3><div class=\"aioseo-faq-block-answer\">\n<p>S\u00ed, aceptamos pagos en criptomoneda. Puedes utilizar tu criptomoneda favorita para realizar transacciones sin problemas y de forma segura. <\/p>\n<\/div><\/div>\n\n<div data-schema-only=\"false\" class=\"wp-block-aioseo-faq\"><h3 class=\"aioseo-faq-block-question\">Essas impress\u00f5es X permanecer\u00e3o no meu perfil para sempre?<\/h3><div class=\"aioseo-faq-block-answer\">\n<p>S\u00ed, las X impresiones que compres deber\u00edan permanecer permanentemente en tu perfil y aumentar la visibilidad y credibilidad de tus tweets a largo plazo.<\/p>\n<\/div><\/div>\n\n<div data-schema-only=\"false\" class=\"wp-block-aioseo-faq\"><h3 class=\"aioseo-faq-block-question\">\u00c9 legal comprar X impress\u00f5es?<\/h3><div class=\"aioseo-faq-block-answer\">\n<p>S\u00ed, es legal comprar impresiones X, sobre todo si eliges sitios fiables y de buena reputaci\u00f3n que sigan las pol\u00edticas de X. Estos proveedores llevan a cabo el proceso de acuerdo con las normas legales y las condiciones de uso de la plataforma para garantizar el cumplimiento y la seguridad.<\/p>\n<\/div><\/div>\n\n<div data-schema-only=\"false\" class=\"wp-block-aioseo-faq\"><h3 class=\"aioseo-faq-block-question\">Quais benef\u00edcios posso esperar se comprar X impress\u00f5es para minha conta?<\/h3><div class=\"aioseo-faq-block-answer\">\n<p>Comprar X impresiones aumenta la visibilidad y el compromiso de tu contenido, lo que se traduce en m\u00e1s me gusta, comentarios y comparticiones. Tambi\u00e9n mejora la credibilidad de tu perfil, impulsa la clasificaci\u00f3n en los motores de b\u00fasqueda y acelera el crecimiento de tu cuenta al llegar a un p\u00fablico m\u00e1s amplio. <\/p>\n<\/div><\/div>\n\n<div data-schema-only=\"false\" class=\"wp-block-aioseo-faq\"><h3 class=\"aioseo-faq-block-question\">Quanto tempo demora para ver resultados?<\/h3><div class=\"aioseo-faq-block-answer\">\n<p>Ver\u00e1s los resultados inmediatamente despu\u00e9s de que se haya procesado tu pedido.<\/p>\n<\/div><\/div>\n\n<div data-schema-only=\"false\" class=\"wp-block-aioseo-faq\"><h3 class=\"aioseo-faq-block-question\">Qual \u00e9 o n\u00famero ideal de X impress\u00f5es que devo comprar?<\/h3><div class=\"aioseo-faq-block-answer\">\n<p>El n\u00famero ideal de impresiones X que debes comprar depende de tus objetivos espec\u00edficos. Una cantidad menor puede ser suficiente para un aumento modesto de la visibilidad y el compromiso. Para un aumento significativo del alcance y el impacto, considera una cantidad mayor.  <\/p>\n<\/div><\/div>\n\n<div data-schema-only=\"false\" class=\"wp-block-aioseo-faq\"><h3 class=\"aioseo-faq-block-question\">Comprar impress\u00f5es \u00e9 uma pr\u00e1tica comum?<\/h3><div class=\"aioseo-faq-block-answer\">\n<p>S\u00ed, comprar impresiones en X es una pr\u00e1ctica habitual. Muchos usuarios, incluidas empresas y personas influyentes, utilizan esta estrategia para aumentar su visibilidad, compromiso y presencia en la plataforma. <\/p>\n<\/div><\/div>\n","protected":false},"excerpt":{"rendered":"<p>Aumenta f\u00e1cilmente tu presencia en Internet:<\/p>\n<p>\u2705 <strong>M\u00e1s credibilidad<\/strong>: m\u00e1s impresiones refuerzan tu autoridad.<br \/>\n\ud83d\udcc8 <strong>Crecimiento org\u00e1nico<\/strong>: aumento natural del engagement.<br \/>\n\ud83d\udd10 <strong>Seguro<\/strong>: crecimiento continuo sin p\u00e9rdida de visitas.<br \/>\n\u26a1 <strong>Resultados r\u00e1pidos: crecimiento r\u00e1pido<\/strong> e impresionante.<br \/>\n\ud83d\udee0\ufe0f <strong>Soporte 24\/7<\/strong>: ayuda especializada disponible en cualquier momento.<\/p>\n","protected":false},"featured_media":7406,"comment_status":"closed","ping_status":"closed","template":"","meta":[],"product_brand":[],"product_cat":[106],"product_tag":[],"class_list":{"0":"post-12379","1":"product","2":"type-product","3":"status-publish","4":"has-post-thumbnail","6":"product_cat-sin-categoria","8":"first","9":"instock","10":"shipping-taxable","11":"purchasable","12":"product-type-variable"},"aioseo_notices":[],"_links":{"self":[{"href":"https:\/\/comprarseguidores.io\/es\/wp-json\/wp\/v2\/product\/12379","targetHints":{"allow":["GET"]}}],"collection":[{"href":"https:\/\/comprarseguidores.io\/es\/wp-json\/wp\/v2\/product"}],"about":[{"href":"https:\/\/comprarseguidores.io\/es\/wp-json\/wp\/v2\/types\/product"}],"replies":[{"embeddable":true,"href":"https:\/\/comprarseguidores.io\/es\/wp-json\/wp\/v2\/comments?post=12379"}],"version-history":[{"count":1,"href":"https:\/\/comprarseguidores.io\/es\/wp-json\/wp\/v2\/product\/12379\/revisions"}],"predecessor-version":[{"id":12389,"href":"https:\/\/comprarseguidores.io\/es\/wp-json\/wp\/v2\/product\/12379\/revisions\/12389"}],"wp:featuredmedia":[{"embeddable":true,"href":"https:\/\/comprarseguidores.io\/es\/wp-json\/wp\/v2\/media\/7406"}],"wp:attachment":[{"href":"https:\/\/comprarseguidores.io\/es\/wp-json\/wp\/v2\/media?parent=12379"}],"wp:term":[{"taxonomy":"product_brand","embeddable":true,"href":"https:\/\/comprarseguidores.io\/es\/wp-json\/wp\/v2\/product_brand?post=12379"},{"taxonomy":"product_cat","embeddable":true,"href":"https:\/\/comprarseguidores.io\/es\/wp-json\/wp\/v2\/product_cat?post=12379"},{"taxonomy":"product_tag","embeddable":true,"href":"https:\/\/comprarseguidores.io\/es\/wp-json\/wp\/v2\/product_tag?post=12379"}],"curies":[{"name":"wp","href":"https:\/\/api.w.org\/{rel}","templated":true}]}}