{"id":12388,"date":"2024-06-11T13:15:17","date_gmt":"2024-06-11T13:15:17","guid":{"rendered":"https:\/\/comprarseguidores.io\/product\/comprar-x-visualizaciones-de-emisiones-en-directo\/"},"modified":"2025-04-06T12:06:10","modified_gmt":"2025-04-06T12:06:10","slug":"comprar-x-visualizaciones-de-emisiones-en-directo","status":"publish","type":"product","link":"https:\/\/comprarseguidores.io\/es\/product\/comprar-x-visualizaciones-de-emisiones-en-directo\/","title":{"rendered":"Comprar X visualizaciones de emisiones en directo"},"content":{"rendered":"\n<h2 class=\"wp-block-heading\">Comprar Livestream Views X<\/h2>\n\n<p>Comprar visualizaciones de X livestream ofrece una serie de ventajas estrat\u00e9gicas a los creadores de contenidos que quieren mejorar su presencia digital. En primer lugar, aumenta la visibilidad de tu livestream, atrayendo a m\u00e1s espectadores org\u00e1nicos y haciendo que tu contenido parezca popular y atractivo. Esta mayor visibilidad puede traducirse en mayores tasas de participaci\u00f3n, ya que los espectadores suelen sentirse atra\u00eddos por las retransmisiones que ya muestran un alto nivel de actividad.  <\/p>\n\n<p>Adem\u00e1s, influir en los resultados de b\u00fasqueda con un aumento de las visualizaciones puede influir en la opini\u00f3n p\u00fablica y reforzar tu mensaje, creando una percepci\u00f3n de autoridad y credibilidad. Un contador de visitas m\u00e1s alto tambi\u00e9n puede atraer a posibles <a href=\"https:\/\/teachable.com\/blog\/brand-collaborations\">patrocinadores y colaboradores<\/a> que buscan plataformas de \u00e9xito en las que invertir. Esto favorece la monetizaci\u00f3n y ampl\u00eda tu red. Por \u00faltimo, comprar visualizaciones a un proveedor seguro y fiable te garantiza mejorar el rendimiento de tu livestream sin comprometer la seguridad de tu cuenta.   <\/p>\n\n<h2 class=\"wp-block-heading\">Comprar Livestream Views X durante 15 minutos<\/h2>\n\n<p>Empieza tu retransmisi\u00f3n en directo con nuestro paquete de aumento de audiencia de 15 minutos. Ideal para retransmisiones cortas, este servicio aumenta r\u00e1pidamente la visibilidad de tu retransmisi\u00f3n y atrae inmediatamente espectadores org\u00e1nicos. Perfecto para creadores que quieren causar una fuerte primera impresi\u00f3n sin un compromiso a largo plazo.  <\/p>\n\n<h2 class=\"wp-block-heading\">Comprar Livestream Views X durante 30 minutos<\/h2>\n\n<p>Duplica la atenci\u00f3n con nuestro paquete de visualizaciones de retransmisiones en directo de 30 minutos. Esta opci\u00f3n es ideal para retransmisiones m\u00e1s largas y ayuda a mantener a los espectadores interesados y comprometidos durante todo tu contenido. Es adecuada para retransmisiones que ofrecen segmentos interactivos o presentaciones detalladas, y garantiza un flujo constante de visitas para mantener tus m\u00e9tricas.  <\/p>\n\n<h2 class=\"wp-block-heading\">Comprar Livestream Views X durante 45 minutos<\/h2>\n\n<p>Ampl\u00eda tu alcance con el pack de refuerzo de espectadores de 45 minutos. Este pack admite emisiones m\u00e1s largas y mantiene constante el n\u00famero de espectadores durante la mayor parte de tu emisi\u00f3n. Es ideal para debates en profundidad, juegos extensos o tutoriales en directo, garantizando que tu emisi\u00f3n siga siendo atractiva para nuevos espectadores a lo largo del tiempo.  <\/p>\n\n<h2 class=\"wp-block-heading\">Comprar Livestream Views X durante 60 minutos<\/h2>\n\n<p>Maximiza el potencial de tu livestream con nuestro paquete de visionados de una hora. Es nuestra opci\u00f3n m\u00e1s completa, dise\u00f1ada para cubrir toda la duraci\u00f3n de la mayor\u00eda de los livestream est\u00e1ndar. Aumenta tu visibilidad, participaci\u00f3n y potencial atrayendo espectadores org\u00e1nicos y personas influyentes durante toda la retransmisi\u00f3n, ofreciendo un apoyo constante de principio a fin.  <\/p>\n\n<p><strong>Puedes aumentar la visibilidad y el compromiso en tu perfil X manteniendo una buena mezcla de <a href=\"https:\/\/follower-kaufen.io\/product\/x-followers-kaufen\/\">seguidores<\/a>, me gusta, retweets, votos en encuestas, oyentes de Spaces y comentarios aleatorios.<\/strong><\/p>\n\n<h2 class=\"wp-block-heading\">\u00bfCu\u00e1les son las ventajas de comprar vistas de Livestream X?<\/h2>\n\n<p>Comprar visualizaciones de Livestream X ofrece varias ventajas esenciales para los streamers y creadores de contenidos:<\/p>\n\n<ol class=\"wp-block-list\">\n<li><strong>Mayor visibilidad<\/strong><br\/>Comprar visualizaciones puede aumentar significativamente la visibilidad de tu livestream. Un mayor n\u00famero de espectadores hace que tu retransmisi\u00f3n parezca m\u00e1s popular y atractiva, lo que puede atraer espectadores org\u00e1nicos. Esta mayor visibilidad es crucial para destacar en una plataforma saturada.  <\/li>\n\n\n\n<li><strong>Mayor participaci\u00f3n<\/strong><br\/>Las emisiones con m\u00e1s espectadores tienden a recibir m\u00e1s comentarios, me gusta y compartidos. Esto puede crear un ciclo positivo en el que una mayor participaci\u00f3n mejore la clasificaci\u00f3n de tu emisi\u00f3n en la plataforma, atrayendo a\u00fan m\u00e1s espectadores org\u00e1nicos. <\/li>\n\n\n\n<li><strong>Influencia y credibilidad<\/strong><br\/>Un elevado n\u00famero de espectadores puede aumentar tu credibilidad como creador de contenidos. Los espectadores tienden a ver las emisiones con m\u00e1s visitas como m\u00e1s autorizadas y dignas de confianza, lo que puede influir en la percepci\u00f3n p\u00fablica y aumentar tu influencia en tu nicho. <\/li>\n\n\n\n<li><strong>Oportunidades de monetizaci\u00f3n<\/strong><br\/>Con una mayor visibilidad y participaci\u00f3n, tu retransmisi\u00f3n en directo resulta m\u00e1s atractiva para patrocinadores y anunciantes. Esto puede abrir nuevas fuentes de ingresos y ayudarte a monetizar tu contenido de forma m\u00e1s eficaz. <\/li>\n\n\n\n<li><strong>Mejorar los resultados de las encuestas<\/strong><br\/>Si tu livestream incluye elementos interactivos, como encuestas o concursos, una mayor audiencia puede influir en los resultados. Un mayor n\u00famero de espectadores puede influir positivamente en los resultados de las encuestas y reforzar el mensaje o el resultado deseado. <\/li>\n\n\n\n<li><strong>Seguro y sin riesgos<\/strong><br\/>Elegir un proveedor fiable garantiza que puedas disfrutar de estas ventajas sin comprometer la seguridad y la integridad de tu cuenta. Un servicio fiable ofrece visualizaciones aut\u00e9nticas sin riesgo de violar las normas de la plataforma o da\u00f1ar tu reputaci\u00f3n. <\/li>\n<\/ol>\n\n<p>En general, comprar visualizaciones de Livestream X puede ser un paso estrat\u00e9gico para ampliar tu canal, aumentar tu atractivo en el mercado y mejorar tu presencia digital.<\/p>\n\n<h2 class=\"wp-block-heading\">\u00bfEs seguro comprar visualizaciones de Livestream X?<\/h2>\n\n<p>Comprar visualizaciones de Livestream puede ser seguro si optas por servicios de proveedores aut\u00e9nticos y fiables. Estas fuentes fiables garantizan el cumplimiento de las directrices de la plataforma utilizando m\u00e9todos leg\u00edtimos para aumentar el n\u00famero de visualizaciones, como promocionar tu emisi\u00f3n en redes compatibles o utilizar usuarios reales. Este enfoque minimiza el riesgo de violar las <a href=\"https:\/\/twitter.com\/en\/tos\">condiciones del servicio<\/a> y evita los problemas asociados al uso de bots o cuentas falsas.  <\/p>\n\n<p>Al elegir proveedores fiables, no s\u00f3lo proteges tu cuenta de posibles penalizaciones, sino que tambi\u00e9n mejoras el rendimiento de tu livestream de forma segura. Investiga siempre con cuidado y elige servicios con buenas cr\u00edticas y un historial probado para asegurarte de que tu inversi\u00f3n en visualizaciones de livestream sea segura y eficaz. <\/p>\n\n<figure class=\"wp-block-image\"><img decoding=\"async\" src=\"https:\/\/follower-kaufen.io\/wp-content\/uploads\/2024\/07\/X-Livestream-kaufen.png\" alt=\"Comprar Livestream X\" class=\"wp-image-9232\"\/><figcaption class=\"wp-element-caption\">Comprar Livestream X<\/figcaption><\/figure>\n\n<h2 class=\"wp-block-heading\">\u00bfC\u00f3mo compro visualizaciones de Livestream X?<\/h2>\n\n<p>Comprar visualizaciones de Livestream X es un proceso sencillo y directo dise\u00f1ado para tu comodidad. Para empezar, s\u00f3lo tienes que introducir la URL de tu livestream en el campo URL de la p\u00e1gina del proveedor. A continuaci\u00f3n, selecciona la cantidad de visualizaciones que mejor se adapte a tus necesidades y objetivos. Una vez que hayas hecho tu elecci\u00f3n, finaliza tu pedido siguiendo el proceso de pago.   <\/p>\n\n<p>Los pedidos suelen empezar en pocas horas, y ver\u00e1s los resultados casi de inmediato. Este m\u00e9todo r\u00e1pido y sencillo te permite aumentar la visibilidad y el compromiso de tu livestream con poco esfuerzo, proporcionando un impulso inmediato a tus m\u00e9tricas de emisi\u00f3n. <\/p>\n\n<ol class=\"wp-block-list\">\n<li>Introduce la URL de tu retransmisi\u00f3n en directo en el campo correspondiente.<\/li>\n\n\n\n<li>Elige el n\u00famero de vistas que quieres comprar en funci\u00f3n de tus necesidades.<\/li>\n\n\n\n<li>Finaliza tu compra siguiendo el proceso de pago.<\/li>\n\n\n\n<li>Tu pedido suele empezar en pocas horas.<\/li>\n\n\n\n<li>Notar\u00e1s el aumento de visitas casi inmediatamente despu\u00e9s de iniciar el pedido.<\/li>\n<\/ol>\n\n<h2 class=\"wp-block-heading\">\u00bfCu\u00e1nto cuestan 1000 visualizaciones de Livestream X?<\/h2>\n\n<p>El precio de 1000 visualizaciones de Livestream X depende en gran medida de la calidad de las visualizaciones y de la autenticidad del sitio que ofrece el servicio. Las visualizaciones de alta calidad de usuarios reales y activos suelen ser m\u00e1s caras, ya que son m\u00e1s eficaces y seguras, y garantizan el cumplimiento de las directrices de la plataforma. <\/p>\n\n<p>Las opciones m\u00e1s baratas pueden utilizar sistemas automatizados o bots, que suponen un riesgo para tu cuenta. Es importante elegir un proveedor serio y fiable para asegurarte de que compras visualizaciones reales que beneficien a tu livestream sin comprometer la seguridad. Investiga siempre con cuidado y elige servicios con buenas cr\u00edticas y un historial probado para obtener los mejores resultados y una buena relaci\u00f3n calidad-precio.  <\/p>\n\n<h2 class=\"wp-block-heading\">\u00bfC\u00f3mo puedo conseguir m\u00e1s visualizaciones de Livestream X?<\/h2>\n\n<p>Para conseguir m\u00e1s visualizaciones de Livestream X de forma eficaz, puedes considerar una combinaci\u00f3n de estrategias org\u00e1nicas y posiblemente el uso cuidadoso de servicios de pago. Aqu\u00ed tienes algunos m\u00e9todos eficaces para aumentar tus visualizaciones: <\/p>\n\n<ol class=\"wp-block-list\">\n<li><strong>Promoci\u00f3nalo en las redes sociales<\/strong><br\/>Comparte tu livestream en tus plataformas de redes sociales antes de que salga en directo. Utiliza hashtags relevantes, crea publicaciones atractivas y considera la posibilidad de realizar acciones de pago para llegar a un p\u00fablico m\u00e1s amplio. <\/li>\n\n\n\n<li><strong>Interact\u00faa con los espectadores<\/strong><br\/>Interact\u00faa con tu audiencia durante la retransmisi\u00f3n en directo. Haz preguntas, responde a los comentarios y anima a los espectadores a compartir la retransmisi\u00f3n. Los contenidos atractivos tienen m\u00e1s probabilidades de ser compartidos y vistos.  <\/li>\n\n\n\n<li><strong>Colabora con otros streamers<\/strong><br\/>As\u00f3ciate con otros creadores de contenidos o personas influyentes de tu nicho. Esto puede dar a conocer tus retransmisiones a sus seguidores, aumentando tu audiencia. <\/li>\n\n\n\n<li><strong>Planifica emisiones regulares<\/strong><br\/>Emite con regularidad a horas fijas. Un horario regular ayuda a crear una audiencia fiel que sabe cu\u00e1ndo sintonizar. <\/li>\n\n\n\n<li><strong>Optimiza el t\u00edtulo y la descripci\u00f3n de tu liv<\/strong>estream<br\/>Utiliza palabras clave relevantes en el t\u00edtulo y la descripci\u00f3n de tu livestream para mejorar la visibilidad en la plataforma y en los motores de b\u00fasqueda.<\/li>\n\n\n\n<li><strong>Contenido y producci\u00f3n de alta calidad<\/strong> Aseg\u00farate de que tu contenido es interesante y de alta calidad. Una buena iluminaci\u00f3n, un sonido claro y una transmisi\u00f3n estable son esenciales para mantener a los espectadores. <\/li>\n\n\n\n<li><strong>Servicios de pago para aumentar las visitas<\/strong><br\/>Si est\u00e1s considerando opciones de pago, elige un proveedor fiable que ofrezca visitas reales en lugar de bots. Aseg\u00farate de que el servicio cumple las directrices de la plataforma para evitar penalizaciones. <\/li>\n\n\n\n<li><strong>Utiliza las notificaciones<\/strong><br\/>Configura las notificaciones para que tus espectadores reciban un recordatorio cuando est\u00e9s en directo.<\/li>\n<\/ol>\n\n<p>Combinando estas estrategias, puedes hacer crecer tu audiencia de livestream de forma org\u00e1nica y aumentar la participaci\u00f3n de los espectadores.<\/p>\n\n<h2 class=\"wp-block-heading\">\u00bfPor qu\u00e9 comprarseguidores.io es el mejor sitio para comprar visualizaciones de Livestream X?<\/h2>\n\n<p>comprarseguidores.io destaca como la mejor opci\u00f3n para comprar visualizaciones de Livestream X por su compromiso con la autenticidad y la seguridad. Garantiza que todas las visualizaciones proceden de usuarios reales, lo que no s\u00f3lo cumple las directrices de la plataforma, sino que tambi\u00e9n minimiza el riesgo de penalizaciones para tu cuenta. El sitio es conocido por sus s\u00f3lidas medidas de seguridad, que protegen tanto tus datos de transacci\u00f3n como tu informaci\u00f3n personal. Con un servicio de atenci\u00f3n al cliente excepcional, comprarseguidores.io ofrece asistencia en cada fase del proceso, garantizando una experiencia de usuario sin fisuras.   <\/p>\n\n<p>Adem\u00e1s, la plataforma ofrece una variedad de paquetes para satisfacer las distintas necesidades de difusi\u00f3n, desde paquetes cortos a otros m\u00e1s largos y s\u00f3lidos. Su interfaz f\u00e1cil de usar y su sencillo proceso de compra hacen que el servicio sea accesible a todos los creadores de contenidos, independientemente de su nivel de experiencia. <\/p>\n\n<p>Con cr\u00edticas positivas de usuarios anteriores y un historial probado de \u00e9xito, comprarseguidores.io es un proveedor fiable y eficaz para cualquiera que desee mejorar el rendimiento de su livestream.<\/p>\n\n<h2 class=\"wp-block-heading\">Comprarseguidores.io ofrece los siguientes paquetes Active X de visualizaci\u00f3n de streaming en directo:<\/h2>\n\n<ul class=\"wp-block-list\">\n<li>100 X visualizaciones de emisiones en directo<\/li>\n\n\n\n<li>250 X visualizaciones de emisiones en directo<\/li>\n\n\n\n<li>500 X visualizaciones de emisiones en directo<\/li>\n\n\n\n<li>1000 X visualizaciones de emisiones en directo<\/li>\n<\/ul>\n\n<h2 class=\"wp-block-heading\">PREGUNTAS FRECUENTES<\/h2>\n\n<div data-schema-only=\"false\" class=\"wp-block-aioseo-faq\"><h3 class=\"aioseo-faq-block-question\">Quais benef\u00edcios posso esperar se comprar X visualiza\u00e7\u00f5es de transmiss\u00e3o ao vivo?<\/h3><div class=\"aioseo-faq-block-answer\">\n<p>Comprar visualizaciones de emisiones en directo X aumenta la visibilidad y la credibilidad, atrae a m\u00e1s espectadores y aumenta la participaci\u00f3n, lo que puede dar lugar a mayores oportunidades de monetizaci\u00f3n para anunciantes y patrocinadores.<\/p>\n<\/div><\/div>\n\n<div data-schema-only=\"false\" class=\"wp-block-aioseo-faq\"><h3 class=\"aioseo-faq-block-question\">\u00c9 poss\u00edvel ser banido por comprar X visualiza\u00e7\u00f5es de transmiss\u00e3o ao vivo?<\/h3><div class=\"aioseo-faq-block-answer\">\n<p>En general, comprar visualizaciones en directo de X a fuentes fiables que cumplan las pol\u00edticas de la plataforma es seguro y no conlleva riesgo de prohibici\u00f3n. Elegir proveedores fiables garantiza que se utilicen cuentas reales, no bots, y que se cumplan las normas \u00e9ticas de X. <\/p>\n<\/div><\/div>\n\n<div data-schema-only=\"false\" class=\"wp-block-aioseo-faq\"><h3 class=\"aioseo-faq-block-question\">Por que voc\u00ea deve comprar X visualiza\u00e7\u00f5es de transmiss\u00e3o ao vivo?<\/h3><div class=\"aioseo-faq-block-answer\">\n<p>Comprar visualizaciones de retransmisiones en directo X puede aumentar la visibilidad y el compromiso de tus encuestas, haciendo que tu contenido parezca m\u00e1s popular y digno de confianza. Este impulso puede conducir a una mayor interacci\u00f3n org\u00e1nica e influir en los resultados de las encuestas, ayud\u00e1ndote a causar una impresi\u00f3n m\u00e1s fuerte y a alcanzar tus objetivos. <\/p>\n<\/div><\/div>\n\n<div data-schema-only=\"false\" class=\"wp-block-aioseo-faq\"><h3 class=\"aioseo-faq-block-question\">Quanto tempo demora para ver resultados?<\/h3><div class=\"aioseo-faq-block-answer\">\n<p>Ver\u00e1s los resultados casi inmediatamente despu\u00e9s de que se haya procesado tu pedido, normalmente en unas pocas horas.<\/p>\n<\/div><\/div>\n\n<div data-schema-only=\"false\" class=\"wp-block-aioseo-faq\"><h3 class=\"aioseo-faq-block-question\">Comprar visualiza\u00e7\u00f5es de transmiss\u00f5es ao vivo \u00e9 uma pr\u00e1tica comum?<\/h3><div class=\"aioseo-faq-block-answer\">\n<p>S\u00ed, comprar visualizaciones de retransmisiones en directo es bastante habitual entre los creadores de contenidos y los profesionales del marketing para aumentar r\u00e1pidamente la visibilidad y la popularidad percibida de una retransmisi\u00f3n, aunque es una pr\u00e1ctica controvertida con riesgos potenciales si no se maneja adecuadamente.<\/p>\n<\/div><\/div>\n\n<div data-schema-only=\"false\" class=\"wp-block-aioseo-faq\"><h3 class=\"aioseo-faq-block-question\">Quantas X visualiza\u00e7\u00f5es de transmiss\u00e3o ao vivo devo comprar?<\/h3><div class=\"aioseo-faq-block-answer\">\n<p>El n\u00famero de visualizaciones de retransmisiones en directo X que compres debe coincidir con tus objetivos. Para un mayor alcance o una ventaja competitiva, elige un mayor n\u00famero de visualizaciones. Si est\u00e1s experimentando para ver c\u00f3mo afecta la visibilidad a la participaci\u00f3n, empieza con una cantidad menor y aj\u00fastala en funci\u00f3n de los resultados.  <\/p>\n<\/div><\/div>\n\n<div data-schema-only=\"false\" class=\"wp-block-aioseo-faq\"><h3 class=\"aioseo-faq-block-question\">Essas X visualiza\u00e7\u00f5es de transmiss\u00e3o ao vivo s\u00e3o reais?<\/h3><div class=\"aioseo-faq-block-answer\">\n<p>S\u00ed, esas X visualizaciones de retransmisiones en directo proceden de cuentas reales y activas.<\/p>\n<\/div><\/div>\n\n<div data-schema-only=\"false\" class=\"wp-block-aioseo-faq\"><h3 class=\"aioseo-faq-block-question\">Um alto n\u00famero de visualiza\u00e7\u00f5es de transmiss\u00f5es ao vivo pode levar a um aumento no engajamento org\u00e2nico?<\/h3><div class=\"aioseo-faq-block-answer\">\n<p>S\u00ed, un elevado n\u00famero de visualizaciones de las retransmisiones en directo puede provocar un aumento de la participaci\u00f3n org\u00e1nica. Cuando una retransmisi\u00f3n en directo tiene una gran audiencia, suele atraer a m\u00e1s espectadores org\u00e1nicos, atra\u00eddos por contenidos populares. <\/p>\n<\/div><\/div>\n\n<div data-schema-only=\"false\" class=\"wp-block-aioseo-faq\"><h3 class=\"aioseo-faq-block-question\">O que devo fazer se meu pedido n\u00e3o for entregue?<\/h3><div class=\"aioseo-faq-block-answer\">\n<p>Si tu pedido no se entrega, comprueba la confirmaci\u00f3n del pedido y los detalles del pago para asegurarte de que todo es correcto. A continuaci\u00f3n, ponte en contacto con el servicio de atenci\u00f3n al cliente con la informaci\u00f3n de tu pedido para resolver el problema. Deber\u00edan poder ayudarte y ofrecerte una soluci\u00f3n.  <\/p>\n<\/div><\/div>\n\n<div data-schema-only=\"false\" class=\"wp-block-aioseo-faq\"><h3 class=\"aioseo-faq-block-question\">Quais m\u00e9todos de pagamento voc\u00eas oferecem?<\/h3><div class=\"aioseo-faq-block-answer\">\n<p>Ofrecemos diversos m\u00e9todos de pago, como tarjetas de cr\u00e9dito, PayPal y, en algunos casos, criptomonedas. Esta selecci\u00f3n te permite elegir la opci\u00f3n m\u00e1s conveniente para tus transacciones. <\/p>\n<\/div><\/div>\n","protected":false},"excerpt":{"rendered":"<p>\ud83c\udf1f Aut\u00e9ntico impulso a la retransmisi\u00f3n<strong>en<\/strong> directo<br \/>\n\ud83d\udcc8 Aumenta la participaci\u00f3n<br \/>\n\ud83d\udd12 Compra segura<\/p>\n<p><strong>\ud83d\ude80 \u00a1Aumenta la clasificaci\u00f3n de tu retransmisi\u00f3n en directo y de tu perfil!<\/strong><\/p>\n","protected":false},"featured_media":7406,"comment_status":"closed","ping_status":"closed","template":"","meta":[],"product_brand":[],"product_cat":[106],"product_tag":[],"class_list":{"0":"post-12388","1":"product","2":"type-product","3":"status-publish","4":"has-post-thumbnail","6":"product_cat-sin-categoria","8":"first","9":"instock","10":"shipping-taxable","11":"purchasable","12":"product-type-variable"},"aioseo_notices":[],"_links":{"self":[{"href":"https:\/\/comprarseguidores.io\/es\/wp-json\/wp\/v2\/product\/12388","targetHints":{"allow":["GET"]}}],"collection":[{"href":"https:\/\/comprarseguidores.io\/es\/wp-json\/wp\/v2\/product"}],"about":[{"href":"https:\/\/comprarseguidores.io\/es\/wp-json\/wp\/v2\/types\/product"}],"replies":[{"embeddable":true,"href":"https:\/\/comprarseguidores.io\/es\/wp-json\/wp\/v2\/comments?post=12388"}],"version-history":[{"count":1,"href":"https:\/\/comprarseguidores.io\/es\/wp-json\/wp\/v2\/product\/12388\/revisions"}],"predecessor-version":[{"id":12406,"href":"https:\/\/comprarseguidores.io\/es\/wp-json\/wp\/v2\/product\/12388\/revisions\/12406"}],"wp:featuredmedia":[{"embeddable":true,"href":"https:\/\/comprarseguidores.io\/es\/wp-json\/wp\/v2\/media\/7406"}],"wp:attachment":[{"href":"https:\/\/comprarseguidores.io\/es\/wp-json\/wp\/v2\/media?parent=12388"}],"wp:term":[{"taxonomy":"product_brand","embeddable":true,"href":"https:\/\/comprarseguidores.io\/es\/wp-json\/wp\/v2\/product_brand?post=12388"},{"taxonomy":"product_cat","embeddable":true,"href":"https:\/\/comprarseguidores.io\/es\/wp-json\/wp\/v2\/product_cat?post=12388"},{"taxonomy":"product_tag","embeddable":true,"href":"https:\/\/comprarseguidores.io\/es\/wp-json\/wp\/v2\/product_tag?post=12388"}],"curies":[{"name":"wp","href":"https:\/\/api.w.org\/{rel}","templated":true}]}}