{"id":12407,"date":"2024-06-14T13:09:19","date_gmt":"2024-06-14T13:09:19","guid":{"rendered":"https:\/\/comprarseguidores.io\/product\/comprar-comentarios-de-instagram\/"},"modified":"2025-04-06T12:06:13","modified_gmt":"2025-04-06T12:06:13","slug":"comprar-comentarios-de-instagram","status":"publish","type":"product","link":"https:\/\/comprarseguidores.io\/es\/product\/comprar-comentarios-de-instagram\/","title":{"rendered":"Comprar comentarios de Instagram"},"content":{"rendered":"\n<h2 class=\"wp-block-heading\">Comprar comentarios de Instagram<\/h2>\n\n<p>Comprar comentarios de Instagram puede ofrecer varias ventajas significativas a las personas y empresas que desean aumentar su presencia en las redes sociales. En primer lugar, aumenta la visibilidad y la popularidad percibida de las publicaciones, lo que puede atraer m\u00e1s participaci\u00f3n org\u00e1nica y seguidores. Un mayor n\u00famero de comentarios suele indicar a los seguidores potenciales que la cuenta es activa y participativa, lo que la hace m\u00e1s atractiva.    <br\/><br\/>Adem\u00e1s, un aumento de los comentarios puede mejorar la clasificaci\u00f3n algor\u00edtmica de la cuenta, lo que se traduce en una mayor visibilidad en la p\u00e1gina Explorar y en los feeds de los usuarios. Esta visibilidad puede atraer tr\u00e1fico a la cuenta y, potencialmente, convertir seguidores en clientes para las empresas. Adem\u00e1s, una secci\u00f3n de comentarios concurrida puede promover un sentimiento de comunidad e interacci\u00f3n, fomentando a\u00fan m\u00e1s la participaci\u00f3n de los usuarios. En general, comprar comentarios puede ser una estrategia eficaz para acelerar el crecimiento y aumentar <a href=\"https:\/\/www.shopify.com\/sg\/blog\/14288561-how-to-build-a-massive-following-on-instagram?term=&amp;adid=699117254573&amp;campaignid=21270911697&amp;utm_medium=cpc&amp;utm_source=google&amp;gad_source=1&amp;gclid=CjwKCAjwx-CyBhAqEiwAeOcTdfu3t4gJbLnARC2eJmsXOy-P_E2XeklCbyj5OUxzvEeK3X6JUR-9RBoC8goQAvD_BwE&amp;cmadid=516752332;cmadvertiserid=10730501;cmcampaignid=26990768;cmplacementid=324494362;cmcreativeid=163722649;cmsiteid=5500011\">la participaci\u00f3n en Instagram<\/a>.   <\/p>\n\n<h2 class=\"wp-block-heading\">Comprar Comentarios aleatorios en Instagram<\/h2>\n\n<p>Aumenta tu engagement en Instagram con nuestro servicio de compra de comentarios aleatorios. Haz que tus publicaciones parezcan instant\u00e1neamente m\u00e1s populares y activas a\u00f1adiendo comentarios diversos y espont\u00e1neos de cuentas reales. Este m\u00e9todo r\u00e1pido y sencillo mejora tu presencia en las redes sociales, atrayendo m\u00e1s seguidores e interacciones org\u00e1nicas.  <\/p>\n\n<h2 class=\"wp-block-heading\">Comprar comentarios relevantes en Instagram<\/h2>\n\n<p>Aumenta la autenticidad de tu engagement en Instagram comprando comentarios relevantes. Nuestro servicio garantiza que los comentarios que recibas est\u00e9n alineados con el contenido de tu publicaci\u00f3n, promoviendo una interacci\u00f3n genuina y un inter\u00e9s real. Este enfoque espec\u00edfico no s\u00f3lo mejora tu clasificaci\u00f3n algor\u00edtmica, sino que tambi\u00e9n fomenta conversaciones significativas en tus publicaciones.  <\/p>\n\n<h2 class=\"wp-block-heading\">Comprar comentarios de Instagram personalizados<\/h2>\n\n<p>Personaliza tu estrategia en las redes sociales con nuestros comentarios personalizados para Instagram. Especifica los mensajes exactos que quieres que aparezcan en tus publicaciones para asegurarte de que est\u00e1n perfectamente alineados con la voz y el contenido de tu marca. Este servicio personalizado te ayuda a crear una secci\u00f3n de comentarios cohesionada y atractiva, reforzando tu credibilidad y la conexi\u00f3n con tu audiencia.  <\/p>\n\n<p><strong>Aumentar tus seguidores, visitas y me gusta en Instagram puede mejorar tus m\u00e9tricas y aumentar tu visibilidad en las b\u00fasquedas.<\/strong><\/p>\n\n<h2 class=\"wp-block-heading\">\u00bfCu\u00e1les son las ventajas de comprar comentarios de Instagram?<\/h2>\n\n<p>Comprar comentarios de Instagram ofrece varias ventajas a particulares y empresas que quieren mejorar sus perfiles en las redes sociales. En primer lugar, aumenta el nivel de participaci\u00f3n, haciendo que tus publicaciones parezcan m\u00e1s din\u00e1micas y populares, lo que puede atraer m\u00e1s comentarios org\u00e1nicos y seguidores. Este aumento de la participaci\u00f3n tambi\u00e9n mejora la visibilidad de tu cuenta, ya que el algoritmo de Instagram da prioridad a las publicaciones con m\u00e1s comentarios, que aparecen con m\u00e1s frecuencia en la p\u00e1gina Explorar y en los feeds de los usuarios.  <\/p>\n\n<p>Adem\u00e1s, comprar comentarios ayuda a crear una impresi\u00f3n positiva de tu marca o perfil, demostrando una comunidad activa y comprometida. Esto puede inspirar a los usuarios reales a participar en conversaciones, fomentando interacciones y debates genuinos. Para las empresas, un mayor n\u00famero de comentarios aumenta la credibilidad y el reconocimiento de la marca, lo que puede atraer m\u00e1s tr\u00e1fico al sitio y convertir seguidores en clientes. En general, invertir en comentarios de Instagram es una estrategia eficaz para acelerar el crecimiento, mejorar las m\u00e9tricas de participaci\u00f3n y reforzar tu presencia en las redes sociales.   <\/p>\n\n<figure class=\"wp-block-image size-full\"><img decoding=\"async\" src=\"https:\/\/follower-kaufen.io\/wp-content\/uploads\/2024\/07\/Instagram-Kommentare-kaufen.png\" alt=\"Comprar comentarios de Instagram\" class=\"wp-image-8748\"\/><figcaption class=\"wp-element-caption\">Comprar comentarios de Instagram<\/figcaption><\/figure>\n\n<h2 class=\"wp-block-heading\">\u00bfEs seguro comprar comentarios de Instagram?<\/h2>\n\n<p>Comprar comentarios en Instagram puede ser seguro si los compras en sitios aut\u00e9nticos y fiables. Estos proveedores garantizan que los comentarios son realizados por cuentas reales y activas, minimizando el riesgo de sanciones por parte de Instagram. Dan prioridad a la seguridad y al cumplimiento de <a href=\"https:\/\/help.instagram.com\/477434105621119\">las directrices de Instagram<\/a>, ayudando a proteger tu cuenta de problemas como el shadowbanning o el baneo. Al elegir un servicio fiable, puedes aumentar con seguridad tu participaci\u00f3n y mejorar tu presencia en las redes sociales sin comprometer la integridad de tu cuenta.   <\/p>\n\n<h2 class=\"wp-block-heading\">\u00bfC\u00f3mo comprar comentarios en Instagram?<\/h2>\n\n<p>Comprar comentarios en Instagram es extremadamente sencillo y directo. Todo lo que tienes que hacer es introducir la URL de tu publicaci\u00f3n en el campo designado, seleccionar el n\u00famero deseado de comentarios y completar tu pedido. El proceso es r\u00e1pido y sencillo, y s\u00f3lo te llevar\u00e1 unos minutos. Una vez realizado el pedido, la tramitaci\u00f3n suele comenzar en pocas horas.   <\/p>\n\n<p>Ver\u00e1s los resultados casi de inmediato cuando aparezcan comentarios en tu publicaci\u00f3n, aumentando tu engagement de forma efectiva y sin esfuerzo.<\/p>\n\n<ol class=\"wp-block-list\">\n<li>Introduce la URL de tu entrada en el campo designado.<\/li>\n\n\n\n<li>Elige el n\u00famero deseado de comentarios.<\/li>\n\n\n\n<li>Completa tu pedido.<\/li>\n\n\n\n<li>La tramitaci\u00f3n del pedido comienza en pocas horas.<\/li>\n\n\n\n<li>Ve los resultados inmediatamente con los comentarios en tu publicaci\u00f3n.<\/li>\n<\/ol>\n\n<h2 class=\"wp-block-heading\">\u00bfCu\u00e1nto cuestan 1000 comentarios en Instagram?<\/h2>\n\n<p>El precio de 1.000 comentarios en Instagram var\u00eda entre 20 y 70 d\u00f3lares, dependiendo del tipo y la calidad de los comentarios. Los comentarios aleatorios suelen estar en el rango de precios m\u00e1s bajo, mientras que los comentarios personalizados y de alta calidad son m\u00e1s caros. Esta variaci\u00f3n te permite elegir la opci\u00f3n que mejor se adapte a tus necesidades y presupuesto.  <\/p>\n\n<h2 class=\"wp-block-heading\">\u00bfC\u00f3mo conseguir m\u00e1s comentarios en Instagram?<\/h2>\n\n<p>Para conseguir m\u00e1s comentarios en Instagram, puedes aplicar varias estrategias eficaces:<\/p>\n\n<ol class=\"wp-block-list\">\n<li><strong>Crea contenidos atractivos<\/strong>: Publica fotos, v\u00eddeos y pies de foto de alta calidad que resuenen entre tu p\u00fablico y fomenten los comentarios.<\/li>\n\n\n\n<li><strong>Haz preguntas<\/strong>: Incluye preguntas en tus pies de foto para animar a tus seguidores a compartir sus pensamientos y experiencias.<\/li>\n\n\n\n<li><strong>Organiza concursos y sorteos<\/strong>: Organiza concursos o sorteos en los que los participantes tengan que comentar tu post para participar.<\/li>\n\n\n\n<li><strong>Responde a los comentarios<\/strong>: Interact\u00faa con tus seguidores respondiendo a sus comentarios, lo que fomentar\u00e1 a\u00fan m\u00e1s la interacci\u00f3n.<\/li>\n\n\n\n<li><strong>Utiliza hashtags relevantes<\/strong>: Utiliza hashtags populares y relevantes para aumentar la visibilidad de tus publicaciones ante un p\u00fablico m\u00e1s amplio.<\/li>\n\n\n\n<li>Publica <strong>con regularidad<\/strong>: Mant\u00e9n un calendario de publicaci\u00f3n coherente para mantener a tu audiencia interesada y aumentar las posibilidades de recibir comentarios.<\/li>\n\n\n\n<li><strong>Colabora con personas infl<\/strong>uyentes: Colabora con personas influyentes de tu nicho para llegar a un p\u00fablico m\u00e1s amplio y generar m\u00e1s comentarios.<\/li>\n\n\n\n<li><strong>Comparte contenido generado por los usuarios<\/strong>: Destaca el contenido creado por tus seguidores, animando a los dem\u00e1s a participar y comentar.<\/li>\n\n\n\n<li><strong>Compra comentarios<\/strong>: Compra comentarios de fuentes de confianza para aumentar tu engagement y atraer m\u00e1s interacciones org\u00e1nicas.<\/li>\n<\/ol>\n\n<p>Combinando estas estrategias, puedes aumentar eficazmente el n\u00famero de comentarios en tus publicaciones de Instagram.<\/p>\n\n<h2 class=\"wp-block-heading\"><strong>\u00bfPor qu\u00e9 comprarseguidores.io es el mejor sitio para comprar comentarios de Instagram?<\/strong><\/h2>\n\n<p>comprarseguidores.io es el mejor sitio para comprar comentarios de Instagram por su compromiso con la calidad, la autenticidad y la satisfacci\u00f3n del cliente. Ofrece comentarios de alta calidad de cuentas reales y activas, lo que garantiza que tu participaci\u00f3n parezca aut\u00e9ntica y digna de confianza. Con opciones de personalizaci\u00f3n, puedes elegir entre comentarios aleatorios, relevantes o personalizados para adaptarlos a tus necesidades espec\u00edficas.  <\/p>\n\n<h2 class=\"wp-block-heading\">comprarseguidores.io ofrece los siguientes paquetes de comentarios activos en Instagram:<\/h2>\n\n<ul class=\"wp-block-list\">\n<li>5 Comentarios en Instagram<\/li>\n\n\n\n<li>10 Comentarios en Instagram<\/li>\n\n\n\n<li>25 Comentarios en Instagram<\/li>\n\n\n\n<li>50 Comentarios en Instagram<\/li>\n\n\n\n<li>100 comentarios en Instagram<\/li>\n\n\n\n<li>250 Comentarios en Instagram<\/li>\n\n\n\n<li>500 comentarios en Instagram<\/li>\n\n\n\n<li>1000 comentarios en Instagram<\/li>\n<\/ul>\n\n<h2 class=\"wp-block-heading\">PREGUNTAS FRECUENTES<\/h2>\n\n<div data-schema-only=\"false\" class=\"wp-block-aioseo-faq\"><h3 class=\"aioseo-faq-block-question\">Quantos coment\u00e1rios no Instagram devo comprar?<\/h3><div class=\"aioseo-faq-block-answer\">\n<p>El n\u00famero de comentarios de Instagram que debes comprar depende de tus objetivos. Para un compromiso inicial, basta con una peque\u00f1a cantidad. Para un crecimiento significativo, considera comprar m\u00e1s. Ajusta la cantidad en funci\u00f3n de tus objetivos espec\u00edficos.   <\/p>\n<\/div><\/div>\n\n<div data-schema-only=\"false\" class=\"wp-block-aioseo-faq\"><h3 class=\"aioseo-faq-block-question\">\u00c9 poss\u00edvel ser banido por comprar coment\u00e1rios no Instagram?<\/h3><div class=\"aioseo-faq-block-answer\">\n<p>No, es poco probable que te baneen por comprar comentarios de Instagram si los compras en sitios aut\u00e9nticos. Los proveedores fiables garantizan que los comentarios proceden de cuentas reales y activas y cumplen las directrices de Instagram, manteniendo tu cuenta a salvo. <\/p>\n<\/div><\/div>\n\n<div data-schema-only=\"false\" class=\"wp-block-aioseo-faq\"><h3 class=\"aioseo-faq-block-question\">Por que voc\u00ea deve comprar coment\u00e1rios no Instagram?<\/h3><div class=\"aioseo-faq-block-answer\">\n<p>Comprar comentarios en Instagram aumenta la visibilidad y credibilidad de tu perfil, mejora la participaci\u00f3n org\u00e1nica y atrae a los anunciantes. Es ideal para cuentas nuevas que buscan un crecimiento r\u00e1pido. <\/p>\n<\/div><\/div>\n\n<div data-schema-only=\"false\" class=\"wp-block-aioseo-faq\"><h3 class=\"aioseo-faq-block-question\">Quais benef\u00edcios posso esperar ao comprar coment\u00e1rios no Instagram?<\/h3><div class=\"aioseo-faq-block-answer\">\n<p>Comprar comentarios en Instagram aumenta la visibilidad y la participaci\u00f3n, atrae a m\u00e1s seguidores y anunciantes y mejora tu clasificaci\u00f3n en el algoritmo de Instagram, lo que se traduce en un mayor reconocimiento. Un mayor n\u00famero de comentarios tambi\u00e9n aumenta la credibilidad y fomenta las interacciones org\u00e1nicas, acelerando el crecimiento de tu perfil. <\/p>\n<\/div><\/div>\n\n<div data-schema-only=\"false\" class=\"wp-block-aioseo-faq\"><h3 class=\"aioseo-faq-block-question\">Quanto tempo leva para ver os resultados?<\/h3><div class=\"aioseo-faq-block-answer\">\n<p>Ver\u00e1s los resultados casi inmediatamente despu\u00e9s de que se haya procesado tu pedido, normalmente en unas pocas horas.<\/p>\n<\/div><\/div>\n\n<div data-schema-only=\"false\" class=\"wp-block-aioseo-faq\"><h3 class=\"aioseo-faq-block-question\">A compra de coment\u00e1rios \u00e9 uma pr\u00e1tica comum?<\/h3><div class=\"aioseo-faq-block-answer\">\n<p>S\u00ed, comprar comentarios en Instagram est\u00e1 muy extendido. Muchos influencers, marcas y particulares utilizan esta estrategia para aumentar r\u00e1pidamente el engagement, la visibilidad y el n\u00famero de seguidores. <\/p>\n<\/div><\/div>\n\n<div data-schema-only=\"false\" class=\"wp-block-aioseo-faq\"><h3 class=\"aioseo-faq-block-question\">Os coment\u00e1rios s\u00e3o reais?<\/h3><div class=\"aioseo-faq-block-answer\">\n<p>S\u00ed, son comentarios reales de Instagram de cuentas activas y aut\u00e9nticas.<\/p>\n<\/div><\/div>\n\n<div data-schema-only=\"false\" class=\"wp-block-aioseo-faq\"><h3 class=\"aioseo-faq-block-question\">Um alto n\u00famero de coment\u00e1rios pode levar a um aumento no engajamento org\u00e2nico?<\/h3><div class=\"aioseo-faq-block-answer\">\n<p>S\u00ed, un gran n\u00famero de comentarios puede aumentar la participaci\u00f3n org\u00e1nica en Instagram. Hace que las publicaciones parezcan m\u00e1s populares, atrayendo m\u00e1s me gusta, comentarios y seguidores, adem\u00e1s de mejorar la visibilidad en el algoritmo. <\/p>\n<\/div><\/div>\n\n<div data-schema-only=\"false\" class=\"wp-block-aioseo-faq\"><h3 class=\"aioseo-faq-block-question\">O que fazer se meu pedido n\u00e3o for entregue?<\/h3><div class=\"aioseo-faq-block-answer\">\n<p>Si tu pedido no se entrega, comprueba la confirmaci\u00f3n del pedido y los detalles del pago para asegurarte de que todo es correcto. A continuaci\u00f3n, ponte en contacto con el servicio de atenci\u00f3n al cliente con la informaci\u00f3n del pedido para resolver el problema. Deber\u00edan poder ayudarte y ofrecerte una soluci\u00f3n.  <\/p>\n<\/div><\/div>\n\n<div data-schema-only=\"false\" class=\"wp-block-aioseo-faq\"><h3 class=\"aioseo-faq-block-question\">Quais m\u00e9todos de pagamento voc\u00eas oferecem?<\/h3><div class=\"aioseo-faq-block-answer\">\n<p>Ofrecemos diversos m\u00e9todos de pago, como tarjetas de cr\u00e9dito, PayPal y, en algunos casos, criptomonedas. Esta diversidad te permite elegir la opci\u00f3n m\u00e1s conveniente para tus transacciones. <\/p>\n<\/div><\/div>\n","protected":false},"excerpt":{"rendered":"<p>\ud83d\ude80 Potencia tus publicaciones de Instagram:<\/p>\n<p>\u2705 Comentarios de Instagram 100% reales<br \/>\n\u231b Entrega en 24 horas<br \/>\n\ud83d\udcac Escrito especialmente para tu contenido<br \/>\n\ud83d\udd12 Seguro y discreto<\/p>\n","protected":false},"featured_media":7216,"comment_status":"closed","ping_status":"closed","template":"","meta":[],"product_brand":[],"product_cat":[106],"product_tag":[],"class_list":{"0":"post-12407","1":"product","2":"type-product","3":"status-publish","4":"has-post-thumbnail","6":"product_cat-sin-categoria","8":"first","9":"instock","10":"shipping-taxable","11":"purchasable","12":"product-type-variable"},"aioseo_notices":[],"_links":{"self":[{"href":"https:\/\/comprarseguidores.io\/es\/wp-json\/wp\/v2\/product\/12407","targetHints":{"allow":["GET"]}}],"collection":[{"href":"https:\/\/comprarseguidores.io\/es\/wp-json\/wp\/v2\/product"}],"about":[{"href":"https:\/\/comprarseguidores.io\/es\/wp-json\/wp\/v2\/types\/product"}],"replies":[{"embeddable":true,"href":"https:\/\/comprarseguidores.io\/es\/wp-json\/wp\/v2\/comments?post=12407"}],"version-history":[{"count":1,"href":"https:\/\/comprarseguidores.io\/es\/wp-json\/wp\/v2\/product\/12407\/revisions"}],"predecessor-version":[{"id":12493,"href":"https:\/\/comprarseguidores.io\/es\/wp-json\/wp\/v2\/product\/12407\/revisions\/12493"}],"wp:featuredmedia":[{"embeddable":true,"href":"https:\/\/comprarseguidores.io\/es\/wp-json\/wp\/v2\/media\/7216"}],"wp:attachment":[{"href":"https:\/\/comprarseguidores.io\/es\/wp-json\/wp\/v2\/media?parent=12407"}],"wp:term":[{"taxonomy":"product_brand","embeddable":true,"href":"https:\/\/comprarseguidores.io\/es\/wp-json\/wp\/v2\/product_brand?post=12407"},{"taxonomy":"product_cat","embeddable":true,"href":"https:\/\/comprarseguidores.io\/es\/wp-json\/wp\/v2\/product_cat?post=12407"},{"taxonomy":"product_tag","embeddable":true,"href":"https:\/\/comprarseguidores.io\/es\/wp-json\/wp\/v2\/product_tag?post=12407"}],"curies":[{"name":"wp","href":"https:\/\/api.w.org\/{rel}","templated":true}]}}