{"id":12408,"date":"2024-06-13T12:30:03","date_gmt":"2024-06-13T12:30:03","guid":{"rendered":"https:\/\/comprarseguidores.io\/product\/comprar-x-resenas-aleatorias\/"},"modified":"2025-04-06T12:06:12","modified_gmt":"2025-04-06T12:06:12","slug":"comprar-x-resenas-aleatorias","status":"publish","type":"product","link":"https:\/\/comprarseguidores.io\/es\/product\/comprar-x-resenas-aleatorias\/","title":{"rendered":"Comprar X Rese\u00f1as aleatorias"},"content":{"rendered":"\n<h2 class=\"wp-block-heading\">Comprar X Rese\u00f1as aleatorias<\/h2>\n\n<p>Comprar X Comentarios Aleatorios se refiere a la pr\u00e1ctica de comprar comentarios generados aleatoriamente para publicaciones en diversas plataformas, como redes sociales o blogs. Las principales ventajas de este enfoque incluyen el aumento de la participaci\u00f3n percibida de tus publicaciones, lo que puede atraer m\u00e1s visitas org\u00e1nicas. Cuando otras personas ven que una publicaci\u00f3n tiene muchos comentarios, esto puede crear un efecto reba\u00f1o, fomentando interacciones genuinas a medida que los usuarios perciben el contenido como m\u00e1s valioso o popular.  <\/p>\n\n<p>Adem\u00e1s, un mayor n\u00famero de comentarios puede ayudar a aumentar la visibilidad de una publicaci\u00f3n en los feeds basados en algoritmos, donde los niveles de participaci\u00f3n influyen en la distribuci\u00f3n del contenido. Esta estrategia puede ser especialmente \u00fatil para quienes deseen ampliar r\u00e1pidamente su presencia en l\u00ednea y estimular un mayor debate e interacci\u00f3n sobre sus contenidos. <\/p>\n\n<h2 class=\"wp-block-heading\">\u00bfCu\u00e1les son las ventajas de comprar X opiniones al azar?<\/h2>\n\n<p>He aqu\u00ed una lista simplificada de las ventajas de comprar X revisiones aleatorias:<\/p>\n\n<ol class=\"wp-block-list\">\n<li>Aumenta la interacci\u00f3n en las publicaciones, haci\u00e9ndolas parecer m\u00e1s activas.<\/li>\n\n\n\n<li>Un mayor compromiso puede mejorar el posicionamiento de las publicaciones en los feeds basados en algoritmos.<\/li>\n\n\n\n<li>Los comentarios pueden hacer que una publicaci\u00f3n parezca popular, atrayendo m\u00e1s visitas.<\/li>\n\n\n\n<li>M\u00e1s comentarios pueden animar a otras personas a unirse al debate.<\/li>\n\n\n\n<li>Ofrece una forma r\u00e1pida de generar actividad e inter\u00e9s en torno a contenidos nuevos o menos populares.<\/li>\n<\/ol>\n\n<p>Estas ventajas pueden ayudar a crear una presencia din\u00e1mica y atraer m\u00e1s atenci\u00f3n hacia tus publicaciones.<\/p>\n\n<p><strong>Puedes aumentar la visibilidad y el compromiso en tu perfil X manteniendo una buena mezcla de seguidores, me gusta, retweets, votos en encuestas, oyentes de Spaces y comentarios aleatorios.<\/strong><\/p>\n\n<h2 class=\"wp-block-heading\">\u00bfEs seguro comprar X opiniones al azar?<\/h2>\n\n<p>Comprar opiniones X al azar puede ser seguro si eliges sitios aut\u00e9nticos y fiables para realizar tu compra. Estos sitios leg\u00edtimos garantizan que las opiniones se generen de forma que cumplan las directrices de las plataformas, minimizando as\u00ed el riesgo de sanciones como la suspensi\u00f3n de la cuenta o el marcado por sistemas automatizados. <\/p>\n\n<p>Y lo que es m\u00e1s, los proveedores de confianza suelen asegurarse de que estos comentarios est\u00e9n dise\u00f1ados para parecer naturales y relevantes, lo que ayuda a mantener la integridad y credibilidad de tu presencia en las redes sociales. Este enfoque no s\u00f3lo aumenta de forma fiable las m\u00e9tricas de participaci\u00f3n de tu contenido, sino que tambi\u00e9n mejora la autenticidad percibida de las interacciones en tus publicaciones. Al contratar este tipo de servicio, comprueba siempre la credibilidad del proveedor, analiza los comentarios de otros clientes y aseg\u00farate de que sus pr\u00e1cticas se ajustan a las normas de las redes sociales para proteger tu cuenta.  <\/p>\n\n<figure class=\"wp-block-image\"><img decoding=\"async\" src=\"https:\/\/lh7-rt.googleusercontent.com\/docsz\/AD_4nXeG2jFirnRy0tRXcTri_gW-oMmzewMM7qtTInFgpjzJEVZphvXatB3_ufTNH1wGodENUZYKA11xp6C280XOQ8DHM4S0ykK4ETTetiuCG3zjnRNI6qRc7H76afnByhEYhu7mdK889pCWbafuHPD53Qwsrnkr?key=znOyPV786TdsRoCs7_vmkg\" alt=\"\"\/><\/figure>\n\n<h2 class=\"wp-block-heading\">\u00bfC\u00f3mo comprar X comentarios aleatorios?<\/h2>\n\n<p>Comprar comentarios aleatorios sobre X es un proceso sorprendentemente sencillo que puede hacerse r\u00e1pidamente online. En primer lugar, tienes que ir al sitio web de un proveedor fiable que ofrezca este servicio. All\u00ed, tendr\u00e1s que introducir la URL del post espec\u00edfico que quieres potenciar en el campo designado. A continuaci\u00f3n, selecciona el n\u00famero deseado de comentarios aleatorios que deseas adquirir, ajustando el n\u00famero en funci\u00f3n de tus objetivos de participaci\u00f3n. Una vez que hayas elegido, finaliza la transacci\u00f3n pagando a trav\u00e9s de los m\u00e9todos seguros que ofrece el sitio.    <\/p>\n\n<p>La aplicaci\u00f3n suele lanzarse en pocas horas, y podr\u00e1s ver los resultados casi de inmediato, con la aparici\u00f3n de comentarios en tu publicaci\u00f3n para aumentar la interacci\u00f3n y la visibilidad. Este m\u00e9todo pr\u00e1ctico facilita el aumento de la participaci\u00f3n sin necesidad de conocimientos profundos de marketing en redes sociales. <\/p>\n\n<ol class=\"wp-block-list\">\n<li>Introduce la URL de la publicaci\u00f3n que quieres potenciar en el campo correspondiente.<\/li>\n\n\n\n<li>Elige el n\u00famero de comentarios que quieres comprar.<\/li>\n\n\n\n<li>Realiza tu pago utilizando un m\u00e9todo seguro.<\/li>\n\n\n\n<li>Los comentarios deber\u00edan empezar a aparecer en tu publicaci\u00f3n en pocas horas.<\/li>\n<\/ol>\n\n<h2 class=\"wp-block-heading\">\u00bfCu\u00e1nto cuestan 1000 comentarios aleatorios sobre X?<\/h2>\n\n<p>El coste de 1000 comentarios aleatorios en diversas plataformas puede variar mucho, dependiendo del proveedor y de la calidad de los comentarios. En general, los precios pueden oscilar entre 50 y varios cientos de d\u00f3lares. Es importante elegir cuidadosamente un proveedor que garantice comentarios de aspecto natural y cumpla <a href=\"https:\/\/help.twitter.com\/en\/rules-and-policies\/x-rules\" target=\"_blank\" rel=\"noopener\" title=\"directrices de la plataforma\">las directrices de<\/a> la plataforma para evitar consecuencias negativas. Investiga siempre a distintos proveedores, compara sus ofertas y lee opiniones para asegurarte de que obtienes un buen equilibrio entre precio, calidad y fiabilidad.   <\/p>\n\n<h2 class=\"wp-block-heading\">\u00bfC\u00f3mo puedo conseguir m\u00e1s comentarios sobre X?<\/h2>\n\n<p>Para conseguir m\u00e1s comentarios en tus posts, prueba estas estrategias simplificadas:<\/p>\n\n<ol class=\"wp-block-list\">\n<li><strong>Publica contenido atractivo:<\/strong> Comparte contenido interesante con el que la gente pueda identificarse y que fomente las respuestas.<\/li>\n\n\n\n<li><strong>Haz preguntas:<\/strong> Fomenta los comentarios pidiendo la opini\u00f3n o las experiencias de tu audiencia.<\/li>\n\n\n\n<li><strong>Interact\u00faa con los comentaristas:<\/strong> Responde a los comentarios para mantener la conversaci\u00f3n.<\/li>\n\n\n\n<li><strong>Utiliza hashtags:<\/strong> Aumenta tu alcance con hashtags relevantes para atraer m\u00e1s visitas.<\/li>\n\n\n\n<li><strong>Publica a las horas adecuadas:<\/strong> Comparte contenido cuando tu audiencia est\u00e9 m\u00e1s activa para generar m\u00e1s compromiso.<\/li>\n<\/ol>\n\n<p>Estas sencillas t\u00e1cticas pueden ayudarte a aumentar eficazmente el n\u00famero de comentarios en tus publicaciones.<\/p>\n\n<h2 class=\"wp-block-heading\">\u00bfPor qu\u00e9 comprarseguidores.io es el mejor sitio para comprar comentarios aleatorios sobre X?<\/h2>\n\n<p>comprarseguidores.io es ampliamente reconocido como el mejor sitio para comprar <em>comentarios aleatorios en X<\/em> debido a su compromiso con la calidad y la autenticidad. Este sitio garantiza que todos los comentarios se generan a partir de cuentas reales y activas, aumentando as\u00ed la credibilidad y los niveles de compromiso de tus publicaciones. <\/p>\n\n<p>Adem\u00e1s, comprarseguidores.io ofrece precios competitivos, paquetes flexibles que se adaptan a distintas necesidades y un proceso de transacci\u00f3n seguro y f\u00e1cil de usar.<\/p>\n\n<p>El servicio de atenci\u00f3n al cliente es \u00e1gil y proactivo, lo que ayuda a resolver r\u00e1pidamente cualquier problema. Adem\u00e1s, el sitio utiliza algoritmos avanzados para garantizar que los comentarios parezcan naturales y relevantes, manteniendo la integridad de tu presencia en las redes sociales. <\/p>\n\n<h2 class=\"wp-block-heading\">\u00bfC\u00f3mo veo los comentarios en X?<\/h2>\n\n<p>Para visualizar los comentarios de tus publicaciones en redes sociales o cualquier otro tipo de contenido identificado como \"comentarios sobre X\", puedes seguir estos pasos generales:<\/p>\n\n<ol class=\"wp-block-list\">\n<li><strong>Ir a la publicaci\u00f3n:<\/strong> Ve a la publicaci\u00f3n espec\u00edfica de tu perfil o p\u00e1gina donde esperas ver los comentarios.<\/li>\n\n\n\n<li><strong>Despl\u00e1zate hasta la secci\u00f3n de comentarios:<\/strong> La mayor\u00eda de las plataformas tienen una secci\u00f3n espec\u00edfica debajo de la publicaci\u00f3n donde se muestran todos los comentarios. Puede que tengas que hacer clic en algo como \"Ver todos los comentarios\" si hay muchos. <\/li>\n\n\n\n<li><strong>Actualiza la p\u00e1gina:<\/strong> Si est\u00e1s esperando nuevos comentarios y no aparecen, actualiza la p\u00e1gina o desliza el dedo hacia abajo (en dispositivos m\u00f3viles) para cargar el contenido m\u00e1s reciente.<\/li>\n<\/ol>\n\n<p>Cada plataforma puede tener ligeras variaciones en c\u00f3mo se accede a los comentarios y c\u00f3mo se muestran, as\u00ed que comprueba las instrucciones espec\u00edficas de la plataforma que est\u00e9s utilizando si estos pasos no funcionan.<\/p>\n\n<h2 class=\"wp-block-heading\">\u00bfPor qu\u00e9 no aparece mi comentario X?<\/h2>\n\n<p>Si tu comentario X no aparece, puede deberse a varias razones:<\/p>\n\n<ol class=\"wp-block-list\">\n<li><strong>Moderaci\u00f3n y filtros de spam:<\/strong> X utiliza sistemas autom\u00e1ticos para filtrar los comentarios que parecen spam o que infringen las normas de la comunidad. Si tu comentario contiene determinadas palabras clave o enlaces, puede ocultarse autom\u00e1ticamente. <\/li>\n\n\n\n<li><strong>Limitaciones de la cuenta:<\/strong> Si X detecta actividad inusual en tu cuenta, como demasiados comentarios en muy poco tiempo, puede restringir temporalmente tu capacidad de publicar comentarios.<\/li>\n\n\n\n<li><strong>Configuraci\u00f3n de privacidad del tuit:<\/strong> El tuit original que intentas comentar puede proceder de una cuenta protegida, lo que significa que s\u00f3lo los seguidores aprobados pueden ver las publicaciones e interactuar con ellas.<\/li>\n\n\n\n<li><strong>Bloqueado por el usuario:<\/strong> Si el propietario de la cuenta te ha bloqueado, no podr\u00e1s ver ni comentar los tweets de esa persona.<\/li>\n\n\n\n<li><strong>Problemas t\u00e9cnicos:<\/strong> A veces los comentarios pueden no aparecer debido a fallos temporales de la plataforma. Prueba a publicar de nuevo al cabo de un rato o a actualizar la p\u00e1gina. <\/li>\n<\/ol>\n\n<p>Si ninguna de estas razones parece aplicable y sigues teniendo problemas, puede ser \u00fatil consultar el <a href=\"https:\/\/help.twitter.com\/en\" target=\"_blank\" rel=\"noopener\" title=\"X Centro de Ayuda\">Centro de Ayuda X<\/a> o contactar con el servicio de asistencia para obtener una orientaci\u00f3n m\u00e1s espec\u00edfica.<\/p>\n\n<h2 class=\"wp-block-heading\">\u00bfC\u00f3mo puedo ver todos los comentarios que he hecho en X?<\/h2>\n\n<p>Para ver todos los comentarios que has hecho en X, sigue estos pasos:<\/p>\n\n<ol class=\"wp-block-list\">\n<li>Con\u00e9ctate a tu cuenta X y ve a la p\u00e1gina de tu perfil.<\/li>\n\n\n\n<li>Haz clic en la pesta\u00f1a \"Tweets y respuestas\". Esta secci\u00f3n muestra tanto tus tweets como las respuestas (comentarios) que has hecho a otros tweets. <\/li>\n\n\n\n<li>Tambi\u00e9n puedes utilizar la herramienta de b\u00fasqueda avanzada de X para encontrar comentarios espec\u00edficos. Introduce tu nombre de usuario en el campo \"De estas cuentas\" de la secci\u00f3n \"Cuentas\" y a\u00f1ade palabras clave o frases espec\u00edficas que recuerdes de tus comentarios. <\/li>\n<\/ol>\n\n<p>Estos m\u00e9todos te permiten revisar tus interacciones, incluidos todos los comentarios realizados en los tweets de otras personas. Recuerda que los comentarios realizados en tweets de cuentas privadas s\u00f3lo ser\u00e1n visibles si eres un seguidor aprobado de esas cuentas. <\/p>\n\n<h2 class=\"wp-block-heading\">\u00bfC\u00f3mo comento un tuit?<\/h2>\n\n<p>Comentar un tuit, tambi\u00e9n conocido como responder a un tuit, es un proceso sencillo en X. A continuaci\u00f3n te explicamos c\u00f3mo hacerlo:<\/p>\n\n<ol class=\"wp-block-list\">\n<li>Ve al tuit que quieras comentar.<\/li>\n\n\n\n<li>Haz clic en el icono del globo de di\u00e1logo situado debajo del tuit.<\/li>\n\n\n\n<li>Se abrir\u00e1 un cuadro de texto. En \u00e9l, escribe tu respuesta. Puedes incluir texto, emojis, GIFs, im\u00e1genes o v\u00eddeos.  <\/li>\n\n\n\n<li>Cuando hayas terminado de escribir, haz clic en el bot\u00f3n \"Responder\" para publicar. Tu comentario aparecer\u00e1 como una respuesta al tuit original y ser\u00e1 visible para otros usuarios que vean el tuit. <\/li>\n<\/ol>\n\n<p>Este proceso te permite participar en conversaciones y contribuir a los debates sobre X. Recuerda que tus respuestas son p\u00fablicas y cualquiera puede verlas, a menos que el tuit original sea de una cuenta protegida y t\u00fa no seas uno de los seguidores aprobados.<\/p>\n\n<h2 class=\"wp-block-heading\">\u00bfQui\u00e9n puede ver mis respuestas en X?<\/h2>\n\n<p>En X, la visibilidad de tus respuestas depende de varios factores:<\/p>\n\n<p><strong>Tu configuraci\u00f3n de privacidad:<\/strong> Si tu cuenta de Twitter es p\u00fablica, cualquiera podr\u00e1 ver tus respuestas. Si tu cuenta es privada, s\u00f3lo podr\u00e1n verlas los seguidores aprobados. <\/p>\n\n<p><strong>Privacidad del tuit original:<\/strong> Si respondes a un tuit de alguien con una cuenta privada, s\u00f3lo los seguidores de esa persona (y los tuyos, si ambas cuentas son privadas y hay seguidores en com\u00fan) podr\u00e1n ver la respuesta.<\/p>\n\n<p><strong>Retweets y citas:<\/strong> Si alguien retweetea o cita tu respuesta, esto puede aumentar la visibilidad de tu comentario para los seguidores de esa persona, aunque esos seguidores no te sigan a ti.<\/p>\n\n<h2 class=\"wp-block-heading\">\u00bfPor qu\u00e9 no puedo ver las respuestas a un tweet?<\/h2>\n\n<p>Si no puedes ver las respuestas a un tuit en Twitter, esto puede ocurrir por varias razones:<\/p>\n\n<ul class=\"wp-block-list\">\n<li><strong>Configuraci\u00f3n de privacidad:<\/strong> Puede que no tengas acceso si la cuenta del tuit original es privada y no la sigues.<\/li>\n\n\n\n<li><strong>Cuentas bloqueadas:<\/strong> O bien has bloqueado a la persona que te ha respondido, o ella te ha bloqueado a ti.<\/li>\n\n\n\n<li><strong>Respuestas eliminadas:<\/strong> Las respuestas pueden haber sido eliminadas por el usuario o por el propio Twitter.<\/li>\n\n\n\n<li><strong>Problemas t\u00e9cnicos:<\/strong> Twitter puede estar experimentando problemas t\u00e9cnicos temporales.<\/li>\n\n\n\n<li><strong>Filtros de contenido:<\/strong> los algoritmos de Twitter pueden filtrar las respuestas consideradas spam o inapropiadas.<\/li>\n<\/ul>\n\n<h2 class=\"wp-block-heading\">\u00bfPueden mis seguidores X ver mis comentarios?<\/h2>\n\n<p>S\u00ed, tus seguidores en X pueden ver tus comentarios (respuestas) si acceden a tu perfil en la pesta\u00f1a <strong>\"Tweets y respuestas\"<\/strong>, o si tambi\u00e9n siguen a la cuenta a la que est\u00e1s respondiendo, en cuyo caso la conversaci\u00f3n puede aparecer en su feed.<\/p>\n\n<p>Sin embargo, si respondes a un tuit de una cuenta privada y tus seguidores no siguen esa cuenta, <strong>no<\/strong> podr\u00e1n ver tu respuesta.<\/p>\n\n<p>Adem\u00e1s, tus respuestas son visibles en el feed de cualquiera que te siga a ti y a la persona a la que has respondido.<\/p>\n\n<h2 class=\"wp-block-heading\">PREGUNTAS FRECUENTES<\/h2>\n\n<div data-schema-only=\"false\" class=\"wp-block-aioseo-faq\"><h3 class=\"aioseo-faq-block-question\">Quantos coment\u00e1rios no X devo comprar?<\/h3><div class=\"aioseo-faq-block-answer\">\n<p>Elige la cantidad de comentarios X que vas a comprar en funci\u00f3n de tu nivel habitual de compromiso, tu presupuesto y tus objetivos espec\u00edficos. Empieza con una cantidad menor para evaluar el impacto y aj\u00fastala si es necesario. <\/p>\n<\/div><\/div>\n\n<div data-schema-only=\"false\" class=\"wp-block-aioseo-faq\"><h3 class=\"aioseo-faq-block-question\">\u00c9 poss\u00edvel ser banido por comprar coment\u00e1rios?<\/h3><div class=\"aioseo-faq-block-answer\">\n<p>No, no te bloquear\u00e1n si compras comentarios en X de sitios aut\u00e9nticos que sigan estrictamente las directrices de la plataforma, garantizando que toda la participaci\u00f3n sea leg\u00edtima y est\u00e9 dentro de las normas.<\/p>\n<\/div><\/div>\n\n<div data-schema-only=\"false\" class=\"wp-block-aioseo-faq\"><h3 class=\"aioseo-faq-block-question\">Em quanto tempo verei os resultados?<\/h3><div class=\"aioseo-faq-block-answer\">\n<p>Ver\u00e1s los resultados casi inmediatamente despu\u00e9s de procesar el pedido, normalmente en pocas horas.<\/p>\n<\/div><\/div>\n\n<div data-schema-only=\"false\" class=\"wp-block-aioseo-faq\"><h3 class=\"aioseo-faq-block-question\">Esses coment\u00e1rios no X s\u00e3o reais?<\/h3><div class=\"aioseo-faq-block-answer\">\n<p>S\u00ed, se trata de comentarios reales sobre X, realizados por cuentas activas y aut\u00e9nticas.<\/p>\n<\/div><\/div>\n\n<div data-schema-only=\"false\" class=\"wp-block-aioseo-faq\"><h3 class=\"aioseo-faq-block-question\">Esses coment\u00e1rios ficar\u00e3o permanentemente no meu perfil?<\/h3><div class=\"aioseo-faq-block-answer\">\n<p>S\u00ed, los comentarios que compras en X est\u00e1n dise\u00f1ados para permanecer en tu perfil de forma permanente, contribuyendo a la visibilidad a largo plazo de tus tweets.<\/p>\n<\/div><\/div>\n\n<div data-schema-only=\"false\" class=\"wp-block-aioseo-faq\"><h3 class=\"aioseo-faq-block-question\">O que fazer se meu pedido n\u00e3o for entregue?<\/h3><div class=\"aioseo-faq-block-answer\">\n<p>Si tu pedido no se entrega, comprueba el correo electr\u00f3nico de confirmaci\u00f3n y los detalles del pago para asegurarte de que todo es correcto. A continuaci\u00f3n, ponte en contacto con el servicio de atenci\u00f3n al cliente con la informaci\u00f3n del pedido. Deber\u00edan poder ayudarte y ofrecerte una soluci\u00f3n.  <\/p>\n<\/div><\/div>\n\n<div data-schema-only=\"false\" class=\"wp-block-aioseo-faq\"><h3 class=\"aioseo-faq-block-question\">Quais m\u00e9todos de pagamento voc\u00eas oferecem?<\/h3><div class=\"aioseo-faq-block-answer\">\n<p>Ofrecemos diversos m\u00e9todos de pago, como tarjetas de cr\u00e9dito, PayPal y, en algunos casos, criptomonedas. Esta variedad te permite elegir la opci\u00f3n m\u00e1s conveniente para tus transacciones. <\/p>\n<\/div><\/div>\n\n<div data-schema-only=\"false\" class=\"wp-block-aioseo-faq\"><h3 class=\"aioseo-faq-block-question\">Por que comprar coment\u00e1rios no X?<\/h3><div class=\"aioseo-faq-block-answer\">\n<p>Comprar comentarios en X aumenta la visibilidad de tu contenido, mejora la credibilidad y estimula un debate m\u00e1s org\u00e1nico, haciendo que tus publicaciones parezcan m\u00e1s atractivas y populares.<\/p>\n<\/div><\/div>\n\n<div data-schema-only=\"false\" class=\"wp-block-aioseo-faq\"><h3 class=\"aioseo-faq-block-question\">Um n\u00famero alto de coment\u00e1rios no meu perfil pode levar a mais engajamento org\u00e2nico?<\/h3><div class=\"aioseo-faq-block-answer\">\n<p>S\u00ed, un elevado n\u00famero de comentarios puede impulsar el compromiso org\u00e1nico, ya que las plataformas tienden a dar prioridad a los contenidos con un alto nivel de interacci\u00f3n, aumentando su visibilidad y atrayendo m\u00e1s interacciones espont\u00e1neas de los usuarios.<\/p>\n<\/div><\/div>\n\n<div data-schema-only=\"false\" class=\"wp-block-aioseo-faq\"><h3 class=\"aioseo-faq-block-question\">Quais benef\u00edcios posso esperar ao comprar coment\u00e1rios para minha conta?<\/h3><div class=\"aioseo-faq-block-answer\">\n<p>Comprar comentarios puede mejorar el compromiso de tus publicaciones, aumentar la visibilidad debido a la preferencia del algoritmo y atraer interacciones org\u00e1nicas aumentando la percepci\u00f3n de popularidad.<\/p>\n<\/div><\/div>\n","protected":false},"excerpt":{"rendered":"<p>\u2713 Recibe X comentarios reales<br \/>\n\u2713 No parecen falsos<br \/>\n\u2713 Garant\u00eda = 30 d\u00edas<\/p>\n<p>\ud83c\udfc1 <strong>Inicio<\/strong> = 0-8 horas<\/p>\n<p>\ud83d\udd10 <strong>100%<\/strong> seguro y discreto<\/p>\n<p>Introduce el enlace de la publicaci\u00f3n sobre la que quieres recibir comentarios. \ud83d\udcac<\/p>\n","protected":false},"featured_media":7406,"comment_status":"closed","ping_status":"closed","template":"","meta":[],"product_brand":[],"product_cat":[106],"product_tag":[],"class_list":{"0":"post-12408","1":"product","2":"type-product","3":"status-publish","4":"has-post-thumbnail","6":"product_cat-sin-categoria","8":"first","9":"outofstock","10":"shipping-taxable","11":"product-type-simple"},"aioseo_notices":[],"_links":{"self":[{"href":"https:\/\/comprarseguidores.io\/es\/wp-json\/wp\/v2\/product\/12408","targetHints":{"allow":["GET"]}}],"collection":[{"href":"https:\/\/comprarseguidores.io\/es\/wp-json\/wp\/v2\/product"}],"about":[{"href":"https:\/\/comprarseguidores.io\/es\/wp-json\/wp\/v2\/types\/product"}],"replies":[{"embeddable":true,"href":"https:\/\/comprarseguidores.io\/es\/wp-json\/wp\/v2\/comments?post=12408"}],"version-history":[{"count":1,"href":"https:\/\/comprarseguidores.io\/es\/wp-json\/wp\/v2\/product\/12408\/revisions"}],"predecessor-version":[{"id":12452,"href":"https:\/\/comprarseguidores.io\/es\/wp-json\/wp\/v2\/product\/12408\/revisions\/12452"}],"wp:featuredmedia":[{"embeddable":true,"href":"https:\/\/comprarseguidores.io\/es\/wp-json\/wp\/v2\/media\/7406"}],"wp:attachment":[{"href":"https:\/\/comprarseguidores.io\/es\/wp-json\/wp\/v2\/media?parent=12408"}],"wp:term":[{"taxonomy":"product_brand","embeddable":true,"href":"https:\/\/comprarseguidores.io\/es\/wp-json\/wp\/v2\/product_brand?post=12408"},{"taxonomy":"product_cat","embeddable":true,"href":"https:\/\/comprarseguidores.io\/es\/wp-json\/wp\/v2\/product_cat?post=12408"},{"taxonomy":"product_tag","embeddable":true,"href":"https:\/\/comprarseguidores.io\/es\/wp-json\/wp\/v2\/product_tag?post=12408"}],"curies":[{"name":"wp","href":"https:\/\/api.w.org\/{rel}","templated":true}]}}