{"id":12409,"date":"2024-06-14T09:57:57","date_gmt":"2024-06-14T09:57:57","guid":{"rendered":"https:\/\/comprarseguidores.io\/product\/comprar-vistas-reales\/"},"modified":"2025-04-06T12:06:14","modified_gmt":"2025-04-06T12:06:14","slug":"comprar-vistas-reales","status":"publish","type":"product","link":"https:\/\/comprarseguidores.io\/es\/product\/comprar-vistas-reales\/","title":{"rendered":"Comprar vistas reales"},"content":{"rendered":"\n<h2 class=\"wp-block-heading\">Comprar vistas de Instagram<\/h2>\n\n<p>Comprar visualizaciones en Instagram puede aumentar significativamente la popularidad percibida y el alcance de tu contenido. Cuando tus v\u00eddeos reciben un gran n\u00famero de visitas, parecen m\u00e1s cre\u00edbles y atractivos, lo que puede ayudar a atraer nuevos seguidores. El aumento de visitas tambi\u00e9n puede hacer que el algoritmo de Instagram favorezca tu contenido, haciendo que aparezca en la p\u00e1gina Explorar y en los feeds sugeridos, aumentando as\u00ed el alcance org\u00e1nico.  <\/p>\n\n<p>Esta visibilidad es crucial para los usuarios que quieren ampliar su audiencia o para las empresas que buscan ampliar su base de clientes. Adem\u00e1s, un elevado n\u00famero de visualizaciones hace que tu cuenta sea m\u00e1s influyente, lo que puede resultar especialmente atractivo para anunciantes y patrocinadores que busquen socios con m\u00e9tricas de participaci\u00f3n probadas. En general, comprar visualizaciones de Instagram puede ser un movimiento estrat\u00e9gico para aumentar r\u00e1pidamente tu presencia en las redes sociales y lograr objetivos de participaci\u00f3n m\u00e1s amplios.  <\/p>\n\n<h2 class=\"wp-block-heading\">Comprar Vistas y Likes de Instagram baratos<\/h2>\n\n<p>Aumenta tu engagement en Instagram sin gastarte una fortuna con nuestro paquete \"Vistas y Likes de Instagram baratos\". Esta soluci\u00f3n asequible te ayuda a aumentar la visibilidad y popularidad de tus publicaciones, haciendo que tu perfil sea m\u00e1s atractivo para tus seguidores potenciales. <\/p>\n\n<h2 class=\"wp-block-heading\">Comprar Vistas y Likes de Instagram desde Europa<\/h2>\n\n<p>Aumenta tu presencia en el mercado europeo con nuestro paquete \"Vistas y Me Gusta de Instagram desde Europa\". Consigue engagement de usuarios europeos reales, mejora tu alcance y haz que tu contenido sea m\u00e1s atractivo para la audiencia europea. <\/p>\n\n<h2 class=\"wp-block-heading\">Comprar Reel Views + IGTV en Instagram<\/h2>\n\n<p>Maximiza el impacto de tu contenido de v\u00eddeo con nuestro paquete \"Reel Views + IGTV\". Aumenta las visualizaciones de tus v\u00eddeos Reels e IGTV, mejora tu visibilidad e implicaci\u00f3n, y ayuda a que tu contenido llegue a un p\u00fablico m\u00e1s amplio. <\/p>\n\n<h2 class=\"wp-block-heading\">Comprar visualizaciones de Historias de Instagram<\/h2>\n\n<p>Aumenta la visibilidad de tus Historias de Instagram con nuestro paquete \"Vistas de Historias de Instagram\". M\u00e1s visualizaciones en tus Historias pueden aumentar el engagement en tu perfil y ayudarte a llegar a un p\u00fablico m\u00e1s amplio, haciendo que tu contenido tenga m\u00e1s impacto. <\/p>\n\n<h2 class=\"wp-block-heading\">Comprar Reel Views en Instagram<\/h2>\n\n<p>Aumenta la visibilidad de tus Reels en Instagram con nuestro paquete \"Vistas de Reels en Instagram\". Al aumentar el n\u00famero de visualizaciones, tus Reels parecer\u00e1n m\u00e1s populares y atraer\u00e1n a m\u00e1s espectadores org\u00e1nicos y participaci\u00f3n. Esto puede ayudar a que tu contenido se clasifique mejor en el algoritmo de Instagram, lo que se traduce en un mayor alcance y una audiencia m\u00e1s amplia para tus v\u00eddeos creativos.  <\/p>\n\n<h2 class=\"wp-block-heading\">Comprar Likes de Reels en Instagram<\/h2>\n\n<p>Aumenta el atractivo de tus Reels en Instagram con nuestro paquete \"Instagram Reel Likes\". M\u00e1s \"Me gusta\" har\u00e1n que tus Reels parezcan m\u00e1s atractivos y populares, lo que puede atraer m\u00e1s \"Me gusta\" y visualizaciones org\u00e1nicas. Este aumento de la participaci\u00f3n puede mejorar el rendimiento de tu contenido en el algoritmo de Instagram y ayudarte a llegar a un p\u00fablico m\u00e1s amplio e interesado.  <\/p>\n\n<p><strong>Aumentar los seguidores, las visitas y los \"me gusta\" en tu perfil de Instagram puede mejorar tus m\u00e9tricas y aumentar tu visibilidad en las b\u00fasquedas.<\/strong><\/p>\n\n<h2 class=\"wp-block-heading\">\u00bfCu\u00e1les son las ventajas de comprar vistas de Instagram?<\/h2>\n\n<p>Comprar vistas de Instagram puede mejorar tu presencia en las redes sociales de muchas maneras:<\/p>\n\n<ol class=\"wp-block-list\">\n<li><strong>Aumenta la visibilidad<\/strong><br\/>M\u00e1s visualizaciones hacen que tus v\u00eddeos parezcan m\u00e1s populares, lo que puede dar lugar a un posicionamiento en la p\u00e1gina Explorar de Instagram y aumentar el alcance org\u00e1nico.<\/li>\n\n\n\n<li><strong>Refuerza la credibilidad<\/strong><br\/>Los v\u00eddeos con un mayor n\u00famero de visualizaciones suelen considerarse m\u00e1s autorizados y atractivos, lo que atrae a nuevos espectadores y seguidores potenciales.<\/li>\n\n\n\n<li><strong>Fomenta la interacci\u00f3n<\/strong><br\/>Un elevado n\u00famero de visualizaciones puede animar a m\u00e1s usuarios a que les guste, comenten y compartan tu contenido, ya que la gente tiende a interactuar m\u00e1s con los v\u00eddeos que parecen populares.<\/li>\n\n\n\n<li><strong>Mejora las perspectivas de negocio<\/strong><br\/>Para los influencers y las empresas, un gran n\u00famero de visualizaciones puede aumentar el atractivo de tu perfil para los anunciantes y patrocinadores que buscan s\u00f3lidas m\u00e9tricas de participaci\u00f3n.<\/li>\n\n\n\n<li><strong>Efecto inmediato<\/strong><br\/>Las visualizaciones de compra pueden aumentar r\u00e1pidamente el rendimiento de los contenidos nuevos o existentes, d\u00e1ndoles un importante impulso hacia una mayor visibilidad.<\/li>\n\n\n\n<li><strong>Mejora el alcance algor\u00edtmico<\/strong><br\/>El algoritmo de Instagram favorece los v\u00eddeos con alto engagement, por lo que aumentar tus visualizaciones puede resultar en una mejor ubicaci\u00f3n y una mayor distribuci\u00f3n de tus publicaciones en la plataforma.<\/li>\n<\/ol>\n\n<p>Estas ventajas muestran c\u00f3mo la compra de visualizaciones puede aumentar eficazmente el impacto y el alcance de tu contenido en Instagram, ayudando a consolidar una presencia online m\u00e1s fuerte y atractiva.<\/p>\n\n<h2 class=\"wp-block-heading\">\u00bfEs seguro comprar vistas de Instagram?<\/h2>\n\n<p>Comprar vistas de Instagram puede ser seguro si se hace correctamente a trav\u00e9s de proveedores fiables. Es importante elegir servicios que ofrezcan vistas de cuentas reales y no de bots o sistemas automatizados, ya que as\u00ed se cumplen las condiciones de uso de Instagram y se reduce el riesgo de sanciones. <\/p>\n\n<p>Los servicios aut\u00e9nticos garantizan que el aumento de visitas parezca natural y no active <a href=\"https:\/\/help.instagram.com\/340413218365867\">los filtros de spam de Instagram<\/a>, lo que podr\u00eda provocar restricciones o bloqueos de la cuenta. Investiga bien y elige proveedores conocidos por su integridad y buenas pr\u00e1cticas para mantener tu cuenta a salvo al tiempo que mejoras tu rendimiento en las redes sociales. <\/p>\n\n<figure class=\"wp-block-image\"><img decoding=\"async\" src=\"https:\/\/follower-kaufen.io\/wp-content\/uploads\/2024\/07\/Instagram-Views-kaufen.png\" alt=\"Comprar vistas de Instagram\" class=\"wp-image-8629\"\/><figcaption class=\"wp-element-caption\">Comprar vistas de Instagram<\/figcaption><\/figure>\n\n<h2 class=\"wp-block-heading\">\u00bfC\u00f3mo comprar vistas de Instagram?<\/h2>\n\n<p>Comprar visitas en Instagram es un proceso sencillo y r\u00e1pido. A continuaci\u00f3n te explicamos c\u00f3mo empezar: <\/p>\n\n<ol class=\"wp-block-list\">\n<li>S\u00f3lo tienes que visitar el sitio web de un proveedor fiable, donde tendr\u00e1s que introducir la URL de la publicaci\u00f3n de Instagram que quieres potenciar en el campo indicado.<\/li>\n\n\n\n<li>A continuaci\u00f3n, elige el n\u00famero de vistas que deseas entre los paquetes disponibles, asegur\u00e1ndote de elegir una opci\u00f3n que se ajuste a tus objetivos y presupuesto.<\/li>\n\n\n\n<li>Despu\u00e9s de seleccionar, finaliza la compra realizando el pago.<\/li>\n<\/ol>\n\n<p>El env\u00edo de visualizaciones suele comenzar en pocas horas, por lo que ver\u00e1s inmediatamente un aumento del engagement de tu publicaci\u00f3n. Este sencillo m\u00e9todo est\u00e1 dise\u00f1ado para mejorar r\u00e1pidamente tu presencia en Instagram, sin necesidad de procedimientos complejos. <\/p>\n\n<ol class=\"wp-block-list\">\n<li><strong>Introduce la URL de la publicaci\u00f3n de Instagram<\/strong><\/li>\n\n\n\n<li><strong>Elige el n\u00famero de vistas que quieres<\/strong><\/li>\n\n\n\n<li><strong>Finaliza el pedido con el pago<\/strong><\/li>\n\n\n\n<li><strong>Las visualizaciones aparecer\u00e1n dentro de unas horas en el post<\/strong><\/li>\n<\/ol>\n\n<h2 class=\"wp-block-heading\">\u00bfCu\u00e1nto cuestan 1000 visualizaciones en Instagram?<\/h2>\n\n<p>El precio para comprar 1000 visualizaciones de Instagram suele variar entre 5 y 13 d\u00f3lares. Esta variaci\u00f3n de precio depende del proveedor y puede reflejar diferencias en la calidad de las vistas, como si proceden de usuarios reales o de sistemas automatizados. Es importante elegir un servicio fiable que ofrezca una buena relaci\u00f3n calidad-precio y, al mismo tiempo, garantice el cumplimiento de las directrices de Instagram.  <\/p>\n\n<h2 class=\"wp-block-heading\">\u00bfC\u00f3mo conseguir m\u00e1s visitas en Instagram?<\/h2>\n\n<p>Para aumentar tus visualizaciones en Instagram, ten en cuenta estas estrategias:<\/p>\n\n<ul class=\"wp-block-list\">\n<li><strong>Publica contenido de calidad<\/strong>: Comparte fotos o v\u00eddeos visualmente atractivos y atrayentes.<\/li>\n\n\n\n<li><strong>Utiliza hashtags relevantes<\/strong>: Utiliza hashtags espec\u00edficos para llegar a un p\u00fablico m\u00e1s amplio.<\/li>\n\n\n\n<li><strong>Publica a la hora ideal<\/strong>: Comparte tus publicaciones cuando tu audiencia est\u00e9 m\u00e1s activa, seg\u00fan las m\u00e9tricas de Instagram Insights.<\/li>\n\n\n\n<li><strong>Interact\u00faa activamente<\/strong>: Responde a los comentarios e interact\u00faa con los seguidores para aumentar las visitas.<\/li>\n\n\n\n<li><strong>Utiliza<\/strong> Historias y Reels: Utiliza Historias y Reels de Instagram para conseguir mayor visibilidad.<\/li>\n\n\n\n<li><strong>Colabora con<\/strong> personas influyentes: Trabaja con personas influyentes para llegar a tu audiencia.<\/li>\n\n\n\n<li><strong>Promociones cruzadas<\/strong>: Comparte tu contenido de Instagram en otras plataformas sociales.<\/li>\n\n\n\n<li><strong>Organiza sorteos<\/strong>: Atrae a tu audiencia con sorteos que animen a compartir.<\/li>\n\n\n\n<li><strong>Utiliza anuncios en Instagram<\/strong>: Invierte en anuncios para llegar a un p\u00fablico objetivo.<\/li>\n\n\n\n<li><strong>Crea contenido compartible<\/strong>: Crea contenido informativo o entretenido que sea susceptible de ser compartido.<\/li>\n<\/ul>\n\n<p>Estas estrategias pueden ayudarte a aumentar tus visualizaciones, mejorando tanto la visibilidad como la participaci\u00f3n en tu perfil de Instagram.<\/p>\n\n<h2 class=\"wp-block-heading\">\u00bfPor qu\u00e9 comprarseguidores.io es el mejor sitio para comprar vistas de Instagram?<\/h2>\n\n<p>comprarseguidores.io destaca como la mejor opci\u00f3n para comprar vistas de Instagram por su compromiso con la autenticidad, la rapidez del servicio y la seguridad del cliente. La plataforma ofrece vistas reales de usuarios aut\u00e9nticos de Instagram, lo que aumenta la credibilidad y el compromiso de tus publicaciones, sin comprometer las directrices de Instagram. Los pedidos se procesan r\u00e1pidamente, normalmente en cuesti\u00f3n de minutos, lo que es especialmente importante para dar un impulso inmediato a los nuevos contenidos. Adem\u00e1s, comprarseguidores.io garantiza un proceso de transacci\u00f3n seguro, protegiendo tu informaci\u00f3n personal y financiera.   <\/p>\n\n<p>Adem\u00e1s, comprarseguidores.io ofrece un excelente servicio de atenci\u00f3n al cliente, disponible para responder preguntas o resolver problemas, y una variedad de opciones personalizables para adaptarse a diferentes necesidades y presupuestos. Con una garant\u00eda de satisfacci\u00f3n en sus servicios, comprarseguidores.io se asegura de que los clientes reciban resultados eficaces y fiables, lo que la convierte en la mejor opci\u00f3n para aumentar tu visibilidad en Instagram. <\/p>\n\n<h2 class=\"wp-block-heading\">Comprarseguidores.io ofrece los siguientes paquetes de vistas activas de Instagram:<\/h2>\n\n<ul class=\"wp-block-list\">\n<li>100 visualizaciones en Instagram<\/li>\n\n\n\n<li>250 visualizaciones en Instagram<\/li>\n\n\n\n<li>500 visualizaciones en Instagram<\/li>\n\n\n\n<li>1000 visualizaciones en Instagram<\/li>\n\n\n\n<li>2000 visualizaciones en Instagram<\/li>\n\n\n\n<li>5000 visualizaciones en Instagram<\/li>\n\n\n\n<li>10.000 visualizaciones en Instagram<\/li>\n<\/ul>\n\n<p>\u00a1Elige el paquete que mejor se adapte a tus necesidades y empieza a aumentar tu presencia en Instagram hoy mismo!<\/p>\n\n<h2 class=\"wp-block-heading\">PREGUNTAS FRECUENTES<\/h2>\n\n<div data-schema-only=\"false\" class=\"wp-block-aioseo-faq\"><h3 class=\"aioseo-faq-block-question\">Por que voc\u00ea deve comprar visualiza\u00e7\u00f5es do Instagram?<\/h3><div class=\"aioseo-faq-block-answer\">\n<p>Comprar vistas de Instagram puede aumentar la visibilidad y credibilidad de tu perfil, impulsar la participaci\u00f3n org\u00e1nica y hacerlo m\u00e1s atractivo para los anunciantes. Este m\u00e9todo es especialmente eficaz para las cuentas nuevas que buscan un crecimiento r\u00e1pido. <\/p>\n<\/div><\/div>\n\n<div data-schema-only=\"false\" class=\"wp-block-aioseo-faq\"><h3 class=\"aioseo-faq-block-question\">Quais benef\u00edcios posso esperar ao comprar visualiza\u00e7\u00f5es no Instagram?<\/h3><div class=\"aioseo-faq-block-answer\">\n<p>Comprar visualizaciones en Instagram aumenta la visibilidad y credibilidad de tu contenido, haciendo que sea m\u00e1s probable que aparezca en la p\u00e1gina Explorar y atrayendo participaci\u00f3n org\u00e1nica. Esto puede generar m\u00e1s oportunidades de negocio y una mejor promoci\u00f3n algor\u00edtmica de tus publicaciones. <\/p>\n<\/div><\/div>\n\n<div data-schema-only=\"false\" class=\"wp-block-aioseo-faq\"><h3 class=\"aioseo-faq-block-question\">Quanto tempo demora para ver resultados?<\/h3><div class=\"aioseo-faq-block-answer\">\n<p>Ver\u00e1s los resultados casi inmediatamente despu\u00e9s de que se haya procesado tu pedido, normalmente en unas pocas horas.<\/p>\n<\/div><\/div>\n\n<div data-schema-only=\"false\" class=\"wp-block-aioseo-faq\"><h3 class=\"aioseo-faq-block-question\">Comprar visualiza\u00e7\u00f5es \u00e9 uma pr\u00e1tica comum?<\/h3><div class=\"aioseo-faq-block-answer\">\n<p>S\u00ed, comprar visualizaciones de Instagram es habitual, especialmente entre los usuarios que quieren aumentar r\u00e1pidamente la popularidad y el alcance percibidos de su contenido. Este m\u00e9todo lo utilizan a menudo los profesionales del marketing, las personas influyentes y las empresas para aumentar la visibilidad online, atraer participaci\u00f3n org\u00e1nica y mejorar la visibilidad algor\u00edtmica. <\/p>\n<\/div><\/div>\n\n<div data-schema-only=\"false\" class=\"wp-block-aioseo-faq\"><h3 class=\"aioseo-faq-block-question\">Essas visualiza\u00e7\u00f5es do Instagram s\u00e3o reais?<\/h3><div class=\"aioseo-faq-block-answer\">\n<p>S\u00ed, son visualizaciones reales de Instagram de cuentas activas y aut\u00e9nticas.<\/p>\n<\/div><\/div>\n\n<div data-schema-only=\"false\" class=\"wp-block-aioseo-faq\"><h3 class=\"aioseo-faq-block-question\">Um alto n\u00famero de visualiza\u00e7\u00f5es pode levar a um aumento no engajamento org\u00e2nico?<\/h3><div class=\"aioseo-faq-block-answer\">\n<p>S\u00ed, un gran n\u00famero de visualizaciones en Instagram puede aumentar la participaci\u00f3n org\u00e1nica. Las publicaciones con muchas visualizaciones tienen m\u00e1s probabilidades de aparecer en la p\u00e1gina Explorar o en los feeds recomendados, atrayendo m\u00e1s Me gusta, comentarios y visualizaciones org\u00e1nicas, lo que aumenta a\u00fan m\u00e1s la participaci\u00f3n. <\/p>\n<\/div><\/div>\n\n<div data-schema-only=\"false\" class=\"wp-block-aioseo-faq\"><h3 class=\"aioseo-faq-block-question\">Quantas visualiza\u00e7\u00f5es do Instagram devo comprar?<\/h3><div class=\"aioseo-faq-block-answer\">\n<p>Ajusta el n\u00famero de visualizaciones de Instagram que compras en funci\u00f3n de tus objetivos: compra una cantidad mayor para aumentar la visibilidad y obtener una ventaja competitiva, o elige una cantidad menor para experimentar c\u00f3mo afecta la visibilidad al engagement y ajusta tu enfoque en consecuencia.<\/p>\n<\/div><\/div>\n\n<div data-schema-only=\"false\" class=\"wp-block-aioseo-faq\"><h3 class=\"aioseo-faq-block-question\">\u00c9 poss\u00edvel ser banido por comprar visualiza\u00e7\u00f5es no Instagram?<\/h3><div class=\"aioseo-faq-block-answer\">\n<p>Comprar visualizaciones de Instagram a fuentes fiables que cumplan las normas de la plataforma suele ser seguro y rara vez provoca la suspensi\u00f3n de la cuenta. Elegir proveedores fiables garantiza que las visualizaciones proceden de cuentas reales y activas, y que se respetan las normas \u00e9ticas de Instagram. <\/p>\n<\/div><\/div>\n\n<div data-schema-only=\"false\" class=\"wp-block-aioseo-faq\"><h3 class=\"aioseo-faq-block-question\">O que devo fazer se meu pedido n\u00e3o for entregue?<\/h3><div class=\"aioseo-faq-block-answer\">\n<p>Si tu pedido no se entrega, comprueba la confirmaci\u00f3n del pedido y los detalles del pago para asegurarte de que todo es correcto. A continuaci\u00f3n, ponte en contacto con el servicio de atenci\u00f3n al cliente con la informaci\u00f3n de tu pedido para resolver el problema. Deber\u00edan poder ayudarte y ofrecerte una soluci\u00f3n.  <\/p>\n<\/div><\/div>\n\n<div data-schema-only=\"false\" class=\"wp-block-aioseo-faq\"><h3 class=\"aioseo-faq-block-question\">Quais m\u00e9todos de pagamento voc\u00eas oferecem?<\/h3><div class=\"aioseo-faq-block-answer\">\n<p>Ofrecemos diversos m\u00e9todos de pago, como tarjetas de cr\u00e9dito, PayPal y, en algunos casos, criptomonedas. Esta selecci\u00f3n te permite elegir la opci\u00f3n m\u00e1s conveniente para tus transacciones. <\/p>\n<\/div><\/div>\n","protected":false},"excerpt":{"rendered":"<p>\ud83d\ude80 Potencia tus publicaciones de Instagram:<\/p>\n<p>\u2705 100% vistas reales de Instagram<br \/>\n\u231b Entrega r\u00e1pida<br \/>\n\ud83d\udcb8 Precios asequibles<br \/>\n\ud83d\udd12 Seguro y discreto<\/p>\n<p>*Las vistas premium tambi\u00e9n ofrecen impresiones y visitas al perfil<\/p>\n","protected":false},"featured_media":7216,"comment_status":"closed","ping_status":"closed","template":"","meta":[],"product_brand":[],"product_cat":[106],"product_tag":[],"class_list":{"0":"post-12409","1":"product","2":"type-product","3":"status-publish","4":"has-post-thumbnail","6":"product_cat-sin-categoria","8":"first","9":"instock","10":"shipping-taxable","11":"purchasable","12":"product-type-variable"},"aioseo_notices":[],"_links":{"self":[{"href":"https:\/\/comprarseguidores.io\/es\/wp-json\/wp\/v2\/product\/12409","targetHints":{"allow":["GET"]}}],"collection":[{"href":"https:\/\/comprarseguidores.io\/es\/wp-json\/wp\/v2\/product"}],"about":[{"href":"https:\/\/comprarseguidores.io\/es\/wp-json\/wp\/v2\/types\/product"}],"replies":[{"embeddable":true,"href":"https:\/\/comprarseguidores.io\/es\/wp-json\/wp\/v2\/comments?post=12409"}],"version-history":[{"count":1,"href":"https:\/\/comprarseguidores.io\/es\/wp-json\/wp\/v2\/product\/12409\/revisions"}],"predecessor-version":[{"id":12513,"href":"https:\/\/comprarseguidores.io\/es\/wp-json\/wp\/v2\/product\/12409\/revisions\/12513"}],"wp:featuredmedia":[{"embeddable":true,"href":"https:\/\/comprarseguidores.io\/es\/wp-json\/wp\/v2\/media\/7216"}],"wp:attachment":[{"href":"https:\/\/comprarseguidores.io\/es\/wp-json\/wp\/v2\/media?parent=12409"}],"wp:term":[{"taxonomy":"product_brand","embeddable":true,"href":"https:\/\/comprarseguidores.io\/es\/wp-json\/wp\/v2\/product_brand?post=12409"},{"taxonomy":"product_cat","embeddable":true,"href":"https:\/\/comprarseguidores.io\/es\/wp-json\/wp\/v2\/product_cat?post=12409"},{"taxonomy":"product_tag","embeddable":true,"href":"https:\/\/comprarseguidores.io\/es\/wp-json\/wp\/v2\/product_tag?post=12409"}],"curies":[{"name":"wp","href":"https:\/\/api.w.org\/{rel}","templated":true}]}}