{"id":12476,"date":"2024-06-14T10:35:03","date_gmt":"2024-06-14T10:35:03","guid":{"rendered":"https:\/\/comprarseguidores.io\/product\/comprar-likes-de-instagram\/"},"modified":"2025-04-06T12:06:16","modified_gmt":"2025-04-06T12:06:16","slug":"comprar-likes-de-instagram","status":"publish","type":"product","link":"https:\/\/comprarseguidores.io\/es\/product\/comprar-likes-de-instagram\/","title":{"rendered":"Comprar Likes de Instagram"},"content":{"rendered":"\n<h2 class=\"wp-block-heading\">Comprar Likes en Instagram<\/h2>\n\n<p>Comprar likes en Instagram ofrece varias ventajas que pueden mejorar considerablemente la visibilidad y el atractivo de tu perfil. En primer lugar, un gran n\u00famero de me gusta en tus publicaciones puede aumentar la credibilidad y el atractivo de tu contenido, incrementando las posibilidades de que otras personas lo vean. Este aumento de Me gusta tambi\u00e9n puede aumentar la probabilidad de que tus publicaciones aparezcan en la p\u00e1gina Explorar, lo que conlleva un mayor alcance org\u00e1nico y, potencialmente, nuevos seguidores. Adem\u00e1s, un gran n\u00famero de Me gusta puede mejorar tu reputaci\u00f3n social, animando a m\u00e1s usuarios a interactuar con tu contenido, seguir tu perfil y participar en tus publicaciones.   <\/p>\n\n<p>Para las empresas y los influencers, esta popularidad percibida puede ser crucial para atraer colaboraciones con marcas y patrocinadores, ya que las empresas suelen buscar socios con un historial probado de interacci\u00f3n con el p\u00fablico. En general, comprar \"Me gusta\" en Instagram puede ser una forma r\u00e1pida de reforzar tu presencia en las redes sociales, conseguir m\u00e1s interacciones org\u00e1nicas y aumentar tu influencia en la plataforma. <\/p>\n\n<h2 class=\"wp-block-heading\">Comprar likes de Instagram baratos<\/h2>\n\n<p>Aumenta el engagement en tu Instagram de forma rentable con nuestro paquete de likes de Instagram baratos. Esta opci\u00f3n asequible te ayuda a aumentar el n\u00famero de me gusta en tus publicaciones, mejorando la visibilidad y el atractivo de tu perfil, sin salirte de tu presupuesto. <\/p>\n\n<h2 class=\"wp-block-heading\">Comprar Likes europeos en Instagram<\/h2>\n\n<p>Ampl\u00eda tu alcance en el mercado europeo con nuestro paquete de likes europeos de Instagram. Recibe likes de usuarios europeos reales para aumentar el atractivo y el compromiso de tu contenido con el p\u00fablico europeo. <\/p>\n\n<h2 class=\"wp-block-heading\">Comprar Likes Europeos Reales en Instagram<\/h2>\n\n<p>Aseg\u00farate un compromiso aut\u00e9ntico con nuestro paquete de \"Me gusta\" europeos reales. Recibe likes de cuentas europeas reales, aumentando la credibilidad y el impacto de tus publicaciones entre el p\u00fablico europeo. <\/p>\n\n<h2 class=\"wp-block-heading\">Comprar Likes Femeninos en Instagram<\/h2>\n\n<p>Dir\u00edgete a la participaci\u00f3n femenina con nuestro paquete de \"Me gusta\" de Instagram para mujeres. Aumenta el n\u00famero de \"Me gusta\" de usuarias reales para que tu contenido sea m\u00e1s atractivo y relevante para el p\u00fablico femenino. <\/p>\n\n<h2 class=\"wp-block-heading\">Comprar IGTV Likes en Instagram<\/h2>\n\n<p>Impulsa tus v\u00eddeos IGTV con nuestro pack de Me gusta IGTV Instagram. Un aumento de los Me gusta puede mejorar la visibilidad de tus v\u00eddeos, haci\u00e9ndolos m\u00e1s atractivos para los espectadores y mejorando tu clasificaci\u00f3n en el algoritmo de Instagram. Esta mayor interacci\u00f3n puede atraer m\u00e1s interacciones org\u00e1nicas, permitiendo que tu contenido llegue a un p\u00fablico m\u00e1s amplio y refuerce tu presencia en la plataforma.  <\/p>\n\n<h2 class=\"wp-block-heading\">Comprar Likes en Instagram Reels<\/h2>\n\n<p>Mejora tus Reels en Instagram con nuestro pack de likes para Instagram Reels. Al aumentar los \"Me gusta\" en tus Reels, puedes mejorar su visibilidad y atractivo, conseguir m\u00e1s espectadores y engagement. Este aumento de la interacci\u00f3n ayuda a tus Reels a destacar mejor en el algoritmo, lo que conduce a una mayor popularidad y a una audiencia m\u00e1s comprometida.  <\/p>\n\n<h2 class=\"wp-block-heading\">Comprar Likes en Instagram Stories<\/h2>\n\n<p>Aumenta el engagement de tus Instagram Stories con nuestro pack de likes para Instagram Stories. Aumenta el n\u00famero de me gusta en tus Historias, haci\u00e9ndolas m\u00e1s atractivas y mejorando su visibilidad. Esto puede generar m\u00e1s interacci\u00f3n y alcance, permiti\u00e9ndote conectar con una mayor audiencia y hacer que tu contenido sea m\u00e1s impactante.  <\/p>\n\n<p><strong>Aumentar los seguidores, las visitas y los \"me gusta\" en tu perfil de Instagram puede mejorar tus m\u00e9tricas y aumentar tu visibilidad en las b\u00fasquedas.<\/strong><\/p>\n\n<h2 class=\"wp-block-heading\">\u00bfCu\u00e1les son los beneficios de comprar likes de Instagram?<\/h2>\n\n<p>Comprar likes de Instagram ofrece varias ventajas que pueden aumentar significativamente la eficacia y el alcance de tu perfil:<\/p>\n\n<ol class=\"wp-block-list\">\n<li><strong>Aumento inmediato del engagement<\/strong><br\/>Comprar likes puede aumentar r\u00e1pidamente el engagement de tus publicaciones y hacer que el algoritmo de Instagram favorezca m\u00e1s tus publicaciones, lo que se traduce en una mayor visibilidad.<\/li>\n\n\n\n<li><strong>Mayor popularidad percibida<\/strong><br\/>Las publicaciones con muchos \"me gusta\" se consideran m\u00e1s cre\u00edbles y populares, lo que proporciona una prueba social que atrae seguidores org\u00e1nicos, m\u00e1s propensos a interactuar con contenidos muy valorados.<\/li>\n\n\n\n<li><strong>Mayor alcance<\/strong><br\/>Un mayor n\u00famero de Me gusta puede llevar tus publicaciones a la p\u00e1gina Explorar, ampliando tu audiencia m\u00e1s all\u00e1 de tus seguidores actuales y aumentando las posibilidades de conseguir otros nuevos.<\/li>\n\n\n\n<li><strong>Atractivo para socios<\/strong><br\/>Para las empresas y los influencers, un gran n\u00famero de me gusta puede hacer que tu cuenta sea m\u00e1s atractiva para asociaciones y patrocinios, ya que las marcas suelen buscar perfiles con un alto compromiso de los usuarios.<\/li>\n\n\n\n<li><strong>Impacto r\u00e1pido<\/strong><br\/>El r\u00e1pido aumento que proporcionan los \"Me gusta\" comprados puede ser especialmente ventajoso durante las fases cr\u00edticas de promociones o lanzamientos de productos, garantizando que tus publicaciones adquieran relevancia cuando m\u00e1s se necesitan.<\/li>\n\n\n\n<li><strong>Impulso para el crecimiento org\u00e1nico<\/strong><br\/>Aunque los \"me gusta\" se compran, ayudan a crear un entorno en el que los \"me gusta\" y seguidores org\u00e1nicos son m\u00e1s probables, gracias a una mayor visibilidad y credibilidad.<\/li>\n<\/ol>\n\n<p>Estos beneficios demuestran c\u00f3mo comprar likes de Instagram puede ser una estrategia eficaz para aumentar r\u00e1pidamente tu presencia en las redes sociales y alcanzar objetivos de marketing m\u00e1s amplios.<\/p>\n\n<h2 class=\"wp-block-heading\">\u00bfEs seguro comprar likes de Instagram?<\/h2>\n\n<p>Comprar likes de Instagram puede ser seguro si se hace a trav\u00e9s de sitios aut\u00e9nticos y fiables. Estos proveedores garantizan que los \"me gusta\" proceden de cuentas reales y se entregan de forma que cumplan las directrices de Instagram, minimizando el riesgo de que tu cuenta sea restringida o bloqueada. <\/p>\n\n<p>Elige siempre proveedores que ofrezcan likes reales, en lugar de los generados por bots, ya que esto tambi\u00e9n ayuda a mantener la credibilidad y la calidad de tu compromiso.<\/p>\n\n<figure class=\"wp-block-image\"><img decoding=\"async\" src=\"https:\/\/follower-kaufen.io\/wp-content\/uploads\/2024\/07\/Instagram-Likes-kaufen.png\" alt=\"\" class=\"wp-image-8686\"\/><figcaption class=\"wp-element-caption\">Comprar Likes de Instagram<\/figcaption><\/figure>\n\n<h2 class=\"wp-block-heading\">\u00bfC\u00f3mo comprar likes en Instagram?<\/h2>\n\n<p>Comprar likes de Instagram es un proceso sencillo y eficaz. Para empezar, s\u00f3lo tienes que visitar el sitio web de un proveedor fiable e introducir la URL de la publicaci\u00f3n de Instagram que quieres mejorar en el campo indicado. A continuaci\u00f3n, elige el n\u00famero de likes que deseas comprar, en funci\u00f3n de las opciones de paquete que se adapten a tus necesidades y presupuesto.  <\/p>\n\n<p>Una vez que hayas hecho tu elecci\u00f3n, finaliza tu pedido procesando el pago. La entrega de los Me gusta suele comenzar en pocas horas, lo que te permite ver un aumento inmediato del engagement de tu publicaci\u00f3n. Este sencillo m\u00e9todo est\u00e1 dise\u00f1ado para mejorar r\u00e1pidamente tu presencia en Instagram, sin necesidad de pasos complicados.  <\/p>\n\n<ol class=\"wp-block-list\">\n<li>Introduce la URL de la publicaci\u00f3n de Instagram que quieres mejorar en el campo correspondiente.<\/li>\n\n\n\n<li>Elige entre los paquetes disponibles cu\u00e1ntos \"Me gusta\" quieres.<\/li>\n\n\n\n<li>Ve a la caja y finaliza el pago.<\/li>\n\n\n\n<li>Los Me gusta suelen aparecer a las pocas horas en tu publicaci\u00f3n.<\/li>\n<\/ol>\n\n<h2 class=\"wp-block-heading\">\u00bfCu\u00e1nto cuestan 1000 likes en Instagram?<\/h2>\n\n<p>El precio de comprar 1000 likes en Instagram suele rondar los 100 $. Esta cantidad puede variar en funci\u00f3n del proveedor y de la calidad de los \"me gusta\", como por ejemplo si proceden de usuarios reales o de sistemas automatizados. Es importante elegir servicios fiables para garantizar una buena relaci\u00f3n calidad-precio y evitar problemas con las directrices de Instagram.  <\/p>\n\n<h2 class=\"wp-block-heading\">\u00bfC\u00f3mo conseguir m\u00e1s likes en Instagram?<\/h2>\n\n<p>Para aumentar tus \"Me gusta\" en Instagram, prueba estas t\u00e9cnicas de eficacia probada:<\/p>\n\n<ol class=\"wp-block-list\">\n<li><strong>Contenido de calidad<\/strong>: Publica siempre fotos o v\u00eddeos claros y atractivos que destaquen visualmente.<\/li>\n\n\n\n<li><strong>Plan regular de publicaciones<\/strong>: Mant\u00e9n un ritmo constante de publicaciones para mantener a tus seguidores comprometidos y listos para m\u00e1s contenido.<\/li>\n\n\n\n<li><strong>Hashtags estrat\u00e9gicos<\/strong>: Utiliza hashtags relevantes y populares para ampliar el alcance de tu contenido y atraer a nuevos espectadores.<\/li>\n\n\n\n<li><strong>Compromiso activo<\/strong>: Act\u00faa dando \"me gusta\" y comentando el contenido de otros usuarios, promoviendo las conexiones y fomentando la reciprocidad.<\/li>\n\n\n\n<li><strong>Horas de publicaci\u00f3n ideales<\/strong>: Publica tus contenidos en las horas punta, cuando tus seguidores son m\u00e1s activos, seg\u00fan los an\u00e1lisis de tu cuenta.<\/li>\n\n\n\n<li><strong>Organiza sorteos<\/strong>: Aumenta la participaci\u00f3n organizando sorteos en los que sea necesario que te gusten tus publicaciones para participar.<\/li>\n\n\n\n<li><strong>Utiliza todos los formatos<\/strong>: Utiliza las distintas funciones de Instagram, como Stories, Reels e IGTV, para generar inter\u00e9s en tus publicaciones principales.<\/li>\n\n\n\n<li><strong>Asociaciones con personas influyentes<\/strong>: Trabaja con personas influyentes que puedan presentar tu contenido a un p\u00fablico m\u00e1s amplio, aumentando tus posibilidades de conseguir m\u00e1s likes.<\/li>\n\n\n\n<li><strong>Anuncios de pago<\/strong>: Considera la posibilidad de promocionar publicaciones importantes con la herramienta de anuncios de Instagram para llegar a p\u00fablicos espec\u00edficos.<\/li>\n\n\n\n<li><strong>Leyendas atractivas<\/strong>: Escribe pies de foto atractivos que animen a tu audiencia a comentar y dar a \"Me gusta\". El contenido interactivo suele obtener mejores resultados en t\u00e9rminos de visibilidad y participaci\u00f3n. <\/li>\n<\/ol>\n\n<p>Si pones en pr\u00e1ctica estas estrategias, no s\u00f3lo aumentar\u00e1s el n\u00famero de \"me gusta\" en tus publicaciones, sino tambi\u00e9n la participaci\u00f3n general y el crecimiento de tus seguidores de Instagram.<\/p>\n\n<h2 class=\"wp-block-heading\">\u00bfPor qu\u00e9 comprarseguidores.io es el mejor sitio para comprar likes de Instagram?<\/h2>\n\n<p>comprarseguidores.io est\u00e1 considerado el mejor sitio para comprar likes de Instagram, ya que est\u00e1 especializado en proporcionar interacciones reales y satisfacci\u00f3n al cliente. Ofrecen likes aut\u00e9nticos de usuarios reales de Instagram, que ayudan a aumentar el engagement de tus publicaciones de forma natural y segura, de acuerdo con las directrices de Instagram. La plataforma garantiza una entrega r\u00e1pida, que suele comenzar a los pocos minutos de realizar el pedido, lo que es esencial para aumentar r\u00e1pidamente el engagement con las nuevas publicaciones.  <\/p>\n\n<p>Centr\u00e1ndose en la seguridad, comprarseguidores.io protege todos los detalles de las transacciones con un procesamiento seguro, que da confianza a los usuarios. El servicio de atenci\u00f3n al cliente es de primera categor\u00eda, con un equipo receptivo disponible para cualquier pregunta o problema. Adem\u00e1s, comprarseguidores.io ofrece una variedad de paquetes adaptados a diferentes presupuestos y necesidades, y garantiza la durabilidad de los gustos recibidos. Esta combinaci\u00f3n de fiabilidad, seguridad y servicio centrado en el usuario hace que comprarseguidores.io sea la opci\u00f3n preferida para mejorar el engagement en Instagram.   <\/p>\n\n<h2 class=\"wp-block-heading\">comprarseguidores.io ofrece los siguientes paquetes de likes activos de Instagram:<\/h2>\n\n<ul class=\"wp-block-list\">\n<li>25 Me gusta en Instagram<\/li>\n\n\n\n<li>50 Me gusta en Instagram<\/li>\n\n\n\n<li>100 Me Gusta en Instagram<\/li>\n\n\n\n<li>250 Me gusta en Instagram<\/li>\n\n\n\n<li>500 Me Gusta en Instagram<\/li>\n\n\n\n<li>1000 Me Gusta en Instagram<\/li>\n<\/ul>\n\n<h2 class=\"wp-block-heading\">PREGUNTAS FRECUENTES<\/h2>\n\n<div data-schema-only=\"false\" class=\"wp-block-aioseo-faq\"><h3 class=\"aioseo-faq-block-question\">Comprar curtidas \u00e9 uma pr\u00e1tica comum?<\/h3><div class=\"aioseo-faq-block-answer\">\n<p>S\u00ed, comprar likes es habitual en Instagram, especialmente entre cuentas nuevas, empresas y personas influyentes que quieren aumentar r\u00e1pidamente la popularidad y credibilidad de sus perfiles para conseguir m\u00e1s participaci\u00f3n org\u00e1nica y posibles colaboraciones.<\/p>\n<\/div><\/div>\n\n<div data-schema-only=\"false\" class=\"wp-block-aioseo-faq\"><h3 class=\"aioseo-faq-block-question\">Essas curtidas do Instagram s\u00e3o reais?<\/h3><div class=\"aioseo-faq-block-answer\">\n<p>S\u00ed, se trata de likes de Instagram reales de cuentas activas y aut\u00e9nticas.<\/p>\n<\/div><\/div>\n\n<div data-schema-only=\"false\" class=\"wp-block-aioseo-faq\"><h3 class=\"aioseo-faq-block-question\">Um alto n\u00famero de curtidas pode levar a um aumento no engajamento org\u00e2nico?<\/h3><div class=\"aioseo-faq-block-answer\">\n<p>S\u00ed, un gran n\u00famero de \"Me gusta\" en Instagram puede aumentar la participaci\u00f3n org\u00e1nica. Las publicaciones con m\u00e1s Me gusta tienen m\u00e1s probabilidades de aparecer en la p\u00e1gina Explorar o en los feeds recomendados, atrayendo m\u00e1s visitas, Me gusta y comentarios de nuevos usuarios y mejorando la participaci\u00f3n general. <\/p>\n<\/div><\/div>\n\n<div data-schema-only=\"false\" class=\"wp-block-aioseo-faq\"><h3 class=\"aioseo-faq-block-question\">Quais benef\u00edcios posso esperar ao comprar curtidas no Instagram?<\/h3><div class=\"aioseo-faq-block-answer\">\n<p>Comprar Me gusta en Instagram puede aumentar r\u00e1pidamente el compromiso y la visibilidad de tus publicaciones, haciendo que tu contenido parezca m\u00e1s cre\u00edble y popular, atrayendo as\u00ed m\u00e1s seguidores org\u00e1nicos y potenciales oportunidades de negocio. Esta mayor visibilidad tambi\u00e9n puede mejorar la aparici\u00f3n de tu perfil en la p\u00e1gina Explorar, ampliando a\u00fan m\u00e1s tu alcance e impulsando el crecimiento org\u00e1nico. <\/p>\n<\/div><\/div>\n\n<div data-schema-only=\"false\" class=\"wp-block-aioseo-faq\"><h3 class=\"aioseo-faq-block-question\">Quantas curtidas no Instagram devo comprar?<\/h3><div class=\"aioseo-faq-block-answer\">\n<p>Ajusta el n\u00famero de \"me gusta\" que compras en Instagram en funci\u00f3n de tus objetivos: compra m\u00e1s \"me gusta\" para obtener mayor visibilidad y ventaja competitiva, o empieza con menos si quieres probar c\u00f3mo afecta la visibilidad al engagement y ajusta tu estrategia en funci\u00f3n de los resultados.<\/p>\n<\/div><\/div>\n\n<div data-schema-only=\"false\" class=\"wp-block-aioseo-faq\"><h3 class=\"aioseo-faq-block-question\">\u00c9 poss\u00edvel ser banido por comprar curtidas no Instagram?<\/h3><div class=\"aioseo-faq-block-answer\">\n<p>Comprar likes de Instagram a fuentes fiables que sigan las normas de la plataforma suele ser seguro y no suele provocar la suspensi\u00f3n de la cuenta. Elegir proveedores fiables garantiza que los likes proceden de usuarios reales y activos y no de bots, lo que est\u00e1 en consonancia con las directrices \u00e9ticas de Instagram. <\/p>\n<\/div><\/div>\n\n<div data-schema-only=\"false\" class=\"wp-block-aioseo-faq\"><h3 class=\"aioseo-faq-block-question\">Quanto tempo demora para ver resultados?<\/h3><div class=\"aioseo-faq-block-answer\">\n<p>Ver\u00e1s los resultados casi inmediatamente despu\u00e9s de que se haya procesado tu pedido, normalmente en unas pocas horas.<\/p>\n<\/div><\/div>\n\n<div data-schema-only=\"false\" class=\"wp-block-aioseo-faq\"><h3 class=\"aioseo-faq-block-question\">Por que voc\u00ea deve comprar curtidas no Instagram?<\/h3><div class=\"aioseo-faq-block-answer\">\n<p>Comprar Me gusta en Instagram puede aumentar la visibilidad y credibilidad de tu perfil, mejorar la participaci\u00f3n org\u00e1nica y hacer que tu canal sea m\u00e1s atractivo para posibles anunciantes y patrocinadores. Este enfoque es especialmente beneficioso para los nuevos canales que buscan un crecimiento r\u00e1pido. <\/p>\n<\/div><\/div>\n\n<div data-schema-only=\"false\" class=\"wp-block-aioseo-faq\"><h3 class=\"aioseo-faq-block-question\">O que devo fazer se meu pedido n\u00e3o for entregue?<\/h3><div class=\"aioseo-faq-block-answer\">\n<p>Si tu pedido no se entrega, comprueba la confirmaci\u00f3n del pedido y los detalles del pago para asegurarte de que todo es correcto. A continuaci\u00f3n, ponte en contacto con el servicio de atenci\u00f3n al cliente con la informaci\u00f3n de tu pedido para resolver el problema. Deber\u00edan poder ayudarte y ofrecerte una soluci\u00f3n.  <\/p>\n<\/div><\/div>\n\n<div data-schema-only=\"false\" class=\"wp-block-aioseo-faq\"><h3 class=\"aioseo-faq-block-question\">Quais m\u00e9todos de pagamento voc\u00eas oferecem?<\/h3><div class=\"aioseo-faq-block-answer\">\n<p>Ofrecemos diversos m\u00e9todos de pago, como tarjetas de cr\u00e9dito, PayPal y, en algunos casos, criptomonedas. Esta selecci\u00f3n te permite elegir la opci\u00f3n m\u00e1s conveniente para tus transacciones. <\/p>\n<\/div><\/div>\n","protected":false},"excerpt":{"rendered":"<p>\ud83d\ude80 Aumenta tus publicaciones de Instagram:<\/p>\n<p>\u2705 100% likes de Instagram reales<br \/>\n\u231b La entrega comienza en 0-1 hora<br \/>\n\ud83d\udee0\ufe0f Garant\u00eda = De por vida<br \/>\n\ud83d\udcb8 Asequible<br \/>\n\ud83d\udd12 Seguro y discreto<\/p>\n","protected":false},"featured_media":7216,"comment_status":"closed","ping_status":"closed","template":"","meta":[],"product_brand":[],"product_cat":[106],"product_tag":[],"class_list":{"0":"post-12476","1":"product","2":"type-product","3":"status-publish","4":"has-post-thumbnail","6":"product_cat-sin-categoria","8":"first","9":"instock","10":"shipping-taxable","11":"purchasable","12":"product-type-variable"},"aioseo_notices":[],"_links":{"self":[{"href":"https:\/\/comprarseguidores.io\/es\/wp-json\/wp\/v2\/product\/12476","targetHints":{"allow":["GET"]}}],"collection":[{"href":"https:\/\/comprarseguidores.io\/es\/wp-json\/wp\/v2\/product"}],"about":[{"href":"https:\/\/comprarseguidores.io\/es\/wp-json\/wp\/v2\/types\/product"}],"replies":[{"embeddable":true,"href":"https:\/\/comprarseguidores.io\/es\/wp-json\/wp\/v2\/comments?post=12476"}],"version-history":[{"count":1,"href":"https:\/\/comprarseguidores.io\/es\/wp-json\/wp\/v2\/product\/12476\/revisions"}],"predecessor-version":[{"id":12583,"href":"https:\/\/comprarseguidores.io\/es\/wp-json\/wp\/v2\/product\/12476\/revisions\/12583"}],"wp:featuredmedia":[{"embeddable":true,"href":"https:\/\/comprarseguidores.io\/es\/wp-json\/wp\/v2\/media\/7216"}],"wp:attachment":[{"href":"https:\/\/comprarseguidores.io\/es\/wp-json\/wp\/v2\/media?parent=12476"}],"wp:term":[{"taxonomy":"product_brand","embeddable":true,"href":"https:\/\/comprarseguidores.io\/es\/wp-json\/wp\/v2\/product_brand?post=12476"},{"taxonomy":"product_cat","embeddable":true,"href":"https:\/\/comprarseguidores.io\/es\/wp-json\/wp\/v2\/product_cat?post=12476"},{"taxonomy":"product_tag","embeddable":true,"href":"https:\/\/comprarseguidores.io\/es\/wp-json\/wp\/v2\/product_tag?post=12476"}],"curies":[{"name":"wp","href":"https:\/\/api.w.org\/{rel}","templated":true}]}}