{"id":12546,"date":"2024-06-16T08:16:38","date_gmt":"2024-06-16T08:16:38","guid":{"rendered":"https:\/\/comprarseguidores.io\/product\/comprar-miembros-del-canal-whatsapp\/"},"modified":"2025-04-06T12:06:16","modified_gmt":"2025-04-06T12:06:16","slug":"comprar-miembros-del-canal-whatsapp","status":"publish","type":"product","link":"https:\/\/comprarseguidores.io\/es\/product\/comprar-miembros-del-canal-whatsapp\/","title":{"rendered":"Comprar miembros del canal WhatsApp"},"content":{"rendered":"\n<h2 class=\"wp-block-heading\"><strong>Comprar miembros para canales de WhatsApp<\/strong><\/h2>\n\n<p>Comprar miembros para canales de WhatsApp ofrece varias ventajas importantes para ampliar tu presencia digital y aumentar el compromiso. En primer lugar, aumenta r\u00e1pidamente la popularidad percibida de tu canal, lo que puede atraer a m\u00e1s miembros org\u00e1nicos. Una audiencia mayor significa un compromiso m\u00e1s activo y comentarios sobre tu contenido.  <\/p>\n\n<p>Este aumento de la participaci\u00f3n no s\u00f3lo hace que tu canal sea m\u00e1s din\u00e1mico, sino que tambi\u00e9n aumenta las posibilidades de que tu contenido se comparta fuera de tu red inmediata, ampliando su alcance. Adem\u00e1s, un elevado n\u00famero de miembros confiere credibilidad a tu canal, haci\u00e9ndolo m\u00e1s atractivo para nuevos miembros potenciales, as\u00ed como para patrocinadores o anunciantes que busquen canales con una s\u00f3lida base de usuarios. <\/p>\n\n<h2 class=\"wp-block-heading\"><strong>Comprar Miembros del Canal WhatsApp en la UE<\/strong><\/h2>\n\n<p>Aumenta la credibilidad de tu canal de WhatsApp y ampl\u00eda tu alcance en toda Europa comprando membres\u00edas de canales de WhatsApp en la UE. Este servicio est\u00e1 dise\u00f1ado para aumentar tu base de miembros con usuarios reales de diferentes pa\u00edses europeos, impulsando el compromiso y haciendo que tu canal sea m\u00e1s atractivo para un p\u00fablico diverso. Ideal para empresas que deseen establecer una fuerte presencia en el mercado europeo.  <\/p>\n\n<h2 class=\"wp-block-heading\"><strong>Comprar Reaction Mix con Emojis \ud83d\udc4d\ud83d\udd25\ud83c\udf89\u2764\ufe0f\ud83d\ude01<\/strong><\/h2>\n\n<p>\u00a1Anima tu contenido en las redes sociales con nuestro servicio de mezcla de reacciones emoji! Este paquete te permite a\u00f1adir una vibrante selecci\u00f3n de reacciones -como me gusta, fuego, fiesta, coraz\u00f3n y sonrisa- a tus publicaciones, mejorando la interacci\u00f3n de los usuarios y haciendo que tu contenido sea m\u00e1s din\u00e1mico y atractivo. Perfecto para creadores que quieran fomentar una comunidad m\u00e1s activa y receptiva.  <\/p>\n\n<h2 class=\"wp-block-heading\"><strong>\u00bfCu\u00e1les son las ventajas de comprar miembros para los canales de WhatsApp?<\/strong><\/h2>\n\n<p>Comprar miembros para los canales de WhatsApp ofrece varias ventajas importantes:<\/p>\n\n<ol class=\"wp-block-list\">\n<li><strong>Mayor credibilidad percibida<\/strong><br\/>Un mayor n\u00famero de miembros puede hacer que tu canal parezca m\u00e1s cre\u00edble e influyente, atrayendo a nuevos usuarios.<\/li>\n\n\n\n<li><strong>Mayor actividad<\/strong><br\/>Un mayor n\u00famero de miembros suele traducirse en mayores \u00edndices de participaci\u00f3n, con m\u00e1s \"me gusta\", comentarios y comparticiones de tus contenidos, lo que crea un ambiente comunitario vibrante.<\/li>\n\n\n\n<li>Mayor <strong>visibilidad<\/strong><br\/>Una audiencia mayor significa que es m\u00e1s probable que tu contenido se comparta ampliamente, aumentando la visibilidad y el impacto de tu canal.<\/li>\n\n\n\n<li><strong>Crecimiento org\u00e1nico de miembros<\/strong><br\/>Los canales que ya tienen un gran n\u00famero de miembros son m\u00e1s atractivos, lo que puede ayudar a atraer m\u00e1s seguidores de forma org\u00e1nica.<\/li>\n\n\n\n<li><strong>M\u00e1s oportunidades de marketing<\/strong><br\/>Una s\u00f3lida base de afiliados abre la puerta a m\u00e1s oportunidades de marketing y publicidad, incluidas asociaciones y promociones de pago.<\/li>\n<\/ol>\n\n<p>Estas ventajas demuestran por qu\u00e9 comprar miembros para los canales de WhatsApp puede ser una estrategia eficaz para aumentar r\u00e1pidamente el impacto y el compromiso de tu canal.<\/p>\n\n<h2 class=\"wp-block-heading\"><strong>\u00bfEs seguro comprar miembros para los canales de WhatsApp?<\/strong><\/h2>\n\n<p>S\u00ed, comprar miembros para canales de WhatsApp es seguro si utilizas un sitio fiable y leg\u00edtimo. Estos proveedores siguen normas legales y \u00e9ticas, a\u00f1adiendo miembros reales sin comprometer la seguridad de tu canal. Comprueba siempre la reputaci\u00f3n del proveedor y lee las opiniones de los clientes para asegurarte de que son dignos de confianza y utilizan m\u00e9todos transparentes.  <\/p>\n\n<figure class=\"wp-block-image size-full\"><img decoding=\"async\" src=\"https:\/\/follower-kaufen.io\/wp-content\/uploads\/2024\/07\/Kaufen-Sie-WhatsApp-Kanal-Mitglieder.png\" alt=\"Comprar miembros para canales de WhatsApp\" class=\"wp-image-9521\"\/><\/figure>\n\n<h2 class=\"wp-block-heading\"><strong>\u00bfC\u00f3mo compro miembros para los canales de WhatsApp?<\/strong><\/h2>\n\n<p>Comprar miembros para los canales de WhatsApp es un proceso sencillo y directo. Sigue estos pasos: <\/p>\n\n<ol class=\"wp-block-list\">\n<li>Visita el sitio web de un proveedor fiable y busca la secci\u00f3n dedicada a la compra de membres\u00edas de canal.<\/li>\n\n\n\n<li>Introduce la URL de tu canal de WhatsApp en el campo correspondiente.<\/li>\n\n\n\n<li>Elige el n\u00famero de miembros que quieres a\u00f1adir, seleccionando entre las opciones disponibles para diferentes necesidades y presupuestos.<\/li>\n\n\n\n<li>Finaliza tu compra realizando el pago.<\/li>\n<\/ol>\n\n<p>Generalmente, la tramitaci\u00f3n de los pedidos comienza en pocas horas, y ver\u00e1s un aumento inmediato del n\u00famero de miembros de tu canal, lo que impulsar\u00e1 el compromiso y la visibilidad de forma eficaz y eficiente.<\/p>\n\n<ul class=\"wp-block-list\">\n<li>Introduce la URL de tu canal de WhatsApp en el campo designado.<\/li>\n\n\n\n<li>Elige el n\u00famero de miembros entre los paquetes disponibles.<\/li>\n\n\n\n<li>Finaliza tu pedido realizando el pago.<\/li>\n\n\n\n<li>El pedido se tramitar\u00e1 en unas horas.<\/li>\n\n\n\n<li>Observa un aumento inmediato del n\u00famero de miembros y de la participaci\u00f3n en tu canal.<\/li>\n<\/ul>\n\n<h2 class=\"wp-block-heading\"><strong>\u00bfCu\u00e1nto cuestan 1000 miembros para los canales de WhatsApp?<\/strong><\/h2>\n\n<p>El precio de 1000 miembros para los canales de WhatsApp puede variar significativamente en funci\u00f3n del proveedor y de la calidad de los miembros ofrecidos. Los precios suelen variar entre 50 y 150 d\u00f3lares por 1000 miembros, teniendo en cuenta factores como la autenticidad de los perfiles y la velocidad de entrega. Es esencial investigar y comparar diferentes proveedores para encontrar un servicio fiable que proporcione miembros reales y activos que puedan contribuir positivamente al crecimiento de tu canal.  <\/p>\n\n<p>Adem\u00e1s, elegir proveedores que ofrezcan asistencia al cliente y garant\u00edas de servicio puede asegurarte el mejor rendimiento de tu inversi\u00f3n.<\/p>\n\n<h2 class=\"wp-block-heading\"><strong>\u00bfC\u00f3mo puedo conseguir m\u00e1s miembros para mi canal de WhatsApp?<\/strong><\/h2>\n\n<p>Para aumentar org\u00e1nicamente el n\u00famero de miembros de tu canal de WhatsApp, sigue estas estrategias:<\/p>\n\n<ol class=\"wp-block-list\">\n<li><strong>Proporciona contenido valioso<\/strong><br\/>Publica regularmente contenido relevante e interesante para tu audiencia, animando a los miembros actuales a compartirlo.<\/li>\n\n\n\n<li><strong>Publicita tu canal<\/strong><br\/>Utiliza otras redes sociales como Facebook, Twitter, Instagram y LinkedIn para promocionar tu canal de WhatsApp, incluyendo enlaces directos y c\u00f3digos QR para que sea m\u00e1s f\u00e1cil unirse.<\/li>\n\n\n\n<li><strong>Aprovecha tu red<\/strong><br\/>Invita a amigos, familiares y contactos profesionales a unirse al canal y a compartirlo en sus c\u00edrculos.<\/li>\n\n\n\n<li><strong>Interact\u00faa regularmente<\/strong><br\/>Mant\u00e9n activo tu canal respondiendo preguntas, fomentando debates y recogiendo opiniones de los miembros.<\/li>\n\n\n\n<li><strong>Organiza sorteos y promociones<\/strong><br\/>Crea incentivos para que la gente entre en el canal, como acceso exclusivo a informaci\u00f3n, ofertas especiales o participaci\u00f3n en sorteos.<\/li>\n\n\n\n<li><strong>Trabaja con personas influyentes<\/strong><br\/>La colaboraci\u00f3n con personas influyentes puede ayudarte a promocionar tu canal entre un p\u00fablico m\u00e1s amplio y relevante.<\/li>\n\n\n\n<li><strong>Invierte en anuncios de pago<\/strong><br\/>Considera la posibilidad de utilizar campa\u00f1as de pago en las redes sociales para llegar a tu p\u00fablico objetivo con mayor eficacia.<\/li>\n<\/ol>\n\n<p>Poner en pr\u00e1ctica estas estrategias puede aumentar significativamente el n\u00famero de miembros de tu canal de WhatsApp de forma r\u00e1pida y eficaz.<\/p>\n\n<h2 class=\"wp-block-heading\"><strong>\u00bfPor qu\u00e9 comprarseguidores.io es el mejor sitio para comprar miembros para canales de WhatsApp?<\/strong><\/h2>\n\n<p><strong>comprarseguidores.io<\/strong> destaca como la mejor opci\u00f3n para comprar miembros para canales de WhatsApp debido a su fiabilidad y servicios de alta calidad. La plataforma es conocida por proporcionar miembros reales y activos, garantizando un compromiso m\u00e1s significativo. Con las opciones de crecimiento selectivo, puedes atraer a miembros que est\u00e9n realmente interesados en tu nicho, aumentando la interacci\u00f3n en el canal.  <\/p>\n\n<p>Adem\u00e1s, <strong>comprarseguidores.io<\/strong> ofrece una entrega r\u00e1pida, iniciando la tramitaci\u00f3n del pedido en pocas horas, lo que te permite ver los resultados casi de inmediato. La seguridad de las transacciones es una prioridad, protegiendo tus datos financieros y personales. El sitio tambi\u00e9n destaca por su excelente atenci\u00f3n al cliente y su gama de paquetes flexibles para distintos presupuestos. Como resultado, <strong>comprarseguidores.io<\/strong> satisface perfectamente las necesidades de los propietarios de canales de WhatsApp que quieren ampliar su audiencia de forma eficaz.   <\/p>\n\n<h2 class=\"wp-block-heading\"><strong>Comprarseguidores.io ofrece los siguientes paquetes de afiliaci\u00f3n activa para canales de WhatsApp:<\/strong><\/h2>\n\n<ul class=\"wp-block-list\">\n<li>10 miembros del canal WhatsApp<\/li>\n\n\n\n<li>50 Miembros para el canal WhatsApp<\/li>\n\n\n\n<li>100 Miembros para el canal WhatsApp<\/li>\n\n\n\n<li>250 Miembros para el canal WhatsApp<\/li>\n\n\n\n<li>500 Miembros para el canal WhatsApp<\/li>\n\n\n\n<li>750 Miembros para el canal WhatsApp<\/li>\n<\/ul>\n\n<h2 class=\"wp-block-heading\">PREGUNTAS FRECUENTES<\/h2>\n\n<div data-schema-only=\"false\" class=\"wp-block-aioseo-faq\"><h3 class=\"aioseo-faq-block-question\">\u00c9 poss\u00edvel correr o risco de ser banido ao comprar membros para canais?<\/h3><div class=\"aioseo-faq-block-answer\">\n<p>No, no correr\u00e1s el riesgo de que te baneen si compras afiliaciones para canales de sitios aut\u00e9nticos y fiables. Estos proveedores siguen las directrices de la plataforma y garantizan que se aplican pr\u00e1cticas seguras y conformes a tu canal. <\/p>\n<\/div><\/div>\n\n<div data-schema-only=\"false\" class=\"wp-block-aioseo-faq\"><h3 class=\"aioseo-faq-block-question\">Quais benef\u00edcios posso esperar ao comprar membros para canais?<\/h3><div class=\"aioseo-faq-block-answer\">\n<p>Comprar miembros para canales de WhatsApp puede aumentar significativamente la credibilidad y visibilidad de tu canal, haci\u00e9ndolo m\u00e1s establecido y atrayendo nuevos miembros org\u00e1nicos. Este crecimiento puede mejorar el compromiso, fomentar una comunidad activa y abrir m\u00e1s oportunidades de negocio a trav\u00e9s de una mayor interacci\u00f3n con los clientes y posibles asociaciones. <\/p>\n<\/div><\/div>\n\n<div data-schema-only=\"false\" class=\"wp-block-aioseo-faq\"><h3 class=\"aioseo-faq-block-question\">Por que voc\u00ea deve comprar membros para canais do WhatsApp?<\/h3><div class=\"aioseo-faq-block-answer\">\n<p>Comprar miembros para canales de WhatsApp puede aumentar la visibilidad y credibilidad de tu canal. Un mayor n\u00famero de miembros hace que tu canal parezca m\u00e1s autorizado, atrae m\u00e1s seguidores org\u00e1nicos y ampl\u00eda su alcance e impacto general. <\/p>\n<\/div><\/div>\n\n<div data-schema-only=\"false\" class=\"wp-block-aioseo-faq\"><h3 class=\"aioseo-faq-block-question\">Esses s\u00e3o membros reais de canais do WhatsApp?<\/h3><div class=\"aioseo-faq-block-answer\">\n<p>S\u00ed, se trata de miembros reales de los canales de WhatsApp.<\/p>\n<\/div><\/div>\n\n<div data-schema-only=\"false\" class=\"wp-block-aioseo-faq\"><h3 class=\"aioseo-faq-block-question\">A compra de membros para canais \u00e9 uma pr\u00e1tica comum?<\/h3><div class=\"aioseo-faq-block-answer\">\n<p>S\u00ed, comprar miembros para los canales de WhatsApp es una pr\u00e1ctica habitual entre muchos administradores de canales. Esta estrategia se utiliza a menudo para aumentar r\u00e1pidamente la popularidad y credibilidad percibidas de un canal, ayudando a atraer m\u00e1s miembros org\u00e1nicos y a establecer una presencia m\u00e1s fuerte en la plataforma. <\/p>\n<\/div><\/div>\n\n<div data-schema-only=\"false\" class=\"wp-block-aioseo-faq\"><h3 class=\"aioseo-faq-block-question\">Um alto n\u00famero de membros no canal pode aumentar a intera\u00e7\u00e3o org\u00e2nica?<\/h3><div class=\"aioseo-faq-block-answer\">\n<p>S\u00ed, un gran n\u00famero de miembros en un canal de WhatsApp puede aumentar el compromiso org\u00e1nico. Un canal m\u00e1s grande y activo generalmente atrae a m\u00e1s miembros que tienden a interactuar, mejorando la interacci\u00f3n general y la din\u00e1mica de la comunidad. <\/p>\n<\/div><\/div>\n\n<div data-schema-only=\"false\" class=\"wp-block-aioseo-faq\"><h3 class=\"aioseo-faq-block-question\">Quantos membros de canal devo comprar?<\/h3><div class=\"aioseo-faq-block-answer\">\n<p>El n\u00famero de miembros que debes comprar depende de tus objetivos. Para una visibilidad r\u00e1pida, compra un n\u00famero mayor; para un crecimiento gradual y una mayor participaci\u00f3n de la comunidad, empieza con un n\u00famero menor. Elige un n\u00famero que se ajuste a tu estrategia.  <\/p>\n<\/div><\/div>\n\n<div data-schema-only=\"false\" class=\"wp-block-aioseo-faq\"><h3 class=\"aioseo-faq-block-question\">Quanto tempo leva para ver os resultados?<\/h3><div class=\"aioseo-faq-block-answer\">\n<p>Ver\u00e1s los resultados casi inmediatamente despu\u00e9s de que se haya procesado tu pedido, normalmente en unas pocas horas.<\/p>\n<\/div><\/div>\n\n<div data-schema-only=\"false\" class=\"wp-block-aioseo-faq\"><h3 class=\"aioseo-faq-block-question\">O que fazer se meu pedido n\u00e3o for entregue?<\/h3><div class=\"aioseo-faq-block-answer\">\n<p>Si tu pedido no se entrega, comprueba la confirmaci\u00f3n del pedido y los detalles del pago para asegurarte de que todo es correcto. A continuaci\u00f3n, ponte en contacto con el servicio de atenci\u00f3n al cliente con la informaci\u00f3n del pedido para resolver el problema. Deber\u00edan poder ayudarte y ofrecerte una soluci\u00f3n.  <\/p>\n<\/div><\/div>\n\n<div data-schema-only=\"false\" class=\"wp-block-aioseo-faq\"><h3 class=\"aioseo-faq-block-question\">Quais m\u00e9todos de pagamento voc\u00eas oferecem?<\/h3><div class=\"aioseo-faq-block-answer\">\n<p>Ofrecemos varios m\u00e9todos de pago, como tarjetas de cr\u00e9dito, PayPal y, en algunos casos, criptomonedas. Esta variedad te permite elegir la opci\u00f3n m\u00e1s conveniente para tus transacciones. <\/p>\n<\/div><\/div>\n","protected":false},"excerpt":{"rendered":"<p><strong>\u2714\ufe0f Miembros reales para canales de WhatsApp<\/strong><br \/>\n\u2b50\ufe0f No parece \"falso\"<br \/>\n\ud83d\udcb0 Precios asequibles<br \/>\n\ud83d\udcde Atenci\u00f3n al cliente 24 horas al d\u00eda<br \/>\n\ud83d\udd12 M\u00e9todos de pago seguros<\/p>\n<p>\ud83d\udd25 \u00a1Haz crecer tu canal de WhatsApp al instante!<\/p>\n","protected":false},"featured_media":9072,"comment_status":"closed","ping_status":"closed","template":"","meta":[],"product_brand":[],"product_cat":[106],"product_tag":[],"class_list":{"0":"post-12546","1":"product","2":"type-product","3":"status-publish","4":"has-post-thumbnail","6":"product_cat-sin-categoria","8":"first","9":"instock","10":"shipping-taxable","11":"purchasable","12":"product-type-variable"},"aioseo_notices":[],"_links":{"self":[{"href":"https:\/\/comprarseguidores.io\/es\/wp-json\/wp\/v2\/product\/12546","targetHints":{"allow":["GET"]}}],"collection":[{"href":"https:\/\/comprarseguidores.io\/es\/wp-json\/wp\/v2\/product"}],"about":[{"href":"https:\/\/comprarseguidores.io\/es\/wp-json\/wp\/v2\/types\/product"}],"replies":[{"embeddable":true,"href":"https:\/\/comprarseguidores.io\/es\/wp-json\/wp\/v2\/comments?post=12546"}],"version-history":[{"count":1,"href":"https:\/\/comprarseguidores.io\/es\/wp-json\/wp\/v2\/product\/12546\/revisions"}],"predecessor-version":[{"id":12582,"href":"https:\/\/comprarseguidores.io\/es\/wp-json\/wp\/v2\/product\/12546\/revisions\/12582"}],"wp:featuredmedia":[{"embeddable":true,"href":"https:\/\/comprarseguidores.io\/es\/wp-json\/wp\/v2\/media\/9072"}],"wp:attachment":[{"href":"https:\/\/comprarseguidores.io\/es\/wp-json\/wp\/v2\/media?parent=12546"}],"wp:term":[{"taxonomy":"product_brand","embeddable":true,"href":"https:\/\/comprarseguidores.io\/es\/wp-json\/wp\/v2\/product_brand?post=12546"},{"taxonomy":"product_cat","embeddable":true,"href":"https:\/\/comprarseguidores.io\/es\/wp-json\/wp\/v2\/product_cat?post=12546"},{"taxonomy":"product_tag","embeddable":true,"href":"https:\/\/comprarseguidores.io\/es\/wp-json\/wp\/v2\/product_tag?post=12546"}],"curies":[{"name":"wp","href":"https:\/\/api.w.org\/{rel}","templated":true}]}}