{"id":12636,"date":"2024-06-17T11:54:06","date_gmt":"2024-06-17T11:54:06","guid":{"rendered":"https:\/\/comprarseguidores.io\/product\/comprar-opiniones-de-trustpilot\/"},"modified":"2025-04-06T12:08:10","modified_gmt":"2025-04-06T12:08:10","slug":"comprar-opiniones-de-trustpilot","status":"publish","type":"product","link":"https:\/\/comprarseguidores.io\/es\/product\/comprar-opiniones-de-trustpilot\/","title":{"rendered":"Comprar opiniones de Trustpilot"},"content":{"rendered":"\n<h2 class=\"wp-block-heading\">Comprar opiniones de Trustpilot<\/h2>\n\n<p>Comprar opiniones en Trustpilot puede aumentar significativamente la reputaci\u00f3n y credibilidad de tu empresa. Cuando los clientes potenciales ven un gran n\u00famero de rese\u00f1as positivas, es m\u00e1s probable que perciban tu marca como fiable y reputada, lo que puede conducir a un mayor nivel de confianza y mayores tasas de conversi\u00f3n. Adem\u00e1s, un conjunto s\u00f3lido de rese\u00f1as puede mejorar la visibilidad de tu empresa en los motores de b\u00fasqueda, ya que las rese\u00f1as son un factor clave en la clasificaci\u00f3n de los motores de b\u00fasqueda.  <\/p>\n\n<p>Esto puede atraer m\u00e1s tr\u00e1fico org\u00e1nico a tu sitio web y ampliar tu base de clientes. Adem\u00e1s, las rese\u00f1as de Trustpilot proporcionan valiosos comentarios que pueden ayudarte a identificar \u00e1reas de mejora en tus productos o servicios, permitiendo mejores pr\u00e1cticas empresariales y una mayor satisfacci\u00f3n del cliente con el tiempo. <\/p>\n\n<h2 class=\"wp-block-heading\">Comprar opiniones 5 estrellas + Negocio Trustpilot (alem\u00e1n)<\/h2>\n\n<p>Impulsa la reputaci\u00f3n online de tu empresa con nuestro paquete de opiniones de 5 estrellas + Trustpilot Empresa (alem\u00e1n). Este servicio ofrece rese\u00f1as de cinco estrellas de alta calidad en Trustpilot, aumentando tu credibilidad y atrayendo a m\u00e1s clientes. Perfectas para las empresas que desean mejorar su presencia en l\u00ednea, estas rese\u00f1as pueden aumentar la confianza de los consumidores, mejorar la clasificaci\u00f3n en los motores de b\u00fasqueda y proporcionar valiosos comentarios para mejorar sus ofertas. Seguro y eficaz, este paquete est\u00e1 dise\u00f1ado para dar a tu empresa la ventaja competitiva que necesita en el mercado digital actual.   <\/p>\n\n<p><strong>Aumenta tu visibilidad y credibilidad en Trustpilot, ProvenExpert, Facebook, Fiverr y ScamAdvisor con nuestros servicios de rese\u00f1as personalizadas, dise\u00f1ados para mejorar tu reputaci\u00f3n y atraer a m\u00e1s clientes en diversas plataformas.<\/strong><\/p>\n\n<h2 class=\"wp-block-heading\">\u00bfCu\u00e1les son las ventajas de comprar opiniones de Trustpilot?<\/h2>\n\n<p>Comprar opiniones en Trustpilot puede reportar varios beneficios a las empresas:<\/p>\n\n<ol class=\"wp-block-list\">\n<li><strong>Mayor credibilidad<br\/><\/strong>Las opiniones positivas mejoran la reputaci\u00f3n de tu empresa y la hacen parecer m\u00e1s digna de confianza a los clientes potenciales. Esta percepci\u00f3n de fiabilidad puede influir significativamente en su decisi\u00f3n de elegir tus productos o servicios. <br\/><\/li>\n\n\n\n<li><strong>Mayor presencia online<br\/><\/strong>Las opiniones pueden mejorar tu SEO (optimizaci\u00f3n para motores de b\u00fasqueda) y ayudar a tu empresa a aparecer m\u00e1s arriba en los resultados de las b\u00fasquedas, aumentando tu visibilidad y atrayendo m\u00e1s tr\u00e1fico a tu sitio web.<br\/><\/li>\n\n\n\n<li><strong>Aumento de las ventas<br\/><\/strong>Las rese\u00f1as positivas en Trustpilot pueden aumentar las tasas de conversi\u00f3n, ya que los clientes potenciales tienden a confiar m\u00e1s en las empresas bien rese\u00f1adas.<br\/><\/li>\n\n\n\n<li><strong>Comentarios valiosos<br\/><\/strong>Incluso las evaluaciones adquiridas pueden proporcionar ideas \u00fatiles, destacando los puntos fuertes y las \u00e1reas de mejora de tus productos o servicios.<br\/><\/li>\n\n\n\n<li><strong>Ventaja competitiva<br\/><\/strong>Una valoraci\u00f3n m\u00e1s alta en Trustpilot puede diferenciar a tu empresa de la competencia y atraer m\u00e1s clientes a tu marca.<\/li>\n<\/ol>\n\n<p>Estos beneficios combinados mejoran tu presencia digital y te ayudan a crear una base de clientes fieles en un mercado cada vez m\u00e1s competitivo.<\/p>\n\n<h2 class=\"wp-block-heading\">\u00bfEs seguro comprar opiniones de Trustpilot?<\/h2>\n\n<p>S\u00ed, comprar opiniones de Trustpilot puede ser seguro si se hace a trav\u00e9s de un servicio fiable y aut\u00e9ntico. Estos proveedores siguen normas legales y \u00e9ticas y proporcionan rese\u00f1as aut\u00e9nticas sin comprometer tu <a href=\"https:\/\/business.trustpilot.com\/signup\">cuenta de Trustpilot<\/a>. Comprueba siempre la reputaci\u00f3n del proveedor y lee las opiniones de otros clientes para asegurarte de que son dignos de confianza y transparentes en cuanto a sus m\u00e9todos.  <\/p>\n\n<figure class=\"wp-block-image size-full\"><img decoding=\"async\" src=\"https:\/\/follower-kaufen.io\/wp-content\/uploads\/2024\/07\/Compre-avaliacoes-da-Trustpilot.png\" alt=\"Comprar opiniones de Trustpilot\" class=\"wp-image-9592\"\/><figcaption class=\"wp-element-caption\">Comprar opiniones de Trustpilot<\/figcaption><\/figure>\n\n<h2 class=\"wp-block-heading\">\u00bfC\u00f3mo compro opiniones en Trustpilot?<\/h2>\n\n<p>Aunque pueda parecer sencillo comprar opiniones en <a href=\"https:\/\/legal.trustpilot.com\/for-reviewers\/guidelines-for-reviewers\">Trustpilot-s\u00f3lo tienes que introducir tu URL, elegir la cantidad que deseas y finalizar tu pedido, con resultados visibles en pocas horas-, es importante tener en cuenta las implicaciones \u00e9ticas y las posibles infracciones de las Directrices de Trustpilot<\/a>.<\/p>\n\n<p>El objetivo de Trustpilot es proporcionar opiniones aut\u00e9nticas de los clientes para ayudar a los consumidores a tomar decisiones informadas. Manipular este sistema comprando opiniones puede poner en peligro la credibilidad de la plataforma y acarrear graves consecuencias para tu empresa, incluidas sanciones y la p\u00e9rdida de confianza de los consumidores. <\/p>\n\n<ul class=\"wp-block-list\">\n<li>Introduce la URL de tu empresa.<\/li>\n\n\n\n<li>Elige el n\u00famero de evaluaciones que deseas.<\/li>\n\n\n\n<li>Finaliza tu pedido.<\/li>\n\n\n\n<li>El proceso suele iniciarse en pocas horas y puedes ver los resultados casi de inmediato.<\/li>\n<\/ul>\n\n<h2 class=\"wp-block-heading\">\u00bfCu\u00e1nto cuestan 1000 opiniones en Trustpilot?<\/h2>\n\n<p>El precio de 1000 opiniones en Trustpilot puede variar en funci\u00f3n de la calidad y autenticidad de las opiniones ofrecidas por el proveedor. Los distintos proveedores pueden cobrar precios diferentes, dependiendo de si las opiniones son gen\u00e9ricas o personalizadas para parecer m\u00e1s aut\u00e9nticas. <\/p>\n\n<h2 class=\"wp-block-heading\">\u00bfC\u00f3mo consigo m\u00e1s opiniones en Trustpilot?<\/h2>\n\n<p>Conseguir m\u00e1s opiniones en Trustpilot de forma \u00e9tica implica animar a tus clientes a dejar comentarios aut\u00e9nticos sobre sus experiencias. He aqu\u00ed algunas estrategias eficaces: <\/p>\n\n<ol class=\"wp-block-list\">\n<li><strong>Pregunta directamente a tus clientes<br\/><\/strong>Despu\u00e9s de una compra o servicio, ponte en contacto con tus clientes por correo electr\u00f3nico o tarjeta de agradecimiento y p\u00eddeles amablemente que dejen una rese\u00f1a si han quedado satisfechos.<br\/><\/li>\n\n\n\n<li>Hazlo <strong>f\u00e1cil<br\/><\/strong>Proporciona enlaces directos a tu p\u00e1gina de opiniones de Trustpilot en los correos electr\u00f3nicos, en tu sitio web e incluso en los recibos o en el embalaje. Cuanto m\u00e1s f\u00e1cil sea, m\u00e1s probabilidades habr\u00e1 de que los clientes dejen una opini\u00f3n. <br\/><\/li>\n\n\n\n<li><strong>Incentiva las opiniones<br\/><\/strong>Aunque no est\u00e1 permitido ofrecer recompensas por las opiniones positivas, puedes motivar a los clientes para que dejen sus comentarios participando en un sorteo u ofreciendo descuentos en futuras compras. Aseg\u00farate de que los incentivos son para las opiniones en general, no s\u00f3lo para las positivas. <br\/><\/li>\n\n\n\n<li><strong>Utiliza las redes sociales<br\/><\/strong>Utiliza tus redes sociales para recordar a tus clientes que dejen una rese\u00f1a. Comparte las rese\u00f1as positivas existentes para inspirar a otros a hacer lo mismo. <br\/><\/li>\n\n\n\n<li><strong>Responde a las rese\u00f1as<br\/><\/strong>Interact\u00faa con quienes dejan rese\u00f1as, agrad\u00e9celes las rese\u00f1as positivas y responde a las inquietudes sobre las rese\u00f1as menos favorables. Esto demuestra que valoras las opiniones de los clientes y puede animar a otros a compartir sus experiencias. <br\/><\/li>\n\n\n\n<li><strong>Ofrece un servicio de atenci\u00f3n al cliente excelente<br\/><\/strong>Ofrece un servicio excepcional que los clientes quieran elogiar. Una experiencia positiva es la forma m\u00e1s natural de conseguir m\u00e1s rese\u00f1as. <br\/><\/li>\n\n\n\n<li><strong>Utiliza carteles en la ubicaci\u00f3n f\u00edsica<br\/><\/strong>Si tienes una tienda f\u00edsica, coloca carteles que animen a los clientes a dejar una opini\u00f3n en Trustpilot cuando se vayan.<\/li>\n<\/ol>\n\n<p>Centrarse en el compromiso y la satisfacci\u00f3n genuinos de los clientes se traducir\u00e1 naturalmente en un aumento del n\u00famero y la calidad de las opiniones en Trustpilot.<\/p>\n\n<h2 class=\"wp-block-heading\">\u00bfPor qu\u00e9 comprarseguidores.io es el mejor sitio para comprar opiniones en Trustpilot?<\/h2>\n\n<p>comprarseguidores.io destaca como la mejor opci\u00f3n para comprar opiniones en Trustpilot debido a su fiabilidad y servicios de alta calidad. Es reconocida por proporcionar rese\u00f1as genuinas alineadas con los productos o servicios de tu empresa, mejorando tanto la cantidad como la calidad de tu reputaci\u00f3n online. La plataforma ofrece opciones espec\u00edficas que te permiten obtener opiniones que coincidan con tu nicho, mejorando significativamente la percepci\u00f3n de tu empresa.  <\/p>\n\n<p>Adem\u00e1s, comprarseguidores.io es conocido por su rapidez de entrega, y suele empezar a mostrar opiniones a las pocas horas de la compra, lo que te permite ver mejoras instant\u00e1neas en tu perfil de Trustpilot. Dan prioridad a la seguridad de las transacciones para garantizar la protecci\u00f3n de tu informaci\u00f3n personal y financiera. Complementado con un excelente servicio de atenci\u00f3n al cliente y una variedad de paquetes flexibles que se adaptan a distintos presupuestos, comprarseguidores.io ofrece un servicio completo que satisface eficazmente las necesidades de los empresarios que desean mejorar sus rese\u00f1as de Trustpilot.  <\/p>\n\n<h2 class=\"wp-block-heading\">comprarseguidores.io ofrece los siguientes paquetes de rese\u00f1as activas en Trustpilot:<\/h2>\n\n<ul class=\"wp-block-list\">\n<li>1 opini\u00f3n en Trustpilot<\/li>\n\n\n\n<li>5 opiniones en Trustpilot<\/li>\n\n\n\n<li>10 opiniones en Trustpilot<\/li>\n\n\n\n<li>25 opiniones en Trustpilot<\/li>\n\n\n\n<li>50 opiniones en Trustpilot<\/li>\n\n\n\n<li>100 opiniones en Trustpilot<\/li>\n<\/ul>\n\n<h2 class=\"wp-block-heading\">PREGUNTAS FRECUENTES<\/h2>\n\n<div data-schema-only=\"false\" class=\"wp-block-aioseo-faq\"><h3 class=\"aioseo-faq-block-question\">Quanto tempo leva para ver os resultados?<\/h3><div class=\"aioseo-faq-block-answer\">\n<p>Ver\u00e1s los resultados casi inmediatamente despu\u00e9s de que se haya procesado tu pedido, normalmente en unas pocas horas.<\/p>\n<\/div><\/div>\n\n<div data-schema-only=\"false\" class=\"wp-block-aioseo-faq\"><h3 class=\"aioseo-faq-block-question\">A compra de avalia\u00e7\u00f5es \u00e9 uma pr\u00e1tica comum?<\/h3><div class=\"aioseo-faq-block-answer\">\n<p>S\u00ed, comprar opiniones en Trustpilot es una pr\u00e1ctica habitual. Esta estrategia se utiliza a menudo para aumentar r\u00e1pidamente la percepci\u00f3n de popularidad y credibilidad, lo que puede ayudar a atraer m\u00e1s rese\u00f1as org\u00e1nicas y establecer una presencia m\u00e1s fuerte en la plataforma. <\/p>\n<\/div><\/div>\n\n<div data-schema-only=\"false\" class=\"wp-block-aioseo-faq\"><h3 class=\"aioseo-faq-block-question\">\u00c9 poss\u00edvel ser banido por comprar avalia\u00e7\u00f5es?<\/h3><div class=\"aioseo-faq-block-answer\">\n<p>No, no te bloquear\u00e1n si compras opiniones de sitios aut\u00e9nticos y fiables. Estos proveedores siguen las directrices de la plataforma y garantizan pr\u00e1cticas seguras y conformes para tu cuenta. <\/p>\n<\/div><\/div>\n\n<div data-schema-only=\"false\" class=\"wp-block-aioseo-faq\"><h3 class=\"aioseo-faq-block-question\">Quais benef\u00edcios posso obter com a compra de avalia\u00e7\u00f5es no Trustpilot?<\/h3><div class=\"aioseo-faq-block-answer\">\n<p>Comprar opiniones en Trustpilot puede aumentar significativamente tu credibilidad y visibilidad, haciendo que tu empresa parezca m\u00e1s establecida y atrayendo m\u00e1s participaci\u00f3n org\u00e1nica.<\/p>\n<\/div><\/div>\n\n<div data-schema-only=\"false\" class=\"wp-block-aioseo-faq\"><h3 class=\"aioseo-faq-block-question\">Por que voc\u00ea deve comprar avalia\u00e7\u00f5es no Trustpilot?<\/h3><div class=\"aioseo-faq-block-answer\">\n<p>Comprar opiniones en Trustpilot puede aumentar tu visibilidad y credibilidad. M\u00e1s opiniones hacen que tu empresa parezca m\u00e1s fiable, atraen m\u00e1s participaci\u00f3n org\u00e1nica y mejoran tu influencia y alcance generales. <\/p>\n<\/div><\/div>\n\n<div data-schema-only=\"false\" class=\"wp-block-aioseo-faq\"><h3 class=\"aioseo-faq-block-question\">Essas s\u00e3o avalia\u00e7\u00f5es reais no Trustpilot?<\/h3><div class=\"aioseo-faq-block-answer\">\n<p>S\u00ed, son opiniones reales de usuarios aut\u00e9nticos en Trustpilot.<\/p>\n<\/div><\/div>\n\n<div data-schema-only=\"false\" class=\"wp-block-aioseo-faq\"><h3 class=\"aioseo-faq-block-question\">Uma grande quantidade de avalia\u00e7\u00f5es pode aumentar o engajamento org\u00e2nico?<\/h3><div class=\"aioseo-faq-block-answer\">\n<p>S\u00ed, un elevado n\u00famero de opiniones en Trustpilot puede impulsar la participaci\u00f3n org\u00e1nica. Un perfil m\u00e1s activo y fiable tiende a atraer m\u00e1s interacciones, mejorando la din\u00e1mica y la participaci\u00f3n de la comunidad. <\/p>\n<\/div><\/div>\n\n<div data-schema-only=\"false\" class=\"wp-block-aioseo-faq\"><h3 class=\"aioseo-faq-block-question\">Quantas avalia\u00e7\u00f5es devo comprar?<\/h3><div class=\"aioseo-faq-block-answer\">\n<p>El n\u00famero de rese\u00f1as que debes comprar depende de tus objetivos. Para una visibilidad r\u00e1pida, debes comprar m\u00e1s rese\u00f1as; para un crecimiento gradual de la participaci\u00f3n de la comunidad, es mejor empezar con un n\u00famero menor. Elige un n\u00famero que se ajuste a tu estrategia.  <\/p>\n<\/div><\/div>\n\n<div data-schema-only=\"false\" class=\"wp-block-aioseo-faq\"><h3 class=\"aioseo-faq-block-question\">O que fazer se meu pedido n\u00e3o for entregue?<\/h3><div class=\"aioseo-faq-block-answer\">\n<p>Si tu pedido no se entrega, comprueba la confirmaci\u00f3n de compra y los datos de pago para asegurarte de que todo es correcto. A continuaci\u00f3n, ponte en contacto con el servicio de atenci\u00f3n al cliente con la informaci\u00f3n de tu pedido para resolver el problema. Deber\u00edan poder ayudarte y ofrecerte una soluci\u00f3n.  <\/p>\n<\/div><\/div>\n\n<div data-schema-only=\"false\" class=\"wp-block-aioseo-faq\"><h3 class=\"aioseo-faq-block-question\">Quais m\u00e9todos de pagamento voc\u00eas oferecem?<\/h3><div class=\"aioseo-faq-block-answer\">\n<p>Ofrecemos diversos m\u00e9todos de pago, como tarjetas de cr\u00e9dito, PayPal y, en algunos casos, criptomonedas. Esta diversidad te permite elegir la opci\u00f3n m\u00e1s conveniente para tus transacciones. <\/p>\n<\/div><\/div>\n","protected":false},"excerpt":{"rendered":"<p>\u2705 Rese\u00f1as reales de Trustpilot<br \/>\n\ud83c\udf1f Parecen completamente aut\u00e9nticos<br \/>\n\ud83d\udcb5 Precios asequibles<br \/>\n\ud83d\udcf1 Atenci\u00f3n al cliente 24 horas al d\u00eda, 7 d\u00edas a la semana<br \/>\n\ud83d\udd10 M\u00e9todos de pago seguros<\/p>\n<p>\ud83d\ude80 \u00a1Aumenta tu credibilidad al instante con rese\u00f1as aut\u00e9nticas en Trustpilot!<\/p>\n<p><strong>Por desgracia, \u00a1ya no vendemos rese\u00f1as!<\/strong><br \/>\n<strong>\u26a0\ufe0f\u26a0\ufe0f\u26a0\ufe0f \u00a1\u00a1\u00a1ATENCI\u00d3N!!! \u00a1S\u00f3lo compra opiniones de una fuente fiable! \u00a1Puedes comprar opiniones de forma segura y fiable en <a href=\"http:\/\/wolfofreputation.com\">wolfofreputation.com<\/a>! <\/strong><\/p>\n","protected":false},"featured_media":9161,"comment_status":"closed","ping_status":"closed","template":"","meta":[],"product_brand":[],"product_cat":[106],"product_tag":[],"class_list":{"0":"post-12636","1":"product","2":"type-product","3":"status-publish","4":"has-post-thumbnail","6":"product_cat-sin-categoria","8":"first","9":"instock","10":"shipping-taxable","11":"purchasable","12":"product-type-variable"},"aioseo_notices":[],"_links":{"self":[{"href":"https:\/\/comprarseguidores.io\/es\/wp-json\/wp\/v2\/product\/12636","targetHints":{"allow":["GET"]}}],"collection":[{"href":"https:\/\/comprarseguidores.io\/es\/wp-json\/wp\/v2\/product"}],"about":[{"href":"https:\/\/comprarseguidores.io\/es\/wp-json\/wp\/v2\/types\/product"}],"replies":[{"embeddable":true,"href":"https:\/\/comprarseguidores.io\/es\/wp-json\/wp\/v2\/comments?post=12636"}],"version-history":[{"count":1,"href":"https:\/\/comprarseguidores.io\/es\/wp-json\/wp\/v2\/product\/12636\/revisions"}],"predecessor-version":[{"id":12643,"href":"https:\/\/comprarseguidores.io\/es\/wp-json\/wp\/v2\/product\/12636\/revisions\/12643"}],"wp:featuredmedia":[{"embeddable":true,"href":"https:\/\/comprarseguidores.io\/es\/wp-json\/wp\/v2\/media\/9161"}],"wp:attachment":[{"href":"https:\/\/comprarseguidores.io\/es\/wp-json\/wp\/v2\/media?parent=12636"}],"wp:term":[{"taxonomy":"product_brand","embeddable":true,"href":"https:\/\/comprarseguidores.io\/es\/wp-json\/wp\/v2\/product_brand?post=12636"},{"taxonomy":"product_cat","embeddable":true,"href":"https:\/\/comprarseguidores.io\/es\/wp-json\/wp\/v2\/product_cat?post=12636"},{"taxonomy":"product_tag","embeddable":true,"href":"https:\/\/comprarseguidores.io\/es\/wp-json\/wp\/v2\/product_tag?post=12636"}],"curies":[{"name":"wp","href":"https:\/\/api.w.org\/{rel}","templated":true}]}}