{"id":12644,"date":"2024-06-18T11:45:46","date_gmt":"2024-06-18T11:45:46","guid":{"rendered":"https:\/\/comprarseguidores.io\/product\/comprar-comentarios-de-facebook\/"},"modified":"2025-04-06T12:08:12","modified_gmt":"2025-04-06T12:08:12","slug":"comprar-comentarios-de-facebook","status":"publish","type":"product","link":"https:\/\/comprarseguidores.io\/es\/product\/comprar-comentarios-de-facebook\/","title":{"rendered":"Comprar comentarios de Facebook"},"content":{"rendered":"\n<h2 class=\"wp-block-heading\">Comprar comentarios de Facebook<\/h2>\n\n<p>Comprar comentarios en Facebook puede mejorar significativamente tu estrategia en las redes sociales al aumentar el nivel de compromiso con tus publicaciones. Cuando tu contenido recibe un gran n\u00famero de comentarios, esto indica al algoritmo de Facebook que tu publicaci\u00f3n es relevante y merece ser mostrada a un p\u00fablico m\u00e1s amplio. <\/p>\n\n<p>Este aumento del compromiso puede mejorar la visibilidad de tus publicaciones y atraer m\u00e1s interacciones org\u00e1nicas de otros usuarios, que se dar\u00e1n cuenta de las discusiones activas bajo tu contenido. Adem\u00e1s, una secci\u00f3n de comentarios vibrante puede aumentar la popularidad y credibilidad percibidas de tu p\u00e1gina, animando a m\u00e1s usuarios a que les gusten, comenten y compartan tus publicaciones, ampliando tu alcance e influencia en la plataforma. <\/p>\n\n<h2 class=\"wp-block-heading\">Comprar Comentarios aleatorios en Facebook<\/h2>\n\n<p>Aumenta el engagement de tus publicaciones con nuestro paquete de comentarios aleatorios en Facebook. Este servicio ofrece comentarios variados y espont\u00e1neos de cuentas reales, haciendo que tu contenido sea m\u00e1s popular y fomentando m\u00e1s interacciones. Mejora r\u00e1pidamente tu presencia en las redes sociales con un compromiso aut\u00e9ntico.  <\/p>\n\n<h2 class=\"wp-block-heading\">Comprar rese\u00f1as personalizadas en portugu\u00e9s<\/h2>\n\n<p>Personaliza tu compromiso con nuestro paquete de comentarios personalizados en portugu\u00e9s. Recibe comentarios especialmente redactados para adaptarse a tu contenido y a tu audiencia, garantizando una interacci\u00f3n natural y relevante. Este servicio te ayuda a conectar m\u00e1s eficazmente con los seguidores de habla portuguesa, aumentando la autenticidad y el atractivo de tus publicaciones.  <\/p>\n\n<p><strong>Aumentando estrat\u00e9gicamente tus seguidores, me gusta, amigos y comentarios, puedes mejorar tus m\u00e9tricas de Facebook y conseguir una mayor visibilidad en los feeds de los usuarios.<\/strong><\/p>\n\n<h2 class=\"wp-block-heading\">\u00bfCu\u00e1les son las ventajas de comprar comentarios en Facebook?<\/h2>\n\n<p>Comprar comentarios en Facebook puede mejorar significativamente tu estrategia en las redes sociales, ya que ofrece varias ventajas esenciales:<\/p>\n\n<ol class=\"wp-block-list\">\n<li><strong>Mayor compromiso<\/strong><br\/>Los comentarios comprados pueden iniciar un ciclo de interacciones m\u00e1s intensas, atrayendo m\u00e1s me gusta, comentarios y compartidos org\u00e1nicos, aumentando la actividad y visibilidad de tus publicaciones.<br\/><\/li>\n\n\n\n<li><strong>Mayor alcance<\/strong><br\/>Una secci\u00f3n de comentarios activa indica <a href=\"https:\/\/blog.hootsuite.com\/facebook-algorithm\/#:~:text=The%20Facebook%20algorithm%20is%20a%20set%20of%20rules%20that%20rank,ad%2C%20Story%2C%20and%20Reel.\">al algoritmo de Facebook<\/a> que tu contenido es atractivo, lo que aumenta la distribuci\u00f3n y llega a un p\u00fablico m\u00e1s amplio.<br\/><\/li>\n\n\n\n<li><strong>Autenticidad y popularidad<\/strong><br\/>Los comentarios contribuyen a la prueba social de tus publicaciones, haci\u00e9ndolas m\u00e1s cre\u00edbles y populares, atrayendo a m\u00e1s usuarios y seguidores interesados en interacciones genuinas.<br\/><\/li>\n\n\n\n<li><strong>Conversaciones din\u00e1micas<\/strong><br\/>Los comentarios de compra pueden estimular las conversaciones, destacando tu contenido y aumentando el inter\u00e9s y la participaci\u00f3n de los usuarios.<br\/><\/li>\n\n\n\n<li><strong>Control narrativo<\/strong><br\/>Con los comentarios dirigidos, puedes orientar los debates para que se ajusten mejor a tus objetivos de marketing, ayudando a enfatizar determinados mensajes o temas en tus publicaciones.<\/li>\n<\/ol>\n\n<p>Estas ventajas te ayudan a ampliar tu alcance y a mejorar la eficacia de tu presencia en Facebook, lo que se traduce en un mayor crecimiento de la audiencia y un mayor compromiso.<\/p>\n\n<h2 class=\"wp-block-heading\">\u00bfEs seguro comprar comentarios en Facebook?<\/h2>\n\n<p>S\u00ed, comprar comentarios en Facebook puede ser seguro si se adquieren en sitios aut\u00e9nticos y fiables. Estas plataformas se aseguran de seguir las directrices de Facebook, proporcionando comentarios de forma que se mantenga la integridad y seguridad de tu cuenta. Es esencial elegir proveedores que utilicen m\u00e9todos leg\u00edtimos para evitar posibles problemas con las normas de Facebook.  <\/p>\n\n<figure class=\"wp-block-image size-full\"><img decoding=\"async\" src=\"https:\/\/follower-kaufen.io\/wp-content\/uploads\/2024\/07\/Facebook-Kommentare-kaufen.png\" alt=\"Comprar comentarios de Facebook\" class=\"wp-image-8948\"\/><figcaption class=\"wp-element-caption\">Comprar comentarios de Facebook<\/figcaption><\/figure>\n\n<h2 class=\"wp-block-heading\">\u00bfC\u00f3mo comprar comentarios en Facebook?<\/h2>\n\n<p>Comprar comentarios en Facebook es un proceso sencillo y r\u00e1pido. S\u00f3lo tienes que introducir la URL de tu post en el campo designado en el sitio web del proveedor de servicios. A continuaci\u00f3n, elige el n\u00famero de comentarios que deseas a\u00f1adir a tu post y aj\u00fastalo seg\u00fan tus necesidades espec\u00edficas.  <\/p>\n\n<p>Una vez finalizado tu pedido, el servicio suele ponerse en marcha en pocas horas, y ver\u00e1s comentarios en tu publicaci\u00f3n casi de inmediato. Este pr\u00e1ctico m\u00e9todo te permite aumentar el engagement de tus contenidos sin grandes esfuerzos. <\/p>\n\n<ol class=\"wp-block-list\">\n<li>Introduce la URL de tu publicaci\u00f3n de Facebook en el campo correspondiente.<\/li>\n\n\n\n<li>Elige el n\u00famero de comentarios que quieres comprar.<\/li>\n\n\n\n<li>Finaliza la transacci\u00f3n y completa tu pedido.<\/li>\n\n\n\n<li>El servicio suele empezar en pocas horas.<\/li>\n\n\n\n<li>Ver\u00e1s que los comentarios aparecen en tu entrada casi inmediatamente.<\/li>\n<\/ol>\n\n<h2 class=\"wp-block-heading\">\u00bfCu\u00e1nto cuestan 1000 comentarios en Facebook?<\/h2>\n\n<p>El coste de 1000 comentarios en Facebook puede variar considerablemente, dependiendo de varios factores, como la calidad de los comentarios, si son personalizados o aleatorios y si se compran en sitios de confianza.<\/p>\n\n<p>Generalmente, los comentarios personalizados y de alta calidad ofrecidos por proveedores fiables son m\u00e1s caros, ya que a\u00f1aden mayor valor en t\u00e9rminos de autenticidad y compromiso. Es esencial elegir servicios que cumplan las directrices de Facebook para garantizar la seguridad y la eficacia, lo que tambi\u00e9n puede influir en el precio. <\/p>\n\n<h2 class=\"wp-block-heading\">\u00bfC\u00f3mo puedo conseguir m\u00e1s comentarios en Facebook?<\/h2>\n\n<p>Para conseguir m\u00e1s comentarios de forma org\u00e1nica en Facebook, prueba las siguientes estrategias:<\/p>\n\n<ol class=\"wp-block-list\">\n<li><strong>Publica contenido interactivo<\/strong>: Comparte preguntas, encuestas o temas que fomenten el debate.<\/li>\n\n\n\n<li><strong>Responder a los comentarios<\/strong>: Interact\u00faa activamente con los usuarios respondiendo a los comentarios para prolongar la conversaci\u00f3n.<\/li>\n\n\n\n<li><strong>Utiliza llamadas a la acci\u00f3n<\/strong>: Pide directamente a los usuarios que comenten, por ejemplo: \"\u00a1Comenta tu opini\u00f3n a continuaci\u00f3n!\".<\/li>\n\n\n\n<li><strong>Publica a las horas adecuadas<\/strong>: Comparte publicaciones a las horas en que tu audiencia est\u00e1 m\u00e1s activa. Utiliza Facebook Insights para encontrar las horas ideales. <\/li>\n\n\n\n<li><strong>Organiza<\/strong> concursos <strong>y sorteos<\/strong>: Promueve concursos en los que los participantes tengan que comentar para participar, aumentando as\u00ed la participaci\u00f3n.<\/li>\n\n\n\n<li><strong>Utiliza Facebook Live<\/strong>: Las emisiones en directo suelen atraer m\u00e1s comentarios, ya que fomentan la interacci\u00f3n en tiempo real.<\/li>\n\n\n\n<li><strong>Colabora con personas infl<\/strong>uyentes: La colaboraci\u00f3n con personas influyentes o marcas puede ampliar tu alcance y atraer m\u00e1s comentarios de su audiencia.<\/li>\n<\/ol>\n\n<p>Estas estrategias pueden aumentar significativamente la participaci\u00f3n y el n\u00famero de comentarios en tus publicaciones de Facebook.<\/p>\n\n<h2 class=\"wp-block-heading\">\u00bfPor qu\u00e9 comprarseguidores.io es el mejor sitio para comprar comentarios de Facebook?<\/h2>\n\n<p>comprarseguidores.io es reconocido por su servicio fiable y de alta calidad para aumentar los comentarios en Facebook. Siguiendo estrictamente las directrices de Facebook, el servicio garantiza que todas las interacciones sean aut\u00e9nticas y activas, protegiendo tu cuenta de posibles problemas. Las mejoras notables en la participaci\u00f3n y el n\u00famero de comentarios suelen verse en pocas horas.  <\/p>\n\n<p>Adem\u00e1s, comprarseguidores.io destaca por su excelente servicio de atenci\u00f3n al cliente, que ofrece un soporte r\u00e1pido y eficaz para resolver dudas y problemas. La plataforma ofrece varios paquetes adaptables a diferentes necesidades y presupuestos, garantizando transacciones seguras que protegen tu informaci\u00f3n personal y financiera. En general, comprarseguidores.io ofrece un servicio fiable y eficaz para potenciar tu presencia en Facebook.  <\/p>\n\n<h2 class=\"wp-block-heading\">comprarseguidores.io ofrece los siguientes paquetes de comentarios de Facebook:<\/h2>\n\n<ul class=\"wp-block-list\">\n<li>10 comentarios en Facebook<\/li>\n\n\n\n<li>15 comentarios en Facebook<\/li>\n\n\n\n<li>20 comentarios en Facebook<\/li>\n\n\n\n<li>25 comentarios en Facebook<\/li>\n\n\n\n<li>30 comentarios en Facebook<\/li>\n<\/ul>\n\n<h2 class=\"wp-block-heading\">PREGUNTAS FRECUENTES<\/h2>\n\n<div data-schema-only=\"false\" class=\"wp-block-aioseo-faq\"><h3 class=\"aioseo-faq-block-question\">Quanto tempo leva para ver os resultados?<\/h3><div class=\"aioseo-faq-block-answer\">\n<p>Ver\u00e1s los resultados casi inmediatamente despu\u00e9s de que se haya procesado tu pedido, normalmente en unas pocas horas.<\/p>\n<\/div><\/div>\n\n<div data-schema-only=\"false\" class=\"wp-block-aioseo-faq\"><h3 class=\"aioseo-faq-block-question\">Por que comprar coment\u00e1rios no Facebook?<\/h3><div class=\"aioseo-faq-block-answer\">\n<p>Comprar comentarios en Facebook puede aumentar la visibilidad y credibilidad de tu p\u00e1gina, haciendo que tus publicaciones sean m\u00e1s populares y atrayendo m\u00e1s participaci\u00f3n org\u00e1nica. Esta mayor actividad puede ampliar tu alcance e influencia en la plataforma. <\/p>\n<\/div><\/div>\n\n<div data-schema-only=\"false\" class=\"wp-block-aioseo-faq\"><h3 class=\"aioseo-faq-block-question\">Esses coment\u00e1rios no Facebook s\u00e3o reais?<\/h3><div class=\"aioseo-faq-block-answer\">\n<p>S\u00ed, se trata de comentarios reales de Facebook realizados por usuarios activos.<\/p>\n<\/div><\/div>\n\n<div data-schema-only=\"false\" class=\"wp-block-aioseo-faq\"><h3 class=\"aioseo-faq-block-question\">Quais benef\u00edcios posso esperar ao comprar coment\u00e1rios no Facebook?<\/h3><div class=\"aioseo-faq-block-answer\">\n<p>Comprar comentarios puede aumentar el compromiso y la visibilidad de tus publicaciones, haciendo que el algoritmo de Facebook muestre tu contenido a un p\u00fablico m\u00e1s amplio debido a la intensificaci\u00f3n de las interacciones. Esta actividad no s\u00f3lo mejora la credibilidad y la prueba social, haciendo que tus publicaciones sean m\u00e1s populares y dignas de confianza, sino que tambi\u00e9n fomenta m\u00e1s debates org\u00e1nicos y aumenta el compromiso general. <\/p>\n<\/div><\/div>\n\n<div data-schema-only=\"false\" class=\"wp-block-aioseo-faq\"><h3 class=\"aioseo-faq-block-question\">A compra de coment\u00e1rios \u00e9 uma pr\u00e1tica comum?<\/h3><div class=\"aioseo-faq-block-answer\">\n<p>S\u00ed, la compra de comentarios en Facebook es muy utilizada por vendedores y usuarios que quieren aumentar r\u00e1pidamente el compromiso y la visibilidad de sus publicaciones para atraer m\u00e1s interacciones org\u00e1nicas.<\/p>\n<\/div><\/div>\n\n<div data-schema-only=\"false\" class=\"wp-block-aioseo-faq\"><h3 class=\"aioseo-faq-block-question\">Uma grande quantidade de coment\u00e1rios pode aumentar o engajamento org\u00e2nico?<\/h3><div class=\"aioseo-faq-block-answer\">\n<p>S\u00ed, en Facebook, un gran n\u00famero de comentarios puede aumentar la participaci\u00f3n org\u00e1nica. Las publicaciones con muchos comentarios tienden a ser mostradas a m\u00e1s usuarios por el algoritmo de Facebook, lo que se traduce en m\u00e1s me gusta, comparticiones y nuevos comentarios. <\/p>\n<\/div><\/div>\n\n<div data-schema-only=\"false\" class=\"wp-block-aioseo-faq\"><h3 class=\"aioseo-faq-block-question\">\u00c9 poss\u00edvel ser banido por comprar coment\u00e1rios no Facebook?<\/h3><div class=\"aioseo-faq-block-answer\">\n<p>No, comprar comentarios de Facebook en sitios fiables y reputados no suele conllevar ning\u00fan castigo. Estos proveedores siguen las directrices de Facebook y ofrecen servicios que garantizan la seguridad e integridad de tu cuenta. <\/p>\n<\/div><\/div>\n\n<div data-schema-only=\"false\" class=\"wp-block-aioseo-faq\"><h3 class=\"aioseo-faq-block-question\">Quantos coment\u00e1rios no Facebook devo comprar?<\/h3><div class=\"aioseo-faq-block-answer\">\n<p>El n\u00famero de comentarios que debes comprar depende de tus objetivos. Para un alto nivel de compromiso, se recomienda un mayor n\u00famero de comentarios; para interacciones m\u00e1s sutiles, puede bastar con un n\u00famero menor. Ajusta la cantidad en funci\u00f3n de tu estrategia de compromiso.  <\/p>\n<\/div><\/div>\n\n<div data-schema-only=\"false\" class=\"wp-block-aioseo-faq\"><h3 class=\"aioseo-faq-block-question\">O que fazer se meu pedido n\u00e3o for entregue?<\/h3><div class=\"aioseo-faq-block-answer\">\n<p>Si tu pedido no se entrega, comprueba la confirmaci\u00f3n del pedido y los detalles del pago para asegurarte de que todo es correcto. A continuaci\u00f3n, ponte en contacto con el servicio de atenci\u00f3n al cliente con los datos de tu pedido para resolver el problema. Deber\u00edan poder ayudarte y ofrecerte una soluci\u00f3n.  <\/p>\n<\/div><\/div>\n\n<div data-schema-only=\"false\" class=\"wp-block-aioseo-faq\"><h3 class=\"aioseo-faq-block-question\">Quais m\u00e9todos de pagamento voc\u00eas oferecem?<\/h3><div class=\"aioseo-faq-block-answer\">\n<p>Ofrecemos diversos m\u00e9todos de pago, como tarjetas de cr\u00e9dito, PayPal y, en algunos casos, criptomonedas. Esta diversidad te permite elegir la opci\u00f3n m\u00e1s conveniente para tus transacciones. <\/p>\n<\/div><\/div>\n","protected":false},"excerpt":{"rendered":"<p>\u2713 Comentarios personalizados de Facebook<br \/>\n\u2713 \u00a1Relevantes para tu anuncio o publicaci\u00f3n!<br \/>\n\u2713 Tiempo de procesamiento: 24 horas<br \/>\n\u2713 \u00a1Tambi\u00e9n puedes proporcionar comentarios o instrucciones en el campo de comentarios durante el proceso de pago!<\/p>\n","protected":false},"featured_media":7215,"comment_status":"closed","ping_status":"closed","template":"","meta":[],"product_brand":[],"product_cat":[106],"product_tag":[],"class_list":{"0":"post-12644","1":"product","2":"type-product","3":"status-publish","4":"has-post-thumbnail","6":"product_cat-sin-categoria","8":"first","9":"instock","10":"shipping-taxable","11":"purchasable","12":"product-type-variable"},"aioseo_notices":[],"_links":{"self":[{"href":"https:\/\/comprarseguidores.io\/es\/wp-json\/wp\/v2\/product\/12644","targetHints":{"allow":["GET"]}}],"collection":[{"href":"https:\/\/comprarseguidores.io\/es\/wp-json\/wp\/v2\/product"}],"about":[{"href":"https:\/\/comprarseguidores.io\/es\/wp-json\/wp\/v2\/types\/product"}],"replies":[{"embeddable":true,"href":"https:\/\/comprarseguidores.io\/es\/wp-json\/wp\/v2\/comments?post=12644"}],"version-history":[{"count":1,"href":"https:\/\/comprarseguidores.io\/es\/wp-json\/wp\/v2\/product\/12644\/revisions"}],"predecessor-version":[{"id":12655,"href":"https:\/\/comprarseguidores.io\/es\/wp-json\/wp\/v2\/product\/12644\/revisions\/12655"}],"wp:featuredmedia":[{"embeddable":true,"href":"https:\/\/comprarseguidores.io\/es\/wp-json\/wp\/v2\/media\/7215"}],"wp:attachment":[{"href":"https:\/\/comprarseguidores.io\/es\/wp-json\/wp\/v2\/media?parent=12644"}],"wp:term":[{"taxonomy":"product_brand","embeddable":true,"href":"https:\/\/comprarseguidores.io\/es\/wp-json\/wp\/v2\/product_brand?post=12644"},{"taxonomy":"product_cat","embeddable":true,"href":"https:\/\/comprarseguidores.io\/es\/wp-json\/wp\/v2\/product_cat?post=12644"},{"taxonomy":"product_tag","embeddable":true,"href":"https:\/\/comprarseguidores.io\/es\/wp-json\/wp\/v2\/product_tag?post=12644"}],"curies":[{"name":"wp","href":"https:\/\/api.w.org\/{rel}","templated":true}]}}