{"id":12672,"date":"2024-06-18T13:21:51","date_gmt":"2024-06-18T13:21:51","guid":{"rendered":"https:\/\/comprarseguidores.io\/product\/comprar-seguidores-de-twitch\/"},"modified":"2025-04-06T12:08:16","modified_gmt":"2025-04-06T12:08:16","slug":"comprar-seguidores-de-twitch","status":"publish","type":"product","link":"https:\/\/comprarseguidores.io\/es\/product\/comprar-seguidores-de-twitch\/","title":{"rendered":"Comprar seguidores de Twitch"},"content":{"rendered":"\n<h2 class=\"wp-block-heading\">Comprar seguidores de Twitch<\/h2>\n\n<p>Comprar seguidores de Twitch puede ser muy beneficioso para los streamers que quieran establecer y ampliar su presencia en la plataforma. La principal ventaja es una mayor visibilidad; tener m\u00e1s seguidores puede hacer que tu canal parezca m\u00e1s popular y digno de confianza, atrayendo tanto a espectadores ocasionales como a jugadores comprometidos. Esta popularidad percibida mejora la capacidad de descubrimiento de tu canal, aumentando sus posibilidades de aparecer en las listas de recomendados o de tendencias de Twitch, atrayendo as\u00ed espectadores org\u00e1nicos.  <\/p>\n\n<p>Adem\u00e1s, un mayor n\u00famero de seguidores puede hacer que tu canal resulte m\u00e1s atractivo para posibles patrocinadores y socios, ya que sugiere una audiencia mayor y m\u00e1s comprometida. En \u00faltima instancia, comprar seguidores puede proporcionar un impulso inicial esencial para los nuevos streamers que luchan por destacar en el competitivo mercado de Twitch o para los streamers establecidos que buscan alcanzar nuevos hitos. <\/p>\n\n<h2 class=\"wp-block-heading\">Comprar seguidores lentos de Twitch (10-12 d\u00edas)<\/h2>\n\n<p>Opta por un crecimiento m\u00e1s natural con nuestro paquete de seguidores lentos de Twitch. Este servicio proporciona seguidores gradualmente a lo largo de 10-12 d\u00edas, simulando la adquisici\u00f3n org\u00e1nica de seguidores y preservando la credibilidad de tu canal. Perfecto para streamers que quieren ampliar su audiencia de forma constante, sin llamar la atenci\u00f3n repentinamente sobre el aumento de seguidores.  <\/p>\n\n<h2 class=\"wp-block-heading\">Comprar seguidores r\u00e1pidos en Twitch (24 horas)<\/h2>\n\n<p>Aumenta inmediatamente tu presencia en Twitch con nuestro servicio de seguidores r\u00e1pidos. Este paquete est\u00e1 dise\u00f1ado para proporcionar seguidores en 24 horas, mejorando r\u00e1pidamente la visibilidad y el atractivo de tu canal. Ideal para streamers que necesitan un aumento inmediato de su n\u00famero de seguidores para aprovechar eventos o campa\u00f1as promocionales.  <\/p>\n\n<p><strong>Optimizar tu canal de Twitch con un equilibrio entre seguidores, visualizaciones, acceso a las retransmisiones en directo y participaci\u00f3n en el chat puede mejorar significativamente tus m\u00e9tricas y reforzar tu credibilidad.<\/strong><\/p>\n\n<h2 class=\"wp-block-heading\">\u00bfCu\u00e1les son las ventajas de comprar seguidores de Twitch?<\/h2>\n\n<p>Comprar seguidores en Twitch puede ofrecerte varias ventajas que ayudar\u00e1n a que tu canal crezca y sea m\u00e1s visible:<\/p>\n\n<ol class=\"wp-block-list\">\n<li><strong>Mayor visibilidad <br\/><\/strong>M\u00e1s seguidores pueden destacar tu canal de Twitch, aumentar su popularidad e incrementar las posibilidades de que sea recomendado por la plataforma, atrayendo espectadores org\u00e1nicos.<br\/><\/li>\n\n\n\n<li><strong>Mayor credibilidad <br\/><\/strong>Tener un n\u00famero significativo de seguidores muestra a los nuevos espectadores que tu canal est\u00e1 establecido y es digno de confianza, lo que fomenta la retenci\u00f3n de la audiencia y un mayor compromiso.<br\/><\/li>\n\n\n\n<li><strong>Oportunidades de patrocinio <br\/><\/strong>Una audiencia mayor puede atraer patrocinadores y asociaciones, ya que las marcas prefieren invertir en canales con una audiencia amplia y consolidada.<br\/><\/li>\n\n\n\n<li><strong>Mayor prueba social <br\/><\/strong>Tener un elevado n\u00famero de seguidores puede fomentar el crecimiento org\u00e1nico al demostrar a los seguidores potenciales que tu canal es popular y atractivo.<br\/><\/li>\n\n\n\n<li><strong>Resultados r\u00e1pidos <br\/><\/strong>Comprar seguidores proporciona un aumento inmediato de las cifras, ofreciendo una forma r\u00e1pida de reforzar la reputaci\u00f3n de tu canal y alcanzar los objetivos de crecimiento m\u00e1s r\u00e1pidamente.<br\/><\/li>\n\n\n\n<li><strong>Impulso motivacional <br\/><\/strong>El r\u00e1pido aumento de tu n\u00famero de seguidores puede servirte de incentivo para mejorar tus contenidos en streaming e interactuar m\u00e1s activamente con tu comunidad.<\/li>\n<\/ol>\n\n<p>Estos beneficios son clave para ampliar tu alcance e influencia en Twitch, sentando una base s\u00f3lida para un mayor \u00e9xito y compromiso de la audiencia.<\/p>\n\n<h2 class=\"wp-block-heading\">\u00bfEs seguro comprar seguidores en Twitch?<\/h2>\n\n<p>Comprar seguidores en Twitch es seguro si eliges sitios aut\u00e9nticos y fiables que sigan <a href=\"https:\/\/safety.twitch.tv\/s\/article\/Community-Guidelines?language=pt_BR\">las directrices de Twitch<\/a>. Estas plataformas garantizan que los seguidores son reales y se comportan de forma natural, minimizando el riesgo de infringir las normas de la plataforma. Es esencial elegir proveedores que utilicen m\u00e9todos leg\u00edtimos para conseguir seguidores, garantizando la seguridad de tu cuenta frente a posibles penalizaciones o suspensiones. Comprueba siempre la credibilidad del servicio para garantizar una transacci\u00f3n segura y ventajosa.   <\/p>\n\n<figure class=\"wp-block-image size-full\"><img decoding=\"async\" src=\"https:\/\/follower-kaufen.io\/wp-content\/uploads\/2024\/07\/Twitch-Follower-kaufen.png\" alt=\"Comprar seguidores de Twitch\" class=\"wp-image-9323\"\/><figcaption class=\"wp-element-caption\">Comprar seguidores de Twitch<\/figcaption><\/figure>\n\n<h2 class=\"wp-block-heading\"><\/h2><p>Como comprar seguidores no Twitch?<\/p>\n\n<p>Comprar seguidores en Twitch es un proceso sencillo y eficaz. S\u00f3lo tienes que visitar el sitio web de un proveedor fiable e introducir la URL de tu canal en el campo designado. A continuaci\u00f3n, elige el n\u00famero deseado de seguidores entre las opciones disponibles, de acuerdo con tus objetivos de crecimiento. Una vez que hayas hecho tu elecci\u00f3n, finaliza la compra con el pago.   <\/p>\n\n<p>La entrega de seguidores suele comenzar en pocas horas, lo que te permite ver un aumento inmediato de tu n\u00famero de seguidores. Este m\u00e9todo sencillo est\u00e1 dise\u00f1ado para mejorar r\u00e1pidamente tu presencia en Twitch, sin procedimientos complejos. <\/p>\n\n<ol class=\"wp-block-list\">\n<li>Introduce la URL de tu canal de Twitch en el campo correspondiente.  <\/li>\n\n\n\n<li>Elige cu\u00e1ntos seguidores quieres comprar de los paquetes disponibles.  <\/li>\n\n\n\n<li>Finaliza tu compra y completa el pago.  <\/li>\n\n\n\n<li>Los seguidores suelen aparecer en tu canal en pocas horas.<\/li>\n<\/ol>\n\n<h2 class=\"wp-block-heading\">\u00bfCu\u00e1nto cuestan 1000 seguidores de Twitch?<\/h2>\n\n<p>El precio de 1000 seguidores en Twitch var\u00eda entre 6 y 30 $, dependiendo de si eliges la entrega lenta o la r\u00e1pida. La entrega lenta suele ser m\u00e1s barata y a\u00f1ade seguidores gradualmente con el tiempo, lo que hace que el crecimiento sea m\u00e1s natural. La entrega r\u00e1pida proporciona seguidores casi inmediatamente, pero a un coste m\u00e1s elevado. Esta estructura de precios te permite elegir el servicio que mejor se adapte a tu presupuesto y estrategia de crecimiento.   <\/p>\n\n<h2 class=\"wp-block-heading\">\u00bfC\u00f3mo puedo conseguir m\u00e1s seguidores en Twitch?<\/h2>\n\n<p>Estas estrategias pueden ayudarte a hacer crecer tu <a href=\"https:\/\/www.twitch.tv\/\">canal de Twitch<\/a> aumentando tu visibilidad y participaci\u00f3n. Para crecer con eficacia, considera las siguientes t\u00e1cticas optimizadas: <\/p>\n\n<ul class=\"wp-block-list\">\n<li>Mant\u00e9n <strong>un horario coherente:<\/strong> emite con regularidad para mantener a tu audiencia interesada.<\/li>\n\n\n\n<li><strong>Interact\u00faa con los espectadores:<\/strong> Habla con tu audiencia durante las emisiones para crear una comunidad.<\/li>\n\n\n\n<li><strong>Mejora la calidad de la emisi\u00f3n:<\/strong> Utiliza equipos de buena calidad, con iluminaci\u00f3n adecuada, audio claro y v\u00eddeo de alta resoluci\u00f3n.<\/li>\n\n\n\n<li><strong>Corre la voz en las redes sociales:<\/strong> Comparte los momentos m\u00e1s destacados y las actualizaciones de tus emisiones.<\/li>\n\n\n\n<li><strong>Colabora con otros streamers:<\/strong> Forma asociaciones mediante incursiones y colaboraciones para llegar a nuevos p\u00fablicos.<\/li>\n\n\n\n<li><strong>Participa en comunidades de jugadores:<\/strong> Invol\u00facrate en foros y grupos afines a tu contenido.<\/li>\n\n\n\n<li><strong>Organiza sorteos:<\/strong> Anima a los espectadores a seguir tu canal organizando sorteos dentro de las directrices de Twitch.<\/li>\n\n\n\n<li><strong>Emite en horas punta:<\/strong> Elige las horas en las que tu p\u00fablico objetivo est\u00e9 m\u00e1s activo.<\/li>\n\n\n\n<li><strong>Invierte en anuncios en Twitch:<\/strong> Si es posible, utiliza anuncios de pago para ampliar tu alcance.<\/li>\n\n\n\n<li><strong>Destaca tu diferencial:<\/strong> Muestra lo que hace que tus emisiones sean \u00fanicas para atraer a m\u00e1s seguidores.<\/li>\n<\/ul>\n\n<h2 class=\"wp-block-heading\">\u00bfPor qu\u00e9 comprarseguidores.io es el mejor sitio para comprar seguidores de Twitch?<\/h2>\n\n<p>comprarseguidores.io es ampliamente reconocido como el sitio l\u00edder para comprar seguidores de Twitch, gracias a su compromiso con la calidad y la satisfacci\u00f3n del cliente. Destacan por proporcionar seguidores de Twitch reales, garantizando que el crecimiento de tu canal se ajuste a las directrices de la plataforma y est\u00e9 libre de bots. La plataforma ofrece una entrega r\u00e1pida, que a menudo comienza a las pocas horas de la compra, lo que te permite ver r\u00e1pidamente el impacto en la visibilidad de tu canal.  <\/p>\n\n<p>Todas las transacciones en comprarseguidores.io se realizan de forma segura, utilizando medidas avanzadas para proteger tu informaci\u00f3n personal y financiera. Adem\u00e1s, el sitio cuenta con un excepcional equipo de atenci\u00f3n al cliente, preparado para resolver consultas y problemas r\u00e1pidamente. comprarseguidores.io tambi\u00e9n ofrece una variedad de paquetes personalizables que se adaptan a diferentes necesidades y presupuestos, garantizando una experiencia de compra satisfactoria. Este compromiso con la calidad y la fiabilidad hace de comprarseguidores.io una opci\u00f3n ideal para los streamers que quieran aumentar su presencia en Twitch de forma eficaz y segura.   <\/p>\n\n<h2 class=\"wp-block-heading\">comprarseguidores.io ofrece los siguientes paquetes de seguidores de Twitch:<\/h2>\n\n<ul class=\"wp-block-list\">\n<li>20 seguidores en Twitch<\/li>\n\n\n\n<li>50 seguidores en Twitch<\/li>\n\n\n\n<li>100 seguidores en Twitch<\/li>\n\n\n\n<li>250 seguidores en Twitch<\/li>\n\n\n\n<li>500 seguidores en Twitch<\/li>\n\n\n\n<li>1000 seguidores en Twitch<\/li>\n\n\n\n<li>2500 seguidores en Twitch<\/li>\n\n\n\n<li>5000 seguidores en Twitch<\/li>\n<\/ul>\n\n<h2 class=\"wp-block-heading\">PREGUNTAS FRECUENTES<\/h2>\n\n<div data-schema-only=\"false\" class=\"wp-block-aioseo-faq\"><h3 class=\"aioseo-faq-block-question\">\u00c9 poss\u00edvel ser banido por comprar seguidores no Twitch?<\/h3><div class=\"aioseo-faq-block-answer\">\n<p>Comprar seguidores en Twitch, cuando se hace a trav\u00e9s de fuentes fiables que siguen las directrices de la plataforma, es generalmente seguro y no deber\u00eda provocar el bloqueo de la cuenta. Elegir proveedores fiables garantiza que los seguidores sean reales y activos, de acuerdo con las normas \u00e9ticas de Twitch. <\/p>\n<\/div><\/div>\n\n<div data-schema-only=\"false\" class=\"wp-block-aioseo-faq\"><h3 class=\"aioseo-faq-block-question\">Uma grande quantidade de seguidores pode aumentar o engajamento org\u00e2nico?<\/h3><div class=\"aioseo-faq-block-answer\">\n<p>S\u00ed, en Twitch, un elevado n\u00famero de seguidores puede aumentar el compromiso org\u00e1nico, ya que mejora la visibilidad del canal y atrae a m\u00e1s espectadores. Esto puede llevar a una participaci\u00f3n m\u00e1s activa y a una mayor interacci\u00f3n dentro de la comunidad. <\/p>\n<\/div><\/div>\n\n<div data-schema-only=\"false\" class=\"wp-block-aioseo-faq\"><h3 class=\"aioseo-faq-block-question\">Esses seguidores no Twitch s\u00e3o reais?<\/h3><div class=\"aioseo-faq-block-answer\">\n<p>S\u00ed, se trata de seguidores reales de Twitch, de cuentas aut\u00e9nticas y activas.<\/p>\n<\/div><\/div>\n\n<div data-schema-only=\"false\" class=\"wp-block-aioseo-faq\"><h3 class=\"aioseo-faq-block-question\">Por que comprar seguidores no Twitch?<\/h3><div class=\"aioseo-faq-block-answer\">\n<p>Comprar seguidores en Twitch puede aumentar significativamente la visibilidad y credibilidad de tu canal, fomentando un mayor compromiso org\u00e1nico y haciendo que tu perfil sea m\u00e1s atractivo para posibles anunciantes. Esta estrategia es especialmente beneficiosa para los nuevos canales que quieren crecer r\u00e1pidamente. <\/p>\n<\/div><\/div>\n\n<div data-schema-only=\"false\" class=\"wp-block-aioseo-faq\"><h3 class=\"aioseo-faq-block-question\">Quais benef\u00edcios posso esperar ao comprar seguidores no Twitch?<\/h3><div class=\"aioseo-faq-block-answer\">\n<p>Comprar seguidores en Twitch puede mejorar la visibilidad y credibilidad de tu canal, aumentar la participaci\u00f3n y hacerlo m\u00e1s atractivo para posibles patrocinadores. Aumentar el n\u00famero de seguidores tambi\u00e9n puede mejorar tu posici\u00f3n en el algoritmo de recomendaci\u00f3n de Twitch, impulsando el crecimiento org\u00e1nico y creando nuevas oportunidades de monetizaci\u00f3n. <\/p>\n<\/div><\/div>\n\n<div data-schema-only=\"false\" class=\"wp-block-aioseo-faq\"><h3 class=\"aioseo-faq-block-question\">Quanto tempo leva para ver os resultados?<\/h3><div class=\"aioseo-faq-block-answer\">\n<p>Los resultados aparecen casi inmediatamente despu\u00e9s de procesar tu pedido, normalmente en unas pocas horas.<\/p>\n<\/div><\/div>\n\n<div data-schema-only=\"false\" class=\"wp-block-aioseo-faq\"><h3 class=\"aioseo-faq-block-question\">A compra de seguidores \u00e9 uma pr\u00e1tica comum?<\/h3><div class=\"aioseo-faq-block-answer\">\n<p>S\u00ed, comprar seguidores es una pr\u00e1ctica habitual en Twitch, especialmente entre los canales nuevos y peque\u00f1os que quieren construir r\u00e1pidamente una base inicial de espectadores. Esta estrategia suele utilizarse para aumentar la percepci\u00f3n de popularidad y credibilidad, lo que puede ayudar a atraer espectadores org\u00e1nicos y posibles patrocinadores de forma m\u00e1s eficaz. <\/p>\n<\/div><\/div>\n\n<div data-schema-only=\"false\" class=\"wp-block-aioseo-faq\"><h3 class=\"aioseo-faq-block-question\">Quantos seguidores no Twitch devo comprar?<\/h3><div class=\"aioseo-faq-block-answer\">\n<p>El n\u00famero de seguidores que compres debe estar en consonancia con tus objetivos: compra m\u00e1s seguidores para una visibilidad r\u00e1pida o menos para un crecimiento gradual y org\u00e1nico. Elige en funci\u00f3n de los objetivos de tu canal. <\/p>\n<\/div><\/div>\n\n<div data-schema-only=\"false\" class=\"wp-block-aioseo-faq\"><h3 class=\"aioseo-faq-block-question\">O que fazer se meu pedido n\u00e3o for entregue?<\/h3><div class=\"aioseo-faq-block-answer\">\n<p>Si tu pedido no se entrega, comprueba la confirmaci\u00f3n del pedido y los detalles del pago para asegurarte de que todo es correcto. A continuaci\u00f3n, ponte en contacto con el servicio de atenci\u00f3n al cliente con los datos de tu pedido para resolver el problema. Deber\u00edan poder ayudarte y ofrecerte una soluci\u00f3n.  <\/p>\n<\/div><\/div>\n\n<div data-schema-only=\"false\" class=\"wp-block-aioseo-faq\"><h3 class=\"aioseo-faq-block-question\">Quais m\u00e9todos de pagamento voc\u00eas oferecem?<\/h3><div class=\"aioseo-faq-block-answer\">\n<p>Ofrecemos diversos m\u00e9todos de pago, como tarjetas de cr\u00e9dito, PayPal y, en algunos casos, criptomonedas. Esta diversidad te permite elegir la opci\u00f3n m\u00e1s conveniente para tus transacciones. <\/p>\n<\/div><\/div>\n","protected":false},"excerpt":{"rendered":"<p><strong>\ud83d\udd25 \u00a1Aumenta tu presencia en Twitch hoy mismo!<\/strong><\/p>\n<p>Elige el paquete perfecto para alcanzar tus objetivos de streaming y observa c\u00f3mo crece tu audiencia de forma segura. Lo que te ofrecemos: <\/p>\n<p><strong>\u2713 Seguidores reales en Twitch<\/strong><br \/>\n<strong>Inicio de la entrega: 0-6 horas<\/strong><br \/>\n<strong>100% sin riesgo<\/strong><br \/>\n<strong>Opciones de pago seguras<\/strong><br \/>\n<strong>Elige entre seguidores de bajo coste y de alta calidad<\/strong><br \/>\n<strong>\u2713 Garant\u00eda de por vida<\/strong><br \/>\n<strong>Atenci\u00f3n al cliente 24 horas al d\u00eda, 7 d\u00edas a la semana<\/strong><\/p>\n","protected":false},"featured_media":9401,"comment_status":"closed","ping_status":"closed","template":"","meta":[],"product_brand":[],"product_cat":[106],"product_tag":[],"class_list":{"0":"post-12672","1":"product","2":"type-product","3":"status-publish","4":"has-post-thumbnail","6":"product_cat-sin-categoria","8":"first","9":"instock","10":"shipping-taxable","11":"purchasable","12":"product-type-variable"},"aioseo_notices":[],"_links":{"self":[{"href":"https:\/\/comprarseguidores.io\/es\/wp-json\/wp\/v2\/product\/12672","targetHints":{"allow":["GET"]}}],"collection":[{"href":"https:\/\/comprarseguidores.io\/es\/wp-json\/wp\/v2\/product"}],"about":[{"href":"https:\/\/comprarseguidores.io\/es\/wp-json\/wp\/v2\/types\/product"}],"replies":[{"embeddable":true,"href":"https:\/\/comprarseguidores.io\/es\/wp-json\/wp\/v2\/comments?post=12672"}],"version-history":[{"count":1,"href":"https:\/\/comprarseguidores.io\/es\/wp-json\/wp\/v2\/product\/12672\/revisions"}],"predecessor-version":[{"id":12720,"href":"https:\/\/comprarseguidores.io\/es\/wp-json\/wp\/v2\/product\/12672\/revisions\/12720"}],"wp:featuredmedia":[{"embeddable":true,"href":"https:\/\/comprarseguidores.io\/es\/wp-json\/wp\/v2\/media\/9401"}],"wp:attachment":[{"href":"https:\/\/comprarseguidores.io\/es\/wp-json\/wp\/v2\/media?parent=12672"}],"wp:term":[{"taxonomy":"product_brand","embeddable":true,"href":"https:\/\/comprarseguidores.io\/es\/wp-json\/wp\/v2\/product_brand?post=12672"},{"taxonomy":"product_cat","embeddable":true,"href":"https:\/\/comprarseguidores.io\/es\/wp-json\/wp\/v2\/product_cat?post=12672"},{"taxonomy":"product_tag","embeddable":true,"href":"https:\/\/comprarseguidores.io\/es\/wp-json\/wp\/v2\/product_tag?post=12672"}],"curies":[{"name":"wp","href":"https:\/\/api.w.org\/{rel}","templated":true}]}}