{"id":12692,"date":"2024-06-19T10:45:35","date_gmt":"2024-06-19T10:45:35","guid":{"rendered":"https:\/\/comprarseguidores.io\/product\/comprar-una-revision-de-provenexpert\/"},"modified":"2025-04-06T12:08:16","modified_gmt":"2025-04-06T12:08:16","slug":"comprar-una-revision-de-provenexpert","status":"publish","type":"product","link":"https:\/\/comprarseguidores.io\/es\/product\/comprar-una-revision-de-provenexpert\/","title":{"rendered":"Comprar una revisi\u00f3n de ProvenExpert"},"content":{"rendered":"\n<h2 class=\"wp-block-heading\">Comprar Opiniones en ProvenExpert<\/h2>\n\n<p>Comprar opiniones para plataformas como ProvenExpert puede parecer una forma r\u00e1pida de aumentar la credibilidad de tu negocio y atraer a m\u00e1s clientes. Los beneficios percibidos pueden incluir una mejora inmediata de la reputaci\u00f3n online, haciendo que tus servicios o productos parezcan m\u00e1s fiables y bien aceptados por los consumidores. <\/p>\n\n<p>Adem\u00e1s, un mayor n\u00famero de opiniones positivas puede mejorar el posicionamiento en los motores de b\u00fasqueda y aumentar la visibilidad de tu empresa. Esto puede animar a m\u00e1s clientes potenciales a confiar en tu empresa, debido a la aparente satisfacci\u00f3n de los consumidores y al elevado volumen de opiniones positivas. Sin embargo, es importante recordar que esta pr\u00e1ctica puede infringir las condiciones de uso de la mayor\u00eda de las plataformas de rese\u00f1as y, si se descubre, podr\u00eda da\u00f1ar la credibilidad de tu empresa y la confianza de los clientes.  <\/p>\n\n<h2 class=\"wp-block-heading\">Comprar 5 Estrellas + Business ProvenExpert (en alem\u00e1n)<\/h2>\n\n<p>Mejora el perfil de tu empresa con el paquete \"Valoraci\u00f3n de 5 estrellas + ProvenExpert empresarial (en alem\u00e1n)\". Esta opci\u00f3n est\u00e1 dise\u00f1ada para mejorar r\u00e1pidamente tu presencia online a\u00f1adiendo valoraciones de cinco estrellas de alta calidad a tu perfil de ProvenExpert. Ideal para empresas que desean mejorar su reputaci\u00f3n, atraer a m\u00e1s clientes y establecer una presencia en l\u00ednea s\u00f3lida y fiable. Aumenta la visibilidad y credibilidad de tu empresa con este paquete de rese\u00f1as personalizadas.   <\/p>\n\n<p><strong>Aumenta tu visibilidad y credibilidad en Trustpilot, ProvenExpert, Facebook, Fiverr y ScamAdvisor con nuestros servicios de rese\u00f1as personalizadas, dise\u00f1ados para mejorar tu reputaci\u00f3n y atraer a m\u00e1s clientes en diversas plataformas.<\/strong><\/p>\n\n<h2 class=\"wp-block-heading\">\u00bfCu\u00e1les son las ventajas de comprar opiniones en ProvenExpert?<\/h2>\n\n<p>Algunas empresas pueden considerar esta pr\u00e1ctica como una forma de garantizar distintos beneficios, entre ellos:<\/p>\n\n<ol class=\"wp-block-list\">\n<li><strong>Mayor credibilidad<br\/><\/strong>Comprar opiniones puede aumentar r\u00e1pidamente la credibilidad percibida de un negocio entre los clientes potenciales.<br\/><\/li>\n\n\n\n<li><strong>Mayor visibilidad<br\/><\/strong>Las rese\u00f1as positivas pueden mejorar el posicionamiento del perfil de tu empresa en los motores de b\u00fasqueda, aumentando el tr\u00e1fico a tu sitio web.<br\/><\/li>\n\n\n\n<li><strong>Aumento de las ventas<br\/><\/strong>Una mayor visibilidad y credibilidad pueden dar lugar a m\u00e1s consultas y, potencialmente, a un aumento del volumen de ventas.<br\/><\/li>\n\n\n\n<li><strong>Ventaja competitiva<br\/><\/strong>En sectores altamente competitivos, un mayor n\u00famero de rese\u00f1as puede ofrecer una ventaja sobre las empresas con menos rese\u00f1as.<\/li>\n<\/ol>\n\n<h2 class=\"wp-block-heading\">\u00bfEs seguro comprar opiniones en ProvenExpert?<\/h2>\n\n<p>S\u00ed, comprar opiniones en ProvenExpert puede ser seguro si utilizas un servicio fiable y leg\u00edtimo. Los proveedores serios siguen las normas legales y \u00e9ticas, proporcionando opiniones aut\u00e9nticas que no ponen en riesgo tu cuenta de <a href=\"https:\/\/help.provenexpert.com\/pt-br\/como-publicar-meu-perfil\">ProvenExpert<\/a>. Comprueba siempre la reputaci\u00f3n del proveedor y lee las opiniones de los clientes para asegurarte de su fiabilidad y sus pr\u00e1cticas transparentes.  <\/p>\n\n<figure class=\"wp-block-image size-full\"><img decoding=\"async\" src=\"https:\/\/follower-kaufen.io\/wp-content\/uploads\/2024\/07\/Comprar-avaliacao-ProvenExpert.png\" alt=\"Comprar Opiniones en ProvenExpert\" class=\"wp-image-9605\"\/><figcaption class=\"wp-element-caption\">Comprar Opiniones en ProvenExpert<\/figcaption><\/figure>\n\n<h2 class=\"wp-block-heading\">\u00bfC\u00f3mo compro opiniones en ProvenExpert?<\/h2>\n\n<p>Comprar opiniones en ProvenExpert puede ser un proceso sencillo. S\u00f3lo tienes que introducir la URL de tu perfil en el campo correspondiente, seleccionar el n\u00famero de opiniones deseado y completar tu pedido. El proceso suele iniciarse en pocas horas, y los resultados pueden verse casi de inmediato.  <\/p>\n\n<p>Esta facilidad permite a las empresas mejorar r\u00e1pidamente su perfil online y su credibilidad, atrayendo a clientes potenciales con una mayor presencia de rese\u00f1as. Sin embargo, es importante recordar que comprar opiniones infringe <a href=\"https:\/\/www.provenexpert.com\/en-us\/privacy-policy\/\">las pol\u00edticas de ProvenExpert<\/a> y puede poner en peligro la fiabilidad de tu empresa. <\/p>\n\n<ul class=\"wp-block-list\">\n<li>Introduce la URL de tu empresa en el campo correspondiente.<\/li>\n\n\n\n<li>Elige el n\u00famero de opiniones que quieres comprar.<\/li>\n\n\n\n<li>Finaliza la transacci\u00f3n y env\u00eda tu pedido.<\/li>\n\n\n\n<li>El pedido suele procesarse en unas horas.<\/li>\n\n\n\n<li>Observa los efectos de las evaluaciones casi de inmediato.<\/li>\n<\/ul>\n\n<h2 class=\"wp-block-heading\">\u00bfCu\u00e1nto cuestan 1000 opiniones en ProvenExpert?<\/h2>\n\n<p>El coste de 1000 opiniones en ProvenExpert puede variar significativamente en funci\u00f3n de varios factores, como la calidad de las opiniones, si son personalizadas o generadas aleatoriamente, y la autenticidad del proveedor de servicios. Los distintos proveedores pueden ofrecer distintos modelos de precios, en funci\u00f3n del nivel de personalizaci\u00f3n y de la credibilidad percibida de las opiniones. <\/p>\n\n<p>\u00bfC\u00f3mo consigo m\u00e1s opiniones en ProvenExpert?<br\/><br\/>Para aumentar \u00e9ticamente el n\u00famero de rese\u00f1as en tu perfil de ProvenExpert, puedes aplicar varias estrategias centradas en la interacci\u00f3n genuina con tus clientes:<br\/><br\/><strong>1. Pide opiniones a tus clientes directamente<br\/><\/strong>Despu\u00e9s de entregar tu servicio o producto, ponte en contacto con tus clientes por correo electr\u00f3nico o tel\u00e9fono y p\u00eddeles amablemente que dejen una opini\u00f3n en ProvenExpert. S\u00e9 cort\u00e9s y evita la insistencia. <br\/><br\/><strong>2. Facilita el proceso de evaluaci\u00f3n<br\/><\/strong>Incluye enlaces directos a tu p\u00e1gina de evaluaci\u00f3n de ProvenExpert en tus correos electr\u00f3nicos, boletines y sitio web. Cuanto m\u00e1s f\u00e1cil les resulte a los clientes realizar una evaluaci\u00f3n, m\u00e1s probable ser\u00e1 que lo hagan. <br\/><br\/><strong>3. Ofrece incentivos por las opiniones<br\/><\/strong>Aunque no es recomendable ofrecer incentivos por las opiniones positivas, puedes fomentar cualquier tipo de opini\u00f3n incluyendo a los clientes en sorteos u ofreciendo peque\u00f1os descuentos en futuras compras. Aseg\u00farate de que los clientes sepan que el incentivo se aplica a cualquier opini\u00f3n sincera, no s\u00f3lo a las positivas. <br\/><br\/><strong>4. Utiliza las redes sociales<br\/><\/strong>Da a conocer tu perfil de ProvenExpert en tus redes sociales y anima a tus seguidores a compartir sus experiencias a trav\u00e9s de rese\u00f1as.<br\/><br\/><strong>5. Responde a las opiniones existentes<br\/><\/strong>Demuestra que valoras las opiniones de los clientes respondiendo a todas las opiniones, ya sean positivas o negativas. Esto mejora el compromiso y anima a m\u00e1s personas a dejar sus opiniones. <br\/><br\/><strong>6. Ofrece un servicio excelente<br\/><\/strong>La forma m\u00e1s eficaz de recibir cr\u00edticas positivas es ofrecer un servicio excepcional que supere las expectativas. Los clientes satisfechos son m\u00e1s propensos a compartir sus experiencias. <\/p>\n\n<h2 class=\"wp-block-heading\">\u00bfPor qu\u00e9 comprarseguidores.io es el mejor sitio para comprar opiniones de ProvenExpert?<\/h2>\n\n<p>comprarseguidores.io es ampliamente reconocida como la mejor opci\u00f3n para comprar rese\u00f1as en ProvenExpert, y es elogiada por sus servicios fiables y de alta calidad. Esta plataforma es conocida por crear rese\u00f1as aut\u00e9nticas acordes con los servicios de tu empresa, mejorando tanto la cantidad como la calidad de tu presencia online. Ofrece opciones personalizadas que te permiten recibir opiniones adaptadas a tu nicho de mercado espec\u00edfico, mejorando significativamente la imagen de tu empresa.  <\/p>\n\n<p>Adem\u00e1s, comprarseguidores.io es conocido por su r\u00e1pido servicio, comenzando la entrega de las rese\u00f1as a las pocas horas de realizar el pedido, lo que te permite ver r\u00e1pidamente las mejoras en tu perfil de ProvenExpert. La plataforma da prioridad a las transacciones seguras, protegiendo tu informaci\u00f3n personal y financiera. Con una excelente atenci\u00f3n al cliente y varios planes flexibles que se adaptan a diferentes presupuestos, comprarseguidores.io ofrece un servicio completo para los empresarios que desean reforzar su presencia en ProvenExpert.  <\/p>\n\n<h2 class=\"wp-block-heading\"><strong>comprarseguidores.io ofrece los siguientes paquetes de evaluaci\u00f3n en ProvenExpert:<\/strong><\/h2>\n\n<ul class=\"wp-block-list\">\n<li>1 opini\u00f3n sobre ProvenExpert<\/li>\n\n\n\n<li>5 opiniones sobre ProvenExpert<\/li>\n\n\n\n<li>10 opiniones sobre ProvenExpert<\/li>\n\n\n\n<li>25 opiniones sobre ProvenExpert<\/li>\n\n\n\n<li>50 opiniones sobre ProvenExpert<\/li>\n\n\n\n<li>100 opiniones sobre ProvenExpert<\/li>\n<\/ul>\n\n<h2 class=\"wp-block-heading\">PREGUNTAS FRECUENTES<\/h2>\n\n<div data-schema-only=\"false\" class=\"wp-block-aioseo-faq\"><h3 class=\"aioseo-faq-block-question\">Quais benef\u00edcios posso esperar ao comprar avalia\u00e7\u00f5es no ProvenExpert?<\/h3><div class=\"aioseo-faq-block-answer\">\n<p>Comprar opiniones en ProvenExpert puede aumentar significativamente tu fiabilidad percibida y tu presencia online, haciendo que tu empresa parezca m\u00e1s seria y atrayendo nuevas interacciones org\u00e1nicas.<\/p>\n<\/div><\/div>\n\n<div data-schema-only=\"false\" class=\"wp-block-aioseo-faq\"><h3 class=\"aioseo-faq-block-question\">Por que comprar avalia\u00e7\u00f5es no ProvenExpert?<\/h3><div class=\"aioseo-faq-block-answer\">\n<p>Comprar opiniones en ProvenExpert puede aumentar tu credibilidad y mejorar tu visibilidad. Un mayor n\u00famero de opiniones hace que tu empresa parezca m\u00e1s autorizada, lo que atrae m\u00e1s interacciones org\u00e1nicas y refuerza tu presencia e influencia general. <\/p>\n<\/div><\/div>\n\n<div data-schema-only=\"false\" class=\"wp-block-aioseo-faq\"><h3 class=\"aioseo-faq-block-question\">Quantas avalia\u00e7\u00f5es devo comprar?<\/h3><div class=\"aioseo-faq-block-answer\">\n<p>El n\u00famero de rese\u00f1as que debes comprar depende de tus objetivos. Si quieres aumentar tu visibilidad r\u00e1pidamente, puedes optar por un n\u00famero mayor. Si buscas un crecimiento m\u00e1s gradual y un compromiso continuo, empieza con un n\u00famero menor. Elige la cantidad que mejor se adapte a tu estrategia global.   <\/p>\n<\/div><\/div>\n\n<div data-schema-only=\"false\" class=\"wp-block-aioseo-faq\"><h3 class=\"aioseo-faq-block-question\">Quanto tempo leva para ver os resultados?<\/h3><div class=\"aioseo-faq-block-answer\">\n<p>Los resultados aparecen casi inmediatamente despu\u00e9s de procesar tu pedido, normalmente en unas pocas horas.<\/p>\n<\/div><\/div>\n\n<div data-schema-only=\"false\" class=\"wp-block-aioseo-faq\"><h3 class=\"aioseo-faq-block-question\">A compra de avalia\u00e7\u00f5es \u00e9 uma pr\u00e1tica comum?<\/h3><div class=\"aioseo-faq-block-answer\">\n<p>S\u00ed, comprar opiniones en ProvenExpert es una pr\u00e1ctica habitual. Muchas empresas utilizan esta estrategia para mejorar r\u00e1pidamente su reputaci\u00f3n y atraer a m\u00e1s clientes reales. <\/p>\n<\/div><\/div>\n\n<div data-schema-only=\"false\" class=\"wp-block-aioseo-faq\"><h3 class=\"aioseo-faq-block-question\">\u00c9 poss\u00edvel ser banido por comprar avalia\u00e7\u00f5es?<\/h3><div class=\"aioseo-faq-block-answer\">\n<p>No, no te bloquear\u00e1n si compras opiniones de sitios aut\u00e9nticos y fiables. Estos proveedores siguen las directrices de la plataforma y garantizan pr\u00e1cticas seguras y conformes para tu cuenta. <\/p>\n<\/div><\/div>\n\n<div data-schema-only=\"false\" class=\"wp-block-aioseo-faq\"><h3 class=\"aioseo-faq-block-question\">Essas s\u00e3o avalia\u00e7\u00f5es reais do ProvenExpert?<\/h3><div class=\"aioseo-faq-block-answer\">\n<p>S\u00ed, se trata de rese\u00f1as reales de ProvenExpert realizadas por usuarios aut\u00e9nticos.<\/p>\n<\/div><\/div>\n\n<div data-schema-only=\"false\" class=\"wp-block-aioseo-faq\"><h3 class=\"aioseo-faq-block-question\">Um grande n\u00famero de avalia\u00e7\u00f5es pode aumentar o engajamento org\u00e2nico?<\/h3><div class=\"aioseo-faq-block-answer\">\n<p>S\u00ed, un elevado n\u00famero de opiniones en ProvenExpert puede impulsar el compromiso org\u00e1nico. Un perfil bien valorado atrae a m\u00e1s visitantes, que son m\u00e1s propensos a interactuar y hacer que la comunidad sea m\u00e1s activa y din\u00e1mica. <\/p>\n<\/div><\/div>\n\n<div data-schema-only=\"false\" class=\"wp-block-aioseo-faq\"><h3 class=\"aioseo-faq-block-question\">O que fazer se meu pedido n\u00e3o for entregue?<\/h3><div class=\"aioseo-faq-block-answer\">\n<p>Si tu pedido no se entrega, comprueba la confirmaci\u00f3n del pedido y los detalles del pago para asegurarte de que todo es correcto. A continuaci\u00f3n, ponte en contacto con el servicio de atenci\u00f3n al cliente con la informaci\u00f3n de tu pedido para resolver el problema. Deber\u00edan poder ayudarte y ofrecerte una soluci\u00f3n.  <\/p>\n<\/div><\/div>\n\n<div data-schema-only=\"false\" class=\"wp-block-aioseo-faq\"><h3 class=\"aioseo-faq-block-question\">Quais m\u00e9todos de pagamento voc\u00eas oferecem?<\/h3><div class=\"aioseo-faq-block-answer\">\n<p>Ofrecemos diversos m\u00e9todos de pago, como tarjetas de cr\u00e9dito, PayPal y, en algunos casos, criptomonedas. Esta variedad te permite elegir la opci\u00f3n m\u00e1s conveniente para tus transacciones. <\/p>\n<\/div><\/div>\n","protected":false},"excerpt":{"rendered":"<p>\ud83d\udd25 \u00a1Aumenta tu reputaci\u00f3n al instante con las opiniones reales de ProvenExpert!<\/p>\n<p>\u2705 Opiniones reales sobre ProvenExpert<\/p>\n<p>\ud83c\udf1f\ud83c\udf1f\ud83c\udf1f\ud83c\udf1f\ud83c\udf1f Aut\u00e9ntico<\/p>\n<p>\ud83d\udcb0 Precios asequibles<\/p>\n<p>\ud83d\udcde Servicio de atenci\u00f3n al cliente 24\/7<\/p>\n<p>\ud83d\udd12 M\u00e9todos de pago seguros<\/p>\n<p><strong>Por desgracia, \u00a1ya no vendemos rese\u00f1as!<\/strong><br \/>\n<strong>\u26a0\ufe0f\u26a0\ufe0f\u26a0\ufe0f \u00a1\u00a1\u00a1ATENCI\u00d3N!!! \u00a1S\u00f3lo compra opiniones de una fuente fiable! \u00a1Puedes comprar opiniones de forma segura y fiable en <a href=\"http:\/\/wolfofreputation.com\">wolfofreputation.com<\/a>! <\/strong><\/p>\n","protected":false},"featured_media":9506,"comment_status":"closed","ping_status":"closed","template":"","meta":[],"product_brand":[],"product_cat":[106],"product_tag":[],"class_list":{"0":"post-12692","1":"product","2":"type-product","3":"status-publish","4":"has-post-thumbnail","6":"product_cat-sin-categoria","8":"first","9":"instock","10":"shipping-taxable","11":"purchasable","12":"product-type-variable"},"aioseo_notices":[],"_links":{"self":[{"href":"https:\/\/comprarseguidores.io\/es\/wp-json\/wp\/v2\/product\/12692","targetHints":{"allow":["GET"]}}],"collection":[{"href":"https:\/\/comprarseguidores.io\/es\/wp-json\/wp\/v2\/product"}],"about":[{"href":"https:\/\/comprarseguidores.io\/es\/wp-json\/wp\/v2\/types\/product"}],"replies":[{"embeddable":true,"href":"https:\/\/comprarseguidores.io\/es\/wp-json\/wp\/v2\/comments?post=12692"}],"version-history":[{"count":1,"href":"https:\/\/comprarseguidores.io\/es\/wp-json\/wp\/v2\/product\/12692\/revisions"}],"predecessor-version":[{"id":12721,"href":"https:\/\/comprarseguidores.io\/es\/wp-json\/wp\/v2\/product\/12692\/revisions\/12721"}],"wp:featuredmedia":[{"embeddable":true,"href":"https:\/\/comprarseguidores.io\/es\/wp-json\/wp\/v2\/media\/9506"}],"wp:attachment":[{"href":"https:\/\/comprarseguidores.io\/es\/wp-json\/wp\/v2\/media?parent=12692"}],"wp:term":[{"taxonomy":"product_brand","embeddable":true,"href":"https:\/\/comprarseguidores.io\/es\/wp-json\/wp\/v2\/product_brand?post=12692"},{"taxonomy":"product_cat","embeddable":true,"href":"https:\/\/comprarseguidores.io\/es\/wp-json\/wp\/v2\/product_cat?post=12692"},{"taxonomy":"product_tag","embeddable":true,"href":"https:\/\/comprarseguidores.io\/es\/wp-json\/wp\/v2\/product_tag?post=12692"}],"curies":[{"name":"wp","href":"https:\/\/api.w.org\/{rel}","templated":true}]}}