{"id":12704,"date":"2024-06-19T11:40:11","date_gmt":"2024-06-19T11:40:11","guid":{"rendered":"https:\/\/comprarseguidores.io\/product\/comprar-fiverr-revision\/"},"modified":"2025-04-06T12:08:16","modified_gmt":"2025-04-06T12:08:16","slug":"comprar-fiverr-revision","status":"publish","type":"product","link":"https:\/\/comprarseguidores.io\/es\/product\/comprar-fiverr-revision\/","title":{"rendered":"Comprar Fiverr revisi\u00f3n"},"content":{"rendered":"\n<h2 class=\"wp-block-heading\">Comprar opiniones en Fiverr<\/h2>\n\n<p>Comprar opiniones en plataformas como Fiverr puede parecer una soluci\u00f3n r\u00e1pida para mejorar la reputaci\u00f3n de tu empresa y atraer nuevos clientes. Los beneficios potenciales incluyen un r\u00e1pido impulso a tu imagen online, haciendo que tus servicios parezcan m\u00e1s fiables y bien evaluados. <\/p>\n\n<p>Adem\u00e1s, un mayor n\u00famero de rese\u00f1as positivas puede mejorar tu visibilidad en los motores de b\u00fasqueda, lo que puede provocar un aumento del inter\u00e9s de los clientes, basado en la satisfacci\u00f3n percibida y en un alto volumen de opiniones positivas.<\/p>\n\n<p><strong>Aumenta tu visibilidad y credibilidad en Trustpilot, ProvenExpert, Facebook, Fiverr y ScamAdvisor con nuestros servicios de rese\u00f1as personalizadas, dise\u00f1ados para mejorar tu reputaci\u00f3n y atraer a m\u00e1s clientes en diversas plataformas.<\/strong><\/p>\n\n<h2 class=\"wp-block-heading\">\u00bfCu\u00e1les son las ventajas de comprar opiniones en Fiverr?<\/h2>\n\n<p>Los usuarios que recurren a esta pr\u00e1ctica suelen tratar de conseguir una serie de beneficios percibidos:<\/p>\n\n<ol class=\"wp-block-list\">\n<li><strong>Mayor visibilidad<\/strong><br\/>Las opiniones pueden mejorar <a href=\"https:\/\/www.linkedin.com\/pulse\/how-does-fiverr-ranking-seller-sariful-islam\/\">la clasificaci\u00f3n de un vendedor<\/a> en Fiverr, haciendo que sus servicios sean m\u00e1s visibles para los compradores potenciales que navegan por la plataforma.<\/li>\n\n\n\n<li>Mayor <strong>credibilidad<\/strong><br\/>Un mayor n\u00famero de opiniones positivas puede dar la impresi\u00f3n de que el vendedor es digno de confianza y presta un servicio de alta calidad, atrayendo a m\u00e1s clientes potenciales.<\/li>\n\n\n\n<li><strong>Aumento de las ventas<\/strong><br\/>Una mayor visibilidad y credibilidad pueden conducir a un aumento de las ventas, ya que los compradores tienden a elegir servicios bien evaluados y establecidos.<\/li>\n\n\n\n<li><strong>Ventaja competitiva<\/strong><br\/>En un mercado saturado, los vendedores con m\u00e1s opiniones pueden destacar sobre la competencia, lo que garantiza una ventaja a la hora de atraer clientes.<\/li>\n<\/ol>\n\n<h2 class=\"wp-block-heading\">\u00bfEs seguro comprar opiniones en Fiverr?<\/h2>\n\n<p>S\u00ed, comprar rese\u00f1as en Fiverr puede ser seguro si se hace a trav\u00e9s de servicios fiables y reputados. Estos servicios siguen normas \u00e9ticas y legales, y proporcionan opiniones reales que protegen tu cuenta de <a href=\"https:\/\/www.fiverr.com\/?utm_source=google&amp;utm_medium=cpc-brand&amp;utm_campaign=G_ROW-EN_Brand&amp;utm_term=fiver+site_(phrase)&amp;utm_content=AdID%5E501546387059%5EKeyword%5Efiverr%20website%5EPlacement%5E%5EDevice%5Ec&amp;caid=406997588&amp;agid=33518332388&amp;ad_id=501546387059&amp;kw=fiverr%20website&amp;lpcat=br_general&amp;show_join=true&amp;gad_source=1&amp;gclid=Cj0KCQjw6auyBhDzARIsALIo6v-aXUA7jDznCwNwJDmXS2MgvI2uaTp1TI9bVWjKeRCvOTb4184FDmIaAjIKEALw_wcB\">Fiverr<\/a>. Es esencial comprobar la credibilidad de estos proveedores y leer las opiniones de los clientes para asegurarse de que son transparentes en cuanto a sus m\u00e9todos.  <\/p>\n\n<figure class=\"wp-block-image size-full\"><img decoding=\"async\" src=\"https:\/\/follower-kaufen.io\/wp-content\/uploads\/2024\/07\/Comprar-avaliacao-Fiverr.png\" alt=\"Comprar opiniones en Fiverr\" class=\"wp-image-9630\"\/><figcaption class=\"wp-element-caption\">Comprar opiniones en Fiverr<\/figcaption><\/figure>\n\n<h2 class=\"wp-block-heading\">\u00bfC\u00f3mo comprar opiniones en Fiverr?<\/h2>\n\n<p>Comprar opiniones en Fiverr puede ser un proceso sencillo. S\u00f3lo tienes que seguir estos pasos: <\/p>\n\n<ol class=\"wp-block-list\">\n<li>Introduce la URL de tu perfil en el campo correspondiente del sitio web del proveedor.<\/li>\n\n\n\n<li>Selecciona el n\u00famero deseado de evaluaciones.<\/li>\n\n\n\n<li>Finaliza y env\u00eda tu pedido.<\/li>\n\n\n\n<li>El pedido suele activarse en pocas horas.<\/li>\n\n\n\n<li>Observa el impacto casi inmediatamente en tu perfil.<\/li>\n<\/ol>\n\n<p>Este m\u00e9todo r\u00e1pido y sencillo est\u00e1 dise\u00f1ado para mejorar r\u00e1pidamente la visibilidad y credibilidad de tu perfil.<\/p>\n\n<h2 class=\"wp-block-heading\">\u00bfCu\u00e1nto cuestan 1000 opiniones en Fiverr?<\/h2>\n\n<p>El coste de 1000 opiniones en Fiverr puede variar significativamente, dependiendo de factores como la calidad de las opiniones, si se escriben manualmente o se generan al azar, y la autenticidad del proveedor. Los precios pueden variar en funci\u00f3n del nivel de personalizaci\u00f3n y credibilidad de las opiniones. Las opiniones detalladas y personalizadas suelen costar m\u00e1s que las opiniones gen\u00e9ricas y automatizadas.  <\/p>\n\n<h2 class=\"wp-block-heading\">\u00bfC\u00f3mo consigo m\u00e1s opiniones en Fiverr?<\/h2>\n\n<p>Para aumentar \u00e9ticamente el n\u00famero de opiniones en Fiverr, c\u00e9ntrate en ofrecer un servicio excepcional y anima a los clientes satisfechos a compartir sus experiencias. He aqu\u00ed algunas estrategias eficaces: <\/p>\n\n<ol class=\"wp-block-list\">\n<li><strong>Entrega un trabajo de alta calidad<\/strong><br\/>Garantizar la excelencia en los servicios que prestas es la mejor forma de ganarte clientes satisfechos que sientan la necesidad de dejar rese\u00f1as positivas.<br\/><\/li>\n\n\n\n<li><strong>Comun\u00edcate con claridad y rapidez<\/strong><br\/>Mantener una comunicaci\u00f3n profesional y puntual a lo largo del proyecto genera confianza y satisfacci\u00f3n, lo que puede dar lugar a mejores evaluaciones.<br\/><\/li>\n\n\n\n<li><strong>Pide amablemente rese\u00f1as<\/strong><br\/>Una vez finalizado un proyecto, anima al cliente a dejar una rese\u00f1a. Algo como: \"Gracias por utilizar mis servicios. Si est\u00e1s satisfecho con el trabajo, \u00a1te agradecer\u00eda mucho una rese\u00f1a!\" puede ser eficaz. <br\/><\/li>\n\n\n\n<li><strong>Ofrece una excelente atenci\u00f3n al cliente<\/strong><br\/>Resolver dudas y problemas r\u00e1pidamente no s\u00f3lo aumenta la satisfacci\u00f3n, sino que puede convertir una evaluaci\u00f3n negativa en positiva.<br\/><\/li>\n\n\n\n<li><strong>Seguimiento<\/strong><br\/>Si un cliente no deja una opini\u00f3n a los pocos d\u00edas de la prestaci\u00f3n del servicio, puede ser \u00fatil un recordatorio cort\u00e9s.<br\/><\/li>\n\n\n\n<li>Aprovecha las funciones <strong>de Fiverr<\/strong><br\/>Utiliza funciones como los paquetes de servicios para atraer a m\u00e1s compradores y aumentar las posibilidades de recibir m\u00e1s opiniones.<br\/><\/li>\n\n\n\n<li><strong>S\u00e9 paciente y constante<\/strong><br\/>Crear un perfil s\u00f3lido con muchas rese\u00f1as positivas requiere tiempo y dedicaci\u00f3n. Trabaja con constancia y las opiniones llegar\u00e1n de forma natural. <\/li>\n<\/ol>\n\n<p>Estas estrategias siguen las directrices de Fiverr y te ayudan a crear un perfil reputado y exitoso de forma aut\u00e9ntica.<\/p>\n\n<h2 class=\"wp-block-heading\">\u00bfPor qu\u00e9 comprarseguidores.io es el mejor sitio para comprar rese\u00f1as en Fiverr?<\/h2>\n\n<p>comprarseguidores.io destaca como uno de los principales proveedores de opiniones para Fiverr, siendo conocido por su fiabilidad y calidad de servicio. La plataforma se especializa en proporcionar rese\u00f1as reales y aut\u00e9nticas que reflejan con precisi\u00f3n los servicios de tu empresa, mejorando tanto la cantidad como la calidad de tus comentarios en l\u00ednea. Tambi\u00e9n ofrece opciones personalizadas para garantizar que las rese\u00f1as se adaptan a tu nicho y aumentan significativamente la credibilidad de tu perfil.  <\/p>\n\n<p>Otra ventaja de comprarseguidores.io es su r\u00e1pida entrega, que a menudo inicia las revisiones a las pocas horas de realizar el pedido, lo que permite mejoras inmediatas en la valoraci\u00f3n de tu perfil de Fiverr. El sitio da prioridad a la seguridad de las transacciones, protegiendo tu informaci\u00f3n personal y financiera. Con un eficiente servicio de atenci\u00f3n al cliente y una variedad de paquetes asequibles para diferentes presupuestos, comprarseguidores.io ofrece un servicio completo para ayudar a profesionales y empresarios a reforzar su presencia en Fiverr.  <\/p>\n\n<h2 class=\"wp-block-heading\">comprarseguidores.io ofrece los siguientes paquetes de revisi\u00f3n para Fiverr:<\/h2>\n\n<ul class=\"wp-block-list\">\n<li>1 opini\u00f3n en Fiverr<\/li>\n\n\n\n<li>5 opiniones en Fiverr<\/li>\n\n\n\n<li>10 opiniones en Fiverr<\/li>\n\n\n\n<li>25 opiniones en Fiverr<\/li>\n<\/ul>\n\n<h2 class=\"wp-block-heading\">PREGUNTAS FRECUENTES<\/h2>\n\n<div data-schema-only=\"false\" class=\"wp-block-aioseo-faq\"><h3 class=\"aioseo-faq-block-question\">Pode um grande n\u00famero de avalia\u00e7\u00f5es levar a um aumento do engajamento org\u00e2nico?<\/h3><div class=\"aioseo-faq-block-answer\">\n<p>S\u00ed, en Fiverr, un gran n\u00famero de opiniones puede conducir a un aumento de la participaci\u00f3n org\u00e1nica. M\u00e1s opiniones tienden a aumentar la visibilidad y credibilidad de un vendedor, haciendo que su perfil sea m\u00e1s atractivo para los compradores potenciales. Esta percepci\u00f3n mejorada puede animar a m\u00e1s usuarios a interactuar con el vendedor y comprar sus servicios, lo que se traduce en m\u00e1s tr\u00e1fico org\u00e1nico e interacciones en su perfil de Fiverr.  <\/p>\n<\/div><\/div>\n\n<div data-schema-only=\"false\" class=\"wp-block-aioseo-faq\"><h3 class=\"aioseo-faq-block-question\">Quanto tempo leva para ver os resultados?<\/h3><div class=\"aioseo-faq-block-answer\">\n<p>Ver\u00e1s los resultados casi inmediatamente despu\u00e9s de que se haya procesado tu pedido, normalmente en unas pocas horas.<\/p>\n<\/div><\/div>\n\n<div data-schema-only=\"false\" class=\"wp-block-aioseo-faq\"><h3 class=\"aioseo-faq-block-question\">\u00c9 poss\u00edvel ser banido por comprar avalia\u00e7\u00f5es?<\/h3><div class=\"aioseo-faq-block-answer\">\n<p>No, no te bloquear\u00e1n si compras opiniones de sitios aut\u00e9nticos y fiables. Estos proveedores siguen las directrices de la plataforma para garantizar pr\u00e1cticas seguras y conformes para tu cuenta. <\/p>\n<\/div><\/div>\n\n<div data-schema-only=\"false\" class=\"wp-block-aioseo-faq\"><h3 class=\"aioseo-faq-block-question\">Quais benef\u00edcios posso esperar ao comprar avalia\u00e7\u00f5es no Fiverr?<\/h3><div class=\"aioseo-faq-block-answer\">\n<p>Comprar opiniones en Fiverr puede aumentar la visibilidad y credibilidad de tu perfil, haciendo que tus servicios sean m\u00e1s atractivos para los compradores potenciales y aumentando tus ventas. Esto puede darte una ventaja competitiva en el saturado mercado de Fiverr, ayudando a que tus servicios destaquen entre la competencia. <\/p>\n<\/div><\/div>\n\n<div data-schema-only=\"false\" class=\"wp-block-aioseo-faq\"><h3 class=\"aioseo-faq-block-question\">Por que voc\u00ea deve comprar avalia\u00e7\u00f5es no Fiverr?<\/h3><div class=\"aioseo-faq-block-answer\">\n<p>Deber\u00edas plantearte comprar opiniones en Fiverr para reforzar tu perfil y aumentar tu credibilidad en la plataforma. Esta estrategia tiene como objetivo hacer que tus servicios parezcan m\u00e1s fiables y populares, atrayendo a m\u00e1s clientes potenciales al demostrar un historial probado de satisfacci\u00f3n y fiabilidad. <\/p>\n<\/div><\/div>\n\n<div data-schema-only=\"false\" class=\"wp-block-aioseo-faq\"><h3 class=\"aioseo-faq-block-question\">Quantas avalia\u00e7\u00f5es devo comprar?<\/h3><div class=\"aioseo-faq-block-answer\">\n<p>El n\u00famero de rese\u00f1as que debes comprar depende de tus objetivos. Para una visibilidad inmediata, considera un mayor n\u00famero de rese\u00f1as. Si est\u00e1s empezando, elige un n\u00famero menor. Selecciona un n\u00famero que encaje bien con tu plan estrat\u00e9gico.   <\/p>\n<\/div><\/div>\n\n<div data-schema-only=\"false\" class=\"wp-block-aioseo-faq\"><h3 class=\"aioseo-faq-block-question\">A compra de avalia\u00e7\u00f5es \u00e9 uma pr\u00e1tica comum?<\/h3><div class=\"aioseo-faq-block-answer\">\n<p>S\u00ed, comprar opiniones en Fiverr es una pr\u00e1ctica muy habitual. Muchos usuarios utilizan esta estrategia para mejorar r\u00e1pidamente su reputaci\u00f3n y atraer interacciones m\u00e1s aut\u00e9nticas. <\/p>\n<\/div><\/div>\n\n<div data-schema-only=\"false\" class=\"wp-block-aioseo-faq\"><h3 class=\"aioseo-faq-block-question\">Essas avalia\u00e7\u00f5es no Fiverr s\u00e3o reais?<\/h3><div class=\"aioseo-faq-block-answer\">\n<p>S\u00ed, son opiniones reales en Fiverr de usuarios reales.<\/p>\n<\/div><\/div>\n\n<div data-schema-only=\"false\" class=\"wp-block-aioseo-faq\"><h3 class=\"aioseo-faq-block-question\">O que fazer se meu pedido n\u00e3o for entregue?<\/h3><div class=\"aioseo-faq-block-answer\">\n<p>Si tu pedido no se entrega, comprueba la confirmaci\u00f3n de compra y los datos de pago para asegurarte de que todo es correcto. A continuaci\u00f3n, ponte en contacto con el servicio de atenci\u00f3n al cliente con la informaci\u00f3n del pedido para resolver el problema. Ellos deber\u00edan poder ayudarte a encontrar una soluci\u00f3n.  <\/p>\n<\/div><\/div>\n\n<div data-schema-only=\"false\" class=\"wp-block-aioseo-faq\"><h3 class=\"aioseo-faq-block-question\">Quais m\u00e9todos de pagamento voc\u00eas oferecem?<\/h3><div class=\"aioseo-faq-block-answer\">\n<p>Ofrecemos diversos m\u00e9todos de pago, como tarjetas de cr\u00e9dito, PayPal y, en algunos casos, criptomonedas. Esta variedad te permite elegir la opci\u00f3n m\u00e1s conveniente para tus transacciones. <\/p>\n<\/div><\/div>\n","protected":false},"excerpt":{"rendered":"<p>\u00a1Eleva tu perfil en Fiverr de forma r\u00e1pida y segura con nuestros servicios de revisi\u00f3n! Descubre a continuaci\u00f3n nuestras ofertas para mejorar tu reputaci\u00f3n y visibilidad en Fiverr: <\/p>\n<p>\ud83c\udf1f Rese\u00f1as reales de 5 estrellas en Fiverr<br \/>\n\u23f0 Entrega r\u00e1pida garantizada<br \/>\n\ud83d\udd12 El m\u00e9todo m\u00e1s eficaz y seguro para mejorar la valoraci\u00f3n de tu perfil<br \/>\n\ud83d\udcc8 Mejora tu valoraci\u00f3n general en Fiverr<\/p>\n","protected":false},"featured_media":9521,"comment_status":"closed","ping_status":"closed","template":"","meta":[],"product_brand":[],"product_cat":[106],"product_tag":[],"class_list":{"0":"post-12704","1":"product","2":"type-product","3":"status-publish","4":"has-post-thumbnail","6":"product_cat-sin-categoria","8":"first","9":"instock","10":"shipping-taxable","11":"purchasable","12":"product-type-variable"},"aioseo_notices":[],"_links":{"self":[{"href":"https:\/\/comprarseguidores.io\/es\/wp-json\/wp\/v2\/product\/12704","targetHints":{"allow":["GET"]}}],"collection":[{"href":"https:\/\/comprarseguidores.io\/es\/wp-json\/wp\/v2\/product"}],"about":[{"href":"https:\/\/comprarseguidores.io\/es\/wp-json\/wp\/v2\/types\/product"}],"replies":[{"embeddable":true,"href":"https:\/\/comprarseguidores.io\/es\/wp-json\/wp\/v2\/comments?post=12704"}],"version-history":[{"count":1,"href":"https:\/\/comprarseguidores.io\/es\/wp-json\/wp\/v2\/product\/12704\/revisions"}],"predecessor-version":[{"id":12722,"href":"https:\/\/comprarseguidores.io\/es\/wp-json\/wp\/v2\/product\/12704\/revisions\/12722"}],"wp:featuredmedia":[{"embeddable":true,"href":"https:\/\/comprarseguidores.io\/es\/wp-json\/wp\/v2\/media\/9521"}],"wp:attachment":[{"href":"https:\/\/comprarseguidores.io\/es\/wp-json\/wp\/v2\/media?parent=12704"}],"wp:term":[{"taxonomy":"product_brand","embeddable":true,"href":"https:\/\/comprarseguidores.io\/es\/wp-json\/wp\/v2\/product_brand?post=12704"},{"taxonomy":"product_cat","embeddable":true,"href":"https:\/\/comprarseguidores.io\/es\/wp-json\/wp\/v2\/product_cat?post=12704"},{"taxonomy":"product_tag","embeddable":true,"href":"https:\/\/comprarseguidores.io\/es\/wp-json\/wp\/v2\/product_tag?post=12704"}],"curies":[{"name":"wp","href":"https:\/\/api.w.org\/{rel}","templated":true}]}}