{"id":12719,"date":"2024-06-19T12:16:18","date_gmt":"2024-06-19T12:16:18","guid":{"rendered":"https:\/\/comprarseguidores.io\/product\/comprar-revision-de-scamadviser\/"},"modified":"2025-04-06T12:08:17","modified_gmt":"2025-04-06T12:08:17","slug":"comprar-revision-de-scamadviser","status":"publish","type":"product","link":"https:\/\/comprarseguidores.io\/es\/product\/comprar-revision-de-scamadviser\/","title":{"rendered":"Comprar revisi\u00f3n de Scamadviser"},"content":{"rendered":"\n<h2 class=\"wp-block-heading\">Comprar opiniones de Scamadviser.<\/h2>\n\n<p>Comprar opiniones en ScamAdviser suele considerarse una estrategia para aumentar r\u00e1pidamente la confianza en un sitio web. Este enfoque puede ofrecer varias ventajas, como una mayor credibilidad, que puede atraer a m\u00e1s visitantes y aumentar la confianza de los consumidores. As\u00ed, un sitio con una alta percepci\u00f3n de confianza puede experimentar una mejor interacci\u00f3n y mayores tasas de conversi\u00f3n. Adem\u00e1s, las opiniones positivas pueden influir positivamente en <a href=\"https:\/\/www.scamadviser.com\/articles\/scamadviser-algorithm-explainer\">el sistema de puntuaci\u00f3n de ScamAdviser<\/a>, haciendo que el sitio parezca m\u00e1s digno de confianza para los usuarios.   <\/p>\n\n<p><strong>Aumenta tu visibilidad y credibilidad en Trustpilot, ProvenExpert, Facebook, Fiverr y ScamAdviser con nuestros servicios de rese\u00f1as personalizadas, dise\u00f1ados para reforzar tu reputaci\u00f3n y atraer a m\u00e1s clientes en diversas plataformas.<\/strong><\/p>\n\n<h2 class=\"wp-block-heading\">\u00bfCu\u00e1les son las ventajas de comprar opiniones en ScamAdviser?<\/h2>\n\n<p>Las ventajas de comprar opiniones en ScamAdviser incluyen varios beneficios potenciales para un sitio:<\/p>\n\n<ol class=\"wp-block-list\">\n<li><strong>Mayor fiabilidad<\/strong><br\/>Las opiniones positivas pueden aumentar la fiabilidad percibida de un sitio, haci\u00e9ndolo m\u00e1s atractivo para los usuarios.<\/li>\n\n\n\n<li><strong>Aumento del tr\u00e1fico de visitantes<\/strong><br\/>Con una reputaci\u00f3n de fiabilidad, el sitio puede atraer a m\u00e1s usuarios que busquen plataformas seguras.<\/li>\n\n\n\n<li><strong>Mayor confianza de los usuarios<\/strong><br\/>Cuando los usuarios potenciales ven rese\u00f1as positivas en ScamAdviser, pueden sentirse m\u00e1s seguros al interactuar con el sitio.<\/li>\n\n\n\n<li><strong>Mejores opiniones en Sc<\/strong>amAdviser<br\/>Recopilar opiniones positivas puede influir positivamente en la puntuaci\u00f3n del sitio en ScamAdviser, destac\u00e1ndolo como una opci\u00f3n m\u00e1s fiable.<\/li>\n<\/ol>\n\n<p>Estas ventajas pueden reforzar significativamente la visibilidad online de un sitio y atraer una aut\u00e9ntica participaci\u00f3n de los usuarios.<\/p>\n\n<h2 class=\"wp-block-heading\">\u00bfEs seguro comprar opiniones en ScamAdviser?<\/h2>\n\n<p>S\u00ed, comprar opiniones en ScamAdviser puede ser seguro si utilizas servicios que sean serios y fiables. Estos servicios siguen directrices \u00e9ticas y legales, y proporcionan opiniones aut\u00e9nticas que protegen tu cuenta. Es importante que compruebes la credibilidad de estos proveedores y leas las opiniones de los clientes para asegurarte de que sus pr\u00e1cticas son transparentes y honestas.  <\/p>\n\n<figure class=\"wp-block-image\"><img decoding=\"async\" src=\"https:\/\/follower-kaufen.io\/wp-content\/uploads\/2024\/07\/Comprar-avaliacao-Scamadviser.png\" alt=\"Scamadviser-Bewertungen Kaufen.\" class=\"wp-image-9641\"\/><figcaption class=\"wp-element-caption\">Comprar opiniones de Scamadviser.<\/figcaption><\/figure>\n\n<h2 class=\"wp-block-heading\">C\u00f3mo comprar opiniones en ScamAdviser:<\/h2>\n\n<p>Comprar rese\u00f1as en ScamAdviser puede ser un proceso sencillo. S\u00f3lo tienes que introducir la URL de tu sitio web en el campo correspondiente del sitio web del proveedor de servicios, seleccionar el n\u00famero de rese\u00f1as que deseas y completar tu pedido. El proceso suele iniciarse en pocas horas, lo que te permite ver los efectos en tu perfil de ScamAdviser casi de inmediato.  <\/p>\n\n<p>Esta facilidad de uso ofrece una forma r\u00e1pida de reforzar la percepci\u00f3n de confianza de tu sitio web. Sin embargo, es importante mantener pr\u00e1cticas \u00e9ticas al adquirir rese\u00f1as y ser consciente de los riesgos de incumplimiento de las directrices de la plataforma. <\/p>\n\n<ol class=\"wp-block-list\">\n<li>Introduce la URL de tu sitio en el campo correspondiente.<\/li>\n\n\n\n<li>Elige el n\u00famero de opiniones que quieres comprar.<\/li>\n\n\n\n<li>Completa la transacci\u00f3n para iniciar el proceso.<\/li>\n\n\n\n<li>El pedido suele realizarse en pocas horas.<\/li>\n\n\n\n<li>Observa los efectos casi inmediatos en tu perfil de ScamAdviser.<\/li>\n<\/ol>\n\n<h2 class=\"wp-block-heading\">\u00bfCu\u00e1nto cuestan 1000 opiniones en ScamAdviser?<\/h2>\n\n<p>El coste de 1000 opiniones en ScamAdviser puede variar mucho en funci\u00f3n de varios factores, como la calidad de las opiniones, si son personalizadas o generadas aleatoriamente, y la credibilidad del sitio que ofrece el servicio. Las opiniones personalizadas, adaptadas a aspectos concretos de tu sitio web, suelen costar m\u00e1s que las opiniones gen\u00e9ricas, debido al trabajo adicional que conllevan. <\/p>\n\n<p>Tambi\u00e9n es importante tener en cuenta la fiabilidad del proveedor. Los servicios m\u00e1s fiables pueden cobrar m\u00e1s, pero ofrecen mayor seguridad de que no se infringir\u00e1n las directrices de ScamAdviser. Aseg\u00farate siempre de que el sitio que elijas act\u00faa con transparencia y sigue normas \u00e9ticas para evitar posibles consecuencias.  <\/p>\n\n<h2 class=\"wp-block-heading\">\u00bfC\u00f3mo puedo conseguir m\u00e1s opiniones sobre ScamAdviser?<\/h2>\n\n<p>Para aumentar org\u00e1nicamente tus valoraciones en ScamAdviser, apuesta por estrategias que promuevan interacciones aut\u00e9nticas y servicios de alta calidad. He aqu\u00ed algunas t\u00e1cticas eficaces: <\/p>\n\n<ol class=\"wp-block-list\">\n<li><strong>Pide opiniones:<\/strong><br\/>Pide a los clientes que dejen sus opiniones en ScamAdviser despu\u00e9s de utilizar tus servicios. Un correo electr\u00f3nico de seguimiento o un contacto directo pueden servir de recordatorio amable. <\/li>\n\n\n\n<li><strong>Facilita el proceso de revisi\u00f3n:<\/strong><br\/>Incluye un enlace directo a tu p\u00e1gina de revisi\u00f3n de ScamAdviser en tus comunicaciones para facilitar que los usuarios dejen sus opiniones.<\/li>\n\n\n\n<li><strong>Ofrece un servicio excelente:<\/strong><br\/>Un servicio de alta calidad se traduce naturalmente en opiniones positivas de clientes satisfechos.<\/li>\n\n\n\n<li><strong>Interact\u00faa con los cr\u00edticos:<\/strong><br\/>Responde activamente a las cr\u00edticas que recibas. Agradece los comentarios positivos y responde r\u00e1pidamente a los negativos para demostrar que valoras todas las opiniones. <\/li>\n\n\n\n<li><strong>Promociona tus opiniones:<\/strong><br\/>Destaca tus opiniones sobre ScamAdviser en tu sitio web, redes sociales o boletines informativos para animar a m\u00e1s usuarios a leerlas y dejar sus propias opiniones.<\/li>\n\n\n\n<li><strong>Mant\u00e9n tu perfil actualizado:<\/strong><br\/>Revisa y actualiza regularmente tu perfil de ScamAdviser para asegurarte de que representa fielmente a tu empresa y aumenta su atractivo para nuevas rese\u00f1as.<\/li>\n<\/ol>\n\n<p>Estos pasos pueden ayudarte a construir una reputaci\u00f3n positiva en ScamAdviser con opiniones aut\u00e9nticas de clientes.<\/p>\n\n<h2 class=\"wp-block-heading\">\u00bfPor qu\u00e9 comprarseguidores.io es el mejor sitio para comprar opiniones sobre ScamAdviser?<\/h2>\n\n<p>comprarseguidores.io se considera la opci\u00f3n ideal para comprar opiniones en ScamAdviser y es reconocida por su servicio fiable y de alta calidad. La plataforma est\u00e1 especializada en proporcionar rese\u00f1as aut\u00e9nticas que reflejen fielmente la calidad de tus servicios y mejoren significativamente tanto la cantidad como la calidad de tus comentarios en l\u00ednea. Ofrece soluciones de rese\u00f1as personalizadas y adaptadas a tu sector de actividad, mejorando considerablemente la imagen p\u00fablica de tu empresa.  <br\/><br\/>Adem\u00e1s, comprarseguidores.io es conocido por sus r\u00e1pidos tiempos de respuesta, ya que suele empezar a publicar rese\u00f1as a las pocas horas de realizar el pedido, lo que puede impulsar r\u00e1pidamente tu perfil en ScamAdviser. La plataforma garantiza un alto nivel de seguridad en las transacciones y protege cuidadosamente tu informaci\u00f3n personal y financiera. Con un excelente servicio de atenci\u00f3n al cliente y varias opciones de precios para diferentes presupuestos, comprarseguidores.io ofrece un servicio completo para los empresarios que quieren reforzar su presencia en ScamAdviser.  <\/p>\n\n<h2 class=\"wp-block-heading\">comprarseguidores.io ofrece los siguientes paquetes de revisi\u00f3n activos en ScamAdviser:<\/h2>\n\n<p>&#8211; 1 opini\u00f3n de estafador<br\/>&#8211; 5 opiniones de estafador<br\/>&#8211; 10 opiniones de estafador<br\/>&#8211; 20 opiniones de estafador<br\/>&#8211; 50 opiniones de estafador<br\/>&#8211; 100 opiniones de estafador<\/p>\n\n<h2 class=\"wp-block-heading\">PREGUNTAS FRECUENTES<\/h2>\n\n<div data-schema-only=\"false\" class=\"wp-block-aioseo-faq\"><h3 class=\"aioseo-faq-block-question\">Estas avalia\u00e7\u00f5es do ScamAdviser s\u00e3o reais?<\/h3><div class=\"aioseo-faq-block-answer\">\n<p>S\u00ed, se trata de opiniones reales de ScamAdviser realizadas por usuarios aut\u00e9nticos.<\/p>\n<\/div><\/div>\n\n<div data-schema-only=\"false\" class=\"wp-block-aioseo-faq\"><h3 class=\"aioseo-faq-block-question\">Quais benef\u00edcios posso esperar ao comprar avalia\u00e7\u00f5es no ScamAdviser?<\/h3><div class=\"aioseo-faq-block-answer\">\n<p>Comprar rese\u00f1as en ScamAdviser puede aumentar la credibilidad y visibilidad de tu sitio, mejorar tu reputaci\u00f3n y atraer a m\u00e1s visitantes. Estas opiniones tambi\u00e9n pueden aumentar la confianza de los consumidores y dar a tu sitio una ventaja competitiva, lo que se traduce en m\u00e1s interacciones de los usuarios y posibles transacciones. <\/p>\n<\/div><\/div>\n\n<div data-schema-only=\"false\" class=\"wp-block-aioseo-faq\"><h3 class=\"aioseo-faq-block-question\">Quanto tempo leva para ver os resultados?<\/h3><div class=\"aioseo-faq-block-answer\">\n<p>Ver\u00e1s los resultados casi inmediatamente despu\u00e9s de que se haya procesado tu pedido, normalmente en unas pocas horas.<\/p>\n<\/div><\/div>\n\n<div data-schema-only=\"false\" class=\"wp-block-aioseo-faq\"><h3 class=\"aioseo-faq-block-question\">Uma alta quantidade de avalia\u00e7\u00f5es pode aumentar o engajamento org\u00e2nico?<\/h3><div class=\"aioseo-faq-block-answer\">\n<p>S\u00ed, en ScamAdviser, un n\u00famero elevado de opiniones puede aumentar la participaci\u00f3n org\u00e1nica. M\u00e1s opiniones aumentan la credibilidad de un sitio, atraen a m\u00e1s visitantes y estimulan las interacciones, ya que los usuarios tienden a confiar m\u00e1s en los sitios con buenas opiniones. Esto puede generar m\u00e1s oportunidades de negocio y un mayor compromiso de los usuarios en general.  <\/p>\n<\/div><\/div>\n\n<div data-schema-only=\"false\" class=\"wp-block-aioseo-faq\"><h3 class=\"aioseo-faq-block-question\">Comprar avalia\u00e7\u00f5es pode resultar em banimento?<\/h3><div class=\"aioseo-faq-block-answer\">\n<p>No, comprar opiniones de sitios aut\u00e9nticos y fiables no conlleva una prohibici\u00f3n. Estos proveedores siguen las normas de la plataforma y se aseguran de que sus pr\u00e1cticas sean seguras y conformes con la normativa de su canal. <\/p>\n<\/div><\/div>\n\n<div data-schema-only=\"false\" class=\"wp-block-aioseo-faq\"><h3 class=\"aioseo-faq-block-question\">Por que devo considerar comprar avalia\u00e7\u00f5es no ScamAdviser?<\/h3><div class=\"aioseo-faq-block-answer\">\n<p>Considera la posibilidad de comprar opiniones en ScamAdviser para elevar tu perfil y aumentar tu credibilidad. Este enfoque puede presentar tus servicios como m\u00e1s fiables y reputados, atrayendo potencialmente a m\u00e1s clientes sobre la base de un historial probado de satisfacci\u00f3n y confianza. <\/p>\n<\/div><\/div>\n\n<div data-schema-only=\"false\" class=\"wp-block-aioseo-faq\"><h3 class=\"aioseo-faq-block-question\">Quantas avalia\u00e7\u00f5es devo comprar?<\/h3><div class=\"aioseo-faq-block-answer\">\n<p>El n\u00famero de rese\u00f1as a comprar debe depender de tus objetivos. Para una visibilidad inmediata, considera comprar una cantidad mayor. Si est\u00e1s empezando, opta por una cantidad menor. Elige un n\u00famero que se ajuste a tu plan estrat\u00e9gico.   <\/p>\n<\/div><\/div>\n\n<div data-schema-only=\"false\" class=\"wp-block-aioseo-faq\"><h3 class=\"aioseo-faq-block-question\">A compra de avalia\u00e7\u00f5es \u00e9 uma pr\u00e1tica comum?<\/h3><div class=\"aioseo-faq-block-answer\">\n<p>S\u00ed, comprar opiniones en plataformas como ScamAdviser es una pr\u00e1ctica utilizada por algunos para aumentar r\u00e1pidamente la credibilidad de sus sitios. Sin embargo, esta pr\u00e1ctica no es recomendable, ya que puede inducir a error a los usuarios e infringir las directrices de la plataforma. <\/p>\n<\/div><\/div>\n\n<div data-schema-only=\"false\" class=\"wp-block-aioseo-faq\"><h3 class=\"aioseo-faq-block-question\">O que devo fazer se meu pedido n\u00e3o for entregue?<\/h3><div class=\"aioseo-faq-block-answer\">\n<p>Si tu pedido no se entrega, comprueba la confirmaci\u00f3n del pedido y los detalles del pago para asegurarte de que todo es correcto. A continuaci\u00f3n, ponte en contacto con el servicio de atenci\u00f3n al cliente con tus datos para que puedan resolver el problema. Deber\u00edan poder ayudarte y ofrecerte una soluci\u00f3n.  <\/p>\n<\/div><\/div>\n\n<div data-schema-only=\"false\" class=\"wp-block-aioseo-faq\"><h3 class=\"aioseo-faq-block-question\">Quais m\u00e9todos de pagamento voc\u00eas oferecem?<\/h3><div class=\"aioseo-faq-block-answer\">\n<p>Ofrecemos diversos m\u00e9todos de pago, como tarjetas de cr\u00e9dito, PayPal y, en algunos casos, criptomonedas. Esta variedad te permite elegir la opci\u00f3n m\u00e1s conveniente para tus transacciones. <\/p>\n<\/div><\/div>\n","protected":false},"excerpt":{"rendered":"<p>Explora las opciones siguientes para mejorar tu credibilidad y visibilidad en ScamAdviser:<\/p>\n<ul>\n<li>\u2728 Opiniones reales de 5 estrellas en ScamAdviser<\/li>\n<li>\ud83d\udd52 Entrega r\u00e1pida garantizada<\/li>\n<li>\ud83d\udd10 La forma m\u00e1s segura de aumentar la puntuaci\u00f3n de tu perfil<\/li>\n<li>\ud83d\udcca Aumenta tu puntuaci\u00f3n global de evaluaci\u00f3n en ScamAdviser<\/li>\n<\/ul>\n<p><strong>Por desgracia, \u00a1ya no vendemos rese\u00f1as!<\/strong><br \/>\n<strong>\u26a0\ufe0f\u26a0\ufe0f\u26a0\ufe0f \u00a1\u00a1\u00a1ATENCI\u00d3N!!! \u00a1S\u00f3lo compra opiniones de una fuente fiable! Puedes comprar opiniones de forma segura y fiable en <a href=\"http:\/\/wolfofreputation.com\">wolfofreputation.com<\/a> <\/strong><\/p>\n","protected":false},"featured_media":9531,"comment_status":"closed","ping_status":"closed","template":"","meta":[],"product_brand":[],"product_cat":[106],"product_tag":[],"class_list":{"0":"post-12719","1":"product","2":"type-product","3":"status-publish","4":"has-post-thumbnail","6":"product_cat-sin-categoria","8":"first","9":"instock","10":"shipping-taxable","11":"purchasable","12":"product-type-variable"},"aioseo_notices":[],"_links":{"self":[{"href":"https:\/\/comprarseguidores.io\/es\/wp-json\/wp\/v2\/product\/12719","targetHints":{"allow":["GET"]}}],"collection":[{"href":"https:\/\/comprarseguidores.io\/es\/wp-json\/wp\/v2\/product"}],"about":[{"href":"https:\/\/comprarseguidores.io\/es\/wp-json\/wp\/v2\/types\/product"}],"replies":[{"embeddable":true,"href":"https:\/\/comprarseguidores.io\/es\/wp-json\/wp\/v2\/comments?post=12719"}],"version-history":[{"count":1,"href":"https:\/\/comprarseguidores.io\/es\/wp-json\/wp\/v2\/product\/12719\/revisions"}],"predecessor-version":[{"id":12740,"href":"https:\/\/comprarseguidores.io\/es\/wp-json\/wp\/v2\/product\/12719\/revisions\/12740"}],"wp:featuredmedia":[{"embeddable":true,"href":"https:\/\/comprarseguidores.io\/es\/wp-json\/wp\/v2\/media\/9531"}],"wp:attachment":[{"href":"https:\/\/comprarseguidores.io\/es\/wp-json\/wp\/v2\/media?parent=12719"}],"wp:term":[{"taxonomy":"product_brand","embeddable":true,"href":"https:\/\/comprarseguidores.io\/es\/wp-json\/wp\/v2\/product_brand?post=12719"},{"taxonomy":"product_cat","embeddable":true,"href":"https:\/\/comprarseguidores.io\/es\/wp-json\/wp\/v2\/product_cat?post=12719"},{"taxonomy":"product_tag","embeddable":true,"href":"https:\/\/comprarseguidores.io\/es\/wp-json\/wp\/v2\/product_tag?post=12719"}],"curies":[{"name":"wp","href":"https:\/\/api.w.org\/{rel}","templated":true}]}}