{"id":12727,"date":"2024-06-17T13:17:08","date_gmt":"2024-06-17T13:17:08","guid":{"rendered":"https:\/\/comprarseguidores.io\/product\/comprar-likes-para-publicaciones-en-facebook\/"},"modified":"2025-04-06T12:08:20","modified_gmt":"2025-04-06T12:08:20","slug":"comprar-likes-para-publicaciones-en-facebook","status":"publish","type":"product","link":"https:\/\/comprarseguidores.io\/es\/product\/comprar-likes-para-publicaciones-en-facebook\/","title":{"rendered":"Comprar likes para publicaciones en facebook"},"content":{"rendered":"\n<h2 class=\"wp-block-heading\">Comprar Me gusta en publicaciones de Facebook<\/h2>\n\n<p>Comprar Me gusta en publicaciones de Facebook ofrece varias ventajas importantes para mejorar tu presencia en las redes sociales. En primer lugar, aumenta la visibilidad de tu publicaci\u00f3n, haci\u00e9ndola m\u00e1s popular y atrayendo m\u00e1s participaci\u00f3n org\u00e1nica. M\u00e1s likes pueden mejorar tu credibilidad y prueba social, haciendo que tu perfil sea m\u00e1s atractivo para posibles seguidores y anunciantes. Este aumento del compromiso tambi\u00e9n puede mejorar tu clasificaci\u00f3n en el algoritmo de Facebook, lo que se traduce en una mayor visibilidad y alcance.   <\/p>\n\n<p>Adem\u00e1s, un mayor n\u00famero de \"Me gusta\" puede fomentar m\u00e1s interacciones, ya que la gente tiende a comprometerse m\u00e1s con contenidos que parecen populares y bien recibidos. En general, comprar \"Me gusta\" en las publicaciones de Facebook es una estrategia eficaz para mejorar r\u00e1pidamente tu presencia en Internet e impulsar el crecimiento org\u00e1nico. <\/p>\n\n<h2 class=\"wp-block-heading\">Comprar Me gusta reales en publicaciones de Facebook &#8211; Mujeres<\/h2>\n\n<p>Aumenta la participaci\u00f3n del p\u00fablico femenino con nuestro paquete \"Me gusta reales en publicaciones de Facebook &#8211; Mujeres\". Recibe \"Me gusta\" aut\u00e9nticos de perfiles femeninos y aumenta la credibilidad y el atractivo de tu publicaci\u00f3n para las usuarias de Facebook. <\/p>\n\n<h2 class=\"wp-block-heading\">Comprar Me Gusta Reales en Facebook &#8211; Hombres<\/h2>\n\n<p>Mejora la interacci\u00f3n de tu publicaci\u00f3n con nuestro paquete \"Me gusta reales de Facebook &#8211; Hombres\". Recibe likes aut\u00e9nticos de perfiles masculinos y aumenta el engagement y la popularidad de tu post entre los usuarios masculinos. <\/p>\n\n<h2 class=\"wp-block-heading\">Comprar Me Gusta en Facebook &#8211; \ud83d\udc4d\ud83c\udffb<\/h2>\n\n<p>Impulsa tu publicaci\u00f3n con nuestro paquete \"Facebook Likes -\". \ud83d\udc4d\ud83c\udffb\". Esta opci\u00f3n mejora la visibilidad y credibilidad de tu contenido, atrayendo m\u00e1s likes e interacciones org\u00e1nicas. <\/p>\n\n<h2 class=\"wp-block-heading\">Comprar Me Gusta en Facebook &#8211; \u2764\ufe0f<\/h2>\n\n<p>Muestra a tus publicaciones un poco de amor con nuestro paquete \"Facebook Likes -\". \u2764\ufe0f\". Aumenta el compromiso de tus publicaciones con reacciones sinceras, haciendo que tu contenido sea m\u00e1s atractivo y ampliamente compartido. <\/p>\n\n<h2 class=\"wp-block-heading\">Comprar Me Gusta en Facebook &#8211; \ud83e\udd70<\/h2>\n\n<p>A\u00f1ade un toque especial a tus publicaciones con nuestro paquete \"Facebook Likes -\". \ud83e\udd70\". Estas reacciones aumentan el compromiso de tu publicaci\u00f3n y la hacen m\u00e1s atractiva para tu audiencia. <\/p>\n\n<h2 class=\"wp-block-heading\">Comprar Me Gusta en Facebook &#8211; \ud83d\ude02<\/h2>\n\n<p>Haz que tu contenido sea m\u00e1s divertido con nuestro paquete \"Me gusta en Facebook -\". \ud83d\ude02\". Recibe reacciones de risa que resalten el humor de tu publicaci\u00f3n y atraigan m\u00e1s participaci\u00f3n org\u00e1nica. <\/p>\n\n<h2 class=\"wp-block-heading\">Comprar Me Gusta en Facebook &#8211; \ud83d\ude2e<\/h2>\n\n<p>Sorprende a tu p\u00fablico con nuestro paquete \"Me gusta en Facebook -\". \ud83d\ude2e\". Estas reacciones aumentan el compromiso de tu publicaci\u00f3n y muestran lo interesante e impactante que es tu contenido. <\/p>\n\n<h2 class=\"wp-block-heading\">\u00bfCu\u00e1les son las ventajas de comprar \"Me gusta\" en las publicaciones de Facebook?<\/h2>\n\n<p>Comprar likes en publicaciones de Facebook tiene muchas ventajas:<\/p>\n\n<ul class=\"wp-block-list\">\n<li><strong>Mayor visibilidad:<\/strong> Las publicaciones con m\u00e1s Me gusta aparecen con m\u00e1s frecuencia en los feeds de los usuarios, atrayendo m\u00e1s participaci\u00f3n org\u00e1nica.<\/li>\n\n\n\n<li><strong>M\u00e1s credibilidad:<\/strong> Un elevado n\u00famero de me gusta mejora la credibilidad y la prueba social de tu perfil, haciendo que tu contenido sea m\u00e1s atractivo para seguidores y anunciantes.<\/li>\n\n\n\n<li><strong>Mejor clasificaci\u00f3n en el algoritmo:<\/strong> El algoritmo de Facebook da prioridad a las publicaciones con alto engagement, aumentando su alcance y visibilidad.<\/li>\n\n\n\n<li><strong>M\u00e1s interacciones:<\/strong> Las publicaciones populares atraen m\u00e1s comentarios, comparticiones y me gusta, lo que aumenta la participaci\u00f3n general.<\/li>\n\n\n\n<li><strong>Crecimiento acelerado:<\/strong> Comprar \"Me gusta\" puede acelerar tu crecimiento en la plataforma y ayudarte a construir r\u00e1pidamente una audiencia mayor y m\u00e1s comprometida.<\/li>\n<\/ul>\n\n<h2 class=\"wp-block-heading\">\u00bfEs seguro comprar \"Me gusta\" en las publicaciones de Facebook?<\/h2>\n\n<p>S\u00ed, comprar \"Me gusta\" en publicaciones de Facebook es seguro cuando se adquieren en sitios aut\u00e9nticos y fiables. Estos proveedores garantizan que los \"me gusta\" proceden de cuentas reales y activas y que cumplen <a href=\"https:\/\/www.facebook.com\/help\/1735443093393986\">las directrices y pol\u00edticas de Facebook<\/a>. Al seguir estas normas, minimizan el riesgo de sanciones como el bloqueo de cuentas o el shadowbanning. Los sitios de confianza utilizan m\u00e9todos seguros para proporcionar \"Me gusta\", preservando la integridad y seguridad de tu cuenta.   <\/p>\n\n<p>Adem\u00e1s, los proveedores de confianza ofrecen atenci\u00f3n al cliente para responder a cualquier pregunta o problema, garantizando un proceso de compra seguro y sin problemas. Al elegir un servicio fiable, puedes aumentar tu participaci\u00f3n y visibilidad en Facebook con confianza, sin comprometer la seguridad de tu cuenta. <\/p>\n\n<figure class=\"wp-block-image size-full\"><img decoding=\"async\" src=\"https:\/\/follower-kaufen.io\/wp-content\/uploads\/2024\/07\/Facebook-Post-Likes-kaufen.png\" alt=\"\" class=\"wp-image-8869\"\/><figcaption class=\"wp-element-caption\">#image_title<\/figcaption><\/figure>\n\n<h2 class=\"wp-block-heading\">\u00bfC\u00f3mo comprar \"Me gusta\" en las publicaciones de Facebook?<\/h2>\n\n<p>Comprar Me gusta en publicaciones de Facebook es extremadamente sencillo y r\u00e1pido. S\u00f3lo tienes que introducir la URL de tu publicaci\u00f3n en el campo correspondiente, seleccionar el n\u00famero de \"Me gusta\" deseado y finalizar el pedido. Todo el proceso s\u00f3lo lleva unos minutos y, una vez realizado el pedido, la tramitaci\u00f3n suele comenzar en unas horas.  <\/p>\n\n<p>Ver\u00e1s los resultados casi de inmediato, ya que el aumento de \"Me gusta\" mejora la visibilidad y el compromiso de tu publicaci\u00f3n de forma r\u00e1pida y eficaz. Este sencillo m\u00e9todo te permite reforzar tu presencia en Facebook de forma eficaz. <\/p>\n\n<h2 class=\"wp-block-heading\">\u00bfCu\u00e1nto cuestan 1000 me gusta en las publicaciones de Facebook?<\/h2>\n\n<p>El coste de 1.000 me gusta en publicaciones de Facebook var\u00eda de 10 a 250 euros, dependiendo del paquete que elijas y de si los me gusta proceden de cuentas reales o de bots. Los likes reales de cuentas activas suelen ser m\u00e1s caros, mientras que los likes generados por bots son m\u00e1s baratos, pero pueden no ofrecer el mismo nivel de compromiso y credibilidad. Esta variaci\u00f3n en los precios te permite elegir la opci\u00f3n que mejor se adapte a tu presupuesto y objetivos.  <\/p>\n\n<h2 class=\"wp-block-heading\">\u00bfC\u00f3mo puedo conseguir m\u00e1s \"Me gusta\" en las publicaciones de Facebook?<\/h2>\n\n<p>Para conseguir m\u00e1s \"me gusta\" en tus publicaciones de Facebook, aplica las siguientes estrategias:<\/p>\n\n<ol class=\"wp-block-list\">\n<li><strong>Crea contenido atractivo<\/strong>: Comparte contenido de alta calidad que sea interesante y relevante para tu audiencia.<\/li>\n\n\n\n<li><strong>Utiliza im\u00e1genes llamativas<\/strong>: Incorpora fotos, v\u00eddeos y gr\u00e1ficos atractivos para captar la atenci\u00f3n y fomentar los \"me gusta\".<\/li>\n\n\n\n<li><strong>Publica con regularidad<\/strong>: Mant\u00e9n un calendario de publicaciones coherente para que tu audiencia siga interesada y vuelva.<\/li>\n\n\n\n<li><strong>Utiliza hashtags<\/strong>: Utiliza hashtags relevantes para aumentar la visibilidad de tus publicaciones y llegar a un p\u00fablico m\u00e1s amplio.<\/li>\n\n\n\n<li><strong>Interact\u00faa con tu audiencia<\/strong>: Responde a los comentarios y mensajes para crear una comunidad y fomentar un mayor compromiso.<\/li>\n\n\n\n<li><strong>Potencia tus publicaciones<\/strong>: Utiliza anuncios de pago en Facebook para ampliar el alcance de tus publicaciones.<\/li>\n\n\n\n<li><strong>Colabora con personas infl<\/strong>uyentes: La colaboraci\u00f3n con personas influyentes de tu nicho puede ayudarte a difundir tu contenido a un p\u00fablico m\u00e1s amplio.<\/li>\n\n\n\n<li><strong>Organiza sorteos y concursos<\/strong>: Promueve concursos en los que los participantes necesiten que les gusten tus publicaciones para participar.<\/li>\n\n\n\n<li><strong>Comparte contenido generado por los usuarios<\/strong>: Anima a tus seguidores a crear contenido relacionado con tu marca y comparte estas publicaciones para generar m\u00e1s likes y engagement.<\/li>\n<\/ol>\n\n<p>Poniendo en pr\u00e1ctica estas estrategias, puedes aumentar significativamente el n\u00famero de me gusta en tus publicaciones de Facebook.<\/p>\n\n<h2 class=\"wp-block-heading\">\u00bfPor qu\u00e9 comprarseguidores.io es la mejor plataforma para comprar likes de Facebook?<\/h2>\n\n<p>El sitio comprarseguidores.io destaca como la mejor opci\u00f3n para comprar likes en publicaciones de Facebook por varias razones. En primer lugar, ofrece likes de alta calidad de cuentas reales y activas, lo que garantiza que tu participaci\u00f3n parezca aut\u00e9ntica y digna de confianza. El proceso de compra es sencillo y r\u00e1pido, los pedidos se procesan en pocas horas y los resultados son visibles casi de inmediato. La plataforma tambi\u00e9n da prioridad a la seguridad de tu cuenta, siguiendo las directrices de Facebook y utilizando m\u00e9todos de pago seguros.   <\/p>\n\n<p>Los precios competitivos te permiten elegir paquetes asequibles sin comprometer la calidad. Adem\u00e1s, el sitio ofrece una excelente atenci\u00f3n al cliente, con un servicio atento y servicial para responder preguntas o resolver problemas. Las numerosas opiniones positivas de clientes satisfechos demuestran la eficacia y fiabilidad de los servicios de comprarseguidores.io, lo que lo convierte en una opci\u00f3n fiable para impulsar el engagement en Facebook.  <\/p>\n\n<h2 class=\"wp-block-heading\">Comprarseguidores.io ofrece los siguientes paquetes de likes para publicaciones de Facebook:<\/h2>\n\n<ul class=\"wp-block-list\">\n<li>25 me gusta en las publicaciones de Facebook<\/li>\n\n\n\n<li>50 me gusta en publicaciones de Facebook<\/li>\n\n\n\n<li>75 me gusta en publicaciones de Facebook<\/li>\n\n\n\n<li>100 me gusta en publicaciones de Facebook<\/li>\n\n\n\n<li>500 me gusta en publicaciones de Facebook<\/li>\n\n\n\n<li>1000 me gusta en publicaciones de Facebook<\/li>\n<\/ul>\n\n<h2 class=\"wp-block-heading\">Comprar Me Gusta en Fotos de Facebook<\/h2>\n\n<p>Cualquiera que venda productos en Facebook, quiera hacerse famoso o simplemente aumentar su red de contactos puede beneficiarse de comprar likes en fotos de Facebook. Comprar Me gusta en fotos de Facebook tiene muchas ventajas: <\/p>\n\n<ul class=\"wp-block-list\">\n<li>Muchos me gusta en las publicaciones de tu p\u00e1gina ayudan a aumentar r\u00e1pidamente el n\u00famero de seguidores.<\/li>\n\n\n\n<li>Esto tambi\u00e9n puede impulsar las ventas de tus productos o servicios.<\/li>\n\n\n\n<li>Al a\u00f1adir el enlace de tu sitio web a la publicaci\u00f3n, generas tr\u00e1fico adicional, aumentando el n\u00famero de clics a tu p\u00e1gina.<\/li>\n\n\n\n<li>Comprando likes, atraes la atenci\u00f3n de usuarios org\u00e1nicos reales, que pueden visitar tu perfil y seguirte.<\/li>\n\n\n\n<li>La popularidad de tu p\u00e1gina crecer\u00e1 m\u00e1s r\u00e1pido con esta estrategia.<\/li>\n<\/ul>\n\n<h2 class=\"wp-block-heading\">M\u00e1s likes en tu foto de perfil de Facebook<\/h2>\n\n<p>\u00bfQuieres asegurarte de que tu foto de perfil recibe muchos \"me gusta\"? Hay varios consejos para hacer que tu imagen destaque. Con estas sugerencias, \u00a1ser\u00e1 m\u00e1s f\u00e1cil conseguir muchos me gusta en tu foto de perfil!  <\/p>\n\n<ul class=\"wp-block-list\">\n<li><strong>Ten muchos amigos<\/strong>: Si s\u00f3lo tienes 100 amigos, es poco probable que a todos les guste tu foto de perfil. Normalmente, alrededor del 20% de tus amigos responden con \"me gusta\". Si tienes 500 amigos, puedes esperar unos 100 \"me gusta\".  <\/li>\n\n\n\n<li><strong>Me gustan las fotos de perfil de tus amigos<\/strong>: Adem\u00e1s de tener muchos amigos, es esencial que interact\u00faes d\u00e1ndole a me gusta y comentando sus fotos.<\/li>\n\n\n\n<li><strong>Publica tu nueva foto de perfil en un momento estrat\u00e9gico<\/strong>: Investiga cu\u00e1les son los mejores momentos para publicar.<\/li>\n\n\n\n<li>\u00a1<strong>Sonr\u00ede con la boca abierta<\/strong>!<\/li>\n\n\n\n<li><strong>Escribe un pie de foto original y divertido<\/strong>: Un pie de foto creativo puede atraer m\u00e1s likes que una foto sin descripci\u00f3n.<\/li>\n<\/ul>\n\n<h2 class=\"wp-block-heading\">\u00bfC\u00f3mo me gusta una foto en Facebook? \u00bfO un post? <\/h2>\n\n<ol class=\"wp-block-list\">\n<li><strong>Accede a Facebook<\/strong>: Toca el icono de la aplicaci\u00f3n de Facebook (en el m\u00f3vil) o ve a <a href=\"https:\/\/www.facebook.com\/\">https:\/\/www.facebook.com\/<\/a> en tu navegador (escritorio). Esto abrir\u00e1 tu feed de noticias si ya has iniciado sesi\u00f3n. De lo contrario, introduce tu direcci\u00f3n de correo electr\u00f3nico (o n\u00famero de tel\u00e9fono) y contrase\u00f1a y haz clic en \"Iniciar sesi\u00f3n\".  <\/li>\n\n\n\n<li><strong>Despl\u00e1zate hasta que encuentres una publicaci\u00f3n que te guste<\/strong>: Navega por tu feed hasta que encuentres algo que te llame la atenci\u00f3n. Si quieres que te guste una publicaci\u00f3n concreta, escribe el nombre de la persona que la public\u00f3 en la barra de b\u00fasqueda, accede a su perfil y despl\u00e1zate hasta la publicaci\u00f3n. Tambi\u00e9n te pueden gustar p\u00e1ginas y empresas.  <\/li>\n\n\n\n<li><strong>Pulsa el bot\u00f3n \"Me gusta\"<\/strong>: Toca o haz clic en el icono de \"pulgar hacia arriba\" situado debajo de la publicaci\u00f3n. Esto a\u00f1adir\u00e1 tu \"Me gusta\", y se notificar\u00e1 a la persona que hizo la publicaci\u00f3n. Para eliminar el me gusta, toca o pulsa de nuevo el bot\u00f3n.  <\/li>\n\n\n\n<li><strong>Ver otras reacciones adem\u00e1s de \"Me gusta\":<\/strong> Hay otras opciones para las reacciones, como \"Me encanta\" \u2764\ufe0f o \"Jaja \ud83d\ude02que puedes utilizar para expresar distintas emociones. He aqu\u00ed c\u00f3mo hacerlo: \n<ul class=\"wp-block-list\">\n<li><strong>M\u00f3vil<\/strong>: Mant\u00e9n pulsado el bot\u00f3n \"Me gusta\" hasta que aparezca un men\u00fa con las reacciones disponibles y, a continuaci\u00f3n, selecciona la que quieras.<\/li>\n\n\n\n<li><strong>Ordenador<\/strong>: Pasa el rat\u00f3n por encima del bot\u00f3n \"Me gusta\" hasta que aparezca un men\u00fa de reacciones y haz clic en la que prefieras.<\/li>\n<\/ul>\n<\/li>\n\n\n\n<li><strong>Me gustan los comentarios<\/strong>: Tambi\u00e9n te pueden gustar los comentarios de las publicaciones. Al igual que con las publicaciones, puedes reaccionar con emojis para expresar mejor tus emociones. (v\u00eda Wikihow)  <\/li>\n<\/ol>\n\n<h2 class=\"wp-block-heading\">Me gusta vs. Seguidores en Facebook<\/h2>\n\n<p>Cuando a alguien le gusta tu p\u00e1gina de Facebook, se convierte en fan de tu p\u00e1gina. Al darle a \"Me gusta\", autom\u00e1ticamente empieza a seguirte. Tambi\u00e9n significa que ha decidido asociar p\u00fablicamente su nombre a tu p\u00e1gina.  <\/p>\n\n<p>Por otro lado, alguien puede seguir tu p\u00e1gina sin que le guste. Esto significa que esta persona recibir\u00e1 actualizaciones cada vez que publiques algo, pero sin que se le asocie p\u00fablicamente con tu p\u00e1gina. Lo ideal es tener fans de Facebook a los que les guste y sigan tu p\u00e1gina. Esto ayuda a construir la prueba social, ya que los fans tambi\u00e9n pueden aparecer en anuncios sobre tu p\u00e1gina. \u00bfQuieres conseguir m\u00e1s \"me gusta\" en tu <a href=\"https:\/\/www.facebook.com\/business\/help\/473994396650734?id=939256796236247\">p\u00e1gina de empresa de Facebook<\/a>? Aqu\u00ed tienes nuestros consejos.     <\/p>\n\n<h2 class=\"wp-block-heading\">PREGUNTAS FRECUENTES<\/h2>\n\n<div data-schema-only=\"false\" class=\"wp-block-aioseo-faq\"><h3 class=\"aioseo-faq-block-question\">S\u00e3o curtidas reais em postagens do Facebook?<\/h3><div class=\"aioseo-faq-block-answer\">\n<p>S\u00ed, son \"Me gusta\" reales de publicaciones de Facebook realizadas por usuarios activos.<\/p>\n<\/div><\/div>\n\n<div data-schema-only=\"false\" class=\"wp-block-aioseo-faq\"><h3 class=\"aioseo-faq-block-question\">A compra de curtidas em postagens \u00e9 uma pr\u00e1tica comum?<\/h3><div class=\"aioseo-faq-block-answer\">\n<p>S\u00ed, comprar \"Me gusta\" en las publicaciones es una pr\u00e1ctica habitual en Facebook. Muchas personas influyentes, empresas y particulares utilizan esta estrategia para aumentar su visibilidad, credibilidad y participaci\u00f3n en la plataforma. <\/p>\n<\/div><\/div>\n\n<div data-schema-only=\"false\" class=\"wp-block-aioseo-faq\"><h3 class=\"aioseo-faq-block-question\">Quanto tempo leva para ver os resultados?<\/h3><div class=\"aioseo-faq-block-answer\">\n<p>Ver\u00e1s los resultados casi inmediatamente despu\u00e9s de que se haya procesado tu pedido, normalmente en unas pocas horas.<\/p>\n<\/div><\/div>\n\n<div data-schema-only=\"false\" class=\"wp-block-aioseo-faq\"><h3 class=\"aioseo-faq-block-question\">Posso ser banido por comprar curtidas em postagens do Facebook?<\/h3><div class=\"aioseo-faq-block-answer\">\n<p>No, es poco probable que te bloqueen por comprar \"Me gusta\" en publicaciones de Facebook, siempre que los compres en un sitio aut\u00e9ntico. Los proveedores reputados garantizan que los \"me gusta\" proceden de cuentas reales y activas que cumplen las directrices de Facebook, lo que mantiene tu cuenta a salvo y minimiza el riesgo de sanciones o suspensiones. <\/p>\n<\/div><\/div>\n\n<div data-schema-only=\"false\" class=\"wp-block-aioseo-faq\"><h3 class=\"aioseo-faq-block-question\">Quantas curtidas em postagens do Facebook devo comprar?<\/h3><div class=\"aioseo-faq-block-answer\">\n<p>El n\u00famero de \"Me gusta\" que debes comprar depende de tus objetivos. Si quieres un aumento inicial del compromiso y la visibilidad, una cantidad menor puede ser suficiente. Para un crecimiento significativo y un mayor alcance, considerar la compra de una cantidad mayor puede ser m\u00e1s eficaz.  <\/p>\n<\/div><\/div>\n\n<div data-schema-only=\"false\" class=\"wp-block-aioseo-faq\"><h3 class=\"aioseo-faq-block-question\">Por que comprar curtidas em postagens do Facebook?<\/h3><div class=\"aioseo-faq-block-answer\">\n<p>Comprar Me gusta en publicaciones de Facebook puede aumentar significativamente la visibilidad de tus publicaciones, haci\u00e9ndolas m\u00e1s populares y atractivas para otras personas. Esta popularidad percibida puede atraer m\u00e1s visitas org\u00e1nicas, me gusta y compartidos, ampliando tu alcance y mejorando el compromiso con tu contenido. <\/p>\n<\/div><\/div>\n\n<div data-schema-only=\"false\" class=\"wp-block-aioseo-faq\"><h3 class=\"aioseo-faq-block-question\">Quais benef\u00edcios posso esperar ao comprar curtidas em postagens do Facebook?<\/h3><div class=\"aioseo-faq-block-answer\">\n<p>Comprar Me gusta en las publicaciones de Facebook aumenta tu visibilidad y credibilidad, haciendo que tu contenido sea m\u00e1s atractivo para posibles seguidores y anunciantes. Esto se traduce en un mayor compromiso, un mejor posicionamiento en el algoritmo de la plataforma y un crecimiento m\u00e1s r\u00e1pido en la red. <\/p>\n<\/div><\/div>\n\n<div data-schema-only=\"false\" class=\"wp-block-aioseo-faq\"><h3 class=\"aioseo-faq-block-question\">Uma grande quantidade de curtidas pode aumentar o engajamento org\u00e2nico?<\/h3><div class=\"aioseo-faq-block-answer\">\n<p>S\u00ed, un gran n\u00famero de Me gusta puede aumentar la participaci\u00f3n org\u00e1nica en Facebook. Un mayor n\u00famero de Me gusta hace que tus publicaciones parezcan m\u00e1s populares, lo que fomenta otras interacciones como m\u00e1s Me gusta, comentarios y compartidos, lo que mejora tu visibilidad en el algoritmo de Facebook. <\/p>\n<\/div><\/div>\n\n<div data-schema-only=\"false\" class=\"wp-block-aioseo-faq\"><h3 class=\"aioseo-faq-block-question\">O que fazer se meu pedido n\u00e3o for entregue?<\/h3><div class=\"aioseo-faq-block-answer\">\n<p>Si tu pedido no se entrega, comprueba la confirmaci\u00f3n del pedido y los detalles del pago para asegurarte de que todo es correcto. A continuaci\u00f3n, ponte en contacto con el servicio de atenci\u00f3n al cliente con los datos de tu pedido para resolver el problema. Deber\u00edan poder ayudarte y ofrecerte una soluci\u00f3n.  <\/p>\n<\/div><\/div>\n\n<div data-schema-only=\"false\" class=\"wp-block-aioseo-faq\"><h3 class=\"aioseo-faq-block-question\">Quais m\u00e9todos de pagamento voc\u00eas oferecem?<\/h3><div class=\"aioseo-faq-block-answer\">\n<p>Ofrecemos diversos m\u00e9todos de pago, como tarjetas de cr\u00e9dito, PayPal y, en algunos casos, criptomonedas. Esta variedad te permite elegir la opci\u00f3n m\u00e1s conveniente para tus transacciones. <\/p>\n<\/div><\/div>\n","protected":false},"excerpt":{"rendered":"<p>\ud83d\udc4d \u00a1Consigue likes reales en Facebook!<br \/>\n\u23e9 Entrega r\u00e1pida<br \/>\n\ud83c\udf1f Mant\u00e9n un aspecto aut\u00e9ntico<br \/>\n\ud83d\udcf8 Compra likes para tus fotos o publicaciones<br \/>\n\ud83d\ude80 Aumenta tu engagement al instante<br \/>\n\ud83d\udcc8 Mejora la credibilidad de tu perfil<br \/>\n\ud83d\udc65 Atrae m\u00e1s interacciones org\u00e1nicas<\/p>\n","protected":false},"featured_media":7215,"comment_status":"closed","ping_status":"closed","template":"","meta":[],"product_brand":[],"product_cat":[106],"product_tag":[],"class_list":{"0":"post-12727","1":"product","2":"type-product","3":"status-publish","4":"has-post-thumbnail","6":"product_cat-sin-categoria","8":"first","9":"instock","10":"shipping-taxable","11":"purchasable","12":"product-type-variable"},"aioseo_notices":[],"_links":{"self":[{"href":"https:\/\/comprarseguidores.io\/es\/wp-json\/wp\/v2\/product\/12727","targetHints":{"allow":["GET"]}}],"collection":[{"href":"https:\/\/comprarseguidores.io\/es\/wp-json\/wp\/v2\/product"}],"about":[{"href":"https:\/\/comprarseguidores.io\/es\/wp-json\/wp\/v2\/types\/product"}],"replies":[{"embeddable":true,"href":"https:\/\/comprarseguidores.io\/es\/wp-json\/wp\/v2\/comments?post=12727"}],"version-history":[{"count":1,"href":"https:\/\/comprarseguidores.io\/es\/wp-json\/wp\/v2\/product\/12727\/revisions"}],"predecessor-version":[{"id":12773,"href":"https:\/\/comprarseguidores.io\/es\/wp-json\/wp\/v2\/product\/12727\/revisions\/12773"}],"wp:featuredmedia":[{"embeddable":true,"href":"https:\/\/comprarseguidores.io\/es\/wp-json\/wp\/v2\/media\/7215"}],"wp:attachment":[{"href":"https:\/\/comprarseguidores.io\/es\/wp-json\/wp\/v2\/media?parent=12727"}],"wp:term":[{"taxonomy":"product_brand","embeddable":true,"href":"https:\/\/comprarseguidores.io\/es\/wp-json\/wp\/v2\/product_brand?post=12727"},{"taxonomy":"product_cat","embeddable":true,"href":"https:\/\/comprarseguidores.io\/es\/wp-json\/wp\/v2\/product_cat?post=12727"},{"taxonomy":"product_tag","embeddable":true,"href":"https:\/\/comprarseguidores.io\/es\/wp-json\/wp\/v2\/product_tag?post=12727"}],"curies":[{"name":"wp","href":"https:\/\/api.w.org\/{rel}","templated":true}]}}