{"id":12892,"date":"2025-03-29T07:28:02","date_gmt":"2025-03-29T07:28:02","guid":{"rendered":"https:\/\/comprarseguidores.io\/product\/comprar-mensajes-de-discordia-2\/"},"modified":"2025-04-06T12:14:53","modified_gmt":"2025-04-06T12:14:53","slug":"comprar-mensajes-de-discordia-2","status":"publish","type":"product","link":"https:\/\/comprarseguidores.io\/es\/product\/comprar-mensajes-de-discordia-2\/","title":{"rendered":"Comprar mensajes de Discordia"},"content":{"rendered":"\n<h2 class=\"wp-block-heading\">Comprar mensajes de Discord: Paquetes de mensajes de Discord<\/h2>\n\n<p>\u00a1Impulsa la actividad y el compromiso en tu servidor de Discord con nuestros paquetes de reacci\u00f3n personalizados! Elige el paquete perfecto que se adapte a tus necesidades y observa c\u00f3mo prospera tu servidor.<br\/>\ud83d\udd39 Paquete 1:<br\/>40 mensajes al d\u00eda durante 1 semana<br\/>Un total de m\u00e1s de 280 mensajes<br\/>\ud83d\udd39 Paquete 2:<br\/>80 mensajes al d\u00eda durante 1 semana<br\/>Un total de m\u00e1s de 560 mensajes<br\/>\ud83d\udd39 Paquete 3:<br\/>40 mensajes al d\u00eda durante 1 mes<br\/>Un total de m\u00e1s de 1200 mensajes<br\/>\ud83d\udd39 Paquete 4:<br\/>80 mensajes al d\u00eda durante 1 mes<br\/>Un total de m\u00e1s de 2400 mensajes <\/p>\n\n<p>Cada paquete garantiza mensajes de alta calidad que estimulan la interacci\u00f3n y la conversaci\u00f3n en tu servidor. Es la soluci\u00f3n perfecta para potenciar el engagement de tu servidor y construir una comunidad activa. \u00a1Elige ahora tu paquete y experimenta la diferencia!  <\/p>\n\n<p><strong>Puedes mejorar la visibilidad y las estad\u00edsticas de tu perfil de Discord equilibrando el n\u00famero de mensajes, solicitudes de amistad, miembros del servidor, impulso del servidor y reacciones emoji.<\/strong><\/p>\n\n<h2 class=\"wp-block-heading\">\u00bfC\u00f3mo pueden las reacciones promocionar tu servidor Discord?<\/h2>\n\n<p>Las reacciones en Discord no s\u00f3lo son un signo de participaci\u00f3n, sino que tambi\u00e9n pueden ayudar a aumentar la visibilidad de las publicaciones. Una publicaci\u00f3n con muchas reacciones suele atraer m\u00e1s atenci\u00f3n y puede hacer que m\u00e1s usuarios se fijen y participen en la publicaci\u00f3n y, por tanto, en el servidor. <\/p>\n\n<h2 class=\"wp-block-heading\">\u00bfCu\u00e1les son las reacciones en Discordia?<\/h2>\n\n<p>Las reacciones en Discord son emojis que los usuarios pueden a\u00f1adir a los mensajes para expresar sus sentimientos, pensamientos o respuestas sin tener que escribir un mensaje completo. Proporcionan una forma r\u00e1pida y visual de comunicarse e interactuar. <\/p>\n\n<h2 class=\"wp-block-heading\">\u00bfC\u00f3mo pueden ayudarte las reacciones de compra?<\/h2>\n\n<p>Comprar reacciones puede ayudar a simular la participaci\u00f3n inicial y el inter\u00e9s en tus publicaciones. Esto, a su vez, puede atraer m\u00e1s interacciones org\u00e1nicas, ya que los usuarios tienden a participar en debates que ya muestran actividad. <\/p>\n\n<figure class=\"wp-block-image size-full\"><img fetchpriority=\"high\" decoding=\"async\" width=\"800\" height=\"600\" src=\"https:\/\/comprarseguidores.io\/wp-content\/uploads\/2024\/06\/Compre-mensagens-reais-do-Discord.png\" alt=\"Comprar mensajes de Discordia reales\" class=\"wp-image-8633\" srcset=\"https:\/\/comprarseguidores.io\/wp-content\/uploads\/2024\/06\/Compre-mensagens-reais-do-Discord.png 800w, https:\/\/comprarseguidores.io\/wp-content\/uploads\/2024\/06\/Compre-mensagens-reais-do-Discord-300x225.png 300w, https:\/\/comprarseguidores.io\/wp-content\/uploads\/2024\/06\/Compre-mensagens-reais-do-Discord-768x576.png 768w, https:\/\/comprarseguidores.io\/wp-content\/uploads\/2024\/06\/Compre-mensagens-reais-do-Discord-441x331.png 441w, https:\/\/comprarseguidores.io\/wp-content\/uploads\/2024\/06\/Compre-mensagens-reais-do-Discord-150x113.png 150w\" sizes=\"(max-width: 800px) 100vw, 800px\" \/><\/figure>\n\n<h2 class=\"wp-block-heading\">\u00bfQu\u00e9 paquete debo elegir?<\/h2>\n\n<p>La elecci\u00f3n del paquete depende de tus objetivos y del nivel de implicaci\u00f3n que desees. Si buscas una interacci\u00f3n constante durante un periodo m\u00e1s largo, lo ideal ser\u00eda un paquete mensual. Para impulsos a corto plazo, puede bastar un paquete semanal.  <\/p>\n\n<h2 class=\"wp-block-heading\">Comprar reacciones en Discord es perfecto para promocionar NFT en Discord<\/h2>\n\n<p>Las reacciones de los compradores pueden ayudar a aumentar el inter\u00e9s en tus lanzamientos de NFT y discusiones en Discord, lo que a su vez atrae a m\u00e1s compradores potenciales y partes interesadas.<\/p>\n\n<h2 class=\"wp-block-heading\">\u00bfC\u00f3mo promocionar NFTs en Discord?<\/h2>\n\n<p>Promociona las NFT en Discord a trav\u00e9s de canales tem\u00e1ticos espec\u00edficos, as\u00f3ciate con artistas o coleccionistas conocidos, organiza AMAs (Ask Me Anything) o paneles de debate y utiliza las reacciones para aumentar la participaci\u00f3n.<\/p>\n\n<h2 class=\"wp-block-heading\">C\u00f3mo ganar dinero en Discord<\/h2>\n\n<p>Promociona las NFT en Discord a trav\u00e9s de canales tem\u00e1ticos espec\u00edficos, as\u00f3ciate con artistas o coleccionistas conocidos, organiza AMAs (Ask Me Anything) o paneles de debate y utiliza las reacciones para aumentar la participaci\u00f3n.<\/p>\n\n<h2 class=\"wp-block-heading\">Promoci\u00f3n org\u00e1nica de los servidores Discord<\/h2>\n\n<p>En el mundo digital actual, los servidores Discord se han convertido en herramientas de comunicaci\u00f3n esenciales para comunidades, empresas y entusiastas. Un servidor Discord pr\u00f3spero puede aumentar la participaci\u00f3n, fortalecer la comunidad e incluso contribuir al \u00e9xito financiero. Pero, \u00bfc\u00f3mo promocionar un servidor sin recurrir a la publicidad de pago? Aqu\u00ed tienes algunos consejos para promocionar org\u00e1nicamente tu servidor Discord:   <\/p>\n\n<ul class=\"wp-block-list\">\n<li><strong>Contenido de alta calidad: <\/strong>Esta es la clave del \u00e9xito de cualquier participaci\u00f3n online. Aseg\u00farate de que tu servidor ofrece un valor a\u00f1adido, ya sea mediante publicaciones informativas, debates u otros contenidos interesantes. <\/li>\n\n\n\n<li><strong>Promueve el compromiso: Anima<\/strong> a los miembros a ser activos. Organiza eventos regulares, sesiones de preguntas y respuestas o noches de juego. Un servidor activo atrae a m\u00e1s miembros y anima a los nuevos usuarios a quedarse.  <\/li>\n\n\n\n<li><strong>Colaboraci\u00f3n y eventos cruzados:<\/strong> Colaborar con otros servidores Discord o plataformas online puede beneficiar a ambas comunidades.<\/li>\n\n\n\n<li><strong>Utiliza las redes sociales:<\/strong> Comparte lo m\u00e1s destacado, los pr\u00f3ximos eventos o debates interesantes de tu servidor en plataformas como Twitter, Instagram o Facebook. Esto puede ayudarte a llegar a un p\u00fablico m\u00e1s amplio. <\/li>\n\n\n\n<li><strong>Bonificaciones por invitaci\u00f3n:<\/strong> Anima a los afiliados a invitar a amigos ofreci\u00e9ndoles peque\u00f1os incentivos o bonificaciones por cada nuevo invitado.<\/li>\n\n\n\n<li><strong>Optimiza tu servidor<\/strong>: Aseg\u00farate de que tu servidor tiene normas claras, canales bien estructurados y moderadores serviciales. Un servidor bien organizado es m\u00e1s atractivo para los nuevos miembros. <\/li>\n\n\n\n<li><strong>Acepta las opiniones:<\/strong> Escucha las opiniones de tus miembros. Poner en pr\u00e1ctica las sugerencias y responder a los comentarios demuestra que te preocupas por tu comunidad. <\/li>\n\n\n\n<li><strong>SEO para Discord:<\/strong> Aunque parezca sorprendente, es posible optimizar tu servidor para los motores de b\u00fasqueda. Aseg\u00farate de que el nombre de tu servidor, la descripci\u00f3n y las palabras clave relevantes son adecuadas para los motores de b\u00fasqueda.<br\/>Construye una comunidad, no s\u00f3lo una lista de miembros: Fomenta las relaciones, promueve el respeto y crea un ambiente en el que la gente se sienta escuchada y valorada. <\/li>\n<\/ul>\n\n<p>La promoci\u00f3n org\u00e1nica requiere paciencia y compromiso, pero los resultados en forma de una comunidad comprometida y leal merecen la pena.<\/p>\n\n<h2 class=\"wp-block-heading\">\u00bfLos mensajes de Discord son privados?<\/h2>\n\n<p>S\u00ed, los mensajes de Discord son privados, especialmente los mensajes directos (DM) entre usuarios. Sin embargo, mientras que los DMs son privados entre los participantes, los mensajes dentro de los canales del servidor pueden ser vistos por cualquiera que tenga acceso a ese canal, dependiendo de la configuraci\u00f3n espec\u00edfica de privacidad y permisos del servidor. Es importante tener en cuenta que los administradores del servidor pueden tener acceso a los mensajes dentro de sus servidores. Aseg\u00farate siempre de saber qui\u00e9n puede ver los canales en los que publicas.   <\/p>\n\n<h2 class=\"wp-block-heading\">\u00bfQu\u00e9 son los mensajes de Discordia?<\/h2>\n\n<p>Los mensajes de Discord son comunicaciones intercambiadas en la plataforma Discord, que pueden enviarse como mensajes directos (DM) entre usuarios individuales o dentro de canales de grupo en varios servidores. Estos mensajes pueden incluir texto, im\u00e1genes, v\u00eddeos y enlaces. Discord permite tanto interacciones p\u00fablicas dentro de los canales de la comunidad como conversaciones privadas en DMs, ofreciendo un entorno de mensajer\u00eda vers\u00e1til para charlas casuales y discusiones m\u00e1s organizadas.  <\/p>\n\n<h2 class=\"wp-block-heading\">\u00bfC\u00f3mo puedo ver mi historial de mensajes de Discord?<\/h2>\n\n<p>Para ver el historial de mensajes en Discord, simplemente despl\u00e1zate hacia arriba en la ventana de chat donde quieras ver los mensajes anteriores. Discord carga los mensajes a medida que te desplazas, permiti\u00e9ndote ver todas las comunicaciones anteriores tanto en los mensajes directos como en los canales del servidor. Si buscas mensajes concretos, puedes utilizar la barra de b\u00fasqueda de la parte superior del chat. Escribe palabras clave, frases o nombres de usuario para encontrar mensajes espec\u00edficos dentro de ese chat. Esta funcionalidad es \u00fatil para revisar discusiones pasadas o localizar informaci\u00f3n importante compartida en conversaciones.    <\/p>\n\n<h2 class=\"wp-block-heading\">\u00bfDiscord analiza tus DMs?<\/h2>\n\n<p>Discord afirma que no supervisa ni ve de forma proactiva tus mensajes directos privados (DM). La plataforma est\u00e1 dise\u00f1ada para respetar la privacidad del usuario, lo que significa que el contenido de los mensajes directos se considera privado entre los participantes, a menos que se denuncie su violaci\u00f3n. En los casos en los que se denuncien mensajes, Discord puede revisarlos para garantizar el cumplimiento de las directrices de la comunidad y los requisitos legales.  <\/p>\n\n<h2 class=\"wp-block-heading\">\u00bfDiscord es una sala de chat?<\/h2>\n\n<p>S\u00ed, Discord es una aplicaci\u00f3n de chat que permite a los usuarios comunicarse mediante texto, voz y v\u00eddeo en mensajes privados o dentro de grupos comunitarios m\u00e1s grandes conocidos como servidores. Ofrece diversas funcionalidades para la interacci\u00f3n social, la colaboraci\u00f3n y las comunidades de juego, lo que la convierte en una plataforma vers\u00e1til para conectar a personas con diferentes intereses y actividades. <\/p>\n\n<h2 class=\"wp-block-heading\">\u00bfPuede Discord ver los mensajes borrados?<\/h2>\n\n<p>Una vez eliminados los mensajes en Discord, dejan de ser visibles para los usuarios y no pueden ser recuperados a trav\u00e9s de la aplicaci\u00f3n por el usuario. Sin embargo, es importante entender que Discord puede almacenar datos durante un cierto periodo de tiempo de acuerdo con su pol\u00edtica de retenci\u00f3n de datos, que puede incluir mensajes eliminados por razones operativas y legales. Por lo general, el equipo de Discord no accede ni visualiza los mensajes eliminados a menos que sea necesario por motivos legales o en respuesta a procesos legales v\u00e1lidos.  <\/p>\n\n<h2 class=\"wp-block-heading\">\u00bfEs seguro aceptar DMs en Discord?<\/h2>\n\n<p>Aceptar mensajes directos (DM) en Discordia puede ser seguro, pero es importante tener precauci\u00f3n, especialmente con los mensajes de usuarios desconocidos. Para proteger tu privacidad y seguridad, aseg\u00farate de ajustar tu configuraci\u00f3n de privacidad para controlar qui\u00e9n puede enviarte mensajes. Desconf\u00eda de los enlaces o archivos adjuntos no solicitados, ya que pueden ser potencialmente maliciosos. Utilizar el sentido com\u00fan y tomar precauciones puede ayudar a garantizar una experiencia segura al utilizar la funci\u00f3n DM de Discord.   <\/p>\n\n<h2 class=\"wp-block-heading\">\u00bfEs Discord seguro para mi hijo?<\/h2>\n\n<p>Discord puede ser seguro para los ni\u00f1os si se utiliza adecuadamente y con supervisi\u00f3n. Es importante asegurarse de que los ajustes de privacidad est\u00e1n configurados para limitar qui\u00e9n puede ponerse en contacto con tu hijo y de que se une a servidores seguros y apropiados para su edad. Educar a tu hijo sobre la seguridad en l\u00ednea, como no compartir informaci\u00f3n personal y reconocer comportamientos sospechosos, es crucial. Adem\u00e1s, el uso de los controles parentales de Discord puede ayudar a supervisar y restringir sus actividades para garantizar que tengan una experiencia online segura.   <\/p>\n\n<h2 class=\"wp-block-heading\">\u00bfHasta qu\u00e9 punto son seguros los mensajes privados de Discord?<\/h2>\n\n<p>Los mensajes privados de Discordia son relativamente seguros, ya que utilizan modernas t\u00e9cnicas de encriptaci\u00f3n para proteger la transmisi\u00f3n de datos. Sin embargo, aunque los mensajes son seguros durante la transmisi\u00f3n, Discord no utiliza encriptaci\u00f3n de extremo a extremo, lo que significa que los mensajes se encriptan en los servidores. Esta configuraci\u00f3n garantiza que los mensajes est\u00e9n seguros contra la interceptaci\u00f3n durante la transmisi\u00f3n, pero potencialmente accesibles en el lado del servidor en determinadas condiciones, como los requisitos legales. Siempre es prudente ser cauteloso al compartir informaci\u00f3n personal sensible en cualquier plataforma online.   <\/p>\n\n<h1 class=\"wp-block-heading\">PREGUNTAS FRECUENTES<\/h1>\n\n<div data-schema-only=\"false\" class=\"wp-block-aioseo-faq\"><h3 class=\"aioseo-faq-block-question\">\u00c9 poss\u00edvel enfrentar uma proibi\u00e7\u00e3o por comprar mensagens do Discord?<\/h3><div class=\"aioseo-faq-block-answer\">\n<p>Comprar mensajes de Discord a proveedores reputados que cumplen las directrices de Discord puede considerarse seguro, ya que estos servicios se adhieren a las normas de la plataforma. Este cumplimiento garantiza una participaci\u00f3n leg\u00edtima y minimiza el riesgo de sanciones o bloqueos en tu cuenta. <\/p>\n<\/div><\/div>\n\n<div data-schema-only=\"false\" class=\"wp-block-aioseo-faq\"><h3 class=\"aioseo-faq-block-question\">Essas mensagens do Discord permanecer\u00e3o para sempre?<\/h3><div class=\"aioseo-faq-block-answer\">\n<p>Los mensajes de Discord pueden permanecer indefinidamente a menos que sean borrados por los usuarios o eliminados por la administraci\u00f3n del servidor. Sin embargo, no hay garant\u00eda de permanencia, ya que Discordia tambi\u00e9n puede eliminar mensajes por mantenimiento o por pol\u00edticas de datos. <\/p>\n<\/div><\/div>\n\n<div data-schema-only=\"false\" class=\"wp-block-aioseo-faq\"><h3 class=\"aioseo-faq-block-question\">Quantas mensagens do Discord devo comprar?<\/h3><div class=\"aioseo-faq-block-answer\">\n<p>Comprar mensajes de Discord puede considerarse un movimiento estrat\u00e9gico para aumentar inicialmente la actividad en tu servidor, creando la apariencia de un alto compromiso. Empezar con una peque\u00f1a compra te permite probar la eficacia de este enfoque para fomentar el compromiso org\u00e1nico dentro de tu comunidad. <\/p>\n<\/div><\/div>\n\n<div data-schema-only=\"false\" class=\"wp-block-aioseo-faq\"><h3 class=\"aioseo-faq-block-question\">Que benef\u00edcios posso esperar ao comprar mensagens do Discord?<\/h3><div class=\"aioseo-faq-block-answer\">\n<p>Comprar mensajes de Discord no es una pr\u00e1ctica est\u00e1ndar ni recomendada, ya que puede poner en peligro la autenticidad de las interacciones de la comunidad. El compromiso genuino y org\u00e1nico es crucial para construir un entorno comunitario fiable y activo en Discord. <\/p>\n<\/div><\/div>\n\n<div data-schema-only=\"false\" class=\"wp-block-aioseo-faq\"><h3 class=\"aioseo-faq-block-question\">Essas s\u00e3o mensagens reais do Discord?<\/h3><div class=\"aioseo-faq-block-answer\">\n<p>S\u00ed, son mensajes reales de Discord de cuentas activas y aut\u00e9nticas.<\/p>\n<\/div><\/div>\n\n<div data-schema-only=\"false\" class=\"wp-block-aioseo-faq\"><h3 class=\"aioseo-faq-block-question\">Quanto tempo at\u00e9 eu ver resultados?<\/h3><div class=\"aioseo-faq-block-answer\">\n<p>Ver\u00e1s los resultados casi inmediatamente despu\u00e9s de que se haya procesado tu pedido, normalmente en unas pocas horas.<\/p>\n<\/div><\/div>\n\n<div data-schema-only=\"false\" class=\"wp-block-aioseo-faq\"><h3 class=\"aioseo-faq-block-question\">Por que voc\u00ea deveria comprar mensagens do Discord?<\/h3><div class=\"aioseo-faq-block-answer\">\n<p>Comprar mensajes puede aumentar la actividad en tu servidor Discord, haciendo que los mensajes sean m\u00e1s atractivos tanto para los miembros nuevos como para los existentes. Este mayor compromiso puede crear un ambiente comunitario m\u00e1s animado, que puede atraer m\u00e1s interacciones org\u00e1nicas y mejorar la participaci\u00f3n activa dentro de la comunidad. <\/p>\n<\/div><\/div>\n\n<div data-schema-only=\"false\" class=\"wp-block-aioseo-faq\"><h3 class=\"aioseo-faq-block-question\">Um grande n\u00famero de mensagens pode levar a um aumento no engajamento org\u00e2nico?<\/h3><div class=\"aioseo-faq-block-answer\">\n<p>S\u00ed, un gran n\u00famero de mensajes en un servidor Discord puede impulsar el compromiso org\u00e1nico. M\u00e1s actividad tiende a atraer a los participantes, fomentando una mayor interacci\u00f3n y manteniendo un entorno comunitario din\u00e1mico. <\/p>\n<\/div><\/div>\n\n<div data-schema-only=\"false\" class=\"wp-block-aioseo-faq\"><h3 class=\"aioseo-faq-block-question\">O que fazer se meu pedido n\u00e3o for entregue?<\/h3><div class=\"aioseo-faq-block-answer\">\n<p>Si tu pedido no se entrega, comprueba la confirmaci\u00f3n del pedido y los detalles del pago para asegurarte de que todo es correcto. A continuaci\u00f3n, ponte en contacto con el servicio de atenci\u00f3n al cliente con la informaci\u00f3n de tu pedido para resolver el problema. Deber\u00edan poder ayudarte y ofrecerte una soluci\u00f3n.  <\/p>\n<\/div><\/div>\n\n<div data-schema-only=\"false\" class=\"wp-block-aioseo-faq\"><h3 class=\"aioseo-faq-block-question\">Quais m\u00e9todos de pagamento voc\u00ea oferece?<\/h3><div class=\"aioseo-faq-block-answer\">\n<p>Ofrecemos diversos m\u00e9todos de pago, como tarjetas de cr\u00e9dito, PayPal y, en algunos casos, criptomonedas. Esta variedad te permite elegir la opci\u00f3n m\u00e1s conveniente para tus transacciones. <\/p>\n<\/div><\/div>\n","protected":false},"excerpt":{"rendered":"<p><strong>TRABAJO MANUAL &#8211; \u00a1No Bots! Crecimiento real y org\u00e1nico. Los miembros escribir\u00e1n mensajes, no se limitar\u00e1n a copiar y pegar. Los dem\u00e1s miembros ver\u00e1n que la comunidad interact\u00faa de verdad. Tambi\u00e9n se incluyen las reacciones a los mensajes. Todo parece muy natural. Servicio de alta calidad.      <\/strong><\/p>\n<p>\u00bfTienes un gran proyecto y un servidor Discord? \u00bfPero la comunidad no est\u00e1 activa en el chat? <\/p>\n<p>Con este servicio, nos uniremos a tu servidor, chatearemos con otros miembros, aprenderemos m\u00e1s sobre tu proyecto y haremos preguntas reales sobre el proyecto, promocionaremos el proyecto, aumentaremos el valor de tu proyecto.<\/p>\n<p>Todos los miembros tendr\u00e1n perfiles de alta calidad y aspecto real.<\/p>\n<p>Si tienes alg\u00fan comentario especial para tu pedido, pon tu mensaje junto al enlace de invitaci\u00f3n.<\/p>\n","protected":false},"featured_media":7401,"comment_status":"open","ping_status":"closed","template":"","meta":[],"product_brand":[],"product_cat":[107],"product_tag":[],"class_list":{"0":"post-12892","1":"product","2":"type-product","3":"status-publish","4":"has-post-thumbnail","6":"product_cat-discordia","8":"first","9":"instock","10":"shipping-taxable","11":"purchasable","12":"product-type-variable"},"aioseo_notices":[],"_links":{"self":[{"href":"https:\/\/comprarseguidores.io\/es\/wp-json\/wp\/v2\/product\/12892","targetHints":{"allow":["GET"]}}],"collection":[{"href":"https:\/\/comprarseguidores.io\/es\/wp-json\/wp\/v2\/product"}],"about":[{"href":"https:\/\/comprarseguidores.io\/es\/wp-json\/wp\/v2\/types\/product"}],"replies":[{"embeddable":true,"href":"https:\/\/comprarseguidores.io\/es\/wp-json\/wp\/v2\/comments?post=12892"}],"version-history":[{"count":1,"href":"https:\/\/comprarseguidores.io\/es\/wp-json\/wp\/v2\/product\/12892\/revisions"}],"predecessor-version":[{"id":12897,"href":"https:\/\/comprarseguidores.io\/es\/wp-json\/wp\/v2\/product\/12892\/revisions\/12897"}],"wp:featuredmedia":[{"embeddable":true,"href":"https:\/\/comprarseguidores.io\/es\/wp-json\/wp\/v2\/media\/7401"}],"wp:attachment":[{"href":"https:\/\/comprarseguidores.io\/es\/wp-json\/wp\/v2\/media?parent=12892"}],"wp:term":[{"taxonomy":"product_brand","embeddable":true,"href":"https:\/\/comprarseguidores.io\/es\/wp-json\/wp\/v2\/product_brand?post=12892"},{"taxonomy":"product_cat","embeddable":true,"href":"https:\/\/comprarseguidores.io\/es\/wp-json\/wp\/v2\/product_cat?post=12892"},{"taxonomy":"product_tag","embeddable":true,"href":"https:\/\/comprarseguidores.io\/es\/wp-json\/wp\/v2\/product_tag?post=12892"}],"curies":[{"name":"wp","href":"https:\/\/api.w.org\/{rel}","templated":true}]}}