{"id":12907,"date":"2025-03-29T07:28:11","date_gmt":"2025-03-29T07:28:11","guid":{"rendered":"https:\/\/comprarseguidores.io\/product\/comprar-empleados-de-linkedin-2\/"},"modified":"2025-04-06T12:14:57","modified_gmt":"2025-04-06T12:14:57","slug":"comprar-empleados-de-linkedin-2","status":"publish","type":"product","link":"https:\/\/comprarseguidores.io\/es\/product\/comprar-empleados-de-linkedin-2\/","title":{"rendered":"Comprar empleados de LinkedIn"},"content":{"rendered":"\n<p>En el mundo empresarial moderno, LinkedIn desempe\u00f1a un papel crucial en la presentaci\u00f3n de tu marca y tu empresa. Un n\u00famero impresionante de empleados puede reforzar el perfil de tu empresa y aumentar tu credibilidad. Con nuestros perfiles aut\u00e9nticos de LinkedIn, puedes estar seguro de que est\u00e1s obteniendo s\u00f3lo lo mejor para tu empresa.  <\/p>\n\n<h2 class=\"wp-block-heading\">Caracter\u00edsticas del producto:<\/h2>\n\n<ul class=\"wp-block-list\">\n<li><strong>Perfiles reales: <\/strong>Todos los empleados a\u00f1adidos son perfiles genuinos de LinkedIn, lo que garantiza la integridad y autenticidad del perfil de tu empresa.<\/li>\n\n\n\n<li><strong>Garant\u00eda de por vida: <\/strong>Nuestros empleados permanecen estables en su perfil, con la garant\u00eda de que no desaparecer\u00e1n.<\/li>\n\n\n\n<li><strong>Inicio r\u00e1pido: <\/strong>Tu pedido comienza en 0-24 horas desde la compra y se completa en 24 horas.<\/li>\n\n\n\n<li><strong>Pedido m\u00e1ximo:<\/strong> Puedes a\u00f1adir hasta 300 empleados por pedido.<\/li>\n<\/ul>\n\n<div class=\"flex flex-grow flex-col max-w-full\">\n<div class=\"min-h-[20px] text-message flex flex-col items-start whitespace-pre-wrap break-words [.text-message+&#038;]:mt-5 juice:w-full juice:items-end overflow-x-auto gap-2\" dir=\"auto\" data-message-author-role=\"assistant\" data-message-id=\"3e589eb7-d541-434a-a74c-5fc22b994bd9\">\n<div class=\"flex w-full flex-col gap-1 juice:empty:hidden juice:first:pt-[3px]\">\n<div class=\"markdown prose w-full break-words dark:prose-invert light\">\n<p>Completa el perfil de tu empresa en LinkedIn e impresiona a los visitantes con un n\u00famero impresionante de empleados. No es s\u00f3lo un n\u00famero; es un signo de fiabilidad y profesionalidad. <\/p>\n<div class=\"flex flex-grow flex-col max-w-full\">\n<div class=\"min-h-[20px] text-message flex flex-col items-start whitespace-pre-wrap break-words [.text-message+&#038;]:mt-5 juice:w-full juice:items-end overflow-x-auto gap-2\" dir=\"auto\" data-message-author-role=\"assistant\" data-message-id=\"d54f98f3-f84c-4c98-b610-9909154cda25\">\n<div class=\"flex w-full flex-col gap-1 juice:empty:hidden juice:first:pt-[3px]\">\n<div class=\"markdown prose w-full break-words dark:prose-invert light\">\n<p><strong>Mantener un equilibrio saludable de seguidores, conexiones, me gusta, comentarios, apoyos, empleados y recomendaciones de la p\u00e1gina de empresa en LinkedIn puede impulsar tus estad\u00edsticas y aumentar tu visibilidad en la plataforma.<\/strong><\/p>\n<\/div>\n<\/div>\n<\/div>\n<\/div>\n<\/div>\n<\/div>\n<\/div>\n<\/div>\n\n<h2 class=\"wp-block-heading\">\u00bfQu\u00e9 son los empleados en LinkedIn?<\/h2>\n\n<div class=\"flex flex-grow flex-col max-w-full\">\n<div class=\"min-h-[20px] text-message flex flex-col items-start whitespace-pre-wrap break-words [.text-message+&#038;]:mt-5 juice:w-full juice:items-end overflow-x-auto gap-2\" dir=\"auto\" data-message-author-role=\"assistant\" data-message-id=\"9f7ce853-157f-49d9-b0a9-e10aaca6eb50\">\n<div class=\"flex w-full flex-col gap-1 juice:empty:hidden juice:first:pt-[3px]\">\n<div class=\"markdown prose w-full break-words dark:prose-invert light\">\n<p>En LinkedIn, los empleados son personas que han indicado en sus perfiles que trabajan para una empresa concreta. Esta conexi\u00f3n demuestra el tama\u00f1o y la diversidad de la red de una empresa y puede proporcionar a posibles clientes o socios informaci\u00f3n sobre la estructura y la experiencia de la empresa. <\/p>\n<\/div>\n<\/div>\n<\/div>\n<\/div>\n<div class=\"wp-block-image\">\n<figure class=\"aligncenter\"><img fetchpriority=\"high\" decoding=\"async\" width=\"800\" height=\"600\" src=\"https:\/\/comprarseguidores.io\/wp-content\/uploads\/2023\/08\/Compre-funcionarios-do-LinkedIn.png\" alt=\"Comprar empleados de LinkedIn\" class=\"wp-image-8523\" srcset=\"https:\/\/comprarseguidores.io\/wp-content\/uploads\/2023\/08\/Compre-funcionarios-do-LinkedIn.png 800w, https:\/\/comprarseguidores.io\/wp-content\/uploads\/2023\/08\/Compre-funcionarios-do-LinkedIn-300x225.png 300w, https:\/\/comprarseguidores.io\/wp-content\/uploads\/2023\/08\/Compre-funcionarios-do-LinkedIn-768x576.png 768w, https:\/\/comprarseguidores.io\/wp-content\/uploads\/2023\/08\/Compre-funcionarios-do-LinkedIn-441x331.png 441w, https:\/\/comprarseguidores.io\/wp-content\/uploads\/2023\/08\/Compre-funcionarios-do-LinkedIn-150x113.png 150w\" sizes=\"(max-width: 800px) 100vw, 800px\" \/><\/figure><\/div>\n<h2 class=\"wp-block-heading\">\u00bfC\u00f3mo a\u00f1ades a un empleado en LinkedIn?<\/h2>\n\n<p>Para identificarte como empleado de una empresa en LinkedIn, tienes que a\u00f1adir la empresa en cuesti\u00f3n a tu perfil personal en la secci\u00f3n \"Experiencia\". Aseg\u00farate de seleccionar el nombre correcto de la empresa en el men\u00fa desplegable para que aparezcas correctamente como empleado de la empresa. <\/p>\n\n<h2 class=\"wp-block-heading\">\u00bfC\u00f3mo puede ayudarme la compra de empleados en LinkedIn?<\/h2>\n\n<p>Al comprar empleados de LinkedIn, puedes aumentar la presencia y credibilidad del perfil de tu empresa. Una empresa con un mayor n\u00famero de empleados puede ser vista como m\u00e1s establecida y digna de confianza, lo que a su vez puede atraer a m\u00e1s socios comerciales o clientes potenciales. <\/p>\n\n<h2 class=\"wp-block-heading\">\u00bfC\u00f3mo se compran empleados en LinkedIn?<\/h2>\n\n<p>Hay varios servicios online que ofrecen la compra de empleados de LinkedIn. Es importante elegir un proveedor fiable que ofrezca perfiles reales de LinkedIn para mantener la integridad y autenticidad del perfil de tu empresa. <\/p>\n\n<h2 class=\"wp-block-heading\">\u00bfPor qu\u00e9 deber\u00eda comprar empleados de LinkedIn en comprarseguidores.io?<\/h2>\n\n<p>Comprarseguidores.io es sin\u00f3nimo de calidad y fiabilidad. Aqu\u00ed consigues perfiles reales de LinkedIn que aportan autenticidad y credibilidad al perfil de tu empresa. Con nuestra garant\u00eda de sustituci\u00f3n de por vida, no tienes que preocuparte por ca\u00eddas repentinas. El\u00edgenos para obtener un servicio transparente, eficaz y de alta calidad.   <\/p>\n\n<h2 class=\"wp-block-heading\">\u00bfC\u00f3mo mostrar a los empleados en la p\u00e1gina de empresa de LinkedIn?<\/h2>\n\n<p>Para mostrar a los empleados en tu p\u00e1gina de empresa de LinkedIn, sigue estos pasos simplificados:<\/p>\n\n<ul class=\"wp-block-list\">\n<li><strong>Perfiles de los empleados:<\/strong> Aseg\u00farate de que los empleados tienen perfiles de LinkedIn actualizados en los que aparece tu empresa en sus puestos actuales.<\/li>\n\n\n\n<li>Vinculaci\u00f3n correcta de la <strong>empresa:<\/strong> Los empleados deben a\u00f1adir su empresa en el men\u00fa desplegable sugerido en la secci\u00f3n Experiencia de sus perfiles para poder vincularlos correctamente.<\/li>\n\n\n\n<li>Configuraci\u00f3n de <strong>visibilidad<\/strong>: Los empleados deben ajustar la configuraci\u00f3n de su perfil para que sea visible al p\u00fablico o a las conexiones, lo que les permite aparecer en tu P\u00e1gina de Empresa en la pesta\u00f1a \"Personas\".<\/li>\n\n\n\n<li><strong>Fomenta las actualizaciones:<\/strong> Recuerda regularmente a tus empleados que mantengan sus perfiles actualizados y correctamente vinculados a la p\u00e1gina de empresa.<\/li>\n<\/ul>\n\n<p>Al hacer esto, los perfiles de tus empleados se asociar\u00e1n autom\u00e1ticamente a tu P\u00e1gina de Empresa, mostrando a los visitantes la variedad de talento que hay en tu empresa.<\/p>\n\n<h2 class=\"wp-block-heading\">\u00bfC\u00f3mo creo una p\u00e1gina de trabajo en LinkedIn?<\/h2>\n\n<p>Crear una p\u00e1gina de empresa en LinkedIn es gratis y puede potenciar significativamente las capacidades de networking y marketing de tu empresa en la plataforma. Crear una p\u00e1gina de empresa en LinkedIn es un proceso sencillo que puede mejorar la presencia online de tu empresa. A continuaci\u00f3n te explicamos c\u00f3mo crear una:  <\/p>\n\n<p><strong>1. Comprobaci\u00f3n de elegibilidad<\/strong><br\/>Aseg\u00farate de que tienes un perfil personal de LinkedIn configurado con tu nombre y apellidos reales, y que la fuerza de tu perfil figura como Intermedio o All Star. Aseg\u00farate tambi\u00e9n de que tienes varias conexiones en tu cuenta personal. <\/p>\n\n<p><strong>2. Accede a la p\u00e1gina de creaci\u00f3n<\/strong><br\/>Con\u00e9ctate a tu cuenta de LinkedIn y ve al icono \"Trabajo\" en la esquina superior derecha de tu p\u00e1gina de inicio de LinkedIn. En el men\u00fa desplegable, selecciona \"Crear una p\u00e1gina de empresa\". <\/p>\n\n<p><strong>3. Elige el tipo de empresa<\/strong><br\/>LinkedIn ofrece diferentes tipos de p\u00e1ginas (Peque\u00f1a empresa, Mediana y gran empresa, P\u00e1gina de escaparate, Instituci\u00f3n educativa). Selecciona la categor\u00eda que mejor se adapte a tu organizaci\u00f3n. <\/p>\n\n<p><strong>4.<\/strong> Rellena <strong>los datos de la empresa<\/strong><br\/>Proporciona datos esenciales como el nombre oficial de la empresa, la direcci\u00f3n de correo electr\u00f3nico de la empresa y la URL del sitio web de tu empresa. Tambi\u00e9n tendr\u00e1s que proporcionar una descripci\u00f3n de la empresa, el sector, el tama\u00f1o de la empresa y el tipo de empresa. Aseg\u00farate de que el nombre de la empresa es \u00fanico en LinkedIn.  <\/p>\n\n<p><strong>5. Logotipo y eslogan<\/strong><br\/>Sube un logotipo de alta calidad y crea un eslogan conciso e informativo para tu empresa. Estos elementos son cruciales, ya que son las primeras cosas que un visitante notar\u00e1 sobre tu p\u00e1gina. <\/p>\n\n<p><strong>6. Verificaci\u00f3n<\/strong><br\/>LinkedIn puede pedirte que verifiques tu afiliaci\u00f3n a la empresa mediante un proceso de verificaci\u00f3n por correo electr\u00f3nico. Aseg\u00farate de que tienes acceso a la direcci\u00f3n de correo electr\u00f3nico de la empresa que incluyes en la lista. <\/p>\n\n<p><strong>7. Publica<\/strong><br\/>Tras rellenar todos los campos necesarios y personalizar tu p\u00e1gina con im\u00e1genes e informaci\u00f3n detallada, haz clic en \"Crear p\u00e1gina\". A continuaci\u00f3n, puedes empezar a gestionar tu p\u00e1gina, publicar actualizaciones, compartir art\u00edculos e interactuar con tus seguidores. <\/p>\n\n<p><strong>8. Promociona tu p\u00e1gina<\/strong><br\/>Invita a tus colegas, amigos y otras personas a seguir tu nueva p\u00e1gina. Actualiza regularmente tu p\u00e1gina con contenido relevante para mantener el inter\u00e9s de los seguidores y atraer m\u00e1s visibilidad. <\/p>\n\n<h2 class=\"wp-block-heading\">\u00bfC\u00f3mo edito a los empleados en mi p\u00e1gina de empresa de LinkedIn?<\/h2>\n\n<p>Como administrador de la p\u00e1gina de empresa de LinkedIn, no puedes editar directamente los perfiles de tus empleados. Sin embargo, puedes orientarles para asegurarte de que sus perfiles est\u00e1n correctamente vinculados a tu p\u00e1gina: <\/p>\n\n<ul class=\"wp-block-list\">\n<li><strong>Comunica la importancia:<\/strong> Educa a los empleados sobre la importancia de mantener actualizados sus perfiles de LinkedIn con el nombre de la empresa y el cargo correctos.<\/li>\n\n\n\n<li><strong>Proporciona instrucciones<\/strong>: Ofrece instrucciones claras, paso a paso, sobre c\u00f3mo actualizar sus datos laborales en LinkedIn, asegur\u00e1ndote de que seleccionan tu empresa en la lista desplegable.<\/li>\n\n\n\n<li><strong>Normaliza los t\u00edtulos:<\/strong> Fomenta el uso de t\u00edtulos de trabajo y departamentos normalizados para mantener la coherencia en todos los perfiles de los empleados.<\/li>\n\n\n\n<li><strong>Revisi\u00f3n y recordatorio<\/strong>: Revisa peri\u00f3dicamente los perfiles de los empleados para comprobar su exactitud y recu\u00e9rdales que actualicen su informaci\u00f3n, especialmente si cambian sus funciones.<\/li>\n<\/ul>\n\n<p>Si gestionas activamente la forma en que los empleados representan su afiliaci\u00f3n a tu empresa, puedes mejorar la profesionalidad y la precisi\u00f3n general de tu p\u00e1gina de empresa de LinkedIn.<\/p>\n\n<h2 class=\"wp-block-heading\">\u00bfQui\u00e9nes son los miembros asociados a la p\u00e1gina de LinkedIn de la empresa?<\/h2>\n\n<p>Los miembros asociados a la p\u00e1gina de empresa de LinkedIn suelen ser empleados que han vinculado sus perfiles personales de LinkedIn a la empresa, indic\u00e1ndola como su lugar de trabajo. Estos miembros son reconocidos en LinkedIn como parte de la plantilla de la empresa y aparecen en la secci\u00f3n \"Personas\" de la p\u00e1gina de empresa. Mira c\u00f3mo se asocian:  <\/p>\n\n<ol class=\"wp-block-list\">\n<li><strong>Perfiles de los empleados:<\/strong><br\/>Al crear o actualizar sus perfiles, los empleados pueden a\u00f1adir la empresa como su empleador actual. Deben seleccionar la empresa en las sugerencias del men\u00fa desplegable que aparecen cuando empiezan a escribir el nombre de la empresa en la secci\u00f3n \"Experiencia\". Esto garantiza que el perfil est\u00e9 vinculado a la P\u00e1gina de Empresa correcta.  <\/li>\n\n\n\n<li><strong>Visibilidad:<\/strong><br\/>Estos miembros asociados son visibles para cualquiera que visite la P\u00e1gina de Empresa, donde los visitantes pueden ver una lista de empleados, sus cargos y otra informaci\u00f3n de perfil p\u00fablico. Esto ayuda a establecer el tama\u00f1o y la experiencia de la plantilla de la empresa. <\/li>\n\n\n\n<li><strong>Papel en el compromiso:<\/strong><br\/>Los miembros asociados pueden actuar como embajadores de la marca interactuando con las publicaciones de la empresa (gustando, comentando y compartiendo), lo que aumenta el alcance y los niveles de compromiso del contenido.<\/li>\n<\/ol>\n\n<h2 class=\"wp-block-heading\">\u00bfC\u00f3mo gestiono la p\u00e1gina de LinkedIn de mi empresa?<\/h2>\n\n<p>Gestionar eficazmente una p\u00e1gina de empresa de LinkedIn implica varias estrategias clave:<\/p>\n\n<ol class=\"wp-block-list\">\n<li> <strong> Asignar funciones de administraci\u00f3n<\/strong>: Asigna a los miembros del equipo distintas funciones administrativas para ayudarles a gestionar la p\u00e1gina con eficacia.<br\/><strong>2. Actualizaciones regulares de contenido<\/strong>: Mant\u00e9n un calendario de publicaciones coherente con distintos tipos de contenido para atraer a tu audiencia.<br\/><strong>3. Participa con los seguidores:<\/strong> Responde activamente a los comentarios y mensajes para construir una comunidad.<br\/><strong>4. Utiliza la anal<\/strong>\u00edtica: Utiliza las herramientas de anal\u00edtica de LinkedIn para hacer un seguimiento del rendimiento de las publicaciones y adaptar tu estrategia seg\u00fan sea necesario.<br\/><strong>5. Optimiza tu p\u00e1gina:<\/strong> Mant\u00e9n actualizada la informaci\u00f3n y la marca de tu empresa.<br\/><strong>6. Promociona tu p\u00e1gina:<\/strong> Anima a los empleados a seguir y compartir la p\u00e1gina, y promoci\u00f3nala en otras plataformas.<br\/><strong>7. Utiliza los recursos de LinkedIn<\/strong>: Utiliza las ofertas de empleo, los art\u00edculos y las p\u00e1ginas destacadas de LinkedIn para una estrategia de contenidos m\u00e1s amplia.<br\/><strong>8. Vigila las tendencias<\/strong>: Mantente al d\u00eda de las tendencias del sector y ajusta tu estrategia para seguir siendo competitivo.<\/li>\n<\/ol>\n\n<p>Estos pasos pueden ayudar a optimizar la gesti\u00f3n de tu p\u00e1gina de LinkedIn, aumentando eficazmente la visibilidad y el compromiso.<\/p>\n\n<h2 class=\"wp-block-heading\">\u00bfPor qu\u00e9 LinkedIn muestra los miembros de LinkedIn?<\/h2>\n\n<p>LinkedIn muestra \"Miembros de LinkedIn\" en lugar de nombres concretos en determinadas situaciones para proteger la privacidad del usuario y mantener la confidencialidad en funci\u00f3n de la configuraci\u00f3n del usuario. Estas son las principales razones para ello: <\/p>\n\n<p><strong>1. Configuraci\u00f3n de privacidad:<\/strong><br\/>Si un usuario ha configurado las opciones de navegaci\u00f3n de su perfil en modo privado, su nombre y otros detalles del perfil no ser\u00e1n visibles para otras personas cuando vean los perfiles. En su lugar, aparecer\u00e1 \"Miembro de LinkedIn\" o un identificador an\u00f3nimo similar. <\/p>\n\n<p><strong>2. No conectados<\/strong><br\/>Cuando alguien que no est\u00e1 conectado contigo ve ciertas secciones de tu perfil, como tu lista de conexiones, LinkedIn puede mostrarlas como \"Miembros de LinkedIn\" para proteger la privacidad de tus conexiones.<\/p>\n\n<p><strong>3. Informaci\u00f3n restringida<\/strong><br\/>LinkedIn suele limitar la visibilidad de la informaci\u00f3n sensible a usuarios ajenos a su red para evitar el spam y garantizar que la informaci\u00f3n de los usuarios se comparte de forma responsable.<\/p>\n\n<h1 class=\"wp-block-heading\">PREGUNTAS FRECUENTES<\/h1>\n\n<div data-schema-only=\"false\" class=\"wp-block-aioseo-faq\"><h3 class=\"aioseo-faq-block-question\">Quantos funcion\u00e1rios do LinkedIn devo comprar?<\/h3><div class=\"aioseo-faq-block-answer\">\n<p>Empieza comprando algunas recomendaciones en LinkedIn para ver c\u00f3mo afectan al engagement. Si tienes \u00e9xito, compra m\u00e1s poco a poco para aumentar tu visibilidad y atraer seguidores org\u00e1nicos. Ajusta continuamente tu estrategia en funci\u00f3n de tus objetivos y de los comentarios del p\u00fablico.  <\/p>\n<\/div><\/div>\n\n<div data-schema-only=\"false\" class=\"wp-block-aioseo-faq\"><h3 class=\"aioseo-faq-block-question\">\u00c9 poss\u00edvel ser banido por comprar funcion\u00e1rios do LinkedIn?<\/h3><div class=\"aioseo-faq-block-answer\">\n<p>Comprar recomendaciones en LinkedIn a proveedores de confianza suele ser seguro, ya que siguen las normas de LinkedIn, ofreciendo un compromiso genuino y minimizando riesgos como penalizaciones o problemas con la cuenta, manteniendo as\u00ed la integridad de tu perfil.<\/p>\n<\/div><\/div>\n\n<div data-schema-only=\"false\" class=\"wp-block-aioseo-faq\"><h3 class=\"aioseo-faq-block-question\">Um grande n\u00famero de funcion\u00e1rios pode levar a um aumento no engajamento org\u00e2nico?<\/h3><div class=\"aioseo-faq-block-answer\">\n<p>Tener un gran n\u00famero de empleados vinculados a tu p\u00e1gina de empresa de LinkedIn puede aumentar significativamente la participaci\u00f3n org\u00e1nica. Un mayor n\u00famero de empleados significa un alcance m\u00e1s amplio y una mayor credibilidad, ya que amplifican la visibilidad y la actividad a trav\u00e9s de sus interacciones con tu contenido, atrayendo m\u00e1s participaci\u00f3n externa. <\/p>\n<\/div><\/div>\n\n<div data-schema-only=\"false\" class=\"wp-block-aioseo-faq\"><h3 class=\"aioseo-faq-block-question\">Quais benef\u00edcios posso esperar ao comprar funcion\u00e1rios do LinkedIn?<\/h3><div class=\"aioseo-faq-block-answer\">\n<p>Adquirir servicios para mejorar tu perfil de LinkedIn puede aumentar tu visibilidad y atraer m\u00e1s atenci\u00f3n. Este enfoque puede implicar estrategias para aumentar la apariencia de compromiso o las recomendaciones de los empleados, lo que puede hacer que tu perfil o p\u00e1gina de empresa sean m\u00e1s respetables y activos, atrayendo m\u00e1s conexiones y oportunidades potenciales. <\/p>\n<\/div><\/div>\n\n<div data-schema-only=\"false\" class=\"wp-block-aioseo-faq\"><h3 class=\"aioseo-faq-block-question\">Quanto tempo at\u00e9 eu ver resultados?<\/h3><div class=\"aioseo-faq-block-answer\">\n<p>Ver\u00e1s los resultados casi inmediatamente despu\u00e9s de que se haya procesado tu pedido, normalmente en unas pocas horas.<\/p>\n<\/div><\/div>\n\n<div data-schema-only=\"false\" class=\"wp-block-aioseo-faq\"><h3 class=\"aioseo-faq-block-question\">Por que devo comprar funcion\u00e1rios do LinkedIn?<\/h3><div class=\"aioseo-faq-block-answer\">\n<p>Invertir en tu presencia en LinkedIn puede atraer a los mejores talentos y reforzar tu marca de empleador, haciendo que tu empresa sea m\u00e1s atractiva para los empleados potenciales. Mejorar tu perfil con anuncios orientados, una p\u00e1gina de empresa s\u00f3lida y contenidos atractivos es crucial para destacar en un mercado laboral competitivo. <\/p>\n<\/div><\/div>\n\n<div data-schema-only=\"false\" class=\"wp-block-aioseo-faq\"><h3 class=\"aioseo-faq-block-question\">Comprar funcion\u00e1rios \u00e9 uma a\u00e7\u00e3o frequentemente praticada?<\/h3><div class=\"aioseo-faq-block-answer\">\n<p>S\u00ed, comprar empleados es una pr\u00e1ctica que algunas empresas adoptan en LinkedIn para mejorar r\u00e1pidamente la credibilidad y experiencia percibidas de sus perfiles de empresa.<\/p>\n<\/div><\/div>\n\n<div data-schema-only=\"false\" class=\"wp-block-aioseo-faq\"><h3 class=\"aioseo-faq-block-question\">Esses s\u00e3o funcion\u00e1rios reais do LinkedIn?<\/h3><div class=\"aioseo-faq-block-answer\">\n<p>S\u00ed, se trata de empleados reales de LinkedIn con cuentas activas y aut\u00e9nticas.<\/p>\n<\/div><\/div>\n\n<div data-schema-only=\"false\" class=\"wp-block-aioseo-faq\"><h3 class=\"aioseo-faq-block-question\">O que fazer se meu pedido n\u00e3o for entregue?<\/h3><div class=\"aioseo-faq-block-answer\">\n<p>Si tu pedido no se entrega, comprueba la confirmaci\u00f3n del pedido y los detalles del pago para asegurarte de que todo es correcto. A continuaci\u00f3n, ponte en contacto con el servicio de atenci\u00f3n al cliente con la informaci\u00f3n de tu pedido para resolver el problema. Deber\u00edan poder ayudarte y ofrecerte una soluci\u00f3n.  <\/p>\n<\/div><\/div>\n\n<div data-schema-only=\"false\" class=\"wp-block-aioseo-faq\"><h3 class=\"aioseo-faq-block-question\">Quais m\u00e9todos de pagamento voc\u00ea oferece?<\/h3><div class=\"aioseo-faq-block-answer\">\n<p>Ofrecemos diversos m\u00e9todos de pago, como tarjetas de cr\u00e9dito, PayPal y, en algunos casos, criptomonedas. Esta variedad te permite elegir la opci\u00f3n m\u00e1s conveniente para tus transacciones. <\/p>\n<\/div><\/div>\n","protected":false},"excerpt":{"rendered":"<p>Aumenta la credibilidad del perfil de tu empresa con empleados reales de LinkedIn.<\/p>\n<ul>\n<li><strong>Perfiles reales<\/strong>: Todos los empleados a\u00f1adidos proceden de cuentas aut\u00e9nticas de LinkedIn.<\/li>\n<li><strong>Garant\u00eda de sustituci\u00f3n de por vida<\/strong>: \u00a1Sin p\u00e9rdidas! Si los empleados desaparecen, los sustituimos gratuitamente. <\/li>\n<li><strong>R\u00e1pida incorporaci\u00f3n<\/strong>: Los empleados se integran perfectamente en el perfil de tu empresa.<\/li>\n<li><strong>Refuerzo de la confianza<\/strong>: Un perfil m\u00e1s s\u00f3lido con muchos empleados atrae m\u00e1s atenci\u00f3n y confianza.<\/li>\n<\/ul>\n<p>Establece la presencia y autenticidad de tu marca con empleados reales de LinkedIn.<\/p>\n","protected":false},"featured_media":7510,"comment_status":"open","ping_status":"closed","template":"","meta":[],"product_brand":[],"product_cat":[108],"product_tag":[],"class_list":{"0":"post-12907","1":"product","2":"type-product","3":"status-publish","4":"has-post-thumbnail","6":"product_cat-linkedin-es","8":"first","9":"instock","10":"shipping-taxable","11":"purchasable","12":"product-type-variable"},"aioseo_notices":[],"_links":{"self":[{"href":"https:\/\/comprarseguidores.io\/es\/wp-json\/wp\/v2\/product\/12907","targetHints":{"allow":["GET"]}}],"collection":[{"href":"https:\/\/comprarseguidores.io\/es\/wp-json\/wp\/v2\/product"}],"about":[{"href":"https:\/\/comprarseguidores.io\/es\/wp-json\/wp\/v2\/types\/product"}],"replies":[{"embeddable":true,"href":"https:\/\/comprarseguidores.io\/es\/wp-json\/wp\/v2\/comments?post=12907"}],"version-history":[{"count":1,"href":"https:\/\/comprarseguidores.io\/es\/wp-json\/wp\/v2\/product\/12907\/revisions"}],"predecessor-version":[{"id":12921,"href":"https:\/\/comprarseguidores.io\/es\/wp-json\/wp\/v2\/product\/12907\/revisions\/12921"}],"wp:featuredmedia":[{"embeddable":true,"href":"https:\/\/comprarseguidores.io\/es\/wp-json\/wp\/v2\/media\/7510"}],"wp:attachment":[{"href":"https:\/\/comprarseguidores.io\/es\/wp-json\/wp\/v2\/media?parent=12907"}],"wp:term":[{"taxonomy":"product_brand","embeddable":true,"href":"https:\/\/comprarseguidores.io\/es\/wp-json\/wp\/v2\/product_brand?post=12907"},{"taxonomy":"product_cat","embeddable":true,"href":"https:\/\/comprarseguidores.io\/es\/wp-json\/wp\/v2\/product_cat?post=12907"},{"taxonomy":"product_tag","embeddable":true,"href":"https:\/\/comprarseguidores.io\/es\/wp-json\/wp\/v2\/product_tag?post=12907"}],"curies":[{"name":"wp","href":"https:\/\/api.w.org\/{rel}","templated":true}]}}