{"id":12996,"date":"2025-03-29T07:28:59","date_gmt":"2025-03-29T07:28:59","guid":{"rendered":"https:\/\/comprarseguidores.io\/product\/comprar-x-vistas-2\/"},"modified":"2025-04-06T12:20:53","modified_gmt":"2025-04-06T12:20:53","slug":"comprar-x-vistas-2","status":"publish","type":"product","link":"https:\/\/comprarseguidores.io\/es\/product\/comprar-x-vistas-2\/","title":{"rendered":"Comprar X vistas"},"content":{"rendered":"\n<h2 class=\"wp-block-heading\">Comprar X vistas<\/h2>\n\n<p>Comprar X vistas puede aumentar significativamente la visibilidad y el alcance de los tweets, por lo que es una estrategia popular para los usuarios que buscan aumentar su influencia y la participaci\u00f3n de la audiencia en la plataforma. Una de las principales ventajas es la posibilidad de atraer a una mayor base de seguidores, ya que un elevado n\u00famero de visualizaciones suele ser se\u00f1al de contenido popular o valioso, lo que anima a m\u00e1s usuarios a seguir la cuenta. Esto puede ser especialmente beneficioso para empresas, personas influyentes y creadores que buscan ampliar su <a href=\"https:\/\/www.kaspersky.com\/resource-center\/definitions\/what-is-a-digital-footprint\">presencia digital<\/a>.  <\/p>\n\n<p>Adem\u00e1s, el aumento de visualizaciones puede dar lugar a mayores \u00edndices de participaci\u00f3n, ya que los tweets que parecen ser vistos con frecuencia tienen m\u00e1s probabilidades de ser retuiteados, gustar o comentados, lo que amplifica a\u00fan m\u00e1s su alcance. Esto tambi\u00e9n puede afectar a la priorizaci\u00f3n de los tweets en los algoritmos de X, lo que puede dar lugar a una mayor visibilidad org\u00e1nica. En general, comprar visitas a X puede servir como catalizador para una mayor difusi\u00f3n del contenido y una mejor presencia en los medios sociales.  <\/p>\n\n<h2 class=\"wp-block-heading\">Comprar vistas de puesto<\/h2>\n\n<p>Aumenta la visibilidad de tus publicaciones con nuestro paquete Comprar visitas a publicaciones. Consigue m\u00e1s visitas de usuarios reales y activos, haciendo que tu contenido parezca m\u00e1s popular y atractivo para un p\u00fablico m\u00e1s amplio. Esto ayuda a generar m\u00e1s interacci\u00f3n org\u00e1nica y compromiso, acelerando el crecimiento de tu perfil.  <\/p>\n\n<p><strong>Puedes aumentar la visibilidad y el compromiso en tu perfil X manteniendo una buena mezcla de seguidores, me gusta, retweets, votos en encuestas, oyentes en espacios y comentarios aleatorios.<\/strong><\/p>\n\n<h2 class=\"wp-block-heading\">\u00bfCu\u00e1les son las ventajas de comprar vistas X?<\/h2>\n\n<p>Comprar X vistas ofrece varias ventajas potenciales, especialmente para los usuarios que quieren aumentar su visibilidad y credibilidad en la plataforma de las redes sociales. He aqu\u00ed algunas ventajas clave: <\/p>\n\n<ul class=\"wp-block-list\">\n<li>M\u00e1s visitas pueden ayudar a que tus tweets lleguen a un p\u00fablico m\u00e1s amplio.<\/li>\n\n\n\n<li>Un alto n\u00famero de visualizaciones puede hacer que tu contenido parezca m\u00e1s popular, atrayendo m\u00e1s interacciones org\u00e1nicas.<\/li>\n\n\n\n<li>Esto puede potenciar el impacto de las campa\u00f1as de marketing y los esfuerzos promocionales en X.<\/li>\n\n\n\n<li>El algoritmo de X puede favorecer los tuits con m\u00e1s visualizaciones, aumentando a\u00fan m\u00e1s su visibilidad.<\/li>\n<\/ul>\n\n<p>Aunque estos beneficios pueden mejorar una estrategia X, es crucial tener en cuenta la autenticidad y el compromiso a largo plazo de tu audiencia, ya que depender demasiado de las visitas compradas a veces puede llevar a una desconexi\u00f3n entre la popularidad percibida y la real.<\/p>\n\n<h2 class=\"wp-block-heading\">\u00bfEs seguro comprar X vistas?<\/h2>\n\n<p>Aunque comprar X vistas a proveedores aut\u00e9nticos puede parecer una opci\u00f3n viable para aumentar la visibilidad de los tweets, es importante elegir proveedores que garanticen el cumplimiento de las pol\u00edticas de X para mitigar los riesgos. Los proveedores reputados que ofrecen servicios acordes con las directrices de la plataforma pueden ayudar a aumentar la popularidad y el alcance percibidos de tus tweets sin comprometer la seguridad ni la integridad de tu cuenta. Estos proveedores utilizan estrategias promocionales leg\u00edtimas en lugar de medios artificiales, como captar a usuarios reales interesados en tu contenido, lo que no s\u00f3lo cumple las <a href=\"https:\/\/help.twitter.com\/en\/rules-and-policies\/x-rules\">condiciones de X<\/a>, sino que tambi\u00e9n mantiene la autenticidad de tus m\u00e9tricas de participaci\u00f3n. Este enfoque garantiza que, aunque aumenten las visualizaciones de tus tweets, esto ocurra de forma segura y sostenible, apoyando eficazmente tu estrategia global en X.   <\/p>\n\n<figure class=\"wp-block-image size-full\"><img fetchpriority=\"high\" decoding=\"async\" width=\"800\" height=\"600\" src=\"https:\/\/comprarseguidores.io\/wp-content\/uploads\/2024\/06\/Compre-X-visualizacoes.png\" alt=\"Comprar X vistas\" class=\"wp-image-8801\" srcset=\"https:\/\/comprarseguidores.io\/wp-content\/uploads\/2024\/06\/Compre-X-visualizacoes.png 800w, https:\/\/comprarseguidores.io\/wp-content\/uploads\/2024\/06\/Compre-X-visualizacoes-300x225.png 300w, https:\/\/comprarseguidores.io\/wp-content\/uploads\/2024\/06\/Compre-X-visualizacoes-768x576.png 768w, https:\/\/comprarseguidores.io\/wp-content\/uploads\/2024\/06\/Compre-X-visualizacoes-441x331.png 441w, https:\/\/comprarseguidores.io\/wp-content\/uploads\/2024\/06\/Compre-X-visualizacoes-150x113.png 150w\" sizes=\"(max-width: 800px) 100vw, 800px\" \/><\/figure>\n\n<h2 class=\"wp-block-heading\">\u00bfC\u00f3mo comprar X vistas?<\/h2>\n\n<p>Comprar X vistas es un proceso sencillo que puede completarse en unos pocos pasos. Inicialmente, tendr\u00e1s que proporcionar la URL del tuit que quieres impulsar en el campo de URL designado en el sitio web del proveedor de servicios. A continuaci\u00f3n, selecciona el n\u00famero de visualizaciones que deseas comprar. Una vez configuradas tus opciones, puedes proceder a completar tu pedido siguiendo los procedimientos de pago del sitio.   <\/p>\n\n<p>Normalmente, el pedido se iniciar\u00e1 a las pocas horas de completarlo y empezar\u00e1s a ver los resultados casi de inmediato. Esta facilidad de uso hace que comprar X views sea una opci\u00f3n asequible para quienes desean aumentar r\u00e1pidamente la visibilidad y el alcance de sus tweets. <\/p>\n\n<ol class=\"wp-block-list\">\n<li><strong>Introduce la URL:<\/strong> Introduce la URL del tuit que quieres potenciar.<\/li>\n\n\n\n<li><strong>Selecciona Cantidad<\/strong>: Elige el n\u00famero de vistas que quieres comprar.<\/li>\n\n\n\n<li><strong>Completa el pedido:<\/strong> Sigue el proceso de pago para finalizar tu compra.<\/li>\n\n\n\n<li><strong>Ver resultados:<\/strong> Los pedidos suelen empezar en unas horas y ver\u00e1s los resultados casi de inmediato.<\/li>\n<\/ol>\n\n<h2 class=\"wp-block-heading\">\u00bfCu\u00e1nto cuestan 1000 X vistas?<\/h2>\n\n<p>El coste de 1000 X vistas puede variar mucho en funci\u00f3n del proveedor y de la calidad de las vistas ofrecidas. En general, los precios pueden oscilar entre unos pocos d\u00f3lares y cantidades mucho m\u00e1s elevadas para los servicios m\u00e1s premium que prometen vistas de usuarios reales y activos. Es importante investigar y comparar diferentes proveedores de servicios para encontrar un precio que se ajuste a tu presupuesto, teniendo en cuenta tambi\u00e9n la legitimidad y seguridad del servicio. Desconf\u00eda siempre de los precios extremadamente bajos, ya que pueden indicar servicios de baja calidad o no conformes, lo que podr\u00eda poner en peligro la reputaci\u00f3n de tu cuenta X.   <\/p>\n\n<h2 class=\"wp-block-heading\">\u00bfC\u00f3mo puedo conseguir m\u00e1s vistas X?<\/h2>\n\n<p>Aumentar X visitas de forma org\u00e1nica implica varias estrategias para mejorar la visibilidad y el compromiso de tus tweets. He aqu\u00ed algunos m\u00e9todos eficaces: <\/p>\n\n<p>Para aumentar las vistas X de forma eficaz, puedes centrarte en estas estrategias concisas:<\/p>\n\n<ul class=\"wp-block-list\">\n<li><strong>Contenido de calidad<\/strong>: Comparte contenido atractivo y relevante.<\/li>\n\n\n\n<li><strong>Hashtags<\/strong>: Utiliza hashtags relevantes para mejorar la descubribilidad.<\/li>\n\n\n\n<li><strong>Compromiso<\/strong>: Interact\u00faa activamente con otros usuarios y personas influyentes.<\/li>\n\n\n\n<li>Publicaci\u00f3n <strong>regular<\/strong>: Mant\u00e9n un calendario de publicaci\u00f3n coherente.<\/li>\n\n\n\n<li><strong>Momento:<\/strong> Publica cuando tu audiencia est\u00e9 m\u00e1s activa.<\/li>\n\n\n\n<li><strong>Elementos visuales<\/strong>: Incluye im\u00e1genes o v\u00eddeos para atraer m\u00e1s visitas.<\/li>\n\n\n\n<li><strong>Promociones<\/strong>: Utiliza anuncios en Twitter o haz promociones cruzadas en otras plataformas.<\/li>\n<\/ul>\n\n<p>Empleando estas estrategias, puedes aumentar tus visualizaciones X de forma org\u00e1nica, mejorando tanto tu visibilidad como tu compromiso en la plataforma.<\/p>\n\n<h2 class=\"wp-block-heading\">\u00bfPor qu\u00e9 Comprarseguidores.io es el mejor sitio para comprar X vistas?<\/h2>\n\n<p>Comprarseguidores.io destaca como la mejor opci\u00f3n para comprar vistas X debido a varias ventajas clave. En primer lugar, garantiza vistas de alta calidad de cuentas X reales y activas, lo que ayuda a mantener la credibilidad de tu perfil a la vez que aumenta la visibilidad. En segundo lugar, Comprarseguidores.io ofrece precios competitivos y varios paquetes que se adaptan a diferentes necesidades y presupuestos, por lo que es asequible para todos, desde particulares a grandes empresas.  <\/p>\n\n<p>Adem\u00e1s, el sitio da prioridad a la seguridad del usuario, garantizando que todas las transacciones sean seguras y que la informaci\u00f3n de tu cuenta X siga siendo confidencial. La r\u00e1pida entrega de vistas y el excelente servicio de atenci\u00f3n al cliente tambi\u00e9n mejoran su reputaci\u00f3n, haciendo de Comprarseguidores.io una soluci\u00f3n fiable y eficaz para aumentar tu participaci\u00f3n y alcance en X. <\/p>\n\n<h2 class=\"wp-block-heading\">Comprarseguidores.io Ofrece los siguientes paquetes de Vistas Active X<\/h2>\n\n<p>100 visitas X<br\/>500 visitas X<br\/>1000 visitas X<br\/>2500 visitas X<br\/>5000 visitas X<br\/>10.000 visitas X<br\/>25.000 visitas X<br\/>50.000 visitas X<br\/>100.000 visitas X<\/p>\n\n<h1 class=\"wp-block-heading\">PREGUNTAS FRECUENTES<\/h1>\n\n<div data-schema-only=\"false\" class=\"wp-block-aioseo-faq\"><h3 class=\"aioseo-faq-block-question\"><strong>Estas s\u00e3o visualiza\u00e7\u00f5es reais do X?<\/strong><\/h3><div class=\"aioseo-faq-block-answer\">\n<p>S\u00ed, este sitio proporciona visualizaciones X reales de cuentas X activas y aut\u00e9nticas.<\/p>\n<\/div><\/div>\n\n<div data-schema-only=\"false\" class=\"wp-block-aioseo-faq\"><h3 class=\"aioseo-faq-block-question\"><strong>Quantas visualiza\u00e7\u00f5es do X devo comprar?<\/strong><\/h3><div class=\"aioseo-faq-block-answer\">\n<p>El n\u00famero de X vistas que debes comprar depende de tus objetivos espec\u00edficos y de tu presupuesto. Empieza con un paquete m\u00e1s peque\u00f1o para medir la eficacia y aumenta seg\u00fan sea necesario para mantener un compromiso realista. <\/p>\n<\/div><\/div>\n\n<div data-schema-only=\"false\" class=\"wp-block-aioseo-faq\"><h3 class=\"aioseo-faq-block-question\"><strong>O que devo fazer se meu pedido n\u00e3o for entregue?<\/strong><\/h3><div class=\"aioseo-faq-block-answer\">\n<p>Si tu pedido de X-views no se entrega, comprueba los detalles de la transacci\u00f3n y ponte en contacto con el servicio de atenci\u00f3n al cliente del proveedor con la informaci\u00f3n de tu pedido para obtener ayuda.<\/p>\n<\/div><\/div>\n\n<div data-schema-only=\"false\" class=\"wp-block-aioseo-faq\"><h3 class=\"aioseo-faq-block-question\"><strong>Voc\u00eas aceitam pagamentos com criptomoedas?<\/strong><\/h3><div class=\"aioseo-faq-block-answer\">\n<p>S\u00ed, aceptamos pagos en criptomoneda. Puedes utilizar tu criptomoneda favorita para realizar transacciones sin problemas y de forma segura. <\/p>\n<\/div><\/div>\n\n<div data-schema-only=\"false\" class=\"wp-block-aioseo-faq\"><h3 class=\"aioseo-faq-block-question\"><strong>Essas visualiza\u00e7\u00f5es do X permanecer\u00e3o em meu perfil para sempre?<\/strong><\/h3><div class=\"aioseo-faq-block-answer\">\n<p>S\u00ed, las X vistas que compres est\u00e1n dise\u00f1adas para permanecer en tu perfil de forma permanente, aumentando la visibilidad y la credibilidad a largo plazo de tus tweets.<\/p>\n<\/div><\/div>\n\n<div data-schema-only=\"false\" class=\"wp-block-aioseo-faq\"><h3 class=\"aioseo-faq-block-question\"><strong>\u00c9 legal comprar visualiza\u00e7\u00f5es do X?<\/strong><\/h3><div class=\"aioseo-faq-block-answer\">\n<p>S\u00ed, es legal comprar vistas X, especialmente cuando eliges sitios aut\u00e9nticos y de buena reputaci\u00f3n que cumplan las directrices de X. Estos proveedores garantizan que el proceso se lleva a cabo respetando las normas legales y las condiciones de servicio de la plataforma.<\/p>\n<\/div><\/div>\n\n<div data-schema-only=\"false\" class=\"wp-block-aioseo-faq\"><h3 class=\"aioseo-faq-block-question\"><strong>Quais benef\u00edcios posso esperar ao comprar visualiza\u00e7\u00f5es do X para minha conta?<\/strong><\/h3><div class=\"aioseo-faq-block-answer\">\n<p>Comprar visitas puede aumentar la visibilidad y credibilidad de tu perfil, atraer m\u00e1s usuarios org\u00e1nicos y mejorar la eficacia de tus esfuerzos de marketing. Estos beneficios contribuyen a aumentar la prueba social y las oportunidades de establecer contactos. <\/p>\n<\/div><\/div>\n\n<div data-schema-only=\"false\" class=\"wp-block-aioseo-faq\"><h3 class=\"aioseo-faq-block-question\"><strong>Quanto tempo at\u00e9 eu ver resultados?<\/strong><\/h3><div class=\"aioseo-faq-block-answer\">\n<p>Ver\u00e1s los resultados inmediatamente despu\u00e9s de que se haya procesado tu pedido.<\/p>\n<\/div><\/div>\n\n<div data-schema-only=\"false\" class=\"wp-block-aioseo-faq\"><h3 class=\"aioseo-faq-block-question\"><strong>Qual \u00e9 o n\u00famero ideal de visualiza\u00e7\u00f5es do X para comprar?<\/strong><\/h3><div class=\"aioseo-faq-block-answer\">\n<p>El n\u00famero ideal de X visitas a comprar depende de tus objetivos y del tama\u00f1o actual de tu audiencia. Empieza con un n\u00famero cercano a tu engagement habitual, como comprar de 500 a 1.000 visualizaciones adicionales si sueles obtener 500, y aj\u00fastalo en funci\u00f3n del impacto observado. <\/p>\n<\/div><\/div>\n\n<div data-schema-only=\"false\" class=\"wp-block-aioseo-faq\"><h3 class=\"aioseo-faq-block-question\"><strong>A compra de visualiza\u00e7\u00f5es \u00e9 uma a\u00e7\u00e3o frequentemente praticada?<\/strong><\/h3><div class=\"aioseo-faq-block-answer\">\n<p>S\u00ed, comprar visitas es una pr\u00e1ctica habitual, especialmente entre los usuarios que quieren aumentar r\u00e1pidamente su visibilidad y credibilidad en plataformas como X.<\/p>\n<\/div><\/div>\n","protected":false},"excerpt":{"rendered":"<p>Aumenta tu visibilidad, autoridad e influencia en Internet en pocos pasos.<\/p>\n<ul>\n<li>\ud83c\udf1f <strong>Mayor credibilidad<\/strong>: Una base s\u00f3lida de seguidores aumenta tu autoridad en Internet.<\/li>\n<li>\ud83d\ude80 <strong>Crecimiento org\u00e1nico<\/strong>: Aumento natural de las tasas de compromiso.<\/li>\n<li>\ud83d\udd12 <strong>M\u00e9todo sin riesgo<\/strong>: sin p\u00e9rdida de visualizaciones, crecimiento permanente.<\/li>\n<li>\ud83d\udd25 <strong>Resultados r\u00e1pidos<\/strong>: Crecimiento impresionante en poco tiempo.<\/li>\n<li>\ud83d\udcde <strong>Atenci\u00f3n al cliente 24\/7<\/strong>: Ayuda experta siempre que la necesites.<\/li>\n<\/ul>\n","protected":false},"featured_media":7406,"comment_status":"open","ping_status":"closed","template":"","meta":[],"product_brand":[],"product_cat":[110],"product_tag":[],"class_list":{"0":"post-12996","1":"product","2":"type-product","3":"status-publish","4":"has-post-thumbnail","6":"product_cat-x-es","8":"first","9":"instock","10":"shipping-taxable","11":"purchasable","12":"product-type-variable"},"aioseo_notices":[],"_links":{"self":[{"href":"https:\/\/comprarseguidores.io\/es\/wp-json\/wp\/v2\/product\/12996","targetHints":{"allow":["GET"]}}],"collection":[{"href":"https:\/\/comprarseguidores.io\/es\/wp-json\/wp\/v2\/product"}],"about":[{"href":"https:\/\/comprarseguidores.io\/es\/wp-json\/wp\/v2\/types\/product"}],"replies":[{"embeddable":true,"href":"https:\/\/comprarseguidores.io\/es\/wp-json\/wp\/v2\/comments?post=12996"}],"version-history":[{"count":1,"href":"https:\/\/comprarseguidores.io\/es\/wp-json\/wp\/v2\/product\/12996\/revisions"}],"predecessor-version":[{"id":13017,"href":"https:\/\/comprarseguidores.io\/es\/wp-json\/wp\/v2\/product\/12996\/revisions\/13017"}],"wp:featuredmedia":[{"embeddable":true,"href":"https:\/\/comprarseguidores.io\/es\/wp-json\/wp\/v2\/media\/7406"}],"wp:attachment":[{"href":"https:\/\/comprarseguidores.io\/es\/wp-json\/wp\/v2\/media?parent=12996"}],"wp:term":[{"taxonomy":"product_brand","embeddable":true,"href":"https:\/\/comprarseguidores.io\/es\/wp-json\/wp\/v2\/product_brand?post=12996"},{"taxonomy":"product_cat","embeddable":true,"href":"https:\/\/comprarseguidores.io\/es\/wp-json\/wp\/v2\/product_cat?post=12996"},{"taxonomy":"product_tag","embeddable":true,"href":"https:\/\/comprarseguidores.io\/es\/wp-json\/wp\/v2\/product_tag?post=12996"}],"curies":[{"name":"wp","href":"https:\/\/api.w.org\/{rel}","templated":true}]}}