{"id":13019,"date":"2025-03-29T07:29:35","date_gmt":"2025-03-29T07:29:35","guid":{"rendered":"https:\/\/comprarseguidores.io\/product\/comprar-ahorra-instagram-2\/"},"modified":"2025-04-06T12:21:09","modified_gmt":"2025-04-06T12:21:09","slug":"comprar-ahorra-instagram-2","status":"publish","type":"product","link":"https:\/\/comprarseguidores.io\/es\/product\/comprar-ahorra-instagram-2\/","title":{"rendered":"Comprar Ahorra Instagram"},"content":{"rendered":"\n<h2 class=\"wp-block-heading\">Comprar Ahorra Instagram<\/h2>\n\n<p>Comprar publicaciones guardadas de Instagram ofrece varias ventajas importantes para mejorar tu presencia en las redes sociales. En primer lugar, aumenta la visibilidad de tu publicaci\u00f3n en el algoritmo de Instagram, ya que las publicaciones guardadas se consideran contenido de alta calidad. Esto puede dar lugar a una mayor exposici\u00f3n en la p\u00e1gina Explorar y en los feeds de los usuarios. Adem\u00e1s, un mayor n\u00famero de publicaciones guardadas puede aumentar la credibilidad de tu perfil y hacerlo m\u00e1s atractivo para posibles seguidores y anunciantes, indicando que tu contenido es valioso y merece la pena volver a visitarlo.   <\/p>\n\n<p>Y lo que es m\u00e1s, un aumento de los guardados puede fomentar un mayor compromiso org\u00e1nico, animando a m\u00e1s usuarios a interactuar y compartir tus publicaciones. En resumen, comprar visualizaciones en Instagram es una estrategia eficaz para ampliar tu alcance, mejorar las m\u00e9tricas de participaci\u00f3n y reforzar la influencia de tu perfil. <\/p>\n\n<h2 class=\"wp-block-heading\">Comprar Ahorra Instagram<\/h2>\n\n<p>Aumenta la visibilidad y credibilidad de tus publicaciones con nuestro paquete de Guardados de Instagram. Los guardados adicionales indican al algoritmo de Instagram que tu contenido es valioso, lo que se traduce en una mejor clasificaci\u00f3n y una mayor exposici\u00f3n en la plataforma. Esto no s\u00f3lo atrae m\u00e1s participaci\u00f3n org\u00e1nica, sino que tambi\u00e9n aumenta el atractivo de tu perfil para posibles seguidores y anunciantes.  <\/p>\n\n<h2 class=\"wp-block-heading\">Comprar visitas al perfil de Instagram + alcance + impresiones<\/h2>\n\n<p>Mejora tu presencia general en Instagram con nuestro completo paquete Visitas al perfil + Alcance + Impresiones. Aumentando estas importantes m\u00e9tricas, puedes mejorar significativamente tu visibilidad e implicaci\u00f3n, haciendo que tu perfil sea m\u00e1s atractivo para un p\u00fablico m\u00e1s amplio. Este paquete te ayuda a construir una presencia m\u00e1s fuerte e influyente en Instagram.  <\/p>\n\n<h2 class=\"wp-block-heading\">Comprar acciones de Instagram<\/h2>\n\n<p>Ampl\u00eda el alcance de tu contenido con nuestro paquete de Compartidos de Instagram. M\u00e1s compartidos significa que tus publicaciones se difunden por toda la plataforma, atrayendo a nuevos espectadores y seguidores potenciales. Esta mayor exposici\u00f3n puede conducir a mayores tasas de participaci\u00f3n y a una audiencia m\u00e1s amplia, ayud\u00e1ndote a aumentar eficazmente tu influencia en Instagram.  <\/p>\n\n<p>Aumentar los seguidores, las visualizaciones y los \"me gusta\" en tu perfil de Instagram puede mejorar tus m\u00e9tricas y aumentar tu visibilidad en las b\u00fasquedas.<\/p>\n\n<h2 class=\"wp-block-heading\">\u00bfCu\u00e1les son las ventajas de comprar salvas de Instagram?<\/h2>\n\n<p>Comprar salva en Instagram ofrece varias ventajas:<\/p>\n\n<ol class=\"wp-block-list\">\n<li><strong>Mayor visibilidad:<\/strong> El algoritmo de Instagram favorece las publicaciones con m\u00e1s guardados, lo que se traduce en una clasificaci\u00f3n m\u00e1s alta y una mayor exposici\u00f3n.<\/li>\n\n\n\n<li><strong>Mayor credibilidad:<\/strong> Un mayor n\u00famero de guardados indica que tu contenido es valioso, lo que aumenta el atractivo de tu perfil para posibles seguidores y anunciantes.<\/li>\n\n\n\n<li><strong>Alto compromiso:<\/strong> M\u00e1s salvas animan a los usuarios a volver a visitar e interactuar con tu contenido, lo que se traduce en un mayor compromiso org\u00e1nico.<\/li>\n\n\n\n<li>Mayor alcance<strong>:<\/strong> La mejora de la visibilidad y la participaci\u00f3n ayudan a que tus publicaciones lleguen a un p\u00fablico m\u00e1s amplio.<\/li>\n\n\n\n<li><strong>Mayor influencia:<\/strong> En general, un mayor n\u00famero de guardas contribuye a una presencia m\u00e1s fuerte e influyente en Instagram.<\/li>\n<\/ol>\n\n<h2 class=\"wp-block-heading\">\u00bfEs seguro comprar salvaciones de Instagram?<\/h2>\n\n<p>S\u00ed, es seguro comprar saves de Instagram si los adquieres en sitios aut\u00e9nticos y con buena reputaci\u00f3n. Estos proveedores fiables garantizan que los saves proceden de cuentas reales y activas, siguiendo <a href=\"https:\/\/help.instagram.com\/477434105621119\">las directrices y pol\u00edticas de Instagram<\/a>. Al seguir estas normas, minimizan el riesgo de sanciones como la suspensi\u00f3n de la cuenta o el shadowbanning.  <\/p>\n\n<p>Los sitios aut\u00e9nticos utilizan m\u00e9todos seguros para entregar los ahorros, manteniendo la integridad y seguridad de tu cuenta. Adem\u00e1s, los proveedores fiables ofrecen atenci\u00f3n al cliente para resolver cualquier duda o problema que puedas tener, garantizando un proceso de transacci\u00f3n seguro y sin problemas. Al elegir un servicio fiable, puedes aumentar tu visibilidad y participaci\u00f3n en Instagram con confianza, sin comprometer la seguridad de tu cuenta.  <\/p>\n\n<figure class=\"wp-block-image size-full\"><img fetchpriority=\"high\" decoding=\"async\" width=\"800\" height=\"600\" src=\"https:\/\/comprarseguidores.io\/wp-content\/uploads\/2024\/06\/Comprar-Salvamentos-no-Instagram.png\" alt=\"Comprar Ahorra Instagram\" class=\"wp-image-9034\" srcset=\"https:\/\/comprarseguidores.io\/wp-content\/uploads\/2024\/06\/Comprar-Salvamentos-no-Instagram.png 800w, https:\/\/comprarseguidores.io\/wp-content\/uploads\/2024\/06\/Comprar-Salvamentos-no-Instagram-300x225.png 300w, https:\/\/comprarseguidores.io\/wp-content\/uploads\/2024\/06\/Comprar-Salvamentos-no-Instagram-768x576.png 768w, https:\/\/comprarseguidores.io\/wp-content\/uploads\/2024\/06\/Comprar-Salvamentos-no-Instagram-441x331.png 441w, https:\/\/comprarseguidores.io\/wp-content\/uploads\/2024\/06\/Comprar-Salvamentos-no-Instagram-150x113.png 150w\" sizes=\"(max-width: 800px) 100vw, 800px\" \/><\/figure>\n\n<h2 class=\"wp-block-heading\">\u00bfC\u00f3mo compro salvaciones de Instagram?<\/h2>\n\n<p>Comprar salvaciones en Instagram es extremadamente f\u00e1cil y sencillo. S\u00f3lo tienes que introducir la URL de tu publicaci\u00f3n en el campo correspondiente, seleccionar la cantidad deseada de saves y completar tu pedido. El proceso s\u00f3lo lleva unos minutos y, una vez realizado el pedido, suele empezar a procesarse en unas horas.  <\/p>\n\n<p>Empezar\u00e1s a ver resultados casi de inmediato, con un aumento de los guardados que mejorar\u00e1 la visibilidad y el engagement de tu publicaci\u00f3n. Este sencillo m\u00e9todo te permite aumentar r\u00e1pidamente tu presencia en Instagram con el m\u00ednimo esfuerzo: <\/p>\n\n<ol class=\"wp-block-list\">\n<li>Introduce la URL de tu entrada en el campo correspondiente.<\/li>\n\n\n\n<li>Selecciona el n\u00famero deseado de guardados.<\/li>\n\n\n\n<li>Completa tu pedido.<\/li>\n\n\n\n<li>La tramitaci\u00f3n del pedido comienza en pocas horas.<\/li>\n\n\n\n<li>Ver\u00e1s resultados inmediatos con un aumento de los guardados en tu post.<\/li>\n<\/ol>\n\n<h2 class=\"wp-block-heading\">\u00bfCu\u00e1nto cuestan 1000 salvaciones en Instagram?<\/h2>\n\n<p>El coste de 1.000 guardados de Instagram suele oscilar entre 8 y 10 $, dependiendo del paquete y de la calidad ofrecida. Los distintos proveedores pueden ofrecer varios paquetes que incluyan funciones adicionales, como tiempos de entrega m\u00e1s r\u00e1pidos o cuentas m\u00e1s activas y de mayor calidad. Estas opciones te permiten elegir el paquete que mejor se adapte a tus necesidades y presupuesto.  <\/p>\n\n<p>Invertir en recuperaciones de mayor calidad puede costar un poco m\u00e1s, pero puede dar mejores resultados en t\u00e9rminos de compromiso y visibilidad. Eligiendo el paquete adecuado, puedes asegurarte de obtener el m\u00e1ximo valor y eficacia por tu inversi\u00f3n. <\/p>\n\n<h2 class=\"wp-block-heading\">\u00bfC\u00f3mo puedo conseguir m\u00e1s ahorros en Instagram?<\/h2>\n\n<p>Para aumentar tus ahorros en Instagram, prueba estas estrategias eficaces:<\/p>\n\n<ol class=\"wp-block-list\">\n<li><strong>Ofrece contenido valioso:<\/strong> Comparte publicaciones de alta calidad, informativas o entretenidas, que tu audiencia encuentre \u00fatiles y quiera guardar.<\/li>\n\n\n\n<li><strong>Incluye<\/strong> llamadas a la <strong>acci\u00f3n:<\/strong> Anima a tus seguidores a guardar tus publicaciones a\u00f1adiendo llamadas a la acci\u00f3n en los pies de foto, como \"Guarda esta publicaci\u00f3n para m\u00e1s tarde\" o \"Gu\u00e1rdala si te ha resultado \u00fatil\".<\/li>\n\n\n\n<li><strong>Comparte infograf\u00edas y tutoriales:<\/strong> Crea infograf\u00edas informativas, gu\u00edas o tutoriales que aporten valor, animando a los usuarios a guardarlos para futuras consultas.<\/li>\n\n\n\n<li><strong>Relaci\u00f3nate con tus seguidores:<\/strong> Construye relaciones con tu audiencia respondiendo a comentarios y mensajes directos, aumentando la probabilidad de que guarden tu contenido.<\/li>\n\n\n\n<li><strong>Utiliza hashtags relevantes:<\/strong> Aumenta la visibilidad de tus publicaciones utilizando hashtags relevantes, llegando a un p\u00fablico m\u00e1s amplio que pueda guardar tu contenido.<\/li>\n\n\n\n<li><strong>Colabora con personas influyentes:<\/strong> As\u00f3ciate con personas influyentes de tu nicho para que compartan tu contenido con sus seguidores, aumentando as\u00ed las posibilidades de que tus publicaciones se guarden.<\/li>\n\n\n\n<li><strong>Publica en las horas punta:<\/strong> Lanza tus contenidos cuando tu audiencia est\u00e9 m\u00e1s activa para maximizar la participaci\u00f3n y la probabilidad de guardarlos.<\/li>\n\n\n\n<li><strong>Organiza concursos o sorteos:<\/strong> Motiva a los usuarios para que guarden sus publicaciones como parte de un requisito de participaci\u00f3n en un concurso o sorteo.<\/li>\n<\/ol>\n\n<p>Poner en pr\u00e1ctica estas estrategias puede ayudarte a aumentar eficazmente el n\u00famero de guardados en tus publicaciones de Instagram.<\/p>\n\n<h2 class=\"wp-block-heading\">\u00bfPor qu\u00e9 buyfollowers.io es el mejor sitio para comprar seguidores de Instagram?<\/h2>\n\n<p>Buyfollowers.io es el mejor sitio para comprar seguidores de Instagram por su compromiso con la calidad, la fiabilidad y la satisfacci\u00f3n del cliente. El sitio ofrece seguidores de alta calidad de cuentas reales y activas, lo que garantiza que tu participaci\u00f3n parezca aut\u00e9ntica y cre\u00edble. Los pedidos se procesan r\u00e1pidamente, a menudo en pocas horas, para que puedas ver resultados inmediatos. Buyfollowers.io utiliza m\u00e9todos de pago seguros y sigue las directrices de Instagram, manteniendo tu cuenta a salvo de sanciones.   <\/p>\n\n<p>Tambi\u00e9n ofrece precios competitivos, lo que te permite elegir paquetes que se ajusten a tu presupuesto sin comprometer la calidad. Adem\u00e1s, el sitio ofrece una excelente atenci\u00f3n al cliente, con un servicio atento y servicial para ayudarte con cualquier duda o problema. Con muchas opiniones positivas de clientes satisfechos que elogian sus servicios eficaces y su entrega fiable, Comprarseguidores.io es una opci\u00f3n de confianza para aumentar la participaci\u00f3n en Instagram, garantizando que obtienes el mejor valor y los mejores resultados por tu inversi\u00f3n.  <\/p>\n\n<h2 class=\"wp-block-heading\">Comprar seguidores.io ofrece siguientes paquetes de ahorro de Instagram activos<\/h2>\n\n<p>25 veces guardado en Instagram<br\/>50 veces guardado en Instagram<br\/>100 veces guardado en Instagram<br\/>250 veces guardado en Instagram<br\/>500 veces guardado en Instagram<br\/>1000 veces guardado en Instagram<br\/>2500 veces guardado en Instagram<br\/>10.000 veces guardado en Instagram<br\/>100.000 veces guardado en Instagram<\/p>\n\n<h1 class=\"wp-block-heading\">PREGUNTAS FRECUENTES<\/h1>\n\n<div data-schema-only=\"false\" class=\"wp-block-aioseo-faq\"><h3 class=\"aioseo-faq-block-question\"><strong>Quanto tempo at\u00e9 ver resultados?<\/strong><\/h3><div class=\"aioseo-faq-block-answer\">\n<p>Ver\u00e1s los resultados casi inmediatamente despu\u00e9s de que se haya procesado tu pedido, normalmente en unas pocas horas.<\/p>\n<\/div><\/div>\n\n<div data-schema-only=\"false\" class=\"wp-block-aioseo-faq\"><h3 class=\"aioseo-faq-block-question\"><strong>Por que devo comprar salvamentos no Instagram?<\/strong><\/h3><div class=\"aioseo-faq-block-answer\">\n<p>Comprar salvas de Instagram aumenta la visibilidad y el compromiso de tus publicaciones al dar prioridad a tu contenido en el algoritmo de Instagram. Esto atrae m\u00e1s interacciones org\u00e1nicas, aumenta la credibilidad de tu perfil y hace que tu contenido sea m\u00e1s atractivo para posibles seguidores y anunciantes, lo que se traduce en un crecimiento m\u00e1s r\u00e1pido y una presencia m\u00e1s fuerte en la plataforma. <\/p>\n<\/div><\/div>\n\n<div data-schema-only=\"false\" class=\"wp-block-aioseo-faq\"><h3 class=\"aioseo-faq-block-question\"><strong>Um alto n\u00famero de salvamentos pode aumentar o engajamento org\u00e2nico?<\/strong><\/h3><div class=\"aioseo-faq-block-answer\">\n<p>S\u00ed, un n\u00famero elevado de guardados puede aumentar la participaci\u00f3n org\u00e1nica en Instagram. Cuando las publicaciones se guardan con frecuencia, el algoritmo de Instagram las considera contenido valioso, aumentando su visibilidad. Esta mayor exposici\u00f3n atrae m\u00e1s Me gusta org\u00e1nicos, comentarios y seguidores, aumentando el engagement general.  <\/p>\n<\/div><\/div>\n\n<div data-schema-only=\"false\" class=\"wp-block-aioseo-faq\"><h3 class=\"aioseo-faq-block-question\"><strong>Comprar salvamentos \u00e9 uma pr\u00e1tica comum?<\/strong><\/h3><div class=\"aioseo-faq-block-answer\">\n<p>S\u00ed, comprar salvas es habitual en Instagram. Influencers, marcas y particulares lo utilizan para aumentar el engagement, la visibilidad y la credibilidad, atrayendo m\u00e1s interacciones org\u00e1nicas y seguidores. <\/p>\n<\/div><\/div>\n\n<div data-schema-only=\"false\" class=\"wp-block-aioseo-faq\"><h3 class=\"aioseo-faq-block-question\"><strong>Estes s\u00e3o salvamentos reais do Instagram?<\/strong><\/h3><div class=\"aioseo-faq-block-answer\">\n<p>S\u00ed, se trata de guardados reales de Instagram de cuentas activas y aut\u00e9nticas.<\/p>\n<\/div><\/div>\n\n<div data-schema-only=\"false\" class=\"wp-block-aioseo-faq\"><h3 class=\"aioseo-faq-block-question\"><strong>Quais benef\u00edcios posso esperar ao comprar salvamentos no Instagram?<\/strong><\/h3><div class=\"aioseo-faq-block-answer\">\n<p>Comprar salvas en Instagram aumenta la visibilidad y credibilidad de tu publicaci\u00f3n, atrayendo a m\u00e1s seguidores y anunciantes. Esto conduce a un mayor compromiso org\u00e1nico, un alcance m\u00e1s amplio y un crecimiento m\u00e1s r\u00e1pido en la plataforma. <\/p>\n<\/div><\/div>\n\n<div data-schema-only=\"false\" class=\"wp-block-aioseo-faq\"><h3 class=\"aioseo-faq-block-question\"><strong>Quantos salvamentos no Instagram devo comprar?<\/strong><\/h3><div class=\"aioseo-faq-block-answer\">\n<p>El n\u00famero de salvas de Instagram que debes comprar depende de tus objetivos. Si quieres aumentar el engagement y la visibilidad inicial, una cantidad menor puede ser suficiente. Para un crecimiento m\u00e1s significativo y una mayor visibilidad, considera comprar una cantidad mayor.  <\/p>\n<\/div><\/div>\n\n<div data-schema-only=\"false\" class=\"wp-block-aioseo-faq\"><h3 class=\"aioseo-faq-block-question\"><strong>\u00c9 poss\u00edvel ser banido por comprar salvamentos no Instagram?<\/strong><\/h3><div class=\"aioseo-faq-block-answer\">\n<p>Si compras saves de Instagram en sitios aut\u00e9nticos, no te bloquear\u00e1n. Los proveedores fiables garantizan que los saves proceden de cuentas reales y activas y siguen las directrices de Instagram, manteniendo tu cuenta a salvo. <\/p>\n<\/div><\/div>\n\n<div data-schema-only=\"false\" class=\"wp-block-aioseo-faq\"><h3 class=\"aioseo-faq-block-question\"><strong>O que fazer se meu pedido n\u00e3o for entregue?<\/strong><\/h3><div class=\"aioseo-faq-block-answer\">\n<p>Si tu pedido no se entrega, comprueba la confirmaci\u00f3n del pedido y los detalles del pago para asegurarte de que todo es correcto. A continuaci\u00f3n, ponte en contacto con el servicio de atenci\u00f3n al cliente con la informaci\u00f3n de tu pedido para resolver el problema. Deber\u00edan poder ayudarte y ofrecerte una soluci\u00f3n.  <\/p>\n<\/div><\/div>\n\n<div data-schema-only=\"false\" class=\"wp-block-aioseo-faq\"><h3 class=\"aioseo-faq-block-question\"><strong>Quais m\u00e9todos de pagamento voc\u00ea oferece?<\/strong><\/h3><div class=\"aioseo-faq-block-answer\">\n<p>Ofrecemos diversos m\u00e9todos de pago, como tarjetas de cr\u00e9dito, PayPal y, en algunos casos, criptomonedas. Esta variedad te permite elegir la opci\u00f3n m\u00e1s conveniente para tus transacciones. <\/p>\n<\/div><\/div>\n","protected":false},"excerpt":{"rendered":"<p>\ud83d\ude80 Impulsa tus publicaciones de Instagram:<\/p>\n<p>\u2b50\ufe0f Instagram real ahorra <br \/>\u2b50\ufe0f La entrega comienza en 12 horas <br \/>\u2b50\ufe0f A\u00f1ade credibilidad <br \/>\u2b50\ufe0f Garant\u00eda de por vida <br \/>\u2b50\ufe0f Seguro y discreto <br \/>\u2b50\ufe0f Precios asequibles<\/p>\n","protected":false},"featured_media":7216,"comment_status":"open","ping_status":"closed","template":"","meta":[],"product_brand":[],"product_cat":[111],"product_tag":[],"class_list":{"0":"post-13019","1":"product","2":"type-product","3":"status-publish","4":"has-post-thumbnail","6":"product_cat-instagram-es","8":"first","9":"instock","10":"shipping-taxable","11":"purchasable","12":"product-type-variable"},"aioseo_notices":[],"_links":{"self":[{"href":"https:\/\/comprarseguidores.io\/es\/wp-json\/wp\/v2\/product\/13019","targetHints":{"allow":["GET"]}}],"collection":[{"href":"https:\/\/comprarseguidores.io\/es\/wp-json\/wp\/v2\/product"}],"about":[{"href":"https:\/\/comprarseguidores.io\/es\/wp-json\/wp\/v2\/types\/product"}],"replies":[{"embeddable":true,"href":"https:\/\/comprarseguidores.io\/es\/wp-json\/wp\/v2\/comments?post=13019"}],"version-history":[{"count":1,"href":"https:\/\/comprarseguidores.io\/es\/wp-json\/wp\/v2\/product\/13019\/revisions"}],"predecessor-version":[{"id":13047,"href":"https:\/\/comprarseguidores.io\/es\/wp-json\/wp\/v2\/product\/13019\/revisions\/13047"}],"wp:featuredmedia":[{"embeddable":true,"href":"https:\/\/comprarseguidores.io\/es\/wp-json\/wp\/v2\/media\/7216"}],"wp:attachment":[{"href":"https:\/\/comprarseguidores.io\/es\/wp-json\/wp\/v2\/media?parent=13019"}],"wp:term":[{"taxonomy":"product_brand","embeddable":true,"href":"https:\/\/comprarseguidores.io\/es\/wp-json\/wp\/v2\/product_brand?post=13019"},{"taxonomy":"product_cat","embeddable":true,"href":"https:\/\/comprarseguidores.io\/es\/wp-json\/wp\/v2\/product_cat?post=13019"},{"taxonomy":"product_tag","embeddable":true,"href":"https:\/\/comprarseguidores.io\/es\/wp-json\/wp\/v2\/product_tag?post=13019"}],"curies":[{"name":"wp","href":"https:\/\/api.w.org\/{rel}","templated":true}]}}