{"id":13086,"date":"2025-03-29T07:30:37","date_gmt":"2025-03-29T07:30:37","guid":{"rendered":"https:\/\/comprarseguidores.io\/product\/comprar-bot-de-chat-de-twitch-2\/"},"modified":"2025-04-06T13:07:09","modified_gmt":"2025-04-06T13:07:09","slug":"comprar-bot-de-chat-de-twitch-2","status":"publish","type":"product","link":"https:\/\/comprarseguidores.io\/es\/product\/comprar-bot-de-chat-de-twitch-2\/","title":{"rendered":"Comprar bot de chat de Twitch"},"content":{"rendered":"\n<h2 class=\"wp-block-heading\">Comprar bot de chat de Twitch<\/h2>\n\n<p>Comprar un bot de Chat de Twitch puede ofrecer varias ventajas a los streamers que quieran mejorar la interactividad y la presencia de sus canales. En primer lugar, un bot de chat de Twitch puede ayudar a gestionar y moderar el chat durante las retransmisiones en directo, garantizando que las conversaciones sigan siendo adecuadas y atractivas. Esta automatizaci\u00f3n ahorra tiempo y permite al streamer centrarse m\u00e1s en el contenido que en gestionar el chat. Adem\u00e1s, los bots pueden programarse para realizar tareas como saludar a los nuevos espectadores, realizar encuestas y proporcionar recordatorios oportunos sobre c\u00f3mo seguir el canal o suscribirse.   <\/p>\n\n<p>Este nivel de automatizaci\u00f3n no s\u00f3lo mejora la experiencia general del espectador al mantener el chat animado e interactivo, sino que tambi\u00e9n ayuda a mantener un ambiente profesional y acogedor para la comunidad.<\/p>\n\n<h2 class=\"wp-block-heading\">Compra un bot de chat de Twitch por 1 d\u00eda<\/h2>\n\n<p>Este servicio ofrece el alquiler de un bot de chat de Twitch durante un d\u00eda, ideal para streamers que necesitan ayuda a corto plazo para gestionar y moderar el chat durante eventos especiales o retransmisiones con mucho tr\u00e1fico. El bot ayuda a automatizar las interacciones, gestionar el spam y mantener un entorno de chat amigable y atractivo, mejorando la experiencia general tanto para el streamer como para los espectadores. <\/p>\n\n<h2 class=\"wp-block-heading\">Compra un bot de chat de Twitch durante 1 semana<\/h2>\n\n<p>Elige alquilar un chat bot de Twitch durante una semana para gestionar continuamente el chat de tu canal. Esta duraci\u00f3n m\u00e1s larga es perfecta para los streamers que quieren mantener un chat moderado e interactivo de forma constante a lo largo de una serie de retransmisiones o durante una semana intensiva de streaming. El bot puede encargarse de tareas como moderar el contenido, atraer a los espectadores con comandos interactivos y promover las actividades del canal, proporcionando una experiencia de visualizaci\u00f3n continua y reduciendo al mismo tiempo la carga de trabajo del streamer.  <\/p>\n\n<p><strong>Optimizar tu canal de Twitch con una combinaci\u00f3n equilibrada de seguidores, visualizaciones, visualizaciones de retransmisiones en directo y participaci\u00f3n en bots de chat puede mejorar significativamente las m\u00e9tricas de tu canal y establecer tu credibilidad.<\/strong><\/p>\n\n<h2 class=\"wp-block-heading\">\u00bfCu\u00e1les son las ventajas de comprar un chatbot de Twitch?<\/h2>\n\n<p>Comprar un Bot de Chat de Twitch ofrece varias ventajas a los streamers que quieran mejorar su experiencia de streaming y su interacci\u00f3n con los espectadores:<\/p>\n\n<ol class=\"wp-block-list\">\n<li><strong>Moderaci\u00f3n<\/strong> autom\u00e1tica Un chat bot puede moderar autom\u00e1ticamente tu chat para mantener un entorno libre de spam, contenido ofensivo y trolls, garantizando un entorno agradable y seguro para tu comunidad.<br\/><\/li>\n\n\n\n<li><strong>Mayor interacci\u00f3n<\/strong> Los bots pueden atraer a los espectadores respondiendo a sus mensajes, realizando encuestas y juegos, lo que mantiene a la audiencia entretenida e implicada.<br\/><\/li>\n\n\n\n<li><strong>Retenci\u00f3n<\/strong> del espectador Con una interacci\u00f3n continua y un chat gestionado, es m\u00e1s probable que los espectadores permanezcan m\u00e1s tiempo y participen activamente, aumentando las tasas de retenci\u00f3n de espectadores.<br\/><\/li>\n\n\n\n<li><strong>Promoci\u00f3n del canal<\/strong> Los bots de chat pueden programarse para promocionar tu canal recordando a los espectadores que te sigan, se suscriban o consulten enlaces a redes sociales o productos, ayudando a ampliar el alcance de tu canal.<br\/><\/li>\n\n\n\n<li><strong>Eficiencia del<\/strong> tiempo Al automatizar muchas tareas rutinarias, los chatbots te permiten centrarte m\u00e1s en ofrecer contenidos de calidad e interactuar personalmente con tu audiencia, mejorando la calidad general del streaming.<\/li>\n<\/ol>\n\n<p>Estas ventajas convierten a los bots de chat de Twitch en una valiosa herramienta para los streamers que quieran profesionalizar sus canales y mejorar la participaci\u00f3n de los espectadores.<\/p>\n\n<h2 class=\"wp-block-heading\">\u00bfEs seguro comprar un chatbot de Twitch?<\/h2>\n\n<p>S\u00ed, es seguro comprar un bot de chat de Twitch si lo haces en sitios web aut\u00e9nticos. Estas fuentes de confianza garantizan que los bots cumplen <a href=\"https:\/\/safety.twitch.tv\/s\/article\/Community-Guidelines?language=en_US\">las directrices y pol\u00edticas de Twitch<\/a>, minimizando el riesgo de infracciones que podr\u00edan afectar a tu canal. Si eliges un proveedor de confianza, podr\u00e1s disfrutar de las ventajas de la gesti\u00f3n avanzada del chat y la interacci\u00f3n sin comprometer la seguridad de tu cuenta.  <\/p>\n\n<figure class=\"wp-block-image size-full\"><img fetchpriority=\"high\" decoding=\"async\" width=\"800\" height=\"600\" src=\"https:\/\/comprarseguidores.io\/wp-content\/uploads\/2024\/06\/Comprar-bot-do-Twitch-Chat.png\" alt=\"Comprar bot de chat de Twitch\" class=\"wp-image-9500\" srcset=\"https:\/\/comprarseguidores.io\/wp-content\/uploads\/2024\/06\/Comprar-bot-do-Twitch-Chat.png 800w, https:\/\/comprarseguidores.io\/wp-content\/uploads\/2024\/06\/Comprar-bot-do-Twitch-Chat-300x225.png 300w, https:\/\/comprarseguidores.io\/wp-content\/uploads\/2024\/06\/Comprar-bot-do-Twitch-Chat-768x576.png 768w, https:\/\/comprarseguidores.io\/wp-content\/uploads\/2024\/06\/Comprar-bot-do-Twitch-Chat-441x331.png 441w, https:\/\/comprarseguidores.io\/wp-content\/uploads\/2024\/06\/Comprar-bot-do-Twitch-Chat-150x113.png 150w\" sizes=\"(max-width: 800px) 100vw, 800px\" \/><\/figure>\n\n<h2 class=\"wp-block-heading\">\u00bfC\u00f3mo compro un chatbot de Twitch?<\/h2>\n\n<p>Comprar un chat bot de Twitch es un proceso sencillo y eficaz. He aqu\u00ed c\u00f3mo proceder: <\/p>\n\n<ol class=\"wp-block-list\">\n<li>Introduce la URL de tu canal de difusi\u00f3n en el campo URL del sitio web del proveedor de servicios.<\/li>\n\n\n\n<li>Elige la cantidad que deseas o la duraci\u00f3n del servicio de chat bot.<\/li>\n\n\n\n<li>Finaliza la transacci\u00f3n realizando el pago.<\/li>\n\n\n\n<li>La instalaci\u00f3n suele comenzar en pocas horas y empezar\u00e1s a ver los efectos casi de inmediato.<\/li>\n<\/ol>\n\n<p>Este m\u00e9todo r\u00e1pido y sin complicaciones facilita la mejora de tu experiencia de streaming en Twitch con una gesti\u00f3n eficaz del chat.<\/p>\n\n<h2 class=\"wp-block-heading\">\u00bfCu\u00e1nto cuestan 1000 interacciones de Twitch Chat Bot?<\/h2>\n\n<p>El coste de adquirir 1000 interacciones de un Bot de Chat de Twitch suele variar entre 5 y 10 $, dependiendo del paquete espec\u00edfico seleccionado. Estos paquetes difieren en cuanto a las funcionalidades que incluyen, como la complejidad de las respuestas del bot, las capacidades de moderaci\u00f3n y las herramientas de compromiso ofrecidas. <\/p>\n\n<p>Los paquetes m\u00e1s caros pueden ofrecer funcionalidades m\u00e1s avanzadas, como comandos personalizados, sorteos automatizados o encuestas integradas, que pueden mejorar la interacci\u00f3n con los espectadores y facilitar la gesti\u00f3n del chat. Al elegir un paquete, es importante considerar qu\u00e9 funcionalidades se ajustan mejor a tus objetivos de retransmisi\u00f3n y a tus estrategias de captaci\u00f3n de audiencia. <\/p>\n\n<h2 class=\"wp-block-heading\">\u00bfC\u00f3mo puedo conseguir m\u00e1s bots de chat de Twitch?<\/h2>\n\n<p>Para conseguir m\u00e1s Chat Bots de Twitch para tu emisi\u00f3n, sigue estos pasos:<\/p>\n\n<ol class=\"wp-block-list\">\n<li><strong>Investiga a los proveedores<\/strong> Empieza por investigar a las distintas empresas o desarrolladores que ofrecen servicios de bot de chat de Twitch. Busca opiniones y comentarios de otros streamers para asegurarte de la calidad y fiabilidad del bot. <br\/><\/li>\n\n\n\n<li><strong>Comparar funciones<\/strong> Eval\u00faa las distintas funciones que ofrece cada proveedor. Algunos bots pueden ofrecer funcionalidades b\u00e1sicas como moderaci\u00f3n y respuestas autom\u00e1ticas, mientras que otros pueden incluir funciones avanzadas como encuestas, juegos y sistemas de fidelizaci\u00f3n. <br\/><\/li>\n\n\n\n<li><strong>Elige un<\/strong> paquete Elige un paquete que se adapte a tus necesidades y presupuesto. Algunos proveedores pueden ofrecer opciones personalizables en las que puedes seleccionar las funcionalidades espec\u00edficas que quieres que tenga tu bot. <br\/><\/li>\n\n\n\n<li><strong>Comprar e instalar<\/strong> Tras elegir un proveedor y un paquete, compra el servicio bot y sigue las instrucciones del proveedor para instalar y activar el bot en tu canal de Twitch.<br\/><\/li>\n\n\n\n<li><strong>Configurar ajustes<\/strong> Tras la instalaci\u00f3n, configura los ajustes de tu bot seg\u00fan tus preferencias. Configura comandos, reglas de moderaci\u00f3n y otras herramientas de participaci\u00f3n para interactuar eficazmente con tu audiencia. <br\/><\/li>\n\n\n\n<li><strong>Supervisar y ajustar<\/strong> Controla c\u00f3mo funciona el bot durante tus emisiones. Haz los ajustes necesarios para mejorar su eficacia y asegurarte de que mejora la experiencia de los espectadores sin interrumpir el chat. <\/li>\n<\/ol>\n\n<p>Siguiendo estos pasos, podr\u00e1s implementar con \u00e9xito m\u00e1s Chat Bots de Twitch para captar y gestionar a tu audiencia de forma m\u00e1s eficiente.<\/p>\n\n<h2 class=\"wp-block-heading\">\u00bfPor qu\u00e9 buyfollowers.io es el mejor sitio para comprar Twitch Chat Bot?<\/h2>\n\n<p>comprarseguidores.io es altamente reconocido como el mejor sitio para comprar Chat Bots de Twitch debido a su completa oferta y fiabilidad. La plataforma garantiza el cumplimiento de las directrices de Twitch, ofreciendo soluciones de chat bot seguras y eficaces que protegen tu canal. Ofrece una amplia gama de bots de chat con distintas funciones, desde capacidades b\u00e1sicas de moderaci\u00f3n hasta herramientas interactivas avanzadas como encuestas y juegos. El sitio es conocido por su sencillo proceso de configuraci\u00f3n, que facilita a streamers de todos los niveles de experiencia la integraci\u00f3n de bots en sus emisiones.   <\/p>\n\n<p>Adem\u00e1s, comprarseguidores.io ofrece un servicio de atenci\u00f3n al cliente excepcional, que resuelve r\u00e1pidamente cualquier problema o duda que puedan tener los usuarios. El sitio tambi\u00e9n ha recibido numerosas rese\u00f1as positivas, lo que demuestra a\u00fan m\u00e1s la calidad del servicio y la satisfacci\u00f3n de los clientes. Adem\u00e1s, ofrecen opciones personalizables, lo que permite a los streamers adaptar los bots a sus necesidades espec\u00edficas, mejorando la interacci\u00f3n con los espectadores y la gesti\u00f3n de las retransmisiones. Estos atributos hacen de comprarseguidores.io la mejor opci\u00f3n para los streamers que buscan servicios de chat bot fiables y eficaces.   <\/p>\n\n<h1 class=\"wp-block-heading\">PREGUNTAS FRECUENTES<\/h1>\n\n<div data-schema-only=\"false\" class=\"wp-block-aioseo-faq\"><h3 class=\"aioseo-faq-block-question\"><strong>Pode um grande n\u00famero de bots de chat aumentar o engajamento org\u00e2nico?<\/strong><\/h3><div class=\"aioseo-faq-block-answer\">\n<p>S\u00ed, los bots de chat utilizados eficazmente en Twitch pueden aumentar la participaci\u00f3n org\u00e1nica. Los bots que interact\u00faan con los espectadores, como la realizaci\u00f3n de encuestas o concursos, pueden hacer que el chat sea m\u00e1s animado y fomentar la participaci\u00f3n activa. <\/p>\n<\/div><\/div>\n\n<div data-schema-only=\"false\" class=\"wp-block-aioseo-faq\"><h3 class=\"aioseo-faq-block-question\"><strong>\u00c9 poss\u00edvel ser banido por comprar um bot de chat do Twitch?<\/strong><\/h3><div class=\"aioseo-faq-block-answer\">\n<p>No te expulsar\u00e1n por comprar un bot de chat de Twitch si lo adquieres en sitios aut\u00e9nticos que cumplan las pol\u00edticas de Twitch. Los proveedores fiables garantizan que sus bots funcionan dentro de las normas establecidas por Twitch, ayudando a automatizar tu chat sin violar las condiciones del servicio. Esto hace que sea seguro mejorar tu experiencia de streaming utilizando bots para la moderaci\u00f3n y la participaci\u00f3n de los espectadores.  <\/p>\n<\/div><\/div>\n\n<div data-schema-only=\"false\" class=\"wp-block-aioseo-faq\"><h3 class=\"aioseo-faq-block-question\"><strong>Quantos bots de chat do Twitch devo comprar?<\/strong><\/h3><div class=\"aioseo-faq-block-answer\">\n<p>Para la mayor\u00eda de los streamers de Twitch, un bot de chat es suficiente para gestionar las interacciones del chat y automatizar las tareas de forma eficaz. Si tienes un canal grande o celebras grandes eventos, puede que necesites bots adicionales para gestionar un mayor volumen de chat. S\u00f3lo aseg\u00farate de que los bots no solapan sus funciones para evitar confusiones en el chat.  <\/p>\n<\/div><\/div>\n\n<div data-schema-only=\"false\" class=\"wp-block-aioseo-faq\"><h3 class=\"aioseo-faq-block-question\"><strong>Quanto tempo at\u00e9 eu ver resultados?<\/strong><\/h3><div class=\"aioseo-faq-block-answer\">\n<p>Ver\u00e1s los resultados casi inmediatamente despu\u00e9s de que se haya procesado tu pedido, normalmente en unas pocas horas.<\/p>\n<\/div><\/div>\n\n<div data-schema-only=\"false\" class=\"wp-block-aioseo-faq\"><h3 class=\"aioseo-faq-block-question\"><strong>Quais benef\u00edcios posso esperar ao comprar um bot de chat do Twitch?<\/strong><\/h3><div class=\"aioseo-faq-block-answer\">\n<p>Comprar un bot de chat de Twitch puede automatizar la moderaci\u00f3n del chat y mejorar la participaci\u00f3n de los espectadores con funciones interactivas como comandos y juegos. Estos bots tambi\u00e9n simplifican las tareas rutinarias y ofrecen opciones personalizables para mejorar tu estrategia de streaming. <\/p>\n<\/div><\/div>\n\n<div data-schema-only=\"false\" class=\"wp-block-aioseo-faq\"><h3 class=\"aioseo-faq-block-question\"><strong>Estes s\u00e3o bots de chat reais do Twitch?<\/strong><\/h3><div class=\"aioseo-faq-block-answer\">\n<p>S\u00ed, son bots de chat reales de Twitch.<\/p>\n<\/div><\/div>\n\n<div data-schema-only=\"false\" class=\"wp-block-aioseo-faq\"><h3 class=\"aioseo-faq-block-question\"><strong>Por que devo comprar um bot de chat do Twitch?<\/strong><\/h3><div class=\"aioseo-faq-block-answer\">\n<p>Comprar un bot de chat de Twitch puede mejorar significativamente tu experiencia de streaming automatizando la moderaci\u00f3n y mejorando la participaci\u00f3n de los espectadores. Estos bots gestionan los entornos de chat, filtran el spam y ofrecen actividades interactivas como encuestas y juegos, permiti\u00e9ndote centrarte m\u00e1s en la creaci\u00f3n de contenidos y en la interacci\u00f3n directa con tu audiencia. <\/p>\n<\/div><\/div>\n\n<div data-schema-only=\"false\" class=\"wp-block-aioseo-faq\"><h3 class=\"aioseo-faq-block-question\"><strong>Comprar bots de chat \u00e9 uma a\u00e7\u00e3o frequentemente praticada?<\/strong><\/h3><div class=\"aioseo-faq-block-answer\">\n<p>S\u00ed, comprar bots de chat es una pr\u00e1ctica habitual en Twitch. Muchos streamers utilizan bots de chat para automatizar tareas como la moderaci\u00f3n, la participaci\u00f3n y la gesti\u00f3n de las interacciones con los espectadores. Esto ayuda a mantener un entorno organizado e interactivo, facilitando que los streamers se centren en ofrecer contenidos atractivos mientras el bot se encarga de las actividades rutinarias del chat.  <\/p>\n<\/div><\/div>\n\n<div data-schema-only=\"false\" class=\"wp-block-aioseo-faq\"><h3 class=\"aioseo-faq-block-question\"><strong>O que fazer se meu pedido n\u00e3o for entregue?<\/strong><\/h3><div class=\"aioseo-faq-block-answer\">\n<p>Si tu pedido no se entrega, comprueba la confirmaci\u00f3n del pedido y los detalles del pago para asegurarte de que todo es correcto. A continuaci\u00f3n, ponte en contacto con el servicio de atenci\u00f3n al cliente con la informaci\u00f3n de tu pedido para resolver el problema. Deber\u00edan poder ayudarte y ofrecerte una soluci\u00f3n.  <\/p>\n<\/div><\/div>\n\n<div data-schema-only=\"false\" class=\"wp-block-aioseo-faq\"><h3 class=\"aioseo-faq-block-question\"><strong>Quais m\u00e9todos de pagamento voc\u00ea oferece?<\/strong><\/h3><div class=\"aioseo-faq-block-answer\">\n<p>Ofrecemos diversos m\u00e9todos de pago, como tarjetas de cr\u00e9dito, PayPal y, en algunos casos, criptomonedas. Esta variedad te permite elegir la opci\u00f3n m\u00e1s conveniente para tus transacciones. <\/p>\n<\/div><\/div>\n","protected":false},"excerpt":{"rendered":"<p><strong>\ud83d\udd25 \u00a1Potencia tu presencia en Twitch hoy mismo!<\/strong><\/p>\n<p>Elige el paquete perfecto para alcanzar tus objetivos de difusi\u00f3n y observa c\u00f3mo crece tu audiencia, de forma segura y fiable. Esto es lo que ofrecemos: <\/p>\n<p><strong>Bot de chat real de Twitch \ud83e\udd16<\/strong> <br \/><strong>Indistinguible del aut\u00e9ntico<\/strong> <br \/><strong>100% libre de riesgos<\/strong><\/p>\n<p><strong>\ud83d\udd12 Opciones de pago seguras<\/strong><\/p>\n<p><strong>\ud83d\udcde Atenci\u00f3n al cliente 24 horas al d\u00eda, 7 d\u00edas a la semana<\/strong><\/p>\n","protected":false},"featured_media":9401,"comment_status":"open","ping_status":"closed","template":"","meta":[],"product_brand":[],"product_cat":[113],"product_tag":[],"class_list":{"0":"post-13086","1":"product","2":"type-product","3":"status-publish","4":"has-post-thumbnail","6":"product_cat-twitch-es","8":"first","9":"instock","10":"shipping-taxable","11":"purchasable","12":"product-type-variable"},"aioseo_notices":[],"_links":{"self":[{"href":"https:\/\/comprarseguidores.io\/es\/wp-json\/wp\/v2\/product\/13086","targetHints":{"allow":["GET"]}}],"collection":[{"href":"https:\/\/comprarseguidores.io\/es\/wp-json\/wp\/v2\/product"}],"about":[{"href":"https:\/\/comprarseguidores.io\/es\/wp-json\/wp\/v2\/types\/product"}],"replies":[{"embeddable":true,"href":"https:\/\/comprarseguidores.io\/es\/wp-json\/wp\/v2\/comments?post=13086"}],"version-history":[{"count":1,"href":"https:\/\/comprarseguidores.io\/es\/wp-json\/wp\/v2\/product\/13086\/revisions"}],"predecessor-version":[{"id":13089,"href":"https:\/\/comprarseguidores.io\/es\/wp-json\/wp\/v2\/product\/13086\/revisions\/13089"}],"wp:featuredmedia":[{"embeddable":true,"href":"https:\/\/comprarseguidores.io\/es\/wp-json\/wp\/v2\/media\/9401"}],"wp:attachment":[{"href":"https:\/\/comprarseguidores.io\/es\/wp-json\/wp\/v2\/media?parent=13086"}],"wp:term":[{"taxonomy":"product_brand","embeddable":true,"href":"https:\/\/comprarseguidores.io\/es\/wp-json\/wp\/v2\/product_brand?post=13086"},{"taxonomy":"product_cat","embeddable":true,"href":"https:\/\/comprarseguidores.io\/es\/wp-json\/wp\/v2\/product_cat?post=13086"},{"taxonomy":"product_tag","embeddable":true,"href":"https:\/\/comprarseguidores.io\/es\/wp-json\/wp\/v2\/product_tag?post=13086"}],"curies":[{"name":"wp","href":"https:\/\/api.w.org\/{rel}","templated":true}]}}