{"id":13141,"date":"2025-03-29T07:28:17","date_gmt":"2025-03-29T07:28:17","guid":{"rendered":"https:\/\/comprarseguidores.io\/product\/comprar-vistas-en-linkedin-2\/"},"modified":"2025-04-06T13:07:18","modified_gmt":"2025-04-06T13:07:18","slug":"comprar-vistas-en-linkedin-2","status":"publish","type":"product","link":"https:\/\/comprarseguidores.io\/es\/product\/comprar-vistas-en-linkedin-2\/","title":{"rendered":"Comprar vistas en Linkedin"},"content":{"rendered":"\n<h2 class=\"wp-block-heading\"><strong>Comprar vistas de LinkedIn: \u00a1el impulso turbo para tu ranking!<\/strong><\/h2>\n\n<p>\u00bfQuieres que tu contenido de LinkedIn llame m\u00e1s la atenci\u00f3n? Ya sea una foto, un post o un v\u00eddeo, te ofrecemos la soluci\u00f3n perfecta. Aumenta tu visibilidad e impresiona a tu p\u00fablico objetivo con nuestra oferta de vistas de LinkedIn.  <\/p>\n\n<h2 class=\"wp-block-heading\"><strong>Ventajas de comprar vistas de LinkedIn:<\/strong><\/h2>\n\n<ul class=\"wp-block-list\">\n<li><strong>Aumenta tu visibilidad<\/strong>: M\u00e1s visitas significan mayor alcance. Demuestra que tu contenido est\u00e1 en alza y deja que lo perciba un p\u00fablico m\u00e1s amplio. <\/li>\n\n\n\n<li><strong>Mejora de la posici\u00f3n<\/strong>: LinkedIn favorece el contenido con alta interacci\u00f3n. Con m\u00e1s visitas, mejoras tu posici\u00f3n en las noticias. <\/li>\n\n\n\n<li><strong>Uso diverso<\/strong>: Ya sean fotos, posts o v\u00eddeos, nuestras visualizaciones se adaptan a todo tipo de contenidos y ayudan a que cada formato capte m\u00e1s atenci\u00f3n.<\/li>\n\n\n\n<li><strong>Confianza<\/strong>: Una publicaci\u00f3n con muchas visitas atrae autom\u00e1ticamente m\u00e1s inter\u00e9s y genera confianza en tu p\u00fablico objetivo.<\/li>\n<\/ul>\n\n<p>Apuesta por la calidad y la eficacia. Con nuestras visualizaciones de LinkedIn, dar\u00e1s a tu perfil y a tu contenido la ventaja crucial en la competici\u00f3n por captar la atenci\u00f3n. Aprovecha esta ventaja estrat\u00e9gica y posici\u00f3nate como l\u00edder del sector en LinkedIn.  <\/p>\n\n<p><strong>Mantener un equilibrio saludable de seguidores, conexiones, me gusta, comentarios, apoyos, empleados y recomendaciones de la p\u00e1gina de empresa en LinkedIn puede impulsar tus estad\u00edsticas y aumentar tu visibilidad en la plataforma.<\/strong><\/p>\n\n<h2 class=\"wp-block-heading\">\u00bfEs seguro comprar visitas en LinkedIn?<\/h2>\n\n<p>Comprar visitas en LinkedIn puede ser seguro si eliges sitios aut\u00e9nticos y con buena reputaci\u00f3n. Estos proveedores leg\u00edtimos garantizan el cumplimiento de las pol\u00edticas de LinkedIn, ofreciendo servicios que no suponen un riesgo de sanciones ni ponen en peligro tu cuenta. <\/p>\n\n<p>Sin embargo, es importante actuar con cautela y comprobar la credibilidad del proveedor de servicios para evitar <a href=\"https:\/\/www.ndis.gov.au\/participants\/working-providers\/what-are-scams\">fraudes<\/a> y asegurarse de que el compromiso es de alta calidad y procede de perfiles reales, manteniendo as\u00ed la integridad de tu presencia en LinkedIn.<\/p>\n\n<figure class=\"wp-block-image size-full\"><img fetchpriority=\"high\" decoding=\"async\" width=\"800\" height=\"600\" src=\"https:\/\/comprarseguidores.io\/wp-content\/uploads\/2023\/08\/Compre-visualizacoes-do-Linkedin.png\" alt=\"Comprar vistas en Linkedin\" class=\"wp-image-8515\" srcset=\"https:\/\/comprarseguidores.io\/wp-content\/uploads\/2023\/08\/Compre-visualizacoes-do-Linkedin.png 800w, https:\/\/comprarseguidores.io\/wp-content\/uploads\/2023\/08\/Compre-visualizacoes-do-Linkedin-300x225.png 300w, https:\/\/comprarseguidores.io\/wp-content\/uploads\/2023\/08\/Compre-visualizacoes-do-Linkedin-768x576.png 768w, https:\/\/comprarseguidores.io\/wp-content\/uploads\/2023\/08\/Compre-visualizacoes-do-Linkedin-441x331.png 441w, https:\/\/comprarseguidores.io\/wp-content\/uploads\/2023\/08\/Compre-visualizacoes-do-Linkedin-150x113.png 150w\" sizes=\"(max-width: 800px) 100vw, 800px\" \/><\/figure>\n\n<h2 class=\"wp-block-heading\">\u00bfC\u00f3mo comprar visitas en LinkedIn?<\/h2>\n\n<p>Comprar visualizaciones en LinkedIn es un proceso sencillo y r\u00e1pido. En primer lugar, tienes que introducir la URL del contenido de LinkedIn que quieres promocionar en el campo de URL designado en el sitio web del proveedor de servicios. A continuaci\u00f3n, selecciona la cantidad deseada de visualizaciones y completa tu pedido tramitando el pago.  <\/p>\n\n<p>El servicio suele ponerse en marcha en pocas horas, y empezar\u00e1s a ver un aumento de las visitas casi de inmediato. Este m\u00e9todo est\u00e1 pensado para quienes desean aumentar r\u00e1pidamente la visibilidad de sus posts o art\u00edculos en LinkedIn. <\/p>\n\n<ol class=\"wp-block-list\">\n<li>Introduce la URL de la publicaci\u00f3n o art\u00edculo de LinkedIn que quieres potenciar en el campo correspondiente del sitio web del proveedor de servicios.<\/li>\n\n\n\n<li>Selecciona cu\u00e1ntas visualizaciones quieres comprar.<\/li>\n\n\n\n<li>Finaliza tu pedido y realiza el pago.<\/li>\n\n\n\n<li>El servicio suele empezar en pocas horas.<\/li>\n\n\n\n<li>Observa c\u00f3mo las visitas a tu contenido de LinkedIn empiezan a aumentar poco despu\u00e9s de la compra.<\/li>\n<\/ol>\n\n<h2 class=\"wp-block-heading\">\u00bfCu\u00e1nto cuestan 1.000 visitas en LinkedIn?<\/h2>\n\n<p>El coste de 1000 visualizaciones en LinkedIn puede variar mucho en funci\u00f3n del proveedor y de la calidad del servicio ofrecido. En general, los precios pueden variar desde unos pocos d\u00f3lares hasta cantidades mucho m\u00e1s elevadas en funci\u00f3n de factores como las opciones de segmentaci\u00f3n y la autenticidad de las vistas. Es importante investigar diferentes proveedores de servicios para comparar precios y asegurarte de que est\u00e1s comprando vistas aut\u00e9nticas que cumplen <a href=\"https:\/\/www.linkedin.com\/legal\/professional-community-policies\">las pol\u00edticas de LinkedIn<\/a> para proteger la integridad de tu cuenta. Busca siempre proveedores que ofrezcan precios transparentes y tengan opiniones positivas de otros usuarios.   <\/p>\n\n<h2 class=\"wp-block-heading\">\u00bfC\u00f3mo puedo conseguir m\u00e1s visitas en LinkedIn?<\/h2>\n\n<p>Para aumentar las visitas de tu contenido en LinkedIn de forma org\u00e1nica, puedes emplear varias estrategias:<\/p>\n\n<ol class=\"wp-block-list\">\n<li><strong>Optimiza tu perfil<br\/><\/strong>Aseg\u00farate de que tu perfil de LinkedIn est\u00e1 completo y es profesional, ya que esto aumenta la probabilidad de que otras personas se interesen por tu contenido.<\/li>\n\n\n\n<li><strong>Publica regularmente<br\/><\/strong>La coherencia es la clave. Las publicaciones regulares mantienen a tu red comprometida y aumentan las posibilidades de que tu contenido sea visto. <\/li>\n\n\n\n<li><strong>Comparte contenido atractivo<br\/><\/strong>Comparte contenido que sea relevante e interesante para tu audiencia. Esto incluye art\u00edculos, v\u00eddeos, infograf\u00edas y posts reflexivos que inviten a la interacci\u00f3n. <\/li>\n\n\n\n<li><strong>Utiliza hashtags<br\/><\/strong>Incluye hashtags relevantes para que tus publicaciones sean descubiertas por un p\u00fablico m\u00e1s amplio interesado en esos temas.<\/li>\n\n\n\n<li>Publica <strong>en horas punta<br\/><\/strong>Publica en las horas en las que tu audiencia est\u00e1 m\u00e1s activa en LinkedIn. Normalmente, las horas laborables de los d\u00edas laborables son las de mayor participaci\u00f3n. <\/li>\n\n\n\n<li><strong>Interact\u00faa con los dem\u00e1s<br\/><\/strong>Comenta, dale a \"Me gusta\" y comparte las publicaciones de tus conexiones y grupos. Participar en el contenido de otros fomenta el compromiso rec\u00edproco. <\/li>\n\n\n\n<li><strong>Promociona las publicaciones en otros canales<br\/><\/strong>Comparte tus publicaciones de LinkedIn en otras plataformas de redes sociales y por correo electr\u00f3nico para atraer tr\u00e1fico a tu contenido de LinkedIn.<\/li>\n\n\n\n<li><strong>Etiqueta a usuarios y empresas relevantes<br\/><\/strong>Cuando proceda, etiqueta a las personas u organizaciones mencionadas en tus publicaciones para aumentar su visibilidad.<\/li>\n\n\n\n<li><strong>\u00danete y participa en grupos<br\/><\/strong>La participaci\u00f3n activa en grupos de LinkedIn relacionados con tu sector puede atraer m\u00e1s miradas hacia tus publicaciones.<\/li>\n<\/ol>\n\n<p>Poner en pr\u00e1ctica estas estrategias puede aumentar significativamente las visualizaciones de tus contenidos en LinkedIn, incrementando tu visibilidad e influencia dentro de tu red profesional.<\/p>\n\n<h2 class=\"wp-block-heading\">\u00bfPor qu\u00e9 Comprarseguidores.io es el mejor sitio para comprar vistas de LinkedIn?<\/h2>\n\n<p>Comprarseguidores.io destaca como el mejor sitio para comprar vistas en LinkedIn debido a su adhesi\u00f3n a las pol\u00edticas de LinkedIn, lo que garantiza un servicio seguro y conforme a las normas. Ofrecen vistas de alta calidad de perfiles activos de LinkedIn, lo que ayuda a impulsar aut\u00e9nticamente el compromiso con el contenido. El sitio tambi\u00e9n es elogiado por su excelente atenci\u00f3n al cliente, que proporciona asistencia r\u00e1pida y procesos de transacci\u00f3n fluidos.  <\/p>\n\n<p>Adem\u00e1s, Comprarseguidores.io es conocido por su entrega r\u00e1pida y fiable de vistas, aumentando r\u00e1pidamente la visibilidad del contenido. Los comentarios positivos de clientes satisfechos subrayan su reputaci\u00f3n como proveedor fiable para aumentar la visibilidad en LinkedIn. <\/p>\n\n<h2 class=\"wp-block-heading\">Comprarseguidores.io Ofrece los siguientes paquetes de vistas activas de LinkedIn<\/h2>\n\n<ul class=\"wp-block-list\">\n<li>500 visitas en LinkedIn<\/li>\n\n\n\n<li>750 Visitas en LinkedIn<\/li>\n\n\n\n<li>1000 visitas en LinkedIn<\/li>\n\n\n\n<li>2500 Visitas en LinkedIn<\/li>\n\n\n\n<li>5000 visitas en LinkedIn<\/li>\n\n\n\n<li>7500 visitas en LinkedIn<\/li>\n<\/ul>\n\n<h1 class=\"wp-block-heading\">PREGUNTAS FRECUENTES<\/h1>\n\n<div data-schema-only=\"false\" class=\"wp-block-aioseo-faq\"><h3 class=\"aioseo-faq-block-question\">Quantas visualiza\u00e7\u00f5es do LinkedIn devo comprar?<\/h3><div class=\"aioseo-faq-block-answer\">\n<p>El n\u00famero de vistas de LinkedIn que debes comprar depende de tus objetivos de visibilidad. Un mayor n\u00famero de vistas puede aumentar la exposici\u00f3n y credibilidad de tu perfil, lo que se traduce en m\u00e1s oportunidades en la plataforma. Empieza con una cantidad peque\u00f1a y aj\u00fastala en funci\u00f3n del impacto y de tus necesidades espec\u00edficas.  <\/p>\n<\/div><\/div>\n\n<div data-schema-only=\"false\" class=\"wp-block-aioseo-faq\"><h3 class=\"aioseo-faq-block-question\">Essas s\u00e3o visualiza\u00e7\u00f5es reais do LinkedIn?<\/h3><div class=\"aioseo-faq-block-answer\">\n<p>S\u00ed, son vistas reales de LinkedIn de cuentas activas y aut\u00e9nticas.<\/p>\n<\/div><\/div>\n\n<div data-schema-only=\"false\" class=\"wp-block-aioseo-faq\"><h3 class=\"aioseo-faq-block-question\">Comprar visualiza\u00e7\u00f5es \u00e9 uma a\u00e7\u00e3o frequentemente praticada?<\/h3><div class=\"aioseo-faq-block-answer\">\n<p>S\u00ed, comprar visitas en LinkedIn es habitual entre particulares y empresas que quieren aumentar r\u00e1pidamente la visibilidad y el atractivo de sus contenidos. Sin embargo, esta pr\u00e1ctica puede poner en peligro la credibilidad y entrar en conflicto con las condiciones de servicio de LinkedIn. <\/p>\n<\/div><\/div>\n\n<div data-schema-only=\"false\" class=\"wp-block-aioseo-faq\"><h3 class=\"aioseo-faq-block-question\">Um grande n\u00famero de visualiza\u00e7\u00f5es pode levar a um aumento no engajamento org\u00e2nico?<\/h3><div class=\"aioseo-faq-block-answer\">\n<p>S\u00ed, un gran n\u00famero de visitas en LinkedIn puede conducir a un aumento de la participaci\u00f3n org\u00e1nica. Un mayor n\u00famero de visitas puede aumentar la visibilidad de una publicaci\u00f3n, haciendo que sea m\u00e1s probable que aparezca en los feeds de un p\u00fablico m\u00e1s amplio. Esta mayor exposici\u00f3n puede atraer m\u00e1s \"me gusta\", comentarios y comparticiones, impulsando a\u00fan m\u00e1s el alcance de la publicaci\u00f3n y fomentando m\u00e1s interacciones org\u00e1nicas por parte de los usuarios de la plataforma.  <\/p>\n<\/div><\/div>\n\n<div data-schema-only=\"false\" class=\"wp-block-aioseo-faq\"><h3 class=\"aioseo-faq-block-question\">Por que devo comprar visualiza\u00e7\u00f5es do LinkedIn?<\/h3><div class=\"aioseo-faq-block-answer\">\n<p>Comprar vistas de LinkedIn puede aumentar el atractivo y la credibilidad de tu perfil, incrementando potencialmente las oportunidades profesionales al hacer que tu perfil sea m\u00e1s visible y distintivo para posibles empleadores y contactos, mejorando as\u00ed tu posici\u00f3n en el sector.<\/p>\n<\/div><\/div>\n\n<div data-schema-only=\"false\" class=\"wp-block-aioseo-faq\"><h3 class=\"aioseo-faq-block-question\">\u00c9 poss\u00edvel enfrentar uma proibi\u00e7\u00e3o por comprar visualiza\u00e7\u00f5es do LinkedIn?<\/h3><div class=\"aioseo-faq-block-answer\">\n<p>Comprar vistas de LinkedIn a proveedores de confianza suele ser seguro porque siguen las directrices de LinkedIn, ofreciendo un compromiso aut\u00e9ntico. Este m\u00e9todo minimiza el riesgo de sanciones o problemas con tu cuenta, al tiempo que mantiene la integridad de tu perfil. <\/p>\n<\/div><\/div>\n\n<div data-schema-only=\"false\" class=\"wp-block-aioseo-faq\"><h3 class=\"aioseo-faq-block-question\">Quais benef\u00edcios posso esperar ao comprar visualiza\u00e7\u00f5es do LinkedIn?<\/h3><div class=\"aioseo-faq-block-answer\">\n<p>Comprar vistas de LinkedIn puede aumentar la visibilidad y credibilidad de tu contenido, lo que conduce a un aumento de las interacciones org\u00e1nicas como me gusta, comentarios y comparticiones. Esta mayor exposici\u00f3n puede atraer m\u00e1s solicitudes de conexi\u00f3n y oportunidades profesionales, haciendo que tu perfil sea m\u00e1s atractivo para otros usuarios de LinkedIn. <\/p>\n<\/div><\/div>\n\n<div data-schema-only=\"false\" class=\"wp-block-aioseo-faq\"><h3 class=\"aioseo-faq-block-question\">Quanto tempo leva para ver resultados?<\/h3><div class=\"aioseo-faq-block-answer\">\n<p>Ver\u00e1s los resultados casi inmediatamente despu\u00e9s de que se haya procesado tu pedido, normalmente en unas pocas horas.<\/p>\n<\/div><\/div>\n\n<div data-schema-only=\"false\" class=\"wp-block-aioseo-faq\"><h3 class=\"aioseo-faq-block-question\">O que fazer se meu pedido n\u00e3o for entregue?<\/h3><div class=\"aioseo-faq-block-answer\">\n<p>Si tu pedido no se entrega, comprueba la confirmaci\u00f3n del pedido y los detalles del pago para asegurarte de que todo es correcto. A continuaci\u00f3n, ponte en contacto con el servicio de atenci\u00f3n al cliente con la informaci\u00f3n de tu pedido para resolver el problema. Deber\u00edan poder ayudarte y ofrecerte una soluci\u00f3n.  <\/p>\n<\/div><\/div>\n\n<div data-schema-only=\"false\" class=\"wp-block-aioseo-faq\"><h3 class=\"aioseo-faq-block-question\">Quais m\u00e9todos de pagamento voc\u00ea oferece?<\/h3><div class=\"aioseo-faq-block-answer\">\n<p>Ofrecemos diversos m\u00e9todos de pago, como tarjetas de cr\u00e9dito, PayPal y, en algunos casos, criptomonedas, para adaptarnos a tus preferencias.<\/p>\n<\/div><\/div>\n","protected":false},"excerpt":{"rendered":"<p><strong>Aumenta tu visibilidad en LinkedIn con nuestras visualizaciones!<\/p>\n<p><\/strong>Aumenta tu alcance e impresiona a tus contactos en la red con visualizaciones mejoradas para tus fotos, posts y v\u00eddeos.<\/p>\n<p><strong>Ventajas destacadas<\/strong>:<strong><br \/><\/strong><br \/>\ud83d\ude80 Entrega r\u00e1pida: 500-1000 visualizaciones al d\u00eda.<br \/>\ud83c\udf1f Aumento del ranking: M\u00e1s visualizaciones conducen a una mejor posici\u00f3n en el feed de noticias.<br \/>\ud83d\udcf8 Para todo tipo de contenido: Fotos, posts, v\u00eddeos&#8230; todo recibe m\u00e1s atenci\u00f3n.<br \/>\ud83c\udfc6 Diferenciador de calidad: Muestra presencia y profesionalidad en tu campo.<br \/>\u00a1Con nuestras vistas de LinkedIn, estableces claros acentos en la competencia digital!<\/p>\n","protected":false},"featured_media":7510,"comment_status":"open","ping_status":"closed","template":"","meta":[],"product_brand":[],"product_cat":[108],"product_tag":[],"class_list":{"0":"post-13141","1":"product","2":"type-product","3":"status-publish","4":"has-post-thumbnail","6":"product_cat-linkedin-es","8":"first","9":"instock","10":"shipping-taxable","11":"purchasable","12":"product-type-variable"},"aioseo_notices":[],"_links":{"self":[{"href":"https:\/\/comprarseguidores.io\/es\/wp-json\/wp\/v2\/product\/13141","targetHints":{"allow":["GET"]}}],"collection":[{"href":"https:\/\/comprarseguidores.io\/es\/wp-json\/wp\/v2\/product"}],"about":[{"href":"https:\/\/comprarseguidores.io\/es\/wp-json\/wp\/v2\/types\/product"}],"replies":[{"embeddable":true,"href":"https:\/\/comprarseguidores.io\/es\/wp-json\/wp\/v2\/comments?post=13141"}],"version-history":[{"count":1,"href":"https:\/\/comprarseguidores.io\/es\/wp-json\/wp\/v2\/product\/13141\/revisions"}],"predecessor-version":[{"id":13148,"href":"https:\/\/comprarseguidores.io\/es\/wp-json\/wp\/v2\/product\/13141\/revisions\/13148"}],"wp:featuredmedia":[{"embeddable":true,"href":"https:\/\/comprarseguidores.io\/es\/wp-json\/wp\/v2\/media\/7510"}],"wp:attachment":[{"href":"https:\/\/comprarseguidores.io\/es\/wp-json\/wp\/v2\/media?parent=13141"}],"wp:term":[{"taxonomy":"product_brand","embeddable":true,"href":"https:\/\/comprarseguidores.io\/es\/wp-json\/wp\/v2\/product_brand?post=13141"},{"taxonomy":"product_cat","embeddable":true,"href":"https:\/\/comprarseguidores.io\/es\/wp-json\/wp\/v2\/product_cat?post=13141"},{"taxonomy":"product_tag","embeddable":true,"href":"https:\/\/comprarseguidores.io\/es\/wp-json\/wp\/v2\/product_tag?post=13141"}],"curies":[{"name":"wp","href":"https:\/\/api.w.org\/{rel}","templated":true}]}}