{"id":13164,"date":"2022-09-08T14:51:32","date_gmt":"2022-09-08T14:51:32","guid":{"rendered":"https:\/\/comprarseguidores.io\/product\/%f0%9f%87%a7%f0%9f%87%b7-comprar-tiktok-likes\/"},"modified":"2025-04-06T18:22:15","modified_gmt":"2025-04-06T18:22:15","slug":"%f0%9f%87%a7%f0%9f%87%b7-comprar-tiktok-likes","status":"publish","type":"product","link":"https:\/\/comprarseguidores.io\/es\/product\/%f0%9f%87%a7%f0%9f%87%b7-comprar-tiktok-likes\/","title":{"rendered":"\ud83c\udde7\ud83c\uddf7 Comprar TikTok Likes"},"content":{"rendered":"<h2>Comprar Likes en TikTok<\/h2>\n<p>Muchas empresas e influencers independientes gastan mucho dinero en publicidad y promoci\u00f3n para dar a conocer sus contenidos. Comprar likes en TikTok puede reducir la barrera y darte una oportunidad entre los millones de publicaciones diarias. <\/p>\n<p>C\u00f3mo puede ayudarte comprar likes en TikTok:<\/p>\n<ul>\n<li style=\"font-weight: 400;\" aria-level=\"1\">Tu perfil de TikTok parecer\u00e1 inmediatamente m\u00e1s popular entre tus amigos<\/li>\n<li style=\"font-weight: 400;\" aria-level=\"1\">Los \"Me gusta\" de TikTok te har\u00e1n subir en el ranking<\/li>\n<li style=\"font-weight: 400;\" aria-level=\"1\">Es m\u00e1s probable que te vuelvas viral<\/li>\n<li style=\"font-weight: 400;\" aria-level=\"1\">Puedes ganar dinero con tu TikTok y alcanzar el estatus de influencer<\/li>\n<li style=\"font-weight: 400;\" aria-level=\"1\">Una forma m\u00e1s r\u00e1pida de ser descubierto m\u00e1s r\u00e1pidamente<\/li>\n<\/ul>\n<p style=\"font-size: 16px; color: #333; margin-bottom: 20px;\"><strong>Comprar Likes baratos<\/strong><br \/>Aumenta el engagement de tus publicaciones en TikTok con nuestros likes asequibles. Ofrecemos paquetes de likes de alta calidad a precios que se ajustan a tu bolsillo, permitiendo que tus publicaciones destaquen en la plataforma. Comprar likes baratos es una estrategia eficaz para aumentar la visibilidad de tus contenidos y hacer que lleguen a un p\u00fablico m\u00e1s amplio. Los Me gusta son un indicador importante de popularidad y relevancia en TikTok, y tener un n\u00famero significativo de ellos puede atraer m\u00e1s visitas y seguidores org\u00e1nicos. Nuestros paquetes de likes se entregan r\u00e1pidamente, garantizando que tus publicaciones ganen tracci\u00f3n en el momento adecuado. Adem\u00e1s, los Me gusta baratos son una forma estupenda de dar a tus publicaciones un impulso inicial, especialmente si est\u00e1s lanzando nuevos v\u00eddeos o campa\u00f1as. Con nuestro servicio, puedes elegir la cantidad de likes que mejor se adapte a tu presupuesto y necesidades. Ofrecemos un servicio de atenci\u00f3n al cliente dedicado para garantizarte la mejor experiencia posible. Invierte en likes baratos y observa c\u00f3mo tus publicaciones en TikTok ganan protagonismo y participaci\u00f3n de forma r\u00e1pida y rentable.        <\/p>\n<p style=\"font-size: 16px; color: #333; margin-bottom: 20px;\"><strong>\ud83c\udde7\ud83c\uddf7 Comprar likes brasile\u00f1os<\/strong><br \/>Conecta con el p\u00fablico brasile\u00f1o de forma aut\u00e9ntica comprando likes brasile\u00f1os reales. Nuestros paquetes de likes est\u00e1n formados por usuarios brasile\u00f1os reales, lo que garantiza interacciones genuinas y un aumento significativo del engagement de tus posts. Comprar likes brasile\u00f1os es una forma excelente de aumentar tu presencia local en TikTok, haciendo que tus publicaciones resuenen m\u00e1s entre el p\u00fablico brasile\u00f1o. Esto es especialmente importante para los influencers y las marcas que quieren crear una conexi\u00f3n m\u00e1s fuerte y aut\u00e9ntica con sus seguidores. Los \"Me gusta\" de los usuarios brasile\u00f1os ayudan a aumentar la credibilidad y relevancia de tu contenido, atrayendo m\u00e1s visitas y seguidores org\u00e1nicos. Nuestros paquetes se entregan r\u00e1pidamente, garantizando que tus publicaciones reciban la atenci\u00f3n que necesitan en el momento adecuado. Adem\u00e1s, comprar Me gusta brasile\u00f1os puede aumentar tus posibilidades de aparecer en las p\u00e1ginas de descubrimiento y tendencias de TikTok, llegando a un p\u00fablico a\u00fan mayor. Invierte en likes brasile\u00f1os reales y observa c\u00f3mo crece tu perfil de TikTok de forma aut\u00e9ntica e impactante, fortaleciendo tu presencia en el mercado brasile\u00f1o y ampliando tus oportunidades de participaci\u00f3n y \u00e9xito en la plataforma.       <\/p>\n<h2>Compra likes para tu v\u00eddeo en TikTok<\/h2>\n<p>Con nuestra ayuda, puedes comprar \"Me gusta\" de TikTok a usuarios reales en s\u00f3lo unos minutos. Es asequible y hace el trabajo r\u00e1pidamente para aumentar tu popularidad. <\/p>\n<ul>\n<li style=\"font-weight: 400;\" aria-level=\"1\">Entrega r\u00e1pida, normalmente en 30 minutos<\/li>\n<li style=\"font-weight: 400;\" aria-level=\"1\">Garant\u00eda de entrega<\/li>\n<li style=\"font-weight: 400;\" aria-level=\"1\">Los \"Me gusta\" son de usuarios reales<\/li>\n<li style=\"font-weight: 400;\" aria-level=\"1\">Perfiles globales para los \"Me gusta\" de TikTok<\/li>\n<\/ul>\n<h2>Comprar entradas baratas TikTok<\/h2>\n<p>TikTok es una aplicaci\u00f3n para compartir v\u00eddeos con m\u00e1s de 200 millones de usuarios activos mensuales. Existe desde hace menos de un a\u00f1o y ya compite con las mayores plataformas de redes sociales. <\/p>\n<p>Fue desarrollada por la empresa china ByteDance, que tambi\u00e9n cre\u00f3 la popular aplicaci\u00f3n TikTok. La aplicaci\u00f3n ha ido ganando popularidad r\u00e1pidamente desde su lanzamiento en septiembre de 2018 en Estados Unidos y otros pa\u00edses. Tanto en Australia como en Jap\u00f3n, es actualmente la aplicaci\u00f3n m\u00e1s descargada de la App Store.  <\/p>\n<p>La interfaz de TikTok es muy f\u00e1cil de usar, lo que la convierte en una plataforma ideal para quienes no tienen conocimientos t\u00e9cnicos o no disponen de mucho tiempo para las aplicaciones de redes sociales. Para publicar un v\u00eddeo en TikTok, simplemente toca el icono de la c\u00e1mara en la parte inferior. <\/p>\n<p>Como usuario de TikTok, tu principal objetivo probablemente sea hacerte famoso y tener muchos seguidores. Si te vuelves viral en TikTok, puedes ganar una influencia online significativa, que a su vez te llevar\u00e1 al \u00e9xito financiero con tu cuenta. Tambi\u00e9n puedes promocionar tus v\u00eddeos de la forma tradicional, aumentando el n\u00famero de seguidores en TikTok, lo que lleva mucho m\u00e1s tiempo y ofrece menos garant\u00edas de \u00e9xito. Comprar likes en TikTok tiene muchas ventajas.   <\/p>\n<h2>\u00bfC\u00f3mo conseguir likes en TikTok?<\/h2>\n<p>TikTok es una gran plataforma para la socializaci\u00f3n y la creatividad. Para conseguir el mayor n\u00famero de \"me gusta\" de las personas a las que quieres mostrar tu contenido, necesitas una estrategia s\u00f3lida. Si no consigues entender el algoritmo de TikTok, \u00a1no te preocupes! Aqu\u00ed tienes algunas de las mejores estrategias para conseguir m\u00e1s seguidores y likes para tus v\u00eddeos:   <\/p>\n<h3>1. haz que tus publicaciones sean interesantes para tus seguidores<\/h3>\n<p>Si eres un creador de TikTok, sabes que a la gente le gusta ver una comunidad activa y comprometida. No hay nada peor que publicar un v\u00eddeo y darte cuenta de que la mayor\u00eda de tus seguidores no participan. Los seguidores son seguidores por una raz\u00f3n: quieren sentir que forman parte de algo.  <\/p>\n<h3>2. Publica todo lo que puedas<\/h3>\n<p>El \u00e9xito de la mayor\u00eda de los creadores de TikTok se basa en publicar contenido con regularidad. De esta forma, enga\u00f1an al algoritmo para que sus v\u00eddeos se muestren m\u00e1s en la p\u00e1gina \"Para ti\" y consigan m\u00e1s alcance org\u00e1nico. <\/p>\n<h3>3. Sigue a otros influencers<\/h3>\n<p>\u00bfHay personas influyentes en tu pa\u00eds que creen contenidos similares a los tuyos? \u00bfQu\u00e9 hacen para tener \u00e9xito? Puedes intentar comprender y copiar las t\u00e9cnicas y m\u00e9todos que utilizan en sus v\u00eddeos.  <\/p>\n<h3>4. Utiliza hashtags<\/h3>\n<p>Utiliza siempre el hashtag #FYP, as\u00ed como otros hashtags actuales y relacionados con tu contenido, ya que es m\u00e1s probable que llegues a otros usuarios que buscan contenidos similares a los tuyos.<\/p>\n<h3>5. Crea v\u00eddeos cortos<\/h3>\n<p>Crear v\u00eddeos m\u00e1s cortos aumenta tu popularidad, ya que es m\u00e1s probable que los dem\u00e1s vean tus v\u00eddeos hasta el final, y el tiempo de visionado es uno de los criterios m\u00e1s importantes para el algoritmo de TikTok.<\/p>\n<div id=\"quads-ad1\" class=\"quads-location quads-ad1\">\n<h3 id=\"google_ads_iframe_\/1254144,15550013\/smallbiztrends_com-medrectangle-4_0__container__\">6. Promociona tu contenido en otros canales de las redes sociales<\/h3>\n<\/div>\n<p>Promocionando tus v\u00eddeos de TikTok en tus otros perfiles de redes sociales, como Twitter, Instagram e incluso Facebook, puedes ganar m\u00e1s seguidores y likes, ya que tus seguidores de otras redes sociales sentir\u00e1n curiosidad y puede que tambi\u00e9n te sigan en TikTok.<\/p>\n<h3>7. Sigue las \u00faltimas tendencias de TikTok<\/h3>\n<p>Si sigues las \u00faltimas tendencias en TikTok, probablemente tu presencia aumentar\u00e1 y estar\u00e1s en la p\u00e1gina \"Para ti\" en poco tiempo. Aseg\u00farate de comprobar regularmente las \u00faltimas tendencias en tu feed, sigue los retos y hashtags, e incluye las canciones m\u00e1s populares y de tendencia en tu contenido. <\/p>\n<h2>\u00bfD\u00f3nde encontrar v\u00eddeos que te gusten en TikTok?<\/h2>\n<p>Toca la pesta\u00f1a \"Yo\" en la esquina inferior derecha de la pantalla. Esto te llevar\u00e1 a los v\u00eddeos que has publicado. Para encontrar los v\u00eddeos que te han gustado, toca el icono del \"coraz\u00f3n y el ojo\" en la pesta\u00f1a central. \u00a1Ah\u00ed los tienes!   <\/p>\n<h2>\u00bfC\u00f3mo funciona TikTok?<\/h2>\n<p>El algoritmo de TikTok es un sistema dise\u00f1ado para mostrar a los usuarios contenidos en la p\u00e1gina de inicio de la aplicaci\u00f3n: la p\u00e1gina \"Para ti\" (FYP).<\/p>\n<p>Similar a <a href=\"https:\/\/later.com\/blog\/how-to-get-on-instagram-explore-page\/\" target=\"_blank\" rel=\"noopener noreferrer\"><u>p\u00e1gina Explorar de Instagram<\/u><\/a>de Instagram, la p\u00e1gina \"Para ti\" es un feed interminable de contenido que el algoritmo de TikTok clasifica en funci\u00f3n de los v\u00eddeos que te han gustado anteriormente, para mostrarte el contenido que probablemente m\u00e1s te interese.<\/p>\n<p><a href=\"https:\/\/newsroom.tiktok.com\/en-us\/how-tiktok-recommends-videos-for-you\/\" target=\"_blank\" rel=\"noopener noreferrer\"><u>TikTok lo explica de la siguiente manera:<\/u><\/a> \"El sistema recomienda contenidos clasificando los v\u00eddeos en funci\u00f3n de una combinaci\u00f3n de factores, desde los intereses que expresas como nuevo usuario hasta las cosas que no te gustan\".<\/p>\n<p>El algoritmo tiene en cuenta los v\u00eddeos con los que ya has interactuado, as\u00ed como las cuentas y hashtags que sigues, tus preferencias ling\u00fc\u00edsticas, ubicaci\u00f3n e incluso el tipo de contenido que publicas.<\/p>\n<p>As\u00ed, en lugar de ver s\u00f3lo v\u00eddeos de cuentas a las que sigues, tu PJF se llenar\u00e1 de v\u00eddeos que el algoritmo de TikTok cree que te gustar\u00e1n, especialmente de creadores a los que a\u00fan no sigues.<\/p>\n<h2>\u00bfPuedo ver lo que me gustaba de TikTok?<\/h2>\n<p>Que te gusten los v\u00eddeos es una parte importante de la experiencia TikTok. Aunque no puedes evitar que a otras personas les gusten tus publicaciones, puedes ocultar los v\u00eddeos que te han gustado. <\/p>\n<p>Como ya hemos dicho, el algoritmo de TikTok intenta mostrarte v\u00eddeos similares a los que te han gustado anteriormente, pero los desarrolladores de la aplicaci\u00f3n tambi\u00e9n son conscientes de que a veces no quieres que el mundo vea todo lo que te ha gustado. Por eso hay una funci\u00f3n que garantiza que los v\u00eddeos que te han gustado permanezcan privados. <\/p>\n<p>Tus v\u00eddeos favoritos s\u00f3lo ser\u00e1n visibles para ti por defecto, pero si quieres que sean p\u00fablicos, hay una forma de cambiar esto:<\/p>\n<ul>\n<li>Ve a Privacidad y Configuraci\u00f3n pulsando en los tres puntos de la esquina superior derecha<br \/>Toca en \"Qui\u00e9n puede ver los v\u00eddeos que me han gustado\".<br \/>Elige entre \"Todos\" y \"Yo\".<\/li>\n<\/ul>\n<h2>\u00bfCu\u00e1l es el v\u00eddeo que m\u00e1s gusta en TikTok?<\/h2>\n<p>El v\u00eddeo con m\u00e1s likes de todos los tiempos en TikTok es de <a href=\"https:\/\/www.kubbco.com\/how-did-bella-poarch-get-famous\/\">Bella Poarch<\/a><\/p>\n<p>TikTok, donde sacude la cabeza al son de \"M to the B\" de Millie B. El v\u00eddeo recibi\u00f3 55,1 millones de \"me gusta\" y m\u00e1s de 2 millones de comentarios.<\/p>\n<p>El \u00e9xito del v\u00eddeo de Bella fue una gran sorpresa para los responsables de marketing de las redes sociales de todo el mundo, porque Bella no era tan famosa como lo es hoy, y la canci\u00f3n que utiliz\u00f3 ni siquiera formaba parte de una <a href=\"https:\/\/www.kubbco.com\/tiktok-trends\/\">tendencia viral<\/a>. De hecho, ella la populariz\u00f3, y la canci\u00f3n se propag\u00f3 como un virus, y la tendencia se restableci\u00f3. <\/p>\n<h2>\u00bfCu\u00e1ntos me gusta necesitas para cobrar en TikTok?<\/h2>\n<p>No hay un n\u00famero exacto de \"Me gusta\" que necesites en TikTok para cobrar, pero cuantos m\u00e1s \"Me gusta\" tengas, m\u00e1s probabilidades tendr\u00e1s de ganar dinero.<\/p>\n<p><a href=\"https:\/\/metricool.com\/tiktok-money-calculator\/\" target=\"_blank\" rel=\"noreferrer noopener\">La Calculadora de TikTok<\/a> es una de las herramientas \u00fatiles para calcular la cantidad de dinero que se gana con los v\u00eddeos, con una escala variable seg\u00fan el n\u00famero de seguidores y likes. Nuestros datos muestran que un creador de TikTok con m\u00e1s de 10.000 seguidores y unos 60.000 me gusta en su perfil puede ganar entre 22 y 32 d\u00f3lares por publicaci\u00f3n. <\/p>\n<p>El mejor consejo para los principiantes es: haz lo que te gusta y busca tendencias divertidas que se est\u00e9n haciendo virales. Esto te ayudar\u00e1 a crear v\u00eddeos que la gente quiera ver y con los que quiera interactuar. <\/p>\n<p>Pero la verdad es: si consigues tener seguidores, realmente puedes obtener ingresos a tiempo completo de tu cuenta de TikTok y generar nuevos ingresos de forma continuada.<\/p>\n<h2>\u00bfC\u00f3mo puedo ver a qui\u00e9n le ha gustado tu v\u00eddeo en TikTok?<\/h2>\n<p>En lugar de desplazarte por interminables notificaciones, puedes acceder directamente a los \"Me gusta\" del v\u00eddeo y ver todos los usuarios a los que les ha gustado tu v\u00eddeo.<\/p>\n<p>Los pasos reales para acceder a tus gustos:<\/p>\n<ol class=\"X5LH0c\">\n<li class=\"TrT0Xe\">Abre TikTok y toca el icono de tu perfil en la esquina inferior derecha.<\/li>\n<li class=\"TrT0Xe\">Toca el v\u00eddeo que quieras para ver a qui\u00e9n le ha gustado.<\/li>\n<li class=\"TrT0Xe\">Toca el icono de comentarios de la derecha.<\/li>\n<li class=\"TrT0Xe\">Pulsa en Me gusta.<\/li>\n<li class=\"TrT0Xe\">Eso es todo. Ahora tienes acceso a la lista de usuarios a los que les ha gustado el v\u00eddeo en cuesti\u00f3n. <\/li>\n<\/ol>\n<h3>FAQ &#8211; TikTok Likes<\/h3>\n\n<div data-schema-only=\"false\" class=\"wp-block-aioseo-faq\"><h3 class=\"aioseo-faq-block-question\">1. <strong>O que s\u00e3o curtidas do TikTok?<\/strong><\/h3><div class=\"aioseo-faq-block-answer\">\n<p>Los \"Me gusta\" de TikTok se refieren al n\u00famero de veces que los usuarios hacen clic en el bot\u00f3n \"Me gusta\" de tus v\u00eddeos. Tener muchos Me gusta puede aumentar la visibilidad y popularidad de tus v\u00eddeos, atrayendo m\u00e1s visitas y seguidores. <\/p>\n<\/div><\/div>\n\n<div data-schema-only=\"false\" class=\"wp-block-aioseo-faq\"><h3 class=\"aioseo-faq-block-question\">2. <strong>Como funcionam as curtidas do TikTok que voc\u00eas oferecem?<\/strong><\/h3><div class=\"aioseo-faq-block-answer\">\n<p>Cuando compras likes de TikTok en comprarseguidores.io, nuestros sistemas a\u00f1aden autom\u00e1ticamente likes a tu v\u00eddeo. Esto ayuda a aumentar la visibilidad y la popularidad percibida de tu contenido. <\/p>\n<\/div><\/div>\n\n<div data-schema-only=\"false\" class=\"wp-block-aioseo-faq\"><h3 class=\"aioseo-faq-block-question\">3. <strong>As curtidas s\u00e3o de usu\u00e1rios reais do TikTok?<\/strong><\/h3><div class=\"aioseo-faq-block-answer\">\n<p>S\u00ed, en comprarseguidores.io proporcionamos likes de usuarios reales de TikTok. Garantizamos que nuestros servicios cumplen las directrices de TikTok y proporcionan un compromiso genuino para ayudar a aumentar la credibilidad y el alcance de tu cuenta. <\/p>\n<\/div><\/div>\n\n<div data-schema-only=\"false\" class=\"wp-block-aioseo-faq\"><h3 class=\"aioseo-faq-block-question\">4. <strong>\u00c9 seguro comprar curtidas do TikTok?<\/strong><\/h3><div class=\"aioseo-faq-block-answer\">\n<p>S\u00ed, comprar Me gusta de TikTok en comprarseguidores.io es seguro. Utilizamos m\u00e9todos seguros compatibles con las directrices de TikTok para garantizar que tu cuenta permanezca segura y conforme a las normas. <\/p>\n<\/div><\/div>\n\n<div data-schema-only=\"false\" class=\"wp-block-aioseo-faq\"><h3 class=\"aioseo-faq-block-question\">5. <strong>Quanto tempo leva para as curtidas aparecerem nos meus v\u00eddeos?<\/strong><\/h3><div class=\"aioseo-faq-block-answer\">\n<p>Los \"me gusta\" empiezan a aparecer en tus v\u00eddeos casi inmediatamente despu\u00e9s de que se confirme el pedido, pero la entrega completa puede tardar unas horas para garantizar un aspecto natural.<\/p>\n<\/div><\/div>\n\n<div data-schema-only=\"false\" class=\"wp-block-aioseo-faq\"><h3 class=\"aioseo-faq-block-question\">6. <strong>Posso escolher quantas curtidas quero por v\u00eddeo?<\/strong><\/h3><div class=\"aioseo-faq-block-answer\">\n<p>S\u00ed, puedes personalizar tu pedido en funci\u00f3n de tus necesidades. Ofrecemos varios paquetes, que te permiten elegir el n\u00famero de \"me gusta\" que quieres para cada v\u00eddeo. Esta flexibilidad te ayuda a ajustar eficazmente tu estrategia de participaci\u00f3n.  <\/p>\n<\/div><\/div>\n\n<div data-schema-only=\"false\" class=\"wp-block-aioseo-faq\"><h3 class=\"aioseo-faq-block-question\">7. <strong>E se eu tiver problemas com meu pedido?<\/strong><\/h3><div class=\"aioseo-faq-block-answer\">\n<p>Si tienes alg\u00fan problema con tu pedido, nuestro equipo de atenci\u00f3n al cliente est\u00e1 aqu\u00ed para ayudarte. Puedes ponerte en contacto con nosotros por correo electr\u00f3nico<a>(contato@comprarseguidores.io)<\/a> o por chat en directo, y resolveremos tus dudas r\u00e1pidamente. Nos comprometemos a garantizar que tengas una experiencia positiva con nuestros servicios.  <\/p>\n<\/div><\/div>\n\n<div data-schema-only=\"false\" class=\"wp-block-aioseo-faq\"><h3 class=\"aioseo-faq-block-question\">8. <strong>Comprar curtidas pode fazer com que minha conta seja banida?<\/strong><\/h3><div class=\"aioseo-faq-block-answer\">\n<p>No, comprar Me gusta en comprarseguidores.io no har\u00e1 que baneen tu cuenta. Usamos m\u00e9todos seguros y conformes para conseguir engagement, garantizando que tu cuenta permanece en buen estado con TikTok. <\/p>\n<\/div><\/div>\n\n<div data-schema-only=\"false\" class=\"wp-block-aioseo-faq\"><h3 class=\"aioseo-faq-block-question\">9. <strong>Posso cancelar meu pedido de curtidas?<\/strong><\/h3><div class=\"aioseo-faq-block-answer\">\n<p>S\u00ed, puedes cancelar tu pedido en cualquier momento. S\u00f3lo tienes que ponerte en contacto con nuestro equipo de atenci\u00f3n al cliente en <a>contato@comprarseguidores.io,<\/a> y te ayudar\u00e1n en el proceso de cancelaci\u00f3n. <\/p>\n<\/div><\/div>\n\n<div data-schema-only=\"false\" class=\"wp-block-aioseo-faq\"><h3 class=\"aioseo-faq-block-question\">10. <strong>Voc\u00eas oferecem alguma garantia com seus servi\u00e7os?<\/strong><\/h3><div class=\"aioseo-faq-block-answer\">\n<p>S\u00ed, ofrecemos una garant\u00eda de satisfacci\u00f3n con todos nuestros servicios. Si no est\u00e1s satisfecho con los resultados, ponte en contacto con nosotros en <a>contato@comprarseguidores.io,<\/a> y resolveremos cualquier problema o te devolveremos el dinero si es necesario. <\/p>\n<\/div><\/div>\n","protected":false},"excerpt":{"rendered":"<p>\u2665\ufe0f Tu v\u00eddeo ser\u00e1 inmediatamente m\u00e1s popular <br \/>\u2665\ufe0f Refuerzo de la clasificaci\u00f3n: \u00a1ve a la p\u00e1gina Para ti! <br \/>\u2665\ufe0f Entrega inmediata <br \/>\u2665\ufe0f Calidad superior<\/p>\n","protected":false},"featured_media":176,"comment_status":"closed","ping_status":"closed","template":"","meta":[],"product_brand":[],"product_cat":[120,119],"product_tag":[],"class_list":{"0":"post-13164","1":"product","2":"type-product","3":"status-publish","4":"has-post-thumbnail","6":"product_cat-me-gusta","7":"product_cat-tiktok-es","9":"first","10":"instock","11":"shipping-taxable","12":"purchasable","13":"product-type-variable"},"aioseo_notices":[],"_links":{"self":[{"href":"https:\/\/comprarseguidores.io\/es\/wp-json\/wp\/v2\/product\/13164","targetHints":{"allow":["GET"]}}],"collection":[{"href":"https:\/\/comprarseguidores.io\/es\/wp-json\/wp\/v2\/product"}],"about":[{"href":"https:\/\/comprarseguidores.io\/es\/wp-json\/wp\/v2\/types\/product"}],"replies":[{"embeddable":true,"href":"https:\/\/comprarseguidores.io\/es\/wp-json\/wp\/v2\/comments?post=13164"}],"version-history":[{"count":1,"href":"https:\/\/comprarseguidores.io\/es\/wp-json\/wp\/v2\/product\/13164\/revisions"}],"predecessor-version":[{"id":13209,"href":"https:\/\/comprarseguidores.io\/es\/wp-json\/wp\/v2\/product\/13164\/revisions\/13209"}],"wp:featuredmedia":[{"embeddable":true,"href":"https:\/\/comprarseguidores.io\/es\/wp-json\/wp\/v2\/media\/176"}],"wp:attachment":[{"href":"https:\/\/comprarseguidores.io\/es\/wp-json\/wp\/v2\/media?parent=13164"}],"wp:term":[{"taxonomy":"product_brand","embeddable":true,"href":"https:\/\/comprarseguidores.io\/es\/wp-json\/wp\/v2\/product_brand?post=13164"},{"taxonomy":"product_cat","embeddable":true,"href":"https:\/\/comprarseguidores.io\/es\/wp-json\/wp\/v2\/product_cat?post=13164"},{"taxonomy":"product_tag","embeddable":true,"href":"https:\/\/comprarseguidores.io\/es\/wp-json\/wp\/v2\/product_tag?post=13164"}],"curies":[{"name":"wp","href":"https:\/\/api.w.org\/{rel}","templated":true}]}}