{"id":13165,"date":"2022-09-08T14:57:40","date_gmt":"2022-09-08T14:57:40","guid":{"rendered":"https:\/\/comprarseguidores.io\/product\/%f0%9f%87%a7%f0%9f%87%b7-comprar-me-gusta-y-visualizaciones-automaticas-de-tiktok\/"},"modified":"2025-04-06T18:22:18","modified_gmt":"2025-04-06T18:22:18","slug":"%f0%9f%87%a7%f0%9f%87%b7-comprar-me-gusta-y-visualizaciones-automaticas-de-tiktok","status":"publish","type":"product","link":"https:\/\/comprarseguidores.io\/es\/product\/%f0%9f%87%a7%f0%9f%87%b7-comprar-me-gusta-y-visualizaciones-automaticas-de-tiktok\/","title":{"rendered":"\ud83c\udde7\ud83c\uddf7 Comprar Me gusta y visualizaciones autom\u00e1ticas de TikTok"},"content":{"rendered":"<h3>Comprar Servicios Autom\u00e1ticos en TikTok<\/h3>\n<p>\u00bfCu\u00e1l es la mayor ventaja de tener tantas visitas en tu perfil? No se puede subestimar la importancia de las se\u00f1ales sociales. Son los principales factores que llevan al algoritmo a promocionar tu contenido en la p\u00e1gina Para ti (FYP). Cuanto m\u00e1s engagement tengas, m\u00e1s probable es que el alcance org\u00e1nico sea considerado por personas reales.   <\/p>\n<p>\u00bfCu\u00e1les son los beneficios? Adem\u00e1s, m\u00e1s likes, shares y views ayudan: <\/p>\n<ol>\n<li>Estar codo con codo con tus competidores, o la oportunidad de que tu v\u00eddeo se haga viral.<\/li>\n<li>Tu contenido ser\u00e1 m\u00e1s atractivo para el nuevo p\u00fablico potencial.<\/li>\n<li>Los seguidores org\u00e1nicos son m\u00e1s propensos a participar.<\/li>\n<li>Los clientes fieles, los inversores y las asociaciones te prestar\u00e1n atenci\u00f3n.<\/li>\n<\/ol>\n<p>Es m\u00e1s, puedes promocionar cualquier nueva publicaci\u00f3n en TikTok de forma muy eficaz en muy poco tiempo.<\/p>\n<h3>\u00bfPor qu\u00e9 son importantes los Me gusta y las visualizaciones autom\u00e1ticas en TikTok?<\/h3>\n<p>Para convertirte en un TikToker popular, tienes que hacer algo m\u00e1s que trabajar en tu imagen online. Tambi\u00e9n debes esforzarte por conseguir likes org\u00e1nicos para tus v\u00eddeos de usuarios reales, lo que aumentar\u00e1 el engagement de tus v\u00eddeos. El n\u00famero de likes es muy importante en este caso. Los likes autom\u00e1ticos proporcionan un compromiso inmediato y una mejor visibilidad en TikTok. La mayor valoraci\u00f3n que ofrecen te hace popular, cre\u00edble y posiblemente ganes nuevos seguidores.    <\/p>\n<h3>Comprar Servicios de Auto Baratos en TikTok<\/h3>\n<h3>\u00bfPuedes comprar Likes autom\u00e1ticos en TikTok?<\/h3>\n<p>En realidad, \u00a1s\u00ed! Pedir likes de pago a una empresa de confianza es una forma sencilla de dar a tu contenido un impulso inicial y mejorar tu alcance org\u00e1nico. Esto puede ayudarte a llevar tu base de seguidores a nuevas cotas. Para impulsar tu presencia online, c\u00f3mpranos likes de TikTok para que m\u00e1s de tus publicaciones se vuelvan virales.   <\/p>\n<h3>\u00bfC\u00f3mo funciona?<\/h3>\n<p>Puedes solicitar este servicio en menos de un minuto. S\u00f3lo tienes que seguir unos sencillos pasos y ver\u00e1s c\u00f3mo crece exponencialmente el n\u00famero de me gusta en tus v\u00eddeos: <\/p>\n<ul>\n<li>Introduce la URL de tu perfil y selecciona el n\u00famero de publicaciones y la cantidad de engagement que quieres recibir.<\/li>\n<li>Haz el pago y rel\u00e1jate.<\/li>\n<li>Te proporcionaremos likes de usuarios reales para tus pr\u00f3ximas 10 publicaciones en TikTok.<\/li>\n<\/ul>\n<h3>\u00bfEs seguro comprar servicios autom\u00e1ticos?<\/h3>\n<p>Elegir un sitio seguro como el nuestro es crucial. Siempre estamos buscando formas de dar a nuestros clientes una mayor sensaci\u00f3n de seguridad al realizar sus pedidos. Nos tomamos la seguridad muy en serio y nos aseguramos de que todos los pagos se realicen mediante un proceso de pago seguro. Nuestra empresa se esfuerza por ofrecer una entrega totalmente natural, por lo que nunca tendr\u00e1s que preocuparte de que los servicios no funcionen inmediatamente ni nada por el estilo. Nuestro negocio es seguro, y nuestro contenido contiene datos sensibles que tratamos como estrictamente confidenciales. Nunca pedimos las contrase\u00f1as de nuestros clientes.     <\/p>\n<h3>\u00bfPor qu\u00e9 deber\u00edas comprar Likes autom\u00e1ticos en TikTok en nuestro sitio web?<\/h3>\n<p>Simplemente porque somos el mejor proveedor de servicios con los precios m\u00e1s bajos del mercado de automatizaci\u00f3n de redes sociales. Con nosotros, no tienes que hacerlo: <\/p>\n<ul>\n<li>Una firma.<\/li>\n<li>Facilitarnos datos personales.<\/li>\n<li>No te preocupes, somos fiables y muy responsables.<\/li>\n<\/ul>\n<p>Ofrecemos m\u00e1s de varias opciones de pago, \u00a1as\u00ed que s\u00f3lo tienes que elegir el m\u00e9todo de pago que m\u00e1s te convenga!<\/p>\n<h3>\u00bfEs posible ganar dinero con servicios autom\u00e1ticos en TikTok?<\/h3>\n<p>Para ganar dinero con este servicio, necesitas un cierto n\u00famero de seguidores y vistas en tu cuenta. Los \"Me gusta\" autom\u00e1ticos pueden hacer que otros vean tu contenido, pero sin visualizaciones son in\u00fatiles. Recuerda que est\u00e1s tratando con personas reales que llevan vidas muy ocupadas. Puede que los comentarios y otros tipos de participaci\u00f3n no sean tan frecuentes como en una p\u00e1gina de Facebook, pero el trabajo est\u00e1 hecho.   <\/p>\n<h3>FAQ &#8211; Me gusta y visualizaciones autom\u00e1ticas de TikTok<\/h3>\n\n<div data-schema-only=\"false\" class=\"wp-block-aioseo-faq\"><h3 class=\"aioseo-faq-block-question\">1. <strong>O que s\u00e3o curtidas e visualiza\u00e7\u00f5es autom\u00e1ticas do TikTok?<\/strong><\/h3><div class=\"aioseo-faq-block-answer\">\n<p>Los Me gusta y visualizaciones autom\u00e1ticos de TikTok son servicios que generan autom\u00e1ticamente Me gusta y visualizaciones para tus v\u00eddeos en TikTok. El objetivo de estos servicios es aumentar la visibilidad y la participaci\u00f3n de tus v\u00eddeos en la plataforma incrementando el n\u00famero de me gusta y visualizaciones que reciben. <\/p>\n<\/div><\/div>\n\n<div data-schema-only=\"false\" class=\"wp-block-aioseo-faq\"><h3 class=\"aioseo-faq-block-question\">2. <strong>Como funcionam as curtidas e visualiza\u00e7\u00f5es autom\u00e1ticas?<\/strong><\/h3><div class=\"aioseo-faq-block-answer\">\n<p>Cuando compras Me gusta o visualizaciones autom\u00e1ticas en comprarseguidores.io, nuestro sistema detecta autom\u00e1ticamente cu\u00e1ndo subes un nuevo v\u00eddeo y empieza a darte los Me gusta o visualizaciones que has pedido. Este proceso est\u00e1 dise\u00f1ado para parecer natural y gradual, imitando la participaci\u00f3n org\u00e1nica. <\/p>\n<\/div><\/div>\n\n<div data-schema-only=\"false\" class=\"wp-block-aioseo-faq\"><h3 class=\"aioseo-faq-block-question\">3. <strong>As curtidas e visualiza\u00e7\u00f5es s\u00e3o de usu\u00e1rios reais do TikTok?<\/strong><\/h3><div class=\"aioseo-faq-block-answer\">\n<p>S\u00ed, en comprarseguidores.io proporcionamos likes y views de usuarios reales de TikTok. Garantizamos que nuestros servicios cumplen las directrices de TikTok y proporcionan un compromiso genuino para ayudar a aumentar la credibilidad y el alcance de tu cuenta. <\/p>\n<\/div><\/div>\n\n<div data-schema-only=\"false\" class=\"wp-block-aioseo-faq\"><h3 class=\"aioseo-faq-block-question\">4. <strong>\u00c9 seguro comprar curtidas e visualiza\u00e7\u00f5es autom\u00e1ticas do TikTok?<\/strong><\/h3><div class=\"aioseo-faq-block-answer\">\n<p>Absolutamente. Nuestros servicios son seguros. Utilizamos m\u00e9todos avanzados para proporcionar \"Me gusta\" y \"Vistas\" de forma que no se infrinjan las condiciones de servicio de TikTok. La seguridad de tu cuenta es nuestra m\u00e1xima prioridad y garantizamos la confidencialidad de tus datos.   <\/p>\n<\/div><\/div>\n\n<div data-schema-only=\"false\" class=\"wp-block-aioseo-faq\"><h3 class=\"aioseo-faq-block-question\">5. <strong>Com que rapidez verei os resultados ap\u00f3s a compra?<\/strong><\/h3><div class=\"aioseo-faq-block-answer\">\n<p>La obtenci\u00f3n de \"me gusta\" y \"visitas\" comienza casi inmediatamente despu\u00e9s de subir un nuevo v\u00eddeo. Sin embargo, el efecto completo ser\u00e1 gradual para mantener una apariencia natural. Normalmente, empezar\u00e1s a ver un compromiso significativo al cabo de unas horas.  <\/p>\n<\/div><\/div>\n\n<div data-schema-only=\"false\" class=\"wp-block-aioseo-faq\"><h3 class=\"aioseo-faq-block-question\">6. <strong>Posso escolher quantas curtidas ou visualiza\u00e7\u00f5es quero por v\u00eddeo?<\/strong><\/h3><div class=\"aioseo-faq-block-answer\">\n<p>S\u00ed, puedes personalizar tu pedido en funci\u00f3n de tus necesidades. Ofrecemos varios paquetes, que te permiten elegir el n\u00famero de \"me gusta\" o visitas que deseas para cada v\u00eddeo. Esta flexibilidad te ayuda a ajustar eficazmente tu estrategia de captaci\u00f3n.  <\/p>\n<\/div><\/div>\n\n<div data-schema-only=\"false\" class=\"wp-block-aioseo-faq\"><h3 class=\"aioseo-faq-block-question\">7. <strong>E se eu tiver problemas com meu pedido?<\/strong><\/h3><div class=\"aioseo-faq-block-answer\">\n<p>Si tienes alg\u00fan problema con tu pedido, nuestro equipo de atenci\u00f3n al cliente est\u00e1 aqu\u00ed para ayudarte. Puedes ponerte en contacto con nosotros por <a href=\"contato@comprarseguidores.io\" title=\"\">correo electr\u00f3nico<\/a> o chat en directo, y resolveremos tus dudas r\u00e1pidamente. Nos comprometemos a garantizar que tengas una experiencia positiva con nuestros servicios.  <\/p>\n<\/div><\/div>\n\n<div data-schema-only=\"false\" class=\"wp-block-aioseo-faq\"><h3 class=\"aioseo-faq-block-question\">8. <strong>Comprar curtidas e visualiza\u00e7\u00f5es pode fazer com que minha conta seja banida?<\/strong><\/h3><div class=\"aioseo-faq-block-answer\">\n<p>No, comprar Me gusta y visualizaciones en comprarseguidores.io no har\u00e1 que baneen tu cuenta. Utilizamos m\u00e9todos seguros y conformes para proporcionar participaci\u00f3n, garantizando que tu cuenta se mantiene en buen estado con TikTok. <\/p>\n<\/div><\/div>\n\n<div data-schema-only=\"false\" class=\"wp-block-aioseo-faq\"><h3 class=\"aioseo-faq-block-question\">9. <strong>Posso cancelar minha assinatura de curtidas ou visualiza\u00e7\u00f5es autom\u00e1ticas?<\/strong><\/h3><div class=\"aioseo-faq-block-answer\">\n<p>S\u00ed, puedes cancelar tu suscripci\u00f3n en cualquier momento. S\u00f3lo tienes que ponerte en contacto con nuestro equipo de atenci\u00f3n al cliente en <a>contato@comprarseguidores.io,<\/a> y te ayudar\u00e1n en el proceso de cancelaci\u00f3n. No hay compromisos a largo plazo y puedes interrumpir el servicio cuando lo desees.  <\/p>\n<\/div><\/div>\n\n<div data-schema-only=\"false\" class=\"wp-block-aioseo-faq\"><h3 class=\"aioseo-faq-block-question\">10. <strong>Voc\u00eas oferecem alguma garantia com seus servi\u00e7os?<\/strong><\/h3><div class=\"aioseo-faq-block-answer\">\n<p>S\u00ed, ofrecemos una garant\u00eda de satisfacci\u00f3n con todos nuestros servicios. Si no est\u00e1s satisfecho con los resultados, ponte en contacto con nosotros en <a>contato@comprarseguidores.io,<\/a> y resolveremos cualquier problema o te devolveremos el dinero si es necesario. <\/p>\n<\/div><\/div>\n","protected":false},"excerpt":{"rendered":"<p>\u2665\ufe0f \u00a1Compra likes y views autom\u00e1ticos baratos para TikTok!<\/p>\n<p>\u2665\ufe0f Promoci\u00f3n autom\u00e1tica en TikTok<\/p>\n<p>\u2665\ufe0f Auto-Liker env\u00eda autom\u00e1ticamente vistas y me gusta para cada nuevo v\u00eddeo<\/p>\n<p>\u2665\ufe0f Descuento: \u00a1S\u00f3lo pagas por los \"me gusta\", las visitas son gratis!<\/p>\n","protected":false},"featured_media":176,"comment_status":"closed","ping_status":"closed","template":"","meta":[],"product_brand":[],"product_cat":[118,119],"product_tag":[],"class_list":{"0":"post-13165","1":"product","2":"type-product","3":"status-publish","4":"has-post-thumbnail","6":"product_cat-auto-servicios","7":"product_cat-tiktok-es","9":"first","10":"instock","11":"shipping-taxable","12":"purchasable","13":"product-type-variable"},"aioseo_notices":[],"_links":{"self":[{"href":"https:\/\/comprarseguidores.io\/es\/wp-json\/wp\/v2\/product\/13165","targetHints":{"allow":["GET"]}}],"collection":[{"href":"https:\/\/comprarseguidores.io\/es\/wp-json\/wp\/v2\/product"}],"about":[{"href":"https:\/\/comprarseguidores.io\/es\/wp-json\/wp\/v2\/types\/product"}],"replies":[{"embeddable":true,"href":"https:\/\/comprarseguidores.io\/es\/wp-json\/wp\/v2\/comments?post=13165"}],"version-history":[{"count":1,"href":"https:\/\/comprarseguidores.io\/es\/wp-json\/wp\/v2\/product\/13165\/revisions"}],"predecessor-version":[{"id":13187,"href":"https:\/\/comprarseguidores.io\/es\/wp-json\/wp\/v2\/product\/13165\/revisions\/13187"}],"wp:featuredmedia":[{"embeddable":true,"href":"https:\/\/comprarseguidores.io\/es\/wp-json\/wp\/v2\/media\/176"}],"wp:attachment":[{"href":"https:\/\/comprarseguidores.io\/es\/wp-json\/wp\/v2\/media?parent=13165"}],"wp:term":[{"taxonomy":"product_brand","embeddable":true,"href":"https:\/\/comprarseguidores.io\/es\/wp-json\/wp\/v2\/product_brand?post=13165"},{"taxonomy":"product_cat","embeddable":true,"href":"https:\/\/comprarseguidores.io\/es\/wp-json\/wp\/v2\/product_cat?post=13165"},{"taxonomy":"product_tag","embeddable":true,"href":"https:\/\/comprarseguidores.io\/es\/wp-json\/wp\/v2\/product_tag?post=13165"}],"curies":[{"name":"wp","href":"https:\/\/api.w.org\/{rel}","templated":true}]}}