{"id":13199,"date":"2022-09-08T14:56:10","date_gmt":"2022-09-08T14:56:10","guid":{"rendered":"https:\/\/comprarseguidores.io\/product\/%f0%9f%87%a7%f0%9f%87%b7-comprar-guardados-tiktok\/"},"modified":"2025-04-06T18:22:19","modified_gmt":"2025-04-06T18:22:19","slug":"%f0%9f%87%a7%f0%9f%87%b7-comprar-guardados-tiktok","status":"publish","type":"product","link":"https:\/\/comprarseguidores.io\/es\/product\/%f0%9f%87%a7%f0%9f%87%b7-comprar-guardados-tiktok\/","title":{"rendered":"\ud83c\udde7\ud83c\uddf7 Comprar Guardados TikTok"},"content":{"rendered":"<h2>Comprar Guardado en TikTok<\/h2>\n<div id=\"panel-588414-9-0-0\" class=\"so-panel widget widget_sow-editor panel-first-child\" data-index=\"24\">\n<div class=\"so-widget-sow-editor so-widget-sow-editor-base\">\n<div class=\"siteorigin-widget-tinymce textwidget\">\u00a1Compra guardados en TikTok para conseguir m\u00e1s visibilidad org\u00e1nica para tus v\u00eddeos! TikTok tiene millones de usuarios y est\u00e1 creciendo exponencialmente. Utilizando los servicios de pegatinas de TikTok, aumentar\u00e1s tu engagement y mejorar\u00e1s tu alcance global en muy poco tiempo. Ofrecemos los mejores servicios de TikTok a precios razonables y justos. \u00a1Tu presencia online crecer\u00e1 r\u00e1pidamente y sin problemas!    <\/p>\n<p>Tambi\u00e9n puedes mejorar tu visibilidad comprando un Guardados en TikTok. Tus publicaciones se clasificar\u00e1n mejor en la aplicaci\u00f3n y aumentar\u00e1 la probabilidad de que alguien te siga. <\/p>\n<p>TikTok es una plataforma incre\u00edble que puede ayudarte a descubrir y crear contenido sin esfuerzo. Al comprar datos en TikTok, puedes aumentar significativamente tu visibilidad en la plataforma, y probablemente seguir\u00e1 creciendo. As\u00ed que, \u00a1no esperes m\u00e1s e invierte hoy en servicios de guardado de TikTok!  <\/p>\n<\/div>\n<\/div>\n<\/div>\n<h2>\u00bfQu\u00e9 se guarda en TikTok?<\/h2>\n<p>La creciente diversidad de formatos y fuentes ha hecho que el contenido de v\u00eddeo sea m\u00e1s atractivo, lo que ha llevado a muchos anunciantes a esforzarse por producir v\u00eddeos incre\u00edblemente atractivos. Convertirse en viral es tan sencillo como \"guardar el v\u00eddeo\", ya que la gente suele sustituir la visita a un sitio web por lo que encuentra en YouTube. TikTok es una gran plataforma para que los artistas compartan su talento con una audiencia mundial. A medida que tu contenido de v\u00eddeo envejece, se hace m\u00e1s dif\u00edcil llegar a un p\u00fablico nuevo. Nuestro servicio de compra de likes de TikTok puede ayudarte a promocionar tu cuenta y aumentar el n\u00famero de visitas de tus v\u00eddeos.<br \/>Comprar likes reales de TikTok    <\/p>\n<h2>\u00bfPor qu\u00e9 necesitas comprar Guardados en TikTok?<\/h2>\n<p>Has pasado por tu p\u00e1gina \"FYP\" y te han gustado todos los v\u00eddeos que han aparecido all\u00ed, \u00bfy ahora quiz\u00e1 quieras crear tu propia cuenta de TikTok? Has probado varias herramientas de edici\u00f3n de v\u00eddeo, pero ninguna parece ser suficiente. Si es as\u00ed, no te preocupes, est\u00e1s en el lugar adecuado.<br \/>Ahora se pueden comprar Recuerdos de TikTok para cualquier publicaci\u00f3n seleccionando un paquete y a\u00f1adiendo la(s) URL de tu publicaci\u00f3n de TikTok en la p\u00e1gina de pedido. Todos nuestros recuerdos est\u00e1n garantizados de por vida y ofrecemos recuerdos internacionales de posts de TikTok de todos los pa\u00edses, personas y g\u00e9neros posibles.   <\/p>\n<p>Consulta nuestra opci\u00f3n Comprar Guardado en TikTok para saber c\u00f3mo ser guardado autom\u00e1ticamente en todas tus nuevas publicaciones.<\/p>\n<p>\u00bfBuscas una forma nueva y eficaz de aumentar tu credibilidad y visibilidad? Comprar Likes en TikTok para tus publicaciones podr\u00eda ser la respuesta. Esto puede aumentar el n\u00famero de personas que te siguen, as\u00ed como el tr\u00e1fico a tu perfil. Algunos nuevos usuarios de TikTok pueden querer comprar Ahorros en TikTok. Estas compras pueden ayudar a aumentar su compromiso con la aplicaci\u00f3n. Adem\u00e1s, ganar\u00e1n m\u00e1s seguidores y m\u00e1s gente se fijar\u00e1 en su contenido.     <\/p>\n<h2>\u00bfAumentar\u00e1 el alcance de Guardado en TikTok?<\/h2>\n<p dir=\"auto\" data-pm-slice=\"1 1 []\">Guardado en TikTok juega un papel importante a la hora de aumentar tu visibilidad en el competitivo canal TikTok. Con los servicios de Guardado en TikTok, puedes aumentar tu notoriedad y ampliar org\u00e1nicamente el alcance de tu contenido. \u00bfA qu\u00e9 esperas? Es hora de pedir ahora Guardados en TikTok.   <\/p>\n<h3>FAQ &#8211; Ahorro TikTok<\/h3>\n\n<div data-schema-only=\"false\" class=\"wp-block-aioseo-faq\"><h3 class=\"aioseo-faq-block-question\">1. <strong>O que s\u00e3o guardados do TikTok?<\/strong><\/h3><div class=\"aioseo-faq-block-answer\">\n<p>Los guardados de TikTok son acciones realizadas por los usuarios que guardan sus v\u00eddeos para verlos m\u00e1s tarde. Tener muchos guardados puede indicar que tu contenido es valioso e interesante, lo que puede aumentar tu visibilidad en la plataforma. <\/p>\n<\/div><\/div>\n\n<div data-schema-only=\"false\" class=\"wp-block-aioseo-faq\"><h3 class=\"aioseo-faq-block-question\">2. <strong>Como funcionam os guardados do TikTok que voc\u00eas oferecem?<\/strong><\/h3><div class=\"aioseo-faq-block-answer\">\n<p>Cuando compras pegatinas TikTok en comprarseguidores.io, nuestros sistemas a\u00f1aden autom\u00e1ticamente pegatinas a tu v\u00eddeo. Esto ayuda a aumentar la visibilidad y el valor percibido de tu contenido. <\/p>\n<\/div><\/div>\n\n<div data-schema-only=\"false\" class=\"wp-block-aioseo-faq\"><h3 class=\"aioseo-faq-block-question\">3. <strong>Os guardados s\u00e3o de usu\u00e1rios reais do TikTok?<\/strong><\/h3><div class=\"aioseo-faq-block-answer\">\n<p>S\u00ed, en comprarseguidores.io proporcionamos datos de usuarios reales de TikTok. Garantizamos que nuestros servicios cumplen las directrices de TikTok y proporcionan un compromiso genuino para ayudar a aumentar la credibilidad y el alcance de tu cuenta. <\/p>\n<\/div><\/div>\n\n<div data-schema-only=\"false\" class=\"wp-block-aioseo-faq\"><h3 class=\"aioseo-faq-block-question\">4. <strong>\u00c9 seguro comprar guardados do TikTok?<\/strong><\/h3><div class=\"aioseo-faq-block-answer\">\n<p>S\u00ed, comprar seguidores de TikTok en comprarseguidores.io es seguro. Utilizamos m\u00e9todos seguros compatibles con las directrices de TikTok para garantizar que tu cuenta permanezca segura y conforme a las normas. <\/p>\n<\/div><\/div>\n\n<div data-schema-only=\"false\" class=\"wp-block-aioseo-faq\"><h3 class=\"aioseo-faq-block-question\">5. <strong>Quanto tempo leva para os guardados aparecerem nos meus v\u00eddeos?<\/strong><\/h3><div class=\"aioseo-faq-block-answer\">\n<p>Los elementos guardados empiezan a aparecer en tus v\u00eddeos casi inmediatamente despu\u00e9s de la confirmaci\u00f3n del pedido, pero la entrega completa puede tardar unas horas para garantizar un aspecto natural.<\/p>\n<\/div><\/div>\n\n<div data-schema-only=\"false\" class=\"wp-block-aioseo-faq\"><h3 class=\"aioseo-faq-block-question\">6. <strong>Posso escolher quantos guardados quero por v\u00eddeo?<\/strong><\/h3><div class=\"aioseo-faq-block-answer\">\n<p>S\u00ed, puedes personalizar tu pedido en funci\u00f3n de tus necesidades. Ofrecemos varios paquetes, que te permiten elegir el n\u00famero de guardas que quieres para cada v\u00eddeo. Esta flexibilidad te ayuda a ajustar eficazmente tu estrategia de captaci\u00f3n.  <\/p>\n<\/div><\/div>\n\n<div data-schema-only=\"false\" class=\"wp-block-aioseo-faq\"><h3 class=\"aioseo-faq-block-question\">7. <strong>E se eu tiver problemas com meu pedido?<\/strong><\/h3><div class=\"aioseo-faq-block-answer\">\n<p>Si tienes alg\u00fan problema con tu pedido, nuestro equipo de atenci\u00f3n al cliente est\u00e1 aqu\u00ed para ayudarte. Puedes ponerte en contacto con nosotros por correo electr\u00f3nico<a>(contato@comprarseguidores.io)<\/a> o por chat en directo, y resolveremos tus dudas r\u00e1pidamente. Nos comprometemos a garantizar que tengas una experiencia positiva con nuestros servicios.  <\/p>\n<\/div><\/div>\n\n<div data-schema-only=\"false\" class=\"wp-block-aioseo-faq\"><h3 class=\"aioseo-faq-block-question\">8. <strong>Comprar guardados pode fazer com que minha conta seja banida?<\/strong><\/h3><div class=\"aioseo-faq-block-answer\">\n<p>No, comprar guardados en comprarseguidores.io no har\u00e1 que baneen tu cuenta. Utilizamos m\u00e9todos seguros y conformes para entregar el compromiso, garantizando que tu cuenta permanece en buen estado con TikTok. <\/p>\n<\/div><\/div>\n\n<div data-schema-only=\"false\" class=\"wp-block-aioseo-faq\"><h3 class=\"aioseo-faq-block-question\">9. <strong>Posso cancelar meu pedido de guardados?<\/strong><\/h3><div class=\"aioseo-faq-block-answer\">\n<p>S\u00ed, puedes cancelar tu pedido en cualquier momento. S\u00f3lo tienes que ponerte en contacto con nuestro equipo de atenci\u00f3n al cliente en <a>contato@comprarseguidores.io,<\/a> y te ayudar\u00e1n en el proceso de cancelaci\u00f3n. <\/p>\n<\/div><\/div>\n\n<div data-schema-only=\"false\" class=\"wp-block-aioseo-faq\"><h3 class=\"aioseo-faq-block-question\">10. <strong>Voc\u00eas oferecem alguma garantia com seus servi\u00e7os?<\/strong><\/h3><div class=\"aioseo-faq-block-answer\">\n<p>S\u00ed, ofrecemos una garant\u00eda de satisfacci\u00f3n con todos nuestros servicios. Si no est\u00e1s satisfecho con los resultados, ponte en contacto con nosotros en <a>contato@comprarseguidores.io,<\/a> y resolveremos cualquier problema o te devolveremos el dinero si es necesario. <\/p>\n<\/div><\/div>\n\n<p><\/p>\n","protected":false},"excerpt":{"rendered":"<div class=\"flex flex-grow flex-col max-w-full\">\n<div class=\"min-h-[20px] text-message flex flex-col items-start whitespace-pre-wrap break-words [.text-message+&amp;]:mt-5 juice:w-full juice:items-end overflow-x-auto gap-2\" dir=\"auto\" data-message-author-role=\"assistant\" data-message-id=\"a255d644-d2f8-4d64-9726-c96a5c99ef71\">\n<div class=\"flex w-full flex-col gap-1 juice:empty:hidden juice:first:pt-[3px]\">\n<div class=\"markdown prose w-full break-words dark:prose-invert dark\">\u2665\ufe0f A\u00f1adir popularidad real<\/div>\n<div class=\"markdown prose w-full break-words dark:prose-invert dark\">\u2665\ufe0f Mejora tu tasa de compromiso<\/div>\n<div class=\"markdown prose w-full break-words dark:prose-invert dark\">\u2665\ufe0f Entrega r\u00e1pida<\/div>\n<div class=\"markdown prose w-full break-words dark:prose-invert dark\">\u2665\ufe0f \u00a1Refuerzo de la clasificaci\u00f3n!<\/div>\n<\/div>\n<\/div>\n<\/div>\n","protected":false},"featured_media":176,"comment_status":"closed","ping_status":"closed","template":"","meta":[],"product_brand":[],"product_cat":[121,119],"product_tag":[],"class_list":{"0":"post-13199","1":"product","2":"type-product","3":"status-publish","4":"has-post-thumbnail","6":"product_cat-ahorra","7":"product_cat-tiktok-es","9":"first","10":"instock","11":"shipping-taxable","12":"purchasable","13":"product-type-variable"},"aioseo_notices":[],"_links":{"self":[{"href":"https:\/\/comprarseguidores.io\/es\/wp-json\/wp\/v2\/product\/13199","targetHints":{"allow":["GET"]}}],"collection":[{"href":"https:\/\/comprarseguidores.io\/es\/wp-json\/wp\/v2\/product"}],"about":[{"href":"https:\/\/comprarseguidores.io\/es\/wp-json\/wp\/v2\/types\/product"}],"replies":[{"embeddable":true,"href":"https:\/\/comprarseguidores.io\/es\/wp-json\/wp\/v2\/comments?post=13199"}],"version-history":[{"count":1,"href":"https:\/\/comprarseguidores.io\/es\/wp-json\/wp\/v2\/product\/13199\/revisions"}],"predecessor-version":[{"id":13213,"href":"https:\/\/comprarseguidores.io\/es\/wp-json\/wp\/v2\/product\/13199\/revisions\/13213"}],"wp:featuredmedia":[{"embeddable":true,"href":"https:\/\/comprarseguidores.io\/es\/wp-json\/wp\/v2\/media\/176"}],"wp:attachment":[{"href":"https:\/\/comprarseguidores.io\/es\/wp-json\/wp\/v2\/media?parent=13199"}],"wp:term":[{"taxonomy":"product_brand","embeddable":true,"href":"https:\/\/comprarseguidores.io\/es\/wp-json\/wp\/v2\/product_brand?post=13199"},{"taxonomy":"product_cat","embeddable":true,"href":"https:\/\/comprarseguidores.io\/es\/wp-json\/wp\/v2\/product_cat?post=13199"},{"taxonomy":"product_tag","embeddable":true,"href":"https:\/\/comprarseguidores.io\/es\/wp-json\/wp\/v2\/product_tag?post=13199"}],"curies":[{"name":"wp","href":"https:\/\/api.w.org\/{rel}","templated":true}]}}