{"id":13214,"date":"2022-09-08T14:54:24","date_gmt":"2022-09-08T14:54:24","guid":{"rendered":"https:\/\/comprarseguidores.io\/product\/%f0%9f%87%a7%f0%9f%87%b7-comprar-previsualizaciones-en-directo-de-tiktok\/"},"modified":"2025-04-06T18:22:19","modified_gmt":"2025-04-06T18:22:19","slug":"%f0%9f%87%a7%f0%9f%87%b7-comprar-previsualizaciones-en-directo-de-tiktok","status":"publish","type":"product","link":"https:\/\/comprarseguidores.io\/es\/product\/%f0%9f%87%a7%f0%9f%87%b7-comprar-previsualizaciones-en-directo-de-tiktok\/","title":{"rendered":"\ud83c\udde7\ud83c\uddf7 Comprar previsualizaciones en directo de TikTok"},"content":{"rendered":"<div class=\"container contentBlock mb-5\">\n<div class=\"pt-md-4 row\">\n<div class=\"col-lg-8 col-md-6 my-auto pl-lg-5\">\n<h2 id=\"why-should-you-buy-tiktok-live-views\">Comprar TikTok Live Views<\/h2>\n<p>Consigue resultados garantizados para tus v\u00eddeos en directo de TikTok y sube de nivel con otros artistas en s\u00f3lo unos clics. Proporcionamos visualizaciones reales de TikTok en directo de todo el mundo para garantizar tu \u00e9xito inmediato. Sin dudarlo, s\u00f3lo tienes que seguir unos sencillos pasos. Con los v\u00eddeos en directo en TikTok, puedes llegar a un p\u00fablico m\u00e1s amplio mucho m\u00e1s r\u00e1pido que con otros tipos de participaci\u00f3n. De esta forma, puedes hacerte popular en TikTok en s\u00f3lo unos d\u00edas.    <\/p>\n<p>Las empresas que buscan nuevas formas de promocionar sus productos o su experiencia tambi\u00e9n pueden utilizar algunas de las \u00faltimas plataformas de medios sociales, como TikTok. Tener m\u00e1s espectadores en tu vida aumenta tu base de seguidores org\u00e1nicos y m\u00e1s gente interact\u00faa con tu contenido. As\u00ed que si haces negocios en TikTok o simplemente quieres aumentar tu base de seguidores, deber\u00edas considerar esta opci\u00f3n.  <\/p>\n<p>Millones de personas utilizan TikTok, y esta b\u00fasqueda te permite encontrar a tus competidores m\u00e1s r\u00e1pidamente. Si no tienes tiempo o ganas de invertir en crecimiento org\u00e1nico, puedes comprar vistas para mantenerte en la cima de las b\u00fasquedas. Invierte en un servicio de vistas en directo de TikTok para que tu negocio destaque m\u00e1s f\u00e1cilmente y puedas ponerte en contacto con m\u00e1s clientes r\u00e1pidamente.  <\/p>\n<\/div>\n<\/div>\n<\/div>\n<div class=\"bg-light content-fluit contentBlock my-5 py-5\">\n<div class=\"container\">\n<div class=\"row\">\n<div class=\"col-md-7 my-auto order-md-1 pb-md-4 pr-lg-5 pt-md-5 py-3\">\n<h2 dir=\"auto\" data-pm-slice=\"1 1 []\">\u00bfCu\u00e1les son las ventajas de comprar visualizaciones en directo de TikTok?<\/h2>\n<p>Las vidas TikTok ofrecen una serie de ventajas para fortalecer tu canal. Las visualizaciones que consigas de esta forma aumentar\u00e1n sin duda tu engagement general en TikTok. Al utilizar nuestros servicios, no s\u00f3lo tu directo tendr\u00e1 la oportunidad de hacerse viral, sino que tambi\u00e9n..:  <\/p>\n<ul>\n<li>TikTok te recompensa con m\u00e1s visualizaciones por tus sesiones en directo cuando superan una determinada duraci\u00f3n. Los espectadores adicionales que recibes de esta forma aumentan tu reputaci\u00f3n y popularidad. <\/li>\n<li>Si eres nuevo en TikTok, la visibilidad de tu cuenta se desarrollar\u00e1 mucho m\u00e1s r\u00e1pidamente de esta forma.<\/li>\n<li>Hacer crecer tu cuenta de TikTok de forma org\u00e1nica requiere mucho trabajo y planificaci\u00f3n. De esta forma, ahorrar\u00e1s tiempo y te beneficiar\u00e1s de ello. Por ello, te animamos a que pruebes nuestras previsualizaciones en vivo de TikTok y empieces a hacer crecer tu cuenta inmediatamente.  <\/li>\n<\/ul>\n<p>Es muy ventajoso comprarnos visualizaciones en directo de TikTok. Tambi\u00e9n ofrecemos todo tipo de engagement de TikTok, como <a href=\"https:\/\/comprarseguidores.io\/product\/comprare-seguidores-tiktok\">seguidores<\/a> y <a href=\"https:\/\/comprarseguidores.io\/es\/product\/%f0%9f%87%a7%f0%9f%87%b7-comprar-tiktok-likes\/\">likes de<\/a> TikTok a precios justos y competitivos. <\/p>\n<\/div>\n<\/div>\n<\/div>\n<\/div>\n<div class=\"container contentBlock mb-5\">\n<div class=\"pt-md-4 row\">\n<div class=\"col-lg-8 col-md-6 my-auto pl-lg-5\">\n<h2 id=\"how-to-buy-tiktok-live-views\">Pasos para comprar visualizaciones en directo de TikTok<\/h2>\n<p>Comprar visualizaciones en directo de TikTok en Follower Kaufen es sencillo y asequible, s\u00f3lo tienes que seguir esta gu\u00eda paso a paso para conseguir tus visualizaciones en directo ahora. Estos son los pasos que debes seguir para comprar: <\/p>\n<ol>\n<li>Copia la URL de tu TikTok live y p\u00e9gala en el campo de arriba.<\/li>\n<li>Elige el n\u00famero de visitas que quieres recibir y el tiempo que deben permanecer en tu directo.<\/li>\n<li>A\u00f1ade tu pedido a la cesta haciendo clic en el bot\u00f3n \"A\u00f1adir a la cesta\".<\/li>\n<li>Puedes acceder a tu cesta haciendo clic en el icono de la cesta situado en la esquina derecha de la pantalla.<\/li>\n<li>Finaliza tu compra. Ofrecemos varias opciones de pago, elige la que te resulte m\u00e1s c\u00f3moda. <\/li>\n<\/ol>\n<p dir=\"auto\" data-pm-slice=\"1 1 []\">Esperamos que tengas una buena experiencia con nosotros. Si has comprado nuestras visualizaciones en directo y te ha gustado lo que hemos hecho, echa un vistazo a nuestras <a href=\"https:\/\/comprarseguidores.io\/product\/comprar-visualizacoes-tiktok\/\">visualizaciones TikTok<\/a> para v\u00eddeos no en directo. El precio siempre es justo teniendo en cuenta la calidad del contenido ofrecido.  <\/p>\n<h2>\u00bfEs realmente ventajoso comprar visualizaciones en directo de TikTok?<\/h2>\n<p>Nuestros clientes habituales tendr\u00edan mucho que decir. Para la mayor\u00eda de nuestros clientes, una sola compra definitivamente no era suficiente, y los resultados positivos de las visualizaciones de nuestros v\u00eddeos realmente significaban una mayor presencia social para sus publicaciones. Ya hemos mencionado anteriormente la mayor\u00eda de las ventajas de tener un gran n\u00famero de visualizaciones en tus vidas, pero sin duda puedes echar un vistazo a las opiniones de los clientes.  <\/p>\n<h2>\u00bfEs seguro comprar visualizaciones en directo en TikTok?<\/h2>\n<p>Completamente. Nuestros servicios se prestan de la forma m\u00e1s segura, y nuestro objetivo es entregar tus compras de forma discreta y completamente libre de riesgos. No te pedimos tus datos personales mientras te ofrecemos servicios reales y org\u00e1nicos muy beneficiosos para tu cuenta.  <\/p>\n<p>No te pedimos los datos de tu tarjeta de cr\u00e9dito ni vinculamos tu cuenta bancaria al servicio. Nuestro equipo de profesionales se encarga de todas las tareas para garantizar que te mantienes al d\u00eda y que tu cuenta est\u00e1 segura. <\/p>\n<h2>\u00bfNecesitas darnos tu contrase\u00f1a para hacer un pedido?<\/h2>\n<div class=\"cardborder-left border-right border-light\">\n<div id=\"collapseThree7\" class=\"collapse show\" aria-labelledby=\"headingThree7\" data-parent=\"#accordionEx\">\n<div class=\"card-body\">\n<p dir=\"auto\" data-pm-slice=\"1 1 []\">No. Tenemos varias formas de aumentar tu participaci\u00f3n sin divulgar la contrase\u00f1a de tu cuenta ni siquiera la direcci\u00f3n de correo electr\u00f3nico que utilizaste para registrarte. <\/p>\n<\/div>\n<\/div>\n<\/div>\n<div class=\"cardborder-left border-right border-light\">\n<div id=\"headingThree8\" class=\"card-header border-bottom border-light\">\n<div class=\"cardborder-left border-right border-light\">\n<div id=\"collapseThree8\" class=\"collapse show\" aria-labelledby=\"headingThree8\" data-parent=\"#accordionEx\">\n<h2 class=\"co8aDb\" role=\"heading\" aria-level=\"3\">\u00bfC\u00f3mo pod\u00e9is conseguir org\u00e1nicamente m\u00e1s visitas en vuestras vidas?<\/h2>\n<p dir=\"auto\" data-pm-slice=\"1 1 []\">Hay muchas formas de conseguir org\u00e1nicamente m\u00e1s espectadores para una retransmisi\u00f3n en directo. Una forma es interactuar con la audiencia, haciendo preguntas y respondiendo a los comentarios. Otra forma es jugar con el p\u00fablico y dejar que participe. Si ya tienes una cuenta de TikTok s\u00f3lida con un buen n\u00famero de me gusta y seguidores, pero quieres aumentar a\u00fan m\u00e1s ese n\u00famero, puedes probar las siguientes cosas para conseguir m\u00e1s espectadores de forma org\u00e1nica:   <\/p>\n<div class=\"card-body\">\n<ol class=\"X5LH0c\">\n<li class=\"TrT0Xe\">Participa en un reto actual.<\/li>\n<li class=\"TrT0Xe\">Participa en una sesi\u00f3n de preguntas y respuestas.<\/li>\n<li class=\"TrT0Xe\">Retransmite entre bastidores tu \u00faltimo contenido TBA.<\/li>\n<li class=\"TrT0Xe\">Organiza colaboraciones o entrevistas con personas influyentes de tu ciudad.<\/li>\n<li class=\"TrT0Xe\">Aqu\u00ed tienes una idea extra: Cocina o prueba algo inusual o picante, esto sin duda har\u00e1 que la gente venga y se quede en tu directo.<\/li>\n<\/ol>\n<h2 dir=\"auto\" data-pm-slice=\"1 1 []\">\u00bfC\u00f3mo puedo ganar dinero en TikTok?<\/h2>\n<p>Como TikTok es una de las aplicaciones m\u00e1s populares del mundo y tiene muchas funciones diferentes que permiten a los usuarios expresarse de distintas maneras, tambi\u00e9n hay muchas formas de ganar dinero en TikTok, principalmente a trav\u00e9s de publicaciones patrocinadas, retransmisiones en directo o representando a marcas.<\/p>\n<p>La aplicaci\u00f3n se utiliza principalmente como red social, pero los usuarios pueden a\u00f1adir varios filtros a un pie de foto o a una foto que cambian el color y el tama\u00f1o de la foto, haciendo que su contenido destaque m\u00e1s. Otra caracter\u00edstica popular de la aplicaci\u00f3n es que los usuarios pueden hacer retransmisiones en directo, con las que pueden ganar dinero o verlas gratis. Cuanto m\u00e1s popular sea tu contenido, m\u00e1s posibilidades tendr\u00e1s de ganar dinero con \u00e9l.  <\/p>\n<p>Una de las formas m\u00e1s f\u00e1ciles de ganar dinero en TikTok es acceder al centro de monetizaci\u00f3n llamado <a href=\"https:\/\/www.tiktok.com\/creators\/creator-portal\/en-us\/getting-paid-to-create\/creator-next\/\">Creator Next<\/a>.<\/p>\n<p>All\u00ed encontrar\u00e1s toda la informaci\u00f3n que necesitas sobre formas de ganar dinero en un solo lugar.<\/p>\n<p>Pero d\u00e9jame decirte algo: si tienes al menos 18 a\u00f1os y has publicado al menos 3 v\u00eddeos con m\u00e1s de 1000 visitas en los \u00faltimos 30 d\u00edas, \u00a1puedes monetizar tu contenido en TikTok!<\/p>\n<h2 dir=\"auto\" data-pm-slice=\"1 1 []\">\u00bfC\u00f3mo funciona TikTok?<\/h2>\n<p>El algoritmo de TikTok es un sistema dise\u00f1ado para ofrecer a los usuarios contenidos en la p\u00e1gina de inicio de la aplicaci\u00f3n: la p\u00e1gina \"Para ti\" (FYP).<\/p>\n<p>Similar a <a href=\"https:\/\/later.com\/blog\/how-to-get-on-instagram-explore-page\/\" target=\"_blank\" rel=\"noopener noreferrer\"><u>p\u00e1gina Explorar de Instagram<\/u><\/a>de Instagram, la p\u00e1gina \"Para ti\" es un feed interminable de contenido que el algoritmo de TikTok clasifica en funci\u00f3n de los v\u00eddeos que te han gustado anteriormente, para mostrarte el contenido que probablemente m\u00e1s te interese.<\/p>\n<p><a href=\"https:\/\/newsroom.tiktok.com\/en-us\/how-tiktok-recommends-videos-for-you\/\" target=\"_blank\" rel=\"noopener noreferrer\"><u>TikTok lo explica de la siguiente manera:<\/u><\/a> \"El sistema recomienda contenidos clasificando los v\u00eddeos en funci\u00f3n de una combinaci\u00f3n de factores, desde los intereses que expresas como nuevo usuario hasta las cosas que clasificas como poco interesantes.<\/p>\n<p>El algoritmo tiene en cuenta los v\u00eddeos con los que ya has interactuado, as\u00ed como las cuentas y hashtags que sigues, tus preferencias ling\u00fc\u00edsticas, tu ubicaci\u00f3n e incluso el tipo de contenido que publicas.<\/p>\n<p>As\u00ed, en lugar de ver s\u00f3lo v\u00eddeos de cuentas a las que sigues, tu PJF se llenar\u00e1 de v\u00eddeos que el algoritmo de TikTok cree que te gustar\u00e1n, principalmente de creadores a los que a\u00fan no sigues.<\/p>\n<h3>FAQ &#8211; Previsualizaciones en directo de TikTok<\/h3>\n<\/div>\n<\/div>\n<\/div>\n<\/div>\n<\/div>\n<\/div>\n<\/div>\n<\/div>\n\n<div data-schema-only=\"false\" class=\"wp-block-aioseo-faq\"><h3 class=\"aioseo-faq-block-question\">1. <strong>O que s\u00e3o visualiza\u00e7\u00f5es em Live<\/strong> <strong>do TikTok?<\/strong><\/h3><div class=\"aioseo-faq-block-answer\">\n<p>Las visualizaciones de la retransmisi\u00f3n en directo de TikTok se refieren al n\u00famero de espectadores que ven tu retransmisi\u00f3n en directo. Tener muchas visualizaciones puede aumentar la popularidad de tu directo y atraer m\u00e1s seguidores y engagement. <\/p>\n<\/div><\/div>\n\n<div data-schema-only=\"false\" class=\"wp-block-aioseo-faq\"><h3 class=\"aioseo-faq-block-question\">2. <strong>Como funcionam as visualiza\u00e7\u00f5es em Live do TikTok que voc\u00eas oferecem?<\/strong><\/h3><div class=\"aioseo-faq-block-answer\">\n<p>Cuando compras visualizaciones de retransmisiones en directo de TikTok en comprarseguidores.io, nuestros sistemas a\u00f1aden autom\u00e1ticamente visualizaciones a tu retransmisi\u00f3n en directo mientras se est\u00e1 produciendo. Esto ayuda a aumentar la visibilidad y la popularidad percibida de tu retransmisi\u00f3n en directo. <\/p>\n<\/div><\/div>\n\n<div data-schema-only=\"false\" class=\"wp-block-aioseo-faq\"><h3 class=\"aioseo-faq-block-question\">3. <strong>As visualiza\u00e7\u00f5es s\u00e3o de usu\u00e1rios reais do TikTok?<\/strong><\/h3><div class=\"aioseo-faq-block-answer\">\n<p>S\u00ed, en comprarseguidores.io proporcionamos opiniones de usuarios reales de TikTok. Garantizamos que nuestros servicios cumplen las directrices de TikTok y proporcionan un compromiso genuino para ayudar a aumentar la credibilidad y el alcance de tu cuenta. <\/p>\n<\/div><\/div>\n\n<div data-schema-only=\"false\" class=\"wp-block-aioseo-faq\"><h3 class=\"aioseo-faq-block-question\">4. <strong>\u00c9 seguro comprar visualiza\u00e7\u00f5es do TikTok?<\/strong><\/h3><div class=\"aioseo-faq-block-answer\">\n<p>S\u00ed, comprar vistas de TikTok en comprarseguidores.io es seguro. Utilizamos m\u00e9todos seguros compatibles con las directrices de TikTok para garantizar que tu cuenta permanezca segura y conforme a las normas. <\/p>\n<\/div><\/div>\n\n<div data-schema-only=\"false\" class=\"wp-block-aioseo-faq\"><h3 class=\"aioseo-faq-block-question\">5. <strong>Quanto tempo leva para as visualiza\u00e7\u00f5es aparecerem nos meus v\u00eddeos?<\/strong><\/h3><div class=\"aioseo-faq-block-answer\">\n<p>Las visualizaciones empiezan a aparecer en tus v\u00eddeos casi inmediatamente despu\u00e9s de que se confirme el pedido, pero la entrega completa puede tardar unas horas para garantizar un aspecto natural.<\/p>\n<\/div><\/div>\n\n<div data-schema-only=\"false\" class=\"wp-block-aioseo-faq\"><h3 class=\"aioseo-faq-block-question\">6. <strong>Posso escolher quantas visualiza\u00e7\u00f5es quero por v\u00eddeo?<\/strong><\/h3><div class=\"aioseo-faq-block-answer\">\n<p>S\u00ed, puedes personalizar tu pedido en funci\u00f3n de tus necesidades. Ofrecemos varios paquetes, que te permiten elegir el n\u00famero de visualizaciones que deseas para cada v\u00eddeo. Esta flexibilidad te ayuda a ajustar eficazmente tu estrategia de captaci\u00f3n.  <\/p>\n<\/div><\/div>\n\n<div data-schema-only=\"false\" class=\"wp-block-aioseo-faq\"><h3 class=\"aioseo-faq-block-question\">7. <strong>E se eu tiver problemas com meu pedido?<\/strong><\/h3><div class=\"aioseo-faq-block-answer\">\n<p>Si tienes alg\u00fan problema con tu pedido, nuestro equipo de atenci\u00f3n al cliente est\u00e1 aqu\u00ed para ayudarte. Puedes ponerte en contacto con nosotros por correo electr\u00f3nico<a>(contato@comprarseguidores.io)<\/a> o por chat en directo, y resolveremos tus dudas r\u00e1pidamente. Nos comprometemos a garantizar que tengas una experiencia positiva con nuestros servicios.  <\/p>\n<\/div><\/div>\n\n<div data-schema-only=\"false\" class=\"wp-block-aioseo-faq\"><h3 class=\"aioseo-faq-block-question\">8. <strong>Comprar visualiza\u00e7\u00f5es pode fazer com que minha conta seja banida?<\/strong><\/h3><div class=\"aioseo-faq-block-answer\">\n<p>No, comprar visitas en comprarseguidores.io no har\u00e1 que baneen tu cuenta. Usamos m\u00e9todos seguros y conformes para proporcionar visitas, garantizando que tu cuenta permanece en buen estado con TikTok. <\/p>\n<\/div><\/div>\n\n<div data-schema-only=\"false\" class=\"wp-block-aioseo-faq\"><h3 class=\"aioseo-faq-block-question\">9. <strong>Posso cancelar meu pedido de visualiza\u00e7\u00f5es?<\/strong><\/h3><div class=\"aioseo-faq-block-answer\">\n<p>S\u00ed, puedes cancelar tu pedido en cualquier momento. S\u00f3lo tienes que ponerte en contacto con nuestro equipo de atenci\u00f3n al cliente en <a>contato@comprarseguidores.io,<\/a> y te ayudar\u00e1n en el proceso de cancelaci\u00f3n. <\/p>\n<\/div><\/div>\n\n<div data-schema-only=\"false\" class=\"wp-block-aioseo-faq\"><h3 class=\"aioseo-faq-block-question\">10. <strong>Voc\u00eas oferecem alguma garantia com seus servi\u00e7os?<\/strong><\/h3><div class=\"aioseo-faq-block-answer\">\n<p>S\u00ed, ofrecemos una garant\u00eda de satisfacci\u00f3n con todos nuestros servicios. Si no est\u00e1s satisfecho con los resultados, ponte en contacto con nosotros en <a>contato@comprarseguidores.io,<\/a> y resolveremos cualquier problema o te devolveremos el dinero si es necesario. <\/p>\n<\/div><\/div>\n","protected":false},"excerpt":{"rendered":"<p>\u2665\ufe0f Tu v\u00eddeo parece hacerse popular inmediatamente <br \/>\u2665\ufe0f Mejora tu tasa de participaci\u00f3n <br \/>\u2665\ufe0f El mejor producto para el crecimiento r\u00e1pido de tu canal <br \/>\u2665\ufe0f \u00a1Aumenta el ranking! \u00a1Tus retransmisiones en directo ser\u00e1n visibles para un p\u00fablico m\u00e1s amplio! <\/p>\n","protected":false},"featured_media":176,"comment_status":"closed","ping_status":"closed","template":"","meta":[],"product_brand":[],"product_cat":[119,122],"product_tag":[],"class_list":{"0":"post-13214","1":"product","2":"type-product","3":"status-publish","4":"has-post-thumbnail","6":"product_cat-tiktok-es","7":"product_cat-transmision-en-directo","9":"first","10":"instock","11":"shipping-taxable","12":"purchasable","13":"product-type-variable"},"aioseo_notices":[],"_links":{"self":[{"href":"https:\/\/comprarseguidores.io\/es\/wp-json\/wp\/v2\/product\/13214","targetHints":{"allow":["GET"]}}],"collection":[{"href":"https:\/\/comprarseguidores.io\/es\/wp-json\/wp\/v2\/product"}],"about":[{"href":"https:\/\/comprarseguidores.io\/es\/wp-json\/wp\/v2\/types\/product"}],"replies":[{"embeddable":true,"href":"https:\/\/comprarseguidores.io\/es\/wp-json\/wp\/v2\/comments?post=13214"}],"version-history":[{"count":1,"href":"https:\/\/comprarseguidores.io\/es\/wp-json\/wp\/v2\/product\/13214\/revisions"}],"predecessor-version":[{"id":13234,"href":"https:\/\/comprarseguidores.io\/es\/wp-json\/wp\/v2\/product\/13214\/revisions\/13234"}],"wp:featuredmedia":[{"embeddable":true,"href":"https:\/\/comprarseguidores.io\/es\/wp-json\/wp\/v2\/media\/176"}],"wp:attachment":[{"href":"https:\/\/comprarseguidores.io\/es\/wp-json\/wp\/v2\/media?parent=13214"}],"wp:term":[{"taxonomy":"product_brand","embeddable":true,"href":"https:\/\/comprarseguidores.io\/es\/wp-json\/wp\/v2\/product_brand?post=13214"},{"taxonomy":"product_cat","embeddable":true,"href":"https:\/\/comprarseguidores.io\/es\/wp-json\/wp\/v2\/product_cat?post=13214"},{"taxonomy":"product_tag","embeddable":true,"href":"https:\/\/comprarseguidores.io\/es\/wp-json\/wp\/v2\/product_tag?post=13214"}],"curies":[{"name":"wp","href":"https:\/\/api.w.org\/{rel}","templated":true}]}}