{"id":13247,"date":"2022-09-08T14:52:32","date_gmt":"2022-09-08T14:52:32","guid":{"rendered":"https:\/\/comprarseguidores.io\/product\/%f0%9f%87%a7%f0%9f%87%b7-comprar-visualizaciones-de-tiktok\/"},"modified":"2025-04-06T18:22:19","modified_gmt":"2025-04-06T18:22:19","slug":"%f0%9f%87%a7%f0%9f%87%b7-comprar-visualizaciones-de-tiktok","status":"publish","type":"product","link":"https:\/\/comprarseguidores.io\/es\/product\/%f0%9f%87%a7%f0%9f%87%b7-comprar-visualizaciones-de-tiktok\/","title":{"rendered":"\ud83c\udde7\ud83c\uddf7 Comprar visualizaciones de TikTok"},"content":{"rendered":"<h2>Comprar Vistas en TikTok<\/h2>\n<p dir=\"auto\" data-pm-slice=\"1 1 []\">TikTok es una aplicaci\u00f3n de v\u00eddeo que te permite crear y compartir v\u00eddeos con el mundo. Pero, \u00bfqu\u00e9 haces si quieres que los vea m\u00e1s gente? Comprar visitas en TikTok te ayuda a conseguir ese objetivo. Ofrecemos un servicio barato, r\u00e1pido y fiable para ayudarte a hacerte popular en TikTok. \u00a1Deja que te ayudemos a difundir tu v\u00eddeo!    <\/p>\n<p dir=\"auto\" data-pm-slice=\"1 1 []\">He aqu\u00ed c\u00f3mo comprar vistas puede ser realmente \u00fatil:<\/p>\n<ul>\n<li style=\"font-weight: 400;\" aria-level=\"1\">Tu perfil de TikTok parecer\u00e1 inmediatamente m\u00e1s popular a los dem\u00e1s que accedan a tu perfil<\/li>\n<li style=\"font-weight: 400;\" aria-level=\"1\">Cuantas m\u00e1s visitas consigas, m\u00e1s alta ser\u00e1 tu clasificaci\u00f3n general<\/li>\n<li style=\"font-weight: 400;\" aria-level=\"1\">A medida que aumentan las visitas, tambi\u00e9n lo hace el compromiso org\u00e1nico<\/li>\n<li style=\"font-weight: 400;\" aria-level=\"1\">Puedes ganar dinero con tu TikTok y alcanzar el estatus de influencer.<\/li>\n<li style=\"font-weight: 400;\" aria-level=\"1\">V\u00eda r\u00e1pida para un descubrimiento m\u00e1s r\u00e1pido<\/li>\n<\/ul>\n<h2>Comprar vistas de TikTok a precios asequibles<\/h2>\n<p>TikTok es una aplicaci\u00f3n para compartir v\u00eddeos con m\u00e1s de 200 millones de usuarios activos mensuales. Existe desde hace menos de un a\u00f1o y ya compite con las mayores plataformas de redes sociales. <\/p>\n<p>Fue desarrollada por la empresa china ByteDance, que tambi\u00e9n cre\u00f3 la popular aplicaci\u00f3n TikTok. La aplicaci\u00f3n ha ganado popularidad r\u00e1pidamente desde su lanzamiento en septiembre de 2018 en Estados Unidos y otros pa\u00edses. Tanto en Australia como en Jap\u00f3n, es actualmente la aplicaci\u00f3n m\u00e1s descargada de la App Store.  <\/p>\n<p>La interfaz de TikTok es muy f\u00e1cil de usar, lo que la convierte en una plataforma ideal para quienes no tienen conocimientos t\u00e9cnicos o no disponen de mucho tiempo para las aplicaciones de redes sociales. Para publicar un v\u00eddeo en TikTok, simplemente toca el icono de la c\u00e1mara en la parte inferior. <\/p>\n<p>Como usuario de TikTok, tu principal objetivo probablemente sea hacerte famoso y tener muchos seguidores. Si te vuelves viral en TikTok, puedes ganar una influencia online significativa, que a su vez te llevar\u00e1 al \u00e9xito financiero con tu cuenta. Tambi\u00e9n puedes promocionar tus v\u00eddeos de la forma tradicional, aumentando el n\u00famero de seguidores en TikTok, lo que lleva mucho m\u00e1s tiempo y ofrece menos garant\u00edas de \u00e9xito. Comprar likes en TikTok tiene muchas ventajas.   <\/p>\n<h2>Compra visitas para tu v\u00eddeo en TikTok<\/h2>\n<p>Con nuestra ayuda, puedes comprar vistas de TikTok de usuarios reales en s\u00f3lo unos minutos. Es asequible y ofrece una forma r\u00e1pida de aumentar el engagement de tu perfil. <\/p>\n<ul>\n<li style=\"font-weight: 400;\" aria-level=\"1\">Entrega r\u00e1pida, normalmente en 30 minutos<\/li>\n<li style=\"font-weight: 400;\" aria-level=\"1\">Garant\u00eda de entrega<\/li>\n<li style=\"font-weight: 400;\" aria-level=\"1\">Las visualizaciones son de usuarios reales<\/li>\n<li style=\"font-weight: 400;\" aria-level=\"1\">Perfiles globales para las visualizaciones de TikTok<\/li>\n<\/ul>\n<h2>\u00bfPuedes ver qui\u00e9n ha visto tus TikToks?<\/h2>\n<p>TikTok es la \u00faltima aplicaci\u00f3n de redes sociales que te permite compartir v\u00eddeos cortos con el mundo. Es una forma estupenda de conectar con otras personas, mostrar tu talento y simplemente divertirte. Pero algo que nos preocupa a todos es si la gente ve realmente nuestros v\u00eddeos. Si invertimos tanto tiempo y esfuerzo, estar\u00eda bien saber si la gente los ve.   <\/p>\n<p>Aunque puedes ver el n\u00famero de visualizaciones, lamentablemente no hay forma de hacer un seguimiento de cuentas concretas que hayan visto tu v\u00eddeo.<\/p>\n<h2>\u00bfC\u00f3mo consigo m\u00e1s visitas en TikTok?<\/h2>\n<p>En TikTok, todo gira en torno a las visualizaciones, pero la buena noticia es que la plataforma cuenta tu visualizaci\u00f3n en el momento en que realmente se reproduce. Cada vez que el v\u00eddeo se reproduce en bucle o el usuario vuelve a verlo, tambi\u00e9n se cuenta como una nueva visualizaci\u00f3n. As\u00ed que no es demasiado dif\u00edcil conseguir unas cuantas visualizaciones, pero aqu\u00ed tienes algunos consejos y trucos para aumentar a\u00fan m\u00e1s esa cifra:  <\/p>\n<ol>\n<li>\n<h5>No seas t\u00edmido con los hashtags<\/h5>\n<p>Los hashtags son indispensables en tu arsenal de TikTok si realmente quieres enga\u00f1ar al <a href=\"https:\/\/blog.hootsuite.com\/tiktok-algorithm\/\" target=\"_blank\" rel=\"noopener\">algoritmo de TikTok<\/a> para que identifique tus publicaciones como algo que deber\u00eda recomendarse a otros usuarios. De este modo, delimitas la audiencia para el algoritmo y le ayudas a determinar qui\u00e9n podr\u00eda estar interesado en ver la publicaci\u00f3n. Los hashtags tambi\u00e9n ayudan a otros usuarios a encontrar tu contenido directamente a trav\u00e9s de la b\u00fasqueda.<br \/>Seguir tu nicho utilizando hashtags espec\u00edficos y \u00fanicos que sean relevantes para tu audiencia y tu tema es una forma de hacerlo.  <\/p>\n<\/li>\n<li>\n<h5>Utiliza sonidos fuertes para tus v\u00eddeos<\/h5>\n<p>Los hashtags no son el \u00fanico elemento de TikTok que tiene sus propios ciclos de tendencias. Tambi\u00e9n puedes esperar ver sonidos recurrentes en la aplicaci\u00f3n. <\/p>\n<p>Puedes descubrir los sonidos de moda pulsando el bot\u00f3n \"Crear (+)\" y luego \"A\u00f1adir sonido\"; aqu\u00ed ver\u00e1s los t\u00edtulos de audio m\u00e1s populares del momento.<\/p>\n<\/li>\n<li>\n<h5>Que sea breve y dulce<\/h5>\n<p dir=\"auto\" data-pm-slice=\"1 1 []\">Los v\u00eddeos en TikTok ahora pueden durar hasta 3 minutos, pero los v\u00eddeos de menos de 30 segundos tienen m\u00e1s probabilidades de aparecer en la parte superior de la cola. \u00bfAtascado en el tr\u00e1fico? Hay un v\u00eddeo r\u00e1pido en TikTok que puede entretenerte unos segundos cuando tengas tiempo.  <\/p>\n<\/li>\n<li>\n<h5>Dir\u00edgete a tu p\u00fablico<\/h5>\n<p>Los comentarios y los me gusta pueden ayudar a despertar el inter\u00e9s de la gente por tu contenido y a crear una comunidad en torno a tu p\u00e1gina. Como dice el refr\u00e1n: \"Nunca sabes lo que puede pasar cuando comentas o te gusta la publicaci\u00f3n de alguien\". Por ejemplo, podr\u00edas conseguir que uno de tus seguidores viera otros contenidos de tu p\u00e1gina.  <\/p>\n<p>Averigua en qu\u00e9 comunidades de Internet est\u00e1n las personas que quieres seguir, qu\u00e9 tipo de contenido producen y c\u00f3mo lo promocionan. Todo esto te ayudar\u00e1 a conocer mejor a tu p\u00fablico objetivo, desarrollar nuevas ideas y establecer conexiones colaborando con ellos. <\/p>\n<p>TikTok ofrece una aplicaci\u00f3n que tiene un subg\u00e9nero para casi todos los intereses.<\/p>\n<\/li>\n<li>\n<h5>Haz muchos duetos<\/h5>\n<p>La funci\u00f3n de duetos de TikTok es una forma estupenda de sacar partido de un v\u00eddeo ya popular aportando contenido relevante. De este modo, ganas visitas y el creador original del contenido tambi\u00e9n recibe reconocimiento. <\/p>\n<p>Con los duetos, puedes compartir una pantalla dividida con el v\u00eddeo de otra persona y hacer garabatos sobre la imagen mientras habla. Puedes crear v\u00eddeos divertidos o expresar tu opini\u00f3n sobre un tema que te interese. Se trata de una estrategia eficaz para hacer que tu propio contenido sea accesible a un p\u00fablico m\u00e1s amplio.  <\/p>\n<\/li>\n<li>\n<h5>Promociona tu contenido en otras plataformas<\/h5>\n<p dir=\"auto\" data-pm-slice=\"1 1 []\">Probablemente est\u00e9s activo en otras plataformas adem\u00e1s de TikTok. Puedes atraer la atenci\u00f3n de estas audiencias hacia tus v\u00eddeos publicando un v\u00eddeo teaser en Instagram Stories, publicando un enlace en Twitter o ambas cosas. <\/p>\n<\/li>\n<li>\n<h5>Sube varios v\u00eddeos a lo largo del d\u00eda<\/h5>\n<p>El contenido en TikTok es r\u00e1pido y publicar con frecuencia es una necesidad. No te preocupes por saturar a tus seguidores, ellos apreciar\u00e1n tu creatividad. La propia TikTok recomienda publicar entre 1 y 4 veces al d\u00eda.  <\/p>\n<p>Cuantos m\u00e1s v\u00eddeos compartas, m\u00e1s probabilidades tendr\u00e1s de aparecer en la p\u00e1gina \"Para ti\", y la gente buscar\u00e1 m\u00e1s contenido que quiera ver.<\/p>\n<\/li>\n<\/ol>\n<h2>\u00bfCu\u00e1nto paga TikTok por 1 mill\u00f3n de visualizaciones?<\/h2>\n<p>El potencial de ganancias de la aplicaci\u00f3n es bajo (por 1000 visualizaciones puedes ganar entre 2 y 4 c\u00e9ntimos), pero despu\u00e9s de 1 mill\u00f3n de visualizaciones, tus ganancias pueden aumentar hasta entre 20 y 40 d\u00f3lares.<\/p>\n<p>Si a\u00fan no te has inscrito en el Fondo Creador, tendr\u00e1s que seguir los pasos que se indican a continuaci\u00f3n:<\/p>\n<ol>\n<li>Necesitas tener al menos 10.000 seguidores.Tu v\u00eddeo ha tenido al menos 100.000 visualizaciones en los \u00faltimos 30 d\u00edas.Tu contenido cumple las <a href=\"https:\/\/www.tiktok.com\/legal\/terms-of-service-row?lang=pt-br\">directrices y condiciones del servicio<\/a>.<\/li>\n<\/ol>\n<p dir=\"auto\">Los seguidores y los \"me gusta\" ayudan a aumentar las visualizaciones, as\u00ed que todas las m\u00e9tricas son importantes para ganar dinero con TikTok.<\/p>\n<h2>\u00bfMuestra TikTok qui\u00e9n ha visto tu perfil?<\/h2>\n<p>Puedes activar o desactivar el historial de visualizaciones del perfil en los ajustes de privacidad. Si desactivas la funci\u00f3n, nadie sabr\u00e1 qui\u00e9n ha visto tu perfil, y t\u00fa tampoco sabr\u00e1s si alguien ha visto tu perfil. <\/p>\n<p>S\u00f3lo t\u00fa puedes ver qui\u00e9n ha visto tu perfil, pero si haces p\u00fablica la funci\u00f3n, los dem\u00e1s tambi\u00e9n podr\u00e1n ver que has visto su perfil. Afortunadamente, puedes tomar esta decisi\u00f3n t\u00fa mismo: el uso de esta tecnolog\u00eda no es autom\u00e1tico, por lo que no recibir\u00e1s contactos no deseados si ayer visitaste el perfil de tu ex. <\/p>\n<h2 dir=\"auto\" data-pm-slice=\"1 1 []\">\u00bfPor qu\u00e9 TikTok es tan popular entre los j\u00f3venes?<\/h2>\n<p>TikTok es una aplicaci\u00f3n que ha arrasado en todo el mundo. Es una plataforma de redes sociales que permite a la gente crear v\u00eddeos cortos y compartirlos con los dem\u00e1s. La aplicaci\u00f3n se ha descargado m\u00e1s de 100 millones de veces, y se ha informado de que TikTok es m\u00e1s popular que Instagram y Snapchat en algunos grupos de edad.  <\/p>\n<p>Se puede decir que TikTok es una de las razones por las que la cultura de las redes sociales ha cambiado tanto en los \u00faltimos a\u00f1os. La aplicaci\u00f3n est\u00e1 dise\u00f1ada para personas que no tienen tiempo de ver v\u00eddeos largos o que quieren crear su propio contenido sin pasar por complicados procesos de edici\u00f3n. <\/p>\n<h2 dir=\"auto\" data-pm-slice=\"1 1 []\">\u00bfC\u00f3mo puedo ganar dinero en TikTok?<\/h2>\n<p>Como TikTok es una de las aplicaciones m\u00e1s populares del mundo y tiene muchas funciones que permiten a los usuarios expresarse de diferentes maneras, tambi\u00e9n hay muchas formas de ganar dinero en TikTok, normalmente a trav\u00e9s de publicaciones patrocinadas, retransmisiones en directo o representando a marcas.<\/p>\n<p>La aplicaci\u00f3n se utiliza principalmente como red social, pero los usuarios pueden aplicar diferentes filtros a un pie de foto o a una foto que cambian el color y el tama\u00f1o de la foto, haciendo que su contenido destaque m\u00e1s. Otra funci\u00f3n popular de la aplicaci\u00f3n es que los usuarios pueden hacer retransmisiones en directo, que pueden generar dinero o verse gratis. Cuanto m\u00e1s popular sea tu contenido, m\u00e1s posibilidades tendr\u00e1s de ganar dinero con \u00e9l.  <\/p>\n<p>Una de las formas m\u00e1s sencillas de ganar dinero en TikTok es acceder al centro de monetizaci\u00f3n llamado <a href=\"https:\/\/www.tiktok.com\/creators\/creator-portal\/en-us\/getting-paid-to-create\/creator-next\/\">Creator Next<\/a>. All\u00ed encontrar\u00e1s toda la informaci\u00f3n que necesitas sobre c\u00f3mo ganar dinero en un solo lugar. <\/p>\n<p>Pero que sepas esto: si tienes al menos 18 a\u00f1os y en los \u00faltimos 30 d\u00edas has tenido al menos 3 publicaciones con m\u00e1s de 1000 visitas, \u00a1puedes ganar dinero con tu contenido en TikTok!<\/p>\n<p dir=\"auto\" data-pm-slice=\"1 1 []\">\n\n<div data-schema-only=\"false\" class=\"wp-block-aioseo-faq\"><h3 class=\"aioseo-faq-block-question\">1. <strong>O que s\u00e3o visualiza\u00e7\u00f5es do TikTok?<\/strong><\/h3><div class=\"aioseo-faq-block-answer\">\n<p>Las visualizaciones en TikTok se refieren al n\u00famero de veces que se ve tu v\u00eddeo en la plataforma. Tener muchas visualizaciones puede aumentar la popularidad de tu v\u00eddeo y atraer a m\u00e1s seguidores. <\/p>\n<\/div><\/div>\n\n<div data-schema-only=\"false\" class=\"wp-block-aioseo-faq\"><h3 class=\"aioseo-faq-block-question\">2. <strong>Como funcionam as visualiza\u00e7\u00f5es do TikTok que voc\u00eas oferecem?<\/strong><\/h3><div class=\"aioseo-faq-block-answer\">\n<p>Cuando compras visualizaciones de TikTok en comprarseguidores.io, nuestros sistemas a\u00f1aden autom\u00e1ticamente visualizaciones a tu v\u00eddeo. Esto ayuda a aumentar la visibilidad y la popularidad percibida de tu contenido. <\/p>\n<\/div><\/div>\n\n<div data-schema-only=\"false\" class=\"wp-block-aioseo-faq\"><h3 class=\"aioseo-faq-block-question\">3. <strong>As visualiza\u00e7\u00f5es s\u00e3o de usu\u00e1rios reais do TikTok?<\/strong><\/h3><div class=\"aioseo-faq-block-answer\">\n<p>S\u00ed, en comprarseguidores.io proporcionamos opiniones de usuarios reales de TikTok. Garantizamos que nuestros servicios cumplen las directrices de TikTok y proporcionan un compromiso genuino para ayudar a aumentar la credibilidad y el alcance de tu cuenta. <\/p>\n<\/div><\/div>\n\n<div data-schema-only=\"false\" class=\"wp-block-aioseo-faq\"><h3 class=\"aioseo-faq-block-question\">4. <strong>\u00c9 seguro comprar visualiza\u00e7\u00f5es do TikTok?<\/strong><\/h3><div class=\"aioseo-faq-block-answer\">\n<p>S\u00ed, comprar vistas de TikTok en comprarseguidores.io es seguro. Utilizamos m\u00e9todos seguros compatibles con las directrices de TikTok para garantizar que tu cuenta permanezca segura y conforme a las normas. <\/p>\n<\/div><\/div>\n\n<div data-schema-only=\"false\" class=\"wp-block-aioseo-faq\"><h3 class=\"aioseo-faq-block-question\">5. <strong>Quanto tempo leva para as visualiza\u00e7\u00f5es aparecerem nos meus v\u00eddeos?<\/strong><\/h3><div class=\"aioseo-faq-block-answer\">\n<p>Las visualizaciones empiezan a aparecer en tus v\u00eddeos casi inmediatamente despu\u00e9s de que se confirme el pedido, pero la entrega completa puede tardar unas horas para garantizar un aspecto natural.<\/p>\n<\/div><\/div>\n\n<div data-schema-only=\"false\" class=\"wp-block-aioseo-faq\"><h3 class=\"aioseo-faq-block-question\">6. <strong>Posso escolher quantas visualiza\u00e7\u00f5es quero por v\u00eddeo?<\/strong><\/h3><div class=\"aioseo-faq-block-answer\">\n<p>S\u00ed, puedes personalizar tu pedido en funci\u00f3n de tus necesidades. Ofrecemos varios paquetes, que te permiten elegir el n\u00famero de visualizaciones que deseas para cada v\u00eddeo. Esta flexibilidad te ayuda a ajustar eficazmente tu estrategia de captaci\u00f3n.  <\/p>\n<\/div><\/div>\n\n<div data-schema-only=\"false\" class=\"wp-block-aioseo-faq\"><h3 class=\"aioseo-faq-block-question\">7. <strong>E se eu tiver problemas com meu pedido?<\/strong><\/h3><div class=\"aioseo-faq-block-answer\">\n<p>Si tienes alg\u00fan problema con tu pedido, nuestro equipo de atenci\u00f3n al cliente est\u00e1 aqu\u00ed para ayudarte. Puedes ponerte en contacto con nosotros por correo electr\u00f3nico<a>(contato@comprarseguidores.io)<\/a> o por chat en directo, y resolveremos tus dudas r\u00e1pidamente. Nos comprometemos a garantizar que tengas una experiencia positiva con nuestros servicios.  <\/p>\n<\/div><\/div>\n\n<div data-schema-only=\"false\" class=\"wp-block-aioseo-faq\"><h3 class=\"aioseo-faq-block-question\">8. <strong>Comprar visualiza\u00e7\u00f5es pode fazer com que minha conta seja banida?<\/strong><\/h3><div class=\"aioseo-faq-block-answer\">\n<p>No, comprar visitas en comprarseguidores.io no har\u00e1 que baneen tu cuenta. Usamos m\u00e9todos seguros y conformes para proporcionar visitas, garantizando que tu cuenta permanece en buen estado con TikTok. <\/p>\n<\/div><\/div>\n\n<div data-schema-only=\"false\" class=\"wp-block-aioseo-faq\"><h3 class=\"aioseo-faq-block-question\">9. <strong>Posso cancelar meu pedido de visualiza\u00e7\u00f5es?<\/strong><\/h3><div class=\"aioseo-faq-block-answer\">\n<p>S\u00ed, puedes cancelar tu pedido en cualquier momento. S\u00f3lo tienes que ponerte en contacto con nuestro equipo de atenci\u00f3n al cliente en <a>contato@comprarseguidores.io,<\/a> y te ayudar\u00e1n en el proceso de cancelaci\u00f3n. <\/p>\n<\/div><\/div>\n\n<div data-schema-only=\"false\" class=\"wp-block-aioseo-faq\"><h3 class=\"aioseo-faq-block-question\">10. <strong>Voc\u00eas oferecem alguma garantia com seus servi\u00e7os?<\/strong><\/h3><div class=\"aioseo-faq-block-answer\">\n<p>S\u00ed, ofrecemos una garant\u00eda de satisfacci\u00f3n con todos nuestros servicios. Si no est\u00e1s satisfecho con los resultados, ponte en contacto con nosotros en <a>contato@comprarseguidores.io,<\/a> y resolveremos cualquier problema o te devolveremos el dinero si es necesario. <\/p>\n<\/div><\/div>\n","protected":false},"excerpt":{"rendered":"<p>\u2665\ufe0f Tu v\u00eddeo ser\u00e1 inmediatamente m\u00e1s popular <br \/>\u2665\ufe0f Refuerzo de la clasificaci\u00f3n: \u00a1ve a la p\u00e1gina Para ti! <br \/>\u2665\ufe0f Entrega inmediata <br \/>\u2665\ufe0f Calidad superior<\/p>\n","protected":false},"featured_media":176,"comment_status":"closed","ping_status":"closed","template":"","meta":[],"product_brand":[],"product_cat":[119,124],"product_tag":[],"class_list":{"0":"post-13247","1":"product","2":"type-product","3":"status-publish","4":"has-post-thumbnail","6":"product_cat-tiktok-es","7":"product_cat-vistas","9":"first","10":"instock","11":"shipping-taxable","12":"purchasable","13":"product-type-variable"},"aioseo_notices":[],"_links":{"self":[{"href":"https:\/\/comprarseguidores.io\/es\/wp-json\/wp\/v2\/product\/13247","targetHints":{"allow":["GET"]}}],"collection":[{"href":"https:\/\/comprarseguidores.io\/es\/wp-json\/wp\/v2\/product"}],"about":[{"href":"https:\/\/comprarseguidores.io\/es\/wp-json\/wp\/v2\/types\/product"}],"replies":[{"embeddable":true,"href":"https:\/\/comprarseguidores.io\/es\/wp-json\/wp\/v2\/comments?post=13247"}],"version-history":[{"count":1,"href":"https:\/\/comprarseguidores.io\/es\/wp-json\/wp\/v2\/product\/13247\/revisions"}],"predecessor-version":[{"id":13262,"href":"https:\/\/comprarseguidores.io\/es\/wp-json\/wp\/v2\/product\/13247\/revisions\/13262"}],"wp:featuredmedia":[{"embeddable":true,"href":"https:\/\/comprarseguidores.io\/es\/wp-json\/wp\/v2\/media\/176"}],"wp:attachment":[{"href":"https:\/\/comprarseguidores.io\/es\/wp-json\/wp\/v2\/media?parent=13247"}],"wp:term":[{"taxonomy":"product_brand","embeddable":true,"href":"https:\/\/comprarseguidores.io\/es\/wp-json\/wp\/v2\/product_brand?post=13247"},{"taxonomy":"product_cat","embeddable":true,"href":"https:\/\/comprarseguidores.io\/es\/wp-json\/wp\/v2\/product_cat?post=13247"},{"taxonomy":"product_tag","embeddable":true,"href":"https:\/\/comprarseguidores.io\/es\/wp-json\/wp\/v2\/product_tag?post=13247"}],"curies":[{"name":"wp","href":"https:\/\/api.w.org\/{rel}","templated":true}]}}