{"id":13345,"date":"2022-09-08T14:56:48","date_gmt":"2022-09-08T14:56:48","guid":{"rendered":"https:\/\/comprarseguidores.io\/product\/%f0%9f%87%a7%f0%9f%87%b7-comprar-opiniones-de-tiktok\/"},"modified":"2025-04-06T18:23:05","modified_gmt":"2025-04-06T18:23:05","slug":"%f0%9f%87%a7%f0%9f%87%b7-comprar-opiniones-de-tiktok","status":"publish","type":"product","link":"https:\/\/comprarseguidores.io\/es\/product\/%f0%9f%87%a7%f0%9f%87%b7-comprar-opiniones-de-tiktok\/","title":{"rendered":"\ud83c\udde7\ud83c\uddf7 Comprar opiniones de TikTok"},"content":{"rendered":"\n<h2 class=\"wp-block-heading\">Comprar opiniones en TikTok<\/h2>\n\n<p>Los comentarios en TikTok son importantes, y el servicio que proporciona likes desempe\u00f1a un gran papel. La combinaci\u00f3n de estos dos servicios es esencial, ya que influye en el comportamiento de los usuarios. Pueden empezar a seguirte y a comentar tus v\u00eddeos para aumentar la interacci\u00f3n.  <\/p>\n\n<p>Los comentarios son una parte esencial de cualquier <a href=\"https:\/\/blog.hubspot.com\/marketing\/social-media-strategy-for-your-business\" target=\"_blank\" rel=\"noopener\" title=\"estrategia de marketing en redes sociales\">estrategia de marketing en redes sociales<\/a>. Si consigues m\u00e1s participaci\u00f3n en tus publicaciones, notar\u00e1s un aumento del tr\u00e1fico, lo que te permitir\u00e1 llegar a un p\u00fablico m\u00e1s amplio y generar m\u00e1s ventas. <\/p>\n\n<p>Estamos aqu\u00ed para asegurarnos de ofrecerte el mejor precio posible por servicios de alta calidad, para que puedas aprovechar al m\u00e1ximo la secci\u00f3n de comentarios. Tambi\u00e9n puedes <a href=\"https:\/\/comprarseguidores.io\/es\/product\/%f0%9f%87%a7%f0%9f%87%b7-comprar-tiktok-likes\/\" title=\"comprar likes en TikTok\">comprar likes de TikTok<\/a> y otros tipos de engagement a trav\u00e9s de nuestros servicios. Comprando dos o m\u00e1s de nuestros servicios, tus v\u00eddeos ser\u00e1n mucho m\u00e1s atractivos para personas reales que se quedar\u00e1n e interactuar\u00e1n con tu contenido.  <\/p>\n\n<h2 class=\"wp-block-heading\">Comprar Comentarios aleatorios en TikTok<\/h2>\n\n<p>Aumenta tu engagement en TikTok con nuestro servicio de comentarios aleatorios. Este producto mejora la interacci\u00f3n en tus v\u00eddeos a\u00f1adiendo comentarios variados y espont\u00e1neos de diferentes usuarios. Este tipo de participaci\u00f3n org\u00e1nica puede aumentar el atractivo de tu contenido y hacer que sea m\u00e1s probable que aparezca en las pesta\u00f1as \"Para ti\" de otros usuarios.  <\/p>\n\n<p>Es una forma excelente de estimular las conversaciones y atraer la atenci\u00f3n hacia tus v\u00eddeos, ayud\u00e1ndote a construir una comunidad activa y comprometida en TikTok.<\/p>\n\n<p><strong>Aumentando estrat\u00e9gicamente tus <a href=\"https:\/\/comprarseguidores.io\/product\/comprar-seguidores-tiktok\/\" title=\"seguidores\">seguidores<\/a>, <a href=\"https:\/\/comprarseguidores.io\/es\/product\/%f0%9f%87%a7%f0%9f%87%b7-comprar-tiktok-likes\/\" title=\"le gusta\">Me gusta<\/a>, <a href=\"https:\/\/comprarseguidores.io\/es\/product\/%f0%9f%87%a7%f0%9f%87%b7-comprar-visualizaciones-de-tiktok\/\" title=\"visualizaciones\">visualizaciones<\/a>, comentarios y guardados, mejorar\u00e1s tus m\u00e9tricas en TikTok y te asegurar\u00e1s una posici\u00f3n m\u00e1s destacada en la pesta\u00f1a \"Para ti\" de los usuarios.<\/strong><\/p>\n\n<h2 class=\"wp-block-heading\">\u00bfPor qu\u00e9 comprar rese\u00f1as de TikTok con nosotros?<\/h2>\n\n<p>Los comentarios de TikTok que ofrecemos est\u00e1n incluidos en los paquetes m\u00e1s asequibles, lo que los convierte en la soluci\u00f3n m\u00e1s rentable para ti. Para m\u00e1s informaci\u00f3n sobre c\u00f3mo puede beneficiar a tu marca y a tus servicios, sigue leyendo. <\/p>\n\n<p>Los comentarios se pueden comprar y entregar tanto desde cuentas masculinas como femeninas. Una vez controlada la cuenta para evitar el spam, es poco probable que cambie la tasa de entrega. Sin embargo, hay varios efectos positivos en tus interacciones.  <\/p>\n\n<p>Puedes empezar tu campa\u00f1a compr\u00e1ndonos likes y comentarios en TikTok a los precios m\u00e1s bajos. Comprar comentarios en TikTok te permite aumentar r\u00e1pidamente tu engagement proporcionando interacciones similares a las de usuarios reales y activos en tu cuenta. <\/p>\n\n<figure class=\"wp-block-image size-full\"><a href=\"https:\/\/comprarseguidores.io\/wp-content\/uploads\/2022\/09\/TikTok-Kommentare-Kaufen.png\"><img fetchpriority=\"high\" decoding=\"async\" width=\"800\" height=\"600\" src=\"https:\/\/comprarseguidores.io\/wp-content\/uploads\/2022\/09\/TikTok-Kommentare-Kaufen.png\" alt=\"\" class=\"wp-image-11595\" srcset=\"https:\/\/comprarseguidores.io\/wp-content\/uploads\/2022\/09\/TikTok-Kommentare-Kaufen.png 800w, https:\/\/comprarseguidores.io\/wp-content\/uploads\/2022\/09\/TikTok-Kommentare-Kaufen-300x225.png 300w, https:\/\/comprarseguidores.io\/wp-content\/uploads\/2022\/09\/TikTok-Kommentare-Kaufen-768x576.png 768w, https:\/\/comprarseguidores.io\/wp-content\/uploads\/2022\/09\/TikTok-Kommentare-Kaufen-441x331.png 441w, https:\/\/comprarseguidores.io\/wp-content\/uploads\/2022\/09\/TikTok-Kommentare-Kaufen-150x113.png 150w\" sizes=\"(max-width: 800px) 100vw, 800px\" \/><\/a><\/figure>\n\n<h2 class=\"wp-block-heading\">C\u00f3mo aumentar org\u00e1nicamente tus comentarios en TikTok<\/h2>\n\n<p>Los comentarios son uno de los m\u00e9todos m\u00e1s importantes para influir en las interacciones en TikTok. Intentar aumentarlos puede no producir de forma natural la cantidad o calidad de interacciones deseada. Los comentarios son muy importantes para los usuarios que quieren hacer popular su cuenta en TikTok permiti\u00e9ndoles interactuar con otros usuarios. Para conseguir m\u00e1s comentarios en tus v\u00eddeos, c\u00f3mpralos en nuestra tienda: todo lo que tienes que hacer es darle a me gusta y compartirlos. Procesaremos tu pedido lo antes posible. \u00bfTienes alguna pregunta? Puedes ponerte en contacto con nosotros en cualquier momento por correo electr\u00f3nico. Si necesitas m\u00e1s engagement en TikTok, tambi\u00e9n podemos ayudarte con eso.       <\/p>\n\n<p>Pero tambi\u00e9n es posible conseguir engagement de forma org\u00e1nica. Por eso hemos reunido algunos consejos que puedes incluir en tu proceso de viralizaci\u00f3n: <\/p>\n\n<ol class=\"wp-block-list\">\n<li>Utiliza llamadas a la acci\u00f3n en tus pies de foto y descripciones, \u00a1y hazlo a menudo!<\/li>\n\n\n\n<li>Escucha activamente e intenta satisfacer los deseos y necesidades de tu p\u00fablico.<\/li>\n\n\n\n<li>Observa lo que es tendencia e intenta adaptar tu contenido a esas tendencias.<\/li>\n\n\n\n<li>Entrevista a influencers de tu nicho, colabora con ellos e intentad grabar v\u00eddeos juntos.<\/li>\n<\/ol>\n\n<h2 class=\"wp-block-heading\">\u00bfEs posible aumentar todo el compromiso org\u00e1nico con nuestro servicio de comentarios de TikTok?<\/h2>\n\n<p>Nuestro servicio de comentarios en TikTok tiene como objetivo dar a conocer tu contenido para que lo vea m\u00e1s gente, tal y como t\u00fa haces ahora. T\u00fa eres responsable de mantener la interactividad, responder a los comentarios e interactuar con tu audiencia. Publicaremos el mejor contenido para ti en TikTok y nos aseguraremos de que sea interactivo, para que puedas beneficiarte del compromiso que genera. Puedes comprarnos varios paquetes de comentarios en TikTok para conseguir y mantener una posici\u00f3n destacada.   <\/p>\n\n<h2 class=\"wp-block-heading\">comprarseguidores.io ofrece los siguientes paquetes de comentarios activos en TikTok:<\/h2>\n\n<ul class=\"wp-block-list\">\n<li>5 comentarios sobre TikTok<\/li>\n\n\n\n<li>10 comentarios sobre TikTok<\/li>\n\n\n\n<li>15 comentarios en TikTok<\/li>\n\n\n\n<li>20 comentarios en TikTok<\/li>\n\n\n\n<li>50 comentarios en TikTok<\/li>\n\n\n\n<li>100 comentarios en TikTok<\/li>\n\n\n\n<li>250 comentarios en TikTok<\/li>\n\n\n\n<li>500 comentarios en TikTok<\/li>\n\n\n\n<li>1000 comentarios en TikTok<\/li>\n<\/ul>\n\n<h2 class=\"wp-block-heading\">PREGUNTAS FRECUENTES<\/h2>\n\n<div data-schema-only=\"false\" class=\"wp-block-aioseo-faq\"><h3 class=\"aioseo-faq-block-question\">S\u00e3o esses coment\u00e1rios reais do TikTok?<\/h3><div class=\"aioseo-faq-block-answer\">\n<p>S\u00ed, son comentarios reales de TikTok de usuarios activos.<\/p>\n<\/div><\/div>\n\n<div data-schema-only=\"false\" class=\"wp-block-aioseo-faq\"><h3 class=\"aioseo-faq-block-question\">Por que devo comprar coment\u00e1rios no TikTok?<\/h3><div class=\"aioseo-faq-block-answer\">\n<p>Comprar comentarios en TikTok puede aumentar la visibilidad de tu perfil y estimular las interacciones org\u00e1nicas, atrayendo a espectadores que probablemente interact\u00faen con tu contenido y te sigan.<\/p>\n<\/div><\/div>\n\n<div data-schema-only=\"false\" class=\"wp-block-aioseo-faq\"><h3 class=\"aioseo-faq-block-question\">Comprar coment\u00e1rios \u00e9 uma pr\u00e1tica comum?<\/h3><div class=\"aioseo-faq-block-answer\">\n<p>S\u00ed, comprar comentarios en TikTok es una pr\u00e1ctica habitual entre algunos usuarios que quieren aumentar el engagement y la visibilidad de sus contenidos. Esta estrategia se utiliza a menudo para mejorar la apariencia de interacci\u00f3n activa, fomentando m\u00e1s comentarios org\u00e1nicos e interacciones de otros usuarios. <\/p>\n<\/div><\/div>\n\n<div data-schema-only=\"false\" class=\"wp-block-aioseo-faq\"><h3 class=\"aioseo-faq-block-question\">Uma grande quantidade de coment\u00e1rios pode aumentar o engajamento org\u00e2nico?<\/h3><div class=\"aioseo-faq-block-answer\">\n<p>S\u00ed, en TikTok, un gran n\u00famero de comentarios puede aumentar la participaci\u00f3n org\u00e1nica. Las interacciones activas indican al algoritmo que tu contenido es atractivo, lo que aumenta su visibilidad en la pesta\u00f1a \"Para ti\" y atrae a m\u00e1s espectadores, Me gusta y Compartir. <\/p>\n<\/div><\/div>\n\n<div data-schema-only=\"false\" class=\"wp-block-aioseo-faq\"><h3 class=\"aioseo-faq-block-question\">Quais benef\u00edcios posso esperar ao comprar coment\u00e1rios no TikTok?<\/h3><div class=\"aioseo-faq-block-answer\">\n<p>Comprar comentarios en TikTok puede aumentar significativamente el compromiso y la visibilidad de tus v\u00eddeos, promocion\u00e1ndolos m\u00e1s eficazmente en las pesta\u00f1as \"Para ti\" de los usuarios y atrayendo visitas y seguidores org\u00e1nicos. Este aumento de la interacci\u00f3n no s\u00f3lo refuerza la prueba social, sino que tambi\u00e9n mejora la popularidad y credibilidad percibidas de tu contenido, lo que conduce a una participaci\u00f3n m\u00e1s activa de la comunidad. <\/p>\n<\/div><\/div>\n\n<div data-schema-only=\"false\" class=\"wp-block-aioseo-faq\"><h3 class=\"aioseo-faq-block-question\">\u00c9 poss\u00edvel ser banido por comprar coment\u00e1rios no TikTok?<\/h3><div class=\"aioseo-faq-block-answer\">\n<p>No, no te bloquear\u00e1n si compras comentarios en TikTok de sitios aut\u00e9nticos y fiables. Estas plataformas siguen las directrices de TikTok y proporcionan comentarios de forma segura, garantizando la integridad de tu cuenta. <\/p>\n<\/div><\/div>\n\n<div data-schema-only=\"false\" class=\"wp-block-aioseo-faq\"><h3 class=\"aioseo-faq-block-question\">Quanto tempo leva para ver os resultados?<\/h3><div class=\"aioseo-faq-block-answer\">\n<p>Los resultados empiezan a aparecer casi inmediatamente despu\u00e9s de procesar tu pedido, normalmente en unas pocas horas.<\/p>\n<\/div><\/div>\n\n<div data-schema-only=\"false\" class=\"wp-block-aioseo-faq\"><h3 class=\"aioseo-faq-block-question\">Quantos coment\u00e1rios do TikTok devo comprar?<\/h3><div class=\"aioseo-faq-block-answer\">\n<p>El n\u00famero de comentarios que debes comprar depende de tus objetivos espec\u00edficos. Si quieres aumentar r\u00e1pidamente el engagement, un n\u00famero mayor de comentarios puede ser m\u00e1s eficaz. Para un crecimiento m\u00e1s sutil y natural, un n\u00famero menor puede ser m\u00e1s apropiado.  <\/p>\n<\/div><\/div>\n\n<div data-schema-only=\"false\" class=\"wp-block-aioseo-faq\"><h3 class=\"aioseo-faq-block-question\">O que fazer se meu pedido n\u00e3o for entregue?<\/h3><div class=\"aioseo-faq-block-answer\">\n<p>Si tu pedido no se entrega, comprueba primero la confirmaci\u00f3n del pedido y los detalles del pago para asegurarte de que todo es correcto. A continuaci\u00f3n, ponte en contacto con el servicio de atenci\u00f3n al cliente con los datos de tu pedido para resolver el problema. El equipo de asistencia podr\u00e1 ayudarte y ofrecerte una soluci\u00f3n.  <\/p>\n<\/div><\/div>\n\n<div data-schema-only=\"false\" class=\"wp-block-aioseo-faq\"><h3 class=\"aioseo-faq-block-question\">Quais m\u00e9todos de pagamento voc\u00eas oferecem?<\/h3><div class=\"aioseo-faq-block-answer\">\n<p>Ofrecemos varias opciones de pago, como tarjetas de cr\u00e9dito, PayPal y, en algunos casos, criptomonedas. Esta variedad te permite elegir la opci\u00f3n m\u00e1s conveniente para tus transacciones. <\/p>\n<\/div><\/div>\n","protected":false},"excerpt":{"rendered":"<p>\u2665\ufe0f Aumenta el engagement en tu perfil<br \/>\n\u2665\ufe0f El mejor potenciador de ranking para que tu v\u00eddeo sea viral<br \/>\n\u2665\ufe0f Tu v\u00eddeo parecer\u00e1 s\u00faper popular<br \/>\n\u2665\ufe0f Comentarios personalizados en alem\u00e1n<br \/>\n\u2665\ufe0f Entrega en 24 horas<br \/>\n\u2665\ufe0f Comentarios globales: entregados al instante<\/p>\n","protected":false},"featured_media":176,"comment_status":"closed","ping_status":"closed","template":"","meta":[],"product_brand":[],"product_cat":[106],"product_tag":[],"class_list":{"0":"post-13345","1":"product","2":"type-product","3":"status-publish","4":"has-post-thumbnail","6":"product_cat-sin-categoria","8":"first","9":"instock","10":"shipping-taxable","11":"purchasable","12":"product-type-variable"},"aioseo_notices":[],"_links":{"self":[{"href":"https:\/\/comprarseguidores.io\/es\/wp-json\/wp\/v2\/product\/13345","targetHints":{"allow":["GET"]}}],"collection":[{"href":"https:\/\/comprarseguidores.io\/es\/wp-json\/wp\/v2\/product"}],"about":[{"href":"https:\/\/comprarseguidores.io\/es\/wp-json\/wp\/v2\/types\/product"}],"replies":[{"embeddable":true,"href":"https:\/\/comprarseguidores.io\/es\/wp-json\/wp\/v2\/comments?post=13345"}],"version-history":[{"count":1,"href":"https:\/\/comprarseguidores.io\/es\/wp-json\/wp\/v2\/product\/13345\/revisions"}],"predecessor-version":[{"id":13365,"href":"https:\/\/comprarseguidores.io\/es\/wp-json\/wp\/v2\/product\/13345\/revisions\/13365"}],"wp:featuredmedia":[{"embeddable":true,"href":"https:\/\/comprarseguidores.io\/es\/wp-json\/wp\/v2\/media\/176"}],"wp:attachment":[{"href":"https:\/\/comprarseguidores.io\/es\/wp-json\/wp\/v2\/media?parent=13345"}],"wp:term":[{"taxonomy":"product_brand","embeddable":true,"href":"https:\/\/comprarseguidores.io\/es\/wp-json\/wp\/v2\/product_brand?post=13345"},{"taxonomy":"product_cat","embeddable":true,"href":"https:\/\/comprarseguidores.io\/es\/wp-json\/wp\/v2\/product_cat?post=13345"},{"taxonomy":"product_tag","embeddable":true,"href":"https:\/\/comprarseguidores.io\/es\/wp-json\/wp\/v2\/product_tag?post=13345"}],"curies":[{"name":"wp","href":"https:\/\/api.w.org\/{rel}","templated":true}]}}