{"id":13366,"date":"2023-08-06T09:38:48","date_gmt":"2023-08-06T09:38:48","guid":{"rendered":"https:\/\/comprarseguidores.io\/product\/hilos-de-compra-reactivos\/"},"modified":"2025-04-06T18:23:02","modified_gmt":"2025-04-06T18:23:02","slug":"hilos-de-compra-reactivos","status":"publish","type":"product","link":"https:\/\/comprarseguidores.io\/es\/product\/hilos-de-compra-reactivos\/","title":{"rendered":"Hilos de Compra Reactivos"},"content":{"rendered":"\n<h2 class=\"wp-block-heading\">Hilos de Compra Reactivos<\/h2>\n\n<p>Los hilos compartidos son una forma incre\u00edble de aumentar la visibilidad de tus hilos en Instagram. Al ser compartidos por otros usuarios, tus publicaciones llegan a un p\u00fablico m\u00e1s amplio. Imagina que tus Temas se propagan como la p\u00f3lvora y reciben cada vez m\u00e1s Me gusta, comentarios e interacciones. \u00a1Ese es el poder de los Hilos compartidos!   <\/p>\n\n<p>Con s\u00f3lo unos clics, puedes aprovechar esta magia y conseguir que tus publicaciones aparezcan en los feeds de otros usuarios. Tanto si eres un prometedor influencer como un creador de contenidos consolidado, los Hilos compartidos dar\u00e1n a tu perfil el impulso que necesita. Compartir es cuidar, y con nuestros hilos compartidos, \u00a1cuidar tus hilos te dar\u00e1 resultados incre\u00edbles!  <\/p>\n\n<p>Ampl\u00eda tu alcance y consigue una mayor audiencia en Instagram. \u00a1Adquiere ahora el poder de nuestros Hilos compartidos y experimenta el \u00e9xito de un perfil social excepcional! <\/p>\n\n<p>\ud83d\udd04 Aumenta la visibilidad de tus Temas &#8211; \u00a1Compra ya participaciones en Temas!<\/p>\n\n<p>\ud83d\ude80 \u00a1Llega a un p\u00fablico m\u00e1s amplio y conquista el mundo de Instagram!<\/p>\n\n<p>\ud83c\udf1f \u00a1Da m\u00e1s alcance a tus posts y haz que se vuelvan virales!<\/p>\n\n<p>\ud83d\udcc8 \u00a1Aumenta la interacci\u00f3n en tu perfil y gana nuevos fans!<\/p>\n\n<p>\u00bfSue\u00f1as con que tus Temas sean descubiertos y compartidos por una gran comunidad? \u00bfQuieres llegar a un p\u00fablico m\u00e1s amplio y llevar la interacci\u00f3n de tu perfil a un nuevo nivel? \u00a1Entonces nuestros Hilos compartidos son perfectos para ti! Con nuestras comparticiones de alta calidad, el alcance de tus publicaciones crecer\u00e1 exponencialmente, y ver\u00e1s c\u00f3mo tus Temas se difunden cada vez m\u00e1s. Eso significa m\u00e1s Me gusta, m\u00e1s comentarios y m\u00e1s fans enamorados de tu contenido. Aprovecha la magia de los Hilos compartidos para convertir tu perfil de Instagram en un aut\u00e9ntico \u00e9xito. Gana el coraz\u00f3n de tus seguidores y consigue nuevos fans utilizando el poder de nuestros hilos compartidos. \u00a1Aumenta tu presencia en Instagram y experimenta el \u00e9xito de un perfil social excepcional! \ud83d\ude80<\/p>\n\n<p><strong>La visibilidad y el compromiso de tu perfil de Hilos se pueden aumentar equilibrando el n\u00famero de publicaciones, seguidores, me gusta, compartidos y comentarios.<\/strong><\/p>\n\n<h2 class=\"wp-block-heading\">Es sencillo: \u00a1compra acciones de hilo y despega!<\/h2>\n\n<h4 class=\"wp-block-heading\">Paso 1: Elige el n\u00famero de acciones<\/h4>\n\n<p>\ud83d\udc49 Elige el n\u00famero de acciones que deseas para tus Temas. Ofrecemos diferentes paquetes para que puedas elegir el adecuado para tu perfil. <\/p>\n\n<h4 class=\"wp-block-heading\">Paso 2: A\u00f1ade el enlace a tu publicaci\u00f3n<\/h4>\n\n<p>\ud83d\udc49 Env\u00edanos el enlace a la publicaci\u00f3n que quieres compartir. \u00a1Nuestras comparticiones de alta calidad dar\u00e1n vida a tu perfil en un abrir y cerrar de ojos! <\/p>\n\n<h4 class=\"wp-block-heading\">Paso 3: Paga y disfruta<\/h4>\n\n<p>\ud83d\udc49 Paga de forma r\u00e1pida y segura con nuestros distintos m\u00e9todos de pago. En cuanto se confirme tu pedido, \u00a1comienza la magia! Tus Hilos ser\u00e1n compartidos por una gran comunidad y llegar\u00e1n a un p\u00fablico m\u00e1s amplio.  <\/p>\n\n<h4 class=\"wp-block-heading\">Paso 4: Experimenta la magia de compartir hilos<\/h4>\n\n<p>\ud83d\udc49 Rel\u00e1jate y observa c\u00f3mo tus publicaciones se vuelven virales, y c\u00f3mo el engagement de tu perfil crece r\u00e1pidamente. \u00a1La magia de nuestras acciones te sorprender\u00e1! <\/p>\n\n<h2 class=\"wp-block-heading\">\ud83d\ude80 C\u00f3mo aprovechar al m\u00e1ximo el hilo compartido:<\/h2>\n\n<ul class=\"wp-block-list\">\n<li><strong>1: Elige el n\u00famero adecuado de acciones<\/strong><\/li>\n<\/ul>\n\n<p>\ud83d\udc49 Elige el n\u00famero de acciones que se ajuste a tus objetivos y necesidades. Tanto si eres principiante como si ya tienes una base de seguidores, \u00a1tenemos el paquete adecuado para ti! <\/p>\n\n<ul class=\"wp-block-list\">\n<li><strong>2: A\u00f1ade el enlace a la publicaci\u00f3n que deseas compartir<\/strong><\/li>\n<\/ul>\n\n<p>\ud83d\udc49 S\u00f3lo tienes que proporcionar el enlace a la publicaci\u00f3n que deseas compartir en Threads. Nuestros expertos se asegurar\u00e1n de que tu publicaci\u00f3n sea compartida por la comunidad. <\/p>\n\n<ul class=\"wp-block-list\">\n<li><strong>3: Rel\u00e1jate y observa c\u00f3mo se produce la magia<\/strong><\/li>\n<\/ul>\n\n<p>\ud83d\udc49 En cuanto compres Hilos compartidos, ver\u00e1s llegar a tu perfil una oleada de interacciones. \u00a1Observa c\u00f3mo crecen tu alcance y tu participaci\u00f3n! <\/p>\n\n<ul class=\"wp-block-list\">\n<li><strong>4: Combina estrategias para obtener mejores resultados<\/strong><\/li>\n<\/ul>\n\n<p>\ud83d\udc49 Las acciones por s\u00ed solas ya son potentes, pero comb\u00ednalas con otros servicios como la <a href=\"https:\/\/comprarseguidores.io\/es\/product\/%f0%9f%87%a7%f0%9f%87%b7-comprar-seguidores-de-tiktok\/\" title=\"\">compra de seguidores<\/a>, <a href=\"https:\/\/comprarseguidores.io\/es\/product\/%f0%9f%87%a7%f0%9f%87%b7-comprar-tiktok-likes\/\" title=\"\">likes<\/a> y <a href=\"https:\/\/comprarseguidores.io\/es\/product\/%f0%9f%87%a7%f0%9f%87%b7-comprar-opiniones-de-tiktok\/\" title=\"\">comentarios<\/a> para hacerte viral a\u00fan m\u00e1s r\u00e1pido en Threads. Un perfil bien estructurado con interacciones positivas atrae a m\u00e1s seguidores y lleva tu \u00e9xito en las redes sociales a un nuevo nivel. <\/p>\n\n<ul class=\"wp-block-list\">\n<li><strong>5: Experimenta el \u00e9xito de un perfil viral<\/strong><\/li>\n<\/ul>\n\n<p>\ud83d\udc49 Te sorprender\u00e1 lo r\u00e1pido que crece tu perfil de Instagram cuando utilices todo el potencial de Compartir hilos y otros servicios. Prep\u00e1rate para ganar seguidores que compartir\u00e1n tus publicaciones y ampliar tu comunidad. <\/p>\n\n<p>Con nuestros Hilos compartidos, te convertir\u00e1s en un destacado influencer. Utiliza el poder de las acciones combinado con otros servicios para aprovechar todo el potencial de tu perfil de Instagram. \u00a1Experimenta el \u00e9xito de un perfil viral y forma parte de la vibrante comunidad Threads! \ud83c\udf1f<\/p>\n\n<figure class=\"wp-block-image\"><img decoding=\"async\" src=\"https:\/\/follower-kaufen.io\/wp-content\/uploads\/2024\/07\/Comprar-Threads-Reshares.png\" alt=\"Comprar acciones de hilo\" class=\"wp-image-8524\"\/><figcaption class=\"wp-element-caption\">Comprar acciones de hilo<\/figcaption><\/figure>\n\n<h2 class=\"wp-block-heading\">\u00bfPuedes compartir contenido de Instagram en Threads?<\/h2>\n\n<p>Actualmente, Threads e Instagram operan como plataformas separadas bajo la misma empresa, y no existe una funcionalidad directa para compartir autom\u00e1ticamente contenido de Instagram en Threads. Sin embargo, puedes compartir manualmente tu contenido en ambas plataformas descargando o guardando tus publicaciones de Instagram y subi\u00e9ndolas despu\u00e9s a Threads. De esta forma, mantienes una presencia en ambas redes y adaptas tu contenido a la audiencia y funcionalidades de cada una.  <\/p>\n\n<h2 class=\"wp-block-heading\">\u00bfC\u00f3mo funciona el reenv\u00edo en los Temas?<\/h2>\n\n<p>En los Temas, la funci\u00f3n de reenviar te permite compartir las publicaciones de otros usuarios directamente en tu propio feed. Si encuentras un hilo que te gusta o que interesa a tus seguidores, s\u00f3lo tienes que utilizar la opci\u00f3n \"Volver a publicar\". Esto har\u00e1 que la publicaci\u00f3n original aparezca en tu perfil, aumentando su alcance y participaci\u00f3n. Es una forma excelente de interactuar con el contenido de otros usuarios y de destacar publicaciones relevantes, enriqueciendo el feed de tus seguidores.   <\/p>\n\n<h2 class=\"wp-block-heading\">\u00bfSe ha desactivado Instagram Threads?<\/h2>\n\n<p>S\u00ed, la aplicaci\u00f3n Instagram Threads ha dejado de funcionar. Creada originalmente como una aplicaci\u00f3n independiente para la comunicaci\u00f3n entre amigos cercanos, Hilos fue cerrada oficialmente por Meta (antes Facebook) en diciembre de 2021 debido a la escasa participaci\u00f3n de los usuarios y al solapamiento de sus funcionalidades con otras caracter\u00edsticas de Instagram. <\/p>\n\n<h2 class=\"wp-block-heading\">\u00bfPuedes ver qui\u00e9n ve tus Temas?<\/h2>\n\n<p>No, Threads no ofrece una funci\u00f3n que te permita ver qui\u00e9n ha visto tus publicaciones. La plataforma da prioridad a la privacidad del usuario y no rastrea ni muestra informaci\u00f3n espec\u00edfica sobre qui\u00e9n ha visto determinados contenidos. De este modo, los usuarios pueden interactuar y navegar por Threads sin que sus opiniones queden registradas o expuestas p\u00fablicamente.  <\/p>\n\n<h2 class=\"wp-block-heading\">\u00bfPueden otras personas ver tus reposiciones en los Temas?<\/h2>\n\n<p>S\u00ed, cuando vuelvas a publicar algo en Hilos, otras personas podr\u00e1n ver esas reposiciones. Esta funci\u00f3n te permite compartir publicaciones interesantes de otros usuarios con tus seguidores, aumentando la visibilidad y el alcance del contenido original. Tus reposts aparecer\u00e1n en tu perfil y en los feeds de tus seguidores, funcionando de forma similar a los retweets en Twitter.  <\/p>\n\n<h2 class=\"wp-block-heading\">\u00bfQui\u00e9n puede ver tus reposts en Threads?<\/h2>\n\n<p>En Hilos, tus reposts pueden ser vistos por tus seguidores, igual que tus posts originales. Si tu perfil es p\u00fablico, cualquiera puede ver tus reposts. Si tu cuenta es privada, s\u00f3lo podr\u00e1n verlos los seguidores aprobados. Esta funci\u00f3n permite a tus seguidores interactuar con el contenido que compartes y promueve un mayor compromiso dentro de tu red.   <\/p>\n\n<h2 class=\"wp-block-heading\">\u00bfC\u00f3mo funcionan los Hilos de Instagram?<\/h2>\n\n<p>Threads es una aplicaci\u00f3n desarrollada por Instagram que permite a los usuarios participar en conversaciones p\u00fablicas. Aqu\u00ed puedes crear tus propios Hilos, responder a otros usuarios y seguir perfiles que te interesen. El contenido publicado puede incluir texto, enlaces, fotos, v\u00eddeos o una combinaci\u00f3n de estos formatos, lo que hace que la plataforma sea din\u00e1mica y flexible para compartir e interactuar.  <\/p>\n\n<h2 class=\"wp-block-heading\">\u00bfCu\u00e1l es la diferencia entre una cita y un reenv\u00edo en los Temas?<\/h2>\n\n<p>En Threads, la diferencia entre una \"cita\" y un \"reenv\u00edo\" radica en la forma en que se comparte y atribuye el contenido. Un \"reenv\u00edo\" te permite compartir directamente la publicaci\u00f3n de otra persona en tu perfil, sin modificaciones, manteniendo el contenido original y la atribuci\u00f3n al autor. Una \"cita\" te permite a\u00f1adir tu propio comentario o respuesta por encima de la publicaci\u00f3n original, proporcionando un contexto adicional o tu perspectiva, mientras que el contenido original permanece visible. Esta funci\u00f3n fomenta los debates y enriquece el contenido compartido con nuevas perspectivas.   <\/p>\n\n<h2 class=\"wp-block-heading\">\u00bfFuncionan los hashtags en Threads?<\/h2>\n\n<p>S\u00ed, los hashtags funcionan en Threads. Funcionan de forma similar a otras redes sociales, categorizando el contenido y ayudando a los usuarios a descubrir publicaciones sobre determinados temas o intereses. Mediante el uso de hashtags, puedes aumentar la visibilidad de tus Temas y hacerlos m\u00e1s accesibles a los usuarios que buscan contenidos similares. Esta funcionalidad mejora la participaci\u00f3n y ampl\u00eda el alcance de tus publicaciones dentro de la <a href=\"https:\/\/medium.com\/@chisomokeke753\/how-to-use-threads-to-grow-your-community-today-6616d1d4f18d\">comunidad de Threads<\/a>.   <\/p>\n\n<h2 class=\"wp-block-heading\">PREGUNTAS FRECUENTES<\/h2>\n\n<div data-schema-only=\"false\" class=\"wp-block-aioseo-faq\"><h3 class=\"aioseo-faq-block-question\">\u00c9 poss\u00edvel correr o risco de ser banido ao comprar compartilhamentos no Threads?<\/h3><div class=\"aioseo-faq-block-answer\">\n<p>Comprar acciones en sitios de confianza que sigan las directrices de Threads puede ser una pr\u00e1ctica segura. Estos servicios cumplen las normas de la plataforma y garantizan que todas las interacciones son leg\u00edtimas, minimizando el riesgo de suspensi\u00f3n de la cuenta. <\/p>\n<\/div><\/div>\n\n<div data-schema-only=\"false\" class=\"wp-block-aioseo-faq\"><h3 class=\"aioseo-faq-block-question\">Quanto tempo leva para ver os resultados?<\/h3><div class=\"aioseo-faq-block-answer\">\n<p>Ver\u00e1s los resultados casi de inmediato, normalmente a las pocas horas de procesar tu pedido.<\/p>\n<\/div><\/div>\n\n<div data-schema-only=\"false\" class=\"wp-block-aioseo-faq\"><h3 class=\"aioseo-faq-block-question\">Esses compartilhamentos no Threads s\u00e3o reais?<\/h3><div class=\"aioseo-faq-block-answer\">\n<p>S\u00ed, se trata de acciones reales en Threads, de cuentas activas y aut\u00e9nticas.<\/p>\n<\/div><\/div>\n\n<div data-schema-only=\"false\" class=\"wp-block-aioseo-faq\"><h3 class=\"aioseo-faq-block-question\">Esses compartilhamentos permanecer\u00e3o permanentemente no meu perfil?<\/h3><div class=\"aioseo-faq-block-answer\">\n<p>S\u00ed, las participaciones adquiridas para los Temas est\u00e1n dise\u00f1adas para permanecer permanentemente en tu perfil, mejorando la visibilidad y el compromiso de tus publicaciones a largo plazo.<\/p>\n<\/div><\/div>\n\n<div data-schema-only=\"false\" class=\"wp-block-aioseo-faq\"><h3 class=\"aioseo-faq-block-question\">Quantos compartilhamentos no Threads devo comprar?<\/h3><div class=\"aioseo-faq-block-answer\">\n<p>Empieza adquiriendo un peque\u00f1o n\u00famero de comparticiones en Threads para evaluar inicialmente el impacto en tu compromiso. En funci\u00f3n de los resultados, ajusta el n\u00famero de acciones seg\u00fan tus m\u00e9tricas de participaci\u00f3n, objetivos y presupuesto. Esta estrategia te permite optimizar tu enfoque de forma eficaz.  <\/p>\n<\/div><\/div>\n\n<div data-schema-only=\"false\" class=\"wp-block-aioseo-faq\"><h3 class=\"aioseo-faq-block-question\">Quais benef\u00edcios posso esperar ao comprar compartilhamentos para minha conta?<\/h3><div class=\"aioseo-faq-block-answer\">\n<p>Comprar participaciones para tu cuenta puede aumentar la visibilidad, atraer m\u00e1s participaci\u00f3n org\u00e1nica y mejorar la credibilidad percibida de tu contenido. Esta mayor exposici\u00f3n puede dar lugar a m\u00e1s interacciones y oportunidades de crecimiento adicionales en la plataforma. <\/p>\n<\/div><\/div>\n\n<div data-schema-only=\"false\" class=\"wp-block-aioseo-faq\"><h3 class=\"aioseo-faq-block-question\">O que fazer se meu pedido n\u00e3o for entregue?<\/h3><div class=\"aioseo-faq-block-answer\">\n<p>Si tu pedido no se entrega, comprueba la confirmaci\u00f3n del pedido y los detalles del pago para asegurarte de que todo es correcto. A continuaci\u00f3n, ponte en contacto con el servicio de atenci\u00f3n al cliente con la informaci\u00f3n de tu pedido para resolver el problema. El equipo deber\u00eda poder ayudarte y ofrecerte una soluci\u00f3n.  <\/p>\n<\/div><\/div>\n\n<div data-schema-only=\"false\" class=\"wp-block-aioseo-faq\"><h3 class=\"aioseo-faq-block-question\">Quais m\u00e9todos de pagamento voc\u00eas oferecem?<\/h3><div class=\"aioseo-faq-block-answer\">\n<p>Ofrecemos diversos m\u00e9todos de pago, como tarjetas de cr\u00e9dito, PayPal y, en algunos casos, criptomonedas. Esta diversidad te permite elegir la opci\u00f3n m\u00e1s conveniente para tus transacciones. <\/p>\n<\/div><\/div>\n\n<div data-schema-only=\"false\" class=\"wp-block-aioseo-faq\"><h3 class=\"aioseo-faq-block-question\">Por que comprar compartilhamentos no Threads?<\/h3><div class=\"aioseo-faq-block-answer\">\n<p>Comprar comparticiones en Threads puede aumentar significativamente la visibilidad de tu contenido, mejorar tu credibilidad percibida y fomentar un mayor compromiso org\u00e1nico, haciendo que tus publicaciones sean m\u00e1s atractivas y populares.<\/p>\n<\/div><\/div>\n\n<div data-schema-only=\"false\" class=\"wp-block-aioseo-faq\"><h3 class=\"aioseo-faq-block-question\">Um alto n\u00famero de compartilhamentos no meu perfil pode aumentar o engajamento org\u00e2nico?<\/h3><div class=\"aioseo-faq-block-answer\">\n<p>S\u00ed, un elevado n\u00famero de compartidos en tu perfil de Threads puede aumentar significativamente la participaci\u00f3n org\u00e1nica. Las plataformas tienden a dar prioridad a los contenidos con alta interacci\u00f3n, lo que se traduce en una mayor visibilidad y m\u00e1s interacciones org\u00e1nicas de otros usuarios. Esta mayor exposici\u00f3n ayuda a atraer a un p\u00fablico m\u00e1s amplio a tu contenido.  <\/p>\n<\/div><\/div>\n","protected":false},"excerpt":{"rendered":"<p>\ud83d\ude80 Hilos compartidos &#8211; \u00a1Maximiza tu alcance en los Hilos!<\/p>\n<p>\u2728 Aumenta las interacciones y la visibilidad<br \/>\n\u2728 Consigue nuevos seguidores y fans<br \/>\n\u2728 Potencial viral para tu perfil<br \/>\n\u2728 Comb\u00ednalo con otros productos para obtener el m\u00e1ximo impacto<br \/>\n\u2728 F\u00e1cil y r\u00e1pido de comprar<br \/>\n\u2728 \u00a1\u00c9xito garantizado!<\/p>\n<p>\ud83c\udf1f #CompraSeguidores #CompraSeguidores #\u00c9xitoEnRedesSociales<\/p>\n","protected":false},"featured_media":7274,"comment_status":"closed","ping_status":"closed","template":"","meta":[],"product_brand":[],"product_cat":[106],"product_tag":[],"class_list":{"0":"post-13366","1":"product","2":"type-product","3":"status-publish","4":"has-post-thumbnail","6":"product_cat-sin-categoria","8":"first","9":"instock","10":"shipping-taxable","11":"purchasable","12":"product-type-variable"},"aioseo_notices":[],"_links":{"self":[{"href":"https:\/\/comprarseguidores.io\/es\/wp-json\/wp\/v2\/product\/13366","targetHints":{"allow":["GET"]}}],"collection":[{"href":"https:\/\/comprarseguidores.io\/es\/wp-json\/wp\/v2\/product"}],"about":[{"href":"https:\/\/comprarseguidores.io\/es\/wp-json\/wp\/v2\/types\/product"}],"replies":[{"embeddable":true,"href":"https:\/\/comprarseguidores.io\/es\/wp-json\/wp\/v2\/comments?post=13366"}],"version-history":[{"count":1,"href":"https:\/\/comprarseguidores.io\/es\/wp-json\/wp\/v2\/product\/13366\/revisions"}],"predecessor-version":[{"id":13388,"href":"https:\/\/comprarseguidores.io\/es\/wp-json\/wp\/v2\/product\/13366\/revisions\/13388"}],"wp:featuredmedia":[{"embeddable":true,"href":"https:\/\/comprarseguidores.io\/es\/wp-json\/wp\/v2\/media\/7274"}],"wp:attachment":[{"href":"https:\/\/comprarseguidores.io\/es\/wp-json\/wp\/v2\/media?parent=13366"}],"wp:term":[{"taxonomy":"product_brand","embeddable":true,"href":"https:\/\/comprarseguidores.io\/es\/wp-json\/wp\/v2\/product_brand?post=13366"},{"taxonomy":"product_cat","embeddable":true,"href":"https:\/\/comprarseguidores.io\/es\/wp-json\/wp\/v2\/product_cat?post=13366"},{"taxonomy":"product_tag","embeddable":true,"href":"https:\/\/comprarseguidores.io\/es\/wp-json\/wp\/v2\/product_tag?post=13366"}],"curies":[{"name":"wp","href":"https:\/\/api.w.org\/{rel}","templated":true}]}}