{"id":13454,"date":"2025-03-29T07:27:36","date_gmt":"2025-03-29T07:27:36","guid":{"rendered":"https:\/\/comprarseguidores.io\/product\/%f0%9f%87%a7%f0%9f%87%b7-comprar-opiniones-de-tiktok-2\/"},"modified":"2025-04-06T18:23:23","modified_gmt":"2025-04-06T18:23:23","slug":"%f0%9f%87%a7%f0%9f%87%b7-comprar-opiniones-de-tiktok-2","status":"publish","type":"product","link":"https:\/\/comprarseguidores.io\/es\/product\/%f0%9f%87%a7%f0%9f%87%b7-comprar-opiniones-de-tiktok-2\/","title":{"rendered":"\ud83c\udde7\ud83c\uddf7 Comprar opiniones de TikTok"},"content":{"rendered":"<h2 dir=\"auto\" data-pm-slice=\"1 1 []\">Comprar opiniones en TikTok<\/h2>\n<p dir=\"auto\">Los comentarios en TikTok son importantes, el servicio que proporciona likes desempe\u00f1a un papel crucial. La combinaci\u00f3n de estos dos servicios es esencial, ya que influir\u00e1 en el comportamiento de los usuarios. Pueden empezar a seguirte y a comentar tus v\u00eddeos para obtener m\u00e1s interacci\u00f3n. Los comentarios son una parte esencial de cualquier estrategia de marketing en redes sociales. Si consigues m\u00e1s participaci\u00f3n en tus publicaciones, ver\u00e1s un aumento del tr\u00e1fico, lo que te permitir\u00e1 llegar a un p\u00fablico m\u00e1s amplio y realizar m\u00e1s ventas. Estamos aqu\u00ed para asegurarnos de que podemos ofrecerte el mejor precio posible por servicios de alta calidad, para que puedas aprovechar al m\u00e1ximo la secci\u00f3n de comentarios. Tambi\u00e9n puedes <a href=\"https:\/\/comprarseguidores.io\/products\/comprar-curtidas-tiktok\/\" target=\"_blank\" rel=\"noopener noreferrer nofollow\">comprar likes de TikTok<\/a> y otros tipos de engagement a trav\u00e9s de nuestros servicios. Comprando dos o m\u00e1s de nuestros servicios, tus v\u00eddeos ser\u00e1n mucho m\u00e1s atractivos para personas reales, que se quedar\u00e1n e interactuar\u00e1n con tus v\u00eddeos.       <\/p>\n<p style=\"font-size: 16px; color: #333; margin-bottom: 20px;\"><strong>\ud83c\udde7\ud83c\uddf7 Comprar<\/strong> comentarios brasile\u00f1os aleatorios<br \/>Mejora el engagement de tus publicaciones en TikTok comprando comentarios brasile\u00f1os aleatorios. Nuestros paquetes de comentarios est\u00e1n formados por usuarios reales de Brasil, lo que garantiza interacciones aut\u00e9nticas que ayudan a aumentar la visibilidad y credibilidad de tu contenido. Los comentarios aleatorios son una forma eficaz de mostrar actividad en tus publicaciones, haci\u00e9ndolas m\u00e1s atractivas para nuevos espectadores. Cuantos m\u00e1s comentarios tenga una publicaci\u00f3n, m\u00e1s probable es que se perciba como relevante e interesante, atrayendo m\u00e1s visitas y seguidores. Nuestros servicios garantizan la entrega r\u00e1pida de comentarios aleatorios, ayudando a que tus publicaciones ganen tracci\u00f3n r\u00e1pidamente. Adem\u00e1s, los comentarios aleatorios pueden iniciar conversaciones y debates sobre tus publicaciones, aumentando a\u00fan m\u00e1s la participaci\u00f3n. Si est\u00e1s lanzando nuevos v\u00eddeos o campa\u00f1as y necesitas un impulso inicial, nuestros paquetes de comentarios aleatorios son la elecci\u00f3n perfecta. Invierte en comentarios aleatorios brasile\u00f1os y ver\u00e1s c\u00f3mo tu perfil de TikTok se vuelve m\u00e1s din\u00e1mico y atractivo, atrayendo la atenci\u00f3n de un p\u00fablico m\u00e1s amplio y diverso.       <\/p>\n<p style=\"font-size: 16px; color: #333; margin-bottom: 20px;\"><strong>\ud83c\udde7\ud83c\uddf7 <\/strong> Comprar comentarios brasile\u00f1os <strong>personalizados<\/strong><br \/>Para una participaci\u00f3n a\u00fan m\u00e1s significativa y espec\u00edfica, compra comentarios brasile\u00f1os personalizados. Nuestros paquetes de comentarios personalizados est\u00e1n hechos a medida para satisfacer tus necesidades espec\u00edficas, permiti\u00e9ndote dirigir la conversaci\u00f3n en torno a tu contenido de forma m\u00e1s eficaz. Los comentarios personalizados son escritos por usuarios reales de Brasil, lo que garantiza que las interacciones sean aut\u00e9nticas y relevantes para tu audiencia. Esto es especialmente \u00fatil para personas influyentes y marcas que quieren crear una narrativa espec\u00edfica en torno a sus publicaciones, destacando puntos importantes y fomentando debates constructivos. Cuando compras comentarios personalizados, puedes elegir el tipo de mensaje que quieres transmitir, ya sea elogiando tu contenido, haciendo preguntas o promocionando productos y servicios. Nuestro servicio garantiza la entrega r\u00e1pida de estos comentarios, ayudando a que tus publicaciones ganen protagonismo y relevancia r\u00e1pidamente. Invertir en comentarios brasile\u00f1os personalizados puede aumentar significativamente la calidad de la participaci\u00f3n en tu perfil, haciendo que tus publicaciones sean m\u00e1s atractivas e interactivas. Comprueba c\u00f3mo tu contenido puede ganar m\u00e1s profundidad y conexi\u00f3n con tu audiencia optando por nuestros paquetes de comentarios personalizados.       <\/p>\n<h2 dir=\"auto\">\u00bfPor qu\u00e9 deber\u00edas comprarnos rese\u00f1as de TikTok?<\/h2>\n<p>Los comentarios de TikTok que ofrecemos est\u00e1n incluidos en los paquetes de precios m\u00e1s bajos, lo que los convierte en la soluci\u00f3n m\u00e1s rentable para ti. Para obtener m\u00e1s informaci\u00f3n sobre lo que esto puede hacer por tu marca y tus servicios, sigue leyendo a continuaci\u00f3n.<br \/>Los comentarios pueden adquirirse y proporcionarse en forma de cuentas masculinas y femeninas. Dado que la cuenta se supervisa en busca de spam, es poco probable que cambie tu tasa de recepci\u00f3n. Sin embargo, hay varios impactos positivos en tus interacciones.   <\/p>\n<p>Puedes empezar tu campa\u00f1a compr\u00e1ndonos likes y comentarios en TikTok a los precios m\u00e1s asequibles. Puedes aumentar r\u00e1pidamente tu engagement comprando comentarios en TikTok, que te proporcionar\u00e1n un engagement similar al de los usuarios reales y activos en tu cuenta. <\/p>\n<p>Comprar opiniones de TikTok a precios bajos<\/p>\n<h2 dir=\"auto\">C\u00f3mo aumentar org\u00e1nicamente tus comentarios en TikTok<\/h2>\n<p dir=\"auto\">Los comentarios son uno de los m\u00e9todos m\u00e1s importantes para influir en las interacciones en TikTok. Intentar aumentarlos puede no aportar el n\u00famero o la calidad deseados de interacciones de forma natural. Los comentarios son muy importantes para los usuarios que quieren hacer popular su cuenta de TikTok para poder interactuar con otros usuarios. Para conseguir m\u00e1s comentarios en tus v\u00eddeos, c\u00f3mpralos en nuestra tienda: todo lo que tienes que hacer es dar a me gusta y compartir. Empezaremos a procesar tu pedido lo antes posible. \u00bfTienes m\u00e1s preguntas? Puedes <a href=\"https:\/\/comprarseguidores.io\/es\/ponte-en-contacto-con\/\">ponerte en contacto con nosotros<\/a> en cualquier momento por correo electr\u00f3nico. Si necesitas m\u00e1s TikToks, tambi\u00e9n podemos ayudarte con eso.       <\/p>\n<p dir=\"auto\">Pero tambi\u00e9n es posible conseguir algo de forma org\u00e1nica. Por eso hemos reunido algunos consejos que puedes incluir en tu proceso viral: <\/p>\n<ol>\n<li>Utiliza llamadas a la acci\u00f3n en tus pies de foto y descripciones, \u00a1y hazlo a menudo!<\/li>\n<li>Escucha activamente e intenta satisfacer los deseos y necesidades de tu p\u00fablico.<\/li>\n<li>Mira lo que est\u00e1 de moda e intenta que tu contenido sea similar.<\/li>\n<li>Entrevista a influencers de tu nicho, colabora con ellos e intentad hacer v\u00eddeos juntos.<\/li>\n<\/ol>\n<h2 dir=\"auto\">\u00bfEs posible aumentar todo el compromiso org\u00e1nico con nuestro servicio de comentarios de TikTok?<\/h2>\n<p dir=\"auto\">Nuestro servicio de comentarios en TikTok tiene como objetivo publicar nuestro contenido para que los lectores puedan verlo, tal y como t\u00fa est\u00e1s haciendo ahora. De ti depende que sigan siendo interactivos, poni\u00e9ndote en contacto o respondiendo a tus comentarios. Publicaremos el mejor contenido para ti en TikTok y nos aseguraremos de que siga siendo interactivo, para que puedas beneficiarte del compromiso que genera. Puedes comprarnos una serie de comentarios en TikTok para conseguir y mantener el primer puesto.   <\/p>\n<h3>FAQ &#8211; Opiniones de TikTok<\/h3>\n\n<div data-schema-only=\"false\" class=\"wp-block-aioseo-faq\"><h3 class=\"aioseo-faq-block-question\">1. <strong>O que s\u00e3o coment\u00e1rios do TikTok?<\/strong><\/h3><div class=\"aioseo-faq-block-answer\">\n<p>Los comentarios de TikTok son mensajes que dejan otros usuarios en tus v\u00eddeos, ayudando a aumentar el compromiso y la interacci\u00f3n con tu contenido. Pueden fomentar m\u00e1s visualizaciones y aumentar la popularidad de tus v\u00eddeos. <\/p>\n<\/div><\/div>\n\n<div data-schema-only=\"false\" class=\"wp-block-aioseo-faq\"><h3 class=\"aioseo-faq-block-question\">2. <strong>Quais s\u00e3o as varia\u00e7\u00f5es de coment\u00e1rios que voc\u00eas oferecem?<\/strong><\/h3><div class=\"aioseo-faq-block-answer\">\n<p>Ofrecemos dos variantes principales:<\/p>\n\n\n\n<ul class=\"wp-block-list\">\n<li>\ud83c\udde7\ud83c\uddf7 <strong>Comprar Comentarios brasile\u00f1os aleatorios:<\/strong> Comentarios generados autom\u00e1ticamente que parecen naturales, con frases e interacciones variadas.<\/li>\n\n\n\n<li>\ud83c\udde7\ud83c\uddf7 <strong>Comprar comentarios brasile\u00f1os personalizados:<\/strong> Comentarios que puedes personalizar seg\u00fan tus necesidades, permitiendo una interacci\u00f3n m\u00e1s espec\u00edfica y relevante.<\/li>\n<\/ul>\n<\/div><\/div>\n\n<div data-schema-only=\"false\" class=\"wp-block-aioseo-faq\"><h3 class=\"aioseo-faq-block-question\">3. <strong>Como funcionam os coment\u00e1rios brasileiros aleat\u00f3rios?<\/strong><\/h3><div class=\"aioseo-faq-block-answer\">\n<p>Cuando compras comentarios brasile\u00f1os aleatorios, nuestros sistemas a\u00f1aden autom\u00e1ticamente comentarios variados y naturales a tus v\u00eddeos. Estos comentarios est\u00e1n dise\u00f1ados para parecer aut\u00e9nticos y atraer a otros usuarios. <\/p>\n<\/div><\/div>\n\n<div data-schema-only=\"false\" class=\"wp-block-aioseo-faq\"><h3 class=\"aioseo-faq-block-question\">4. <strong>Como funcionam os coment\u00e1rios brasileiros personalizados<\/strong>?<\/h3><div class=\"aioseo-faq-block-answer\">\n<p>Para los comentarios personalizados, nos proporcionas los mensajes espec\u00edficos que quieres que se publiquen en tus v\u00eddeos. A continuaci\u00f3n, nuestro sistema a\u00f1ade estos comentarios seg\u00fan lo solicitado, garantizando que la interacci\u00f3n sea pertinente y acorde con tus necesidades. <\/p>\n<\/div><\/div>\n\n<div data-schema-only=\"false\" class=\"wp-block-aioseo-faq\"><h3 class=\"aioseo-faq-block-question\">5. <strong>\u00c9 seguro comprar coment\u00e1rios para o TikTok?<\/strong><\/h3><div class=\"aioseo-faq-block-answer\">\n<p>S\u00ed, comprar opiniones de TikTok en comprarseguidores.io es seguro. Utilizamos m\u00e9todos seguros compatibles con las directrices de TikTok para garantizar que tu cuenta permanezca segura y conforme a las normas. <\/p>\n<\/div><\/div>\n\n<div data-schema-only=\"false\" class=\"wp-block-aioseo-faq\"><h3 class=\"aioseo-faq-block-question\">6. <strong>Como posso garantir que os coment\u00e1rios pare\u00e7am naturais?<\/strong><\/h3><div class=\"aioseo-faq-block-answer\">\n<p>Para que los comentarios parezcan naturales, distribuimos los comentarios gradualmente y utilizamos frases variadas que simulan interacciones reales. Para los comentarios personalizados, recomendamos proporcionar mensajes que se ajusten al contenido del v\u00eddeo. <\/p>\n<\/div><\/div>\n\n<div data-schema-only=\"false\" class=\"wp-block-aioseo-faq\"><h3 class=\"aioseo-faq-block-question\">7. <strong>Posso cancelar meu pedido de coment\u00e1rios?<\/strong><\/h3><div class=\"aioseo-faq-block-answer\">\n<p>S\u00ed, puedes cancelar tu pedido en cualquier momento. S\u00f3lo tienes que ponerte en contacto con nuestro equipo de atenci\u00f3n al cliente en <a>contato@comprarseguidores.io,<\/a> y te ayudar\u00e1n en el proceso de cancelaci\u00f3n. <\/p>\n<\/div><\/div>\n\n<div data-schema-only=\"false\" class=\"wp-block-aioseo-faq\"><h3 class=\"aioseo-faq-block-question\">8. <strong>Quanto tempo leva para os coment\u00e1rios aparecerem nos meus v\u00eddeos?<\/strong><\/h3><div class=\"aioseo-faq-block-answer\">\n<p>Los comentarios empiezan a aparecer en tus v\u00eddeos casi inmediatamente despu\u00e9s de que se confirme el pedido, pero la entrega completa puede tardar unas horas para garantizar un aspecto natural.<\/p>\n<\/div><\/div>\n\n<div data-schema-only=\"false\" class=\"wp-block-aioseo-faq\"><h3 class=\"aioseo-faq-block-question\">9. <strong>Voc\u00eas oferecem suporte ao cliente?<\/strong><\/h3><div class=\"aioseo-faq-block-answer\">\n<p>S\u00ed, nuestro equipo de atenci\u00f3n al cliente est\u00e1 siempre disponible para ayudarte. Si tienes alguna pregunta o problema, ponte en contacto con nosotros en <a>contato@comprarseguidores.io<\/a>, y resolveremos tus dudas r\u00e1pidamente. <\/p>\n<\/div><\/div>\n\n<div data-schema-only=\"false\" class=\"wp-block-aioseo-faq\"><h3 class=\"aioseo-faq-block-question\">10. <strong>Voc\u00eas oferecem alguma garantia com seus servi\u00e7os?<\/strong><\/h3><div class=\"aioseo-faq-block-answer\">\n<p>S\u00ed, ofrecemos una garant\u00eda de satisfacci\u00f3n con todos nuestros servicios. Si no est\u00e1s satisfecho con los resultados, ponte en contacto con nosotros en <a>contato@comprarseguidores.io,<\/a> y resolveremos cualquier problema o te devolveremos el dinero si es necesario. <\/p>\n<\/div><\/div>\n\n<p><\/p>\n","protected":false},"excerpt":{"rendered":"<p>\u2665\ufe0f Aumenta la participaci\u00f3n en tu perfil<\/p>\n<p>\u2665\ufe0f El mejor potenciador de ranking para que tu v\u00eddeo sea viral<\/p>\n<p>\u2665\ufe0f Tu video parece super popular<\/p>\n<p>\u2665\ufe0f Comentarios personalizados en alem\u00e1n<\/p>\n<p>\u2665\ufe0f Entrega en 24 horas<\/p>\n","protected":false},"featured_media":176,"comment_status":"open","ping_status":"closed","template":"","meta":[],"product_brand":[],"product_cat":[128,119],"product_tag":[],"class_list":{"0":"post-13454","1":"product","2":"type-product","3":"status-publish","4":"has-post-thumbnail","6":"product_cat-comentarios","7":"product_cat-tiktok-es","9":"first","10":"instock","11":"shipping-taxable","12":"purchasable","13":"product-type-variable"},"aioseo_notices":[],"_links":{"self":[{"href":"https:\/\/comprarseguidores.io\/es\/wp-json\/wp\/v2\/product\/13454","targetHints":{"allow":["GET"]}}],"collection":[{"href":"https:\/\/comprarseguidores.io\/es\/wp-json\/wp\/v2\/product"}],"about":[{"href":"https:\/\/comprarseguidores.io\/es\/wp-json\/wp\/v2\/types\/product"}],"replies":[{"embeddable":true,"href":"https:\/\/comprarseguidores.io\/es\/wp-json\/wp\/v2\/comments?post=13454"}],"version-history":[{"count":1,"href":"https:\/\/comprarseguidores.io\/es\/wp-json\/wp\/v2\/product\/13454\/revisions"}],"predecessor-version":[{"id":13489,"href":"https:\/\/comprarseguidores.io\/es\/wp-json\/wp\/v2\/product\/13454\/revisions\/13489"}],"wp:featuredmedia":[{"embeddable":true,"href":"https:\/\/comprarseguidores.io\/es\/wp-json\/wp\/v2\/media\/176"}],"wp:attachment":[{"href":"https:\/\/comprarseguidores.io\/es\/wp-json\/wp\/v2\/media?parent=13454"}],"wp:term":[{"taxonomy":"product_brand","embeddable":true,"href":"https:\/\/comprarseguidores.io\/es\/wp-json\/wp\/v2\/product_brand?post=13454"},{"taxonomy":"product_cat","embeddable":true,"href":"https:\/\/comprarseguidores.io\/es\/wp-json\/wp\/v2\/product_cat?post=13454"},{"taxonomy":"product_tag","embeddable":true,"href":"https:\/\/comprarseguidores.io\/es\/wp-json\/wp\/v2\/product_tag?post=13454"}],"curies":[{"name":"wp","href":"https:\/\/api.w.org\/{rel}","templated":true}]}}