{"id":13577,"date":"2025-03-29T07:27:35","date_gmt":"2025-03-29T07:27:35","guid":{"rendered":"https:\/\/comprarseguidores.io\/product\/%f0%9f%87%a7%f0%9f%87%b7-comprar-compartir-tiktok-2\/"},"modified":"2025-04-06T18:23:23","modified_gmt":"2025-04-06T18:23:23","slug":"%f0%9f%87%a7%f0%9f%87%b7-comprar-compartir-tiktok-2","status":"publish","type":"product","link":"https:\/\/comprarseguidores.io\/es\/product\/%f0%9f%87%a7%f0%9f%87%b7-comprar-compartir-tiktok-2\/","title":{"rendered":"\ud83c\udde7\ud83c\uddf7 Comprar Compartir TikTok"},"content":{"rendered":"<h3>Comprar acciones en TikTok<\/h3>\n<p>Comprando acciones en TikTok, puedes asegurarte de que tu perfil se convierta en viral. Tambi\u00e9n es una forma estupenda de conseguir m\u00e1s participaci\u00f3n en tus v\u00eddeos. Ofrecemos compartir en TikTok para aquellos que buscan una forma r\u00e1pida y f\u00e1cil de conseguir m\u00e1s \"me gusta\" y visualizaciones para sus v\u00eddeos. \u00a1Nuestras participaciones provienen de usuarios 100% reales! Comprar seguidores en TikTok es bueno para ti porque:    <\/p>\n<ul>\n<li>Tu perfil ganar\u00e1 popularidad r\u00e1pidamente<\/li>\n<li>Estar\u00e1s mejor posicionado en la p\u00e1gina \"Para ti\".<\/li>\n<li>\u00a1Tendr\u00e1s m\u00e1s posibilidades de hacerte viral!<\/li>\n<li>Puedes ganar dinero con TikTok<\/li>\n<li>Es una forma barata y f\u00e1cil de aumentar tu audiencia y hacer nuevos amigos<\/li>\n<\/ul>\n<h3>Comprar Compartir en TikTok a precios asequibles<\/h3>\n<p>Muchos usuarios quieren aumentar su base de seguidores y hacerse populares r\u00e1pidamente. Para ello, una de las formas necesarias es comprar inmediatamente una cantidad de compartir por s\u00f3lo unos euros para conseguir m\u00e1s engagement. \u00a1Estas acciones baratas de TikTok son ideales para ello!  <\/p>\n<ul>\n<li>Una mezcla de compartidores reales y bots<\/li>\n<li>30 d\u00edas de garant\u00eda<\/li>\n<li>Entrega en una hora<\/li>\n<li>La opci\u00f3n m\u00e1s barata del mercado<\/li>\n<\/ul>\n<h3>Compra acciones reales para tu v\u00eddeo<\/h3>\n<p>Estas acciones proceden de perfiles 100% reales. Nunca te pillar\u00e1n compr\u00e1ndolas porque todos son perfiles reales. <\/p>\n<ul>\n<li>100% acci\u00f3n real<\/li>\n<li>60 d\u00edas de garant\u00eda<\/li>\n<li>Inicio y entrega r\u00e1pidos<\/li>\n<\/ul>\n<h3>\u00bfQu\u00e9 es una acci\u00f3n en TikTok?<\/h3>\n<p>TikTok es una forma estupenda de crear v\u00eddeos cortos y compartirlos con una base de usuarios de miles de millones. El contenido puede ser cualquier cosa, desde GIFs a breves clips de tu d\u00eda, pr\u00e1cticamente cualquier cosa que puedas imaginar. A la gente le encanta porque los v\u00eddeos s\u00f3lo duran unos segundos, lo que facilita que sirvan de plataforma para llamar r\u00e1pidamente la atenci\u00f3n. Si les gusta tu contenido, es l\u00f3gico que tambi\u00e9n reaccionen ante \u00e9l. Puede ser a trav\u00e9s de likes, comentarios o compartiendo la publicaci\u00f3n. Incluso podr\u00edan empezar a seguirte.     <\/p>\n<p>Compartir en TikTok es una de estas cuatro formas de participaci\u00f3n. Un estudio descubri\u00f3 que \"compartir\" es menos com\u00fan que \"me gusta\". Puede ocurrir que a alguien le guste tu publicaci\u00f3n, pero no la comparta en TikTok.  <\/p>\n<p>Pero los compartidos en TikTok desempe\u00f1an uno de los papeles m\u00e1s importantes en la construcci\u00f3n de tu base de seguidores en TikTok. A continuaci\u00f3n hemos enumerado muchas razones por las que deber\u00edas prestar atenci\u00f3n a compartir en TikTok. <\/p>\n<h3>\u00bfPor qu\u00e9 es importante compartir en TikTok?<\/h3>\n<p>Compartir en TikTok es una de las cuatro formas de interactuar con el contenido en la aplicaci\u00f3n. Si mucha gente comparte tu publicaci\u00f3n, significa que tu contenido es popular entre los visitantes de TikTok y que les gusta lo que creas. \u00a1Esto es un indicador de que tu presencia en TikTok est\u00e1 funcionando eficazmente!  <\/p>\n<p>El compromiso siempre ha sido uno de los factores m\u00e1s importantes de la calidad del contenido. Si tu audiencia no interact\u00faa con tu contenido, \u00e9ste no destacar\u00e1. <\/p>\n<h3>Bueno para conseguir m\u00e1s visitas<\/h3>\n<p>Las visualizaciones en TikTok est\u00e1n estrechamente relacionadas con las comparticiones. El n\u00famero de visualizaciones en TikTok es el n\u00famero de personas que han visto tu contenido. Sin embargo, no todo el mundo te sigue en TikTok, as\u00ed que si alguien comparte tu contenido, sus contactos tambi\u00e9n lo ver\u00e1n. Esto es beneficioso para ti, ya que tu trabajo recibe m\u00e1s atenci\u00f3n.   <\/p>\n<p>Las visualizaciones en TikTok muestran cu\u00e1ntas personas han visto un v\u00eddeo: \u00a1es genial ver lo grande que es nuestro alcance! Puedes comprar vistas en TikTok, pero debes saber que tu audiencia crecer\u00e1 a medida que consigas m\u00e1s compartidos en TikTok. Esto te proporciona una variedad de seguidores potenciales que est\u00e1n interesados en tus v\u00eddeos.  <\/p>\n<h3>Atrae m\u00e1s atenci\u00f3n<\/h3>\n<p>Cuando creas contenido en TikTok, se trata de presentarte. Intentas que lo vea el mayor n\u00famero de personas posible, por lo que es importante llegar a ellas r\u00e1pidamente. Hay muchos factores que influyen en qui\u00e9n ve tus v\u00eddeos. Por ejemplo, el tiempo que la gente pasa vi\u00e9ndolo es importante.   <\/p>\n<p>Cuantas m\u00e1s personas vean tu contenido, m\u00e1s atenci\u00f3n recibir\u00e1s. Puede llegar un momento en que ya no necesites ayuda externa para llegar a clientes potenciales. Si tu contenido no se comparte para aumentar el n\u00famero de visualizaciones y tu notoriedad, es posible que no puedas aumentar tu visibilidad sin la ayuda de personas influyentes o famosos.  <\/p>\n<h3>Promoci\u00f3n de la marca<\/h3>\n<p>Si quieres montar un negocio, tienes que dominar el marketing en las redes sociales. Las plataformas sociales como TikTok tienen mucho \u00e9xito y siempre aparecen en los titulares. Esto se debe a que tienen m\u00e1s de 1.000 millones de usuarios activos, lo que significa que cualquier profesional del marketing puede aprender mucho de estas grandes plataformas sociales. Si est\u00e1s interesado en hacer marketing en TikTok, debes tener en cuenta algunas cosas.   <\/p>\n<p>TikTok es una gran plataforma para llegar a un p\u00fablico amplio con contenido comercial. Recuerda que el contenido interesante es el que m\u00e1s se comparte, aunque los anuncios cl\u00e1sicos no merezcan tu tiempo? \u00a1A veces puedes introducir retos de marca en TikTok y compartirlos con tus amigos para que puedan cumplirlos! <\/p>\n<p>El marketing de contenidos es una parte importante de la construcci\u00f3n de la visibilidad de tu marca. Si puedes hacer que tu contenido sea visible para m\u00e1s personas, deber\u00eda difundir el mensaje de tu marca de forma eficaz. <\/p>\n<h3>Ganar m\u00e1s seguidores<\/h3>\n<p>No es f\u00e1cil conseguir m\u00e1s compartidos en TikTok, y puede llevar mucho tiempo. Pero la clave est\u00e1 en empezar con un gran compartir que haga que tu contenido sea visto tambi\u00e9n por sus contactos. Esto aumenta la probabilidad de que consigas m\u00e1s seguidores. Aunque los seguidores no parecen tan importantes como otros aspectos de TikTok, debes tenerlos en cuenta a la hora de planificar una campa\u00f1a de marketing.   <\/p>\n<p>Un error com\u00fan es creer que un seguidor es lo mismo que alguien a quien s\u00f3lo le gustan tus publicaciones. Utilizamos el t\u00e9rmino \"espectador\" para describir a alguien que ve tus v\u00eddeos sin seguirte. Mucha gente subestima su importancia, pero los seguidores se encargan de atraer la atenci\u00f3n de otros seguidores potenciales hacia ti.  <\/p>\n<h3>C\u00f3mo conseguir m\u00e1s compartidos en TikTok<\/h3>\n<p>Ahora deber\u00edas comprender la importancia de los shares de TikTok en la construcci\u00f3n de tu perfil. A la hora de crear contenido, los shares de TikTok deber\u00edan ser sin duda una de tus principales preocupaciones. Los shares de TikTok pueden ser muy molestos, y las razones son bastante obvias. En primer lugar, los compartidos son la interacci\u00f3n m\u00e1s inusual que puedes recibir de otros usuarios.   <\/p>\n<p>El contenido que conecta con los lectores siempre se compartir\u00e1 m\u00e1s, y esto ha demostrado ser un gran problema para las marcas. Esto es injusto, porque nadie quiere hablar del mensaje de una marca con la que no se siente identificado. Tu contenido debe conectar con tu audiencia para que la gente quiera compartirlo.  <\/p>\n<h3>Alcance ecol\u00f3gico<\/h3>\n<p>Hay muchos art\u00edculos que explican que las publicaciones no remuneradas u org\u00e1nicas son la mejor forma de conseguir que te compartan en TikTok. Puedes encontrar muchos de ellos buscando en Internet. En primer lugar, los m\u00e9todos org\u00e1nicos garantizan una estabilidad a largo plazo y un crecimiento constante, a diferencia del crecimiento a corto plazo. En el enfoque natural, todo gira en torno a ti, porque las personas a las que atraes lo hacen por s\u00ed mismas.   <\/p>\n<p>Sin embargo, una desventaja es que puede consumir mucho tiempo y, a veces, mermar mucho tus esfuerzos de creaci\u00f3n de contenidos. Si buscas un crecimiento r\u00e1pido y fama instant\u00e1nea, los m\u00e9todos org\u00e1nicos definitivamente no son para ti. Puede que tardes alg\u00fan tiempo en notar cambios, y puede que no se produzcan en el primer mes o incluso en el primer a\u00f1o de trabajo.  <\/p>\n<p>Aunque existen algunos m\u00e9todos org\u00e1nicos, siempre es mejor aplicarlos con una perspectiva a largo plazo.<\/p>\n<h3>\u00bfPor qu\u00e9 comprar Compartir en TikTok?<\/h3>\n<p>La conclusi\u00f3n general es que los shares en TikTok son m\u00e1s importantes de lo que la mayor\u00eda de la gente cree. Los vendedores de contenidos y los usuarios de la aplicaci\u00f3n deber\u00edan comprar \"Me gusta\" y \"Compartir\" en TikTok para ganar m\u00e1s visibilidad en la plataforma. He aqu\u00ed algunas de las principales razones por las que probablemente deber\u00edas considerar esta compra:  <\/p>\n<h3>El alcance org\u00e1nico lleva mucho tiempo<\/h3>\n<p>Los m\u00e9todos ecol\u00f3gicos pueden no ser tan eficaces al principio como los enfoques convencionales, pero con el tiempo comprender\u00e1s mejor sus efectos. Para ello, debes <\/p>\n<ul>\n<li>Muy motivado<\/li>\n<li>Extremadamente coherente<\/li>\n<li>Muy centrado<\/li>\n<li>Disponible en cualquier momento<\/li>\n<li>Creativo e ingenioso<\/li>\n<\/ul>\n<p>Es dif\u00edcil encontrar lo que buscamos, y parece que tenemos que esperar mucho tiempo. Teniendo en cuenta que llevamos seis meses esperando y a\u00fan no hemos obtenido respuesta, parece un final decepcionante. <\/p>\n<p>Puedes comprar acciones en TikTok en cualquier momento y ver\u00e1s que se entregan inmediatamente. Incluso puedes pasar de no tener acciones a tener miles de ellas en un abrir y cerrar de ojos. Si quieres resultados inmediatos, comprar acciones en esta plataforma es la opci\u00f3n adecuada para ti.  <\/p>\n<h3>Sinceramente, es un lujo<\/h3>\n<p>\u00bfQuieres demostrarle a tu amigo lo bueno que eres en TikTok? Lo tienes en tus manos. S\u00f3lo tienes que elegir el n\u00famero de acci\u00f3n y realizar el pago. \u00a1Tu pedido ser\u00e1 entregado inmediatamente! \u00a1Ens\u00e9\u00f1aselo a tus amigos y colegas!    <\/p>\n<h3>Crecimiento f\u00e1cil y r\u00e1pido<\/h3>\n<p>Cuando creas contenido, no debes esperar demasiado para ver resultados. Por eso animamos a todos los que quieran ampliar su red a que utilicen nuestro servicio. El marketing de contenidos es crucial, y la calidad de tus contenidos determinar\u00e1 la rentabilidad de tu negocio.  <\/p>\n<p>TikTok ofrece una forma sencilla de apostar por un mercado en r\u00e1pido crecimiento. Con un solo clic, puedes empezar a obtener los ingresos con los que llevas a\u00f1os so\u00f1ando. <\/p>\n<h3>FAQ &#8211; Compartir TikTok<\/h3>\n\n<div data-schema-only=\"false\" class=\"wp-block-aioseo-faq\"><h3 class=\"aioseo-faq-block-question\">1. <strong>O que s\u00e3o compartir do TikTok?<\/strong><\/h3><div class=\"aioseo-faq-block-answer\">\n<p>Los compartidos de TikTok se refieren al n\u00famero de veces que tu v\u00eddeo es compartido por otros usuarios. Tener muchos compartidos puede aumentar la visibilidad de tu contenido y atraer m\u00e1s visitas y seguidores. <\/p>\n<\/div><\/div>\n\n<div data-schema-only=\"false\" class=\"wp-block-aioseo-faq\"><h3 class=\"aioseo-faq-block-question\">2. <strong>Como funcionam os compartir do TikTok que voc\u00eas oferecem?<\/strong><\/h3><div class=\"aioseo-faq-block-answer\">\n<p>Cuando compras participaciones de TikTok en comprarseguidores.io, nuestros sistemas a\u00f1aden autom\u00e1ticamente participaciones a tu v\u00eddeo. Esto ayuda a aumentar la visibilidad y la popularidad percibida de tu contenido. <\/p>\n<\/div><\/div>\n\n<div data-schema-only=\"false\" class=\"wp-block-aioseo-faq\"><h3 class=\"aioseo-faq-block-question\">3. <strong>Os compartir s\u00e3o de usu\u00e1rios reais do TikTok?<\/strong><\/h3><div class=\"aioseo-faq-block-answer\">\n<p>S\u00ed, en comprarseguidores.io proporcionamos participaciones de usuarios reales de TikTok. Garantizamos que nuestros servicios cumplen las directrices de TikTok y proporcionan un compromiso genuino para ayudar a aumentar la credibilidad y el alcance de tu cuenta. <\/p>\n<\/div><\/div>\n\n<div data-schema-only=\"false\" class=\"wp-block-aioseo-faq\"><h3 class=\"aioseo-faq-block-question\">4. <strong>\u00c9 seguro comprar compartir do TikTok?<\/strong><\/h3><div class=\"aioseo-faq-block-answer\">\n<p>S\u00ed, comprar acciones de TikTok en comprarseguidores.io es seguro. Utilizamos m\u00e9todos seguros compatibles con las directrices de TikTok para garantizar que tu cuenta permanezca segura y conforme a las normas. <\/p>\n<\/div><\/div>\n\n<div data-schema-only=\"false\" class=\"wp-block-aioseo-faq\"><h3 class=\"aioseo-faq-block-question\">5. <strong>Quanto tempo leva para os compartir aparecerem nos meus v\u00eddeos?<\/strong><\/h3><div class=\"aioseo-faq-block-answer\">\n<p>Compartir empezar\u00e1 a aparecer en tus v\u00eddeos casi inmediatamente despu\u00e9s de la confirmaci\u00f3n del pedido, pero la entrega completa puede tardar unas horas para garantizar un aspecto natural.<\/p>\n<\/div><\/div>\n\n<div data-schema-only=\"false\" class=\"wp-block-aioseo-faq\"><h3 class=\"aioseo-faq-block-question\">6. <strong>Posso escolher quantos compartir quero por v\u00eddeo?<\/strong><\/h3><div class=\"aioseo-faq-block-answer\">\n<p>S\u00ed, puedes personalizar tu pedido en funci\u00f3n de tus necesidades. Ofrecemos varios paquetes, que te permiten elegir el n\u00famero de comparticiones que deseas para cada v\u00eddeo. Esta flexibilidad te ayuda a ajustar eficazmente tu estrategia de participaci\u00f3n.  <\/p>\n<\/div><\/div>\n\n<div data-schema-only=\"false\" class=\"wp-block-aioseo-faq\"><h3 class=\"aioseo-faq-block-question\">7. <strong>E se eu tiver problemas com meu pedido?<\/strong><\/h3><div class=\"aioseo-faq-block-answer\">\n<p>Si tienes alg\u00fan problema con tu pedido, nuestro equipo de atenci\u00f3n al cliente est\u00e1 aqu\u00ed para ayudarte. Puedes ponerte en contacto con nosotros por correo electr\u00f3nico<a>(contato@comprarseguidores.io)<\/a> o por chat en directo, y resolveremos tus dudas r\u00e1pidamente. Nos comprometemos a garantizar que tengas una experiencia positiva con nuestros servicios.  <\/p>\n<\/div><\/div>\n\n<div data-schema-only=\"false\" class=\"wp-block-aioseo-faq\"><h3 class=\"aioseo-faq-block-question\">8. <strong>Comprar compartir pode fazer com que minha conta seja banida?<\/strong><\/h3><div class=\"aioseo-faq-block-answer\">\n<p>No, comprar compartir no comprarseguidores.io no har\u00e1 que baneen tu cuenta. Utilizamos m\u00e9todos seguros y conformes para entregar el compromiso, garantizando que tu cuenta permanece en buen estado con TikTok. <\/p>\n<\/div><\/div>\n\n<div data-schema-only=\"false\" class=\"wp-block-aioseo-faq\"><h3 class=\"aioseo-faq-block-question\">9. <strong>Posso cancelar meu pedido de compartir?<\/strong><\/h3><div class=\"aioseo-faq-block-answer\">\n<p>S\u00ed, puedes cancelar tu pedido en cualquier momento. S\u00f3lo tienes que ponerte en contacto con nuestro equipo de atenci\u00f3n al cliente en <a>contato@comprarseguidores.io,<\/a> y te ayudar\u00e1n en el proceso de cancelaci\u00f3n. <\/p>\n<\/div><\/div>\n\n<div data-schema-only=\"false\" class=\"wp-block-aioseo-faq\"><h3 class=\"aioseo-faq-block-question\">10. <strong>Voc\u00eas oferecem alguma garantia com seus servi\u00e7os?<\/strong><\/h3><div class=\"aioseo-faq-block-answer\">\n<p>S\u00ed, ofrecemos una garant\u00eda de satisfacci\u00f3n con todos nuestros servicios. Si no est\u00e1s satisfecho con los resultados, ponte en contacto con nosotros en <a>contato@comprarseguidores.io,<\/a> y resolveremos cualquier problema o te devolveremos el dinero si es necesario. <\/p>\n<\/div><\/div>\n","protected":false},"excerpt":{"rendered":"<p>\u2665\ufe0f A\u00f1ade popularidad real <br \/>\u2665\ufe0f Mejora tu tasa de compromiso <br \/>\u2665\ufe0f Entrega r\u00e1pida <br \/>\u2665\ufe0f \u00a1Refuerzo de la clasificaci\u00f3n!<\/p>\n","protected":false},"featured_media":176,"comment_status":"open","ping_status":"closed","template":"","meta":[],"product_brand":[],"product_cat":[123,119],"product_tag":[],"class_list":{"0":"post-13577","1":"product","2":"type-product","3":"status-publish","4":"has-post-thumbnail","6":"product_cat-acciones","7":"product_cat-tiktok-es","9":"first","10":"instock","11":"shipping-taxable","12":"purchasable","13":"product-type-variable"},"aioseo_notices":[],"_links":{"self":[{"href":"https:\/\/comprarseguidores.io\/es\/wp-json\/wp\/v2\/product\/13577","targetHints":{"allow":["GET"]}}],"collection":[{"href":"https:\/\/comprarseguidores.io\/es\/wp-json\/wp\/v2\/product"}],"about":[{"href":"https:\/\/comprarseguidores.io\/es\/wp-json\/wp\/v2\/types\/product"}],"replies":[{"embeddable":true,"href":"https:\/\/comprarseguidores.io\/es\/wp-json\/wp\/v2\/comments?post=13577"}],"version-history":[{"count":1,"href":"https:\/\/comprarseguidores.io\/es\/wp-json\/wp\/v2\/product\/13577\/revisions"}],"predecessor-version":[{"id":13590,"href":"https:\/\/comprarseguidores.io\/es\/wp-json\/wp\/v2\/product\/13577\/revisions\/13590"}],"wp:featuredmedia":[{"embeddable":true,"href":"https:\/\/comprarseguidores.io\/es\/wp-json\/wp\/v2\/media\/176"}],"wp:attachment":[{"href":"https:\/\/comprarseguidores.io\/es\/wp-json\/wp\/v2\/media?parent=13577"}],"wp:term":[{"taxonomy":"product_brand","embeddable":true,"href":"https:\/\/comprarseguidores.io\/es\/wp-json\/wp\/v2\/product_brand?post=13577"},{"taxonomy":"product_cat","embeddable":true,"href":"https:\/\/comprarseguidores.io\/es\/wp-json\/wp\/v2\/product_cat?post=13577"},{"taxonomy":"product_tag","embeddable":true,"href":"https:\/\/comprarseguidores.io\/es\/wp-json\/wp\/v2\/product_tag?post=13577"}],"curies":[{"name":"wp","href":"https:\/\/api.w.org\/{rel}","templated":true}]}}