{"id":13771,"date":"2024-06-20T13:46:52","date_gmt":"2024-06-20T13:46:52","guid":{"rendered":"https:\/\/comprarseguidores.io\/product\/comprar-prueba-ios\/"},"modified":"2025-04-06T18:24:14","modified_gmt":"2025-04-06T18:24:14","slug":"comprar-prueba-ios","status":"publish","type":"product","link":"https:\/\/comprarseguidores.io\/es\/product\/comprar-prueba-ios\/","title":{"rendered":"Comprar prueba IOS"},"content":{"rendered":"\n<h2 class=\"wp-block-heading\">Comprar rese\u00f1as de aplicaciones m\u00f3viles<\/h2>\n\n<p>Comprar valoraciones para aplicaciones m\u00f3viles puede mejorar significativamente el rendimiento de tu aplicaci\u00f3n de varias maneras. En primer lugar, unas valoraciones m\u00e1s altas pueden aumentar la visibilidad de tu aplicaci\u00f3n en las tiendas de aplicaciones, ya que los algoritmos suelen favorecer a las aplicaciones con mejores valoraciones, haciendo que sean m\u00e1s f\u00e1ciles de encontrar para los usuarios potenciales. Esta mayor visibilidad puede generar m\u00e1s descargas y usuarios activos.  <\/p>\n\n<p>Adem\u00e1s, las apps con valoraciones m\u00e1s altas suelen percibirse como m\u00e1s fiables y eficaces, lo que puede reforzar la confianza de los usuarios y animarles a <a href=\"https:\/\/www.moburst.com\/blog\/increase-app-downloads\/\">descargar m\u00e1s<\/a>. Este aumento de la credibilidad tambi\u00e9n puede generar una mayor retenci\u00f3n, ya que los usuarios tienden a seguir utilizando una app en la que conf\u00edan. En general, comprar opiniones puede ser una medida estrat\u00e9gica para mejorar r\u00e1pidamente la reputaci\u00f3n y la base de usuarios de tu aplicaci\u00f3n.  <\/p>\n\n<h2 class=\"wp-block-heading\">Comprar EU iOS App Valoraci\u00f3n + Revisi\u00f3n<\/h2>\n\n<p>Mejora la presencia de tu aplicaci\u00f3n en el mercado europeo con nuestro servicio EU iOS App Rating + Review. Esta soluci\u00f3n espec\u00edfica aumenta la credibilidad y visibilidad de tu aplicaci\u00f3n en el App Store de la UE proporcionando valoraciones y rese\u00f1as aut\u00e9nticas de usuarios europeos. Aumenta la visibilidad y la confianza de tu aplicaci\u00f3n entre el p\u00fablico europeo y consigue m\u00e1s descargas e interacciones de los usuarios en la regi\u00f3n.  <\/p>\n\n<h2 class=\"wp-block-heading\">Comprar US iOS App Valoraci\u00f3n + Revisi\u00f3n<\/h2>\n\n<p>Refuerza la reputaci\u00f3n de tu aplicaci\u00f3n en Estados Unidos con nuestro servicio US iOS App Rating + Review. Dirigido espec\u00edficamente al mercado estadounidense, este servicio mejora las valoraciones y rese\u00f1as de tu aplicaci\u00f3n en el App Store de EE.UU., aumentando tu visibilidad y credibilidad entre los usuarios estadounidenses. Atrae a m\u00e1s clientes estadounidenses aumentando tus valoraciones e impulsando as\u00ed las descargas y la interacci\u00f3n en el mercado estadounidense.  <\/p>\n\n<p><strong>\u00a1Acelera el \u00e9xito de tu aplicaci\u00f3n con nuestro servicio de valoraciones y descargas de aplicaciones m\u00f3viles! Aumenta r\u00e1pidamente la visibilidad, atrae a m\u00e1s usuarios y acelera el crecimiento. <\/strong><\/p>\n\n<h2 class=\"wp-block-heading\">\u00bfCu\u00e1les son las ventajas de comprar rese\u00f1as de aplicaciones m\u00f3viles?<\/h2>\n\n<p>Los beneficios de comprar rese\u00f1as de aplicaciones m\u00f3viles son muchos y pueden mejorar significativamente la presencia de tu aplicaci\u00f3n en las tiendas digitales:<\/p>\n\n<ol class=\"wp-block-list\">\n<li><strong>Mejor clasificaci\u00f3n en los resultados de b\u00fasqueda<br\/><\/strong>Unas valoraciones m\u00e1s altas pueden situar tu aplicaci\u00f3n en los primeros puestos de los resultados de b\u00fasqueda, haci\u00e9ndola m\u00e1s visible para los usuarios potenciales.<br\/><\/li>\n\n\n\n<li><strong>M\u00e1s confianza y credibilidad<br\/><\/strong>Las aplicaciones con rese\u00f1as destacadas suelen percibirse como m\u00e1s fiables, lo que anima a m\u00e1s gente a descargarlas y utilizarlas.<br\/><\/li>\n\n\n\n<li><strong>Crecimiento acelerado de usuarios<br\/><\/strong>Una mayor visibilidad y credibilidad pueden conducir a una adquisici\u00f3n m\u00e1s r\u00e1pida de usuarios, superando los m\u00e9todos de crecimiento org\u00e1nico.<br\/><\/li>\n\n\n\n<li><strong>\u00c9xito autosostenido<br\/><\/strong>M\u00e1s descargas suelen generar m\u00e1s rese\u00f1as, lo que sigue fomentando el crecimiento y la visibilidad de tu aplicaci\u00f3n.<br\/><\/li>\n\n\n\n<li><strong>Ventaja competitiva<br\/><\/strong>En un mercado de aplicaciones altamente competitivo, unas rese\u00f1as superiores pueden ofrecer una ventaja decisiva e influir en las decisiones de los usuarios.<\/li>\n<\/ol>\n\n<p>Estas ventajas pueden llevar a tu aplicaci\u00f3n a un crecimiento m\u00e1s r\u00e1pido, m\u00e1s descargas y una posici\u00f3n reforzada en el mercado.<\/p>\n\n<h2 class=\"wp-block-heading\">\u00bfEs seguro comprar opiniones sobre aplicaciones m\u00f3viles?<\/h2>\n\n<p>Comprar rese\u00f1as de aplicaciones m\u00f3viles puede ser seguro, siempre que elijas sitios aut\u00e9nticos y fiables. Estas plataformas garantizan que el proceso cumple las directrices de las tiendas de aplicaciones y proporcionan rese\u00f1as reales y de alta calidad que no ponen en peligro la reputaci\u00f3n de tu aplicaci\u00f3n. Es esencial elegir servicios que ofrezcan m\u00e9todos transparentes y resultados verificables para proteger tu app de consecuencias negativas y preservar su integridad en los mercados digitales.  <\/p>\n\n<figure class=\"wp-block-image size-full\"><img decoding=\"async\" src=\"https:\/\/follower-kaufen.io\/wp-content\/uploads\/2024\/07\/Mobile-App-Bewertungen-kaufen.png\" alt=\"Mobile App Bewertungen kaufen\" class=\"wp-image-9702\"\/><figcaption class=\"wp-element-caption\">Comprar rese\u00f1as de aplicaciones m\u00f3viles<\/figcaption><\/figure>\n\n<h2 class=\"wp-block-heading\">\u00bfC\u00f3mo compro opiniones sobre aplicaciones m\u00f3viles?<\/h2>\n\n<p>Comprar rese\u00f1as de aplicaciones m\u00f3viles es un proceso sencillo dise\u00f1ado para ser eficiente. Para empezar, s\u00f3lo tienes que introducir la URL de tu aplicaci\u00f3n en el campo correspondiente del sitio web del proveedor. A continuaci\u00f3n, selecciona el n\u00famero de rese\u00f1as que deseas comprar, en funci\u00f3n de tus necesidades y objetivos espec\u00edficos.  <\/p>\n\n<p>En cuanto realizas el pedido, el servicio suele comenzar en unas horas y puedes ver los resultados casi de inmediato. Este m\u00e9todo r\u00e1pido y sencillo te permite mejorar la visibilidad y credibilidad de tu aplicaci\u00f3n en las tiendas de aplicaciones con el m\u00ednimo esfuerzo. <\/p>\n\n<ol class=\"wp-block-list\">\n<li>Introduce la URL de tu aplicaci\u00f3n en el campo correspondiente.<\/li>\n\n\n\n<li>Elige el n\u00famero de opiniones que quieres comprar.<\/li>\n\n\n\n<li>Finaliza tu transacci\u00f3n completando la compra.<\/li>\n\n\n\n<li>El servicio suele empezar en pocas horas.<\/li>\n\n\n\n<li>Observa el aumento de las opiniones casi de inmediato.<\/li>\n<\/ol>\n\n<h2 class=\"wp-block-heading\">\u00bfCu\u00e1nto cuesta comprar 1000 rese\u00f1as de aplicaciones m\u00f3viles?<\/h2>\n\n<p>El precio de adquirir 1.000 rese\u00f1as de aplicaciones m\u00f3viles suele rondar los 1.000 d\u00f3lares. Esta cifra refleja el importante impacto que una inversi\u00f3n de este tipo puede tener en el rendimiento de una app en el mercado. Al adquirir estas opiniones, puedes mejorar la visibilidad de tu aplicaci\u00f3n y la fiabilidad percibida en la tienda, lo que puede dar lugar a m\u00e1s descargas y a una mayor interacci\u00f3n de los usuarios.  <\/p>\n\n<p>El precio se fija teniendo en cuenta que unas valoraciones m\u00e1s altas pueden mejorar la posici\u00f3n de la app en los resultados de b\u00fasqueda de la tienda, haciendo m\u00e1s probable que los usuarios potenciales encuentren y descarguen tu app. Esta inversi\u00f3n estrat\u00e9gica puede ser esencial para las aplicaciones que compiten en mercados saturados, ya que ofrece un impulso significativo para acelerar el crecimiento y mejorar el \u00e9xito general de la aplicaci\u00f3n. <\/p>\n\n<h2 class=\"wp-block-heading\">\u00bfC\u00f3mo puedo conseguir m\u00e1s opiniones sobre aplicaciones m\u00f3viles?<\/h2>\n\n<p>Aumentar el n\u00famero de rese\u00f1as de forma org\u00e1nica implica varias estrategias que fomentan la satisfacci\u00f3n del usuario y los comentarios positivos. He aqu\u00ed algunas formas eficaces de conseguir m\u00e1s rese\u00f1as de aplicaciones m\u00f3viles: <\/p>\n\n<ol class=\"wp-block-list\">\n<li><strong>Ofrece contenidos y<\/strong>funciones <strong>de calidad<br\/><\/strong>Aseg\u00farate de que tu aplicaci\u00f3n ofrece un valor real con contenidos o funciones que satisfagan las necesidades y expectativas de los usuarios.<br\/><\/li>\n\n\n\n<li><strong>Optimiza la experiencia del usuario<br\/><\/strong>C\u00e9ntrate en una interfaz intuitiva y fluida. Corrige los errores r\u00e1pidamente y mant\u00e9n tu aplicaci\u00f3n actualizada para garantizar un buen rendimiento y seguridad. <br\/><\/li>\n\n\n\n<li>Pide rese\u00f1as <strong>dentro de la aplicaci\u00f3n<br\/><\/strong>Pide rese\u00f1as en los momentos adecuados, como despu\u00e9s de una acci\u00f3n positiva del usuario o tras un tiempo razonable de uso. Evita ser intrusivo y mant\u00e9n un enfoque sutil para no poner en peligro la experiencia. <br\/><\/li>\n\n\n\n<li><strong>Ofrece incentivos<br\/><\/strong>Aunque recompensar directamente por las opiniones puede infringir las directrices de la tienda, puedes incentivar el compromiso con recompensas por acciones dentro de la aplicaci\u00f3n o por la participaci\u00f3n en la comunidad.<br\/><\/li>\n\n\n\n<li><strong>Responde a las opiniones<br\/><\/strong>Demuestra que valoras las opiniones de los usuarios respondiendo a las evaluaciones y aplicando cambios cuando proceda. Esto aumenta la probabilidad de que las opiniones sean positivas. <br\/><\/li>\n\n\n\n<li><strong>Publicita bien tu aplicaci\u00f3n<br\/><\/strong>Utiliza las redes sociales, el marketing por correo electr\u00f3nico y otras estrategias digitales para llegar a m\u00e1s usuarios. Una mayor base de usuarios aumenta las posibilidades de recibir rese\u00f1as. <br\/><\/li>\n\n\n\n<li><strong>Utiliza<\/strong>probadores <strong>beta<br\/><\/strong>Antes de lanzar actualizaciones, utiliza probadores beta para obtener un feedback inicial. Esto ayuda a corregir problemas antes de que afecten a muchos usuarios, lo que contribuye a mejorar las evaluaciones. <br\/><\/li>\n\n\n\n<li><strong>Supervisa las valoraciones y rese\u00f1as<br\/><\/strong>Eval\u00faa regularmente lo que dicen los usuarios. Esto te ayuda a comprender las \u00e1reas de mejora y puede convertir las cr\u00edticas negativas en positivas. <\/li>\n<\/ol>\n\n<p>Aplicando estas estrategias, puedes mejorar la calidad y la percepci\u00f3n de tu aplicaci\u00f3n, animando a m\u00e1s usuarios a dejar rese\u00f1as positivas que reflejen su satisfacci\u00f3n.<\/p>\n\n<h2 class=\"wp-block-heading\">\u00bfPor qu\u00e9 comprarseguidores.io es el mejor sitio para comprar opiniones sobre aplicaciones m\u00f3viles?<\/h2>\n\n<p>comprarseguidores.io es conocido por su fiable servicio para aumentar las valoraciones de aplicaciones m\u00f3viles, que sigue sistem\u00e1ticamente las normas de las plataformas para garantizar que todas las interacciones sean aut\u00e9nticas y activas. Este servicio aumenta eficazmente la visibilidad y las valoraciones de tu aplicaci\u00f3n, y los resultados suelen ser visibles en pocas horas. <\/p>\n\n<p>Adem\u00e1s, comprarseguidores.io ofrece una atenci\u00f3n al cliente excepcional, paquetes variados que se adaptan a distintos presupuestos y transacciones seguras que protegen tus datos personales y financieros. En resumen, es una soluci\u00f3n fiable y eficaz que puede mejorar significativamente tu presencia en las tiendas de aplicaciones. <\/p>\n\n<h2 class=\"wp-block-heading\">comprarseguidores.io ofrece los siguientes paquetes de revisi\u00f3n de aplicaciones m\u00f3viles activas:<\/h2>\n\n<ul class=\"wp-block-list\">\n<li>5 me gusta en Instagram<\/li>\n\n\n\n<li>10 me gusta en Instagram<\/li>\n\n\n\n<li>50 me gusta en Instagram<\/li>\n\n\n\n<li>100 me gusta en Instagram<\/li>\n\n\n\n<li>1000 me gusta en Instagram<\/li>\n<\/ul>\n\n<h2 class=\"wp-block-heading\">PREGUNTAS FRECUENTES<\/h2>\n\n<div data-schema-only=\"false\" class=\"wp-block-aioseo-faq\"><h3 class=\"aioseo-faq-block-question\">Uma grande quantidade de avalia\u00e7\u00f5es pode levar a um aumento do engajamento org\u00e2nico?<\/h3><div class=\"aioseo-faq-block-answer\">\n<p>S\u00ed, un gran n\u00famero de valoraciones de aplicaciones m\u00f3viles puede impulsar el compromiso org\u00e1nico. Una mayor visibilidad debida a valoraciones m\u00e1s altas atrae a m\u00e1s usuarios, lo que conduce a m\u00e1s descargas e interacciones, ayudando a mantener y aumentar la popularidad de la aplicaci\u00f3n. <\/p>\n<\/div><\/div>\n\n<div data-schema-only=\"false\" class=\"wp-block-aioseo-faq\"><h3 class=\"aioseo-faq-block-question\">Quantas avalia\u00e7\u00f5es de aplicativos m\u00f3veis devo comprar?<\/h3><div class=\"aioseo-faq-block-answer\">\n<p>El n\u00famero de rese\u00f1as que debes comprar depende de tus objetivos. Para una visibilidad r\u00e1pida, puedes comprar m\u00e1s; para un crecimiento m\u00e1s cre\u00edble, una cantidad menor puede ser suficiente. Ajusta la cantidad en funci\u00f3n de la estrategia de crecimiento de tu app.  <\/p>\n<\/div><\/div>\n\n<div data-schema-only=\"false\" class=\"wp-block-aioseo-faq\"><h3 class=\"aioseo-faq-block-question\">A compra de avalia\u00e7\u00f5es \u00e9 uma pr\u00e1tica comum?<\/h3><div class=\"aioseo-faq-block-answer\">\n<p>S\u00ed, comprar rese\u00f1as de aplicaciones m\u00f3viles es una pr\u00e1ctica habitual entre algunos desarrolladores y vendedores. A menudo se hace para aumentar r\u00e1pidamente la popularidad y credibilidad percibidas de las aplicaciones, mejorar la visibilidad en las tiendas de aplicaciones y atraer m\u00e1s descargas org\u00e1nicas. <\/p>\n<\/div><\/div>\n\n<div data-schema-only=\"false\" class=\"wp-block-aioseo-faq\"><h3 class=\"aioseo-faq-block-question\">Posso ser banido por comprar avalia\u00e7\u00f5es de aplicativos m\u00f3veis?<\/h3><div class=\"aioseo-faq-block-answer\">\n<p>Adquirir opiniones de fuentes aut\u00e9nticas y fiables no suele conllevar una prohibici\u00f3n, ya que estos proveedores garantizan el cumplimiento de las directrices de las tiendas de aplicaciones y proporcionan opiniones reales y activas.<\/p>\n<\/div><\/div>\n\n<div data-schema-only=\"false\" class=\"wp-block-aioseo-faq\"><h3 class=\"aioseo-faq-block-question\">Quais vantagens posso esperar ao comprar avalia\u00e7\u00f5es de aplicativos m\u00f3veis?<\/h3><div class=\"aioseo-faq-block-answer\">\n<p>Comprar rese\u00f1as puede aumentar significativamente la visibilidad y credibilidad de tu aplicaci\u00f3n en las tiendas, mejorar su clasificaci\u00f3n en las b\u00fasquedas y aumentar la confianza de los usuarios. Esto conlleva m\u00e1s descargas, una ventaja competitiva, un crecimiento acelerado y una mayor presencia en el mercado. <\/p>\n<\/div><\/div>\n\n<div data-schema-only=\"false\" class=\"wp-block-aioseo-faq\"><h3 class=\"aioseo-faq-block-question\">Essas avalia\u00e7\u00f5es de aplicativos m\u00f3veis s\u00e3o reais?<\/h3><div class=\"aioseo-faq-block-answer\">\n<p>S\u00ed, son opiniones reales de usuarios activos.<\/p>\n<\/div><\/div>\n\n<div data-schema-only=\"false\" class=\"wp-block-aioseo-faq\"><h3 class=\"aioseo-faq-block-question\">Quanto tempo leva para ver os resultados?<\/h3><div class=\"aioseo-faq-block-answer\">\n<p>Ver\u00e1s los resultados casi inmediatamente despu\u00e9s de que se haya procesado tu pedido, normalmente en unas pocas horas.<\/p>\n<\/div><\/div>\n\n<div data-schema-only=\"false\" class=\"wp-block-aioseo-faq\"><h3 class=\"aioseo-faq-block-question\">Por que comprar avalia\u00e7\u00f5es de aplicativos m\u00f3veis?<\/h3><div class=\"aioseo-faq-block-answer\">\n<p>Comprar opiniones puede aumentar la visibilidad y credibilidad de tu aplicaci\u00f3n en las tiendas de aplicaciones, creando un perfil m\u00e1s atractivo para los usuarios potenciales. Este atractivo puede dar lugar a m\u00e1s descargas, ya que los usuarios suelen utilizar las opiniones como referencia de la calidad y fiabilidad de una aplicaci\u00f3n. <\/p>\n<\/div><\/div>\n\n<div data-schema-only=\"false\" class=\"wp-block-aioseo-faq\"><h3 class=\"aioseo-faq-block-question\">O que fazer se meu pedido n\u00e3o for entregue?<\/h3><div class=\"aioseo-faq-block-answer\">\n<p>Si tu pedido no se entrega, comprueba los datos de confirmaci\u00f3n y de pago para asegurarte de que todo es correcto. A continuaci\u00f3n, ponte en contacto con el servicio de atenci\u00f3n al cliente con la informaci\u00f3n del pedido para resolver el problema. Deber\u00edan poder ayudarte y ofrecerte una soluci\u00f3n.  <\/p>\n<\/div><\/div>\n\n<div data-schema-only=\"false\" class=\"wp-block-aioseo-faq\"><h3 class=\"aioseo-faq-block-question\">Quais m\u00e9todos de pagamento voc\u00eas oferecem?<\/h3><div class=\"aioseo-faq-block-answer\">\n<p>Ofrecemos diversos m\u00e9todos de pago, como tarjetas de cr\u00e9dito, PayPal y, en algunos casos, criptomonedas. Esta variedad te permite elegir la opci\u00f3n m\u00e1s conveniente para tus transacciones. <\/p>\n<\/div><\/div>\n","protected":false},"excerpt":{"rendered":"<div class=\"flex flex-grow flex-col max-w-full\">\n<div class=\"min-h-[20px] text-message flex flex-col items-start whitespace-pre-wrap break-words [.text-message+&amp;]:mt-5 juice:w-full juice:items-end overflow-x-auto gap-2\" dir=\"auto\" data-message-author-role=\"assistant\" data-message-id=\"84a3da68-b944-4e0e-9b51-d8c89d2fafd3\">\n<div class=\"flex w-full flex-col gap-1 juice:empty:hidden juice:first:pt-[3px]\">\n<div class=\"markdown prose w-full break-words dark:prose-invert light\">\u00a1Empieza a mejorar el rendimiento de tu aplicaci\u00f3n hoy mismo!<\/div>\n<div> <\/div>\n<div class=\"markdown prose w-full break-words dark:prose-invert light\">\u2b50\ufe0f Rese\u00f1as reales de aplicaciones <br \/>\u2705 Opiniones aut\u00e9nticas <br \/>\ud83c\udfc1 Entrega r\u00e1pida <br \/>\ud83d\ude80 Impulso leg\u00edtimo <br \/>\u2b07\ufe0f Aumenta las descargas<\/div>\n<div> <\/div>\n<div class=\"markdown prose w-full break-words dark:prose-invert light\">Aumenta f\u00e1cilmente la visibilidad y credibilidad de tu aplicaci\u00f3n con nuestro servicio de valoraciones y rese\u00f1as para aplicaciones m\u00f3viles.<\/div>\n<\/div>\n<\/div>\n<\/div>\n","protected":false},"featured_media":9611,"comment_status":"closed","ping_status":"closed","template":"","meta":[],"product_brand":[],"product_cat":[106],"product_tag":[],"class_list":{"0":"post-13771","1":"product","2":"type-product","3":"status-publish","4":"has-post-thumbnail","6":"product_cat-sin-categoria","8":"first","9":"instock","10":"shipping-taxable","11":"purchasable","12":"product-type-variable"},"aioseo_notices":[],"_links":{"self":[{"href":"https:\/\/comprarseguidores.io\/es\/wp-json\/wp\/v2\/product\/13771","targetHints":{"allow":["GET"]}}],"collection":[{"href":"https:\/\/comprarseguidores.io\/es\/wp-json\/wp\/v2\/product"}],"about":[{"href":"https:\/\/comprarseguidores.io\/es\/wp-json\/wp\/v2\/types\/product"}],"replies":[{"embeddable":true,"href":"https:\/\/comprarseguidores.io\/es\/wp-json\/wp\/v2\/comments?post=13771"}],"version-history":[{"count":1,"href":"https:\/\/comprarseguidores.io\/es\/wp-json\/wp\/v2\/product\/13771\/revisions"}],"predecessor-version":[{"id":13792,"href":"https:\/\/comprarseguidores.io\/es\/wp-json\/wp\/v2\/product\/13771\/revisions\/13792"}],"wp:featuredmedia":[{"embeddable":true,"href":"https:\/\/comprarseguidores.io\/es\/wp-json\/wp\/v2\/media\/9611"}],"wp:attachment":[{"href":"https:\/\/comprarseguidores.io\/es\/wp-json\/wp\/v2\/media?parent=13771"}],"wp:term":[{"taxonomy":"product_brand","embeddable":true,"href":"https:\/\/comprarseguidores.io\/es\/wp-json\/wp\/v2\/product_brand?post=13771"},{"taxonomy":"product_cat","embeddable":true,"href":"https:\/\/comprarseguidores.io\/es\/wp-json\/wp\/v2\/product_cat?post=13771"},{"taxonomy":"product_tag","embeddable":true,"href":"https:\/\/comprarseguidores.io\/es\/wp-json\/wp\/v2\/product_tag?post=13771"}],"curies":[{"name":"wp","href":"https:\/\/api.w.org\/{rel}","templated":true}]}}