{"id":13811,"date":"2024-06-22T10:30:18","date_gmt":"2024-06-22T10:30:18","guid":{"rendered":"https:\/\/comprarseguidores.io\/product\/comprar-comentarios-de-telegram\/"},"modified":"2025-04-06T18:24:14","modified_gmt":"2025-04-06T18:24:14","slug":"comprar-comentarios-de-telegram","status":"publish","type":"product","link":"https:\/\/comprarseguidores.io\/es\/product\/comprar-comentarios-de-telegram\/","title":{"rendered":"Comprar comentarios de Telegram"},"content":{"rendered":"\n<h2 class=\"wp-block-heading\">Comprar comentarios en Telegram<\/h2>\n\n<p>Comprar comentarios en Telegram puede mejorar significativamente el engagement y la percepci\u00f3n de tu <a href=\"https:\/\/medium.com\/@memaxa4888\/different-between-telegram-group-vs-telegram-channel-5140336e5145#:~:text=The%20group%20fosters%20community%20interaction,platform%20for%20broadcasting%20important%20updates.\">canal o grupo<\/a>. En primer lugar, aumenta el nivel de actividad de tus publicaciones, haci\u00e9ndolas parecer m\u00e1s animadas y atractivas, lo que puede atraer m\u00e1s visitas org\u00e1nicas y participantes. Los comentarios tambi\u00e9n transmiten una sensaci\u00f3n de credibilidad y validaci\u00f3n, ya que las discusiones activas suelen considerarse un signo de contenido valioso.  <\/p>\n\n<p>Adem\u00e1s, aumentar el n\u00famero de comentarios puede mejorar la visibilidad de tus publicaciones dentro de Telegram a trav\u00e9s de un mayor compromiso algor\u00edtmico, haciendo que tu contenido llegue a un p\u00fablico m\u00e1s amplio. Esta estrategia no s\u00f3lo ayuda a mantener la vitalidad de tu comunidad, sino tambi\u00e9n a atraer a nuevos miembros que se sienten atra\u00eddos por los debates activos y populares. <\/p>\n\n<h2 class=\"wp-block-heading\">Comprar comentarios aleatorios en ingl\u00e9s<\/h2>\n\n<p>Mejora tu canal o grupo de Telegram con nuestro servicio \"Comprar comentarios aleatorios en ingl\u00e9s\". Este producto proporciona una variedad de comentarios espont\u00e1neos en ingl\u00e9s, que a\u00f1aden autenticidad y dinamismo a tus publicaciones. Al a\u00f1adir comentarios diversos y atractivos, puedes aumentar la interacci\u00f3n y hacer que tu contenido parezca m\u00e1s popular y digno de confianza para los nuevos espectadores. Ideal para canales que quieren promover un ambiente comunitario vibrante, este servicio ayuda a iniciar debates y atraer la participaci\u00f3n org\u00e1nica de un p\u00fablico m\u00e1s amplio.   <\/p>\n\n<p><strong>Un equilibrio de reacciones, miembros del grupo, comentarios, visualizaciones, comparticiones autom\u00e1ticas e impulsos SEO en Telegram puede mejorar tus estad\u00edsticas y aumentar tu visibilidad en la plataforma.<\/strong><\/p>\n\n<h2 class=\"wp-block-heading\">\u00bfCu\u00e1les son las ventajas de comprar comentarios en Telegram?<\/h2>\n\n<p>Comprar comentarios en Telegram puede mejorar significativamente tu canal o grupo de varias maneras:<\/p>\n\n<ul class=\"wp-block-list\">\n<li><strong>Aumenta el compromiso<\/strong>: Al a\u00f1adir comentarios a tus publicaciones, puedes fomentar un mayor debate, haciendo que tu contenido parezca m\u00e1s activo y atractivo. Esto puede generar m\u00e1s interacciones org\u00e1nicas de usuarios reales. <\/li>\n\n\n\n<li><strong>Mejora la visibilidad:<\/strong> Las publicaciones con muchos comentarios son favorecidas por los algoritmos de Telegram, lo que puede aumentar tu visibilidad en la plataforma.<\/li>\n\n\n\n<li><strong>Genera credibilidad:<\/strong> El contenido con discusiones animadas parece m\u00e1s cre\u00edble e interesante, lo que atrae m\u00e1s la atenci\u00f3n de posibles nuevos seguidores.<\/li>\n\n\n\n<li><strong>Impulsa el crecimiento org\u00e1nico<\/strong>: Un alto nivel de compromiso puede motivar a nuevos usuarios a unirse a tu canal, con la esperanza de encontrar contenidos igual de atractivos en el futuro.<\/li>\n\n\n\n<li><strong>Dirige las conversaciones:<\/strong> Puedes influir en la direcci\u00f3n de las conversaciones eligiendo tipos espec\u00edficos de comentarios que comprar, alineando los di\u00e1logos con tus objetivos estrat\u00e9gicos.<\/li>\n<\/ul>\n\n<h2 class=\"wp-block-heading\">\u00bfEs seguro comprar comentarios en Telegram?<\/h2>\n\n<p>Comprar comentarios en Telegram puede ser seguro si te aseguras de que est\u00e1s comprando en sitios aut\u00e9nticos y fiables. Estas fuentes leg\u00edtimas siguen <a href=\"https:\/\/telegram.org\/tos\">las directrices de Telegram<\/a> y proporcionan comentarios reales y de alta calidad que aumentan el engagement sin comprometer la seguridad de tu cuenta. Es importante evitar proveedores que utilicen bots o cuentas falsas, ya que esto puede violar las condiciones de uso de Telegram y da\u00f1ar la credibilidad de tu canal.  <\/p>\n\n<p>Lleva a cabo siempre una investigaci\u00f3n exhaustiva y elige proveedores que sean transparentes sobre sus servicios y tengan cr\u00edticas positivas de otros usuarios. Este enfoque ayuda a aumentar de forma segura tu engagement y a mantener la integridad de tu presencia en Telegram. <\/p>\n\n<figure class=\"wp-block-image\"><img decoding=\"async\" src=\"https:\/\/follower-kaufen.io\/wp-content\/uploads\/2024\/07\/Comprar-comentarios-Telegram.png\" alt=\"Telegram Kommentare kaufen\" class=\"wp-image-9790\"\/><figcaption class=\"wp-element-caption\">Comprar comentarios en Telegram<\/figcaption><\/figure>\n","protected":false},"excerpt":{"rendered":"<p>\u2713 Consigue comentarios en<strong>Telegram<\/strong> \ud83d\udcac<br \/>\n \u2713 En ning\u00fan sitio son m\u00e1s baratos<br \/>\n\u2713 \u00a1Vienen de perfiles reales y no parecen falsos!<br \/>\n\u2713 R\u00e1pido y f\u00e1cil<br \/>\n\u2713 100% libre de riesgos \ud83c\udfc1<br \/>\n Entrega en 24 horas<\/p>\n<p><strong>\ud83c\udf1f Hazte popular en Telegram<\/strong><\/p>\n","protected":false},"featured_media":9655,"comment_status":"closed","ping_status":"closed","template":"","meta":[],"product_brand":[],"product_cat":[106],"product_tag":[],"class_list":{"0":"post-13811","1":"product","2":"type-product","3":"status-publish","4":"has-post-thumbnail","6":"product_cat-sin-categoria","8":"first","9":"instock","10":"shipping-taxable","11":"purchasable","12":"product-type-variable"},"aioseo_notices":[],"_links":{"self":[{"href":"https:\/\/comprarseguidores.io\/es\/wp-json\/wp\/v2\/product\/13811","targetHints":{"allow":["GET"]}}],"collection":[{"href":"https:\/\/comprarseguidores.io\/es\/wp-json\/wp\/v2\/product"}],"about":[{"href":"https:\/\/comprarseguidores.io\/es\/wp-json\/wp\/v2\/types\/product"}],"replies":[{"embeddable":true,"href":"https:\/\/comprarseguidores.io\/es\/wp-json\/wp\/v2\/comments?post=13811"}],"version-history":[{"count":1,"href":"https:\/\/comprarseguidores.io\/es\/wp-json\/wp\/v2\/product\/13811\/revisions"}],"predecessor-version":[{"id":13825,"href":"https:\/\/comprarseguidores.io\/es\/wp-json\/wp\/v2\/product\/13811\/revisions\/13825"}],"wp:featuredmedia":[{"embeddable":true,"href":"https:\/\/comprarseguidores.io\/es\/wp-json\/wp\/v2\/media\/9655"}],"wp:attachment":[{"href":"https:\/\/comprarseguidores.io\/es\/wp-json\/wp\/v2\/media?parent=13811"}],"wp:term":[{"taxonomy":"product_brand","embeddable":true,"href":"https:\/\/comprarseguidores.io\/es\/wp-json\/wp\/v2\/product_brand?post=13811"},{"taxonomy":"product_cat","embeddable":true,"href":"https:\/\/comprarseguidores.io\/es\/wp-json\/wp\/v2\/product_cat?post=13811"},{"taxonomy":"product_tag","embeddable":true,"href":"https:\/\/comprarseguidores.io\/es\/wp-json\/wp\/v2\/product_tag?post=13811"}],"curies":[{"name":"wp","href":"https:\/\/api.w.org\/{rel}","templated":true}]}}