{"id":13817,"date":"2024-06-20T11:10:56","date_gmt":"2024-06-20T11:10:56","guid":{"rendered":"https:\/\/comprarseguidores.io\/product\/comprar-seguidores-de-onlyfans\/"},"modified":"2025-04-06T18:24:15","modified_gmt":"2025-04-06T18:24:15","slug":"comprar-seguidores-de-onlyfans","status":"publish","type":"product","link":"https:\/\/comprarseguidores.io\/es\/product\/comprar-seguidores-de-onlyfans\/","title":{"rendered":"Comprar seguidores de OnlyFans"},"content":{"rendered":"\n<h2 class=\"wp-block-heading\">Comprar seguidores de OnlyFans<\/h2>\n\n<p>Comprar seguidores en OnlyFans puede ofrecer varias ventajas a los creadores de contenidos que buscan mejorar su presencia en la plataforma. En primer lugar, puede aumentar r\u00e1pidamente la popularidad percibida de tu perfil, lo que puede atraer a m\u00e1s suscriptores aut\u00e9nticos, ya que los seguidores potenciales suelen juzgar el valor de un creador por el n\u00famero de seguidores. Este aumento del n\u00famero de seguidores tambi\u00e9n puede mejorar la credibilidad, haciendo que el perfil parezca m\u00e1s establecido y exitoso, lo que puede ser especialmente persuasivo para los usuarios a la hora de decidir suscribirse.  <\/p>\n\n<p>Adem\u00e1s, un mayor n\u00famero de seguidores puede mejorar las tasas de compromiso, ya que m\u00e1s seguidores conducen a m\u00e1s interacciones y a una mayor actividad en las publicaciones. Este aumento del compromiso, a su vez, puede aumentar la visibilidad del contenido dentro de OnlyFans, lo que se traduce en un crecimiento org\u00e1nico y, potencialmente, en m\u00e1s oportunidades de ingresos, ya que una mayor audiencia aumenta la probabilidad de conversiones de visitas gratuitas a suscriptores de pago. <\/p>\n\n<h2 class=\"wp-block-heading\">Comprar seguidores reales en OnlyFans<\/h2>\n\n<p>Impulsa tu perfil de OnlyFans con nuestro paquete OnlyFans Seguidores Reales. Este servicio aumenta el n\u00famero de seguidores, mejorando la visibilidad de tu perfil y haci\u00e9ndolo m\u00e1s atractivo para nuevos suscriptores potenciales. Un mayor n\u00famero de seguidores no s\u00f3lo aumenta tu credibilidad, sino que tambi\u00e9n estimula las interacciones org\u00e1nicas, ayud\u00e1ndote a ampliar tu audiencia de forma m\u00e1s eficaz.  <\/p>\n\n<h2 class=\"wp-block-heading\">Comprar Likes reales en OnlyFans<\/h2>\n\n<p>Aumenta la participaci\u00f3n en tu contenido de OnlyFans con nuestro servicio de Me gusta reales en OnlyFans. Al aumentar el n\u00famero de Me gusta en tus publicaciones, tu contenido parece m\u00e1s popular y atractivo para los espectadores. Esto puede ayudar a atraer m\u00e1s suscriptores y mejorar el rendimiento general de tus publicaciones, aumentando la probabilidad de que tu contenido sea recomendado a otros usuarios.  <\/p>\n\n<h2 class=\"wp-block-heading\">Comprar Rese\u00f1as Personalizadas Reales en OnlyFans<\/h2>\n\n<p>Personaliza tu participaci\u00f3n con nuestro paquete Comentarios personalizados reales en OnlyFans. Los comentarios personalizados en tus publicaciones pueden estimular las conversaciones y mejorar la interacci\u00f3n, haciendo que tu perfil sea m\u00e1s activo y atractivo. Este servicio te permite cultivar un animado ambiente de comunidad, que resulta atractivo tanto para los seguidores actuales como para los suscriptores potenciales.  <\/p>\n\n<p>Mejora tu juego en las redes sociales con nuestros completos servicios de seguidores para Instagram, Snapchat, X y TikTok. Aumenta tu participaci\u00f3n y ampl\u00eda tu audiencia con nuestras eficaces soluciones: \u00a1empieza a extender tu alcance hoy mismo! <\/p>\n\n<h2 class=\"wp-block-heading\">\u00bfCu\u00e1les son las ventajas de comprar seguidores en OnlyFans?<\/h2>\n\n<p>Comprar seguidores en OnlyFans puede ofrecer varias ventajas a los creadores de contenidos:<\/p>\n\n<ol class=\"wp-block-list\">\n<li><strong>Mayor visibilidad del perfil <br\/><\/strong>Un mayor n\u00famero de seguidores aumenta la popularidad percibida de tu perfil, haci\u00e9ndolo m\u00e1s atractivo para nuevos suscriptores y aumentando la visibilidad de tu perfil.<br\/><\/li>\n\n\n\n<li><strong>Mayor credibilidad <br\/><\/strong>Tener m\u00e1s seguidores otorga credibilidad a tu perfil, convenciendo a los suscriptores potenciales de que eres un creador de \u00e9xito al que merece la pena seguir.<br\/><\/li>\n\n\n\n<li><strong>Aumento de la interacci\u00f3n <br\/><\/strong>Un mayor n\u00famero de seguidores suele traducirse en mayores tasas de interacci\u00f3n en tus publicaciones, lo que puede ampliar el alcance de tu contenido en OnlyFans y conducir a un mayor crecimiento org\u00e1nico.<br\/><\/li>\n\n\n\n<li><strong>M\u00e1s suscriptores e ingresos <br\/><\/strong>Con mayor visibilidad y credibilidad, est\u00e1s en mejor posici\u00f3n para convertir a los espectadores en suscriptores de pago, aumentando as\u00ed tus ingresos.<br\/><\/li>\n\n\n\n<li><strong>Crecimiento acelerado <br\/><\/strong>Comprar seguidores puede ampliar r\u00e1pidamente tu audiencia, y es \u00fatil para los nuevos creadores o para los que quieren aumentar r\u00e1pidamente su base de seguidores.<\/li>\n<\/ol>\n\n<p>Estas ventajas pueden ayudarte a ampliar r\u00e1pidamente tu influencia y tu <a href=\"https:\/\/supercreator.app\/academy\/guides\/how-much-do-onlyfans-creators-make\/#:~:text=Over%202.1%20million%20creators%20on,earn%2033%25%20of%20total%20revenue.\">potencial de ganancias en OnlyFans<\/a>, convirti\u00e9ndolo en una estrategia eficaz de crecimiento.<\/p>\n\n<h2 class=\"wp-block-heading\">\u00bfEs seguro comprar seguidores en OnlyFans?<\/h2>\n\n<p>Comprar seguidores en OnlyFans puede ser seguro si eliges un sitio aut\u00e9ntico y con buena reputaci\u00f3n. Estos sitios garantizan que el proceso cumple las directrices de OnlyFans y evitan cualquier actividad que pueda poner en peligro tu cuenta. Es crucial seleccionar proveedores que utilicen m\u00e9todos leg\u00edtimos para conseguir seguidores reales, preservando la integridad de tu perfil de OnlyFans y reduciendo el riesgo de sanciones o bloqueos. Investiga y verifica siempre la credibilidad del proveedor de servicios antes de realizar una compra para garantizar la seguridad de tu cuenta.   <\/p>\n\n<figure class=\"wp-block-image size-full\"><img fetchpriority=\"high\" decoding=\"async\" width=\"800\" height=\"600\" src=\"https:\/\/comprarseguidores.io\/wp-content\/uploads\/2024\/06\/Comprar-seguidores-OnlyFans.png\" alt=\"Comprar seguidores de OnlyFans\" class=\"wp-image-9572\" srcset=\"https:\/\/comprarseguidores.io\/wp-content\/uploads\/2024\/06\/Comprar-seguidores-OnlyFans.png 800w, https:\/\/comprarseguidores.io\/wp-content\/uploads\/2024\/06\/Comprar-seguidores-OnlyFans-300x225.png 300w, https:\/\/comprarseguidores.io\/wp-content\/uploads\/2024\/06\/Comprar-seguidores-OnlyFans-768x576.png 768w, https:\/\/comprarseguidores.io\/wp-content\/uploads\/2024\/06\/Comprar-seguidores-OnlyFans-441x331.png 441w, https:\/\/comprarseguidores.io\/wp-content\/uploads\/2024\/06\/Comprar-seguidores-OnlyFans-150x113.png 150w\" sizes=\"(max-width: 800px) 100vw, 800px\" \/><\/figure>\n\n<h2 class=\"wp-block-heading\">\u00bfC\u00f3mo comprar seguidores en OnlyFans?<\/h2>\n\n<p>Comprar seguidores en OnlyFans es un proceso r\u00e1pido y sencillo. S\u00f3lo tienes que introducir la URL de tu perfil de OnlyFans en el campo especificado en el sitio web del proveedor del servicio, seleccionar el n\u00famero de seguidores que deseas a\u00f1adir y finalizar el pedido. Normalmente, el proceso se inicia a las pocas horas de la compra, lo que te permite ver los resultados casi de inmediato.  <\/p>\n\n<p>Este m\u00e9todo sin complicaciones ha sido desarrollado para aumentar r\u00e1pidamente el n\u00famero de seguidores, mejorando la visibilidad de tu perfil y haci\u00e9ndolo m\u00e1s atractivo para nuevos suscriptores, sin procedimientos complejos.<\/p>\n\n<ol class=\"wp-block-list\">\n<li>Introduce la URL de tu perfil OnlyFans en el campo designado.<\/li>\n\n\n\n<li>Elige el n\u00famero de seguidores que quieres comprar.<\/li>\n\n\n\n<li>Finaliza y env\u00eda tu pedido.<\/li>\n\n\n\n<li>El servicio suele activarse en pocas horas.<\/li>\n\n\n\n<li>Observa un aumento en el n\u00famero de seguidores casi instant\u00e1neamente.<\/li>\n<\/ol>\n\n<h2 class=\"wp-block-heading\">\u00bfCu\u00e1nto cuestan 1000 seguidores OnlyFans?<\/h2>\n\n<p>El coste de comprar 1000 seguidores en OnlyFans puede variar mucho en funci\u00f3n del proveedor y de la calidad de los seguidores ofrecidos. En general, los precios pueden oscilar entre 10 y varios cientos de d\u00f3lares. Es importante tener en cuenta que las opciones m\u00e1s baratas pueden implicar seguidores de menor calidad, lo que podr\u00eda da\u00f1ar la credibilidad de tu cuenta o infringir las condiciones de servicio de OnlyFans.  <\/p>\n\n<p>Por otro lado, las opciones m\u00e1s caras suelen prometer seguidores de mayor calidad, m\u00e1s activos y comprometidos con tu contenido, lo que puede aportar un mayor valor. Aseg\u00farate siempre de investigar y elegir proveedores de confianza para evitar estafas y garantizar el cumplimiento de las pol\u00edticas de OnlyFans. <\/p>\n\n<h2 class=\"wp-block-heading\">\u00bfC\u00f3mo puedo conseguir m\u00e1s seguidores de OnlyFans?<\/h2>\n\n<p>Para conseguir m\u00e1s seguidores en OnlyFans, tienes que combinar una promoci\u00f3n eficaz, contenidos atractivos y una red estrat\u00e9gica. Aqu\u00ed tienes algunos consejos pr\u00e1cticos para aumentar el n\u00famero de seguidores: <\/p>\n\n<ol class=\"wp-block-list\">\n<li><strong>Crea contenido de alta calidad<\/strong><br\/> Publica regularmente contenido atractivo y de alta calidad que resuene con tu p\u00fablico objetivo. V\u00eddeos, im\u00e1genes e interacciones personales que se ajusten a tu nicho pueden ayudarte a retener suscriptores y atraer a otros nuevos. <br\/><\/li>\n\n\n\n<li><strong>Promoci\u00f3n en redes sociales<\/strong><br\/> Utiliza otras plataformas de redes sociales como Twitter, Instagram y TikTok para promocionar tu p\u00e1gina OnlyFans. Las actualizaciones peri\u00f3dicas, los teasers y los avances de contenido exclusivo pueden atraer a tus seguidores de las redes sociales a tu p\u00e1gina OnlyFans. <br\/><\/li>\n\n\n\n<li><strong>Interact\u00faa con tus fans<\/strong><br\/> La interacci\u00f3n es clave. Responde a los mensajes, comentarios y peticiones siempre que sea posible para construir una comunidad leal. Es m\u00e1s probable que los seguidores comprometidos promocionen tu contenido a trav\u00e9s del boca a boca.  <br\/><\/li>\n\n\n\n<li><strong>Ofrece promociones y descuentos<\/strong><br\/> Las ofertas o descuentos por tiempo limitado para nuevos suscriptores pueden atraer a la gente a unirse a tu sitio. Considera la posibilidad de realizar promociones durante d\u00edas festivos o eventos especiales. <br\/><\/li>\n\n\n\n<li><strong>Colabora con otros creadores<\/strong><br\/> La colaboraci\u00f3n con otros creadores de OnlyFans para la promoci\u00f3n o el contenido conjunto puede ayudarte a llegar a audiencias de nichos similares.<br\/><\/li>\n\n\n\n<li><strong>Utiliza las funciones de OnlyFans<\/strong><br\/> Aprovecha al m\u00e1ximo las funciones de OnlyFans, como los mensajes de pago, los consejos y las publicaciones exclusivas. Estas funciones pueden mejorar la experiencia del suscriptor y fomentar m\u00e1s inscripciones. <br\/><\/li>\n\n\n\n<li><strong>Optimizaci\u00f3n SEO de tu perfil<\/strong><br\/> Utiliza palabras clave relevantes en tu perfil y biograf\u00eda de OnlyFans para facilitar que los suscriptores potenciales te encuentren a trav\u00e9s de los motores de b\u00fasqueda o de la funci\u00f3n de b\u00fasqueda de la plataforma.<br\/><\/li>\n\n\n\n<li><strong>Variedad de contenidos<\/strong> <br\/>Diversifica tus contenidos para atraer diferentes intereses dentro de tu nicho, lo que puede atraer a un mayor n\u00famero de seguidores.<\/li>\n<\/ol>\n\n<p>Poner en pr\u00e1ctica estas estrategias te ayudar\u00e1 a aumentar org\u00e1nicamente el n\u00famero de seguidores en OnlyFans, mejorando tu visibilidad y potencial de ganancias en la plataforma.<\/p>\n\n<h2 class=\"wp-block-heading\">\u00bfPor qu\u00e9 comprarseguidores.io es el mejor sitio para comprar seguidores en OnlyFans?<\/h2>\n\n<p>comprarseguidores.io destaca como la mejor opci\u00f3n para adquirir seguidores en OnlyFans debido a su compromiso con la calidad y la fiabilidad. El servicio cumple estrictamente las directrices de OnlyFans, proporcionando s\u00f3lo seguidores reales y activos para proteger tu cuenta de cualquier consecuencia negativa. Mejora eficazmente la visibilidad de tu perfil y el n\u00famero de seguidores, mostrando a menudo resultados r\u00e1pidamente, a veces en cuesti\u00f3n de horas.  <\/p>\n\n<p>Adem\u00e1s, comprarseguidores.io ofrece un excepcional servicio de atenci\u00f3n al cliente para resolver r\u00e1pidamente cualquier problema o responder a tus preguntas, y cuenta con una variedad de paquetes personalizados dise\u00f1ados para adaptarse a diferentes necesidades y presupuestos. La plataforma tambi\u00e9n da prioridad a las transacciones seguras, protegiendo exhaustivamente tu informaci\u00f3n personal y financiera. En general, comprarseguidores.io ofrece un servicio fiable y eficaz que mejora significativamente tu presencia en OnlyFans.  <\/p>\n\n<h2 class=\"wp-block-heading\">comprarseguidores.io ofrece los siguientes paquetes de seguidores activos en OnlyFans:<\/h2>\n\n<ul class=\"wp-block-list\">\n<li>20 Seguidores en OnlyFans<\/li>\n\n\n\n<li>50 seguidores en OnlyFans<\/li>\n\n\n\n<li>100 seguidores en OnlyFans<\/li>\n\n\n\n<li>500 seguidores en OnlyFans<\/li>\n<\/ul>\n\n<h1 class=\"wp-block-heading\">PREGUNTAS FRECUENTES<\/h1>\n\n<div data-schema-only=\"false\" class=\"wp-block-aioseo-faq\"><h3 class=\"aioseo-faq-block-question\">Quais benef\u00edcios posso esperar ao comprar seguidores no OnlyFans?<\/h3><div class=\"aioseo-faq-block-answer\">\n<p>Comprar seguidores en OnlyFans puede aumentar r\u00e1pidamente la visibilidad y credibilidad de tu perfil, atraer nuevos suscriptores y aumentar las interacciones en tus publicaciones. Este aumento del n\u00famero de seguidores puede acelerar el crecimiento de tu audiencia y aumentar potencialmente los ingresos al convertir m\u00e1s visitantes en suscriptores de pago. <\/p>\n<\/div><\/div>\n\n<div data-schema-only=\"false\" class=\"wp-block-aioseo-faq\"><h3 class=\"aioseo-faq-block-question\">Esses s\u00e3o seguidores reais do OnlyFans?<\/h3><div class=\"aioseo-faq-block-answer\">\n<p>S\u00ed, se trata de seguidores reales de OnlyFans de usuarios activos.<\/p>\n<\/div><\/div>\n\n<div data-schema-only=\"false\" class=\"wp-block-aioseo-faq\"><h3 class=\"aioseo-faq-block-question\">\u00c9 poss\u00edvel ser banido por comprar seguidores no OnlyFans?<\/h3><div class=\"aioseo-faq-block-answer\">\n<p>Comprar seguidores en OnlyFans a fuentes fiables que siguen las directrices de OnlyFans es generalmente seguro. Estos proveedores ofrecen un compromiso aut\u00e9ntico que cumple las pol\u00edticas de la plataforma, reduciendo la probabilidad de sanciones de la cuenta y preservando la integridad de tu perfil de OnlyFans. <\/p>\n<\/div><\/div>\n\n<div data-schema-only=\"false\" class=\"wp-block-aioseo-faq\"><h3 class=\"aioseo-faq-block-question\">Quanto tempo at\u00e9 ver resultados?<\/h3><div class=\"aioseo-faq-block-answer\">\n<p>Ver\u00e1s los resultados casi inmediatamente despu\u00e9s de que se haya procesado tu pedido, normalmente en unas pocas horas.<\/p>\n<\/div><\/div>\n\n<div data-schema-only=\"false\" class=\"wp-block-aioseo-faq\"><h3 class=\"aioseo-faq-block-question\">Por que devo comprar seguidores no OnlyFans?<\/h3><div class=\"aioseo-faq-block-answer\">\n<p>Comprar seguidores para tu perfil de OnlyFans puede aumentar tu exposici\u00f3n y credibilidad, creando una percepci\u00f3n de popularidad que atrae a seguidores aut\u00e9nticos y aumenta la interacci\u00f3n. Este mayor compromiso puede conducir a un crecimiento org\u00e1nico, ayudando a ampliar tu audiencia de forma natural. <\/p>\n<\/div><\/div>\n\n<div data-schema-only=\"false\" class=\"wp-block-aioseo-faq\"><h3 class=\"aioseo-faq-block-question\">Um alto n\u00famero de seguidores pode aumentar o engajamento org\u00e2nico?<\/h3><div class=\"aioseo-faq-block-answer\">\n<p>S\u00ed, en OnlyFans, un elevado n\u00famero de seguidores puede impulsar el compromiso org\u00e1nico. M\u00e1s seguidores mejoran la visibilidad y la credibilidad, lo que atrae m\u00e1s interacciones activas y suscripciones, aumentando el compromiso de la comunidad en tu perfil. <\/p>\n<\/div><\/div>\n\n<div data-schema-only=\"false\" class=\"wp-block-aioseo-faq\"><h3 class=\"aioseo-faq-block-question\">Quantos seguidores no OnlyFans devo comprar?<\/h3><div class=\"aioseo-faq-block-answer\">\n<p>El n\u00famero de seguidores en OnlyFans que debes comprar depende de tus objetivos. Para una visibilidad r\u00e1pida, considera comprar m\u00e1s; para un crecimiento constante, un n\u00famero menor puede ser suficiente. Ajusta la cantidad en funci\u00f3n de tu estrategia de crecimiento.  <\/p>\n<\/div><\/div>\n\n<div data-schema-only=\"false\" class=\"wp-block-aioseo-faq\"><h3 class=\"aioseo-faq-block-question\">Comprar seguidores \u00e9 uma pr\u00e1tica frequente?<\/h3><div class=\"aioseo-faq-block-answer\">\n<p>S\u00ed, comprar seguidores en OnlyFans es una pr\u00e1ctica adoptada por algunos creadores para aumentar r\u00e1pidamente su popularidad y credibilidad percibida. Este m\u00e9todo se utiliza a menudo para atraer a suscriptores reales, creando la impresi\u00f3n de un perfil exitoso y seguido. <\/p>\n<\/div><\/div>\n\n<div data-schema-only=\"false\" class=\"wp-block-aioseo-faq\"><h3 class=\"aioseo-faq-block-question\">O que fazer se meu pedido n\u00e3o for entregue?<\/h3><div class=\"aioseo-faq-block-answer\">\n<p>Si tu pedido no se entrega, comprueba la confirmaci\u00f3n del pedido y los detalles del pago para asegurarte de que todo es correcto. A continuaci\u00f3n, ponte en contacto con el servicio de atenci\u00f3n al cliente con la informaci\u00f3n de tu pedido para resolver el problema. Deber\u00edan poder ayudarte y ofrecerte una soluci\u00f3n.  <\/p>\n<\/div><\/div>\n\n<div data-schema-only=\"false\" class=\"wp-block-aioseo-faq\"><h3 class=\"aioseo-faq-block-question\">Quais m\u00e9todos de pagamento voc\u00eas oferecem?<\/h3><div class=\"aioseo-faq-block-answer\">\n<p>Ofrecemos diversos m\u00e9todos de pago, como tarjetas de cr\u00e9dito, PayPal y, en algunos casos, criptomonedas. Esta diversidad te permite elegir la opci\u00f3n m\u00e1s conveniente para tus transacciones. <\/p>\n<\/div><\/div>\n","protected":false},"excerpt":{"rendered":"<p>\u2713 100% aut\u00e9nticos seguidores de OnlyFans <br \/>\u2713 No parecen &#8216;falsos&#8217; <br \/>\u2713 \u00a11 a\u00f1o de garant\u00eda! <br \/>\u2713 Entrega r\u00e1pida<\/p>\n<p><strong>\ud83d\ude80 \u00a1Un impulso real!<\/strong><\/p>\n<p><strong>\ud83c\udf31 Crecimiento org\u00e1nico<\/strong><\/p>\n<p>*Puedes elegir comentarios personalizados<\/p>\n","protected":false},"featured_media":9569,"comment_status":"closed","ping_status":"closed","template":"","meta":[],"product_brand":[],"product_cat":[132],"product_tag":[],"class_list":{"0":"post-13817","1":"product","2":"type-product","3":"status-publish","4":"has-post-thumbnail","6":"product_cat-onlyfans-es","8":"first","9":"outofstock","10":"shipping-taxable","11":"purchasable","12":"product-type-variable"},"aioseo_notices":[],"_links":{"self":[{"href":"https:\/\/comprarseguidores.io\/es\/wp-json\/wp\/v2\/product\/13817","targetHints":{"allow":["GET"]}}],"collection":[{"href":"https:\/\/comprarseguidores.io\/es\/wp-json\/wp\/v2\/product"}],"about":[{"href":"https:\/\/comprarseguidores.io\/es\/wp-json\/wp\/v2\/types\/product"}],"replies":[{"embeddable":true,"href":"https:\/\/comprarseguidores.io\/es\/wp-json\/wp\/v2\/comments?post=13817"}],"version-history":[{"count":1,"href":"https:\/\/comprarseguidores.io\/es\/wp-json\/wp\/v2\/product\/13817\/revisions"}],"predecessor-version":[{"id":13835,"href":"https:\/\/comprarseguidores.io\/es\/wp-json\/wp\/v2\/product\/13817\/revisions\/13835"}],"wp:featuredmedia":[{"embeddable":true,"href":"https:\/\/comprarseguidores.io\/es\/wp-json\/wp\/v2\/media\/9569"}],"wp:attachment":[{"href":"https:\/\/comprarseguidores.io\/es\/wp-json\/wp\/v2\/media?parent=13817"}],"wp:term":[{"taxonomy":"product_brand","embeddable":true,"href":"https:\/\/comprarseguidores.io\/es\/wp-json\/wp\/v2\/product_brand?post=13817"},{"taxonomy":"product_cat","embeddable":true,"href":"https:\/\/comprarseguidores.io\/es\/wp-json\/wp\/v2\/product_cat?post=13817"},{"taxonomy":"product_tag","embeddable":true,"href":"https:\/\/comprarseguidores.io\/es\/wp-json\/wp\/v2\/product_tag?post=13817"}],"curies":[{"name":"wp","href":"https:\/\/api.w.org\/{rel}","templated":true}]}}