{"id":13836,"date":"2024-06-20T10:54:39","date_gmt":"2024-06-20T10:54:39","guid":{"rendered":"https:\/\/comprarseguidores.io\/product\/comprar-snapchat-spotlight-explorar\/"},"modified":"2025-04-06T18:24:15","modified_gmt":"2025-04-06T18:24:15","slug":"comprar-snapchat-spotlight-explorar","status":"publish","type":"product","link":"https:\/\/comprarseguidores.io\/es\/product\/comprar-snapchat-spotlight-explorar\/","title":{"rendered":"Comprar Snapchat Spotlight Explorar"},"content":{"rendered":"\n<h2 class=\"wp-block-heading\">Comprar Snapchat Spotlight Explorar \ud83d\udcb8<\/h2>\n\n<p>Comprar visualizaciones en Snapchat Spotlight ofrece varias ventajas para tu contenido. En primer lugar, aumenta significativamente la visibilidad de tus publicaciones y te ayuda a llegar r\u00e1pidamente a un p\u00fablico m\u00e1s amplio. Esta mayor exposici\u00f3n es esencial para destacar en un entorno digital competitivo. Adem\u00e1s, tu contenido se hace m\u00e1s popular y atractivo con m\u00e1s visualizaciones, lo que puede atraer a\u00fan m\u00e1s visualizaciones e interacciones org\u00e1nicas de usuarios que se sienten atra\u00eddos por el contenido prometedor.   <\/p>\n\n<p>Este ciclo de visibilidad e implicaci\u00f3n puede conducir a un r\u00e1pido crecimiento de la audiencia y a m\u00e1s oportunidades de monetizaci\u00f3n, ya que una audiencia mayor y m\u00e1s activa puede hacer que tu perfil sea m\u00e1s atractivo para posibles anunciantes y socios.<\/p>\n\n<h2 class=\"wp-block-heading\">Comprar Snapchat Spotlight Explora Europa<\/h2>\n\n<p>Aumenta tu presencia en Snapchat en toda Europa con nuestro paquete Snapchat Spotlight Explore Europe. Este servicio aumenta la visibilidad de tu contenido en todo el continente europeo, atrayendo a un p\u00fablico diverso de varios pa\u00edses. Es ideal para usuarios que quieren ampliar su alcance, llegar a un grupo demogr\u00e1fico m\u00e1s amplio y aumentar su influencia en diversos mercados europeos. El paquete garantiza que tu contenido gane tracci\u00f3n r\u00e1pidamente, aumentando la popularidad de tu perfil y las oportunidades de colaboraci\u00f3n y monetizaci\u00f3n.   <\/p>\n\n<p><strong>Si mantienes un buen equilibrio entre Snaps, visualizaciones de Historias, seguidores, amigos y Spotlight Explore, podr\u00e1s mejorar tus estad\u00edsticas en Snapchat y aumentar tu visibilidad en la plataforma.<\/strong><\/p>\n\n<h2 class=\"wp-block-heading\">\u00bfCu\u00e1les son las ventajas de comprar Snapchat Spotlight Explore?<\/h2>\n\n<p>Comprar Snapchat Spotlight Explore ofrece varias ventajas:<\/p>\n\n<ol class=\"wp-block-list\">\n<li><strong>Mayor visibilidad<br\/><\/strong>Esta funci\u00f3n aumenta significativamente la visibilidad de tu contenido en Snapchat y te ayuda a atraer r\u00e1pidamente a un p\u00fablico m\u00e1s amplio.<\/li>\n\n\n\n<li><strong>Segmentaci\u00f3n precisa de la audiencia<br\/><\/strong>Spotlight Explore te permite centrarte en \u00e1reas geogr\u00e1ficas o grupos objetivo espec\u00edficos, aumentando la relevancia del contenido para los espectadores a los que va dirigido.<\/li>\n\n\n\n<li><strong>Mayor interacci\u00f3n de los usuarios<br\/><\/strong>Con una mayor visibilidad, tambi\u00e9n aumentan los me gusta, los comentarios y los compartidos, lo que eleva los niveles de compromiso org\u00e1nico de tu contenido.<\/li>\n\n\n\n<li><strong>Ampliar tu audiencia<br\/><\/strong>Cuantas m\u00e1s personas vean tu contenido, m\u00e1s probabilidades tendr\u00e1s de ganar nuevos seguidores y ampliar tu presencia en Snapchat.<\/li>\n\n\n\n<li><strong>Oportunidades<\/strong>de monetizaci\u00f3n <strong><br\/> Una audiencia mayor y m\u00e1s comprometida puede dar lugar a oportunidades de monetizaci\u00f3n, ya sea a trav\u00e9s de funciones de ingresos directos en Snapchat o de colaboraciones con marcas externas.<\/strong><\/li>\n\n\n\n<li><strong>Imagen mejorada<br\/><\/strong>Aparecer en Spotlight puede aumentar la credibilidad de tu perfil, ya que los usuarios tienden a ver el contenido destacado como de alta calidad y respaldado por la plataforma.<\/li>\n<\/ol>\n\n<p>Estas ventajas ayudan a reforzar tu influencia online en Snapchat y apoyan tanto las estrategias de visibilidad a corto plazo como el crecimiento sostenible a largo plazo.<\/p>\n\n<h2 class=\"wp-block-heading\">\u00bfEs seguro comprar Snapchat Spotlight Explore?<\/h2>\n\n<p>Comprar Snapchat Spotlight Explore puede ser seguro si lo haces en sitios aut\u00e9nticos y fiables. Estos sitios siguen unas directrices y ofrecen servicios que no ponen en peligro tu cuenta de Snapchat. Es importante asegurarse de que el proveedor es de confianza y transparente sobre sus pr\u00e1cticas para evitar posibles riesgos relacionados con la violaci\u00f3n de <a href=\"https:\/\/snap.com\/en-US\/terms\">las Condiciones de uso de Snapchat<\/a>.  <\/p>\n\n<figure class=\"wp-block-image\"><img decoding=\"async\" src=\"https:\/\/follower-kaufen.io\/wp-content\/uploads\/2024\/07\/Comprar-Snapchat-Spotlight-Explore.png\" alt=\"Snapchat Spotlight Explore kaufen &#x1F4B8;\" class=\"wp-image-9655\"\/><figcaption class=\"wp-element-caption\">Comprar Snapchat Spotlight Explorar \ud83d\udcb8<\/figcaption><\/figure>\n\n<h2 class=\"wp-block-heading\">C\u00f3mo comprar Snapchat Spotlight Explore:<\/h2>\n\n<p>Comprar Snapchat Spotlight Explore es un proceso sencillo. S\u00f3lo tienes que introducir la URL de tu contenido de Snapchat en el campo indicado en el sitio web del proveedor de servicios, seleccionar el n\u00famero de visualizaciones deseado y completar la compra. <\/p>\n\n<p>El servicio suele ponerse en marcha en pocas horas, lo que te permite ver los efectos casi de inmediato. Este m\u00e9todo r\u00e1pido y sencillo est\u00e1 dise\u00f1ado para aumentar la visibilidad y el compromiso de tu contenido en Snapchat sin grandes esfuerzos. <\/p>\n\n<ul class=\"wp-block-list\">\n<li>Introduce la URL de tu contenido de Snapchat en el campo correspondiente.<\/li>\n\n\n\n<li>Elige la cantidad de visibilidad que deseas para tu contenido.<\/li>\n\n\n\n<li>Completa tu compra.<\/li>\n\n\n\n<li>El servicio comenzar\u00e1 dentro de unas horas.<\/li>\n\n\n\n<li>Observa el aumento de visibilidad y compromiso inmediatamente despu\u00e9s de la activaci\u00f3n.<\/li>\n<\/ul>\n\n<h2 class=\"wp-block-heading\">\u00bfCu\u00e1nto cuesta comprar 1000 visualizaciones en Snapchat Spotlight Explore?<\/h2>\n\n<p>El precio para comprar 1000 visualizaciones en Snapchat Spotlight Explore suele rondar los 20 d\u00f3lares. Este precio est\u00e1 dise\u00f1ado para ser asequible, permitiendo a los usuarios aumentar significativamente la visibilidad y el compromiso de su contenido en Snapchat sin necesidad de grandes inversiones. <\/p>\n\n<p>Utilizando este servicio, los usuarios pueden aumentar eficazmente su presencia en la plataforma y hacer que su contenido sea accesible a un p\u00fablico m\u00e1s amplio, lo que puede generar m\u00e1s interacciones y potencialmente m\u00e1s seguidores.<\/p>\n\n<h2 class=\"wp-block-heading\">\u00bfC\u00f3mo conseguir m\u00e1s Snapchat Spotlight Explore?<\/h2>\n\n<p>Para aumentar tu visibilidad y participaci\u00f3n en Snapchat Spotlight Explore, puedes aplicar varias estrategias:<\/p>\n\n<ol class=\"wp-block-list\">\n<li><strong>Crea contenidos atractivos<br\/><\/strong>Produce v\u00eddeos cautivadores de alta calidad que atraigan la atenci\u00f3n. Spotlight da prioridad a los contenidos entretenidos, informativos o creativamente \u00fanicos. <\/li>\n\n\n\n<li><strong>Optimiza el formato de<\/strong>tus v\u00eddeos <strong><br\/> Aseg\u00farate de que tus v\u00eddeos est\u00e1n grabados en formato vertical, ya que Snapchat est\u00e1 optimizado para dispositivos m\u00f3viles. Los v\u00eddeos tambi\u00e9n deben ser cortos, idealmente entre 5 y 60 segundos, para mantener el inter\u00e9s de los espectadores.<\/strong> <\/li>\n\n\n\n<li><strong>Utiliza sonidos populares<br\/><\/strong>A\u00f1ade canciones o sonidos populares de la biblioteca de Snapchat para aumentar el alcance de tu contenido y, potencialmente, aparecer en Spotlight.<\/li>\n\n\n\n<li><strong>Interact\u00faa con la comunidad<br\/><\/strong>Invol\u00facrate con otros usuarios de Snapchat viendo, dando a \"Me gusta\" y comentando sus publicaciones. Esto puede aumentar tu visibilidad y animar a otros a ver tu contenido. <\/li>\n\n\n\n<li><strong>Publica regularmente<br\/><\/strong>La coherencia es esencial para construir una audiencia. Las publicaciones regulares mantienen tu contenido fresco y aumentan tus posibilidades de visibilidad. <\/li>\n\n\n\n<li><strong>Promociona tu contenido destacado<br\/><\/strong>Utiliza otras redes sociales para atraer a tus seguidores y dirigirlos a tus publicaciones destacadas de Snapchat.<\/li>\n\n\n\n<li><strong>Analiza el rendimiento<br\/><\/strong>Presta atenci\u00f3n a lo que funciona. Snapchat ofrece perspectivas y an\u00e1lisis de tu contenido. Utiliza estos datos para comprender qu\u00e9 prefiere tu audiencia y optimizar tus pr\u00f3ximos v\u00eddeos en consecuencia.  <\/li>\n<\/ol>\n\n<p>Estas t\u00e1cticas pueden ayudarte a reforzar tu presencia en Snapchat Spotlight Explore de forma natural, lo que se traducir\u00e1 en m\u00e1s visitas y un mayor \u00edndice de participaci\u00f3n.<\/p>\n\n<h2 class=\"wp-block-heading\">\u00bfPor qu\u00e9 comprarseguidores.io es el mejor sitio para comprar Snapchat Spotlight Explore?<\/h2>\n\n<p>comprarseguidores.io est\u00e1 reconocido como uno de los principales proveedores para comprar Snapchat Spotlight Explore, gracias a su compromiso con los altos est\u00e1ndares y la fiabilidad. Garantiza que todas las interacciones proceden exclusivamente de cuentas reales y activas, en cumplimiento de las normas oficiales de Snapchat, protegiendo tu cuenta de posibles sanciones. La plataforma aumenta r\u00e1pidamente la visibilidad y el engagement de tu contenido, ofreciendo resultados en cuesti\u00f3n de horas.  <\/p>\n\n<p>Adem\u00e1s, comprarseguidores.io ofrece un excepcional servicio de atenci\u00f3n al cliente para responder a cualquier pregunta o resolver cualquier duda, y dispone de varios paquetes personalizados que se adaptan a diferentes preferencias y presupuestos. El sitio garantiza transacciones seguras, protegiendo tus datos personales y financieros. En general, comprarseguidores.io ofrece un servicio fiable y eficaz que puede mejorar significativamente tu experiencia con Snapchat Spotlight Explore.  <\/p>\n\n<h2 class=\"wp-block-heading\">comprarseguidores.io ofrece los siguientes paquetes activos de Snapchat Spotlight Explore:<\/h2>\n\n<ul class=\"wp-block-list\">\n<li>500 Snapchat Spotlight Explorar<\/li>\n\n\n\n<li>1000 Snapchat Spotlight Explorar<\/li>\n\n\n\n<li>2500 Snapchat Spotlight Explorar<\/li>\n\n\n\n<li>5000 Snapchat Spotlight Explorar<\/li>\n<\/ul>\n\n<h2 class=\"wp-block-heading\">PREGUNTAS FRECUENTES<\/h2>\n\n<div data-schema-only=\"false\" class=\"wp-block-aioseo-faq\"><h3 class=\"aioseo-faq-block-question\">Quanto tempo leva para ver os resultados?<\/h3><div class=\"aioseo-faq-block-answer\">\n<p>Ver\u00e1s los resultados casi inmediatamente despu\u00e9s de que se haya procesado tu pedido, normalmente en unas pocas horas.<\/p>\n<\/div><\/div>\n\n<div data-schema-only=\"false\" class=\"wp-block-aioseo-faq\"><h3 class=\"aioseo-faq-block-question\">Por que comprar Snapchat Spotlight Explore?<\/h3><div class=\"aioseo-faq-block-answer\">\n<p>Comprar Me gusta y visualizaciones para tu Spotlight Explore de Snapchat puede aumentar la visibilidad y credibilidad de tu perfil, transmitiendo una impresi\u00f3n de popularidad que atrae a seguidores reales y fomenta un mayor compromiso, lo que a su vez impulsa el crecimiento natural.<\/p>\n<\/div><\/div>\n\n<div data-schema-only=\"false\" class=\"wp-block-aioseo-faq\"><h3 class=\"aioseo-faq-block-question\">Posso ser banido por comprar Snapchat Spotlight Explore?<\/h3><div class=\"aioseo-faq-block-answer\">\n<p>Comprar Snapchat Spotlight Explore a fuentes fiables que sigan las normas de Snapchat suele ser seguro. Estos proveedores garantizan un compromiso real conforme a las normas de la plataforma, lo que minimiza el riesgo de sanciones de la cuenta y preserva la integridad de tu perfil de Snapchat. <\/p>\n<\/div><\/div>\n\n<div data-schema-only=\"false\" class=\"wp-block-aioseo-faq\"><h3 class=\"aioseo-faq-block-question\">Uma alta quantidade de visualiza\u00e7\u00f5es no Spotlight Explore pode aumentar o engajamento org\u00e2nico?<\/h3><div class=\"aioseo-faq-block-answer\">\n<p>S\u00ed, un gran n\u00famero de visualizaciones en Snapchat Spotlight Explore puede aumentar el compromiso org\u00e1nico. Cuando tu contenido recibe m\u00e1s visualizaciones, se hace m\u00e1s visible para otros usuarios, aumentando su popularidad y credibilidad. Esta gran visibilidad atrae de forma natural m\u00e1s interacciones, como me gusta, comentarios y comparticiones, lo que refuerza a\u00fan m\u00e1s tu presencia en la plataforma.  <\/p>\n<\/div><\/div>\n\n<div data-schema-only=\"false\" class=\"wp-block-aioseo-faq\"><h3 class=\"aioseo-faq-block-question\">Quantas visualiza\u00e7\u00f5es de Snapchat Spotlight Explore devo comprar?<\/h3><div class=\"aioseo-faq-block-answer\">\n<p>El n\u00famero de visitas que debes comprar depende de tus objetivos. Para una visibilidad r\u00e1pida, compra m\u00e1s; para un compromiso gradual, opta por menos. Ajusta la cantidad en funci\u00f3n de tus objetivos espec\u00edficos.  <\/p>\n<\/div><\/div>\n\n<div data-schema-only=\"false\" class=\"wp-block-aioseo-faq\"><h3 class=\"aioseo-faq-block-question\">Comprar Spotlight Explore \u00e9 uma pr\u00e1tica comum?<\/h3><div class=\"aioseo-faq-block-answer\">\n<p>S\u00ed, comprar Spotlight Explore en Snapchat es una pr\u00e1ctica utilizada por algunos usuarios para aumentar r\u00e1pidamente la visibilidad y la popularidad percibida de su contenido. Esta estrategia la adoptan aquellos que buscan una exposici\u00f3n r\u00e1pida y un mayor compromiso org\u00e1nico a trav\u00e9s de vistas elevadas. <\/p>\n<\/div><\/div>\n\n<div data-schema-only=\"false\" class=\"wp-block-aioseo-faq\"><h3 class=\"aioseo-faq-block-question\">Quais benef\u00edcios posso esperar ao comprar Snapchat Spotlight Explore?<\/h3><div class=\"aioseo-faq-block-answer\">\n<p>Comprar Snapchat Spotlight Explore puede aumentar significativamente la visibilidad y el compromiso de tu contenido, atrayendo a un p\u00fablico m\u00e1s amplio y aumentando tu credibilidad en la plataforma. Esta exposici\u00f3n intensificada puede conducir a un r\u00e1pido crecimiento de la audiencia y a posibles oportunidades de monetizaci\u00f3n. <\/p>\n<\/div><\/div>\n\n<div data-schema-only=\"false\" class=\"wp-block-aioseo-faq\"><h3 class=\"aioseo-faq-block-question\">S\u00e3o visualiza\u00e7\u00f5es reais de Snapchat Spotlight Explore?<\/h3><div class=\"aioseo-faq-block-answer\">\n<p>S\u00ed, son visualizaciones reales de Snapchat Spotlight Explore.<\/p>\n<\/div><\/div>\n\n<div data-schema-only=\"false\" class=\"wp-block-aioseo-faq\"><h3 class=\"aioseo-faq-block-question\">O que devo fazer se meu pedido n\u00e3o for entregue?<\/h3><div class=\"aioseo-faq-block-answer\">\n<p>Si tu pedido no se entrega, comprueba la confirmaci\u00f3n del pedido y los detalles del pago para asegurarte de que todo es correcto. A continuaci\u00f3n, ponte en contacto con el servicio de atenci\u00f3n al cliente con la informaci\u00f3n del pedido para resolver el problema. Deber\u00edan poder ayudarte y ofrecerte una soluci\u00f3n.  <\/p>\n<\/div><\/div>\n\n<div data-schema-only=\"false\" class=\"wp-block-aioseo-faq\"><h3 class=\"aioseo-faq-block-question\">Quais m\u00e9todos de pagamento voc\u00eas oferecem?<\/h3><div class=\"aioseo-faq-block-answer\">\n<p>Ofrecemos diversos m\u00e9todos de pago, como tarjetas de cr\u00e9dito, PayPal y, en algunos casos, criptomonedas. Esta variedad te permite elegir la opci\u00f3n m\u00e1s conveniente para tus transacciones. <\/p>\n<\/div><\/div>\n","protected":false},"excerpt":{"rendered":"<p>\u2713 Descubrimiento real en Snapchat Spotlight<\/p>\n<p><strong>\ud83d\ude80 \u00a1Impulso aut\u00e9ntico!<\/strong><\/p>\n<p>\u2b50\ufe0f <strong>Apariencia natural<\/strong><\/p>\n<p><strong>\ud83c\udf31 Crecimiento org\u00e1nico<\/strong><\/p>\n<p>\u2713 Entrega r\u00e1pida \u2713 Aumento de las tasas de compromiso \u2713 Garant\u00eda permanente *Las visualizaciones en la plataforma Spotlight pueden generar ganancias.<\/p>\n","protected":false},"featured_media":7403,"comment_status":"closed","ping_status":"closed","template":"","meta":[],"product_brand":[],"product_cat":[106],"product_tag":[],"class_list":{"0":"post-13836","1":"product","2":"type-product","3":"status-publish","4":"has-post-thumbnail","6":"product_cat-sin-categoria","8":"first","9":"instock","10":"shipping-taxable","11":"purchasable","12":"product-type-variable"},"aioseo_notices":[],"_links":{"self":[{"href":"https:\/\/comprarseguidores.io\/es\/wp-json\/wp\/v2\/product\/13836","targetHints":{"allow":["GET"]}}],"collection":[{"href":"https:\/\/comprarseguidores.io\/es\/wp-json\/wp\/v2\/product"}],"about":[{"href":"https:\/\/comprarseguidores.io\/es\/wp-json\/wp\/v2\/types\/product"}],"replies":[{"embeddable":true,"href":"https:\/\/comprarseguidores.io\/es\/wp-json\/wp\/v2\/comments?post=13836"}],"version-history":[{"count":1,"href":"https:\/\/comprarseguidores.io\/es\/wp-json\/wp\/v2\/product\/13836\/revisions"}],"predecessor-version":[{"id":13843,"href":"https:\/\/comprarseguidores.io\/es\/wp-json\/wp\/v2\/product\/13836\/revisions\/13843"}],"wp:featuredmedia":[{"embeddable":true,"href":"https:\/\/comprarseguidores.io\/es\/wp-json\/wp\/v2\/media\/7403"}],"wp:attachment":[{"href":"https:\/\/comprarseguidores.io\/es\/wp-json\/wp\/v2\/media?parent=13836"}],"wp:term":[{"taxonomy":"product_brand","embeddable":true,"href":"https:\/\/comprarseguidores.io\/es\/wp-json\/wp\/v2\/product_brand?post=13836"},{"taxonomy":"product_cat","embeddable":true,"href":"https:\/\/comprarseguidores.io\/es\/wp-json\/wp\/v2\/product_cat?post=13836"},{"taxonomy":"product_tag","embeddable":true,"href":"https:\/\/comprarseguidores.io\/es\/wp-json\/wp\/v2\/product_tag?post=13836"}],"curies":[{"name":"wp","href":"https:\/\/api.w.org\/{rel}","templated":true}]}}