{"id":13842,"date":"2024-06-21T10:44:53","date_gmt":"2024-06-21T10:44:53","guid":{"rendered":"https:\/\/comprarseguidores.io\/product\/comprar-descargas-de-aplicaciones\/"},"modified":"2025-04-06T18:24:15","modified_gmt":"2025-04-06T18:24:15","slug":"comprar-descargas-de-aplicaciones","status":"publish","type":"product","link":"https:\/\/comprarseguidores.io\/es\/product\/comprar-descargas-de-aplicaciones\/","title":{"rendered":"Comprar descargas de aplicaciones"},"content":{"rendered":"\n<h2 class=\"wp-block-heading\">Comprar descargas de aplicaciones m\u00f3viles<\/h2>\n\n<p>Comprar descargas de aplicaciones m\u00f3viles ofrece importantes ventajas a los desarrolladores que quieren mejorar la presencia de su aplicaci\u00f3n en el mercado. En primer lugar, aumenta inmediatamente la visibilidad de la aplicaci\u00f3n, incrementando sus posibilidades de aparecer en los rankings y resultados de b\u00fasqueda dentro de las tiendas de aplicaciones. Esta mayor visibilidad suele atraer m\u00e1s descargas org\u00e1nicas, ya que los usuarios tienden a descargar aplicaciones bien posicionadas y populares.  <\/p>\n\n<p>Adem\u00e1s, un aumento del n\u00famero de descargas puede mejorar la credibilidad de la aplicaci\u00f3n y aumentar su valor percibido, promoviendo un mayor compromiso y fidelidad de los usuarios.<\/p>\n\n<p>Y lo que es m\u00e1s, m\u00e1s descargas tambi\u00e9n pueden dar lugar a m\u00e1s rese\u00f1as y valoraciones, proporcionando valiosos comentarios y aumentando a\u00fan m\u00e1s la reputaci\u00f3n de la aplicaci\u00f3n. Por \u00faltimo, comprar descargas puede ser una medida estrat\u00e9gica para acelerar el crecimiento y crear una base s\u00f3lida de usuarios reales. <\/p>\n\n<h2 class=\"wp-block-heading\">Comprar instalaciones de aplicaciones Android en todo el mundo<\/h2>\n\n<p>Ampl\u00eda el alcance global de tu aplicaci\u00f3n con nuestro servicio de instalaciones de aplicaciones Android en todo el mundo. Esta opci\u00f3n aumenta el n\u00famero de instalaciones en diferentes pa\u00edses, ayudando a tu aplicaci\u00f3n a escalar posiciones en Google Play Store y conseguir una presencia universal. Ideal para desarrolladores que quieren generar un impacto significativo a escala global, este servicio garantiza que tu aplicaci\u00f3n llegue a una base de usuarios diversa y aumenta su visibilidad en todo el mundo.  <\/p>\n\n<h2 class=\"wp-block-heading\">Comprar instalaciones de aplicaciones Android en la UE<\/h2>\n\n<p>Dir\u00edgete espec\u00edficamente al mercado de la UE con nuestro servicio de instalaci\u00f3n de aplicaciones Android en la Uni\u00f3n Europea. Personalizado para reforzar la presencia de tu aplicaci\u00f3n en Europa, este servicio ayuda a aumentar el \u00e9xito local y aumenta la visibilidad y el compromiso con los usuarios de la UE. Es ideal para aplicaciones que se centran en caracter\u00edsticas regionales o que quieren reforzar su presencia en el ecosistema tecnol\u00f3gico europeo.  <\/p>\n\n<h2 class=\"wp-block-heading\">Comprar instalaciones de aplicaciones iOS GEO + Palabras clave<\/h2>\n\n<p>Maximiza el potencial de tu aplicaci\u00f3n con instalaciones espec\u00edficas a trav\u00e9s de nuestro servicio de instalaciones de aplicaciones para iOS GEO + Palabras clave. Esta oferta exclusiva no s\u00f3lo aumenta el n\u00famero de instalaciones, sino que tambi\u00e9n mejora la relevancia de la aplicaci\u00f3n en ubicaciones espec\u00edficas y b\u00fasquedas de palabras clave. Ideal para desarrolladores de iOS que quieran optimizar el descubrimiento y el rendimiento de la aplicaci\u00f3n en mercados clave, este servicio aumenta tanto las instalaciones como el SEO en el App Store.  <\/p>\n\n<p><strong>\u00a1Impulsa a\u00fan m\u00e1s el \u00e9xito de tu aplicaci\u00f3n con nuestro servicio de rese\u00f1as y descargas de aplicaciones m\u00f3viles! Aumenta r\u00e1pidamente tu visibilidad, atrae a m\u00e1s usuarios y acelera el crecimiento. <\/strong><\/p>\n\n<h2 class=\"wp-block-heading\">\u00bfCu\u00e1les son las ventajas de comprar descargas de aplicaciones m\u00f3viles?<\/h2>\n\n<p>Comprar descargas de aplicaciones m\u00f3viles ofrece una serie de ventajas que pueden mejorar significativamente la presencia y el rendimiento de tu aplicaci\u00f3n:<br\/><br\/><strong>1. mayor visibilidad<br\/><\/strong>Al comprar descargas, tu aplicaci\u00f3n sube en el ranking de las tiendas, aumentando la atenci\u00f3n de los usuarios potenciales.<br\/><br\/><strong>2. Mayor credibilidad<br\/><\/strong>Un elevado n\u00famero de descargas hace que tu aplicaci\u00f3n parezca m\u00e1s fiable y favorecida, atrayendo a nuevos usuarios.<br\/><br\/><strong>3. Crecimiento org\u00e1nico acelerado<br\/><\/strong>Con mayor visibilidad y credibilidad, es m\u00e1s probable que tu aplicaci\u00f3n atraiga descargas org\u00e1nicas, ya que los usuarios son m\u00e1s proclives a descargar aplicaciones populares.<br\/><br\/><strong>4. Entrada r\u00e1pida en mercados competitivos<br\/><\/strong>Para las nuevas aplicaciones, la compra de descargas puede garantizar un comienzo r\u00e1pido en mercados saturados y ayudar a establecer una presencia m\u00e1s r\u00e1pidamente que el crecimiento org\u00e1nico por s\u00ed solo.<br\/><br\/><strong>5. Mejores posiciones en las tiendas de aplicaciones<br\/><\/strong>Como las tiendas de aplicaciones favorecen a las aplicaciones con mayor n\u00famero de descargas, esto puede dar lugar a una visibilidad sostenida a largo plazo.<br\/><br\/><strong>6. Informaci\u00f3n valiosa de los usuarios<br\/><\/strong>Una mayor base de usuarios genera m\u00e1s datos y comentarios, que son esenciales para optimizar la aplicaci\u00f3n y mejorar la experiencia del usuario.<br\/><br\/>Estas ventajas ayudan a construir y mantener una posici\u00f3n s\u00f3lida en el mercado, esencial para el \u00e9xito de cualquier aplicaci\u00f3n m\u00f3vil.<\/p>\n\n<h2 class=\"wp-block-heading\">\u00bfEs seguro comprar descargas de aplicaciones para m\u00f3viles?<\/h2>\n\n<p>Comprar descargas de aplicaciones m\u00f3viles puede ser seguro, siempre que elijas un sitio aut\u00e9ntico y fiable. Estos sitios garantizan que las descargas proceden de usuarios reales y siguen las directrices de las tiendas de aplicaciones, minimizando el riesgo de sanciones o bloqueos. Es esencial comprobar la credibilidad del proveedor y asegurarse de que ofrece servicios reales y cumple las normas de la tienda de aplicaciones, para proteger la integridad de tu aplicaci\u00f3n y tu inversi\u00f3n.  <\/p>\n\n<figure class=\"wp-block-image size-full\"><img decoding=\"async\" src=\"https:\/\/follower-kaufen.io\/wp-content\/uploads\/2024\/07\/Comprar-downloads-de-aplicativos.png\" alt=\"Mobile App Downloads kaufen\" class=\"wp-image-9719\"\/><figcaption class=\"wp-element-caption\">Comprar descargas de aplicaciones m\u00f3viles<\/figcaption><\/figure>\n\n<h2 class=\"wp-block-heading\">\u00bfC\u00f3mo compro descargas de aplicaciones para m\u00f3viles?<\/h2>\n\n<p>Comprar descargas de aplicaciones para m\u00f3viles es un proceso sencillo y eficaz. En primer lugar, s\u00f3lo tienes que introducir la URL de tu aplicaci\u00f3n en el campo designado en el sitio web del proveedor. A continuaci\u00f3n, elige el n\u00famero deseado de descargas, de acuerdo con tus objetivos y presupuesto. Una vez finalizado el pedido, el servicio suele comenzar en pocas horas, lo que te permite ver los efectos casi de inmediato.   <\/p>\n\n<p>Este pr\u00e1ctico m\u00e9todo mejora r\u00e1pidamente la visibilidad de tu aplicaci\u00f3n y ampl\u00eda tu base de usuarios, por lo que es una opci\u00f3n conveniente para los desarrolladores que quieren mejorar r\u00e1pidamente su posici\u00f3n en el mercado.<\/p>\n\n<p>Introduce la URL de tu aplicaci\u00f3n en el campo correspondiente.<br\/>Elige el n\u00famero de descargas que deseas.<br\/>Completa la transacci\u00f3n finalizando tu pedido.<br\/>El servicio suele ponerse en marcha en pocas horas.<br\/>Observa el aumento de descargas casi de inmediato.<\/p>\n\n<h2 class=\"wp-block-heading\">\u00bfCu\u00e1nto cuestan 1000 descargas de aplicaciones m\u00f3viles?<\/h2>\n\n<p>El coste de comprar 1000 descargas de aplicaciones m\u00f3viles puede variar entre 100 y 1.000 d\u00f3lares. Esta variaci\u00f3n de precio depende generalmente de la calidad de las descargas y de las caracter\u00edsticas espec\u00edficas del p\u00fablico objetivo, como la ubicaci\u00f3n geogr\u00e1fica y el nivel de compromiso. Las opciones de mayor precio suelen garantizar usuarios m\u00e1s comprometidos y caracter\u00edsticas demogr\u00e1ficas espec\u00edficas, que pueden a\u00f1adir m\u00e1s valor a tu aplicaci\u00f3n, as\u00ed como un mejor rendimiento y posicionamiento.  <\/p>\n\n<h2 class=\"wp-block-heading\">\u00bfC\u00f3mo puedo conseguir m\u00e1s descargas para mi aplicaci\u00f3n m\u00f3vil?<\/h2>\n\n<p>Para aumentar las descargas de tu aplicaci\u00f3n m\u00f3vil, considera aplicar las siguientes estrategias optimizadas:<\/p>\n\n<ol class=\"wp-block-list\">\n<li><strong>Optimiza tu presencia en la tienda de<\/strong> aplicaciones<strong>:<\/strong> mejora el t\u00edtulo, la descripci\u00f3n y los elementos visuales de tu aplicaci\u00f3n para aumentar su visibilidad en los resultados de b\u00fasqueda.<\/li>\n\n\n\n<li><strong>Utiliza las redes sociales:<\/strong> Promociona tu aplicaci\u00f3n con anuncios espec\u00edficos y publicaciones atractivas en Facebook, Instagram, Twitter y otras plataformas.<\/li>\n\n\n\n<li><strong>Colabora con personas<\/strong> influyentes<strong>:<\/strong> As\u00f3ciate con personas influyentes del nicho de tu aplicaci\u00f3n para llegar a un p\u00fablico m\u00e1s amplio.<\/li>\n\n\n\n<li><strong>Invierte en relaciones con la prensa:<\/strong> Aparece en blogs de tecnolog\u00eda o sitios de noticias para generar atenci\u00f3n y credibilidad.<\/li>\n\n\n\n<li><strong>Implementa el marketing por correo electr\u00f3nico:<\/strong> Promociona tu aplicaci\u00f3n mediante boletines y campa\u00f1as espec\u00edficas con enlaces de descarga directa.<\/li>\n\n\n\n<li><strong>Invierte en anuncios en tiendas de aplicaciones:<\/strong> Utiliza plataformas como <a href=\"https:\/\/instapage.com\/blog\/universal-app-campaigns\/\">las Campa\u00f1as Universales de Aplicaciones de Google<\/a> y <a href=\"https:\/\/searchads.apple.com\/\">los Anuncios de B\u00fasqueda de Apple<\/a> para conseguir una mayor exposici\u00f3n.<\/li>\n\n\n\n<li><strong>Crea programas de recomendaci\u00f3n:<\/strong> Ofrece incentivos a los usuarios para que recomienden tu aplicaci\u00f3n a otros.<\/li>\n\n\n\n<li><strong>Actualiza la aplicaci\u00f3n regularmente:<\/strong> mejora la funcionalidad y la experiencia del usuario bas\u00e1ndote en las opiniones para mantener buenas valoraciones.<\/li>\n\n\n\n<li><strong>Promoci\u00f3n cruzada:<\/strong> Colabora con otras aplicaciones para promocionarse mutuamente.<\/li>\n\n\n\n<li><strong>Optimiza tu SEO:<\/strong> Aseg\u00farate de que el sitio web o la p\u00e1gina de destino de tu aplicaci\u00f3n est\u00e1n optimizados para los motores de b\u00fasqueda, atrayendo m\u00e1s visitantes.<\/li>\n<\/ol>\n\n<p>Estas estrategias pueden ser eficaces para aumentar las descargas de tu aplicaci\u00f3n, mejorar la visibilidad y el compromiso con los usuarios potenciales.<\/p>\n\n<h2 class=\"wp-block-heading\">\u00bfPor qu\u00e9 comprarseguidores.io es el mejor sitio para comprar descargas de aplicaciones para m\u00f3viles?<\/h2>\n\n<p>comprarseguidores.io es conocido por sus fiables servicios para aumentar las descargas de aplicaciones m\u00f3viles, siempre siguiendo estrictamente las directrices de las plataformas para garantizar interacciones reales y activas. El servicio mejora r\u00e1pidamente la visibilidad y las descargas de tu aplicaci\u00f3n, mostrando a menudo resultados notables en pocas horas. <\/p>\n\n<p>Adem\u00e1s, comprarseguidores.io es reconocida por su excelente atenci\u00f3n al cliente, ofrece paquetes variados para distintos presupuestos y da prioridad a las transacciones seguras para proteger tus datos personales y financieros. En general, la plataforma ofrece una soluci\u00f3n eficaz y fiable que puede mejorar significativamente la posici\u00f3n de tu aplicaci\u00f3n en las tiendas de aplicaciones. <\/p>\n\n<h2 class=\"wp-block-heading\">comprarseguidores.io ofrece los siguientes paquetes de descarga de aplicaciones m\u00f3viles activas:<\/h2>\n\n<ul class=\"wp-block-list\">\n<li>100 descargas de aplicaciones m\u00f3viles<\/li>\n\n\n\n<li>500 descargas de aplicaciones m\u00f3viles<\/li>\n\n\n\n<li>1000 descargas de aplicaciones m\u00f3viles<\/li>\n\n\n\n<li>5000 descargas de aplicaciones m\u00f3viles<\/li>\n\n\n\n<li>10.000 descargas de aplicaciones m\u00f3viles<\/li>\n<\/ul>\n\n<h2 class=\"wp-block-heading\">PREGUNTAS FRECUENTES<\/h2>\n\n<div data-schema-only=\"false\" class=\"wp-block-aioseo-faq\"><h3 class=\"aioseo-faq-block-question\">Esses downloads de aplicativos m\u00f3veis s\u00e3o reais?<\/h3><div class=\"aioseo-faq-block-answer\">\n<p>S\u00ed, se trata de descargas reales de aplicaciones m\u00f3viles por usuarios activos.<\/p>\n<\/div><\/div>\n\n<div data-schema-only=\"false\" class=\"wp-block-aioseo-faq\"><h3 class=\"aioseo-faq-block-question\">Uma alta quantidade de downloads pode aumentar o engajamento org\u00e2nico?<\/h3><div class=\"aioseo-faq-block-answer\">\n<p>S\u00ed, un elevado n\u00famero de descargas puede aumentar el compromiso org\u00e1nico de las aplicaciones m\u00f3viles. M\u00e1s descargas mejoran la visibilidad de la aplicaci\u00f3n en las clasificaciones de b\u00fasqueda y recomendaciones, atrayendo m\u00e1s descargas org\u00e1nicas. Esta visibilidad tambi\u00e9n fomenta m\u00e1s interacciones de los usuarios, como valoraciones y comentarios, aumentando la credibilidad y el nivel de actividad de la aplicaci\u00f3n.  <\/p>\n<\/div><\/div>\n\n<div data-schema-only=\"false\" class=\"wp-block-aioseo-faq\"><h3 class=\"aioseo-faq-block-question\">Por que comprar downloads de aplicativos m\u00f3veis?<\/h3><div class=\"aioseo-faq-block-answer\">\n<p>Comprar descargas de aplicaciones m\u00f3viles puede mejorar la presencia y reputaci\u00f3n de tu aplicaci\u00f3n en las plataformas de tiendas de aplicaciones, haci\u00e9ndola m\u00e1s atractiva para los usuarios potenciales. Este aumento del inter\u00e9s suele traducirse en m\u00e1s descargas, ya que los usuarios suelen asociar un elevado n\u00famero de instalaciones con la calidad y fiabilidad de una app. <\/p>\n<\/div><\/div>\n\n<div data-schema-only=\"false\" class=\"wp-block-aioseo-faq\"><h3 class=\"aioseo-faq-block-question\">Quantos downloads de aplicativos m\u00f3veis devo comprar?<\/h3><div class=\"aioseo-faq-block-answer\">\n<p>El n\u00famero de descargas a comprar depende de tus objetivos. Para una visibilidad r\u00e1pida, compra m\u00e1s; para un crecimiento m\u00e1s gradual, opta por una cantidad menor. Ajusta el volumen en funci\u00f3n de tu estrategia y objetivos de marketing.  <\/p>\n<\/div><\/div>\n\n<div data-schema-only=\"false\" class=\"wp-block-aioseo-faq\"><h3 class=\"aioseo-faq-block-question\">A compra de downloads \u00e9 uma pr\u00e1tica comum?<\/h3><div class=\"aioseo-faq-block-answer\">\n<p>S\u00ed, comprar descargas de aplicaciones m\u00f3viles es una t\u00e1ctica com\u00fan utilizada por algunos desarrolladores y vendedores para mejorar r\u00e1pidamente la visibilidad y el posicionamiento de una aplicaci\u00f3n en las tiendas de aplicaciones.<\/p>\n<\/div><\/div>\n\n<div data-schema-only=\"false\" class=\"wp-block-aioseo-faq\"><h3 class=\"aioseo-faq-block-question\">Posso ser banido por comprar downloads de aplicativos m\u00f3veis?<\/h3><div class=\"aioseo-faq-block-answer\">\n<p>Comprar descargas de fuentes fiables y reputadas suele evitar el riesgo de prohibici\u00f3n, ya que estos servicios siguen las directrices de las tiendas de aplicaciones y proporcionan descargas reales y activas.<\/p>\n<\/div><\/div>\n\n<div data-schema-only=\"false\" class=\"wp-block-aioseo-faq\"><h3 class=\"aioseo-faq-block-question\">Quais s\u00e3o os benef\u00edcios de comprar downloads de aplicativos m\u00f3veis?<\/h3><div class=\"aioseo-faq-block-answer\">\n<p>Comprar descargas puede aumentar significativamente la visibilidad y credibilidad de tu aplicaci\u00f3n, ayud\u00e1ndola a posicionarse mejor en los resultados de b\u00fasqueda de la tienda de aplicaciones y a parecer m\u00e1s fiable a los usuarios. Esta mejora de la percepci\u00f3n puede acelerar el crecimiento org\u00e1nico, atraer inversores y mejorar las m\u00e9tricas generales de la tienda de aplicaciones, favoreciendo el \u00e9xito de la aplicaci\u00f3n en un mercado competitivo. <\/p>\n<\/div><\/div>\n\n<div data-schema-only=\"false\" class=\"wp-block-aioseo-faq\"><h3 class=\"aioseo-faq-block-question\">Quanto tempo leva para ver os resultados?<\/h3><div class=\"aioseo-faq-block-answer\">\n<p>Ver\u00e1s los resultados casi inmediatamente despu\u00e9s de que se haya procesado tu pedido, normalmente en unas pocas horas.<\/p>\n<\/div><\/div>\n\n<div data-schema-only=\"false\" class=\"wp-block-aioseo-faq\"><h3 class=\"aioseo-faq-block-question\">O que fazer se meu pedido n\u00e3o for entregue?<\/h3><div class=\"aioseo-faq-block-answer\">\n<p>Si tu pedido no se entrega, comprueba la confirmaci\u00f3n del pedido y los detalles del pago para asegurarte de que todo es correcto. A continuaci\u00f3n, ponte en contacto con el servicio de atenci\u00f3n al cliente con la informaci\u00f3n del pedido para resolver el problema. Deber\u00edan poder ayudarte y ofrecerte una soluci\u00f3n.  <\/p>\n<\/div><\/div>\n\n<div data-schema-only=\"false\" class=\"wp-block-aioseo-faq\"><h3 class=\"aioseo-faq-block-question\">Quais m\u00e9todos de pagamento voc\u00eas oferecem?<\/h3><div class=\"aioseo-faq-block-answer\">\n<p>Ofrecemos diversos m\u00e9todos de pago, como tarjetas de cr\u00e9dito, PayPal y, en algunos casos, criptomonedas. Esta variedad te permite elegir la opci\u00f3n m\u00e1s conveniente para tus transacciones. <\/p>\n<\/div><\/div>\n","protected":false},"excerpt":{"rendered":"<p>\u00a1Empieza a mejorar el rendimiento de tu aplicaci\u00f3n hoy mismo!<\/p>\n<p>\ud83c\udf1f <strong>Descargas reales de aplicaciones<br \/>\n<\/strong> <strong>\ud83d\udd0d Aut\u00e9ntico compromiso del usuario<br \/>\n<\/strong> <strong>\ud83c\udfc1 Entrega r\u00e1pida<br \/>\n<\/strong> <strong>\ud83d\ude80 Impulso eficaz<br \/>\n<\/strong> <strong>\ud83d\udcc8 Aumenta la visibilidad <\/strong><\/p>\n<p>\u00a1Aumenta f\u00e1cilmente la visibilidad y credibilidad de tu aplicaci\u00f3n con nuestro servicio de Descargas de Aplicaciones M\u00f3viles!<\/p>\n","protected":false},"featured_media":9611,"comment_status":"closed","ping_status":"closed","template":"","meta":[],"product_brand":[],"product_cat":[106],"product_tag":[],"class_list":{"0":"post-13842","1":"product","2":"type-product","3":"status-publish","4":"has-post-thumbnail","6":"product_cat-sin-categoria","8":"first","9":"instock","10":"shipping-taxable","11":"purchasable","12":"product-type-variable"},"aioseo_notices":[],"_links":{"self":[{"href":"https:\/\/comprarseguidores.io\/es\/wp-json\/wp\/v2\/product\/13842","targetHints":{"allow":["GET"]}}],"collection":[{"href":"https:\/\/comprarseguidores.io\/es\/wp-json\/wp\/v2\/product"}],"about":[{"href":"https:\/\/comprarseguidores.io\/es\/wp-json\/wp\/v2\/types\/product"}],"replies":[{"embeddable":true,"href":"https:\/\/comprarseguidores.io\/es\/wp-json\/wp\/v2\/comments?post=13842"}],"version-history":[{"count":1,"href":"https:\/\/comprarseguidores.io\/es\/wp-json\/wp\/v2\/product\/13842\/revisions"}],"predecessor-version":[{"id":13867,"href":"https:\/\/comprarseguidores.io\/es\/wp-json\/wp\/v2\/product\/13842\/revisions\/13867"}],"wp:featuredmedia":[{"embeddable":true,"href":"https:\/\/comprarseguidores.io\/es\/wp-json\/wp\/v2\/media\/9611"}],"wp:attachment":[{"href":"https:\/\/comprarseguidores.io\/es\/wp-json\/wp\/v2\/media?parent=13842"}],"wp:term":[{"taxonomy":"product_brand","embeddable":true,"href":"https:\/\/comprarseguidores.io\/es\/wp-json\/wp\/v2\/product_brand?post=13842"},{"taxonomy":"product_cat","embeddable":true,"href":"https:\/\/comprarseguidores.io\/es\/wp-json\/wp\/v2\/product_cat?post=13842"},{"taxonomy":"product_tag","embeddable":true,"href":"https:\/\/comprarseguidores.io\/es\/wp-json\/wp\/v2\/product_tag?post=13842"}],"curies":[{"name":"wp","href":"https:\/\/api.w.org\/{rel}","templated":true}]}}