{"id":13859,"date":"2025-03-29T07:28:10","date_gmt":"2025-03-29T07:28:10","guid":{"rendered":"https:\/\/comprarseguidores.io\/product\/comprar-comentarios-de-linkedin-2\/"},"modified":"2025-04-06T18:24:15","modified_gmt":"2025-04-06T18:24:15","slug":"comprar-comentarios-de-linkedin-2","status":"publish","type":"product","link":"https:\/\/comprarseguidores.io\/es\/product\/comprar-comentarios-de-linkedin-2\/","title":{"rendered":"Comprar comentarios de LinkedIn"},"content":{"rendered":"\n<h2 class=\"wp-block-heading\">Comprar comentarios de LinkedIn<\/h2>\n\n<p>\u00bfQuieres dar m\u00e1s credibilidad y visibilidad a tus publicaciones en LinkedIn? Con nuestros comentarios aut\u00e9nticos de LinkedIn, \u00a1podr\u00e1s conseguirlo! Aumenta la interacci\u00f3n e inicia debates que pongan tu marca en el punto de mira.  <\/p>\n\n<p><strong>Ventajas:<\/strong><\/p>\n\n<ul class=\"wp-block-list\">\n<li><strong>Autenticidad<\/strong>: Cada comentario procede de un perfil real de LinkedIn, lo que aumenta la credibilidad de tus publicaciones.<\/li>\n\n\n\n<li><strong>Promover debates<\/strong>: M\u00e1s comentarios pueden estimular otros debates, aumentando la visibilidad y el alcance de tus publicaciones.<\/li>\n\n\n\n<li><strong>Personalizaci\u00f3n<\/strong>: Los comentarios pueden adaptarse a tu contenido para promover una interacci\u00f3n natural.<\/li>\n\n\n\n<li><strong>Sencillo proceso de compra<\/strong>: Con s\u00f3lo unos clics, puedes pedir el n\u00famero deseado de comentarios y aumentar el engagement en LinkedIn.<\/li>\n\n\n\n<li><strong>Transacci\u00f3n segura<\/strong>: Tu privacidad y la seguridad de tu cuenta son nuestra m\u00e1xima prioridad.<\/li>\n<\/ul>\n\n<p>Invierte en comentarios aut\u00e9nticos en LinkedIn y posici\u00f3nate como l\u00edder de opini\u00f3n en tu sector.<\/p>\n\n<p>En el mundo digital actual, LinkedIn desempe\u00f1a un papel central en la creaci\u00f3n de redes profesionales y en el sector <a href=\"https:\/\/www.investopedia.com\/terms\/b\/btob.asp\">B2B<\/a>. La interacci\u00f3n y el compromiso con tu contenido determinan significativamente tu visibilidad e influencia en esta plataforma. Un factor clave en este compromiso son los comentarios. No s\u00f3lo promueven la interacci\u00f3n, sino que tambi\u00e9n aumentan la credibilidad y el alcance de tus publicaciones.   <\/p>\n\n<h2 class=\"wp-block-heading\">\u00bfPor qu\u00e9 comprar comentarios de LinkedIn en comprarseguidores.io?<\/h2>\n\n<ol class=\"wp-block-list\">\n<li><strong>Comentarios personalizados:<\/strong> Nuestros comentarios no son simples frases gen\u00e9ricas. Cada comentario se elabora especialmente para que coincida con tu publicaci\u00f3n de LinkedIn, lo que garantiza su relevancia y autenticidad. <\/li>\n\n\n\n<li><strong>Alta calidad y profesionalidad<\/strong>: comprarseguidores.io valora la calidad. Nuestros comentarios proceden de perfiles de LinkedIn reales y activos que demuestran profesionalidad. <\/li>\n\n\n\n<li><strong>Mayor participaci\u00f3n: <\/strong>Una publicaci\u00f3n con muchos comentarios de alta calidad atrae m\u00e1s atenci\u00f3n y anima a otros usuarios a participar tambi\u00e9n. Esto puede generar un efecto de bola de nieve que aumente tu visibilidad e influencia en la plataforma. <\/li>\n\n\n\n<li><strong>Proveedor de confianza:<\/strong> Follower-Kaufen.io es el sitio web l\u00edder en servicios de promoci\u00f3n de LinkedIn. Con a\u00f1os de experiencia y miles de clientes satisfechos, somos tu socio ideal para comprar opiniones de LinkedIn. <\/li>\n\n\n\n<li><strong>Entrega r\u00e1pida y fiable<\/strong>: Una vez que hayas hecho tu pedido, no tendr\u00e1s que esperar mucho. Nuestros procesos son eficaces y garantizan una entrega r\u00e1pida de tus comentarios personalizados. <\/li>\n<\/ol>\n\n<p>En una \u00e9poca en la que la calidad triunfa sobre la cantidad, Follower-Kaufen.io te ofrece exactamente lo que necesitas para destacar en LinkedIn. Nuestros comentarios a medida no son una simple compra, sino una inversi\u00f3n en tu crecimiento profesional y huella digital en esta plataforma crucial. <\/p>\n\n<p>Mantener un equilibrio saludable de seguidores, conexiones, me gusta, comentarios, apoyos, empleados y recomendaciones de la p\u00e1gina de empresa en LinkedIn puede impulsar tus estad\u00edsticas y mejorar tu visibilidad en la plataforma.<\/p>\n\n<h2 class=\"wp-block-heading\">\u00bfQu\u00e9 son los comentarios en LinkedIn?<\/h2>\n\n<p>Los comentarios en LinkedIn son respuestas o reacciones que los usuarios pueden publicar en respuesta al contenido compartido en la plataforma, como <a href=\"https:\/\/www.linkedin.com\/help\/linkedin\/answer\/a522427\">art\u00edculos<\/a>, publicaciones o actualizaciones. Estos comentarios permiten a los usuarios interactuar directamente con el contenido, facilitando el debate, proporcionando comentarios o compartiendo opiniones y puntos de vista. Esta interacci\u00f3n no s\u00f3lo aumenta la visibilidad del contenido a trav\u00e9s del algoritmo de LinkedIn basado en la participaci\u00f3n, sino que tambi\u00e9n ayuda a construir relaciones y redes profesionales al promover la comunicaci\u00f3n entre los usuarios.  <\/p>\n\n<figure class=\"wp-block-image size-full\"><img fetchpriority=\"high\" decoding=\"async\" width=\"800\" height=\"600\" src=\"https:\/\/comprarseguidores.io\/wp-content\/uploads\/2024\/06\/Compre-comentarios-do-LinkedIn.png\" alt=\"Comprar comentarios de LinkedIn\" class=\"wp-image-8527\" srcset=\"https:\/\/comprarseguidores.io\/wp-content\/uploads\/2024\/06\/Compre-comentarios-do-LinkedIn.png 800w, https:\/\/comprarseguidores.io\/wp-content\/uploads\/2024\/06\/Compre-comentarios-do-LinkedIn-300x225.png 300w, https:\/\/comprarseguidores.io\/wp-content\/uploads\/2024\/06\/Compre-comentarios-do-LinkedIn-768x576.png 768w, https:\/\/comprarseguidores.io\/wp-content\/uploads\/2024\/06\/Compre-comentarios-do-LinkedIn-441x331.png 441w, https:\/\/comprarseguidores.io\/wp-content\/uploads\/2024\/06\/Compre-comentarios-do-LinkedIn-150x113.png 150w\" sizes=\"(max-width: 800px) 100vw, 800px\" \/><\/figure>\n\n<h2 class=\"wp-block-heading\">\u00bfC\u00f3mo consigo org\u00e1nicamente m\u00e1s comentarios en LinkedIn?<\/h2>\n\n<p>Participar activamente con tu p\u00fablico objetivo, compartir contenido valioso y relevante y hacer preguntas abiertas puede aumentar de forma natural el n\u00famero de comentarios en tus publicaciones. Adem\u00e1s, interactuar con otros usuarios y comentar sus publicaciones es un m\u00e9todo eficaz para llamar la atenci\u00f3n sobre ti. <\/p>\n\n<h2 class=\"wp-block-heading\"><strong>\u00bfPuedo comprar comentarios para LinkedIn?<\/strong><\/h2>\n\n<p>S\u00ed, es posible comprar comentarios para LinkedIn. Aunque hay muchos proveedores, es importante elegir uno que ofrezca comentarios aut\u00e9nticos y de alta calidad para garantizar la autenticidad de tu perfil. <\/p>\n\n<h2 class=\"wp-block-heading\">\u00bfC\u00f3mo puede ayudarme la compra de comentarios?<\/h2>\n\n<p>Comprar comentarios puede aumentar instant\u00e1neamente la interacci\u00f3n y el compromiso con tus publicaciones. Un mayor compromiso, a su vez, puede conducir a una mejor visibilidad en los feeds de LinkedIn y destacar tu marca o perfil. <\/p>\n\n<h2 class=\"wp-block-heading\">\u00bfC\u00f3mo puedo comprar comentarios de LinkedIn?<\/h2>\n\n<p>Comprar comentarios para LinkedIn es un proceso sencillo. S\u00f3lo tienes que introducir la URL de la publicaci\u00f3n de LinkedIn que deseas mejorar en el campo especificado en el sitio web del proveedor de servicios. A continuaci\u00f3n, selecciona el n\u00famero adecuado de comentarios que deseas comprar. Una vez que hayas completado el pedido, el proceso suele comenzar en pocas horas, y empezar\u00e1s a ver los resultados casi de inmediato. Este m\u00e9todo r\u00e1pido y sencillo te permite mejorar r\u00e1pidamente la participaci\u00f3n en tus contenidos de LinkedIn.<br\/>Aqu\u00ed tienes una lista simplificada que explica c\u00f3mo comprar comentarios para LinkedIn:    <\/p>\n\n<ol class=\"wp-block-list\">\n<li>Introduce la URL de tu publicaci\u00f3n en LinkedIn en el campo indicado.<\/li>\n\n\n\n<li>Elige el n\u00famero de comentarios que quieres comprar.<\/li>\n\n\n\n<li>Finaliza tu transacci\u00f3n y env\u00eda tu pedido.<\/li>\n\n\n\n<li>El servicio suele activarse en pocas horas.<\/li>\n\n\n\n<li>Observa un aumento de los comentarios y de la participaci\u00f3n poco despu\u00e9s.<\/li>\n<\/ol>\n\n<h2 class=\"wp-block-heading\">\u00bfQu\u00e9 tipo de contenido debo publicar en LinkedIn para conseguir la m\u00e1xima participaci\u00f3n?<\/h2>\n\n<p>Comparte ideas espec\u00edficas del sector, historias inspiradoras, noticias de actualidad y consejos \u00fatiles. Los contenidos multimedia, como v\u00eddeos o infograf\u00edas, suelen atraer m\u00e1s la atenci\u00f3n. Las publicaciones que provocan la reflexi\u00f3n o fomentan la interacci\u00f3n tambi\u00e9n son muy eficaces. Es esencial mantener la autenticidad y aportar valor real a tus seguidores.   <\/p>\n\n<h1 class=\"wp-block-heading\">PREGUNTAS FRECUENTES<\/h1>\n\n<div data-schema-only=\"false\" class=\"wp-block-aioseo-faq\"><h3 class=\"aioseo-faq-block-question\">Um grande n\u00famero de coment\u00e1rios pode levar a um aumento no engajamento org\u00e2nico?<\/h3><div class=\"aioseo-faq-block-answer\">\n<p>S\u00ed, un elevado n\u00famero de comentarios en tus publicaciones de LinkedIn puede impulsar significativamente el compromiso org\u00e1nico. Los comentarios aumentan la visibilidad y la interacci\u00f3n, lo que hace que el algoritmo de LinkedIn mantenga tu contenido en los feeds durante m\u00e1s tiempo y lo exponga a un p\u00fablico m\u00e1s amplio, aumentando as\u00ed tu alcance y participaci\u00f3n en la plataforma. <\/p>\n<\/div><\/div>\n\n<div data-schema-only=\"false\" class=\"wp-block-aioseo-faq\"><h3 class=\"aioseo-faq-block-question\">Quais benef\u00edcios posso esperar ao comprar coment\u00e1rios no LinkedIn?<\/h3><div class=\"aioseo-faq-block-answer\">\n<p>Comprar comentarios en LinkedIn puede aumentar temporalmente el compromiso y la visibilidad de una publicaci\u00f3n, haciendo potencialmente m\u00e1s cre\u00edble el contenido y potenciando su alcance debido a que el algoritmo de LinkedIn favorece las interacciones activas. Sin embargo, estos beneficios suelen ser ef\u00edmeros y pueden da\u00f1ar tu reputaci\u00f3n si se sospecha de una actividad no aut\u00e9ntica. <\/p>\n<\/div><\/div>\n\n<div data-schema-only=\"false\" class=\"wp-block-aioseo-faq\"><h3 class=\"aioseo-faq-block-question\">Quanto tempo leva at\u00e9 eu ver resultados?<\/h3><div class=\"aioseo-faq-block-answer\">\n<p>Ver\u00e1s los resultados casi inmediatamente despu\u00e9s de que se haya procesado tu pedido, normalmente en unas pocas horas.<\/p>\n<\/div><\/div>\n\n<div data-schema-only=\"false\" class=\"wp-block-aioseo-faq\"><h3 class=\"aioseo-faq-block-question\">Por que devo comprar coment\u00e1rios no LinkedIn?<\/h3><div class=\"aioseo-faq-block-answer\">\n<p>Comprar comentarios en LinkedIn puede mejorar la visibilidad y la credibilidad percibida de tu perfil, lo que conduce a m\u00e1s interacciones y seguidores. Este aumento de la participaci\u00f3n tambi\u00e9n puede impulsar el rendimiento de tu contenido en los algoritmos de LinkedIn, acelerando el crecimiento de tu perfil. <\/p>\n<\/div><\/div>\n\n<div data-schema-only=\"false\" class=\"wp-block-aioseo-faq\"><h3 class=\"aioseo-faq-block-question\">Comprar coment\u00e1rios \u00e9 uma a\u00e7\u00e3o frequentemente praticada?<\/h3><div class=\"aioseo-faq-block-answer\">\n<p>S\u00ed, algunos practican la compra de comentarios en LinkedIn para aumentar artificialmente la participaci\u00f3n de las publicaciones e influir en la visibilidad. Sin embargo, se desaconseja porque puede comprometer la autenticidad e infringir las condiciones de servicio de LinkedIn. <\/p>\n<\/div><\/div>\n\n<div data-schema-only=\"false\" class=\"wp-block-aioseo-faq\"><h3 class=\"aioseo-faq-block-question\">Esses s\u00e3o coment\u00e1rios reais do LinkedIn?<\/h3><div class=\"aioseo-faq-block-answer\">\n<p>S\u00ed, son comentarios reales de LinkedIn de cuentas activas y aut\u00e9nticas.<\/p>\n<\/div><\/div>\n\n<div data-schema-only=\"false\" class=\"wp-block-aioseo-faq\"><h3 class=\"aioseo-faq-block-question\">\u00c9 poss\u00edvel ser banido por comprar coment\u00e1rios no LinkedIn?<\/h3><div class=\"aioseo-faq-block-answer\">\n<p>Comprar comentarios de LinkedIn a proveedores de confianza suele ser seguro, ya que siguen las normas de LinkedIn y ofrecen una participaci\u00f3n aut\u00e9ntica que minimiza el riesgo de sanciones o suspensiones de la cuenta, manteniendo as\u00ed la integridad de tu perfil.<\/p>\n<\/div><\/div>\n\n<div data-schema-only=\"false\" class=\"wp-block-aioseo-faq\"><h3 class=\"aioseo-faq-block-question\">Quantos coment\u00e1rios do LinkedIn devo comprar?<\/h3><div class=\"aioseo-faq-block-answer\">\n<p>Empieza comprando unos cuantos comentarios en LinkedIn para evaluar su efecto en la participaci\u00f3n. Si tienen \u00e9xito, compra m\u00e1s paulatinamente para aumentar la visibilidad y atraer seguidores org\u00e1nicos. Perfecciona continuamente tu estrategia en funci\u00f3n de tus objetivos y de los comentarios del p\u00fablico.  <\/p>\n<\/div><\/div>\n\n<div data-schema-only=\"false\" class=\"wp-block-aioseo-faq\"><h3 class=\"aioseo-faq-block-question\">O que fazer se meu pedido n\u00e3o for entregue?<\/h3><div class=\"aioseo-faq-block-answer\">\n<p>Si tu pedido no se entrega, comprueba la confirmaci\u00f3n del pedido y los detalles del pago para asegurarte de que todo es correcto. A continuaci\u00f3n, ponte en contacto con el servicio de atenci\u00f3n al cliente con la informaci\u00f3n de tu pedido para resolver el problema. Deber\u00edan poder ayudarte y ofrecerte una soluci\u00f3n.  <\/p>\n<\/div><\/div>\n\n<div data-schema-only=\"false\" class=\"wp-block-aioseo-faq\"><h3 class=\"aioseo-faq-block-question\">Quais m\u00e9todos de pagamento voc\u00ea oferece?<\/h3><div class=\"aioseo-faq-block-answer\">\n<p>Ofrecemos diversos m\u00e9todos de pago, como tarjetas de cr\u00e9dito, PayPal y, en algunos casos, criptomonedas. Esta variedad te permite elegir la opci\u00f3n m\u00e1s conveniente para tus transacciones. <\/p>\n<\/div><\/div>\n","protected":false},"excerpt":{"rendered":"<p>Aumenta la credibilidad de tus publicaciones con comentarios reales y de alta calidad. Muestra eficazmente tu marca. <\/p>\n<p><strong>Perfiles aut\u00e9nticos<\/strong>: Interacciones genuinas en LinkedIn.<br \/><strong>Estimular debates<\/strong>: M\u00e1s visibilidad a trav\u00e9s del compromiso.<br \/><strong>Comentarios personalizados<\/strong>: Comentarios que coinciden con tu contenido.<br \/><strong>Sencillo y seguro<\/strong>: Proceso de compra r\u00e1pido y protecci\u00f3n de datos segura.<\/p>\n","protected":false},"featured_media":7510,"comment_status":"open","ping_status":"closed","template":"","meta":[],"product_brand":[],"product_cat":[108],"product_tag":[],"class_list":{"0":"post-13859","1":"product","2":"type-product","3":"status-publish","4":"has-post-thumbnail","6":"product_cat-linkedin-es","8":"first","9":"instock","10":"shipping-taxable","11":"purchasable","12":"product-type-variable"},"aioseo_notices":[],"_links":{"self":[{"href":"https:\/\/comprarseguidores.io\/es\/wp-json\/wp\/v2\/product\/13859","targetHints":{"allow":["GET"]}}],"collection":[{"href":"https:\/\/comprarseguidores.io\/es\/wp-json\/wp\/v2\/product"}],"about":[{"href":"https:\/\/comprarseguidores.io\/es\/wp-json\/wp\/v2\/types\/product"}],"replies":[{"embeddable":true,"href":"https:\/\/comprarseguidores.io\/es\/wp-json\/wp\/v2\/comments?post=13859"}],"version-history":[{"count":1,"href":"https:\/\/comprarseguidores.io\/es\/wp-json\/wp\/v2\/product\/13859\/revisions"}],"predecessor-version":[{"id":13868,"href":"https:\/\/comprarseguidores.io\/es\/wp-json\/wp\/v2\/product\/13859\/revisions\/13868"}],"wp:featuredmedia":[{"embeddable":true,"href":"https:\/\/comprarseguidores.io\/es\/wp-json\/wp\/v2\/media\/7510"}],"wp:attachment":[{"href":"https:\/\/comprarseguidores.io\/es\/wp-json\/wp\/v2\/media?parent=13859"}],"wp:term":[{"taxonomy":"product_brand","embeddable":true,"href":"https:\/\/comprarseguidores.io\/es\/wp-json\/wp\/v2\/product_brand?post=13859"},{"taxonomy":"product_cat","embeddable":true,"href":"https:\/\/comprarseguidores.io\/es\/wp-json\/wp\/v2\/product_cat?post=13859"},{"taxonomy":"product_tag","embeddable":true,"href":"https:\/\/comprarseguidores.io\/es\/wp-json\/wp\/v2\/product_tag?post=13859"}],"curies":[{"name":"wp","href":"https:\/\/api.w.org\/{rel}","templated":true}]}}