{"id":13884,"date":"2025-03-29T07:27:55","date_gmt":"2025-03-29T07:27:55","guid":{"rendered":"https:\/\/comprarseguidores.io\/product\/comprar-discord-emoji-reactions-2\/"},"modified":"2025-04-06T18:24:37","modified_gmt":"2025-04-06T18:24:37","slug":"comprar-discord-emoji-reactions-2","status":"publish","type":"product","link":"https:\/\/comprarseguidores.io\/es\/product\/comprar-discord-emoji-reactions-2\/","title":{"rendered":"Comprar Discord Emoji Reactions"},"content":{"rendered":"\n<h2 class=\"wp-block-heading\">Compra Reacciones Emoji de Discordia para tu canal \ud83c\udf1f<\/h2>\n\n<p>\u00bfTe gustar\u00eda a\u00f1adir m\u00e1s vida e interactividad a tu canal de Discordia? Con nuestras reacciones emoji compradas, \u00a1podr\u00e1s hacerlo! <br\/><br\/>Da m\u00e1s visibilidad y participaci\u00f3n a tus publicaciones de Discord a\u00f1adiendo reacciones emoji espec\u00edficas. Estas reacciones no s\u00f3lo sirven como elementos visuales destacados, sino que tambi\u00e9n muestran la popularidad y relevancia de tus publicaciones. <\/p>\n\n<h3 class=\"wp-block-heading\">Ventajas de comprar reacciones emoji:<\/h3>\n\n<ul class=\"wp-block-list\">\n<li>\ud83d\ude80 Aumenta la interactividad y el compromiso de los usuarios.<\/li>\n\n\n\n<li>\ud83c\udfaf Destaca la popularidad e importancia de tus mensajes.<\/li>\n\n\n\n<li>\ud83c\udf10 Aumenta la visibilidad de tus mensajes en los grandes canales de Discordia.<\/li>\n\n\n\n<li>\ud83d\udcbc Crea una impresi\u00f3n profesional con un elevado n\u00famero de reacciones.<\/li>\n\n\n\n<li>\ud83c\udf89 Anima tu canal y anima a los dem\u00e1s a reaccionar tambi\u00e9n.<br\/><\/li>\n<\/ul>\n\n<p>\u00a1Haz una declaraci\u00f3n y enfatiza la importancia de tus mensajes con nuestras reacciones emoji de alta calidad!<br\/><br\/><strong>Puedes mejorar la visibilidad y las estad\u00edsticas de tu perfil de Discord equilibrando el n\u00famero de mensajes, solicitudes de amistad, miembros del servidor, potenciadores del servidor y reacciones emoji.<\/strong><\/p>\n\n<figure class=\"wp-block-image size-full\"><img fetchpriority=\"high\" decoding=\"async\" width=\"800\" height=\"600\" src=\"https:\/\/comprarseguidores.io\/wp-content\/uploads\/2024\/06\/Compre-a-reacao-do-Discord-Emoji.png\" alt=\"Comprar la reacci&#xF3;n Discord Emoji\" class=\"wp-image-8570\" srcset=\"https:\/\/comprarseguidores.io\/wp-content\/uploads\/2024\/06\/Compre-a-reacao-do-Discord-Emoji.png 800w, https:\/\/comprarseguidores.io\/wp-content\/uploads\/2024\/06\/Compre-a-reacao-do-Discord-Emoji-300x225.png 300w, https:\/\/comprarseguidores.io\/wp-content\/uploads\/2024\/06\/Compre-a-reacao-do-Discord-Emoji-768x576.png 768w, https:\/\/comprarseguidores.io\/wp-content\/uploads\/2024\/06\/Compre-a-reacao-do-Discord-Emoji-441x331.png 441w, https:\/\/comprarseguidores.io\/wp-content\/uploads\/2024\/06\/Compre-a-reacao-do-Discord-Emoji-150x113.png 150w\" sizes=\"(max-width: 800px) 100vw, 800px\" \/><\/figure>\n\n<h2 class=\"wp-block-heading\">Aumenta el engagement en tu canal de Discord comprando reacciones emoji<\/h2>\n\n<p>En el mundo digital actual, es esencial estar activo y presente, especialmente en plataformas como Discord. \u00bfUna clave del \u00e9xito? El compromiso. Esto no s\u00f3lo demuestra lo activa que es tu comunidad, sino tambi\u00e9n lo relevante e interesante que es tu contenido. Una forma eficaz de potenciar este compromiso es comprar reacciones emoji.    <\/p>\n\n<h2 class=\"wp-block-heading\">\u00bfPor qu\u00e9 comprar reacciones emoji?<\/h2>\n\n<ul class=\"wp-block-list\">\n<li><strong>Atenci\u00f3n inmediata: <\/strong>Una publicaci\u00f3n con muchas reacciones emoji atrae instant\u00e1neamente la atenci\u00f3n. Esto indica a los miembros que el contenido es importante o interesante y les invita a participar tambi\u00e9n. <\/li>\n\n\n\n<li><strong>Promover las interacciones<\/strong>: Cuando los dem\u00e1s ven que una publicaci\u00f3n tiene muchas reacciones, se sienten m\u00e1s inclinados a dejar una reacci\u00f3n propia o a unirse a la conversaci\u00f3n.<\/li>\n\n\n\n<li><strong>Mayor credibilidad:<\/strong> Un alto nivel de participaci\u00f3n, especialmente a trav\u00e9s de reacciones emoji, transmite la impresi\u00f3n de que tu canal es activo y valioso. Esto genera confianza y atrae a nuevos miembros. <\/li>\n\n\n\n<li><strong>Mayor visibilidad:<\/strong> En los grandes canales de Discord, los mensajes pueden perderse f\u00e1cilmente entre la multitud. Sin embargo, muchas reacciones emoji pueden ayudar a que tu mensaje destaque y no pase desapercibido. <br\/><\/li>\n<\/ul>\n\n<h2 class=\"wp-block-heading\">\u00bfC\u00f3mo funciona?<\/h2>\n\n<p>El proceso es sencillo: seleccionas una oferta que se adapte a tus necesidades y presupuesto, y en un abrir y cerrar de ojos, las reacciones emoji deseadas se a\u00f1aden a tu publicaci\u00f3n. Estas reacciones proceden de <a href=\"https:\/\/helplama.com\/discord-statistics\/#:~:text=Discord%20daily%20active%20users%20are,614%20million%20approximately%20in%202024.\">usuarios reales de Discord<\/a>, por lo que parecen completamente naturales. <\/p>\n\n<p>Comprar reacciones emoji es una forma sencilla pero eficaz de aumentar el compromiso y la visibilidad de tu canal de Discord. No es s\u00f3lo una inversi\u00f3n en tu comunidad existente, sino tambi\u00e9n una invitaci\u00f3n a que nuevos miembros se unan a tu canal y se vuelvan activos. \u00a1Aprovecha esta oportunidad y lleva tu <a href=\"https:\/\/discord.com\/login?redirect_to=%2Fchannels%2F%40me\">canal de<\/a> Discordia al siguiente nivel!  <\/p>\n\n<h1 class=\"wp-block-heading\">PREGUNTAS FRECUENTES<\/h1>\n\n<div data-schema-only=\"false\" class=\"wp-block-aioseo-faq\"><h3 class=\"aioseo-faq-block-question\">\u00c9 poss\u00edvel enfrentar uma proibi\u00e7\u00e3o por comprar uma rea\u00e7\u00e3o de emoji no Discord?<\/h3><div class=\"aioseo-faq-block-answer\">\n<p>Comprar reacciones emoji que cumplan las directrices de Discord puede ser seguro, ya que los proveedores reputados garantizan que sus servicios siguen las normas de la plataforma. Este cumplimiento promueve la participaci\u00f3n leg\u00edtima, reduciendo el riesgo de sanciones o bloqueos para tu cuenta. <\/p>\n<\/div><\/div>\n\n<div data-schema-only=\"false\" class=\"wp-block-aioseo-faq\"><h3 class=\"aioseo-faq-block-question\">Essas s\u00e3o rea\u00e7\u00f5es de emoji reais do Discord?<\/h3><div class=\"aioseo-faq-block-answer\">\n<p>S\u00ed, son reacciones emoji reales de Discord de cuentas activas y aut\u00e9nticas.<\/p>\n<\/div><\/div>\n\n<div data-schema-only=\"false\" class=\"wp-block-aioseo-faq\"><h3 class=\"aioseo-faq-block-question\">Essas rea\u00e7\u00f5es de emoji do Discord permanecer\u00e3o para sempre?<\/h3><div class=\"aioseo-faq-block-answer\">\n<p>S\u00ed, las reacciones emoji en Discordia seguir\u00e1n formando parte de la conversaci\u00f3n a menos que se borren o se elimine el mensaje asociado, lo que garantiza que tus reacciones se conserven a lo largo del tiempo.<\/p>\n<\/div><\/div>\n\n<div data-schema-only=\"false\" class=\"wp-block-aioseo-faq\"><h3 class=\"aioseo-faq-block-question\">Quais benef\u00edcios posso esperar ao comprar uma rea\u00e7\u00e3o de emoji no Discord?<\/h3><div class=\"aioseo-faq-block-answer\">\n<p>Comprar emojis personalizados o potenciadores de servidor para obtener reacciones emoji adicionales en Discordia mejora las conversaciones, permitiendo interacciones m\u00e1s personalizadas y expresivas. Esto puede hacer que las conversaciones sean m\u00e1s atractivas y divertidas, fomentando una mayor participaci\u00f3n en la comunidad. <\/p>\n<\/div><\/div>\n\n<div data-schema-only=\"false\" class=\"wp-block-aioseo-faq\"><h3 class=\"aioseo-faq-block-question\">Quanto tempo levar\u00e1 at\u00e9 eu ver resultados?<\/h3><div class=\"aioseo-faq-block-answer\">\n<p>Ver\u00e1s los resultados casi inmediatamente despu\u00e9s de que se haya procesado tu pedido, normalmente en unas pocas horas.<\/p>\n<\/div><\/div>\n\n<div data-schema-only=\"false\" class=\"wp-block-aioseo-faq\"><h3 class=\"aioseo-faq-block-question\">Por que devo comprar rea\u00e7\u00f5es de emoji no Discord?<\/h3><div class=\"aioseo-faq-block-answer\">\n<p>Comprar reacciones puede ayudar a impulsar la actividad en las publicaciones de tu servidor, haci\u00e9ndolas m\u00e1s atractivas para los miembros nuevos y existentes. Este aumento de la actividad puede conducir a un ambiente comunitario m\u00e1s vibrante, atrayendo potencialmente interacciones org\u00e1nicas y fomentando una sensaci\u00f3n de participaci\u00f3n activa entre los miembros. <\/p>\n<\/div><\/div>\n\n<div data-schema-only=\"false\" class=\"wp-block-aioseo-faq\"><h3 class=\"aioseo-faq-block-question\">Um grande n\u00famero de rea\u00e7\u00f5es de emoji pode levar a um aumento no engajamento org\u00e2nico?<\/h3><div class=\"aioseo-faq-block-answer\">\n<p>S\u00ed, un gran n\u00famero de reacciones emoji puede impulsar el compromiso org\u00e1nico en Discord. Estas reacciones aumentan la visibilidad y la interactividad de las conversaciones, atrayendo a m\u00e1s participantes y fomentando un mayor compromiso dentro de la comunidad. <\/p>\n<\/div><\/div>\n\n<div data-schema-only=\"false\" class=\"wp-block-aioseo-faq\"><h3 class=\"aioseo-faq-block-question\">Quantas rea\u00e7\u00f5es de emoji do Discord devo comprar?<\/h3><div class=\"aioseo-faq-block-answer\">\n<p>Un n\u00famero moderado puede ser eficaz. Unas pocas reacciones colocadas estrat\u00e9gicamente pueden ayudar a destacar contenido clave y estimular potencialmente m\u00e1s interacciones org\u00e1nicas. Esto podr\u00eda aumentar la visibilidad de tus publicaciones y fomentar una participaci\u00f3n m\u00e1s genuina de los usuarios, ayudando a cultivar un ambiente comunitario m\u00e1s vibrante.  <\/p>\n<\/div><\/div>\n\n<div data-schema-only=\"false\" class=\"wp-block-aioseo-faq\"><h3 class=\"aioseo-faq-block-question\">O que fazer se meu pedido n\u00e3o for entregue?<\/h3><div class=\"aioseo-faq-block-answer\">\n<p>Si tu pedido no se entrega, comprueba la confirmaci\u00f3n del pedido y los detalles del pago para asegurarte de que todo es correcto. A continuaci\u00f3n, ponte en contacto con el servicio de atenci\u00f3n al cliente con la informaci\u00f3n de tu pedido para resolver el problema. Deber\u00edan poder ayudarte y ofrecerte una soluci\u00f3n.  <\/p>\n<\/div><\/div>\n\n<div data-schema-only=\"false\" class=\"wp-block-aioseo-faq\"><h3 class=\"aioseo-faq-block-question\">Quais m\u00e9todos de pagamento voc\u00ea oferece?<\/h3><div class=\"aioseo-faq-block-answer\">\n<p>Ofrecemos diversos m\u00e9todos de pago, como tarjetas de cr\u00e9dito, PayPal y, en algunos casos, criptomonedas. Esta variedad te permite elegir la opci\u00f3n m\u00e1s conveniente para tus transacciones. <\/p>\n<\/div><\/div>\n","protected":false},"excerpt":{"rendered":"<p>\u2712\ufe0e Ejemplo de enlace: https:\/\/discord.com\/channels\/xxx\/yyy\/zzz<br \/>\u2712\ufe0e Debes insertar el enlace del mensaje al que se a\u00f1adir\u00e1 la reacci\u00f3n.<br \/>\u2712\ufe0e Los miembros har\u00e1n clic autom\u00e1ticamente en todas las reacciones disponibles en el mensaje.<br \/>\ud83e\udd16 https:\/\/offline.discordmember.net<br \/>\u25cf Despu\u00e9s de a\u00f1adir el bot, tienes que hacer un pedido.<br \/>El bot s\u00f3lo puede crear invitaciones.<br \/>Esto permite que tu pedido se procese autom\u00e1ticamente.<br \/>Tras el proceso, el bot saldr\u00e1 autom\u00e1ticamente del servidor.<br \/>Si realizas un pedido sin a\u00f1adir el bot al servidor, se cancelar\u00e1 tu pedido y se te devolver\u00e1 el cr\u00e9dito.<br \/>Se a\u00f1adir\u00e1n a tu servidor tantos miembros como reacciones haya.<br \/>Los miembros abandonan el servidor tras pulsar reaccionar.<br \/>El enlace de invitaci\u00f3n de tu servidor debe tener una duraci\u00f3n y un n\u00famero de usuarios ilimitados. Debe ser un enlace aleatorio generado por la plataforma, no un enlace de invitaci\u00f3n personalizado. <br \/>Los bots anti-guardia no deben estar activos en tu servidor.<br \/>\u27a4 Se puede a\u00f1adir un n\u00famero m\u00e1ximo de miembros por servidor. Por favor, no pidas m\u00e1s. <br \/>No debes bloquear a ning\u00fan miembro durante la transacci\u00f3n. Despu\u00e9s del proceso, puedes bloquear sin problemas.<br \/>\u27a4 El nivel de autenticaci\u00f3n de tu servidor debe estar configurado como \"Ninguno\" o \"Bajo\".<br \/>(Configuraci\u00f3n del servidor &gt; Configuraci\u00f3n de seguridad &gt; Nivel de autenticaci\u00f3n)<br \/>\u27a4 Los pedidos que no cumplan las condiciones anteriores no son reembolsables. <\/p>\n<p>\u2691 Notas:<br \/>\u2726 Si el servicio se utiliza mucho, la velocidad a la que se inicia el proceso puede variar.<br \/>\u2726 No hagas una segunda solicitud en el mismo enlace antes de que se complete tu solicitud en el sistema.<br \/>\u2726 El servidor debe ser p\u00fablico.<\/p>\n","protected":false},"featured_media":7401,"comment_status":"open","ping_status":"closed","template":"","meta":[],"product_brand":[],"product_cat":[107],"product_tag":[],"class_list":{"0":"post-13884","1":"product","2":"type-product","3":"status-publish","4":"has-post-thumbnail","6":"product_cat-discordia","8":"first","9":"instock","10":"shipping-taxable","11":"purchasable","12":"product-type-variable"},"aioseo_notices":[],"_links":{"self":[{"href":"https:\/\/comprarseguidores.io\/es\/wp-json\/wp\/v2\/product\/13884","targetHints":{"allow":["GET"]}}],"collection":[{"href":"https:\/\/comprarseguidores.io\/es\/wp-json\/wp\/v2\/product"}],"about":[{"href":"https:\/\/comprarseguidores.io\/es\/wp-json\/wp\/v2\/types\/product"}],"replies":[{"embeddable":true,"href":"https:\/\/comprarseguidores.io\/es\/wp-json\/wp\/v2\/comments?post=13884"}],"version-history":[{"count":1,"href":"https:\/\/comprarseguidores.io\/es\/wp-json\/wp\/v2\/product\/13884\/revisions"}],"predecessor-version":[{"id":13911,"href":"https:\/\/comprarseguidores.io\/es\/wp-json\/wp\/v2\/product\/13884\/revisions\/13911"}],"wp:featuredmedia":[{"embeddable":true,"href":"https:\/\/comprarseguidores.io\/es\/wp-json\/wp\/v2\/media\/7401"}],"wp:attachment":[{"href":"https:\/\/comprarseguidores.io\/es\/wp-json\/wp\/v2\/media?parent=13884"}],"wp:term":[{"taxonomy":"product_brand","embeddable":true,"href":"https:\/\/comprarseguidores.io\/es\/wp-json\/wp\/v2\/product_brand?post=13884"},{"taxonomy":"product_cat","embeddable":true,"href":"https:\/\/comprarseguidores.io\/es\/wp-json\/wp\/v2\/product_cat?post=13884"},{"taxonomy":"product_tag","embeddable":true,"href":"https:\/\/comprarseguidores.io\/es\/wp-json\/wp\/v2\/product_tag?post=13884"}],"curies":[{"name":"wp","href":"https:\/\/api.w.org\/{rel}","templated":true}]}}