{"id":13886,"date":"2025-03-29T07:27:43","date_gmt":"2025-03-29T07:27:43","guid":{"rendered":"https:\/\/comprarseguidores.io\/product\/comprar-hilos-likes-2\/"},"modified":"2025-04-06T18:24:36","modified_gmt":"2025-04-06T18:24:36","slug":"comprar-hilos-likes-2","status":"publish","type":"product","link":"https:\/\/comprarseguidores.io\/es\/product\/comprar-hilos-likes-2\/","title":{"rendered":"Comprar hilos Likes"},"content":{"rendered":"\n<h2 class=\"wp-block-heading\">Comprar hilos Likes<\/h2>\n\n<p>\u00a1Atrae a\u00fan m\u00e1s atenci\u00f3n a tus Temas con nuestros likes de alta calidad! \ud83d\udcab<\/p>\n\n<p><strong>\u00bfPor qu\u00e9 deber\u00edas comprar Likes para Threads?<\/strong><\/p>\n\n<ul class=\"wp-block-list\">\n<li>Con m\u00e1s Me gusta, aumenta la visibilidad de tus Temas, atrayendo a un p\u00fablico mayor. Los Me gusta act\u00faan como un im\u00e1n para otros usuarios que se sienten atra\u00eddos por las publicaciones populares. Cuantos m\u00e1s Me gusta recibas, m\u00e1s probable es que otros usuarios descubran tus Temas y los sigan.  <\/li>\n\n\n\n<li>Los Me gusta dan confianza social a tu perfil y mejoran tu imagen como influenciador. Cuando tu publicaci\u00f3n tiene muchos me gusta, se percibe como valiosa e interesante. Es m\u00e1s probable que otros usuarios sigan tu perfil si se dan cuenta de que ya tienes una audiencia comprometida.  <\/li>\n<\/ul>\n\n<h2 class=\"wp-block-heading\">Comprar Threads Likes reales  <\/h2>\n\n<p>Crecimiento aut\u00e9ntico: Nuestros \"Me gusta\" reales proceden de usuarios activos a los que realmente les gustan y aprecian tus Temas. Nos centramos en el crecimiento org\u00e1nico y no ofrecemos likes comprados o falsos. Con nuestros Me gusta reales, ganas credibilidad y atraes a nuevos seguidores convencidos por la calidad de tus Temas.  <\/p>\n\n<h2 class=\"wp-block-heading\">Comprar Threads Likes asequibles<\/h2>\n\n<p>Popularidad r\u00e1pida: Nuestros likes asequibles ofrecen una forma eficaz de dar a conocer tus Temas en poco tiempo. Si quieres aumentar r\u00e1pidamente el compromiso y la visibilidad de tus publicaciones, nuestros likes asequibles son la opci\u00f3n ideal. Atraen la atenci\u00f3n de otros usuarios y aumentan la interacci\u00f3n con tu perfil.  <\/p>\n\n<p><strong>Aumentar la visibilidad y el compromiso de tu perfil en Threads puede lograrse equilibrando el n\u00famero de publicaciones, seguidores, me gusta, reenv\u00edos y comentarios.<\/strong><\/p>\n\n<h2 class=\"wp-block-heading\">\u00bfCu\u00e1ntos Thread Likes debo comprar?<\/h2>\n\n<p>Ofrecemos varios paquetes que se adaptan a tus necesidades. Puedes decidir cu\u00e1ntos \"Me gusta\" quieres para tus Temas. Si est\u00e1s empezando, te recomendamos que empieces con un paquete m\u00e1s peque\u00f1o para observar los efectos. Siempre puedes a\u00f1adir m\u00e1s Me gusta m\u00e1s adelante para aumentar a\u00fan m\u00e1s tu participaci\u00f3n.   <\/p>\n\n<h2 class=\"wp-block-heading\">\u00bfQu\u00e9 son los hilos Me gusta?<\/h2>\n\n<p>Los Me gusta de los hilos son una medida del aprecio y la popularidad de las publicaciones en el fascinante mundo de los <a href=\"https:\/\/about.instagram.com\/blog\/announcements\/threads-instagram-text-feature\">hilos de Instagram<\/a>. Cuando a los usuarios les gustan tus Hilos, lo expresan a trav\u00e9s de los Me gusta, que sirven como se\u00f1ales de reconocimiento y apoyo. Con un n\u00famero creciente de Me gusta en tus publicaciones, no s\u00f3lo ganas visibilidad, sino que tambi\u00e9n atraes m\u00e1s atenci\u00f3n hacia tu contenido y ganas nuevos seguidores. El poder de los Me gusta reside en su capacidad para hacer brillar tus Temas y destacar tu perfil de forma positiva. Experimenta el poder de los Me Gusta en los Hilos con Follower-kaufen.io y siente c\u00f3mo tu perfil gana popularidad.    <\/p>\n\n<h2 class=\"wp-block-heading\">C\u00f3mo comprar Thread Likes<\/h2>\n\n<p>\u00bfQuieres aprovechar la magia de los Me Gusta en los Hilos y animar tu perfil de Hilos de Instagram? \u00a1No hay problema! Con comprarseguidores.io, es incre\u00edblemente f\u00e1cil comprar likes de alta calidad para tus publicaciones. S\u00f3lo tienes que seguir estos pasos para allanar tu camino hacia el \u00e9xito:   <\/p>\n\n<ol class=\"wp-block-list\">\n<li>Elige el paquete adecuado: Selecciona entre nuestros distintos paquetes el que mejor se adapte a tus necesidades. Ofrecemos diferentes opciones para asegurarnos de que obtienes el n\u00famero exacto de \"me gusta\" que deseas. <\/li>\n\n\n\n<li>Proporciona la URL de tus Temas: Comparte el enlace a la publicaci\u00f3n en la que quieres recibir \"Me gusta\". Nos aseguramos de que los \"Me gusta\" se dirijan y atribuyan eficazmente a tus publicaciones. <\/li>\n\n\n\n<li>Proceso de pago seguro: Nuestro proceso de pago es seguro y fiable. S\u00f3lo tienes que elegir el m\u00e9todo de pago que prefieras y tu pedido estar\u00e1 a s\u00f3lo unos clics de distancia. <\/li>\n\n\n\n<li>Disfruta del \u00e9xito: Una vez completado tu pedido, los \"Me gusta\" se enviar\u00e1n inmediatamente a las publicaciones de tus Hilos. \u00a1Rel\u00e1jate y observa c\u00f3mo tu perfil gana popularidad y hace brillar tus Hilos! <\/li>\n<\/ol>\n\n<p>Con comprarseguidores.io, comprar Likes en Hilos se convierte en algo muy sencillo. Aumenta tu visibilidad, gana nuevos seguidores y disfruta de una presencia exitosa en Hilos de Instagram. <\/p>\n\n<figure class=\"wp-block-image size-full\"><img fetchpriority=\"high\" decoding=\"async\" width=\"800\" height=\"600\" src=\"https:\/\/comprarseguidores.io\/wp-content\/uploads\/2024\/06\/Comprar-Threads-Likes.png\" alt=\"Comprar hilos Likes\" class=\"wp-image-8609\" srcset=\"https:\/\/comprarseguidores.io\/wp-content\/uploads\/2024\/06\/Comprar-Threads-Likes.png 800w, https:\/\/comprarseguidores.io\/wp-content\/uploads\/2024\/06\/Comprar-Threads-Likes-300x225.png 300w, https:\/\/comprarseguidores.io\/wp-content\/uploads\/2024\/06\/Comprar-Threads-Likes-768x576.png 768w, https:\/\/comprarseguidores.io\/wp-content\/uploads\/2024\/06\/Comprar-Threads-Likes-441x331.png 441w, https:\/\/comprarseguidores.io\/wp-content\/uploads\/2024\/06\/Comprar-Threads-Likes-150x113.png 150w\" sizes=\"(max-width: 800px) 100vw, 800px\" \/><\/figure>\n\n<h2 class=\"wp-block-heading\">\u00bfEs seguro comprar Likes para Instagram Threads?<\/h2>\n\n<p>Por supuesto. La seguridad de nuestros clientes es nuestra m\u00e1xima prioridad. S\u00f3lo utilizamos m\u00e9todos probados que cumplen <a href=\"https:\/\/help.instagram.com\/769983657850450?cms_id=769983657850450\">las directrices de<\/a> la plataforma para llevar tus Temas al \u00e9xito. Nuestros Me gusta proceden de usuarios reales, y puedes estar seguro de que tu perfil no se ver\u00e1 afectado negativamente.   <\/p>\n\n<h2 class=\"wp-block-heading\">\u00bfCu\u00e1ndo ver\u00e9 los resultados?<\/h2>\n\n<p>Tu pedido se procesa inmediatamente y se entrega en pocas horas. Notar\u00e1s r\u00e1pidamente el impacto de nuestros likes de alta calidad. Al mejorar tus Temas con nuestros \"Me gusta\", puedes notar un aumento de la interacci\u00f3n y el compromiso en poco tiempo.  <\/p>\n\n<h2 class=\"wp-block-heading\">\u00bfC\u00f3mo puedo hacerme viral comprando Thread Likes?<\/h2>\n\n<p>Combina nuestros Me gusta de hilos con otros productos como <a href=\"https:\/\/follower-kaufen.io\/product\/threads-followers-kaufen\/\">Seguidores de hilos<\/a>, Repeticiones y <a href=\"https:\/\/follower-kaufen.io\/product\/threads-kommentare-kaufen\/\">Comentarios<\/a> para maximizar tu participaci\u00f3n y convertirte en viral. Cuando tienes una variedad de interacciones en tus Temas, aumenta la probabilidad de que sean descubiertos y compartidos por otros usuarios. Esto conduce a una difusi\u00f3n exponencial de tu contenido y aumenta las posibilidades de que se convierta en <a href=\"https:\/\/medium.com\/@lovekaran00001\/15-ways-to-go-viral-on-threads-app-by-meta-4dc28c20cb9d\">viral<\/a>.  <\/p>\n\n<h2 class=\"wp-block-heading\">\u00bfSe pueden comprar likes reales para Instagram Threads?<\/h2>\n\n<p>S\u00ed, nuestros Me gusta reales proceden de usuarios activos a los que realmente les gustan tus Temas. Esto a\u00f1ade autenticidad y credibilidad a tu perfil. No ofrecemos likes comprados o falsos, sino que nos centramos en un crecimiento natural que fortalezca tu perfil y facilite interacciones genuinas.  <\/p>\n\n<h2 class=\"wp-block-heading\">\u00bfHay garant\u00eda para mi pedido?<\/h2>\n\n<p>Garant\u00eda de sustituci\u00f3n de 60 d\u00edas: Ofrecemos una generosa garant\u00eda de sustituci\u00f3n de 60 d\u00edas. Si tienes alguna pregunta o duda, ponte en contacto con nuestro servicio de asistencia por WhatsApp e ind\u00edcanos tu n\u00famero de pedido para recibir ayuda r\u00e1pidamente. Nuestro servicio de atenci\u00f3n al cliente est\u00e1 siempre disponible para garantizar que est\u00e9s satisfecho con nuestros likes y que tu perfil crezca con \u00e9xito.  <\/p>\n\n<p>Tu satisfacci\u00f3n es muy importante para nosotros. Si por cualquier motivo no est\u00e1s completamente satisfecho con nuestros servicios, siempre estamos disponibles para hablar de tus preocupaciones. Ponte en contacto con nuestro amable servicio de atenci\u00f3n al cliente y estaremos encantados de encontrar una soluci\u00f3n que satisfaga tus expectativas. Nuestro objetivo es que salgas de nuestra plataforma con una sonrisa en la cara y un perfil exitoso. \u00a1Tu satisfacci\u00f3n es nuestra motivaci\u00f3n para hacerlo siempre lo mejor posible!    <\/p>\n\n<h2 class=\"wp-block-heading\">\u00bfCu\u00e1l es el mejor sitio para comprar Thread Likes? &#8211; \u00a1Comprarseguidores.io es la mejor elecci\u00f3n! <\/h2>\n\n<p>Si est\u00e1s buscando una soluci\u00f3n fiable y eficaz para conseguir \"Me gusta\" de alta calidad para tus publicaciones en los Hilos, \u00a1entonces Follower-kaufen.io es la opci\u00f3n adecuada para ti! Te ofrecemos una experiencia de servicio de primera clase destinada a hacer brillar tu perfil de Instagram Threads. Con nuestra amplia experiencia y nuestro equipo de expertos, estamos aqu\u00ed para impulsar tu \u00e9xito en las redes sociales.  <br\/><br\/><strong>\u00bfPor qu\u00e9 Comprarseguidores.io es la mejor opci\u00f3n?<\/strong><\/p>\n\n<ul class=\"wp-block-list\">\n<li>Calidad ante todo: Ofrecemos \"Me gusta\" reales de usuarios activos a los que realmente les gustan y aprecian tus Temas. Nada de likes comprados o falsos: s\u00f3lo interacciones aut\u00e9nticas que refuerzan tu perfil. <\/li>\n\n\n\n<li>Seguridad y confianza: Tu seguridad es nuestra m\u00e1xima prioridad. Nuestros m\u00e9todos cumplen las directrices de la plataforma, por lo que no tienes que preocuparte por repercusiones negativas en tu perfil. <\/li>\n\n\n\n<li>Resultados r\u00e1pidos: Con Follower-kaufen.io, obtienes resultados inmediatos. Tu pedido se procesa inmediatamente, y sentir\u00e1s r\u00e1pidamente los efectos positivos de nuestros \"Me gusta\" de alta calidad. <\/li>\n\n\n\n<li>Atenci\u00f3n al cliente: Nuestro equipo de atenci\u00f3n al cliente est\u00e1 siempre disponible para responder a tus preguntas y ayudarte a tener \u00e9xito en Instagram Threads.<\/li>\n<\/ul>\n\n<p>No esperes m\u00e1s: \u00a1conf\u00eda en el mejor sitio para comprar Likes en Hilos y observa c\u00f3mo tu perfil gana popularidad y tus Hilos brillan! Con Follower-kaufen.io, has encontrado la soluci\u00f3n ideal para tu \u00e9xito en las redes sociales. <\/p>\n\n<h2 class=\"wp-block-heading\">\u00bfC\u00f3mo puedo ver lo que me ha gustado en Hilos?<\/h2>\n\n<p>Para ver lo que te ha gustado en Hilos, sigue estos pasos:<\/p>\n\n<ul class=\"wp-block-list\">\n<li>En primer lugar, pulsa sobre tu foto de perfil en la parte inferior derecha de la aplicaci\u00f3n para ir a tu perfil.<\/li>\n\n\n\n<li>A continuaci\u00f3n, pulsa en el icono de ajustes de la esquina superior derecha.<\/li>\n\n\n\n<li>Por \u00faltimo, selecciona \"Tus Me Gusta\" en el men\u00fa para ver todas las publicaciones que te han gustado.<\/li>\n<\/ul>\n\n<p>Esto mostrar\u00e1 una lista de contenidos con los que has interactuado en la plataforma.<\/p>\n\n<h2 class=\"wp-block-heading\">\u00bfC\u00f3mo conseguir Me gusta en los hilos?<\/h2>\n\n<p>Para conseguir \"Me gusta\" en Threads, aseg\u00farate de que tu contenido es atractivo y resuena entre tu audiencia. Publica contenido relevante y de alta calidad que despierte el inter\u00e9s o la conversaci\u00f3n. Interact\u00faa regularmente con otros usuarios dando \"Me gusta\" y comentando sus publicaciones, lo que puede fomentar un compromiso rec\u00edproco. Utiliza hashtags relevantes para aumentar la visibilidad de tu contenido ante un p\u00fablico m\u00e1s amplio.   <\/p>\n\n<p>Adem\u00e1s, comparte las publicaciones de tus Temas en otras plataformas de redes sociales para atraer a m\u00e1s espectadores y posibles \"me gusta\" de una red m\u00e1s amplia. La coherencia en la publicaci\u00f3n y la interacci\u00f3n tambi\u00e9n ayuda a construir una base de seguidores fieles que son m\u00e1s propensos a comprometerse con tu contenido. <\/p>\n\n<h2 class=\"wp-block-heading\">\u00bfLos hilos te dicen qui\u00e9n lo vio?<\/h2>\n\n<p>Threads, al igual que Instagram, no suele notificarte qui\u00e9n ha visto tus publicaciones o tu perfil. La aplicaci\u00f3n se centra en la privacidad y las interacciones \u00edntimas, por lo que no ofrece funciones como las listas de visualizaci\u00f3n que puedes encontrar en otras plataformas de redes sociales. Esto ayuda a mantener un nivel de privacidad y discreci\u00f3n entre los usuarios.  <\/p>\n\n<h2 class=\"wp-block-heading\">\u00bfC\u00f3mo ver la actividad en los Temas?<\/h2>\n\n<p>Para ver la actividad en la aplicaci\u00f3n Temas, toca el icono de actividad en la parte inferior de la pantalla. Esto abrir\u00e1 las notificaciones sobre las interacciones con tu perfil y tus publicaciones. Ver\u00e1s una lista que detalla a qui\u00e9n le han gustado o respondido tus publicaciones, as\u00ed como qui\u00e9n te ha seguido o mencionado. Para ver tipos espec\u00edficos de actividad, pulsa en las categor\u00edas de la parte superior de la pantalla para filtrar la lista de actividades seg\u00fan tus preferencias.   <\/p>\n\n<h2 class=\"wp-block-heading\">\u00bfLos hilos muestran el estado activo?<\/h2>\n\n<p>En la aplicaci\u00f3n Temas, para comprobar tu estado activo o ver las notificaciones relacionadas con tu perfil y tus publicaciones, simplemente toca el icono designado en la parte inferior de la pantalla. Esta secci\u00f3n mostrar\u00e1 tu estado actual en l\u00ednea y cualquier actividad reciente relacionada con tu cuenta, manteni\u00e9ndote informado de las interacciones y actualizaciones. <\/p>\n\n<h2 class=\"wp-block-heading\">\u00bfHay an\u00e1lisis para Hilos?<\/h2>\n\n<p>S\u00ed, Threads ofrece funciones de an\u00e1lisis similares a las de Instagram, que permiten a los creadores hacer un seguimiento de la participaci\u00f3n y las interacciones en sus publicaciones. Estos an\u00e1lisis pueden incluir datos sobre \"Me gusta\", \"Comentarios\", \"Compartidos\" y \"Vistas\", ofreciendo informaci\u00f3n sobre el rendimiento del contenido. Esta informaci\u00f3n puede ser crucial para los usuarios que deseen optimizar sus estrategias de participaci\u00f3n y comprender mejor las preferencias de su audiencia.  <\/p>\n\n<h2 class=\"wp-block-heading\">\u00bfPor qu\u00e9 no me gustan los hilos?<\/h2>\n\n<p>Si no consigues \"Me gusta\" en Threads, puede deberse a varios factores. La visibilidad de tus publicaciones puede ser baja, lo que puede ocurrir si tu contenido no est\u00e1 alineado con los intereses de tu audiencia o si no est\u00e1s utilizando eficazmente las funciones de la plataforma, como los hashtags y las estrategias de participaci\u00f3n. Adem\u00e1s, tu red en Threads puede ser peque\u00f1a o poco activa. Para aumentar tus \"me gusta\", intenta interactuar m\u00e1s con los dem\u00e1s comentando sus publicaciones, perfeccionando tu estrategia de contenidos para mejorar su atractivo para tu p\u00fablico objetivo y ampliando tu red mediante una interacci\u00f3n y promoci\u00f3n constantes en otras plataformas.   <\/p>\n\n<h2 class=\"wp-block-heading\">\u00bfC\u00f3mo funcionan los hilos de Instagram?<\/h2>\n\n<p>Threads es una aplicaci\u00f3n de Instagram dise\u00f1ada para visualizar y compartir conversaciones p\u00fablicas. Puedes utilizar Threads para publicar tus propias conversaciones, responder a otras y seguir perfiles que te interesen. El contenido que compartes en Threads puede incluir texto breve, enlaces, fotos, v\u00eddeos o una combinaci\u00f3n de estos elementos. Esta funcionalidad permite una comunicaci\u00f3n vers\u00e1til y din\u00e1mica dentro de la aplicaci\u00f3n, atendiendo a una amplia variedad de necesidades interactivas y de intercambio.   <\/p>\n\n<h2 class=\"wp-block-heading\">\u00bfC\u00f3mo consigue la gente 1.000 me gusta en Instagram?<\/h2>\n\n<p>Se pueden alcanzar los 1.000 Me gusta en Instagram aplicando varias estrategias eficaces. En primer lugar, es crucial publicar contenido atractivo y de alta calidad que resuene con tu audiencia. Utilizar hashtags relevantes tambi\u00e9n puede aumentar significativamente el alcance de una publicaci\u00f3n, haciendo que la descubran m\u00e1s usuarios. Adem\u00e1s, publicar en los momentos ideales, cuando tu audiencia est\u00e1 m\u00e1s activa, ayuda a maximizar la visibilidad. Participar activamente con tus seguidores y otros usuarios d\u00e1ndoles a me gusta, comentando y compartiendo tambi\u00e9n puede fomentar interacciones rec\u00edprocas. Por \u00faltimo, utilizar las historias de Instagram y funciones como encuestas o preguntas puede aumentar la participaci\u00f3n y la visibilidad.     <\/p>\n\n<h2 class=\"wp-block-heading\">\u00bfSe pueden comprar likes en Threads?<\/h2>\n\n<p>Comprar likes en sitios aut\u00e9nticos puede parecer una opci\u00f3n segura si los proveedores afirman cumplir las directrices de la plataforma y no ofrecen riesgo de prohibiciones o sanciones. Sin embargo, es crucial actuar con cautela, ya que incluso los servicios aparentemente fiables pueden a veces dar lugar a complicaciones, incluidas las violaciones de las condiciones de servicio de plataformas sociales como Threads. <\/p>\n\n<h2 class=\"wp-block-heading\">\u00bfEs legal pagar por los gustos?<\/h2>\n\n<p>Comprar likes en sitios aut\u00e9nticos suele ser legal. Aunque la pr\u00e1ctica en s\u00ed no es ilegal, es importante asegurarse de que los servicios cumplen las condiciones y directrices espec\u00edficas de la plataforma de las redes sociales. Los proveedores aut\u00e9nticos que ofrecen servicios para comprar likes suelen operar dentro de un marco que evita infringir las normas, minimizando as\u00ed el riesgo de sanciones o prohibiciones. Sin embargo, los usuarios deben actuar con precauci\u00f3n y tener en cuenta el impacto potencial sobre su credibilidad y la autenticidad de su compromiso.   <\/p>\n\n<h1 class=\"wp-block-heading\">PREGUNTAS FRECUENTES<\/h1>\n\n<div data-schema-only=\"false\" class=\"wp-block-aioseo-faq\"><h3 class=\"aioseo-faq-block-question\">Quantos likes do Threads devo comprar?<\/h3><div class=\"aioseo-faq-block-answer\">\n<p>Empieza con unos pocos \"me gusta\" comprados en Threads para ver c\u00f3mo afectan a tu engagement, y luego ajusta el n\u00famero en funci\u00f3n de tus niveles de engagement, objetivos y presupuesto. Este m\u00e9todo te ayuda a ajustar tu enfoque de forma eficaz. <\/p>\n<\/div><\/div>\n\n<div data-schema-only=\"false\" class=\"wp-block-aioseo-faq\"><h3 class=\"aioseo-faq-block-question\">\u00c9 poss\u00edvel ser banido por comprar likes?<\/h3><div class=\"aioseo-faq-block-answer\">\n<p>Comprar \"Me gusta\" en sitios de confianza que sigan estrictamente las directrices de Threads puede ser seguro, ya que estos servicios garantizan que todo el compromiso cumple las normas de la plataforma, reduciendo el riesgo de ser baneado.<\/p>\n<\/div><\/div>\n\n<div data-schema-only=\"false\" class=\"wp-block-aioseo-faq\"><h3 class=\"aioseo-faq-block-question\">Esses likes do Threads permanecer\u00e3o no meu perfil para sempre?<\/h3><div class=\"aioseo-faq-block-answer\">\n<p>S\u00ed, los \"Me gusta\" comprados para Temas est\u00e1n pensados para permanecer en tu perfil de forma permanente, aumentando la visibilidad y la participaci\u00f3n a largo plazo de tus publicaciones.<\/p>\n<\/div><\/div>\n\n<div data-schema-only=\"false\" class=\"wp-block-aioseo-faq\"><h3 class=\"aioseo-faq-block-question\">O que fazer se meu pedido n\u00e3o for entregue?<\/h3><div class=\"aioseo-faq-block-answer\">\n<p>Si tu pedido no se entrega, comprueba la confirmaci\u00f3n del pedido y los datos de pago para asegurarte de que son correctos. A continuaci\u00f3n, ponte en contacto con el servicio de atenci\u00f3n al cliente con la informaci\u00f3n de tu pedido para resolver el problema. Deber\u00edan poder ayudarte y ofrecerte una soluci\u00f3n.  <\/p>\n<\/div><\/div>\n\n<div data-schema-only=\"false\" class=\"wp-block-aioseo-faq\"><h3 class=\"aioseo-faq-block-question\">Quais m\u00e9todos de pagamento voc\u00ea oferece?<\/h3><div class=\"aioseo-faq-block-answer\">\n<p>Ofrecemos diversos m\u00e9todos de pago, como tarjetas de cr\u00e9dito, PayPal y, en algunos casos, criptomonedas. Esta variedad te permite elegir la opci\u00f3n m\u00e1s conveniente para tus transacciones. <\/p>\n<\/div><\/div>\n\n<div data-schema-only=\"false\" class=\"wp-block-aioseo-faq\"><h3 class=\"aioseo-faq-block-question\">Por que voc\u00ea deveria comprar likes do Threads?<\/h3><div class=\"aioseo-faq-block-answer\">\n<p>Comprar Me gusta en Threads puede aumentar significativamente la visibilidad de tu contenido, mejorar tu credibilidad percibida y promover una interacci\u00f3n m\u00e1s org\u00e1nica, haciendo que tus publicaciones parezcan m\u00e1s atractivas y populares a los espectadores.<\/p>\n<\/div><\/div>\n\n<div data-schema-only=\"false\" class=\"wp-block-aioseo-faq\"><h3 class=\"aioseo-faq-block-question\">Um alto n\u00famero de likes no meu perfil pode levar a um aumento no engajamento org\u00e2nico?<\/h3><div class=\"aioseo-faq-block-answer\">\n<p>S\u00ed, un elevado n\u00famero de \"me gusta\" en tu perfil puede impulsar la participaci\u00f3n org\u00e1nica, ya que las plataformas suelen dar prioridad a los contenidos muy atractivos, lo que conlleva una mayor visibilidad y m\u00e1s interacciones org\u00e1nicas por parte de los espectadores.<\/p>\n<\/div><\/div>\n\n<div data-schema-only=\"false\" class=\"wp-block-aioseo-faq\"><h3 class=\"aioseo-faq-block-question\">Quais benef\u00edcios posso esperar ao comprar likes para minha conta?<\/h3><div class=\"aioseo-faq-block-answer\">\n<p>Comprar \"Me gusta\" puede aumentar la visibilidad y la participaci\u00f3n de tus publicaciones, haci\u00e9ndolas parecer m\u00e1s populares. Esta popularidad percibida puede mejorar la forma en que los algoritmos clasifican tu contenido, lo que te dar\u00e1 mayor visibilidad y atraer\u00e1 m\u00e1s interacciones org\u00e1nicas de los espectadores. <\/p>\n<\/div><\/div>\n","protected":false},"excerpt":{"rendered":"<p>Experimenta las ventajas de nuestros likes premium:<br \/>\ud83d\udc4d Aumenta la visibilidad de tus publicaciones en Instagram Threads.<br \/>\ud83d\udc4d Consigue nuevos seguidores y ampl\u00eda tu comunidad.<br \/>\ud83d\udc4d Resultados r\u00e1pidos para impactos positivos inmediatos.<br \/>\ud83d\udc4d Servicio seguro y fiable sin consecuencias negativas.<br \/>\ud83d\udc4d Atenci\u00f3n al cliente dedicada para todas tus preguntas e inquietudes.<br \/>Conf\u00eda en comprarseguidores.io y haz brillar tus Hilos &#8211; \u00a1Tu \u00e9xito en las redes sociales es nuestro objetivo!<\/p>\n","protected":false},"featured_media":7274,"comment_status":"open","ping_status":"closed","template":"","meta":[],"product_brand":[],"product_cat":[126],"product_tag":[],"class_list":{"0":"post-13886","1":"product","2":"type-product","3":"status-publish","4":"has-post-thumbnail","6":"product_cat-hilos","8":"first","9":"instock","10":"shipping-taxable","11":"purchasable","12":"product-type-variable"},"aioseo_notices":[],"_links":{"self":[{"href":"https:\/\/comprarseguidores.io\/es\/wp-json\/wp\/v2\/product\/13886","targetHints":{"allow":["GET"]}}],"collection":[{"href":"https:\/\/comprarseguidores.io\/es\/wp-json\/wp\/v2\/product"}],"about":[{"href":"https:\/\/comprarseguidores.io\/es\/wp-json\/wp\/v2\/types\/product"}],"replies":[{"embeddable":true,"href":"https:\/\/comprarseguidores.io\/es\/wp-json\/wp\/v2\/comments?post=13886"}],"version-history":[{"count":1,"href":"https:\/\/comprarseguidores.io\/es\/wp-json\/wp\/v2\/product\/13886\/revisions"}],"predecessor-version":[{"id":13913,"href":"https:\/\/comprarseguidores.io\/es\/wp-json\/wp\/v2\/product\/13886\/revisions\/13913"}],"wp:featuredmedia":[{"embeddable":true,"href":"https:\/\/comprarseguidores.io\/es\/wp-json\/wp\/v2\/media\/7274"}],"wp:attachment":[{"href":"https:\/\/comprarseguidores.io\/es\/wp-json\/wp\/v2\/media?parent=13886"}],"wp:term":[{"taxonomy":"product_brand","embeddable":true,"href":"https:\/\/comprarseguidores.io\/es\/wp-json\/wp\/v2\/product_brand?post=13886"},{"taxonomy":"product_cat","embeddable":true,"href":"https:\/\/comprarseguidores.io\/es\/wp-json\/wp\/v2\/product_cat?post=13886"},{"taxonomy":"product_tag","embeddable":true,"href":"https:\/\/comprarseguidores.io\/es\/wp-json\/wp\/v2\/product_tag?post=13886"}],"curies":[{"name":"wp","href":"https:\/\/api.w.org\/{rel}","templated":true}]}}