{"id":13927,"date":"2025-03-29T07:29:04","date_gmt":"2025-03-29T07:29:04","guid":{"rendered":"https:\/\/comprarseguidores.io\/product\/comprar-copias-x-2\/"},"modified":"2025-04-06T18:24:36","modified_gmt":"2025-04-06T18:24:36","slug":"comprar-copias-x-2","status":"publish","type":"product","link":"https:\/\/comprarseguidores.io\/es\/product\/comprar-copias-x-2\/","title":{"rendered":"Comprar copias X"},"content":{"rendered":"\n<h2 class=\"wp-block-heading\">Comprar copias X<\/h2>\n\n<p>Comprar X Impressions ofrece varias ventajas clave para mejorar tu presencia en Internet. En primer lugar, aumenta la visibilidad de tu contenido, haciendo m\u00e1s probable que lo vea un p\u00fablico m\u00e1s amplio. Esta mayor exposici\u00f3n puede atraer m\u00e1s visitas org\u00e1nicas, \"me gusta\" y \"compartir\", impulsando tus m\u00e9tricas de participaci\u00f3n.  <\/p>\n\n<p>Adem\u00e1s, un mayor n\u00famero de impresiones puede mejorar la clasificaci\u00f3n de tu contenido en los algoritmos de b\u00fasqueda, lo que se traduce en un alcance y una visibilidad a\u00fan mayores. Esta estrategia tambi\u00e9n puede aumentar tu credibilidad, ya que el contenido con un alto nivel de participaci\u00f3n parece m\u00e1s autorizado y digno de confianza. En general, comprar Impresiones X es una forma eficaz de acelerar el crecimiento, aumentar el engagement y construir una presencia online m\u00e1s influyente.  <\/p>\n\n<h2 class=\"wp-block-heading\">Comprar X impresiones monetizables\/org\u00e1nicas<\/h2>\n\n<p>Aumenta el alcance y la rentabilidad de tus contenidos con nuestro paquete Impresiones X Monetizables\/Org\u00e1nicas. Aumenta la visibilidad de tus publicaciones con impresiones aut\u00e9nticas y org\u00e1nicas que atraen m\u00e1s participaci\u00f3n genuina. Esto no s\u00f3lo aumenta la credibilidad de tu contenido, sino que tambi\u00e9n mejora su posicionamiento en los algoritmos de b\u00fasqueda, aumentando el potencial de monetizaci\u00f3n y una presencia online m\u00e1s fuerte.  <\/p>\n\n<p><strong>Puedes aumentar la visibilidad y el compromiso en tu perfil X manteniendo una buena mezcla de seguidores, me gusta, retweets, votos en encuestas, oyentes en espacios y comentarios aleatorios.<\/strong><\/p>\n\n<h2 class=\"wp-block-heading\">\u00bfCu\u00e1les son las ventajas de comprar copias X?<\/h2>\n\n<p>Comprar copias X ofrece varias ventajas:<\/p>\n\n<ol class=\"wp-block-list\">\n<li><strong>Mayor visibilidad: <\/strong>Comprar impresiones garantiza que tu contenido sea visto por un p\u00fablico m\u00e1s amplio, aumentando tu exposici\u00f3n en toda la plataforma.<\/li>\n\n\n\n<li><strong>Mayor compromiso:<\/strong> Con m\u00e1s impresiones, es probable que tu contenido atraiga m\u00e1s visitas org\u00e1nicas, \"me gusta\" y \"compartir\", lo que se traduce en mayores tasas de participaci\u00f3n.<\/li>\n\n\n\n<li><strong>Mejor clasificaci\u00f3n en los resultados de b\u00fasqueda<\/strong>: Un mayor n\u00famero de impresiones puede mejorar la posici\u00f3n de tu contenido en los resultados de b\u00fasqueda y en las recomendaciones, haci\u00e9ndolo m\u00e1s descubrible para los usuarios.<\/li>\n\n\n\n<li><strong>Mayor credibilidad:<\/strong> El contenido con altos niveles de participaci\u00f3n parece m\u00e1s autorizado y digno de confianza, lo que aumenta la credibilidad de tu perfil y atrae a m\u00e1s seguidores.<\/li>\n\n\n\n<li><strong>Crecimiento m\u00e1s r\u00e1pido<\/strong>: Comprar impresiones es una forma r\u00e1pida y eficaz de acelerar tu presencia e influencia en Internet, ayud\u00e1ndote a alcanzar tus objetivos de crecimiento de forma m\u00e1s eficiente.<\/li>\n\n\n\n<li><strong>Mayor potencial de m<\/strong>onetizaci\u00f3n: Con una mayor visibilidad e implicaci\u00f3n, tu contenido resulta m\u00e1s atractivo para anunciantes y patrocinadores, aumentando potencialmente tus oportunidades de monetizaci\u00f3n.<\/li>\n\n\n\n<li><strong>Mayor conciencia<\/strong> de <strong>marca:<\/strong> M\u00e1s impresiones ayudan a construir y reforzar tu conciencia de marca, haciendo que tu contenido y mensaje sean m\u00e1s memorables para tu audiencia.<\/li>\n<\/ol>\n\n<p>En general, comprar impresiones X es una inversi\u00f3n estrat\u00e9gica que puede aumentar significativamente el rendimiento de tus contenidos y tu presencia general en Internet.<\/p>\n\n<h2 class=\"wp-block-heading\">\u00bfEs seguro comprar copias X?<\/h2>\n\n<p>S\u00ed, es seguro comprar copias X si las adquieres en sitios acreditados y aut\u00e9nticos. Los proveedores reputados garantizan que las copias proceden de cuentas reales y activas y cumplen las directrices de la plataforma, minimizando el riesgo de sanciones o problemas con la cuenta. Los servicios de confianza utilizan m\u00e9todos seguros para mantener a salvo tu cuenta y a menudo ofrecen atenci\u00f3n al cliente para cualquier duda. Esto te permite aumentar tu visibilidad y compromiso con confianza.   <\/p>\n\n<figure class=\"wp-block-image size-full\"><img fetchpriority=\"high\" decoding=\"async\" width=\"800\" height=\"600\" src=\"https:\/\/comprarseguidores.io\/wp-content\/uploads\/2024\/06\/X-Compre-impressoes.png\" alt=\"X Comprar copias\" class=\"wp-image-8816\" srcset=\"https:\/\/comprarseguidores.io\/wp-content\/uploads\/2024\/06\/X-Compre-impressoes.png 800w, https:\/\/comprarseguidores.io\/wp-content\/uploads\/2024\/06\/X-Compre-impressoes-300x225.png 300w, https:\/\/comprarseguidores.io\/wp-content\/uploads\/2024\/06\/X-Compre-impressoes-768x576.png 768w, https:\/\/comprarseguidores.io\/wp-content\/uploads\/2024\/06\/X-Compre-impressoes-441x331.png 441w, https:\/\/comprarseguidores.io\/wp-content\/uploads\/2024\/06\/X-Compre-impressoes-150x113.png 150w\" sizes=\"(max-width: 800px) 100vw, 800px\" \/><\/figure>\n\n<h2 class=\"wp-block-heading\">\u00bfC\u00f3mo comprar copias X?<\/h2>\n\n<p>Comprar copias en X es incre\u00edblemente f\u00e1cil y sencillo. S\u00f3lo tienes que rellenar la URL en el \u00e1rea indicada, seleccionar la cantidad deseada de copias y completar tu pedido. Todo el proceso s\u00f3lo lleva unos minutos y, una vez realizado el pedido, suele empezar a procesarse en unas horas.  <\/p>\n\n<p>Empezar\u00e1s a ver resultados casi de inmediato, con un aumento de las impresiones que impulsar\u00e1 la visibilidad y el compromiso de tus contenidos sin esfuerzo. Este m\u00e9todo sencillo y eficaz te permite mejorar r\u00e1pida y eficazmente tu presencia en Internet. <\/p>\n\n<ol class=\"wp-block-list\">\n<li>Rellena la URL en el espacio previsto para ello.<\/li>\n\n\n\n<li>Selecciona el n\u00famero de impresiones deseado.<\/li>\n\n\n\n<li>Completa tu pedido.<\/li>\n\n\n\n<li>La tramitaci\u00f3n del pedido comienza en pocas horas.<\/li>\n\n\n\n<li>Obt\u00e9n resultados inmediatos con un aumento de las impresiones que potencian la visibilidad y el compromiso de tu contenido.<\/li>\n<\/ol>\n\n<h2 class=\"wp-block-heading\">\u00bfCu\u00e1nto cuestan 1000 copias X?<\/h2>\n\n<p>El coste de 1.000 impresiones X suele rondar los 3 $, aunque el precio puede variar seg\u00fan la calidad y el paquete que ofrezca el proveedor. Las impresiones de mayor calidad de cuentas activas pueden costar m\u00e1s, mientras que los paquetes est\u00e1ndar pueden ser m\u00e1s asequibles. Esta flexibilidad de precios te permite elegir la opci\u00f3n que mejor se adapte a tus necesidades y presupuesto, asegur\u00e1ndote de que obtienes el m\u00e1ximo valor y eficacia por tu inversi\u00f3n en aumentar la visibilidad y el compromiso de tu contenido.  <\/p>\n\n<h2 class=\"wp-block-heading\">\u00bfC\u00f3mo puedo conseguir m\u00e1s copias X?<\/h2>\n\n<p>Para obtener m\u00e1s impresiones de X, considera la posibilidad de aplicar las siguientes estrategias:<\/p>\n\n<ol class=\"wp-block-list\">\n<li><strong>Crea contenido de alta calidad<br\/><\/strong>Produce contenido atractivo y valioso que resuene con tu audiencia, anim\u00e1ndola a interactuar y compartir.<br\/><\/li>\n\n\n\n<li><strong>Optimiza para SEO<br\/><\/strong>Utiliza palabras clave, etiquetas y descripciones relevantes para mejorar la visibilidad de tu contenido en los resultados de b\u00fasqueda.<br\/><\/li>\n\n\n\n<li><strong>Promoci\u00f3n en redes sociales<br\/><\/strong>Comparte tu contenido en varias plataformas de redes sociales para llegar a un p\u00fablico m\u00e1s amplio y conseguir m\u00e1s impresiones.<br\/><\/li>\n\n\n\n<li><strong>Colabora con personas influyentes<br\/><\/strong>As\u00f3ciate con personas influyentes de tu nicho para aprovechar su audiencia y aumentar la visibilidad de tu contenido.<br\/><\/li>\n\n\n\n<li><strong>Utiliza la publicidad de pago<br\/><\/strong>Invierte en anuncios de pago para dirigirte a grupos demogr\u00e1ficos espec\u00edficos y aumentar el alcance de tus contenidos.<br\/><\/li>\n\n\n\n<li>Interact\u00faa <strong>con tu audiencia<br\/><\/strong>Responde a los comentarios y mensajes para crear una comunidad fiel que interact\u00fae regularmente con tu contenido.<br\/><\/li>\n\n\n\n<li><strong>Publica con coherencia<br\/><\/strong>Mant\u00e9n un calendario regular de publicaciones para que tu audiencia siga interesada y vuelva a por m\u00e1s.<br\/><\/li>\n\n\n\n<li><strong>Utiliza miniaturas atractivas<br\/><\/strong>Crea miniaturas llamativas que atraigan la atenci\u00f3n de los espectadores y fomenten los clics.<br\/><\/li>\n\n\n\n<li><strong>Aprovecha el marketing por correo electr\u00f3nico<br\/><\/strong>Env\u00eda tu contenido a los suscriptores a trav\u00e9s de boletines por correo electr\u00f3nico para obtener m\u00e1s impresiones de un p\u00fablico espec\u00edfico.<br\/><\/li>\n\n\n\n<li><strong>Analiza y ajusta<br\/><\/strong>Analiza peri\u00f3dicamente tus m\u00e9tricas de rendimiento y ajusta tu estrategia en funci\u00f3n de lo que funcione mejor para aumentar las impresiones.<\/li>\n<\/ol>\n\n<p>Aplicando estas estrategias, puedes aumentar eficazmente el n\u00famero de impresiones X de tu contenido.<\/p>\n\n<h2 class=\"wp-block-heading\">\u00bfPor qu\u00e9 buyfollowers.io es el mejor sitio para comprar X impresiones?<\/h2>\n\n<p>comprarseguidores.io es el mejor sitio para comprar impresiones X por su compromiso con la calidad, la fiabilidad y la satisfacci\u00f3n del cliente. Ofrecen impresiones de cuentas reales y activas, lo que garantiza que tu compromiso parezca aut\u00e9ntico y cre\u00edble. El proceso de pedido es sencillo y f\u00e1cil de usar, con tiempos de respuesta r\u00e1pidos para que puedas ver los resultados casi de inmediato. comprarseguidores.io se adhiere a las directrices de la plataforma, minimizando el riesgo de penalizaciones y garantizando la seguridad de tu cuenta.   <\/p>\n\n<p>Sus competitivas opciones de precios te permiten elegir paquetes que se ajusten a tu presupuesto sin comprometer la calidad. Adem\u00e1s, su excelente servicio de atenci\u00f3n al cliente est\u00e1 siempre a mano para ayudarte con cualquier pregunta o duda. Con innumerables opiniones positivas de clientes satisfechos, comprarseguidores.io es una opci\u00f3n fiable para aumentar tus impresiones X de forma eficaz y segura.  <\/p>\n\n<h2 class=\"wp-block-heading\">Comprarseguidores.io Ofrece los siguientes paquetes de impresi\u00f3n Active X<\/h2>\n\n<p>500 Impresiones de X<br\/>1000 Impresiones de X<br\/>10.000 Impresiones de X<br\/>25.000 Impresiones de X<br\/>50.000 Impresiones de X<br\/>100.000 Impresiones de X<br\/>500.000 Impresiones de X<br\/>1 mill\u00f3n de Impresiones de X<\/p>\n\n<h1 class=\"wp-block-heading\">PREGUNTAS FRECUENTES<\/h1>\n\n<div data-schema-only=\"false\" class=\"wp-block-aioseo-faq\"><h3 class=\"aioseo-faq-block-question\">S\u00e3o estas impress\u00f5es X reais?<\/h3><div class=\"aioseo-faq-block-answer\">\n<p>S\u00ed, este sitio web proporciona impresiones X reales de cuentas X activas y aut\u00e9nticas.<\/p>\n<\/div><\/div>\n\n<div data-schema-only=\"false\" class=\"wp-block-aioseo-faq\"><h3 class=\"aioseo-faq-block-question\">Quantas impress\u00f5es X devo comprar?<\/h3><div class=\"aioseo-faq-block-answer\">\n<p>Cu\u00e1ntas impresiones X debes comprar depende de tus objetivos. Para una visibilidad inicial, una cantidad menor puede ser suficiente. Para un mayor impacto y compromiso, considera comprar m\u00e1s. Ajusta la cantidad a tus objetivos espec\u00edficos para obtener los mejores resultados.   <\/p>\n<\/div><\/div>\n\n<div data-schema-only=\"false\" class=\"wp-block-aioseo-faq\"><h3 class=\"aioseo-faq-block-question\">O que fazer se o meu pedido n\u00e3o for entregue?<\/h3><div class=\"aioseo-faq-block-answer\">\n<p>Si tu pedido de impresi\u00f3n X no se entrega, comprueba los detalles de tu transacci\u00f3n y ponte en contacto con el servicio de atenci\u00f3n al cliente del proveedor con la informaci\u00f3n de tu pedido para que te ayuden.<\/p>\n<\/div><\/div>\n\n<div data-schema-only=\"false\" class=\"wp-block-aioseo-faq\"><h3 class=\"aioseo-faq-block-question\">Voc\u00eas aceitam pagamentos com criptomoedas?<\/h3><div class=\"aioseo-faq-block-answer\">\n<p>S\u00ed, aceptamos pagos en criptomoneda. Puedes utilizar tu criptomoneda favorita para realizar transacciones sin problemas y de forma segura. <\/p>\n<\/div><\/div>\n\n<div data-schema-only=\"false\" class=\"wp-block-aioseo-faq\"><h3 class=\"aioseo-faq-block-question\">Estas impress\u00f5es X permanecer\u00e3o no meu perfil para sempre?<\/h3><div class=\"aioseo-faq-block-answer\">\n<p>S\u00ed, las X impresiones que compres est\u00e1n destinadas a permanecer en tu perfil indefinidamente, aumentando la visibilidad y la credibilidad duradera de tus tweets.<\/p>\n<\/div><\/div>\n\n<div data-schema-only=\"false\" class=\"wp-block-aioseo-faq\"><h3 class=\"aioseo-faq-block-question\">\u00c9 legal comprar impress\u00f5es X?<\/h3><div class=\"aioseo-faq-block-answer\">\n<p>S\u00ed, es legal comprar copias X, especialmente cuando seleccionas sitios web fiables y de buena reputaci\u00f3n que cumplan las directrices X. Estos proveedores gestionan el proceso de acuerdo con las normas legales y las condiciones de servicio de la plataforma, garantizando el cumplimiento y la seguridad.<\/p>\n<\/div><\/div>\n\n<div data-schema-only=\"false\" class=\"wp-block-aioseo-faq\"><h3 class=\"aioseo-faq-block-question\">Quais benef\u00edcios posso esperar ao comprar impress\u00f5es X para a minha conta?<\/h3><div class=\"aioseo-faq-block-answer\">\n<p>Comprar X impresiones aumenta la visibilidad y el compromiso de tu contenido, lo que se traduce en m\u00e1s me gusta, comentarios y comparticiones. Tambi\u00e9n aumenta la credibilidad de tu perfil, mejora tu clasificaci\u00f3n en las b\u00fasquedas y acelera el crecimiento de la cuenta al llegar a un p\u00fablico m\u00e1s amplio. <\/p>\n<\/div><\/div>\n\n<div data-schema-only=\"false\" class=\"wp-block-aioseo-faq\"><h3 class=\"aioseo-faq-block-question\">Quanto tempo at\u00e9 eu ver resultados?<\/h3><div class=\"aioseo-faq-block-answer\">\n<p>Ver\u00e1s los resultados inmediatamente despu\u00e9s de que se haya procesado tu pedido.<\/p>\n<\/div><\/div>\n\n<div data-schema-only=\"false\" class=\"wp-block-aioseo-faq\"><h3 class=\"aioseo-faq-block-question\">Qual \u00e9 o n\u00famero ideal de impress\u00f5es X para comprar?<\/h3><div class=\"aioseo-faq-block-answer\">\n<p>El n\u00famero ideal de impresiones X a comprar depende de tus objetivos espec\u00edficos. Para un aumento modesto de la visibilidad y el compromiso, puede bastar con una cantidad menor. Para un aumento significativo de la exposici\u00f3n y el impacto, considera la posibilidad de comprar una cantidad mayor.  <\/p>\n<\/div><\/div>\n\n<div data-schema-only=\"false\" class=\"wp-block-aioseo-faq\"><h3 class=\"aioseo-faq-block-question\">Comprar impress\u00f5es \u00e9 uma a\u00e7\u00e3o frequentemente praticada?<\/h3><div class=\"aioseo-faq-block-answer\">\n<p>S\u00ed, comprar impresiones en X es una acci\u00f3n que se practica con frecuencia. Muchos usuarios, incluidas empresas y personas influyentes, utilizan esta estrategia para aumentar su visibilidad, participaci\u00f3n y presencia general en la plataforma. <\/p>\n<\/div><\/div>\n","protected":false},"excerpt":{"rendered":"<p>Aumenta f\u00e1cilmente tu presencia en Internet:<\/p>\n<ul>\n<li>\u2705 <strong>M\u00e1s credibilidad<\/strong>: M\u00e1s impresiones aumentan tu autoridad.<\/li>\n<li>\ud83d\udcc8 <strong>Crecimiento org\u00e1nico<\/strong>: El compromiso aumenta de forma natural.<\/li>\n<li>\ud83d\udd10 <strong>Seguro y protegido<\/strong>: Crecimiento permanente sin p\u00e9rdida de visualizaciones.<\/li>\n<li>\u26a1 <strong>Resultados r\u00e1pidos<\/strong>: Crecimiento r\u00e1pido e impresionante.<\/li>\n<li>\ud83d\udee0\ufe0f <strong>Asistencia 24\/7<\/strong>: Ayuda experta en cualquier momento.<\/li>\n<\/ul>\n","protected":false},"featured_media":7406,"comment_status":"open","ping_status":"closed","template":"","meta":[],"product_brand":[],"product_cat":[110],"product_tag":[],"class_list":{"0":"post-13927","1":"product","2":"type-product","3":"status-publish","4":"has-post-thumbnail","6":"product_cat-x-es","8":"first","9":"instock","10":"shipping-taxable","11":"purchasable","12":"product-type-variable"},"aioseo_notices":[],"_links":{"self":[{"href":"https:\/\/comprarseguidores.io\/es\/wp-json\/wp\/v2\/product\/13927","targetHints":{"allow":["GET"]}}],"collection":[{"href":"https:\/\/comprarseguidores.io\/es\/wp-json\/wp\/v2\/product"}],"about":[{"href":"https:\/\/comprarseguidores.io\/es\/wp-json\/wp\/v2\/types\/product"}],"replies":[{"embeddable":true,"href":"https:\/\/comprarseguidores.io\/es\/wp-json\/wp\/v2\/comments?post=13927"}],"version-history":[{"count":1,"href":"https:\/\/comprarseguidores.io\/es\/wp-json\/wp\/v2\/product\/13927\/revisions"}],"predecessor-version":[{"id":13952,"href":"https:\/\/comprarseguidores.io\/es\/wp-json\/wp\/v2\/product\/13927\/revisions\/13952"}],"wp:featuredmedia":[{"embeddable":true,"href":"https:\/\/comprarseguidores.io\/es\/wp-json\/wp\/v2\/media\/7406"}],"wp:attachment":[{"href":"https:\/\/comprarseguidores.io\/es\/wp-json\/wp\/v2\/media?parent=13927"}],"wp:term":[{"taxonomy":"product_brand","embeddable":true,"href":"https:\/\/comprarseguidores.io\/es\/wp-json\/wp\/v2\/product_brand?post=13927"},{"taxonomy":"product_cat","embeddable":true,"href":"https:\/\/comprarseguidores.io\/es\/wp-json\/wp\/v2\/product_cat?post=13927"},{"taxonomy":"product_tag","embeddable":true,"href":"https:\/\/comprarseguidores.io\/es\/wp-json\/wp\/v2\/product_tag?post=13927"}],"curies":[{"name":"wp","href":"https:\/\/api.w.org\/{rel}","templated":true}]}}