{"id":13953,"date":"2025-03-29T07:28:52","date_gmt":"2025-03-29T07:28:52","guid":{"rendered":"https:\/\/comprarseguidores.io\/product\/compra-de-votos-en-x-encuestas-2\/"},"modified":"2025-04-06T18:24:37","modified_gmt":"2025-04-06T18:24:37","slug":"compra-de-votos-en-x-encuestas-2","status":"publish","type":"product","link":"https:\/\/comprarseguidores.io\/es\/product\/compra-de-votos-en-x-encuestas-2\/","title":{"rendered":"Compra de votos en X encuestas"},"content":{"rendered":"\n<h2 class=\"wp-block-heading\">Compra de votos en X encuestas<\/h2>\n\n<p>Comprar votos en las encuestas X ofrece varias ventajas que pueden mejorar significativamente tu estrategia en las redes sociales. En primer lugar, aumenta la visibilidad y la popularidad percibida de tu encuesta, atrayendo m\u00e1s atenci\u00f3n y participaci\u00f3n de usuarios aut\u00e9nticos. Esto puede conducir a un mayor compromiso con tu contenido, ya que los usuarios suelen sentirse atra\u00eddos a participar en encuestas que parecen activas y populares.  <\/p>\n\n<p>Adem\u00e1s, comprar votos en las encuestas puede ayudar a influir en los resultados a tu favor, lo que puede ser especialmente \u00fatil en situaciones en las que el resultado es importante para<a href=\"https:\/\/caasa.ca\/archives\/events\/using-public-opinion-polls-within-your-marketing-strategy\"> las estrategias de marketing o la opini\u00f3n p\u00fablica<\/a>. En \u00faltima instancia, esta estrategia no s\u00f3lo aumenta la actividad en tu encuesta, sino que tambi\u00e9n refuerza la credibilidad y autoridad de tu contenido, ya que los \u00edndices de participaci\u00f3n m\u00e1s elevados suelen considerarse un signo de relevancia e inter\u00e9s en la comunidad. <\/p>\n\n<p><strong>Puedes aumentar la visibilidad y el compromiso en tu perfil X manteniendo una buena mezcla de seguidores, me gusta, retweets, votos en encuestas, oyentes en espacios y comentarios aleatorios.<\/strong><\/p>\n\n<h2 class=\"wp-block-heading\">\u00bfCu\u00e1les son las ventajas de comprar votos de la encuesta X?<\/h2>\n\n<p>Comprar votos de b\u00fasqueda X puede ofrecer beneficios significativos para mejorar tu presencia online y alcanzar objetivos estrat\u00e9gicos:<\/p>\n\n<ol class=\"wp-block-list\">\n<li><strong>Mayor participaci\u00f3n en la encuesta<br\/><\/strong>Comprar votos puede hacer que tu encuesta parezca m\u00e1s atractiva y popular, lo que naturalmente atrae una participaci\u00f3n org\u00e1nica adicional de los espectadores.<br\/><\/li>\n\n\n\n<li><strong>Influir en los resultados<br\/><\/strong>Aumentando el n\u00famero de votos a tu favor, puedes influir en el resultado de la encuesta. Esto es especialmente \u00fatil para las campa\u00f1as en las que es esencial demostrar un fuerte apoyo. <br\/><\/li>\n\n\n\n<li><strong>Mayor credibilidad<br\/><\/strong>Una encuesta con un mayor n\u00famero de votos puede parecer m\u00e1s cre\u00edble y autorizada, lo que puede aumentar el valor percibido de tu contenido o marca.<br\/><\/li>\n\n\n\n<li><strong>Mayor visibilidad<br\/><\/strong>Las encuestas que reciben mucha participaci\u00f3n suelen tener mayor visibilidad dentro de las plataformas. Esta mayor exposici\u00f3n puede dar lugar tambi\u00e9n a m\u00e1s interacciones y compromiso con otros contenidos. <br\/><\/li>\n\n\n\n<li><strong>Ventajas estrat\u00e9gicas<br\/><\/strong>Para las empresas y las personas influyentes, los resultados manipulados de la investigaci\u00f3n pueden orientar la opini\u00f3n p\u00fablica o los estudios de mercado, moldeando estrategias y decisiones en funci\u00f3n del resultado deseado.<\/li>\n<\/ol>\n\n<p>Estos beneficios ponen de relieve c\u00f3mo la compra de votos de b\u00fasqueda X puede ser una herramienta poderosa en una estrategia m\u00e1s amplia de medios sociales, ayudando a alcanzar objetivos espec\u00edficos y a mejorar las m\u00e9tricas de participaci\u00f3n.<\/p>\n\n<h2 class=\"wp-block-heading\">\u00bfEs seguro comprar votos de la encuesta X?<\/h2>\n\n<p>Comprar votos de encuestas de X puede ser seguro si eliges comprar a proveedores fiables y de buena reputaci\u00f3n. Estos proveedores garantizan que los votos proceden de usuarios reales y cumplen las directrices de la plataforma, minimizando as\u00ed el riesgo de infringir las condiciones del servicio y enfrentarte a posibles sanciones, como la suspensi\u00f3n de la cuenta. <\/p>\n\n<p>Es importante investigar a fondo al proveedor, comprobando las opiniones de los clientes y su adhesi\u00f3n a pr\u00e1cticas \u00e9ticas. Opta siempre por servicios que ofrezcan transparencia en la forma en que generan los votos, para asegurarte de que sus acciones no ponen en peligro la integridad de tu cuenta o la legitimidad de los resultados de la encuesta. <\/p>\n\n<figure class=\"wp-block-image size-full\"><img fetchpriority=\"high\" decoding=\"async\" width=\"800\" height=\"600\" src=\"https:\/\/comprarseguidores.io\/wp-content\/uploads\/2024\/06\/Comprar-votos-em-enquetes-do-X.png\" alt=\"Compra de votos en X encuestas\" class=\"wp-image-8716\" srcset=\"https:\/\/comprarseguidores.io\/wp-content\/uploads\/2024\/06\/Comprar-votos-em-enquetes-do-X.png 800w, https:\/\/comprarseguidores.io\/wp-content\/uploads\/2024\/06\/Comprar-votos-em-enquetes-do-X-300x225.png 300w, https:\/\/comprarseguidores.io\/wp-content\/uploads\/2024\/06\/Comprar-votos-em-enquetes-do-X-768x576.png 768w, https:\/\/comprarseguidores.io\/wp-content\/uploads\/2024\/06\/Comprar-votos-em-enquetes-do-X-441x331.png 441w, https:\/\/comprarseguidores.io\/wp-content\/uploads\/2024\/06\/Comprar-votos-em-enquetes-do-X-150x113.png 150w\" sizes=\"(max-width: 800px) 100vw, 800px\" \/><\/figure>\n\n<h2 class=\"wp-block-heading\">\u00bfC\u00f3mo comprar X votos de la encuesta?<\/h2>\n\n<p>Comprar votos de encuestas de X es un proceso sencillo dise\u00f1ado para facilitar su uso. Para empezar, s\u00f3lo tienes que introducir la URL de la encuesta en la que quieres aumentar los votos en el campo de URL designado en el sitio web del proveedor de servicios. A continuaci\u00f3n, selecciona el n\u00famero de votos que se ajuste a tus objetivos.  <\/p>\n\n<p>Una vez que hayas completado tu pedido finalizando el pago, el proceso de a\u00f1adir votos comenzar\u00e1 en pocas horas. Ver\u00e1s r\u00e1pidamente los resultados, ya que el n\u00famero de votos de tu encuesta aumenta casi de inmediato, mejorando la visibilidad y el impacto de la encuesta sin complicaciones. Este sencillo m\u00e9todo te permite aumentar eficazmente la participaci\u00f3n e influir en el resultado de tu encuesta.  <\/p>\n\n<ol class=\"wp-block-list\">\n<li>Introduce la URL de tu b\u00fasqueda en el campo espec\u00edfico.<\/li>\n\n\n\n<li>Elige el n\u00famero de votos que quieres comprar.<\/li>\n\n\n\n<li>Finaliza la transacci\u00f3n con el pago.<\/li>\n\n\n\n<li>El servicio suele empezar a las pocas horas de la compra.<\/li>\n\n\n\n<li>Observa c\u00f3mo los votos de tu encuesta aumentan casi inmediatamente.<\/li>\n<\/ol>\n\n<h2 class=\"wp-block-heading\">\u00bfCu\u00e1nto cuestan 1000 votos X en las encuestas?<\/h2>\n\n<p>El coste de 1000 votos de una encuesta X puede variar mucho seg\u00fan el proveedor, la calidad de los votos y el nivel del servicio. Los precios pueden variar en funci\u00f3n de si los votos proceden de usuarios reales o de sistemas automatizados, y de si el servicio cumple las directrices de la plataforma para evitar posibles problemas. Para obtener precios exactos, es mejor analizar las opciones de proveedores reputados que ofrezcan transparencia sobre sus <a href=\"https:\/\/help.twitter.com\/en\/rules-and-policies\/x-rules\">m\u00e9todos y adhesi\u00f3n a pr\u00e1cticas \u00e9ticas<\/a>. Aseg\u00farate siempre de comparar servicios para obtener la mejor relaci\u00f3n calidad-precio, teniendo en cuenta las opiniones y la reputaci\u00f3n del proveedor.   <\/p>\n\n<h2 class=\"wp-block-heading\">\u00bfC\u00f3mo puedo conseguir m\u00e1s votos en la encuesta X?<\/h2>\n\n<p>Para aumentar org\u00e1nicamente tus votos de b\u00fasqueda en X, puedes utilizar varias estrategias eficaces:<\/p>\n\n<ol class=\"wp-block-list\">\n<li><strong>Promociona la encuesta<br\/><\/strong>Comparte tu encuesta en tus redes sociales y anima a tus seguidores a participar. Cuanta m\u00e1s visibilidad reciba tu encuesta, m\u00e1s votos obtendr\u00e1. <br\/><\/li>\n\n\n\n<li><strong>Involucra a tu audiencia<br\/><\/strong>Interact\u00faa con tu audiencia haciendo preguntas o iniciando debates relacionados con el tema de la encuesta. Esto puede aumentar el inter\u00e9s y motivar a la gente a votar. <br\/><\/li>\n\n\n\n<li><strong>Utiliza hashtags<br\/><\/strong>Incluye hashtags relevantes para aumentar la visibilidad de tu b\u00fasqueda m\u00e1s all\u00e1 de tus seguidores inmediatos. Los hashtags pueden ayudar a atraer a personas interesadas en el tema para que participen en tu b\u00fasqueda. <br\/><\/li>\n\n\n\n<li><strong>Colabora con personas influyentes<br\/><\/strong>As\u00f3ciate con personas influyentes u otros usuarios que tengan muchos seguidores. Su apoyo puede dirigir a sus seguidores a tu encuesta, aumentando significativamente el n\u00famero de votos. <br\/><\/li>\n\n\n\n<li><strong>Ofrece incentivos<br\/><\/strong>A veces ofrecer un peque\u00f1o incentivo, como una participaci\u00f3n en un sorteo para los que voten, puede aumentar los \u00edndices de participaci\u00f3n.<br\/><\/li>\n\n\n\n<li><strong>El momento adecuado es la clave<br\/><\/strong>Publica tu encuesta cuando tu audiencia est\u00e9 m\u00e1s activa. Comprueba los an\u00e1lisis de tus redes sociales para encontrar los mejores momentos para el compromiso. <br\/><\/li>\n\n\n\n<li><strong>Recu\u00e9rdale a tu audiencia<br\/><\/strong>Cuando la encuesta se acerque a su fin, recu\u00e9rdale a tu audiencia que vote. La gente suele necesitar un est\u00edmulo para pasar a la acci\u00f3n. <\/li>\n<\/ol>\n\n<p>Combinando estas t\u00e1cticas, puedes aumentar significativamente el n\u00famero de votos que recibe tu encuesta X, mejorando su eficacia y la exhaustividad de las opiniones o datos que recojas.<\/p>\n\n<h2 class=\"wp-block-heading\">\u00bfPor qu\u00e9 comprarseguidores.io es el mejor sitio para comprar votos de X encuestas?<\/h2>\n\n<p>Comprarseguidores.io suele considerarse el mejor sitio para comprar votos de encuestas en X debido a sus servicios fiables y transparentes. Destaca por proporcionar votos aut\u00e9nticos de usuarios reales, garantizando que todas las transacciones cumplen las directrices de la plataforma y evitan cualquier riesgo de penalizaci\u00f3n. El sitio es conocido por su excelente servicio de atenci\u00f3n al cliente, dispuesto a ayudar con cualquier pregunta o problema r\u00e1pidamente.  <\/p>\n\n<p>Adem\u00e1s, comprarseguidores.io ofrece precios competitivos y entrega r\u00e1pida, lo que te permite ver r\u00e1pidamente el impacto de tu compra. Con un fuerte enfoque en la satisfacci\u00f3n del cliente y las pr\u00e1cticas \u00e9ticas, mantiene un alto nivel de confianza y fiabilidad, lo que la convierte en la opci\u00f3n preferida para quienes desean influir en los resultados de las encuestas de forma eficaz y segura. <\/p>\n\n<h2 class=\"wp-block-heading\">Comprarseguidores.io Ofrece los siguientes paquetes de votaci\u00f3n Active X Poll<\/h2>\n\n<p>10 Votaciones en X<br\/>15 Votaciones en X<br\/>20 Votaciones en X<br\/>50 Votaciones en X<br\/>100 Votaciones en X<br\/>250 Votaciones en X<br\/>1000 Votaciones en X<br\/>5000 Votaciones en X<\/p>\n\n<h1 class=\"wp-block-heading\">PREGUNTAS FRECUENTES<\/h1>\n\n<div data-schema-only=\"false\" class=\"wp-block-aioseo-faq\"><h3 class=\"aioseo-faq-block-question\">Quais benef\u00edcios posso esperar ao comprar votos de pesquisa no X?<\/h3><div class=\"aioseo-faq-block-answer\">\n<p>Comprar votos de encuestas en X puede aumentar significativamente la participaci\u00f3n e influir en el resultado de las encuestas, haciendo que tu contenido sea m\u00e1s popular y cre\u00edble. Este enfoque estrat\u00e9gico no s\u00f3lo atrae m\u00e1s participaci\u00f3n org\u00e1nica, sino que tambi\u00e9n aumenta la visibilidad de tu encuesta, ayudando a conformar la opini\u00f3n p\u00fablica y a apoyar eficazmente tus objetivos de marketing o investigaci\u00f3n. <\/p>\n<\/div><\/div>\n\n<div data-schema-only=\"false\" class=\"wp-block-aioseo-faq\"><h3 class=\"aioseo-faq-block-question\">\u00c9 poss\u00edvel ser banido por comprar votos de pesquisa no X?<\/h3><div class=\"aioseo-faq-block-answer\">\n<p>No, comprar votos de encuestas en X a fuentes fiables que cumplan la normativa de la plataforma no suele conllevar una prohibici\u00f3n. Elegir proveedores fiables ayuda a evitar las trampas de las cuentas falsas o los bots, garantizando que sus pr\u00e1cticas se ajustan a los requisitos \u00e9ticos y normativos de X. <\/p>\n<\/div><\/div>\n\n<div data-schema-only=\"false\" class=\"wp-block-aioseo-faq\"><h3 class=\"aioseo-faq-block-question\">Por que devo comprar votos de pesquisa no X?<\/h3><div class=\"aioseo-faq-block-answer\">\n<p>Debes comprar votos de b\u00fasqueda en X para aumentar eficazmente la visibilidad y la participaci\u00f3n de tus b\u00fasquedas. Esta estrategia aumenta la popularidad y credibilidad percibidas de tu contenido, fomentando una mayor participaci\u00f3n org\u00e1nica. Al influir en los resultados de las encuestas, puedes posicionar mejor tus iniciativas y puntos de vista, logrando un mayor impacto en tu audiencia e impulsando tus objetivos estrat\u00e9gicos.  <\/p>\n<\/div><\/div>\n\n<div data-schema-only=\"false\" class=\"wp-block-aioseo-faq\"><h3 class=\"aioseo-faq-block-question\">Em quanto tempo verei resultados?<\/h3><div class=\"aioseo-faq-block-answer\">\n<p>Ver\u00e1s los resultados casi inmediatamente despu\u00e9s de que se haya procesado tu pedido, normalmente en unas pocas horas.<\/p>\n<\/div><\/div>\n\n<div data-schema-only=\"false\" class=\"wp-block-aioseo-faq\"><h3 class=\"aioseo-faq-block-question\">A compra de votos de pesquisa \u00e9 uma pr\u00e1tica comum?<\/h3><div class=\"aioseo-faq-block-answer\">\n<p>S\u00ed, comprar votos en las encuestas es una pr\u00e1ctica habitual en X y otras plataformas de medios sociales. Muchos usuarios, principalmente vendedores, figuras p\u00fablicas y empresas, practican esta actividad para aumentar la popularidad y el compromiso percibidos de sus encuestas. Esta t\u00e1ctica se utiliza a menudo para influir en la opini\u00f3n p\u00fablica, dar forma a las estrategias de marketing o recabar un apoyo m\u00e1s visible para una idea o campa\u00f1a.  <\/p>\n<\/div><\/div>\n\n<div data-schema-only=\"false\" class=\"wp-block-aioseo-faq\"><h3 class=\"aioseo-faq-block-question\">Quantos votos de pesquisa no X devo comprar?<\/h3><div class=\"aioseo-faq-block-answer\">\n<p>El n\u00famero de votos de b\u00fasqueda X que debes comprar debe corresponder a tus objetivos. Para aumentar la exposici\u00f3n o competir eficazmente, considera una compra mayor. Si est\u00e1s probando el impacto de la visibilidad en el compromiso, empieza con un lote m\u00e1s peque\u00f1o y aj\u00fastalo en funci\u00f3n de los resultados.  <\/p>\n<\/div><\/div>\n\n<div data-schema-only=\"false\" class=\"wp-block-aioseo-faq\"><h3 class=\"aioseo-faq-block-question\">Esses s\u00e3o votos de pesquisa reais no X?<\/h3><div class=\"aioseo-faq-block-answer\">\n<p>S\u00ed, se trata de votos de investigaci\u00f3n reales sobre la X de cuentas activas y aut\u00e9nticas.<\/p>\n<\/div><\/div>\n\n<div data-schema-only=\"false\" class=\"wp-block-aioseo-faq\"><h3 class=\"aioseo-faq-block-question\">Um alto n\u00famero de votos de pesquisa pode levar a um aumento no engajamento org\u00e2nico?<\/h3><div class=\"aioseo-faq-block-answer\">\n<p>S\u00ed, un elevado n\u00famero de votos en las encuestas puede impulsar el compromiso org\u00e1nico. Las encuestas activas atraen a m\u00e1s espectadores, fomentando una mayor interacci\u00f3n y compromiso con tu contenido en toda la plataforma. <\/p>\n<\/div><\/div>\n\n<div data-schema-only=\"false\" class=\"wp-block-aioseo-faq\"><h3 class=\"aioseo-faq-block-question\">O que fazer se meu pedido n\u00e3o for entregue?<\/h3><div class=\"aioseo-faq-block-answer\">\n<p>Si tu pedido no se entrega, comprueba la confirmaci\u00f3n del pedido y los detalles del pago para asegurarte de que todo es correcto. A continuaci\u00f3n, ponte en contacto con el servicio de atenci\u00f3n al cliente con la informaci\u00f3n de tu pedido para resolver el problema. Deber\u00edan poder ayudarte y ofrecerte una soluci\u00f3n.  <\/p>\n<\/div><\/div>\n\n<div data-schema-only=\"false\" class=\"wp-block-aioseo-faq\"><h3 class=\"aioseo-faq-block-question\">Quais m\u00e9todos de pagamento voc\u00eas oferecem?<\/h3><div class=\"aioseo-faq-block-answer\">\n<p>Ofrecemos diversos m\u00e9todos de pago, como tarjetas de cr\u00e9dito, PayPal y, en algunos casos, criptomonedas. Esta variedad te permite elegir la opci\u00f3n m\u00e1s conveniente para tus transacciones. <\/p>\n<\/div><\/div>\n","protected":false},"excerpt":{"rendered":"<p>\u2705 100% de votos X reales en las encuestas <br \/>\u2b06\ufe0f Mayor compromiso <br \/>\ud83c\udfc6 Impacto en los resultados de las encuestas <br \/>\ud83d\udee1\ufe0f Compra sin riesgo<\/p>\n<p><strong>Este producto garantiza que tu encuesta reciba una participaci\u00f3n aut\u00e9ntica e influye eficazmente en los resultados. \ud83d\udcaa<\/strong><\/p>\n","protected":false},"featured_media":7406,"comment_status":"open","ping_status":"closed","template":"","meta":[],"product_brand":[],"product_cat":[110],"product_tag":[],"class_list":{"0":"post-13953","1":"product","2":"type-product","3":"status-publish","4":"has-post-thumbnail","6":"product_cat-x-es","8":"first","9":"instock","10":"shipping-taxable","11":"purchasable","12":"product-type-variable"},"aioseo_notices":[],"_links":{"self":[{"href":"https:\/\/comprarseguidores.io\/es\/wp-json\/wp\/v2\/product\/13953","targetHints":{"allow":["GET"]}}],"collection":[{"href":"https:\/\/comprarseguidores.io\/es\/wp-json\/wp\/v2\/product"}],"about":[{"href":"https:\/\/comprarseguidores.io\/es\/wp-json\/wp\/v2\/types\/product"}],"replies":[{"embeddable":true,"href":"https:\/\/comprarseguidores.io\/es\/wp-json\/wp\/v2\/comments?post=13953"}],"version-history":[{"count":1,"href":"https:\/\/comprarseguidores.io\/es\/wp-json\/wp\/v2\/product\/13953\/revisions"}],"predecessor-version":[{"id":13972,"href":"https:\/\/comprarseguidores.io\/es\/wp-json\/wp\/v2\/product\/13953\/revisions\/13972"}],"wp:featuredmedia":[{"embeddable":true,"href":"https:\/\/comprarseguidores.io\/es\/wp-json\/wp\/v2\/media\/7406"}],"wp:attachment":[{"href":"https:\/\/comprarseguidores.io\/es\/wp-json\/wp\/v2\/media?parent=13953"}],"wp:term":[{"taxonomy":"product_brand","embeddable":true,"href":"https:\/\/comprarseguidores.io\/es\/wp-json\/wp\/v2\/product_brand?post=13953"},{"taxonomy":"product_cat","embeddable":true,"href":"https:\/\/comprarseguidores.io\/es\/wp-json\/wp\/v2\/product_cat?post=13953"},{"taxonomy":"product_tag","embeddable":true,"href":"https:\/\/comprarseguidores.io\/es\/wp-json\/wp\/v2\/product_tag?post=13953"}],"curies":[{"name":"wp","href":"https:\/\/api.w.org\/{rel}","templated":true}]}}