{"id":13963,"date":"2025-03-29T07:27:49","date_gmt":"2025-03-29T07:27:49","guid":{"rendered":"https:\/\/comprarseguidores.io\/product\/hilos-de-compra-reactivos-2\/"},"modified":"2025-04-06T18:24:38","modified_gmt":"2025-04-06T18:24:38","slug":"hilos-de-compra-reactivos-2","status":"publish","type":"product","link":"https:\/\/comprarseguidores.io\/es\/product\/hilos-de-compra-reactivos-2\/","title":{"rendered":"Hilos de Compra Reactivos"},"content":{"rendered":"\n<p>Los Rehares en los Hilos son una forma incre\u00edble de aumentar la visibilidad de tus Hilos en Instagram. Al volver a compartir, tus publicaciones son compartidas por otros usuarios, llegando as\u00ed a un p\u00fablico m\u00e1s amplio. Imagina que tus Temas se extienden como la p\u00f3lvora, ganando m\u00e1s Me gusta, comentarios e interacciones. Esa es la magia de los Hilos compartidos.   <\/p>\n\n<p>Con s\u00f3lo unos clics, puedes aprovechar la magia de nuestros reenv\u00edos y conseguir que tus publicaciones aparezcan en los feeds de otros usuarios. Tanto si eres un aspirante a influencer como un creador de contenidos establecido, los Reencuadres en Hilos dan a tu perfil ese impulso crucial. Compartir es cuidar, y con nuestros reenv\u00edos, \u00a1cuidar tus Temas te dar\u00e1 grandes resultados!  <\/p>\n\n<p>Ampl\u00eda tu alcance y llega a un p\u00fablico m\u00e1s amplio en Instagram. \u00a1Consigue ahora el poderoso impacto de nuestros Reshares en Hilos y experimenta la magia de un perfil de \u00e9xito en las redes sociales! <\/p>\n\n<p>\ud83d\udd04 Aumenta la visibilidad de tus Hilos &#8211; \u00a1Compra ahora Reencuentros en Hilos!<\/p>\n\n<p>\ud83d\ude80 \u00a1Llega a un p\u00fablico m\u00e1s amplio y conquista el mundo de Instagram!<\/p>\n\n<p>\ud83c\udf1f \u00a1Da m\u00e1s alcance a tus posts y deja que se hagan virales!<\/p>\n\n<p>\ud83d\udcc8 \u00a1Aumenta la interacci\u00f3n en tu perfil y gana nuevos fans!<\/p>\n\n<p>\u00bfSue\u00f1as con que tus Temas sean descubiertos y compartidos por una amplia comunidad? \u00bfQuieres llegar a un p\u00fablico m\u00e1s amplio y llevar la interacci\u00f3n en tu perfil a un nuevo nivel? \u00a1Entonces nuestros Hilos Compartidos son perfectos para ti! Con nuestros Reencuadres de alta calidad, el alcance de tus publicaciones aumentar\u00e1 r\u00e1pidamente, y ver\u00e1s c\u00f3mo tus Temas se difunden cada vez m\u00e1s. Eso significa m\u00e1s Me gusta, m\u00e1s comentarios y m\u00e1s fans entusiasmados con tu contenido. Utiliza la magia de nuestros Hilos Compartidos para convertir tu perfil de Instagram en un aut\u00e9ntico \u00e9xito. G\u00e1nate el coraz\u00f3n de tus seguidores y consigue nuevos fans aprovechando el poder de nuestros reshares. \u00a1Aumenta tu presencia en Instagram y experimenta la magia de un perfil de \u00e9xito en las redes sociales! \ud83d\ude80<\/p>\n\n<p><strong>Aumentar la visibilidad y el compromiso de tu perfil en Hilos puede lograrse equilibrando el n\u00famero de publicaciones, seguidores, me gusta, reenv\u00edos y comentarios.<\/strong><\/p>\n\n<h2 class=\"wp-block-heading\">As\u00ed de sencillo: \u00a1compra Threads Reshares y despega!<\/h2>\n\n<p>Paso 1: Elige el n\u00famero de reenv\u00edos<br\/>\ud83d\udc49 Decide cu\u00e1ntos reenv\u00edos quieres para tus Temas. Ofrecemos varios paquetes para que puedas elegir el n\u00famero exacto que se adapte a tu perfil.<br\/>Paso 2: A\u00f1ade la URL de tu publicaci\u00f3n<br\/>\ud83d\udc49 Facil\u00edtanos el enlace de la publicaci\u00f3n que deseas compartir. Nuestros reshares de alta calidad revitalizar\u00e1n tu perfil en un abrir y cerrar de ojos!<br\/>Paso 3: Paga y disfruta<br\/>\ud83d\udc49 Paga de forma f\u00e1cil y segura con nuestros distintos m\u00e9todos de pago. En cuanto se confirme tu pedido, \u00a1comienza la magia! Tus Hilos ser\u00e1n compartidos por una amplia comunidad y llegar\u00e1n a un p\u00fablico mayor.<br\/>Paso 4: Experimenta la magia de nuestros Reencuentros en Hilos<br\/>\ud83d\udc49 Rel\u00e1jate y observa c\u00f3mo tus publicaciones se vuelven virales y la interacci\u00f3n en tu perfil se dispara. \u00a1La magia de nuestros reshares te sorprender\u00e1!     <\/p>\n\n<h2 class=\"wp-block-heading\">\ud83d\ude80 C\u00f3mo utilizar los Hilos Compartidos para obtener el m\u00e1ximo \u00e9xito:<\/h2>\n\n<p><strong>1: Elige el n\u00famero adecuado de participaciones<br\/><\/strong>\ud83d\udc49 Decide el n\u00famero de participaciones que se adapte a tus objetivos y necesidades. Tanto si eres principiante como si ya tienes seguidores fieles, \u00a1tenemos el paquete adecuado para ti! <\/p>\n\n<p><strong>2: Enlace a la publicaci\u00f3n que quieres compartir<br\/><\/strong>\ud83d\udc49 S\u00f3lo tienes que proporcionarnos el enlace a la publicaci\u00f3n que quieres compartir en Threads. Nuestros expertos se asegurar\u00e1n de que tu publicaci\u00f3n sea compartida por la comunidad. <\/p>\n\n<p><strong>3: Rel\u00e1jate y observa c\u00f3mo se produce la magia<br\/><\/strong>\ud83d\udc49 Una vez que hayas adquirido los Reencuentros en Temas, los reencuentros de otros usuarios inundar\u00e1n tu perfil como una ola de entusiasmo. Observa c\u00f3mo se expande tu alcance y aumentan las interacciones. <\/p>\n\n<p><strong>4: Aprovecha el poder de las combinaciones<br\/><\/strong>\ud83d\udc49 Los reshares por s\u00ed solos pueden ser muy eficaces, pero comb\u00ednalos con otros productos, como la compra de seguidores, likes y comentarios, para volverte viral en Threads de forma a\u00fan m\u00e1s r\u00e1pida y eficaz. Un perfil bien mantenido con interacciones positivas atraer\u00e1 la atenci\u00f3n de nuevos seguidores y llevar\u00e1 tu \u00e9xito en las redes sociales a un nuevo nivel. <\/p>\n\n<p><strong>5: Experimenta la magia de un perfil de \u00e9xito<br\/><\/strong>\ud83d\udc49 Te sorprender\u00e1 lo r\u00e1pido que puede evolucionar tu perfil de Instagram cuando aproveches todo el poder de nuestros Reencuadres en Temas y otros productos. Prep\u00e1rate para ganar seguidores que compartan tus publicaciones y ampliar tu comunidad. <\/p>\n\n<p>Con nuestros Reshares en Threads, te convertir\u00e1s en un influencer que entusiasma a las masas. Aprovecha el poder combinado de nuestros reshares y comb\u00ednalos con otros productos para aprovechar al m\u00e1ximo el potencial de tu perfil de Instagram. Experimenta la magia de un perfil de \u00e9xito en las redes sociales y forma parte de la vibrante comunidad Threads. \ud83c\udf1f<\/p>\n\n<figure class=\"wp-block-image size-full\"><img fetchpriority=\"high\" decoding=\"async\" width=\"800\" height=\"600\" src=\"https:\/\/comprarseguidores.io\/wp-content\/uploads\/2024\/06\/Comprar-Threads-Reshares.png\" alt=\"Hilos de Compra Reactivos\" class=\"wp-image-8597\" srcset=\"https:\/\/comprarseguidores.io\/wp-content\/uploads\/2024\/06\/Comprar-Threads-Reshares.png 800w, https:\/\/comprarseguidores.io\/wp-content\/uploads\/2024\/06\/Comprar-Threads-Reshares-300x225.png 300w, https:\/\/comprarseguidores.io\/wp-content\/uploads\/2024\/06\/Comprar-Threads-Reshares-768x576.png 768w, https:\/\/comprarseguidores.io\/wp-content\/uploads\/2024\/06\/Comprar-Threads-Reshares-441x331.png 441w, https:\/\/comprarseguidores.io\/wp-content\/uploads\/2024\/06\/Comprar-Threads-Reshares-150x113.png 150w\" sizes=\"(max-width: 800px) 100vw, 800px\" \/><\/figure>\n\n<h2 class=\"wp-block-heading\">\u00bfPuedes volver a publicar Instagram en Threads?<\/h2>\n\n<p>Hasta la fecha, Threads e Instagram funcionan como plataformas separadas bajo el paraguas de la misma empresa, y no existe una funci\u00f3n directa para volver a publicar contenido de Instagram a Threads autom\u00e1ticamente. Sin embargo, puedes compartir contenido manualmente en ambas plataformas descargando o guardando tu contenido de Instagram y subi\u00e9ndolo despu\u00e9s a Threads. Este enfoque te permite mantener una presencia en ambas plataformas al tiempo que adaptas tu contenido a la audiencia y caracter\u00edsticas \u00fanicas de cada plataforma.  <\/p>\n\n<h2 class=\"wp-block-heading\">\u00bfC\u00f3mo funciona el reenv\u00edo en Temas?<\/h2>\n\n<p><span style=\"font-size: revert; color: initial;\">En los Temas, la funci\u00f3n de reenviar te permite compartir publicaciones de otros dentro de tu propio feed. Cuando encuentres un hilo que te interese o que creas que tus seguidores encontrar\u00e1n interesante, puedes utilizar la opci\u00f3n \"Volver a publicar\". As\u00ed compartes la publicaci\u00f3n original en tu perfil, ampliando su alcance y participaci\u00f3n. Es una forma estupenda de interactuar y destacar el contenido de otros usuarios, al tiempo que a\u00f1ades valor a los feeds de tus seguidores.   <\/span><\/p>\n\n<h2 class=\"wp-block-heading\">\u00bfSe han suprimido los hilos de Instagram?<\/h2>\n\n<p>S\u00ed, Instagram Threads ha dejado de funcionar. Lanzada originalmente como una aplicaci\u00f3n independiente dise\u00f1ada para la mensajer\u00eda entre amigos cercanos, Threads fue cerrada oficialmente por Meta (antes Facebook) en diciembre de 2021 debido a la escasa participaci\u00f3n de los usuarios y al solapamiento con otras funciones de Instagram. <\/p>\n\n<h2 class=\"wp-block-heading\">\u00bfPuedes ver qui\u00e9n ve tus hilos?<\/h2>\n\n<p>No, Threads no proporciona una funci\u00f3n que te permita ver qui\u00e9n ve tus mensajes. La plataforma se centra en la privacidad y no rastrea ni muestra informaci\u00f3n espec\u00edfica sobre los espectadores de los hilos o las publicaciones individuales. Esto garantiza un nivel de privacidad para los usuarios que interact\u00faan o navegan por los contenidos de Threads.  <\/p>\n\n<h2 class=\"wp-block-heading\">\u00bfPuede la gente ver tus reposts en Threads?<\/h2>\n\n<p>S\u00ed, cuando vuelves a publicar algo en Hilos, otras personas pueden ver esas reposiciones. Esta funci\u00f3n te permite compartir publicaciones interesantes de otras personas con tus seguidores, aumentando as\u00ed el alcance y la visibilidad de la publicaci\u00f3n original en la plataforma. Tus reposts aparecen en tu perfil y en los feeds de tus seguidores, de forma similar a como funcionan los retweets en Twitter.  <\/p>\n\n<h2 class=\"wp-block-heading\">\u00bfQui\u00e9n puede ver tus reposts en Temas?<\/h2>\n\n<p>En Hilos, tus reposts pueden ser vistos por tus seguidores, de forma similar a como se ven tus posts originales. Si tu cuenta es p\u00fablica, cualquiera puede ver tus reposts. Si tu cuenta es privada, s\u00f3lo tus seguidores aprobados podr\u00e1n verlos. Esta visibilidad permite a tus seguidores interactuar con el contenido que compartes, fomentando a\u00fan m\u00e1s la interacci\u00f3n dentro de tu red.   <\/p>\n\n<h2 class=\"wp-block-heading\">\u00bfC\u00f3mo funcionan los hilos de Instagram?<\/h2>\n\n<p>Hilos es una aplicaci\u00f3n desarrollada por Instagram que permite a los usuarios participar en conversaciones p\u00fablicas. En esta aplicaci\u00f3n, puedes crear tus propios hilos, responder a otros y seguir perfiles que te interesen. El contenido que puedes publicar incluye texto, enlaces, fotos, v\u00eddeos o cualquier combinaci\u00f3n de \u00e9stos, proporcionando una plataforma flexible y din\u00e1mica para compartir e interactuar.  <\/p>\n\n<h2 class=\"wp-block-heading\">\u00bfCu\u00e1l es la diferencia entre citar y reenviar en los Temas?<\/h2>\n\n<p>En los Temas, la diferencia entre una cita y un reenv\u00edo es c\u00f3mo se comparte y atribuye el contenido. Un \"reenv\u00edo\" te permite compartir directamente el hilo de otra persona en tu perfil sin modificarlo, manteniendo el contenido original y la atribuci\u00f3n al creador. Una \"cita\", por otra parte, te permite a\u00f1adir tu propio comentario o respuesta por encima del hilo original, proporcionando contexto o tu perspectiva mientras mantienes visible el contenido original. Esta funci\u00f3n mejora el debate y a\u00f1ade profundidad al contenido compartido.   <\/p>\n\n<h2 class=\"wp-block-heading\">\u00bfFuncionan los hashtags en Threads?<\/h2>\n\n<p>S\u00ed, los hashtags funcionan en Threads. Funcionan de forma similar a otras plataformas de redes sociales, categorizando el contenido y ayudando a los usuarios a descubrir publicaciones relacionadas con temas o intereses espec\u00edficos. El uso de hashtags puede aumentar la visibilidad de tus Temas, haci\u00e9ndolos m\u00e1s accesibles a los usuarios que buscan contenido relacionado. Esta funci\u00f3n facilita la participaci\u00f3n y ampl\u00eda el alcance de tus publicaciones dentro de la <a href=\"https:\/\/medium.com\/@chisomokeke753\/how-to-use-threads-to-grow-your-community-today-6616d1d4f18d\">comunidad de Threads<\/a>.   <\/p>\n\n<h1 class=\"wp-block-heading\">PREGUNTAS FRECUENTES<\/h1>\n\n<div data-schema-only=\"false\" class=\"wp-block-aioseo-faq\"><h3 class=\"aioseo-faq-block-question\">\u00c9 poss\u00edvel enfrentar uma proibi\u00e7\u00e3o por comprar reshares?<\/h3><div class=\"aioseo-faq-block-answer\">\n<p>Comprar participaciones en sitios de confianza que sigan las directrices de Threads puede ser una pr\u00e1ctica segura. Estos servicios respetan las normas de la plataforma, garantizando que todas las participaciones son leg\u00edtimas, lo que minimiza el riesgo de que tu cuenta sufra alg\u00fan bloqueo. <\/p>\n<\/div><\/div>\n\n<div data-schema-only=\"false\" class=\"wp-block-aioseo-faq\"><h3 class=\"aioseo-faq-block-question\">Quanto tempo at\u00e9 ver resultados?<\/h3><div class=\"aioseo-faq-block-answer\">\n<p>Ver\u00e1s los resultados casi inmediatamente despu\u00e9s de que se haya procesado tu pedido, normalmente en unas pocas horas.<\/p>\n<\/div><\/div>\n\n<div data-schema-only=\"false\" class=\"wp-block-aioseo-faq\"><h3 class=\"aioseo-faq-block-question\">Esses s\u00e3o reshares reais do Threads?<\/h3><div class=\"aioseo-faq-block-answer\">\n<p>S\u00ed, se trata de acciones de Threads reales de cuentas aut\u00e9nticas y activas.<\/p>\n<\/div><\/div>\n\n<div data-schema-only=\"false\" class=\"wp-block-aioseo-faq\"><h3 class=\"aioseo-faq-block-question\">Os reshares do Threads permanecer\u00e3o para sempre no meu perfil?<\/h3><div class=\"aioseo-faq-block-answer\">\n<p>S\u00ed, los reencuadres comprados para Temas est\u00e1n pensados para permanecer en tu perfil de forma permanente, aumentando la visibilidad y el compromiso a largo plazo de tus publicaciones.<\/p>\n<\/div><\/div>\n\n<div data-schema-only=\"false\" class=\"wp-block-aioseo-faq\"><h3 class=\"aioseo-faq-block-question\">Quantos reshares do Threads devo comprar?<\/h3><div class=\"aioseo-faq-block-answer\">\n<p>Empieza comprando una peque\u00f1a cantidad de reshares en Threads para evaluar inicialmente su impacto en tu engagement. En funci\u00f3n de los resultados, ajusta la cantidad de reenv\u00edos seg\u00fan tus m\u00e9tricas de participaci\u00f3n, objetivos y presupuesto. Esta estrategia te permite optimizar tu enfoque de forma eficaz.  <\/p>\n<\/div><\/div>\n\n<div data-schema-only=\"false\" class=\"wp-block-aioseo-faq\"><h3 class=\"aioseo-faq-block-question\">Quais benef\u00edcios posso esperar ao comprar reshares para minha conta?<\/h3><div class=\"aioseo-faq-block-answer\">\n<p>Comprar participaciones para tu cuenta puede aumentar la visibilidad, atraer m\u00e1s participaci\u00f3n org\u00e1nica y aumentar la credibilidad percibida de tu contenido. Esta mayor exposici\u00f3n puede dar lugar a m\u00e1s interacciones y oportunidades de crecimiento adicionales en la plataforma. <\/p>\n<\/div><\/div>\n\n<div data-schema-only=\"false\" class=\"wp-block-aioseo-faq\"><h3 class=\"aioseo-faq-block-question\">O que fazer se meu pedido n\u00e3o for entregue?<\/h3><div class=\"aioseo-faq-block-answer\">\n<p>Si tu pedido no se entrega, comprueba la confirmaci\u00f3n del pedido y los detalles del pago para asegurarte de que todo es correcto. A continuaci\u00f3n, ponte en contacto con el servicio de atenci\u00f3n al cliente con la informaci\u00f3n de tu pedido para resolver el problema. Deber\u00edan poder ayudarte y ofrecerte una soluci\u00f3n.  <\/p>\n<\/div><\/div>\n\n<div data-schema-only=\"false\" class=\"wp-block-aioseo-faq\"><h3 class=\"aioseo-faq-block-question\">Quais m\u00e9todos de pagamento voc\u00ea oferece?<\/h3><div class=\"aioseo-faq-block-answer\">\n<p>Ofrecemos diversos m\u00e9todos de pago, como tarjetas de cr\u00e9dito, PayPal y, en algunos casos, criptomonedas. Esta variedad te permite elegir la opci\u00f3n m\u00e1s conveniente para tus transacciones. <\/p>\n<\/div><\/div>\n\n<div data-schema-only=\"false\" class=\"wp-block-aioseo-faq\"><h3 class=\"aioseo-faq-block-question\">Por que voc\u00ea deve comprar reshares do Threads?<\/h3><div class=\"aioseo-faq-block-answer\">\n<p>Comprar participaciones en Hilos puede aumentar significativamente la visibilidad de tu contenido, mejorar tu credibilidad percibida y fomentar un mayor compromiso org\u00e1nico, haciendo que tus publicaciones sean m\u00e1s atractivas y populares.<\/p>\n<\/div><\/div>\n\n<div data-schema-only=\"false\" class=\"wp-block-aioseo-faq\"><h3 class=\"aioseo-faq-block-question\">Um alto n\u00famero de reshares no meu perfil pode levar a um aumento no engajamento org\u00e2nico?<\/h3><div class=\"aioseo-faq-block-answer\">\n<p>S\u00ed, tener un elevado n\u00famero de compartidos en tu perfil de Threads puede aumentar significativamente la participaci\u00f3n org\u00e1nica. Las plataformas tienden a favorecer el contenido con un alto nivel de participaci\u00f3n, lo que puede dar lugar a una mayor visibilidad y a m\u00e1s interacciones org\u00e1nicas por parte de los espectadores. Esta mayor exposici\u00f3n ayuda a atraer a un p\u00fablico m\u00e1s amplio a tu contenido.  <\/p>\n<\/div><\/div>\n","protected":false},"excerpt":{"rendered":"<p>\ud83d\ude80 Repeticiones en hilos &#8211; \u00a1Maximiza el alcance en hilos!<br \/>\u2728 Aumenta las interacciones y la visibilidad<br \/>\u2728 Consigue nuevos seguidores y fans<br \/>\u2728 Potencial viral para tu perfil<br \/>\u2728 Comb\u00ednalo con otros productos para obtener el m\u00e1ximo impacto<br \/>\u2728 F\u00e1cil y r\u00e1pido de comprar<br \/>\u2728 \u00a1\u00c9xito garantizado!<\/p>\n<p>\ud83c\udf1f #ComprarHilosCompartidos #ComprarSeguidores #\u00c9xitoEnRedSocial<\/p>\n","protected":false},"featured_media":7274,"comment_status":"open","ping_status":"closed","template":"","meta":[],"product_brand":[],"product_cat":[126],"product_tag":[],"class_list":{"0":"post-13963","1":"product","2":"type-product","3":"status-publish","4":"has-post-thumbnail","6":"product_cat-hilos","8":"first","9":"instock","10":"shipping-taxable","11":"purchasable","12":"product-type-variable"},"aioseo_notices":[],"_links":{"self":[{"href":"https:\/\/comprarseguidores.io\/es\/wp-json\/wp\/v2\/product\/13963","targetHints":{"allow":["GET"]}}],"collection":[{"href":"https:\/\/comprarseguidores.io\/es\/wp-json\/wp\/v2\/product"}],"about":[{"href":"https:\/\/comprarseguidores.io\/es\/wp-json\/wp\/v2\/types\/product"}],"replies":[{"embeddable":true,"href":"https:\/\/comprarseguidores.io\/es\/wp-json\/wp\/v2\/comments?post=13963"}],"version-history":[{"count":1,"href":"https:\/\/comprarseguidores.io\/es\/wp-json\/wp\/v2\/product\/13963\/revisions"}],"predecessor-version":[{"id":13973,"href":"https:\/\/comprarseguidores.io\/es\/wp-json\/wp\/v2\/product\/13963\/revisions\/13973"}],"wp:featuredmedia":[{"embeddable":true,"href":"https:\/\/comprarseguidores.io\/es\/wp-json\/wp\/v2\/media\/7274"}],"wp:attachment":[{"href":"https:\/\/comprarseguidores.io\/es\/wp-json\/wp\/v2\/media?parent=13963"}],"wp:term":[{"taxonomy":"product_brand","embeddable":true,"href":"https:\/\/comprarseguidores.io\/es\/wp-json\/wp\/v2\/product_brand?post=13963"},{"taxonomy":"product_cat","embeddable":true,"href":"https:\/\/comprarseguidores.io\/es\/wp-json\/wp\/v2\/product_cat?post=13963"},{"taxonomy":"product_tag","embeddable":true,"href":"https:\/\/comprarseguidores.io\/es\/wp-json\/wp\/v2\/product_tag?post=13963"}],"curies":[{"name":"wp","href":"https:\/\/api.w.org\/{rel}","templated":true}]}}